{"id":9258,"date":"2023-12-13T11:33:15","date_gmt":"2023-12-13T11:33:15","guid":{"rendered":"https:\/\/kicevo.gov.mk\/?page_id=9258"},"modified":"2025-12-02T11:38:32","modified_gmt":"2025-12-02T11:38:32","slug":"aktivnosti","status":"publish","type":"page","link":"https:\/\/kicevo.gov.mk\/sq\/aktivnosti\/","title":{"rendered":"Aktivitetet \u2013 NJTKZ K\u00ebr\u00e7ov\u00eb"},"content":{"rendered":"\n<p>Komuna e K\u00ebr\u00e7ov\u00ebs dhe Komuna e Makedonski Brodit marrin pjes\u00eb n\u00eb BN (bashk\u00ebpunim nd\u00ebrkomunal) n\u00eb fush\u00ebn e parandalimit dhe mbrojtjes nga krizat, p\u00ebrmes NJTKZ &nbsp;p\u00ebr mbrojtje nga zjarri, sipas nevojave t\u00eb paraqitura dhe mund\u00ebsive q\u00eb ofron programi i UNDP-s\u00eb. &#8211; Komunat pas Covid &#8211; si shtyt\u00ebs t\u00eb zhvillimit t\u00eb q\u00ebndruesh\u00ebm.<br>Titulli i ri &#8211; Bashk\u00ebpunimi nd\u00ebrkomunal p\u00ebr parandalimin dhe mbrojtjen nga krizat, \u00ebsht\u00eb miratuar si n\u00eb faz\u00ebn e zbatimit ashtu edhe n\u00eb aspekt t\u00eb furnizimit t\u00eb nevojave t\u00eb nj\u00ebsive t\u00eb NJTKZ, si dhe n\u00eb drejtim t\u00eb krijimit formal dhe procedural t\u00eb BN.<\/p>\n\n\n\n<p>Q\u00ebllimi i projektit \u00ebsht\u00eb p\u00ebrmir\u00ebsimi i kapaciteteve t\u00eb NJTKZ n\u00eb trajtimin e shfaqjeve t\u00eb zjarreve dhe p\u00ebrballimin e tyre, si dhe p\u00ebrmir\u00ebsimi i komunikimit, njoftimit t\u00eb shpejt\u00eb dhe efikasitetit t\u00eb pun\u00ebs n\u00ebp\u00ebrmjet veprimit t\u00eb p\u00ebrbashk\u00ebt n\u00eb kuad\u00ebr t\u00eb nj\u00eb partneriteti t\u00eb krijuar formalisht.<br>P\u00ebrfitues t\u00eb drejtp\u00ebrdrejt\u00eb t\u00eb k\u00ebtij projekti do t\u00eb jen\u00eb NJTKZ e partner\u00ebve komunal\u00eb n\u00eb k\u00ebt\u00eb projekt, si dhe komuna e Plasnic\u00ebs, zona e s\u00eb cil\u00ebs mbulohet nga NJTKZ &#8211; Makedonski Brod.<\/p>\n\n\n\n<p>N\u00eb kuad\u00ebr t\u00eb projektit jan\u00eb parashikuar k\u00ebto aktivitete:<\/p>\n\n\n\n<ul class=\"wp-block-list\">\n<li>Vendosja e bashk\u00ebpunimit nd\u00ebrkomunal<\/li>\n\n\n\n<li>Furnizimi i pajisjeve teknike<\/li>\n\n\n\n<li>Prezantimi i nj\u00eb mjeti IT p\u00ebr komunikim dhe raportim<\/li>\n\n\n\n<li>Realizimi i nj\u00eb fushate p\u00ebr shikueshm\u00ebrin\u00eb e mjetit IT<\/li>\n\n\n\n<li>Hartimi i nj\u00eb plani dhe protokolli p\u00ebr reagim t\u00eb shpejt\u00eb<\/li>\n<\/ul>\n\n\n\n<p>Implementimi i Projektit p\u00ebrfundon n\u00eb Dhjetor 2023 nd\u00ebrsa bashk\u00ebpunimi do t\u00eb vazhdoj\u00eb sipas BN &nbsp;t\u00eb vendosur edhe n\u00eb vitet e ardhshme me shpres\u00ebn se do t\u00eb parandaloj\u00eb dhe mbroj\u00eb nga shfaqjet e pad\u00ebshiruara t\u00eb zjarreve dhe llojeve t\u00eb tjera t\u00eb aksidenteve.<\/p>\n\n\n\n<div class=\"wp-block-file\"><a id=\"wp-block-file--media-15f3ebb8-276b-4683-be1b-5ad656fd064f\" href=\"https:\/\/kicevo.gov.mk\/wp-content\/uploads\/2023\/12\/proekt-undp.pdf\" target=\"_blank\" rel=\"noreferrer noopener\">Projekti<\/a><a href=\"https:\/\/kicevo.gov.mk\/wp-content\/uploads\/2023\/12\/proekt-undp.pdf\" class=\"wp-block-file__button wp-element-button\" download aria-describedby=\"wp-block-file--media-15f3ebb8-276b-4683-be1b-5ad656fd064f\">Shkarko<\/a><\/div>\n\n\n\n<p><\/p>\n","protected":false},"excerpt":{"rendered":"<p>Komuna e K\u00ebr\u00e7ov\u00ebs dhe Komuna e Makedonski Brodit marrin pjes\u00eb n\u00eb BN (bashk\u00ebpunim nd\u00ebrkomunal) n\u00eb fush\u00ebn e parandalimit dhe mbrojtjes nga krizat, p\u00ebrmes NJTKZ &nbsp;p\u00ebr mbrojtje nga zjarri, sipas nevojave t\u00eb paraqitura dhe mund\u00ebsive q\u00eb ofron programi i UNDP-s\u00eb. &#8211; Komunat pas Covid &#8211; si shtyt\u00ebs t\u00eb zhvillimit t\u00eb q\u00ebndruesh\u00ebm.Titulli i ri &#8211; Bashk\u00ebpunimi nd\u00ebrkomunal [&hellip;]<\/p>\n","protected":false},"author":3,"featured_media":0,"parent":0,"menu_order":0,"comment_status":"closed","ping_status":"closed","template":"page-templates\/sidebar-right.php","meta":{"_uag_custom_page_level_css":"","_vp_format_video_url":"","_vp_image_focal_point":[],"footnotes":""},"class_list":["post-9258","page","type-page","status-publish","hentry"],"translation":{"provider":"WPGlobus","version":"3.0.2","language":"sq","enabled_languages":["mk","sq"],"languages":{"mk":{"title":true,"content":true,"excerpt":false},"sq":{"title":true,"content":true,"excerpt":false}}},"yoast_head":"<!-- This site is optimized with the Yoast SEO plugin v27.3 - https:\/\/yoast.com\/product\/yoast-seo-wordpress\/ -->\n<title>Aktivitetet \u2013 NJTKZ K\u00ebr\u00e7ov\u00eb | Komuna e K\u00ebr\u00e7ov\u00ebs<\/title>\n<meta name=\"robots\" content=\"index, follow, max-snippet:-1, max-image-preview:large, max-video-preview:-1\" \/>\n<link rel=\"canonical\" href=\"https:\/\/kicevo.gov.mk\/aktivnosti\/\" \/>\n<meta property=\"og:locale\" content=\"sq_AL\" \/>\n<meta property=\"og:type\" content=\"article\" \/>\n<meta property=\"og:title\" content=\"Aktivitetet \u2013 NJTKZ K\u00ebr\u00e7ov\u00eb | Komuna e K\u00ebr\u00e7ov\u00ebs\" \/>\n<meta property=\"og:url\" content=\"https:\/\/kicevo.gov.mk\/aktivnosti\/\" \/>\n<meta property=\"og:site_name\" content=\"Komuna e K\u00ebr\u00e7ov\u00ebs\" \/>\n<meta property=\"article:modified_time\" content=\"2025-12-02T11:38:32+00:00\" \/>\n<meta name=\"twitter:card\" content=\"summary_large_image\" \/>\n<meta name=\"twitter:label1\" content=\"Est. reading time\" \/>\n\t<meta name=\"twitter:data1\" content=\"2 minuta\" \/>\n<script type=\"application\/ld+json\" class=\"yoast-schema-graph\">{\"@context\":\"https:\\\/\\\/schema.org\",\"@graph\":[{\"@type\":\"WebPage\",\"@id\":\"https:\\\/\\\/kicevo.gov.mk\\\/aktivnosti\\\/\",\"url\":\"https:\\\/\\\/kicevo.gov.mk\\\/aktivnosti\\\/\",\"name\":\"Aktivitetet \u2013 NJTKZ K\u00ebr\u00e7ov\u00eb | Komuna e K\u00ebr\u00e7ov\u00ebs\",\"isPartOf\":{\"@id\":\"https:\\\/\\\/kicevo.gov.mk\\\/#website\"},\"datePublished\":\"2023-12-13T11:33:15+00:00\",\"dateModified\":\"2025-12-02T11:38:32+00:00\",\"breadcrumb\":{\"@id\":\"https:\\\/\\\/kicevo.gov.mk\\\/aktivnosti\\\/#breadcrumb\"},\"inLanguage\":\"sq\",\"potentialAction\":[{\"@type\":\"ReadAction\",\"target\":[\"https:\\\/\\\/kicevo.gov.mk\\\/aktivnosti\\\/\"]}]},{\"@type\":\"BreadcrumbList\",\"@id\":\"https:\\\/\\\/kicevo.gov.mk\\\/aktivnosti\\\/#breadcrumb\",\"itemListElement\":[{\"@type\":\"ListItem\",\"position\":1,\"name\":\"\u041f\u043e\u0447\u0435\u0442\u043d\u0430\",\"item\":\"https:\\\/\\\/kicevo.gov.mk\\\/\"},{\"@type\":\"ListItem\",\"position\":2,\"name\":\"\u0410\u043a\u0442\u0438\u0432\u043d\u043e\u0441\u0442\u0438 &#8211; \u0422\u041f\u041f\u0415 \u041a\u0438\u0447\u0435\u0432\u043e\"}]},{\"@type\":\"WebSite\",\"@id\":\"https:\\\/\\\/kicevo.gov.mk\\\/#website\",\"url\":\"https:\\\/\\\/kicevo.gov.mk\\\/\",\"name\":\"\u041e\u043f\u0448\u0442\u0438\u043d\u0430 \u041a\u0438\u0447\u0435\u0432\u043e\",\"description\":\"Mir\u00eb se erdh\u00ebt n\u00eb ueb faqen zyrtare t\u00eb Komun\u00ebs s\u00eb K\u00ebr\u00e7ov\u00ebs\",\"publisher\":{\"@id\":\"https:\\\/\\\/kicevo.gov.mk\\\/#organization\"},\"potentialAction\":[{\"@type\":\"SearchAction\",\"target\":{\"@type\":\"EntryPoint\",\"urlTemplate\":\"https:\\\/\\\/kicevo.gov.mk\\\/?s={search_term_string}\"},\"query-input\":{\"@type\":\"PropertyValueSpecification\",\"valueRequired\":true,\"valueName\":\"search_term_string\"}}],\"inLanguage\":\"sq\"},{\"@type\":\"Organization\",\"@id\":\"https:\\\/\\\/kicevo.gov.mk\\\/#organization\",\"name\":\"Opstina Kicevo\",\"url\":\"https:\\\/\\\/kicevo.gov.mk\\\/\",\"logo\":{\"@type\":\"ImageObject\",\"inLanguage\":\"sq\",\"@id\":\"https:\\\/\\\/kicevo.gov.mk\\\/#\\\/schema\\\/logo\\\/image\\\/\",\"url\":\"https:\\\/\\\/kicevo.gov.mk\\\/wp-content\\\/uploads\\\/2025\\\/11\\\/logo-alb.png\",\"contentUrl\":\"https:\\\/\\\/kicevo.gov.mk\\\/wp-content\\\/uploads\\\/2025\\\/11\\\/logo-alb.png\",\"width\":1200,\"height\":1592,\"caption\":\"Opstina Kicevo\"},\"image\":{\"@id\":\"https:\\\/\\\/kicevo.gov.mk\\\/#\\\/schema\\\/logo\\\/image\\\/\"}}]}<\/script>\n<!-- \/ Yoast SEO plugin. -->","yoast_head_json":{"title":"Aktivitetet \u2013 NJTKZ K\u00ebr\u00e7ov\u00eb | Komuna e K\u00ebr\u00e7ov\u00ebs","robots":{"index":"index","follow":"follow","max-snippet":"max-snippet:-1","max-image-preview":"max-image-preview:large","max-video-preview":"max-video-preview:-1"},"canonical":"https:\/\/kicevo.gov.mk\/aktivnosti\/","og_locale":"sq_AL","og_type":"article","og_title":"Aktivitetet \u2013 NJTKZ K\u00ebr\u00e7ov\u00eb | Komuna e K\u00ebr\u00e7ov\u00ebs","og_url":"https:\/\/kicevo.gov.mk\/aktivnosti\/","og_site_name":"Komuna e K\u00ebr\u00e7ov\u00ebs","article_modified_time":"2025-12-02T11:38:32+00:00","twitter_card":"summary_large_image","twitter_misc":{"Est. reading time":"2 minuta"},"schema":{"@context":"https:\/\/schema.org","@graph":[{"@type":"WebPage","@id":"https:\/\/kicevo.gov.mk\/aktivnosti\/","url":"https:\/\/kicevo.gov.mk\/aktivnosti\/","name":"Aktivitetet \u2013 NJTKZ K\u00ebr\u00e7ov\u00eb | Komuna e K\u00ebr\u00e7ov\u00ebs","isPartOf":{"@id":"https:\/\/kicevo.gov.mk\/#website"},"datePublished":"2023-12-13T11:33:15+00:00","dateModified":"2025-12-02T11:38:32+00:00","breadcrumb":{"@id":"https:\/\/kicevo.gov.mk\/aktivnosti\/#breadcrumb"},"inLanguage":"sq","potentialAction":[{"@type":"ReadAction","target":["https:\/\/kicevo.gov.mk\/aktivnosti\/"]}]},{"@type":"BreadcrumbList","@id":"https:\/\/kicevo.gov.mk\/aktivnosti\/#breadcrumb","itemListElement":[{"@type":"ListItem","position":1,"name":"\u041f\u043e\u0447\u0435\u0442\u043d\u0430","item":"https:\/\/kicevo.gov.mk\/"},{"@type":"ListItem","position":2,"name":"\u0410\u043a\u0442\u0438\u0432\u043d\u043e\u0441\u0442\u0438 &#8211; \u0422\u041f\u041f\u0415 \u041a\u0438\u0447\u0435\u0432\u043e"}]},{"@type":"WebSite","@id":"https:\/\/kicevo.gov.mk\/#website","url":"https:\/\/kicevo.gov.mk\/","name":"\u041e\u043f\u0448\u0442\u0438\u043d\u0430 \u041a\u0438\u0447\u0435\u0432\u043e","description":"Mir\u00eb se erdh\u00ebt n\u00eb ueb faqen zyrtare t\u00eb Komun\u00ebs s\u00eb K\u00ebr\u00e7ov\u00ebs","publisher":{"@id":"https:\/\/kicevo.gov.mk\/#organization"},"potentialAction":[{"@type":"SearchAction","target":{"@type":"EntryPoint","urlTemplate":"https:\/\/kicevo.gov.mk\/?s={search_term_string}"},"query-input":{"@type":"PropertyValueSpecification","valueRequired":true,"valueName":"search_term_string"}}],"inLanguage":"sq"},{"@type":"Organization","@id":"https:\/\/kicevo.gov.mk\/#organization","name":"Opstina Kicevo","url":"https:\/\/kicevo.gov.mk\/","logo":{"@type":"ImageObject","inLanguage":"sq","@id":"https:\/\/kicevo.gov.mk\/#\/schema\/logo\/image\/","url":"https:\/\/kicevo.gov.mk\/wp-content\/uploads\/2025\/11\/logo-alb.png","contentUrl":"https:\/\/kicevo.gov.mk\/wp-content\/uploads\/2025\/11\/logo-alb.png","width":1200,"height":1592,"caption":"Opstina Kicevo"},"image":{"@id":"https:\/\/kicevo.gov.mk\/#\/schema\/logo\/image\/"}}]}},"uagb_featured_image_src":{"full":false,"thumbnail":false,"medium":false,"medium_large":false,"large":false,"1536x1536":false,"2048x2048":false,"vp_sm":false,"vp_md":false,"vp_lg":false,"vp_xl":false,"vp_sm_popup":false,"vp_md_popup":false,"vp_xl_popup":false},"uagb_author_info":{"display_name":"Marina","author_link":"https:\/\/kicevo.gov.mk\/sq\/author\/adminmsb\/"},"uagb_comment_info":0,"uagb_excerpt":"Komuna e K\u00ebr\u00e7ov\u00ebs dhe Komuna e Makedonski Brodit marrin pjes\u00eb n\u00eb BN (bashk\u00ebpunim nd\u00ebrkomunal) n\u00eb fush\u00ebn e parandalimit dhe mbrojtjes nga krizat, p\u00ebrmes NJTKZ &nbsp;p\u00ebr mbrojtje nga zjarri, sipas nevojave t\u00eb paraqitura dhe mund\u00ebsive q\u00eb ofron programi i UNDP-s\u00eb. &#8211; Komunat pas Covid &#8211; si shtyt\u00ebs t\u00eb zhvillimit t\u00eb q\u00ebndruesh\u00ebm.Titulli i ri &#8211; Bashk\u00ebpunimi nd\u00ebrkomunal&hellip;","_links":{"self":[{"href":"https:\/\/kicevo.gov.mk\/sq\/wp-json\/wp\/v2\/pages\/9258","targetHints":{"allow":["GET"]}}],"collection":[{"href":"https:\/\/kicevo.gov.mk\/sq\/wp-json\/wp\/v2\/pages"}],"about":[{"href":"https:\/\/kicevo.gov.mk\/sq\/wp-json\/wp\/v2\/types\/page"}],"author":[{"embeddable":true,"href":"https:\/\/kicevo.gov.mk\/sq\/wp-json\/wp\/v2\/users\/3"}],"replies":[{"embeddable":true,"href":"https:\/\/kicevo.gov.mk\/sq\/wp-json\/wp\/v2\/comments?post=9258"}],"version-history":[{"count":5,"href":"https:\/\/kicevo.gov.mk\/sq\/wp-json\/wp\/v2\/pages\/9258\/revisions"}],"predecessor-version":[{"id":9382,"href":"https:\/\/kicevo.gov.mk\/sq\/wp-json\/wp\/v2\/pages\/9258\/revisions\/9382"}],"wp:attachment":[{"href":"https:\/\/kicevo.gov.mk\/sq\/wp-json\/wp\/v2\/media?parent=9258"}],"curies":[{"name":"wp","href":"https:\/\/api.w.org\/{rel}","templated":true}]}}