{"id":7657,"date":"2023-05-25T09:55:18","date_gmt":"2023-05-25T09:55:18","guid":{"rendered":"https:\/\/kicevo.gov.mk\/?page_id=7657"},"modified":"2026-01-09T08:41:10","modified_gmt":"2026-01-09T08:41:10","slug":"lista-na-informacii-sloboden-pristap","status":"publish","type":"page","link":"https:\/\/kicevo.gov.mk\/sq\/lista-na-informacii-sloboden-pristap\/","title":{"rendered":"List\u00eb e informatave \/ Qasje e lir\u00eb drejt informatave"},"content":{"rendered":"\n<div class=\"wp-block-pb-accordion-item c-accordion__item js-accordion-item no-js\" data-initially-open=\"false\" data-click-to-close=\"true\" data-auto-close=\"true\" data-scroll=\"false\" data-scroll-offset=\"0\"><h4 id=\"at-76570\" class=\"c-accordion__title js-accordion-controller\" role=\"button\">T\u00eb dh\u00ebna p\u00ebr kompetencat e mbajt\u00ebsit t\u00eb informacionit<\/h4><div id=\"ac-76570\" class=\"c-accordion__content\">\n<p><a href=\"https:\/\/kicevo.gov.mk\/sq\/statut-na-opstinata\/\" target=\"_blank\" rel=\"noreferrer noopener\">Statuti i Komun\u00ebs<\/a><br><a href=\"https:\/\/kicevo.gov.mk\/sq\/nadlezhnosti-na-opshtinata\/\" target=\"_blank\" rel=\"noreferrer noopener\">Kompetencat e Komun\u00ebs<\/a><br><a href=\"https:\/\/kicevo.gov.mk\/sq\/category\/sednici-na-sovet\/\" target=\"_blank\" rel=\"noreferrer noopener\">Mbledhjet e k\u00ebshillit<\/a><br><a href=\"https:\/\/kicevo.gov.mk\/sq\/category\/dneven-red-na-sednici-na-sovet\/\" target=\"_blank\" rel=\"noreferrer noopener\">Rendi i dit\u00ebs s\u00eb mbledhjeve t\u00eb k\u00ebshillit<\/a><br><a href=\"https:\/\/kicevo.gov.mk\/sq\/nadlezhnosti-na-sovet\/\" target=\"_blank\" rel=\"noreferrer noopener\">Kompetencat e K\u00ebshillit<\/a><br><a href=\"https:\/\/kicevo.gov.mk\/wp-content\/uploads\/2022\/11\/Rregullorja-e-Keshillit-te-Komunes-se-Kercoves.pdf\" target=\"_blank\" rel=\"noreferrer noopener\">Rregullorja e pun\u00ebs s\u00eb K\u00ebshillit<\/a><br><a href=\"https:\/\/kicevo.gov.mk\/sq\/clenovi-na-sovet\/\" target=\"_blank\" rel=\"noreferrer noopener\">Antar\u00ebt e K\u00ebshillit<\/a><br><a href=\"https:\/\/kicevo.gov.mk\/sq\/komisii-na-sovet\/\" target=\"_blank\" rel=\"noreferrer noopener\">Komisionet e K\u00ebshillit<\/a><\/p>\n<\/div><\/div>\n\n\n\n<div class=\"wp-block-pb-accordion-item c-accordion__item js-accordion-item no-js\" data-initially-open=\"false\" data-click-to-close=\"true\" data-auto-close=\"true\" data-scroll=\"false\" data-scroll-offset=\"0\"><h4 id=\"at-76571\" class=\"c-accordion__title js-accordion-controller\" role=\"button\">T\u00eb dh\u00ebnat baz\u00eb p\u00ebr kontakt me pronarin e informacionit<\/h4><div id=\"ac-76571\" class=\"c-accordion__content\">\n<p><a href=\"https:\/\/kicevo.gov.mk\/sq\/sektori-na-opstinata\/\" target=\"_blank\" rel=\"noreferrer noopener\">Sektor\u00ebt e Komun\u00ebs<\/a><br><a href=\"https:\/\/kicevo.gov.mk\/sq\/oddelenija-na-opshtinata\/\" target=\"_blank\" rel=\"noreferrer noopener\">Nj\u00ebsit e Komun\u00ebs<\/a><\/p>\n<\/div><\/div>\n\n\n\n<div class=\"wp-block-pb-accordion-item c-accordion__item js-accordion-item no-js\" data-initially-open=\"false\" data-click-to-close=\"true\" data-auto-close=\"true\" data-scroll=\"false\" data-scroll-offset=\"0\"><h4 id=\"at-76572\" class=\"c-accordion__title js-accordion-controller\" role=\"button\">T\u00eb dh\u00ebna p\u00ebr personin zyrtar ose p\u00ebrgjegj\u00ebs me mbajt\u00ebsin e informacionit<\/h4><div id=\"ac-76572\" class=\"c-accordion__content\">\n<p><a href=\"https:\/\/kicevo.gov.mk\/sq\/bio\/\" target=\"_blank\" rel=\"noreferrer noopener\">Kryetari &#8211; biografia<\/a><br><a href=\"https:\/\/kicevo.gov.mk\/sq\/nadlezhnosti-na-gradonachalnikot\/\" target=\"_blank\" rel=\"noreferrer noopener\">Kompetencat e Kryetarit t\u00eb Komun\u00ebs<\/a><br><a href=\"https:\/\/kicevo.gov.mk\/sq\/kontakt\/\" target=\"_blank\" rel=\"noreferrer noopener\">Kontakt<\/a><\/p>\n<\/div><\/div>\n\n\n\n<div class=\"wp-block-pb-accordion-item c-accordion__item js-accordion-item no-js\" data-initially-open=\"false\" data-click-to-close=\"true\" data-auto-close=\"true\" data-scroll=\"false\" data-scroll-offset=\"0\"><h4 id=\"at-76573\" class=\"c-accordion__title js-accordion-controller\" role=\"button\">T\u00eb dh\u00ebnat e kontaktit t\u00eb nj\u00eb zyrtari p\u00ebr nd\u00ebrmjet\u00ebsimin e informacionit t\u00eb natyr\u00ebs publike<\/h4><div id=\"ac-76573\" class=\"c-accordion__content\">\n<p><a href=\"https:\/\/kicevo.gov.mk\/sq\/pristap-do-informacii-od-javen-karakt\/\" target=\"_blank\" rel=\"noreferrer noopener\">Informata&nbsp;me&nbsp;karakter&nbsp;publik<\/a><\/p>\n<\/div><\/div>\n\n\n\n<div class=\"wp-block-pb-accordion-item c-accordion__item js-accordion-item no-js\" data-initially-open=\"false\" data-click-to-close=\"true\" data-auto-close=\"true\" data-scroll=\"false\" data-scroll-offset=\"0\"><h4 id=\"at-76574\" class=\"c-accordion__title js-accordion-controller\" role=\"button\">Detajet e kontaktit t\u00eb nj\u00eb personi t\u00eb autorizuar p\u00ebr raportim t\u00eb brendsh\u00ebm t\u00eb mbrojtur<\/h4><div id=\"ac-76574\" class=\"c-accordion__content\">\n<p><a href=\"https:\/\/kicevo.gov.mk\/sq\/zashtiteno-vnatreshno-prijavuvanje\/\" target=\"_blank\" rel=\"noreferrer noopener\">Paraqitje e brendshme e mbrojtur<\/a><\/p>\n<\/div><\/div>\n\n\n\n<div class=\"wp-block-pb-accordion-item c-accordion__item js-accordion-item no-js\" data-initially-open=\"false\" data-click-to-close=\"true\" data-auto-close=\"true\" data-scroll=\"false\" data-scroll-offset=\"0\"><h4 id=\"at-76575\" class=\"c-accordion__title js-accordion-controller\" role=\"button\">Lista e personave t\u00eb pun\u00ebsuar nga pronari i informacionit<\/h4><div id=\"ac-76575\" class=\"c-accordion__content\">\n<p><a href=\"https:\/\/kicevo.gov.mk\/wp-content\/uploads\/2023\/10\/\u0410\u0434\u043c\u0438\u043d\u0438\u0441\u0442\u0440\u0430\u0446\u0438\u0458\u0430-\u041e\u043f\u0448\u0442\u0438\u043d\u0430-\u041a\u0438\u0447\u0435\u0432\u043e-sq.xls\">Udh\u00ebheq\u00ebs<\/a><br><a href=\"https:\/\/kicevo.gov.mk\/wp-content\/uploads\/2024\/03\/%D0%BB%D0%B8%D1%81%D1%82%D0%B0-%D0%BD%D0%B0-%D0%B2%D1%80%D0%B0%D0%B1%D0%BE%D1%82%D0%B5%D0%BD%D0%B8.pdf\" target=\"_blank\" rel=\"noreferrer noopener\">Lista e t\u00eb pun\u00ebsuarve<\/a><\/p>\n<\/div><\/div>\n\n\n\n<div class=\"wp-block-pb-accordion-item c-accordion__item js-accordion-item no-js\" data-initially-open=\"false\" data-click-to-close=\"true\" data-auto-close=\"true\" data-scroll=\"false\" data-scroll-offset=\"0\"><h4 id=\"at-76576\" class=\"c-accordion__title js-accordion-controller\" role=\"button\">Ligjet q\u00eb kan\u00eb t\u00eb b\u00ebjn\u00eb me juridiksionin e mbajt\u00ebsit t\u00eb informacionit<\/h4><div id=\"ac-76576\" class=\"c-accordion__content\">\n<p><a href=\"https:\/\/kicevo.gov.mk\/wp-content\/uploads\/2023\/02\/%D0%9B%D0%B8%D1%81%D1%82%D0%B0-%D0%BD%D0%B0-%D0%B7%D0%B0%D0%BA%D0%BE%D0%BD%D0%B8-%D0%9E%D0%BF%D1%88%D1%82%D0%B8%D0%BD%D0%B0-%D0%9A%D0%B8%D1%87%D0%B5%D0%B2%D0%BE.pdf\" target=\"_blank\" rel=\"noreferrer noopener\">Lista e ligjeve<\/a><\/p>\n<\/div><\/div>\n\n\n\n<div class=\"wp-block-pb-accordion-item c-accordion__item js-accordion-item no-js\" data-initially-open=\"false\" data-click-to-close=\"true\" data-auto-close=\"true\" data-scroll=\"false\" data-scroll-offset=\"0\"><h4 id=\"at-76577\" class=\"c-accordion__title js-accordion-controller\" role=\"button\">Rregulloret e b\u00ebra nga mbajt\u00ebsi i informacionit<\/h4><div id=\"ac-76577\" class=\"c-accordion__content\">\n<p><a href=\"https:\/\/kicevo.gov.mk\/wp-content\/uploads\/2023\/04\/SISTEMATIZACIJA.pdf\" target=\"_blank\" rel=\"noreferrer noopener\">Rregullore p\u00ebr sistematizimin e vendeve t\u00eb pun\u00ebs t\u00eb administrat\u00ebs komunale n\u00eb Komun\u00ebn e K\u00ebr\u00e7ov\u00ebs<\/a><br><a href=\"https:\/\/kicevo.gov.mk\/wp-content\/uploads\/2023\/05\/Pravilnik-za-vnatresna-organizacija.pdf\" target=\"_blank\" rel=\"noreferrer noopener\">Rregullore p\u00ebr organizimin e brendsh\u00ebm n\u00eb Komun\u00ebn e K\u00ebr\u00e7ov\u00ebs<\/a><br><a href=\"https:\/\/kicevo.gov.mk\/sq\/statut-na-opstinata\/\" target=\"_blank\" rel=\"noreferrer noopener\">Statuti i Komun\u00ebs<\/a><br><a href=\"https:\/\/kicevo.gov.mk\/wp-content\/uploads\/2022\/11\/Rregullorja-e-Keshillit-te-Komunes-se-Kercoves.pdf\" target=\"_blank\" rel=\"noreferrer noopener\">Rregullorja e pun\u00ebs s\u00eb K\u00ebshillit<\/a><br><a href=\"https:\/\/kicevo.gov.mk\/sq\/sluzhben-glasnik\/\" target=\"_blank\" rel=\"noreferrer noopener\">Fletorja Zyrtare<\/a><\/p>\n<\/div><\/div>\n\n\n\n<div class=\"wp-block-pb-accordion-item c-accordion__item js-accordion-item no-js\" data-initially-open=\"false\" data-click-to-close=\"true\" data-auto-close=\"true\" data-scroll=\"false\" data-scroll-offset=\"0\"><h4 id=\"at-76578\" class=\"c-accordion__title js-accordion-controller\" role=\"button\">Organogram p\u00ebr organizimin e brendsh\u00ebm<\/h4><div id=\"ac-76578\" class=\"c-accordion__content\">\n<p><a href=\"https:\/\/kicevo.gov.mk\/sq\/organogram\/\" target=\"_blank\" rel=\"noreferrer noopener\">Organogram<\/a><\/p>\n<\/div><\/div>\n\n\n\n<div class=\"wp-block-pb-accordion-item c-accordion__item js-accordion-item no-js\" data-initially-open=\"false\" data-click-to-close=\"true\" data-auto-close=\"true\" data-scroll=\"false\" data-scroll-offset=\"0\"><h4 id=\"at-76579\" class=\"c-accordion__title js-accordion-controller\" role=\"button\">Planet strategjike dhe strategjit\u00eb e pun\u00ebs<\/h4><div id=\"ac-76579\" class=\"c-accordion__content\">\n<p><a href=\"https:\/\/kicevo.gov.mk\/sq\/programi-i-pravilnici\/\" target=\"_blank\" rel=\"noreferrer noopener\">Planet dhe strategjit\u00eb<\/a><\/p>\n<\/div><\/div>\n\n\n\n<div class=\"wp-block-pb-accordion-item c-accordion__item js-accordion-item no-js\" data-initially-open=\"false\" data-click-to-close=\"true\" data-auto-close=\"true\" data-scroll=\"false\" data-scroll-offset=\"0\"><h4 id=\"at-765710\" class=\"c-accordion__title js-accordion-controller\" role=\"button\">Planet vjetore dhe programet e pun\u00ebs<\/h4><div id=\"ac-765710\" class=\"c-accordion__content\">\n<p><a href=\"https:\/\/kicevo.gov.mk\/sq\/programi-i-pravilnici\/\" target=\"_blank\" rel=\"noreferrer noopener\">Planet, Programet dhe Rregulloret<\/a><\/p>\n<\/div><\/div>\n\n\n\n<div class=\"wp-block-pb-accordion-item c-accordion__item js-accordion-item no-js\" data-initially-open=\"false\" data-click-to-close=\"true\" data-auto-close=\"true\" data-scroll=\"false\" data-scroll-offset=\"0\"><h4 id=\"at-765711\" class=\"c-accordion__title js-accordion-controller\" role=\"button\">Buxheti vjetor dhe llogaria p\u00ebrfundimtare<\/h4><div id=\"ac-765711\" class=\"c-accordion__content\">\n<p><a href=\"https:\/\/kicevo.gov.mk\/sq\/budzet\/\" target=\"_blank\" rel=\"noreferrer noopener\">Buxheti<\/a><br><a href=\"https:\/\/kicevo.gov.mk\/sq\/finansiski-izveshtai\/\" target=\"_blank\" rel=\"noreferrer noopener\">Llogaria p\u00ebrfundimtare<\/a><\/p>\n<\/div><\/div>\n\n\n\n<div class=\"wp-block-pb-accordion-item c-accordion__item js-accordion-item no-js\" data-initially-open=\"false\" data-click-to-close=\"true\" data-auto-close=\"true\" data-scroll=\"false\" data-scroll-offset=\"0\"><h4 id=\"at-765712\" class=\"c-accordion__title js-accordion-controller\" role=\"button\">Raporte kuartale<\/h4><div id=\"ac-765712\" class=\"c-accordion__content\">\n<p><a href=\"https:\/\/kicevo.gov.mk\/sq\/finansiski-izveshtai\/\" target=\"_blank\" rel=\"noreferrer noopener\">Raporte kuartale<\/a><\/p>\n<\/div><\/div>\n\n\n\n<div class=\"wp-block-pb-accordion-item c-accordion__item js-accordion-item no-js\" data-initially-open=\"false\" data-click-to-close=\"true\" data-auto-close=\"true\" data-scroll=\"false\" data-scroll-offset=\"0\"><h4 id=\"at-765713\" class=\"c-accordion__title js-accordion-controller\" role=\"button\">Raporte<\/h4><div id=\"ac-765713\" class=\"c-accordion__content\">\n<p><a href=\"https:\/\/kicevo.gov.mk\/sq\/izveshtai\/\" target=\"_blank\" rel=\"noreferrer noopener\">Raporte<\/a><\/p>\n<\/div><\/div>\n\n\n\n<div class=\"wp-block-pb-accordion-item c-accordion__item js-accordion-item no-js\" data-initially-open=\"false\" data-click-to-close=\"true\" data-auto-close=\"true\" data-scroll=\"false\" data-scroll-offset=\"0\"><h4 id=\"at-765714\" class=\"c-accordion__title js-accordion-controller\" role=\"button\">Sh\u00ebrbimet e ofruara nga mbajt\u00ebsi i informacionit<\/h4><div id=\"ac-765714\" class=\"c-accordion__content\">\n<p><a href=\"https:\/\/kicevo.gov.mk\/sq\/formulari\/\" target=\"_blank\" rel=\"noreferrer noopener\">Formular\u00ebt<\/a><\/p>\n<\/div><\/div>\n\n\n\n<div class=\"wp-block-pb-accordion-item c-accordion__item js-accordion-item no-js\" data-initially-open=\"false\" data-click-to-close=\"true\" data-auto-close=\"true\" data-scroll=\"false\" data-scroll-offset=\"0\"><h4 id=\"at-765715\" class=\"c-accordion__title js-accordion-controller\" role=\"button\">Tarifat p\u00ebr tarifat p\u00ebr l\u00ebshimin e akteve reale<\/h4><div id=\"ac-765715\" class=\"c-accordion__content\">\n<p><a href=\"https:\/\/kicevo.gov.mk\/wp-content\/uploads\/2023\/04\/%D0%A2%D0%B0%D1%80%D0%B8%D1%84%D0%BD%D0%B8%D0%BA-%D0%90%D0%B4%D0%BC%D0%B8%D0%BD%D0%B8%D1%81%D1%82%D1%80%D0%B0%D1%82%D0%B8%D0%B2%D0%BD%D0%B8-%D1%82%D0%B0%D0%BA%D1%81%D0%B8-sq.pdf\" target=\"_blank\" rel=\"noreferrer noopener\">\u00c7mimore<\/a><\/p>\n<\/div><\/div>\n\n\n\n<div class=\"wp-block-pb-accordion-item c-accordion__item js-accordion-item no-js\" data-initially-open=\"false\" data-click-to-close=\"true\" data-auto-close=\"true\" data-scroll=\"false\" data-scroll-offset=\"0\"><h4 id=\"at-765716\" class=\"c-accordion__title js-accordion-controller\" role=\"button\">M\u00ebnyra e paraqitjes s\u00eb nj\u00eb k\u00ebrkese p\u00ebr qasje n\u00eb informacion<\/h4><div id=\"ac-765716\" class=\"c-accordion__content\">\n<p><a href=\"https:\/\/kicevo.gov.mk\/sq\/pristap-do-informacii-od-javen-karakt\/\" target=\"_blank\" rel=\"noreferrer noopener\">Informata&nbsp;me&nbsp;karakter&nbsp;publik<\/a><\/p>\n<\/div><\/div>\n\n\n\n<div class=\"wp-block-pb-accordion-item c-accordion__item js-accordion-item no-js\" data-initially-open=\"false\" data-click-to-close=\"true\" data-auto-close=\"true\" data-scroll=\"false\" data-scroll-offset=\"0\"><h4 id=\"at-765717\" class=\"c-accordion__title js-accordion-controller\" role=\"button\">Prokurimet publike, shpalljet dhe kontratat<\/h4><div id=\"ac-765717\" class=\"c-accordion__content\">\n<p><a href=\"https:\/\/kicevo.gov.mk\/sq\/javni-nabavki\/\" target=\"_blank\" rel=\"noreferrer noopener\">Plani p\u00ebr furnizimet publike<\/a><br><a href=\"https:\/\/kicevo.gov.mk\/sq\/javni-nabavki\/\" target=\"_blank\" rel=\"noreferrer noopener\">Furnizimet Publike<\/a><\/p>\n<\/div><\/div>\n\n\n\n<div class=\"wp-block-pb-accordion-item c-accordion__item js-accordion-item no-js\" data-initially-open=\"false\" data-click-to-close=\"true\" data-auto-close=\"true\" data-scroll=\"false\" data-scroll-offset=\"0\"><h4 id=\"at-765718\" class=\"c-accordion__title js-accordion-controller\" role=\"button\">Propozim programe, pik\u00ebpamje, opinione, studime dhe dokumente t\u00eb tjera<\/h4><div id=\"ac-765718\" class=\"c-accordion__content\">\n<p><a href=\"https:\/\/kicevo.gov.mk\/sq\/%d0%bf%d1%80%d0%be%d0%b3%d1%80%d0%b0%d0%bc%d0%b8-%d0%b8-%d0%bf%d1%80%d0%b0%d0%b2%d0%b8%d0%bb%d0%bd%d0%b8%d1%86%d0%b8\/\" target=\"_blank\" rel=\"noreferrer noopener\"><\/a><a href=\"https:\/\/kicevo.gov.mk\/sq\/programi-i-pravilnici\/\" target=\"_blank\" rel=\"noreferrer noopener\">Planet, Programet dhe Rregulloret<\/a><br><a href=\"https:\/\/kicevo.gov.mk\/sq\/proceduri\/\" target=\"_blank\" rel=\"noreferrer noopener\">Procedura<\/a><\/p>\n<\/div><\/div>\n\n\n\n<div class=\"wp-block-pb-accordion-item c-accordion__item js-accordion-item no-js\" data-initially-open=\"false\" data-click-to-close=\"true\" data-auto-close=\"true\" data-scroll=\"false\" data-scroll-offset=\"0\"><h4 id=\"at-765719\" class=\"c-accordion__title js-accordion-controller\" role=\"button\">Informacioni tjet\u00ebr<\/h4><div id=\"ac-765719\" class=\"c-accordion__content\">\n<p><a href=\"https:\/\/kicevo.gov.mk\/sq\/category\/oglasna-tabla\/\" target=\"_blank\" rel=\"noreferrer noopener\">Tabela e lajm\u00ebrimit<\/a><br><a href=\"https:\/\/kicevo.gov.mk\/sq\/category\/posledni-vesti\/\" target=\"_blank\" rel=\"noreferrer noopener\">Lajmet e fundit<\/a><br><a href=\"https:\/\/kicevo.gov.mk\/category\/proekti\/\" target=\"_blank\" rel=\"noreferrer noopener\">P<\/a><a href=\"https:\/\/kicevo.gov.mk\/sq\/category\/proekti\/\" target=\"_blank\" rel=\"noreferrer noopener\">ro<\/a><a href=\"https:\/\/kicevo.gov.mk\/category\/proekti\/\" target=\"_blank\" rel=\"noreferrer noopener\">jektet<\/a><br><a href=\"https:\/\/kicevo.gov.mk\/sq\/otvoreni-podatoci\/\" target=\"_blank\" rel=\"noreferrer noopener\">T\u00eb dh\u00ebnat e hapura<\/a><br><a href=\"https:\/\/kicevo.gov.mk\/sq\/integritet-3\/\" target=\"_blank\" rel=\"noreferrer noopener\">Integritet dhe antikorrupsion<\/a><br><a href=\"https:\/\/kicevo.gov.mk\/sq\/dijaspora\/\" target=\"_blank\" rel=\"noreferrer noopener\">Diaspora<\/a><br><a href=\"https:\/\/kicevo.gov.mk\/sq\/zashtita-na-lichni-podatoci\/\" target=\"_blank\" rel=\"noreferrer noopener\">Mbrojtje t\u00eb t\u00eb dh\u00ebnave personale<\/a><br><a href=\"https:\/\/kicevo.gov.mk\/sq\/poddrshka-na-lica-so-poprechenost\/\" target=\"_blank\" rel=\"noreferrer noopener\">P\u00ebrkrahja e personave me pengesa<\/a><br><a href=\"https:\/\/kicevo.gov.mk\/sq\/kontakt-so-mladi\/\" target=\"_blank\" rel=\"noreferrer noopener\">Kontakt me t\u00eb rinjt\u00eb<\/a><br><a href=\"https:\/\/kicevo.gov.mk\/sq\/odnosi-so-javnost-2\/\" target=\"_blank\" rel=\"noreferrer noopener\">Marr\u00ebdh\u00ebnie me publikun<\/a><\/p>\n<\/div><\/div>\n","protected":false},"excerpt":{"rendered":"","protected":false},"author":3,"featured_media":0,"parent":0,"menu_order":0,"comment_status":"closed","ping_status":"closed","template":"page-templates\/sidebar-right.php","meta":{"_uag_custom_page_level_css":"","_vp_format_video_url":"","_vp_image_focal_point":[],"footnotes":""},"class_list":["post-7657","page","type-page","status-publish","hentry"],"translation":{"provider":"WPGlobus","version":"3.0.2","language":"sq","enabled_languages":["mk","sq"],"languages":{"mk":{"title":true,"content":true,"excerpt":false},"sq":{"title":true,"content":true,"excerpt":false}}},"yoast_head":"<!-- This site is optimized with the Yoast SEO plugin v27.4 - https:\/\/yoast.com\/product\/yoast-seo-wordpress\/ -->\n<title>List\u00eb e informatave \/ Qasje e lir\u00eb drejt informatave | Komuna e K\u00ebr\u00e7ov\u00ebs<\/title>\n<meta name=\"robots\" content=\"index, follow, max-snippet:-1, max-image-preview:large, max-video-preview:-1\" \/>\n<link rel=\"canonical\" href=\"https:\/\/kicevo.gov.mk\/lista-na-informacii-sloboden-pristap\/\" \/>\n<meta property=\"og:locale\" content=\"sq_AL\" \/>\n<meta property=\"og:type\" content=\"article\" \/>\n<meta property=\"og:title\" content=\"List\u00eb e informatave \/ Qasje e lir\u00eb drejt informatave | Komuna e K\u00ebr\u00e7ov\u00ebs\" \/>\n<meta property=\"og:url\" content=\"https:\/\/kicevo.gov.mk\/lista-na-informacii-sloboden-pristap\/\" \/>\n<meta property=\"og:site_name\" content=\"Komuna e K\u00ebr\u00e7ov\u00ebs\" \/>\n<meta property=\"article:modified_time\" content=\"2026-01-09T08:41:10+00:00\" \/>\n<meta name=\"twitter:card\" content=\"summary_large_image\" \/>\n<meta name=\"twitter:label1\" content=\"Est. reading time\" \/>\n\t<meta name=\"twitter:data1\" content=\"2 minuta\" \/>\n<script type=\"application\/ld+json\" class=\"yoast-schema-graph\">{\"@context\":\"https:\\\/\\\/schema.org\",\"@graph\":[{\"@type\":\"WebPage\",\"@id\":\"https:\\\/\\\/kicevo.gov.mk\\\/lista-na-informacii-sloboden-pristap\\\/\",\"url\":\"https:\\\/\\\/kicevo.gov.mk\\\/lista-na-informacii-sloboden-pristap\\\/\",\"name\":\"List\u00eb e informatave \\\/ Qasje e lir\u00eb drejt informatave | Komuna e K\u00ebr\u00e7ov\u00ebs\",\"isPartOf\":{\"@id\":\"https:\\\/\\\/kicevo.gov.mk\\\/#website\"},\"datePublished\":\"2023-05-25T09:55:18+00:00\",\"dateModified\":\"2026-01-09T08:41:10+00:00\",\"breadcrumb\":{\"@id\":\"https:\\\/\\\/kicevo.gov.mk\\\/lista-na-informacii-sloboden-pristap\\\/#breadcrumb\"},\"inLanguage\":\"sq\",\"potentialAction\":[{\"@type\":\"ReadAction\",\"target\":[\"https:\\\/\\\/kicevo.gov.mk\\\/lista-na-informacii-sloboden-pristap\\\/\"]}]},{\"@type\":\"BreadcrumbList\",\"@id\":\"https:\\\/\\\/kicevo.gov.mk\\\/lista-na-informacii-sloboden-pristap\\\/#breadcrumb\",\"itemListElement\":[{\"@type\":\"ListItem\",\"position\":1,\"name\":\"\u041f\u043e\u0447\u0435\u0442\u043d\u0430\",\"item\":\"https:\\\/\\\/kicevo.gov.mk\\\/\"},{\"@type\":\"ListItem\",\"position\":2,\"name\":\"\u041b\u0438\u0441\u0442\u0430 \u043d\u0430 \u0438\u043d\u0444\u043e\u0440\u043c\u0430\u0446\u0438\u0438 \\\/ \u0441\u043b\u043e\u0431\u043e\u0434\u0435\u043d \u043f\u0440\u0438\u0441\u0442\u0430\u043f \u0434\u043e \u0438\u043d\u0444\u043e\u0440\u043c\u0430\u0446\u0438\u0438\"}]},{\"@type\":\"WebSite\",\"@id\":\"https:\\\/\\\/kicevo.gov.mk\\\/#website\",\"url\":\"https:\\\/\\\/kicevo.gov.mk\\\/\",\"name\":\"\u041e\u043f\u0448\u0442\u0438\u043d\u0430 \u041a\u0438\u0447\u0435\u0432\u043e\",\"description\":\"Mir\u00eb se erdh\u00ebt n\u00eb ueb faqen zyrtare t\u00eb Komun\u00ebs s\u00eb K\u00ebr\u00e7ov\u00ebs\",\"publisher\":{\"@id\":\"https:\\\/\\\/kicevo.gov.mk\\\/#organization\"},\"potentialAction\":[{\"@type\":\"SearchAction\",\"target\":{\"@type\":\"EntryPoint\",\"urlTemplate\":\"https:\\\/\\\/kicevo.gov.mk\\\/?s={search_term_string}\"},\"query-input\":{\"@type\":\"PropertyValueSpecification\",\"valueRequired\":true,\"valueName\":\"search_term_string\"}}],\"inLanguage\":\"sq\"},{\"@type\":\"Organization\",\"@id\":\"https:\\\/\\\/kicevo.gov.mk\\\/#organization\",\"name\":\"Opstina Kicevo\",\"url\":\"https:\\\/\\\/kicevo.gov.mk\\\/\",\"logo\":{\"@type\":\"ImageObject\",\"inLanguage\":\"sq\",\"@id\":\"https:\\\/\\\/kicevo.gov.mk\\\/#\\\/schema\\\/logo\\\/image\\\/\",\"url\":\"https:\\\/\\\/kicevo.gov.mk\\\/wp-content\\\/uploads\\\/2025\\\/11\\\/logo-alb.png\",\"contentUrl\":\"https:\\\/\\\/kicevo.gov.mk\\\/wp-content\\\/uploads\\\/2025\\\/11\\\/logo-alb.png\",\"width\":1200,\"height\":1592,\"caption\":\"Opstina Kicevo\"},\"image\":{\"@id\":\"https:\\\/\\\/kicevo.gov.mk\\\/#\\\/schema\\\/logo\\\/image\\\/\"}}]}<\/script>\n<!-- \/ Yoast SEO plugin. -->","yoast_head_json":{"title":"List\u00eb e informatave \/ Qasje e lir\u00eb drejt informatave | Komuna e K\u00ebr\u00e7ov\u00ebs","robots":{"index":"index","follow":"follow","max-snippet":"max-snippet:-1","max-image-preview":"max-image-preview:large","max-video-preview":"max-video-preview:-1"},"canonical":"https:\/\/kicevo.gov.mk\/lista-na-informacii-sloboden-pristap\/","og_locale":"sq_AL","og_type":"article","og_title":"List\u00eb e informatave \/ Qasje e lir\u00eb drejt informatave | Komuna e K\u00ebr\u00e7ov\u00ebs","og_url":"https:\/\/kicevo.gov.mk\/lista-na-informacii-sloboden-pristap\/","og_site_name":"Komuna e K\u00ebr\u00e7ov\u00ebs","article_modified_time":"2026-01-09T08:41:10+00:00","twitter_card":"summary_large_image","twitter_misc":{"Est. reading time":"2 minuta"},"schema":{"@context":"https:\/\/schema.org","@graph":[{"@type":"WebPage","@id":"https:\/\/kicevo.gov.mk\/lista-na-informacii-sloboden-pristap\/","url":"https:\/\/kicevo.gov.mk\/lista-na-informacii-sloboden-pristap\/","name":"List\u00eb e informatave \/ Qasje e lir\u00eb drejt informatave | Komuna e K\u00ebr\u00e7ov\u00ebs","isPartOf":{"@id":"https:\/\/kicevo.gov.mk\/#website"},"datePublished":"2023-05-25T09:55:18+00:00","dateModified":"2026-01-09T08:41:10+00:00","breadcrumb":{"@id":"https:\/\/kicevo.gov.mk\/lista-na-informacii-sloboden-pristap\/#breadcrumb"},"inLanguage":"sq","potentialAction":[{"@type":"ReadAction","target":["https:\/\/kicevo.gov.mk\/lista-na-informacii-sloboden-pristap\/"]}]},{"@type":"BreadcrumbList","@id":"https:\/\/kicevo.gov.mk\/lista-na-informacii-sloboden-pristap\/#breadcrumb","itemListElement":[{"@type":"ListItem","position":1,"name":"\u041f\u043e\u0447\u0435\u0442\u043d\u0430","item":"https:\/\/kicevo.gov.mk\/"},{"@type":"ListItem","position":2,"name":"\u041b\u0438\u0441\u0442\u0430 \u043d\u0430 \u0438\u043d\u0444\u043e\u0440\u043c\u0430\u0446\u0438\u0438 \/ \u0441\u043b\u043e\u0431\u043e\u0434\u0435\u043d \u043f\u0440\u0438\u0441\u0442\u0430\u043f \u0434\u043e \u0438\u043d\u0444\u043e\u0440\u043c\u0430\u0446\u0438\u0438"}]},{"@type":"WebSite","@id":"https:\/\/kicevo.gov.mk\/#website","url":"https:\/\/kicevo.gov.mk\/","name":"\u041e\u043f\u0448\u0442\u0438\u043d\u0430 \u041a\u0438\u0447\u0435\u0432\u043e","description":"Mir\u00eb se erdh\u00ebt n\u00eb ueb faqen zyrtare t\u00eb Komun\u00ebs s\u00eb K\u00ebr\u00e7ov\u00ebs","publisher":{"@id":"https:\/\/kicevo.gov.mk\/#organization"},"potentialAction":[{"@type":"SearchAction","target":{"@type":"EntryPoint","urlTemplate":"https:\/\/kicevo.gov.mk\/?s={search_term_string}"},"query-input":{"@type":"PropertyValueSpecification","valueRequired":true,"valueName":"search_term_string"}}],"inLanguage":"sq"},{"@type":"Organization","@id":"https:\/\/kicevo.gov.mk\/#organization","name":"Opstina Kicevo","url":"https:\/\/kicevo.gov.mk\/","logo":{"@type":"ImageObject","inLanguage":"sq","@id":"https:\/\/kicevo.gov.mk\/#\/schema\/logo\/image\/","url":"https:\/\/kicevo.gov.mk\/wp-content\/uploads\/2025\/11\/logo-alb.png","contentUrl":"https:\/\/kicevo.gov.mk\/wp-content\/uploads\/2025\/11\/logo-alb.png","width":1200,"height":1592,"caption":"Opstina Kicevo"},"image":{"@id":"https:\/\/kicevo.gov.mk\/#\/schema\/logo\/image\/"}}]}},"uagb_featured_image_src":{"full":false,"thumbnail":false,"medium":false,"medium_large":false,"large":false,"1536x1536":false,"2048x2048":false,"vp_sm":false,"vp_md":false,"vp_lg":false,"vp_xl":false,"vp_sm_popup":false,"vp_md_popup":false,"vp_xl_popup":false},"uagb_author_info":{"display_name":"Marina","author_link":"https:\/\/kicevo.gov.mk\/sq\/author\/adminmsb\/"},"uagb_comment_info":0,"uagb_excerpt":null,"_links":{"self":[{"href":"https:\/\/kicevo.gov.mk\/sq\/wp-json\/wp\/v2\/pages\/7657","targetHints":{"allow":["GET"]}}],"collection":[{"href":"https:\/\/kicevo.gov.mk\/sq\/wp-json\/wp\/v2\/pages"}],"about":[{"href":"https:\/\/kicevo.gov.mk\/sq\/wp-json\/wp\/v2\/types\/page"}],"author":[{"embeddable":true,"href":"https:\/\/kicevo.gov.mk\/sq\/wp-json\/wp\/v2\/users\/3"}],"replies":[{"embeddable":true,"href":"https:\/\/kicevo.gov.mk\/sq\/wp-json\/wp\/v2\/comments?post=7657"}],"version-history":[{"count":5,"href":"https:\/\/kicevo.gov.mk\/sq\/wp-json\/wp\/v2\/pages\/7657\/revisions"}],"predecessor-version":[{"id":18041,"href":"https:\/\/kicevo.gov.mk\/sq\/wp-json\/wp\/v2\/pages\/7657\/revisions\/18041"}],"wp:attachment":[{"href":"https:\/\/kicevo.gov.mk\/sq\/wp-json\/wp\/v2\/media?parent=7657"}],"curies":[{"name":"wp","href":"https:\/\/api.w.org\/{rel}","templated":true}]}} 