{"id":7086,"date":"2023-02-28T10:40:50","date_gmt":"2023-02-28T10:40:50","guid":{"rendered":"https:\/\/kicevo.gov.mk\/?page_id=7086"},"modified":"2025-12-02T11:44:34","modified_gmt":"2025-12-02T11:44:34","slug":"pravilnik-bezdomni-kucinja","status":"publish","type":"page","link":"https:\/\/kicevo.gov.mk\/sq\/pravilnik-bezdomni-kucinja\/","title":{"rendered":"Rregullore p\u00ebr m\u00ebnyr\u00ebn dhe procedur\u00ebn e p\u00ebrcaktimit dhe pages\u00ebs s\u00eb kompensimit t\u00eb d\u00ebmit t\u00eb shkaktuar nga kafshimi nga qent\u00eb endacak\u00eb"},"content":{"rendered":"\n<div class=\"wp-block-file\"><a id=\"wp-block-file--media-f6ef47db-18ce-4e99-98af-8595867a98e0\" href=\"https:\/\/kicevo.gov.mk\/wp-content\/uploads\/2023\/02\/\u043f\u0440\u0430\u0432\u0438\u043b\u043d\u0438\u043a.pdf\" target=\"_blank\" rel=\"noreferrer noopener\">Rregullore p\u00ebr m\u00ebnyr\u00ebn dhe procedur\u00ebn e p\u00ebrcaktimit dhe pages\u00ebs s\u00eb kompensimit t\u00eb d\u00ebmit t\u00eb shkaktuar nga kafshimi nga qent\u00eb endacak\u00eb<\/a><a href=\"https:\/\/kicevo.gov.mk\/wp-content\/uploads\/2023\/02\/\u043f\u0440\u0430\u0432\u0438\u043b\u043d\u0438\u043a.pdf\" class=\"wp-block-file__button wp-element-button\" download aria-describedby=\"wp-block-file--media-f6ef47db-18ce-4e99-98af-8595867a98e0\">Shkarko<\/a><\/div>\n\n\n\n<div class=\"wp-block-file\"><a id=\"wp-block-file--media-f6ef47db-18ce-4e99-98af-8595867a98e0\" href=\"https:\/\/kicevo.gov.mk\/wp-content\/uploads\/2023\/03\/kerkes-qen.docx\">K\u00ebrkes\u00eb p\u00ebr kompenzim t\u00eb d\u00ebmit t\u00eb shkaktuar nga kafshimi I qen\u00ebve endacak<\/a><a href=\"https:\/\/kicevo.gov.mk\/wp-content\/uploads\/2023\/03\/kerkes-qen.docx\" class=\"wp-block-file__button wp-element-button\" download aria-describedby=\"wp-block-file--media-f6ef47db-18ce-4e99-98af-8595867a98e0\">Shkarko<\/a><\/div>\n\n\n\n<p><\/p>\n","protected":false},"excerpt":{"rendered":"","protected":false},"author":3,"featured_media":0,"parent":0,"menu_order":0,"comment_status":"closed","ping_status":"closed","template":"page-templates\/sidebar-right.php","meta":{"_uag_custom_page_level_css":"","_vp_format_video_url":"","_vp_image_focal_point":[],"footnotes":""},"class_list":["post-7086","page","type-page","status-publish","hentry"],"translation":{"provider":"WPGlobus","version":"3.0.2","language":"sq","enabled_languages":["mk","sq"],"languages":{"mk":{"title":true,"content":true,"excerpt":false},"sq":{"title":true,"content":true,"excerpt":false}}},"yoast_head":"<!-- This site is optimized with the Yoast SEO plugin v27.3 - https:\/\/yoast.com\/product\/yoast-seo-wordpress\/ -->\n<title>Rregullore p\u00ebr m\u00ebnyr\u00ebn dhe procedur\u00ebn e p\u00ebrcaktimit dhe pages\u00ebs s\u00eb kompensimit t\u00eb d\u00ebmit t\u00eb shkaktuar nga kafshimi nga qent\u00eb endacak\u00eb | Komuna e K\u00ebr\u00e7ov\u00ebs<\/title>\n<meta name=\"robots\" content=\"index, follow, max-snippet:-1, max-image-preview:large, max-video-preview:-1\" \/>\n<link rel=\"canonical\" href=\"https:\/\/kicevo.gov.mk\/pravilnik-bezdomni-kucinja\/\" \/>\n<meta property=\"og:locale\" content=\"sq_AL\" \/>\n<meta property=\"og:type\" content=\"article\" \/>\n<meta property=\"og:title\" content=\"Rregullore p\u00ebr m\u00ebnyr\u00ebn dhe procedur\u00ebn e p\u00ebrcaktimit dhe pages\u00ebs s\u00eb kompensimit t\u00eb d\u00ebmit t\u00eb shkaktuar nga kafshimi nga qent\u00eb endacak\u00eb | Komuna e K\u00ebr\u00e7ov\u00ebs\" \/>\n<meta property=\"og:url\" content=\"https:\/\/kicevo.gov.mk\/pravilnik-bezdomni-kucinja\/\" \/>\n<meta property=\"og:site_name\" content=\"Komuna e K\u00ebr\u00e7ov\u00ebs\" \/>\n<meta property=\"article:modified_time\" content=\"2025-12-02T11:44:34+00:00\" \/>\n<meta name=\"twitter:card\" content=\"summary_large_image\" \/>\n<script type=\"application\/ld+json\" class=\"yoast-schema-graph\">{\"@context\":\"https:\\\/\\\/schema.org\",\"@graph\":[{\"@type\":\"WebPage\",\"@id\":\"https:\\\/\\\/kicevo.gov.mk\\\/pravilnik-bezdomni-kucinja\\\/\",\"url\":\"https:\\\/\\\/kicevo.gov.mk\\\/pravilnik-bezdomni-kucinja\\\/\",\"name\":\"Rregullore p\u00ebr m\u00ebnyr\u00ebn dhe procedur\u00ebn e p\u00ebrcaktimit dhe pages\u00ebs s\u00eb kompensimit t\u00eb d\u00ebmit t\u00eb shkaktuar nga kafshimi nga qent\u00eb endacak\u00eb | Komuna e K\u00ebr\u00e7ov\u00ebs\",\"isPartOf\":{\"@id\":\"https:\\\/\\\/kicevo.gov.mk\\\/sq\\\/#website\"},\"datePublished\":\"2023-02-28T10:40:50+00:00\",\"dateModified\":\"2025-12-02T11:44:34+00:00\",\"breadcrumb\":{\"@id\":\"https:\\\/\\\/kicevo.gov.mk\\\/pravilnik-bezdomni-kucinja\\\/#breadcrumb\"},\"inLanguage\":\"sq\",\"potentialAction\":[{\"@type\":\"ReadAction\",\"target\":[\"https:\\\/\\\/kicevo.gov.mk\\\/pravilnik-bezdomni-kucinja\\\/\"]}]},{\"@type\":\"BreadcrumbList\",\"@id\":\"https:\\\/\\\/kicevo.gov.mk\\\/pravilnik-bezdomni-kucinja\\\/#breadcrumb\",\"itemListElement\":[{\"@type\":\"ListItem\",\"position\":1,\"name\":\"\u041f\u043e\u0447\u0435\u0442\u043d\u0430\",\"item\":\"https:\\\/\\\/kicevo.gov.mk\\\/sq\\\/\"},{\"@type\":\"ListItem\",\"position\":2,\"name\":\"\u041f\u0440\u0430\u0432\u0438\u043b\u043d\u0438\u043a \u0437\u0430 \u043d\u0430\u0447\u0438\u043d\u043e\u0442 \u0438 \u043f\u043e\u0441\u0442\u0430\u043f\u043a\u0430\u0442\u0430 \u043d\u0430 \u0443\u0442\u0432\u0440\u0434\u0443\u0432\u0430\u045a\u0435 \u0438 \u0438\u0441\u043f\u043b\u0430\u0442\u0430 \u043d\u0430 \u043d\u0430\u0434\u043e\u043c\u0435\u0441\u0442\u043e\u043a \u043d\u0430 \u0448\u0442\u0435\u0442\u0430 \u043f\u0440\u0435\u0434\u0438\u0437\u0432\u0438\u043a\u0430\u043d\u0430 \u043e\u0434 \u043a\u0430\u0441\u043d\u0443\u0432\u0430\u045a\u0435 \u043e\u0434 \u0431\u0435\u0437\u0434\u043e\u043c\u043d\u0438 \u043a\u0443\u0447\u0438\u045a\u0430\"}]},{\"@type\":\"WebSite\",\"@id\":\"https:\\\/\\\/kicevo.gov.mk\\\/sq\\\/#website\",\"url\":\"https:\\\/\\\/kicevo.gov.mk\\\/sq\\\/\",\"name\":\"\u041e\u043f\u0448\u0442\u0438\u043d\u0430 \u041a\u0438\u0447\u0435\u0432\u043e\",\"description\":\"Mir\u00eb se erdh\u00ebt n\u00eb ueb faqen zyrtare t\u00eb Komun\u00ebs s\u00eb K\u00ebr\u00e7ov\u00ebs\",\"publisher\":{\"@id\":\"https:\\\/\\\/kicevo.gov.mk\\\/sq\\\/#organization\"},\"potentialAction\":[{\"@type\":\"SearchAction\",\"target\":{\"@type\":\"EntryPoint\",\"urlTemplate\":\"https:\\\/\\\/kicevo.gov.mk\\\/sq\\\/?s={search_term_string}\"},\"query-input\":{\"@type\":\"PropertyValueSpecification\",\"valueRequired\":true,\"valueName\":\"search_term_string\"}}],\"inLanguage\":\"sq\"},{\"@type\":\"Organization\",\"@id\":\"https:\\\/\\\/kicevo.gov.mk\\\/sq\\\/#organization\",\"name\":\"Opstina Kicevo\",\"url\":\"https:\\\/\\\/kicevo.gov.mk\\\/sq\\\/\",\"logo\":{\"@type\":\"ImageObject\",\"inLanguage\":\"sq\",\"@id\":\"https:\\\/\\\/kicevo.gov.mk\\\/sq\\\/#\\\/schema\\\/logo\\\/image\\\/\",\"url\":\"https:\\\/\\\/kicevo.gov.mk\\\/wp-content\\\/uploads\\\/2025\\\/11\\\/logo-alb.png\",\"contentUrl\":\"https:\\\/\\\/kicevo.gov.mk\\\/wp-content\\\/uploads\\\/2025\\\/11\\\/logo-alb.png\",\"width\":1200,\"height\":1592,\"caption\":\"Opstina Kicevo\"},\"image\":{\"@id\":\"https:\\\/\\\/kicevo.gov.mk\\\/sq\\\/#\\\/schema\\\/logo\\\/image\\\/\"}}]}<\/script>\n<!-- \/ Yoast SEO plugin. -->","yoast_head_json":{"title":"Rregullore p\u00ebr m\u00ebnyr\u00ebn dhe procedur\u00ebn e p\u00ebrcaktimit dhe pages\u00ebs s\u00eb kompensimit t\u00eb d\u00ebmit t\u00eb shkaktuar nga kafshimi nga qent\u00eb endacak\u00eb | Komuna e K\u00ebr\u00e7ov\u00ebs","robots":{"index":"index","follow":"follow","max-snippet":"max-snippet:-1","max-image-preview":"max-image-preview:large","max-video-preview":"max-video-preview:-1"},"canonical":"https:\/\/kicevo.gov.mk\/pravilnik-bezdomni-kucinja\/","og_locale":"sq_AL","og_type":"article","og_title":"Rregullore p\u00ebr m\u00ebnyr\u00ebn dhe procedur\u00ebn e p\u00ebrcaktimit dhe pages\u00ebs s\u00eb kompensimit t\u00eb d\u00ebmit t\u00eb shkaktuar nga kafshimi nga qent\u00eb endacak\u00eb | Komuna e K\u00ebr\u00e7ov\u00ebs","og_url":"https:\/\/kicevo.gov.mk\/pravilnik-bezdomni-kucinja\/","og_site_name":"Komuna e K\u00ebr\u00e7ov\u00ebs","article_modified_time":"2025-12-02T11:44:34+00:00","twitter_card":"summary_large_image","schema":{"@context":"https:\/\/schema.org","@graph":[{"@type":"WebPage","@id":"https:\/\/kicevo.gov.mk\/pravilnik-bezdomni-kucinja\/","url":"https:\/\/kicevo.gov.mk\/pravilnik-bezdomni-kucinja\/","name":"Rregullore p\u00ebr m\u00ebnyr\u00ebn dhe procedur\u00ebn e p\u00ebrcaktimit dhe pages\u00ebs s\u00eb kompensimit t\u00eb d\u00ebmit t\u00eb shkaktuar nga kafshimi nga qent\u00eb endacak\u00eb | Komuna e K\u00ebr\u00e7ov\u00ebs","isPartOf":{"@id":"https:\/\/kicevo.gov.mk\/sq\/#website"},"datePublished":"2023-02-28T10:40:50+00:00","dateModified":"2025-12-02T11:44:34+00:00","breadcrumb":{"@id":"https:\/\/kicevo.gov.mk\/pravilnik-bezdomni-kucinja\/#breadcrumb"},"inLanguage":"sq","potentialAction":[{"@type":"ReadAction","target":["https:\/\/kicevo.gov.mk\/pravilnik-bezdomni-kucinja\/"]}]},{"@type":"BreadcrumbList","@id":"https:\/\/kicevo.gov.mk\/pravilnik-bezdomni-kucinja\/#breadcrumb","itemListElement":[{"@type":"ListItem","position":1,"name":"\u041f\u043e\u0447\u0435\u0442\u043d\u0430","item":"https:\/\/kicevo.gov.mk\/sq\/"},{"@type":"ListItem","position":2,"name":"\u041f\u0440\u0430\u0432\u0438\u043b\u043d\u0438\u043a \u0437\u0430 \u043d\u0430\u0447\u0438\u043d\u043e\u0442 \u0438 \u043f\u043e\u0441\u0442\u0430\u043f\u043a\u0430\u0442\u0430 \u043d\u0430 \u0443\u0442\u0432\u0440\u0434\u0443\u0432\u0430\u045a\u0435 \u0438 \u0438\u0441\u043f\u043b\u0430\u0442\u0430 \u043d\u0430 \u043d\u0430\u0434\u043e\u043c\u0435\u0441\u0442\u043e\u043a \u043d\u0430 \u0448\u0442\u0435\u0442\u0430 \u043f\u0440\u0435\u0434\u0438\u0437\u0432\u0438\u043a\u0430\u043d\u0430 \u043e\u0434 \u043a\u0430\u0441\u043d\u0443\u0432\u0430\u045a\u0435 \u043e\u0434 \u0431\u0435\u0437\u0434\u043e\u043c\u043d\u0438 \u043a\u0443\u0447\u0438\u045a\u0430"}]},{"@type":"WebSite","@id":"https:\/\/kicevo.gov.mk\/sq\/#website","url":"https:\/\/kicevo.gov.mk\/sq\/","name":"\u041e\u043f\u0448\u0442\u0438\u043d\u0430 \u041a\u0438\u0447\u0435\u0432\u043e","description":"Mir\u00eb se erdh\u00ebt n\u00eb ueb faqen zyrtare t\u00eb Komun\u00ebs s\u00eb K\u00ebr\u00e7ov\u00ebs","publisher":{"@id":"https:\/\/kicevo.gov.mk\/sq\/#organization"},"potentialAction":[{"@type":"SearchAction","target":{"@type":"EntryPoint","urlTemplate":"https:\/\/kicevo.gov.mk\/sq\/?s={search_term_string}"},"query-input":{"@type":"PropertyValueSpecification","valueRequired":true,"valueName":"search_term_string"}}],"inLanguage":"sq"},{"@type":"Organization","@id":"https:\/\/kicevo.gov.mk\/sq\/#organization","name":"Opstina Kicevo","url":"https:\/\/kicevo.gov.mk\/sq\/","logo":{"@type":"ImageObject","inLanguage":"sq","@id":"https:\/\/kicevo.gov.mk\/sq\/#\/schema\/logo\/image\/","url":"https:\/\/kicevo.gov.mk\/wp-content\/uploads\/2025\/11\/logo-alb.png","contentUrl":"https:\/\/kicevo.gov.mk\/wp-content\/uploads\/2025\/11\/logo-alb.png","width":1200,"height":1592,"caption":"Opstina Kicevo"},"image":{"@id":"https:\/\/kicevo.gov.mk\/sq\/#\/schema\/logo\/image\/"}}]}},"uagb_featured_image_src":{"full":false,"thumbnail":false,"medium":false,"medium_large":false,"large":false,"1536x1536":false,"2048x2048":false,"vp_sm":false,"vp_md":false,"vp_lg":false,"vp_xl":false,"vp_sm_popup":false,"vp_md_popup":false,"vp_xl_popup":false},"uagb_author_info":{"display_name":"Marina","author_link":"https:\/\/kicevo.gov.mk\/sq\/author\/adminmsb\/"},"uagb_comment_info":0,"uagb_excerpt":null,"_links":{"self":[{"href":"https:\/\/kicevo.gov.mk\/sq\/wp-json\/wp\/v2\/pages\/7086","targetHints":{"allow":["GET"]}}],"collection":[{"href":"https:\/\/kicevo.gov.mk\/sq\/wp-json\/wp\/v2\/pages"}],"about":[{"href":"https:\/\/kicevo.gov.mk\/sq\/wp-json\/wp\/v2\/types\/page"}],"author":[{"embeddable":true,"href":"https:\/\/kicevo.gov.mk\/sq\/wp-json\/wp\/v2\/users\/3"}],"replies":[{"embeddable":true,"href":"https:\/\/kicevo.gov.mk\/sq\/wp-json\/wp\/v2\/comments?post=7086"}],"version-history":[{"count":5,"href":"https:\/\/kicevo.gov.mk\/sq\/wp-json\/wp\/v2\/pages\/7086\/revisions"}],"predecessor-version":[{"id":7232,"href":"https:\/\/kicevo.gov.mk\/sq\/wp-json\/wp\/v2\/pages\/7086\/revisions\/7232"}],"wp:attachment":[{"href":"https:\/\/kicevo.gov.mk\/sq\/wp-json\/wp\/v2\/media?parent=7086"}],"curies":[{"name":"wp","href":"https:\/\/api.w.org\/{rel}","templated":true}]}} 