{"id":6945,"date":"2023-02-09T12:20:11","date_gmt":"2023-02-09T12:20:11","guid":{"rendered":"https:\/\/kicevo.gov.mk\/?page_id=6945"},"modified":"2025-12-02T11:42:10","modified_gmt":"2025-12-02T11:42:10","slug":"nadlezhnosti-na-opshtinata","status":"publish","type":"page","link":"https:\/\/kicevo.gov.mk\/sq\/nadlezhnosti-na-opshtinata\/","title":{"rendered":"Kompetencat e Komun\u00ebs"},"content":{"rendered":"\n<div class=\"wp-block-file\"><a id=\"wp-block-file--media-4105cf15-568a-42d2-8863-fdea1101990f\" href=\"https:\/\/kicevo.gov.mk\/wp-content\/uploads\/2023\/02\/\u041b\u0438\u0441\u0442\u0430-\u043d\u0430-\u0437\u0430\u043a\u043e\u043d\u0438-\u041e\u043f\u0448\u0442\u0438\u043d\u0430-\u041a\u0438\u0447\u0435\u0432\u043e.pdf\" target=\"_blank\" rel=\"noreferrer noopener\">Lista e ligjeve &#8211; Komuna e K\u00ebr\u00e7ov\u00ebs<\/a><a href=\"https:\/\/kicevo.gov.mk\/wp-content\/uploads\/2023\/02\/\u041b\u0438\u0441\u0442\u0430-\u043d\u0430-\u0437\u0430\u043a\u043e\u043d\u0438-\u041e\u043f\u0448\u0442\u0438\u043d\u0430-\u041a\u0438\u0447\u0435\u0432\u043e.pdf\" class=\"wp-block-file__button wp-element-button\" download aria-describedby=\"wp-block-file--media-4105cf15-568a-42d2-8863-fdea1101990f\">Shkarko<\/a><\/div>\n\n\n\n<p>Komuna \u00ebsht\u00eb kompetente p\u00ebr kryerjen e k\u00ebtyre pun\u00ebve:<\/p>\n\n\n\n<ol class=\"wp-block-list\">\n<li>Planifikimin urbanistik (urban dhe rural), dh\u00ebnien e lejeve p\u00ebr nd\u00ebrtim, p\u00ebr nd\u00ebrtim t\u00eb objekteve me r\u00ebnd\u00ebsi lokale t\u00eb caktuara me Ligjin p\u00ebr rregullimin e hap\u00ebsir\u00ebs dhe tok\u00ebs nd\u00ebrtimore<\/li>\n\n\n\n<li>Mbrojtjen e mjedisit jet\u00ebsor dhe natyr\u00ebs, n\u00eb kuptimin e marrjes s\u00eb masave p\u00ebr mbrojtjen dhe pengim t\u00eb ndotjes s\u00eb ujit, ajrit, tok\u00ebs, mbrojtjen e natyr\u00ebs, mbrojtjen nga zhurma dhe rrezatimit jojonizues<\/li>\n\n\n\n<li>Planifikimin e zhvillimit ekonomik lokal, caktimin e prioriteteve zhvillimore dhe strukturore, zhvillimin e politik\u00ebs ekonomike lokale, p\u00ebrkrahjen e zhvillimit t\u00eb nd\u00ebrmarrjeve t\u00eb vogla dhe t\u00eb mesme, zhvillimit t\u00eb bujq\u00ebsis\u00eb dhe t\u00eb sip\u00ebrmarrjeve n\u00eb nivel lokal dhe n\u00eb k\u00ebt\u00eb kontekst merr pjes\u00eb n\u00eb vendosjen e zhvillimit t\u00eb rrjetit lokal t\u00eb institucioneve dhe agjencive dhe promovimin e partneritetit<\/li>\n\n\n\n<li>Veprimtarit\u00eb komunale n\u00eb kuptim t\u00eb furnizimit me uj\u00eb t\u00eb pijsh\u00ebm, p\u00ebrcjelljen e ujrave teknologjik, orientimin dhe pastrimin e uj\u00ebrave t\u00eb ndotur, ndri\u00e7imin publik, orientimin dhe trajtimin e uj\u00ebrave atmosferik, mir\u00ebmbajtjen e past\u00ebrtis\u00eb publike, mbledhjen dhe transportin e hedhurinave t\u00eb forta dhe teknologjike, rregullimin dhe organizimin e udh\u00ebtimit publik lokal t\u00eb udh\u00ebtar\u00ebve, mir\u00ebmbajtjen e varrezave dhe varreve dhe dh\u00ebnien e sh\u00ebrbimit t\u00eb varrimit, nd\u00ebrtimin, mir\u00ebmbajtjen, riparimin e rrug\u00ebve lokale, rrugicave dhe objekte t\u00eb tjera t\u00eb infrastruktur\u00ebs, rregullimin e regjimit t\u00eb komunikacionit, nd\u00ebrtimin dhe mir\u00ebmbajtjen e sinjalizimit t\u00eb komunikacionit, nd\u00ebrtimin dhe mir\u00ebmbajtje e hapsir\u00ebs publike p\u00ebr parkim, m\u00ebnjanimin e automjeteve t\u00eb parkuara n\u00eb m\u00ebnyr\u00eb jo t\u00eb rregullt, m\u00ebnjanimin e automjeteve t\u00eb prishura nga sip\u00ebrfaqet publike, nd\u00ebrtimin dhe mir\u00ebmbajtjen e tregjeve, pastrimin e oxhaqeve, mir\u00ebmbajtjen dhe shfryt\u00ebzimin e parqeve dhe t\u00eb gjelb\u00ebrimit, parqeve pyjore dhe sip\u00ebrfaqeve rekreative, rregullimin, mir\u00ebmbajtjen dhe shfryt\u00ebzimin e shtret\u00ebrve t\u00eb lumejve n\u00eb pjes\u00ebt e urbanizuara, p\u00ebrcaktimin e emrave t\u00eb rrug\u00ebve, shesheve, urave dhe objekteve t\u00eb tjera infrastrukturore<\/li>\n\n\n\n<li>Kultura n\u00eb kuptim institucional dhe p\u00ebrkrahjen finansiare t\u00eb objekteve kulturore dhe projekteve, ruajtjen e folklorit, traditat, zejet e vjetra dhe vlerat e tjera kulturore, organizimin e manifestimeve kulturore dhe nxitjen e formave t\u00eb ndryshme specifike t\u00eb krijimtaris\u00eb<\/li>\n\n\n\n<li>Sporti dhe rekreimi n\u00eb kuptim t\u00eb zhvillimit t\u00eb sportit masiv dhe aktiviteteve rekreative, organizimin e takimeve sportive dhe manifestimeve, mir\u00ebmbajtjen dhe nd\u00ebrtimin e objekteve p\u00ebr sport si dhe p\u00ebrkrahjen e Lidhjeve sportive<\/li>\n\n\n\n<li>Mbrojtja sociale dhe mbrojtja e f\u00ebmij\u00ebve n\u00eb kuptim t\u00eb financimit, investimeve, mir\u00ebmbajtjen e pron\u00ebsis\u00eb t\u00eb \u00e7erdheve p\u00ebr f\u00ebmij\u00eb dhe sht\u00ebpit\u00eb e pleqve, realizimin e p\u00ebrkujdesit social p\u00ebr personat invalid\u00eb, f\u00ebmij\u00ebt pa prind\u00ebr dhe pa kujdes prind\u00ebror, f\u00ebmij\u00ebt me probleme n\u00eb edukimin social, f\u00ebmij\u00eb me nevoja t\u00eb posa\u00e7me, f\u00ebmij\u00eb me familje nj\u00ebprindore, f\u00ebmij\u00ebt e rrug\u00ebs, persona p\u00ebr nevoj\u00eb sociale, persona t\u00eb cil\u00ebt jan\u00eb n\u00eb varshm\u00ebri t\u00eb p\u00ebrdorin drog\u00ebn dhe alkoolin, ngritjen e vet\u00ebdijes te popullata, strehimin e personave me rrezik social, realizimin e t\u00eb drejtave dhe edukimin e f\u00ebmij\u00ebve nga mosha parashkollore<\/li>\n\n\n\n<li>Arsimi n\u00eb kuptim t\u00eb themelimit, financimit dhe administrimit t\u00eb shkollave fillore dhe t\u00eb mesme n\u00eb bashk\u00ebpunim me pushtetin qendror dhe n\u00eb pajtim me ligjin si dhe organizimin e udh\u00ebtimit dhe ushqimin p\u00ebr nx\u00ebn\u00ebsit si dhe vendosjen e tyre n\u00eb sht\u00ebpi t\u00eb nx\u00ebn\u00ebsve<\/li>\n\n\n\n<li>Mbrojtja sh\u00ebndet\u00ebsore n\u00eb kuptim t\u00eb drejtimit me rrjetin publik dhe organizimin sh\u00ebndet\u00ebsor dhe objekte nga mbrojtja primare sh\u00ebndet\u00ebsore n\u00eb aspektin e mbrojtjes sh\u00ebndet\u00ebsore ku Komuna \u00ebsht\u00eb prezente n\u00eb t\u00eb gjitha K\u00ebshillat e organizatave sh\u00ebndet\u00ebsore n\u00eb pron\u00ebsi publike, edukimi sh\u00ebndet\u00ebsor, p\u00ebrparimin e sh\u00ebndetsis\u00eb, aktivitetet preventive, mbrojtjen e sh\u00ebndetit t\u00eb pun\u00ebtor\u00ebve dhe mbrojtje gjat\u00eb pun\u00ebs, mbk\u00ebqyrje sh\u00ebndet\u00ebsore mbi mjedisin jet\u00ebsor, mbikqyrje mbi s\u00ebmundjet ngjit\u00ebse, ndihm\u00ebn e pacient\u00ebve me nevoja specifike nga l\u00ebmit\u00eb e tjera t\u00eb caktuara me ligj<\/li>\n\n\n\n<li>Realizimin e p\u00ebrgatitjeve dhe marrjen e masave p\u00ebr mbrojtje dhe shp\u00ebtimin e qytetar\u00ebve dhe t\u00eb mirave materiale nga rreziqet e luft\u00ebs, dukurive elementare dhe fatkeq\u00ebsive natyrore dhe fatkeq\u00ebsi t\u00eb tjera si dhe pasojat e paraqitura nga k\u00ebto.<\/li>\n\n\n\n<li>I regullon \u00e7\u00ebshtjet e lidhura me sh\u00ebnimin e ngjarjeve me r\u00ebnd\u00ebsi dhe personat e dalluar me sh\u00ebnim p\u00ebrkujtimor, kushtet dhe procedur\u00ebn p\u00ebr ngritjen e p\u00ebrmendoreve, subjektet p\u00ebrgjegj\u00ebse n\u00eb nivel t\u00eb ngritjes dhe mbrojtjes, ruajtjes si dhe kryerjen e mbikqyrjes dhe kontrollimit. Mban regjist\u00ebr p\u00ebr sh\u00ebnime nga rajoni i vet<\/li>\n\n\n\n<li>Mbrojtje kund\u00ebr zjarrit nga Nj\u00ebsia territoriale e zjarr\u00ebfikjes<\/li>\n\n\n\n<li>Mbikqyrje p\u00ebr kryerjen e pun\u00ebve n\u00eb kompetenc\u00eb t\u00eb Komun\u00ebs<\/li>\n\n\n\n<li>Pun\u00eb t\u00eb tjera t\u00eb p\u00ebrcaktuara me ligj<\/li>\n<\/ol>\n","protected":false},"excerpt":{"rendered":"<p>Komuna \u00ebsht\u00eb kompetente p\u00ebr kryerjen e k\u00ebtyre pun\u00ebve:<\/p>\n","protected":false},"author":3,"featured_media":0,"parent":0,"menu_order":0,"comment_status":"closed","ping_status":"closed","template":"page-templates\/sidebar-right.php","meta":{"_uag_custom_page_level_css":"","_vp_format_video_url":"","_vp_image_focal_point":[],"footnotes":""},"class_list":["post-6945","page","type-page","status-publish","hentry"],"translation":{"provider":"WPGlobus","version":"3.0.2","language":"sq","enabled_languages":["mk","sq"],"languages":{"mk":{"title":true,"content":true,"excerpt":false},"sq":{"title":true,"content":true,"excerpt":false}}},"yoast_head":"<!-- This site is optimized with the Yoast SEO plugin v27.3 - https:\/\/yoast.com\/product\/yoast-seo-wordpress\/ -->\n<title>Kompetencat e Komun\u00ebs | Komuna e K\u00ebr\u00e7ov\u00ebs<\/title>\n<meta name=\"robots\" content=\"index, follow, max-snippet:-1, max-image-preview:large, max-video-preview:-1\" \/>\n<link rel=\"canonical\" href=\"https:\/\/kicevo.gov.mk\/nadlezhnosti-na-opshtinata\/\" \/>\n<meta property=\"og:locale\" content=\"sq_AL\" \/>\n<meta property=\"og:type\" content=\"article\" \/>\n<meta property=\"og:title\" content=\"Kompetencat e Komun\u00ebs | Komuna e K\u00ebr\u00e7ov\u00ebs\" \/>\n<meta property=\"og:url\" content=\"https:\/\/kicevo.gov.mk\/nadlezhnosti-na-opshtinata\/\" \/>\n<meta property=\"og:site_name\" content=\"Komuna e K\u00ebr\u00e7ov\u00ebs\" \/>\n<meta property=\"article:modified_time\" content=\"2025-12-02T11:42:10+00:00\" \/>\n<meta name=\"twitter:card\" content=\"summary_large_image\" \/>\n<meta name=\"twitter:label1\" content=\"Est. reading time\" \/>\n\t<meta name=\"twitter:data1\" content=\"4 minuta\" \/>\n<script type=\"application\/ld+json\" class=\"yoast-schema-graph\">{\"@context\":\"https:\\\/\\\/schema.org\",\"@graph\":[{\"@type\":\"WebPage\",\"@id\":\"https:\\\/\\\/kicevo.gov.mk\\\/nadlezhnosti-na-opshtinata\\\/\",\"url\":\"https:\\\/\\\/kicevo.gov.mk\\\/nadlezhnosti-na-opshtinata\\\/\",\"name\":\"Kompetencat e Komun\u00ebs | Komuna e K\u00ebr\u00e7ov\u00ebs\",\"isPartOf\":{\"@id\":\"https:\\\/\\\/kicevo.gov.mk\\\/#website\"},\"datePublished\":\"2023-02-09T12:20:11+00:00\",\"dateModified\":\"2025-12-02T11:42:10+00:00\",\"breadcrumb\":{\"@id\":\"https:\\\/\\\/kicevo.gov.mk\\\/nadlezhnosti-na-opshtinata\\\/#breadcrumb\"},\"inLanguage\":\"sq\",\"potentialAction\":[{\"@type\":\"ReadAction\",\"target\":[\"https:\\\/\\\/kicevo.gov.mk\\\/nadlezhnosti-na-opshtinata\\\/\"]}]},{\"@type\":\"BreadcrumbList\",\"@id\":\"https:\\\/\\\/kicevo.gov.mk\\\/nadlezhnosti-na-opshtinata\\\/#breadcrumb\",\"itemListElement\":[{\"@type\":\"ListItem\",\"position\":1,\"name\":\"\u041f\u043e\u0447\u0435\u0442\u043d\u0430\",\"item\":\"https:\\\/\\\/kicevo.gov.mk\\\/\"},{\"@type\":\"ListItem\",\"position\":2,\"name\":\"\u041d\u0430\u0434\u043b\u0435\u0436\u043d\u043e\u0441\u0442\u0438 \u043d\u0430 \u043e\u043f\u0448\u0442\u0438\u043d\u0430\u0442\u0430\"}]},{\"@type\":\"WebSite\",\"@id\":\"https:\\\/\\\/kicevo.gov.mk\\\/#website\",\"url\":\"https:\\\/\\\/kicevo.gov.mk\\\/\",\"name\":\"\u041e\u043f\u0448\u0442\u0438\u043d\u0430 \u041a\u0438\u0447\u0435\u0432\u043e\",\"description\":\"Mir\u00eb se erdh\u00ebt n\u00eb ueb faqen zyrtare t\u00eb Komun\u00ebs s\u00eb K\u00ebr\u00e7ov\u00ebs\",\"publisher\":{\"@id\":\"https:\\\/\\\/kicevo.gov.mk\\\/#organization\"},\"potentialAction\":[{\"@type\":\"SearchAction\",\"target\":{\"@type\":\"EntryPoint\",\"urlTemplate\":\"https:\\\/\\\/kicevo.gov.mk\\\/?s={search_term_string}\"},\"query-input\":{\"@type\":\"PropertyValueSpecification\",\"valueRequired\":true,\"valueName\":\"search_term_string\"}}],\"inLanguage\":\"sq\"},{\"@type\":\"Organization\",\"@id\":\"https:\\\/\\\/kicevo.gov.mk\\\/#organization\",\"name\":\"Opstina Kicevo\",\"url\":\"https:\\\/\\\/kicevo.gov.mk\\\/\",\"logo\":{\"@type\":\"ImageObject\",\"inLanguage\":\"sq\",\"@id\":\"https:\\\/\\\/kicevo.gov.mk\\\/#\\\/schema\\\/logo\\\/image\\\/\",\"url\":\"https:\\\/\\\/kicevo.gov.mk\\\/wp-content\\\/uploads\\\/2025\\\/11\\\/logo-alb.png\",\"contentUrl\":\"https:\\\/\\\/kicevo.gov.mk\\\/wp-content\\\/uploads\\\/2025\\\/11\\\/logo-alb.png\",\"width\":1200,\"height\":1592,\"caption\":\"Opstina Kicevo\"},\"image\":{\"@id\":\"https:\\\/\\\/kicevo.gov.mk\\\/#\\\/schema\\\/logo\\\/image\\\/\"}}]}<\/script>\n<!-- \/ Yoast SEO plugin. -->","yoast_head_json":{"title":"Kompetencat e Komun\u00ebs | Komuna e K\u00ebr\u00e7ov\u00ebs","robots":{"index":"index","follow":"follow","max-snippet":"max-snippet:-1","max-image-preview":"max-image-preview:large","max-video-preview":"max-video-preview:-1"},"canonical":"https:\/\/kicevo.gov.mk\/nadlezhnosti-na-opshtinata\/","og_locale":"sq_AL","og_type":"article","og_title":"Kompetencat e Komun\u00ebs | Komuna e K\u00ebr\u00e7ov\u00ebs","og_url":"https:\/\/kicevo.gov.mk\/nadlezhnosti-na-opshtinata\/","og_site_name":"Komuna e K\u00ebr\u00e7ov\u00ebs","article_modified_time":"2025-12-02T11:42:10+00:00","twitter_card":"summary_large_image","twitter_misc":{"Est. reading time":"4 minuta"},"schema":{"@context":"https:\/\/schema.org","@graph":[{"@type":"WebPage","@id":"https:\/\/kicevo.gov.mk\/nadlezhnosti-na-opshtinata\/","url":"https:\/\/kicevo.gov.mk\/nadlezhnosti-na-opshtinata\/","name":"Kompetencat e Komun\u00ebs | Komuna e K\u00ebr\u00e7ov\u00ebs","isPartOf":{"@id":"https:\/\/kicevo.gov.mk\/#website"},"datePublished":"2023-02-09T12:20:11+00:00","dateModified":"2025-12-02T11:42:10+00:00","breadcrumb":{"@id":"https:\/\/kicevo.gov.mk\/nadlezhnosti-na-opshtinata\/#breadcrumb"},"inLanguage":"sq","potentialAction":[{"@type":"ReadAction","target":["https:\/\/kicevo.gov.mk\/nadlezhnosti-na-opshtinata\/"]}]},{"@type":"BreadcrumbList","@id":"https:\/\/kicevo.gov.mk\/nadlezhnosti-na-opshtinata\/#breadcrumb","itemListElement":[{"@type":"ListItem","position":1,"name":"\u041f\u043e\u0447\u0435\u0442\u043d\u0430","item":"https:\/\/kicevo.gov.mk\/"},{"@type":"ListItem","position":2,"name":"\u041d\u0430\u0434\u043b\u0435\u0436\u043d\u043e\u0441\u0442\u0438 \u043d\u0430 \u043e\u043f\u0448\u0442\u0438\u043d\u0430\u0442\u0430"}]},{"@type":"WebSite","@id":"https:\/\/kicevo.gov.mk\/#website","url":"https:\/\/kicevo.gov.mk\/","name":"\u041e\u043f\u0448\u0442\u0438\u043d\u0430 \u041a\u0438\u0447\u0435\u0432\u043e","description":"Mir\u00eb se erdh\u00ebt n\u00eb ueb faqen zyrtare t\u00eb Komun\u00ebs s\u00eb K\u00ebr\u00e7ov\u00ebs","publisher":{"@id":"https:\/\/kicevo.gov.mk\/#organization"},"potentialAction":[{"@type":"SearchAction","target":{"@type":"EntryPoint","urlTemplate":"https:\/\/kicevo.gov.mk\/?s={search_term_string}"},"query-input":{"@type":"PropertyValueSpecification","valueRequired":true,"valueName":"search_term_string"}}],"inLanguage":"sq"},{"@type":"Organization","@id":"https:\/\/kicevo.gov.mk\/#organization","name":"Opstina Kicevo","url":"https:\/\/kicevo.gov.mk\/","logo":{"@type":"ImageObject","inLanguage":"sq","@id":"https:\/\/kicevo.gov.mk\/#\/schema\/logo\/image\/","url":"https:\/\/kicevo.gov.mk\/wp-content\/uploads\/2025\/11\/logo-alb.png","contentUrl":"https:\/\/kicevo.gov.mk\/wp-content\/uploads\/2025\/11\/logo-alb.png","width":1200,"height":1592,"caption":"Opstina Kicevo"},"image":{"@id":"https:\/\/kicevo.gov.mk\/#\/schema\/logo\/image\/"}}]}},"uagb_featured_image_src":{"full":false,"thumbnail":false,"medium":false,"medium_large":false,"large":false,"1536x1536":false,"2048x2048":false,"vp_sm":false,"vp_md":false,"vp_lg":false,"vp_xl":false,"vp_sm_popup":false,"vp_md_popup":false,"vp_xl_popup":false},"uagb_author_info":{"display_name":"Marina","author_link":"https:\/\/kicevo.gov.mk\/sq\/author\/adminmsb\/"},"uagb_comment_info":0,"uagb_excerpt":"Komuna \u00ebsht\u00eb kompetente p\u00ebr kryerjen e k\u00ebtyre pun\u00ebve:","_links":{"self":[{"href":"https:\/\/kicevo.gov.mk\/sq\/wp-json\/wp\/v2\/pages\/6945","targetHints":{"allow":["GET"]}}],"collection":[{"href":"https:\/\/kicevo.gov.mk\/sq\/wp-json\/wp\/v2\/pages"}],"about":[{"href":"https:\/\/kicevo.gov.mk\/sq\/wp-json\/wp\/v2\/types\/page"}],"author":[{"embeddable":true,"href":"https:\/\/kicevo.gov.mk\/sq\/wp-json\/wp\/v2\/users\/3"}],"replies":[{"embeddable":true,"href":"https:\/\/kicevo.gov.mk\/sq\/wp-json\/wp\/v2\/comments?post=6945"}],"version-history":[{"count":5,"href":"https:\/\/kicevo.gov.mk\/sq\/wp-json\/wp\/v2\/pages\/6945\/revisions"}],"predecessor-version":[{"id":6963,"href":"https:\/\/kicevo.gov.mk\/sq\/wp-json\/wp\/v2\/pages\/6945\/revisions\/6963"}],"wp:attachment":[{"href":"https:\/\/kicevo.gov.mk\/sq\/wp-json\/wp\/v2\/media?parent=6945"}],"curies":[{"name":"wp","href":"https:\/\/api.w.org\/{rel}","templated":true}]}}