{"id":638,"date":"2022-09-07T10:32:00","date_gmt":"2022-09-07T10:32:00","guid":{"rendered":"http:\/\/localhost\/opstina\/?page_id=638"},"modified":"2025-12-02T12:22:14","modified_gmt":"2025-12-02T12:22:14","slug":"sektor-za-komunalni-dejnosti-infrast","status":"publish","type":"page","link":"https:\/\/kicevo.gov.mk\/sq\/sektor-za-komunalni-dejnosti-infrast\/","title":{"rendered":"Sektori p\u00ebr Veprimtari komunale, Infrastruktur\u00eb, Trafik dhe Efikasitet e energjetik"},"content":{"rendered":"\n<h4 class=\"wp-block-heading\">Struktura<\/h4>\n\n\n\n<p><a href=\"https:\/\/kicevo.gov.mk\/sq\/oddelenie-za-komunalni-dejnosti-infr\/\">Nj\u00ebsia p\u00ebr Veprimtari komunale, Infrastruktur\u00eb dhe Trafik<\/a><br><a href=\"https:\/\/kicevo.gov.mk\/sq\/oddelenie-za-energetska-efikasnost-i\/\">Nj\u00ebsia p\u00ebr Efikasitet energjetik dhe Burimeve t\u00eb energjis\u00eb s\u00eb rinovueshme<\/a><\/p>\n\n\n\n<h4 class=\"wp-block-heading\">Kompetencat<\/h4>\n\n\n\n<p>Sektori p\u00ebr Veprimtari komunale, Infrastruktur\u00eb, Trafik dhe Efikasitet e energjetik merret me realizimin e kompetencave q\u00eb kan\u00eb t\u00eb b\u00ebjn\u00eb me:<\/p>\n\n\n\n<ul class=\"wp-block-list\">\n<li>Nd\u00ebrtimi i objekteve infrastrukturore dhe kapitale, realizimi i programit t\u00eb zhvillimit t\u00eb tok\u00ebs nd\u00ebrtimore t\u00eb komun\u00ebs<\/li>\n\n\n\n<li>Realizimi i programit p\u00ebr nd\u00ebrtimin e infrastruktur\u00ebs dhe objekteve kapitale<\/li>\n\n\n\n<li>Puna n\u00eb lidhje me ujin p\u00ebr pije, ujin teknologjik dhe uj\u00ebrat e zeza, ndri\u00e7imin publik, mir\u00ebmbajtjen e past\u00ebrtis\u00eb publike, menaxhimin e mbetjeve, organizimin e transportit publik lokal t\u00eb pasagjer\u00ebve, mir\u00ebmbajtjen e varrezave.<\/li>\n\n\n\n<li>Puna n\u00eb lidhje me nd\u00ebrtimin, mir\u00ebmbajtjen, rind\u00ebrtimin dhe mbrojtjen e rrug\u00ebve lokale dhe objekteve t\u00eb tjera t\u00eb infrastruktur\u00ebs<\/li>\n\n\n\n<li>Rregullimi i regjimit t\u00eb komunikacionit dhe mir\u00ebmbajtja e sinjalistik\u00ebs s\u00eb komunikacionit rrugor<\/li>\n\n\n\n<li>Mir\u00ebmbajtja e gjelb\u00ebrimit n\u00eb sip\u00ebrfaqet publike<\/li>\n\n\n\n<li>Mir\u00ebmbajtja dhe p\u00ebrdorimi i tregjeve publike<\/li>\n\n\n\n<li>Dezinfektim, dezinsektim dhe deratizim<\/li>\n\n\n\n<li>Nd\u00ebrtimi, mir\u00ebmbajtja dhe shfryt\u00ebzimi i parkingjeve publike<\/li>\n\n\n\n<li>Mir\u00ebmbajtja dhe shfryt\u00ebzimi i parqeve<\/li>\n\n\n\n<li>Furnizimi i p\u00ebrdoruesve me gaz natyror dhe energji termike<\/li>\n\n\n\n<li>Nd\u00ebrtimi, mir\u00ebmbajtja dhe rikonstruksioni i objekteve t\u00eb uj\u00ebsjell\u00ebsit, rrjetit t\u00eb kanalizimit, rrjetit elektrik, shtigjeve p\u00ebr k\u00ebmb\u00ebsor\u00eb, dhe k\u00ebndeve t\u00eb loj\u00ebrave p\u00ebr f\u00ebmij\u00eb dhe sporteve, rregullimi i shtret\u00ebrve t\u00eb lumenjve.<\/li>\n\n\n\n<li>P\u00ebrgatitja e Programit p\u00ebr Efikasitet Energjetik t\u00eb Komun\u00ebs dhe \u2022 Gj\u00ebra t\u00eb tjera q\u00eb do t\u00eb p\u00ebrcaktohen n\u00eb kuad\u00ebr t\u00eb kompetencave sipas ligjeve dhe rregulloreve tjera<\/li>\n<\/ul>\n","protected":false},"excerpt":{"rendered":"<p>Struktura Nj\u00ebsia p\u00ebr Veprimtari komunale, Infrastruktur\u00eb dhe TrafikNj\u00ebsia p\u00ebr Efikasitet energjetik dhe Burimeve t\u00eb energjis\u00eb s\u00eb rinovueshme Kompetencat Sektori p\u00ebr Veprimtari komunale, Infrastruktur\u00eb, Trafik dhe Efikasitet e energjetik merret me realizimin e kompetencave q\u00eb kan\u00eb t\u00eb b\u00ebjn\u00eb me:<\/p>\n","protected":false},"author":3,"featured_media":0,"parent":0,"menu_order":0,"comment_status":"closed","ping_status":"closed","template":"page-templates\/sidebar-right.php","meta":{"_uag_custom_page_level_css":"","_vp_format_video_url":"","_vp_image_focal_point":[],"footnotes":""},"class_list":["post-638","page","type-page","status-publish","hentry"],"translation":{"provider":"WPGlobus","version":"3.0.2","language":"sq","enabled_languages":["mk","sq"],"languages":{"mk":{"title":true,"content":true,"excerpt":false},"sq":{"title":true,"content":true,"excerpt":false}}},"yoast_head":"<!-- This site is optimized with the Yoast SEO plugin v27.4 - https:\/\/yoast.com\/product\/yoast-seo-wordpress\/ -->\n<title>Sektori p\u00ebr Veprimtari komunale, Infrastruktur\u00eb, Trafik dhe Efikasitet e energjetik | Komuna e K\u00ebr\u00e7ov\u00ebs<\/title>\n<meta name=\"robots\" content=\"index, follow, max-snippet:-1, max-image-preview:large, max-video-preview:-1\" \/>\n<link rel=\"canonical\" href=\"https:\/\/kicevo.gov.mk\/sq\/sektor-za-komunalni-dejnosti-infrast\/\" \/>\n<meta property=\"og:locale\" content=\"sq_AL\" \/>\n<meta property=\"og:type\" content=\"article\" \/>\n<meta property=\"og:title\" content=\"Sektori p\u00ebr Veprimtari komunale, Infrastruktur\u00eb, Trafik dhe Efikasitet e energjetik | Komuna e K\u00ebr\u00e7ov\u00ebs\" \/>\n<meta property=\"og:url\" content=\"https:\/\/kicevo.gov.mk\/sq\/sektor-za-komunalni-dejnosti-infrast\/\" \/>\n<meta property=\"og:site_name\" content=\"Komuna e K\u00ebr\u00e7ov\u00ebs\" \/>\n<meta property=\"article:modified_time\" content=\"2025-12-02T12:22:14+00:00\" \/>\n<meta name=\"twitter:card\" content=\"summary_large_image\" \/>\n<meta name=\"twitter:label1\" content=\"Est. reading time\" \/>\n\t<meta name=\"twitter:data1\" content=\"1 minut\u00eb\" \/>\n<script type=\"application\/ld+json\" class=\"yoast-schema-graph\">{\"@context\":\"https:\\\/\\\/schema.org\",\"@graph\":[{\"@type\":\"WebPage\",\"@id\":\"https:\\\/\\\/kicevo.gov.mk\\\/sq\\\/sektor-za-komunalni-dejnosti-infrast\\\/\",\"url\":\"https:\\\/\\\/kicevo.gov.mk\\\/sq\\\/sektor-za-komunalni-dejnosti-infrast\\\/\",\"name\":\"Sektori p\u00ebr Veprimtari komunale, Infrastruktur\u00eb, Trafik dhe Efikasitet e energjetik | Komuna e K\u00ebr\u00e7ov\u00ebs\",\"isPartOf\":{\"@id\":\"https:\\\/\\\/kicevo.gov.mk\\\/#website\"},\"datePublished\":\"2022-09-07T10:32:00+00:00\",\"dateModified\":\"2025-12-02T12:22:14+00:00\",\"breadcrumb\":{\"@id\":\"https:\\\/\\\/kicevo.gov.mk\\\/sq\\\/sektor-za-komunalni-dejnosti-infrast\\\/#breadcrumb\"},\"inLanguage\":\"sq\",\"potentialAction\":[{\"@type\":\"ReadAction\",\"target\":[\"https:\\\/\\\/kicevo.gov.mk\\\/sq\\\/sektor-za-komunalni-dejnosti-infrast\\\/\"]}]},{\"@type\":\"BreadcrumbList\",\"@id\":\"https:\\\/\\\/kicevo.gov.mk\\\/sq\\\/sektor-za-komunalni-dejnosti-infrast\\\/#breadcrumb\",\"itemListElement\":[{\"@type\":\"ListItem\",\"position\":1,\"name\":\"\u041f\u043e\u0447\u0435\u0442\u043d\u0430\",\"item\":\"https:\\\/\\\/kicevo.gov.mk\\\/\"},{\"@type\":\"ListItem\",\"position\":2,\"name\":\"Sektori p\u00ebr Veprimtari komunale, Infrastruktur\u00eb, Trafik dhe Efikasitet e energjetik\"}]},{\"@type\":\"WebSite\",\"@id\":\"https:\\\/\\\/kicevo.gov.mk\\\/#website\",\"url\":\"https:\\\/\\\/kicevo.gov.mk\\\/\",\"name\":\"\u041e\u043f\u0448\u0442\u0438\u043d\u0430 \u041a\u0438\u0447\u0435\u0432\u043e\",\"description\":\"Mir\u00eb se erdh\u00ebt n\u00eb ueb faqen zyrtare t\u00eb Komun\u00ebs s\u00eb K\u00ebr\u00e7ov\u00ebs\",\"publisher\":{\"@id\":\"https:\\\/\\\/kicevo.gov.mk\\\/#organization\"},\"potentialAction\":[{\"@type\":\"SearchAction\",\"target\":{\"@type\":\"EntryPoint\",\"urlTemplate\":\"https:\\\/\\\/kicevo.gov.mk\\\/?s={search_term_string}\"},\"query-input\":{\"@type\":\"PropertyValueSpecification\",\"valueRequired\":true,\"valueName\":\"search_term_string\"}}],\"inLanguage\":\"sq\"},{\"@type\":\"Organization\",\"@id\":\"https:\\\/\\\/kicevo.gov.mk\\\/#organization\",\"name\":\"Opstina Kicevo\",\"url\":\"https:\\\/\\\/kicevo.gov.mk\\\/\",\"logo\":{\"@type\":\"ImageObject\",\"inLanguage\":\"sq\",\"@id\":\"https:\\\/\\\/kicevo.gov.mk\\\/#\\\/schema\\\/logo\\\/image\\\/\",\"url\":\"https:\\\/\\\/kicevo.gov.mk\\\/wp-content\\\/uploads\\\/2025\\\/11\\\/logo-alb.png\",\"contentUrl\":\"https:\\\/\\\/kicevo.gov.mk\\\/wp-content\\\/uploads\\\/2025\\\/11\\\/logo-alb.png\",\"width\":1200,\"height\":1592,\"caption\":\"Opstina Kicevo\"},\"image\":{\"@id\":\"https:\\\/\\\/kicevo.gov.mk\\\/#\\\/schema\\\/logo\\\/image\\\/\"}}]}<\/script>\n<!-- \/ Yoast SEO plugin. -->","yoast_head_json":{"title":"Sektori p\u00ebr Veprimtari komunale, Infrastruktur\u00eb, Trafik dhe Efikasitet e energjetik | Komuna e K\u00ebr\u00e7ov\u00ebs","robots":{"index":"index","follow":"follow","max-snippet":"max-snippet:-1","max-image-preview":"max-image-preview:large","max-video-preview":"max-video-preview:-1"},"canonical":"https:\/\/kicevo.gov.mk\/sq\/sektor-za-komunalni-dejnosti-infrast\/","og_locale":"sq_AL","og_type":"article","og_title":"Sektori p\u00ebr Veprimtari komunale, Infrastruktur\u00eb, Trafik dhe Efikasitet e energjetik | Komuna e K\u00ebr\u00e7ov\u00ebs","og_url":"https:\/\/kicevo.gov.mk\/sq\/sektor-za-komunalni-dejnosti-infrast\/","og_site_name":"Komuna e K\u00ebr\u00e7ov\u00ebs","article_modified_time":"2025-12-02T12:22:14+00:00","twitter_card":"summary_large_image","twitter_misc":{"Est. reading time":"1 minut\u00eb"},"schema":{"@context":"https:\/\/schema.org","@graph":[{"@type":"WebPage","@id":"https:\/\/kicevo.gov.mk\/sq\/sektor-za-komunalni-dejnosti-infrast\/","url":"https:\/\/kicevo.gov.mk\/sq\/sektor-za-komunalni-dejnosti-infrast\/","name":"Sektori p\u00ebr Veprimtari komunale, Infrastruktur\u00eb, Trafik dhe Efikasitet e energjetik | Komuna e K\u00ebr\u00e7ov\u00ebs","isPartOf":{"@id":"https:\/\/kicevo.gov.mk\/#website"},"datePublished":"2022-09-07T10:32:00+00:00","dateModified":"2025-12-02T12:22:14+00:00","breadcrumb":{"@id":"https:\/\/kicevo.gov.mk\/sq\/sektor-za-komunalni-dejnosti-infrast\/#breadcrumb"},"inLanguage":"sq","potentialAction":[{"@type":"ReadAction","target":["https:\/\/kicevo.gov.mk\/sq\/sektor-za-komunalni-dejnosti-infrast\/"]}]},{"@type":"BreadcrumbList","@id":"https:\/\/kicevo.gov.mk\/sq\/sektor-za-komunalni-dejnosti-infrast\/#breadcrumb","itemListElement":[{"@type":"ListItem","position":1,"name":"\u041f\u043e\u0447\u0435\u0442\u043d\u0430","item":"https:\/\/kicevo.gov.mk\/"},{"@type":"ListItem","position":2,"name":"Sektori p\u00ebr Veprimtari komunale, Infrastruktur\u00eb, Trafik dhe Efikasitet e energjetik"}]},{"@type":"WebSite","@id":"https:\/\/kicevo.gov.mk\/#website","url":"https:\/\/kicevo.gov.mk\/","name":"\u041e\u043f\u0448\u0442\u0438\u043d\u0430 \u041a\u0438\u0447\u0435\u0432\u043e","description":"Mir\u00eb se erdh\u00ebt n\u00eb ueb faqen zyrtare t\u00eb Komun\u00ebs s\u00eb K\u00ebr\u00e7ov\u00ebs","publisher":{"@id":"https:\/\/kicevo.gov.mk\/#organization"},"potentialAction":[{"@type":"SearchAction","target":{"@type":"EntryPoint","urlTemplate":"https:\/\/kicevo.gov.mk\/?s={search_term_string}"},"query-input":{"@type":"PropertyValueSpecification","valueRequired":true,"valueName":"search_term_string"}}],"inLanguage":"sq"},{"@type":"Organization","@id":"https:\/\/kicevo.gov.mk\/#organization","name":"Opstina Kicevo","url":"https:\/\/kicevo.gov.mk\/","logo":{"@type":"ImageObject","inLanguage":"sq","@id":"https:\/\/kicevo.gov.mk\/#\/schema\/logo\/image\/","url":"https:\/\/kicevo.gov.mk\/wp-content\/uploads\/2025\/11\/logo-alb.png","contentUrl":"https:\/\/kicevo.gov.mk\/wp-content\/uploads\/2025\/11\/logo-alb.png","width":1200,"height":1592,"caption":"Opstina Kicevo"},"image":{"@id":"https:\/\/kicevo.gov.mk\/#\/schema\/logo\/image\/"}}]}},"uagb_featured_image_src":{"full":false,"thumbnail":false,"medium":false,"medium_large":false,"large":false,"1536x1536":false,"2048x2048":false,"vp_sm":false,"vp_md":false,"vp_lg":false,"vp_xl":false,"vp_sm_popup":false,"vp_md_popup":false,"vp_xl_popup":false},"uagb_author_info":{"display_name":"Marina","author_link":"https:\/\/kicevo.gov.mk\/sq\/author\/adminmsb\/"},"uagb_comment_info":0,"uagb_excerpt":"Struktura Nj\u00ebsia p\u00ebr Veprimtari komunale, Infrastruktur\u00eb dhe TrafikNj\u00ebsia p\u00ebr Efikasitet energjetik dhe Burimeve t\u00eb energjis\u00eb s\u00eb rinovueshme Kompetencat Sektori p\u00ebr Veprimtari komunale, Infrastruktur\u00eb, Trafik dhe Efikasitet e energjetik merret me realizimin e kompetencave q\u00eb kan\u00eb t\u00eb b\u00ebjn\u00eb me:","_links":{"self":[{"href":"https:\/\/kicevo.gov.mk\/sq\/wp-json\/wp\/v2\/pages\/638","targetHints":{"allow":["GET"]}}],"collection":[{"href":"https:\/\/kicevo.gov.mk\/sq\/wp-json\/wp\/v2\/pages"}],"about":[{"href":"https:\/\/kicevo.gov.mk\/sq\/wp-json\/wp\/v2\/types\/page"}],"author":[{"embeddable":true,"href":"https:\/\/kicevo.gov.mk\/sq\/wp-json\/wp\/v2\/users\/3"}],"replies":[{"embeddable":true,"href":"https:\/\/kicevo.gov.mk\/sq\/wp-json\/wp\/v2\/comments?post=638"}],"version-history":[{"count":5,"href":"https:\/\/kicevo.gov.mk\/sq\/wp-json\/wp\/v2\/pages\/638\/revisions"}],"predecessor-version":[{"id":17294,"href":"https:\/\/kicevo.gov.mk\/sq\/wp-json\/wp\/v2\/pages\/638\/revisions\/17294"}],"wp:attachment":[{"href":"https:\/\/kicevo.gov.mk\/sq\/wp-json\/wp\/v2\/media?parent=638"}],"curies":[{"name":"wp","href":"https:\/\/api.w.org\/{rel}","templated":true}]}}