{"id":635,"date":"2022-09-07T10:30:13","date_gmt":"2022-09-07T10:30:13","guid":{"rendered":"http:\/\/localhost\/opstina\/?page_id=635"},"modified":"2025-12-02T12:14:37","modified_gmt":"2025-12-02T12:14:37","slug":"sektor-za-urbanizam","status":"publish","type":"page","link":"https:\/\/kicevo.gov.mk\/sq\/sektor-za-urbanizam\/","title":{"rendered":"Sektori p\u00ebr Urbaniz\u00ebm dhe Planifikim hap\u00ebsinor, Zhvillim Ekonomik Lokal dhe Mbrojtjen e mjedisit jet\u00ebsor\u00eb"},"content":{"rendered":"\n<h4 class=\"wp-block-heading\">Struktura<\/h4>\n\n\n\n<p><a href=\"https:\/\/kicevo.gov.mk\/sq\/oddelenie-za-urbanizam-i-prostorno-pla\/\">Nj\u00ebsia p\u00ebr Urbaniz\u00ebm dhe Planifikim hap\u00ebsinor<\/a><br><a href=\"https:\/\/kicevo.gov.mk\/sq\/oddelenie-za-lokalen-ekonomski-razvo\/\">Nj\u00ebsia p\u00ebr Zhvillim Ekonomik Lokal<\/a><br><a href=\"https:\/\/kicevo.gov.mk\/sq\/oddelenie-za-zashtita-na-zhivotnata-sre\/\">Nj\u00ebsia p\u00ebr Mbrojtjen e Mjedisit Jet\u00ebsor<\/a><\/p>\n\n\n\n<h4 class=\"wp-block-heading\">Kompetencat&nbsp;<\/h4>\n\n\n\n<p>Sektori p\u00ebr Urbaniz\u00ebm dhe Planifikim hap\u00ebsinor, Zhvillim Ekonomik Lokal dhe Mbrojtjen e mjedisit jet\u00ebsor\u00eb merret me realizimin e kompetencave q\u00eb kan\u00eb t\u00eb b\u00ebjn\u00eb me:<\/p>\n\n\n\n<ul class=\"wp-block-list\">\n<li>\u00c7\u00ebshtjet q\u00eb kan\u00eb t\u00eb b\u00ebjn\u00eb me procedurat p\u00ebr miratimin e planeve t\u00eb detajuara urbanistike<\/li>\n\n\n\n<li>Planet urbanistike p\u00ebr fshatrat e Komun\u00ebs s\u00eb K\u00ebr\u00e7ov\u00ebs<\/li>\n\n\n\n<li>Planet urbanistike jasht\u00eb zonave t\u00eb banuara n\u00eb komun\u00eb<\/li>\n\n\n\n<li>Plani i dokumentacionit urbanistik lokal dhe projektet urbanistike arkitektonike<\/li>\n\n\n\n<li>\u00c7\u00ebshtjet q\u00eb kan\u00eb t\u00eb b\u00ebjn\u00eb me planifikimin urban dhe rural n\u00eb komun\u00eb<\/li>\n\n\n\n<li>Rregullimi i tok\u00ebs nd\u00ebrtimore<\/li>\n\n\n\n<li>Rregullimi i hap\u00ebsir\u00ebs<\/li>\n\n\n\n<li>Dh\u00ebnia e \u00e7ertifikatave nga planet e detajuara urbanistike<\/li>\n\n\n\n<li>Dh\u00ebnia e planeve urbanistike p\u00ebr fshatrat<\/li>\n\n\n\n<li>Planet urbanistike jasht\u00eb zonave t\u00eb banuara dhe \u00e7ertifikata nga dokumentacioni urbanistik &nbsp;vendor<\/li>\n\n\n\n<li>Miratime p\u00ebr nd\u00ebrtimin e objekteve me r\u00ebnd\u00ebsi lokale<\/li>\n\n\n\n<li>Dh\u00ebnia e miratimeve p\u00ebr vendosjen e objekteve t\u00eb p\u00ebrkohshme dhe pajisjeve urbane dhe punimeve n\u00eb lidhje me inspektimin teknik t\u00eb objekteve, si dhe akte t\u00eb tjera q\u00eb lidhen me p\u00ebrdorimin, mir\u00ebmbajtjen dhe heqjen e objekteve t\u00eb nd\u00ebrtimit.<\/li>\n\n\n\n<li>Dh\u00ebnia e miratimeve p\u00ebr nd\u00ebrtimin e objekteve n\u00eb kompetenc\u00eb t\u00eb komun\u00ebs<\/li>\n\n\n\n<li>Dh\u00ebnia e miratimeve p\u00ebr p\u00ebrdorim<\/li>\n\n\n\n<li>Kryerja e punimeve dhe detyrave n\u00eb fush\u00ebn e objekteve t\u00eb nd\u00ebrtuara pa leje<\/li>\n\n\n\n<li>Mbrojtja e mjedisit jet\u00ebsor\u00eb dhe natyr\u00ebs, masa p\u00ebr mbrojtjen dhe parandalimin e ndotjes s\u00eb ujit, ajrit dhe tok\u00ebs<\/li>\n\n\n\n<li>Planifikimi i zhvillimit ekonomik lokal dhe zbatimi i planeve n\u00eb k\u00ebt\u00eb fush\u00eb dhe<\/li>\n\n\n\n<li>Gj\u00ebra t\u00eb tjera q\u00eb do t\u00eb p\u00ebrcaktohen n\u00eb kuad\u00ebr t\u00eb kompetencave sipas ligjeve dhe rregulloreve tjera<\/li>\n<\/ul>\n","protected":false},"excerpt":{"rendered":"<p>Struktura Nj\u00ebsia p\u00ebr Urbaniz\u00ebm dhe Planifikim hap\u00ebsinorNj\u00ebsia p\u00ebr Zhvillim Ekonomik LokalNj\u00ebsia p\u00ebr Mbrojtjen e Mjedisit Jet\u00ebsor Kompetencat&nbsp; Sektori p\u00ebr Urbaniz\u00ebm dhe Planifikim hap\u00ebsinor, Zhvillim Ekonomik Lokal dhe Mbrojtjen e mjedisit jet\u00ebsor\u00eb merret me realizimin e kompetencave q\u00eb kan\u00eb t\u00eb b\u00ebjn\u00eb me:<\/p>\n","protected":false},"author":3,"featured_media":0,"parent":0,"menu_order":0,"comment_status":"closed","ping_status":"closed","template":"page-templates\/sidebar-right.php","meta":{"_uag_custom_page_level_css":"","_vp_format_video_url":"","_vp_image_focal_point":[],"footnotes":""},"class_list":["post-635","page","type-page","status-publish","hentry"],"translation":{"provider":"WPGlobus","version":"3.0.2","language":"sq","enabled_languages":["mk","sq"],"languages":{"mk":{"title":true,"content":true,"excerpt":false},"sq":{"title":true,"content":true,"excerpt":false}}},"yoast_head":"<!-- This site is optimized with the Yoast SEO plugin v27.4 - https:\/\/yoast.com\/product\/yoast-seo-wordpress\/ -->\n<title>Sektori p\u00ebr Urbaniz\u00ebm dhe Planifikim hap\u00ebsinor, Zhvillim Ekonomik Lokal dhe Mbrojtjen e mjedisit jet\u00ebsor\u00eb | Komuna e K\u00ebr\u00e7ov\u00ebs<\/title>\n<meta name=\"robots\" content=\"index, follow, max-snippet:-1, max-image-preview:large, max-video-preview:-1\" \/>\n<link rel=\"canonical\" href=\"https:\/\/kicevo.gov.mk\/sektor-za-urbanizam\/\" \/>\n<meta property=\"og:locale\" content=\"sq_AL\" \/>\n<meta property=\"og:type\" content=\"article\" \/>\n<meta property=\"og:title\" content=\"Sektori p\u00ebr Urbaniz\u00ebm dhe Planifikim hap\u00ebsinor, Zhvillim Ekonomik Lokal dhe Mbrojtjen e mjedisit jet\u00ebsor\u00eb | Komuna e K\u00ebr\u00e7ov\u00ebs\" \/>\n<meta property=\"og:url\" content=\"https:\/\/kicevo.gov.mk\/sektor-za-urbanizam\/\" \/>\n<meta property=\"og:site_name\" content=\"Komuna e K\u00ebr\u00e7ov\u00ebs\" \/>\n<meta property=\"article:modified_time\" content=\"2025-12-02T12:14:37+00:00\" \/>\n<meta name=\"twitter:card\" content=\"summary_large_image\" \/>\n<meta name=\"twitter:label1\" content=\"Est. reading time\" \/>\n\t<meta name=\"twitter:data1\" content=\"2 minuta\" \/>\n<script type=\"application\/ld+json\" class=\"yoast-schema-graph\">{\"@context\":\"https:\\\/\\\/schema.org\",\"@graph\":[{\"@type\":\"WebPage\",\"@id\":\"https:\\\/\\\/kicevo.gov.mk\\\/sektor-za-urbanizam\\\/\",\"url\":\"https:\\\/\\\/kicevo.gov.mk\\\/sektor-za-urbanizam\\\/\",\"name\":\"Sektori p\u00ebr Urbaniz\u00ebm dhe Planifikim hap\u00ebsinor, Zhvillim Ekonomik Lokal dhe Mbrojtjen e mjedisit jet\u00ebsor\u00eb | Komuna e K\u00ebr\u00e7ov\u00ebs\",\"isPartOf\":{\"@id\":\"https:\\\/\\\/kicevo.gov.mk\\\/#website\"},\"datePublished\":\"2022-09-07T10:30:13+00:00\",\"dateModified\":\"2025-12-02T12:14:37+00:00\",\"breadcrumb\":{\"@id\":\"https:\\\/\\\/kicevo.gov.mk\\\/sektor-za-urbanizam\\\/#breadcrumb\"},\"inLanguage\":\"sq\",\"potentialAction\":[{\"@type\":\"ReadAction\",\"target\":[\"https:\\\/\\\/kicevo.gov.mk\\\/sektor-za-urbanizam\\\/\"]}]},{\"@type\":\"BreadcrumbList\",\"@id\":\"https:\\\/\\\/kicevo.gov.mk\\\/sektor-za-urbanizam\\\/#breadcrumb\",\"itemListElement\":[{\"@type\":\"ListItem\",\"position\":1,\"name\":\"\u041f\u043e\u0447\u0435\u0442\u043d\u0430\",\"item\":\"https:\\\/\\\/kicevo.gov.mk\\\/\"},{\"@type\":\"ListItem\",\"position\":2,\"name\":\"\u0421\u0435\u043a\u0442\u043e\u0440 \u0437\u0430 \u0443\u0440\u0431\u0430\u043d\u0438\u0437\u0430\u043c \u0438 \u043f\u0440\u043e\u0441\u0442\u043e\u0440\u043d\u043e \u043f\u043b\u0430\u043d\u0438\u0440\u0430\u045a\u0435, \u043b\u043e\u043a\u0430\u043b\u0435\u043d \u0435\u043a\u043e\u043d\u043e\u043c\u0441\u043a\u0438 \u0440\u0430\u0437\u0432\u043e\u0458 \u0438 \u0437\u0430\u0448\u0442\u0438\u0442\u0430 \u043d\u0430 \u0436\u0438\u0432\u043e\u0442\u043d\u0430\u0442\u0430 \u0441\u0440\u0435\u0434\u0438\u043d\u0430\"}]},{\"@type\":\"WebSite\",\"@id\":\"https:\\\/\\\/kicevo.gov.mk\\\/#website\",\"url\":\"https:\\\/\\\/kicevo.gov.mk\\\/\",\"name\":\"\u041e\u043f\u0448\u0442\u0438\u043d\u0430 \u041a\u0438\u0447\u0435\u0432\u043e\",\"description\":\"Mir\u00eb se erdh\u00ebt n\u00eb ueb faqen zyrtare t\u00eb Komun\u00ebs s\u00eb K\u00ebr\u00e7ov\u00ebs\",\"publisher\":{\"@id\":\"https:\\\/\\\/kicevo.gov.mk\\\/#organization\"},\"potentialAction\":[{\"@type\":\"SearchAction\",\"target\":{\"@type\":\"EntryPoint\",\"urlTemplate\":\"https:\\\/\\\/kicevo.gov.mk\\\/?s={search_term_string}\"},\"query-input\":{\"@type\":\"PropertyValueSpecification\",\"valueRequired\":true,\"valueName\":\"search_term_string\"}}],\"inLanguage\":\"sq\"},{\"@type\":\"Organization\",\"@id\":\"https:\\\/\\\/kicevo.gov.mk\\\/#organization\",\"name\":\"Opstina Kicevo\",\"url\":\"https:\\\/\\\/kicevo.gov.mk\\\/\",\"logo\":{\"@type\":\"ImageObject\",\"inLanguage\":\"sq\",\"@id\":\"https:\\\/\\\/kicevo.gov.mk\\\/#\\\/schema\\\/logo\\\/image\\\/\",\"url\":\"https:\\\/\\\/kicevo.gov.mk\\\/wp-content\\\/uploads\\\/2025\\\/11\\\/logo-alb.png\",\"contentUrl\":\"https:\\\/\\\/kicevo.gov.mk\\\/wp-content\\\/uploads\\\/2025\\\/11\\\/logo-alb.png\",\"width\":1200,\"height\":1592,\"caption\":\"Opstina Kicevo\"},\"image\":{\"@id\":\"https:\\\/\\\/kicevo.gov.mk\\\/#\\\/schema\\\/logo\\\/image\\\/\"}}]}<\/script>\n<!-- \/ Yoast SEO plugin. -->","yoast_head_json":{"title":"Sektori p\u00ebr Urbaniz\u00ebm dhe Planifikim hap\u00ebsinor, Zhvillim Ekonomik Lokal dhe Mbrojtjen e mjedisit jet\u00ebsor\u00eb | Komuna e K\u00ebr\u00e7ov\u00ebs","robots":{"index":"index","follow":"follow","max-snippet":"max-snippet:-1","max-image-preview":"max-image-preview:large","max-video-preview":"max-video-preview:-1"},"canonical":"https:\/\/kicevo.gov.mk\/sektor-za-urbanizam\/","og_locale":"sq_AL","og_type":"article","og_title":"Sektori p\u00ebr Urbaniz\u00ebm dhe Planifikim hap\u00ebsinor, Zhvillim Ekonomik Lokal dhe Mbrojtjen e mjedisit jet\u00ebsor\u00eb | Komuna e K\u00ebr\u00e7ov\u00ebs","og_url":"https:\/\/kicevo.gov.mk\/sektor-za-urbanizam\/","og_site_name":"Komuna e K\u00ebr\u00e7ov\u00ebs","article_modified_time":"2025-12-02T12:14:37+00:00","twitter_card":"summary_large_image","twitter_misc":{"Est. reading time":"2 minuta"},"schema":{"@context":"https:\/\/schema.org","@graph":[{"@type":"WebPage","@id":"https:\/\/kicevo.gov.mk\/sektor-za-urbanizam\/","url":"https:\/\/kicevo.gov.mk\/sektor-za-urbanizam\/","name":"Sektori p\u00ebr Urbaniz\u00ebm dhe Planifikim hap\u00ebsinor, Zhvillim Ekonomik Lokal dhe Mbrojtjen e mjedisit jet\u00ebsor\u00eb | Komuna e K\u00ebr\u00e7ov\u00ebs","isPartOf":{"@id":"https:\/\/kicevo.gov.mk\/#website"},"datePublished":"2022-09-07T10:30:13+00:00","dateModified":"2025-12-02T12:14:37+00:00","breadcrumb":{"@id":"https:\/\/kicevo.gov.mk\/sektor-za-urbanizam\/#breadcrumb"},"inLanguage":"sq","potentialAction":[{"@type":"ReadAction","target":["https:\/\/kicevo.gov.mk\/sektor-za-urbanizam\/"]}]},{"@type":"BreadcrumbList","@id":"https:\/\/kicevo.gov.mk\/sektor-za-urbanizam\/#breadcrumb","itemListElement":[{"@type":"ListItem","position":1,"name":"\u041f\u043e\u0447\u0435\u0442\u043d\u0430","item":"https:\/\/kicevo.gov.mk\/"},{"@type":"ListItem","position":2,"name":"\u0421\u0435\u043a\u0442\u043e\u0440 \u0437\u0430 \u0443\u0440\u0431\u0430\u043d\u0438\u0437\u0430\u043c \u0438 \u043f\u0440\u043e\u0441\u0442\u043e\u0440\u043d\u043e \u043f\u043b\u0430\u043d\u0438\u0440\u0430\u045a\u0435, \u043b\u043e\u043a\u0430\u043b\u0435\u043d \u0435\u043a\u043e\u043d\u043e\u043c\u0441\u043a\u0438 \u0440\u0430\u0437\u0432\u043e\u0458 \u0438 \u0437\u0430\u0448\u0442\u0438\u0442\u0430 \u043d\u0430 \u0436\u0438\u0432\u043e\u0442\u043d\u0430\u0442\u0430 \u0441\u0440\u0435\u0434\u0438\u043d\u0430"}]},{"@type":"WebSite","@id":"https:\/\/kicevo.gov.mk\/#website","url":"https:\/\/kicevo.gov.mk\/","name":"\u041e\u043f\u0448\u0442\u0438\u043d\u0430 \u041a\u0438\u0447\u0435\u0432\u043e","description":"Mir\u00eb se erdh\u00ebt n\u00eb ueb faqen zyrtare t\u00eb Komun\u00ebs s\u00eb K\u00ebr\u00e7ov\u00ebs","publisher":{"@id":"https:\/\/kicevo.gov.mk\/#organization"},"potentialAction":[{"@type":"SearchAction","target":{"@type":"EntryPoint","urlTemplate":"https:\/\/kicevo.gov.mk\/?s={search_term_string}"},"query-input":{"@type":"PropertyValueSpecification","valueRequired":true,"valueName":"search_term_string"}}],"inLanguage":"sq"},{"@type":"Organization","@id":"https:\/\/kicevo.gov.mk\/#organization","name":"Opstina Kicevo","url":"https:\/\/kicevo.gov.mk\/","logo":{"@type":"ImageObject","inLanguage":"sq","@id":"https:\/\/kicevo.gov.mk\/#\/schema\/logo\/image\/","url":"https:\/\/kicevo.gov.mk\/wp-content\/uploads\/2025\/11\/logo-alb.png","contentUrl":"https:\/\/kicevo.gov.mk\/wp-content\/uploads\/2025\/11\/logo-alb.png","width":1200,"height":1592,"caption":"Opstina Kicevo"},"image":{"@id":"https:\/\/kicevo.gov.mk\/#\/schema\/logo\/image\/"}}]}},"uagb_featured_image_src":{"full":false,"thumbnail":false,"medium":false,"medium_large":false,"large":false,"1536x1536":false,"2048x2048":false,"vp_sm":false,"vp_md":false,"vp_lg":false,"vp_xl":false,"vp_sm_popup":false,"vp_md_popup":false,"vp_xl_popup":false},"uagb_author_info":{"display_name":"Marina","author_link":"https:\/\/kicevo.gov.mk\/sq\/author\/adminmsb\/"},"uagb_comment_info":0,"uagb_excerpt":"Struktura Nj\u00ebsia p\u00ebr Urbaniz\u00ebm dhe Planifikim hap\u00ebsinorNj\u00ebsia p\u00ebr Zhvillim Ekonomik LokalNj\u00ebsia p\u00ebr Mbrojtjen e Mjedisit Jet\u00ebsor Kompetencat&nbsp; Sektori p\u00ebr Urbaniz\u00ebm dhe Planifikim hap\u00ebsinor, Zhvillim Ekonomik Lokal dhe Mbrojtjen e mjedisit jet\u00ebsor\u00eb merret me realizimin e kompetencave q\u00eb kan\u00eb t\u00eb b\u00ebjn\u00eb me:","_links":{"self":[{"href":"https:\/\/kicevo.gov.mk\/sq\/wp-json\/wp\/v2\/pages\/635","targetHints":{"allow":["GET"]}}],"collection":[{"href":"https:\/\/kicevo.gov.mk\/sq\/wp-json\/wp\/v2\/pages"}],"about":[{"href":"https:\/\/kicevo.gov.mk\/sq\/wp-json\/wp\/v2\/types\/page"}],"author":[{"embeddable":true,"href":"https:\/\/kicevo.gov.mk\/sq\/wp-json\/wp\/v2\/users\/3"}],"replies":[{"embeddable":true,"href":"https:\/\/kicevo.gov.mk\/sq\/wp-json\/wp\/v2\/comments?post=635"}],"version-history":[{"count":5,"href":"https:\/\/kicevo.gov.mk\/sq\/wp-json\/wp\/v2\/pages\/635\/revisions"}],"predecessor-version":[{"id":17288,"href":"https:\/\/kicevo.gov.mk\/sq\/wp-json\/wp\/v2\/pages\/635\/revisions\/17288"}],"wp:attachment":[{"href":"https:\/\/kicevo.gov.mk\/sq\/wp-json\/wp\/v2\/media?parent=635"}],"curies":[{"name":"wp","href":"https:\/\/api.w.org\/{rel}","templated":true}]}}