{"id":627,"date":"2022-09-07T10:23:19","date_gmt":"2022-09-07T10:23:19","guid":{"rendered":"http:\/\/localhost\/opstina\/?page_id=627"},"modified":"2025-12-02T12:20:45","modified_gmt":"2025-12-02T12:20:45","slug":"sektor-za-pravni-opshti-i-javni-dejnost","status":"publish","type":"page","link":"https:\/\/kicevo.gov.mk\/sq\/sektor-za-pravni-opshti-i-javni-dejnost\/","title":{"rendered":"Sektori p\u00ebr \u00c7\u00ebshtje juridike, Pun\u00eb organizative dhe Veprimtari publike"},"content":{"rendered":"\n<h4 class=\"wp-block-heading\">Struktura<\/h4>\n\n\n\n<p><a href=\"https:\/\/kicevo.gov.mk\/sq\/oddelenie-za-normativno-pravni-adm\/\">Nj\u00ebsia p\u00ebr \u00c7\u00ebshtje normative &#8211; juridike, administrative dhe t\u00eb p\u00ebrgjithshme<\/a><br><a href=\"https:\/\/kicevo.gov.mk\/sq\/oddelenie-za-raboti-na-sovetot-i-rabot\/\">Nj\u00ebsia p\u00ebr Pun\u00ebt e k\u00ebshillit dhe trupat punuese t\u00eb k\u00ebshillit<\/a><\/p>\n\n\n\n<h4 class=\"wp-block-heading\">Kompetencat<\/h4>\n\n\n\n<p>Nj\u00ebsia p\u00ebr \u00c7\u00ebshtje normative &#8211; juridike, administrative dhe t\u00eb p\u00ebrgjithshme merret me realizimin e kompetencave q\u00eb kan\u00eb t\u00eb b\u00ebjn\u00eb me:<\/p>\n\n\n\n<ul class=\"wp-block-list\">\n<li>Monitorimin e ligjeve dhe rregulloreve tjera n\u00eb fush\u00ebn e vet\u00ebqeverisjes lokale dhe kujdesi p\u00ebr zbatimin e tyre n\u00eb Komun\u00eb.<\/li>\n\n\n\n<li>P\u00ebrgatitja e rregulloreve dhe akteve q\u00eb miratohen nga organet komunale<\/li>\n\n\n\n<li>Dh\u00ebnia e mendimit p\u00ebr pajtueshm\u00ebrin\u00eb e akteve komunale me ligjet dhe rregulloret tjera<\/li>\n\n\n\n<li>P\u00ebrfaq\u00ebsimi i komun\u00ebs para gjykatave dhe para organeve dhe institucioneve tjera kompetente<\/li>\n\n\n\n<li>Pun\u00eb n\u00eb lidhje me \u00e7\u00ebshtjet pron\u00ebsore dhe pron\u00ebsore \u2013 juridike n\u00eb komun\u00eb<\/li>\n\n\n\n<li>Propozimi dhe zbatimi i strategjis\u00eb p\u00ebr integrimin e sistemit informativ n\u00eb komun\u00eb<\/li>\n\n\n\n<li>Pranimi dhe regjistrimi n\u00eb librat afarist t\u00eb dokumentave t\u00eb komun\u00ebs dhe ruajtja e tyre deri n\u00eb asgj\u00ebsimin e tyre, gjegj\u00ebsisht dor\u00ebzimin e tyre n\u00eb Arkivin Shtet\u00ebror t\u00eb Republik\u00ebs s\u00eb Maqedonis\u00eb s\u00eb Veriut.<\/li>\n\n\n\n<li>Kryerja e pun\u00ebve n\u00eb fush\u00ebn e mbrojtjes civile (n\u00eb fush\u00ebn e mbrojtjes dhe shp\u00ebtimit t\u00eb qytetar\u00ebve dhe t\u00eb mirave materiale nga shkat\u00ebrrimet ushtarake dhe fatkeq\u00ebsit\u00eb natyrore dhe aksidentet e tjera dhe nga pasojat e shkaktuara prej tyre)<\/li>\n\n\n\n<li>Asistenc\u00eb profesionale n\u00eb p\u00ebrgatitjen dhe realizimin e seancave t\u00eb K\u00ebshillit dhe t\u00eb trupave punues t\u00eb K\u00ebshillit.<\/li>\n\n\n\n<li>Dh\u00ebnia e udh\u00ebzimeve p\u00ebr p\u00ebrgatitjen e procesverbaleve dhe p\u00ebrkujtuesjen p\u00ebr seancat e K\u00ebshillit dhe trupave punues t\u00eb K\u00ebshillit.<\/li>\n\n\n\n<li>P\u00ebrgaditja e konkluzioneve, opinioneve, raporteve dhe materialeve tjera p\u00ebr K\u00ebshillin dhe trupat punuese t\u00eb K\u00ebshillit<\/li>\n\n\n\n<li>Formimin dhe p\u00ebrgatitjen e akteve t\u00eb K\u00ebshillit p\u00ebr shpallje dhe botim<\/li>\n\n\n\n<li>Zbatimi i akteve origjinale q\u00eb dalin nga seancat e K\u00ebshillit<\/li>\n\n\n\n<li>Krijimi, financimi dhe administrimi i shkollave t\u00eb mesme dhe fillore n\u00eb p\u00ebrputhje me ligjin si dhe n\u00eb sh\u00ebrbime t\u00eb tjera publike.<\/li>\n\n\n\n<li>Dh\u00ebnia e mendimit dhe analiz\u00ebs s\u00eb programeve, raporteve dhe akteve t\u00eb tjera t\u00eb shkollave, para miratimit nga K\u00ebshilli.<\/li>\n\n\n\n<li>Monitorimi i pun\u00ebs s\u00eb bordeve drejtuese t\u00eb shkollave dhe procedura p\u00ebr p\u00ebrzgjedhjen e drejtor\u00ebve t\u00eb shkollave<\/li>\n\n\n\n<li>Organizimi i transportit dhe ushqimit p\u00ebr nx\u00ebn\u00ebsit<\/li>\n\n\n\n<li>Mb\u00ebshtetja institucionale e organizimeve kulturore dhe projekteve<\/li>\n\n\n\n<li>P\u00ebrgatitja e projekteve dhe programeve p\u00ebr organizimin e manifestimeve kulturore<\/li>\n\n\n\n<li>Monitorimi i manifestimeve kulturore n\u00eb komun\u00eb<\/li>\n\n\n\n<li>Zhvillimi i aktiviteteve sportive dhe rekreative<\/li>\n\n\n\n<li>Organizimi i aktiviteteve dhe eventeve sportive<\/li>\n\n\n\n<li>Mb\u00ebshtetja e sindikatave sportive<\/li>\n\n\n\n<li>Monitorimi i situat\u00ebs n\u00eb fush\u00ebn e arsimit (parashkollor, fillor, t\u00eb mes\u00ebm), kultur\u00ebs, sportit, sh\u00ebndet\u00ebsis\u00eb, mbrojtjes sociale dhe mbrojtjes s\u00eb f\u00ebmij\u00ebve n\u00eb kuad\u00ebr t\u00eb kompetencave ligjore.<\/li>\n\n\n\n<li>Ndjekja e rregulloreve t\u00eb k\u00ebtyre fushave<\/li>\n\n\n\n<li>Propozimi i masave dhe aktiviteteve n\u00eb fush\u00ebn e arsimit (parashkollor, fillor, t\u00eb mes\u00ebm), kultur\u00ebs, sportit, sh\u00ebndet\u00ebsis\u00eb, mbrojtjes sociale dhe mbrojtjes s\u00eb f\u00ebmij\u00ebve n\u00eb kuad\u00ebr t\u00eb kompetencave ligjore dhe<\/li>\n\n\n\n<li>Gj\u00ebra t\u00eb tjera q\u00eb do t\u00eb p\u00ebrcaktohen n\u00eb kuad\u00ebr t\u00eb kompetencave sipas ligjeve dhe rregulloreve tjera<\/li>\n<\/ul>\n","protected":false},"excerpt":{"rendered":"<p>Struktura Nj\u00ebsia p\u00ebr \u00c7\u00ebshtje normative &#8211; juridike, administrative dhe t\u00eb p\u00ebrgjithshmeNj\u00ebsia p\u00ebr Pun\u00ebt e k\u00ebshillit dhe trupat punuese t\u00eb k\u00ebshillit Kompetencat Nj\u00ebsia p\u00ebr \u00c7\u00ebshtje normative &#8211; juridike, administrative dhe t\u00eb p\u00ebrgjithshme merret me realizimin e kompetencave q\u00eb kan\u00eb t\u00eb b\u00ebjn\u00eb me:<\/p>\n","protected":false},"author":3,"featured_media":0,"parent":0,"menu_order":0,"comment_status":"closed","ping_status":"closed","template":"page-templates\/sidebar-right.php","meta":{"_uag_custom_page_level_css":"","_vp_format_video_url":"","_vp_image_focal_point":[],"footnotes":""},"class_list":["post-627","page","type-page","status-publish","hentry"],"translation":{"provider":"WPGlobus","version":"3.0.2","language":"sq","enabled_languages":["mk","sq"],"languages":{"mk":{"title":true,"content":true,"excerpt":false},"sq":{"title":true,"content":true,"excerpt":false}}},"yoast_head":"<!-- This site is optimized with the Yoast SEO plugin v27.4 - https:\/\/yoast.com\/product\/yoast-seo-wordpress\/ -->\n<title>Sektori p\u00ebr \u00c7\u00ebshtje juridike, Pun\u00eb organizative dhe Veprimtari publike | Komuna e K\u00ebr\u00e7ov\u00ebs<\/title>\n<meta name=\"robots\" content=\"index, follow, max-snippet:-1, max-image-preview:large, max-video-preview:-1\" \/>\n<link rel=\"canonical\" href=\"https:\/\/kicevo.gov.mk\/sq\/sektor-za-pravni-opshti-i-javni-dejnost\/\" \/>\n<meta property=\"og:locale\" content=\"sq_AL\" \/>\n<meta property=\"og:type\" content=\"article\" \/>\n<meta property=\"og:title\" content=\"Sektori p\u00ebr \u00c7\u00ebshtje juridike, Pun\u00eb organizative dhe Veprimtari publike | Komuna e K\u00ebr\u00e7ov\u00ebs\" \/>\n<meta property=\"og:url\" content=\"https:\/\/kicevo.gov.mk\/sq\/sektor-za-pravni-opshti-i-javni-dejnost\/\" \/>\n<meta property=\"og:site_name\" content=\"Komuna e K\u00ebr\u00e7ov\u00ebs\" \/>\n<meta property=\"article:modified_time\" content=\"2025-12-02T12:20:45+00:00\" \/>\n<meta name=\"twitter:card\" content=\"summary_large_image\" \/>\n<meta name=\"twitter:label1\" content=\"Est. reading time\" \/>\n\t<meta name=\"twitter:data1\" content=\"3 minuta\" \/>\n<script type=\"application\/ld+json\" class=\"yoast-schema-graph\">{\"@context\":\"https:\\\/\\\/schema.org\",\"@graph\":[{\"@type\":\"WebPage\",\"@id\":\"https:\\\/\\\/kicevo.gov.mk\\\/sq\\\/sektor-za-pravni-opshti-i-javni-dejnost\\\/\",\"url\":\"https:\\\/\\\/kicevo.gov.mk\\\/sq\\\/sektor-za-pravni-opshti-i-javni-dejnost\\\/\",\"name\":\"Sektori p\u00ebr \u00c7\u00ebshtje juridike, Pun\u00eb organizative dhe Veprimtari publike | Komuna e K\u00ebr\u00e7ov\u00ebs\",\"isPartOf\":{\"@id\":\"https:\\\/\\\/kicevo.gov.mk\\\/#website\"},\"datePublished\":\"2022-09-07T10:23:19+00:00\",\"dateModified\":\"2025-12-02T12:20:45+00:00\",\"breadcrumb\":{\"@id\":\"https:\\\/\\\/kicevo.gov.mk\\\/sq\\\/sektor-za-pravni-opshti-i-javni-dejnost\\\/#breadcrumb\"},\"inLanguage\":\"sq\",\"potentialAction\":[{\"@type\":\"ReadAction\",\"target\":[\"https:\\\/\\\/kicevo.gov.mk\\\/sq\\\/sektor-za-pravni-opshti-i-javni-dejnost\\\/\"]}]},{\"@type\":\"BreadcrumbList\",\"@id\":\"https:\\\/\\\/kicevo.gov.mk\\\/sq\\\/sektor-za-pravni-opshti-i-javni-dejnost\\\/#breadcrumb\",\"itemListElement\":[{\"@type\":\"ListItem\",\"position\":1,\"name\":\"\u041f\u043e\u0447\u0435\u0442\u043d\u0430\",\"item\":\"https:\\\/\\\/kicevo.gov.mk\\\/\"},{\"@type\":\"ListItem\",\"position\":2,\"name\":\"Sektori p\u00ebr \u00c7\u00ebshtje juridike, Pun\u00eb organizative dhe Veprimtari publike\"}]},{\"@type\":\"WebSite\",\"@id\":\"https:\\\/\\\/kicevo.gov.mk\\\/#website\",\"url\":\"https:\\\/\\\/kicevo.gov.mk\\\/\",\"name\":\"\u041e\u043f\u0448\u0442\u0438\u043d\u0430 \u041a\u0438\u0447\u0435\u0432\u043e\",\"description\":\"Mir\u00eb se erdh\u00ebt n\u00eb ueb faqen zyrtare t\u00eb Komun\u00ebs s\u00eb K\u00ebr\u00e7ov\u00ebs\",\"publisher\":{\"@id\":\"https:\\\/\\\/kicevo.gov.mk\\\/#organization\"},\"potentialAction\":[{\"@type\":\"SearchAction\",\"target\":{\"@type\":\"EntryPoint\",\"urlTemplate\":\"https:\\\/\\\/kicevo.gov.mk\\\/?s={search_term_string}\"},\"query-input\":{\"@type\":\"PropertyValueSpecification\",\"valueRequired\":true,\"valueName\":\"search_term_string\"}}],\"inLanguage\":\"sq\"},{\"@type\":\"Organization\",\"@id\":\"https:\\\/\\\/kicevo.gov.mk\\\/#organization\",\"name\":\"Opstina Kicevo\",\"url\":\"https:\\\/\\\/kicevo.gov.mk\\\/\",\"logo\":{\"@type\":\"ImageObject\",\"inLanguage\":\"sq\",\"@id\":\"https:\\\/\\\/kicevo.gov.mk\\\/#\\\/schema\\\/logo\\\/image\\\/\",\"url\":\"https:\\\/\\\/kicevo.gov.mk\\\/wp-content\\\/uploads\\\/2025\\\/11\\\/logo-alb.png\",\"contentUrl\":\"https:\\\/\\\/kicevo.gov.mk\\\/wp-content\\\/uploads\\\/2025\\\/11\\\/logo-alb.png\",\"width\":1200,\"height\":1592,\"caption\":\"Opstina Kicevo\"},\"image\":{\"@id\":\"https:\\\/\\\/kicevo.gov.mk\\\/#\\\/schema\\\/logo\\\/image\\\/\"}}]}<\/script>\n<!-- \/ Yoast SEO plugin. -->","yoast_head_json":{"title":"Sektori p\u00ebr \u00c7\u00ebshtje juridike, Pun\u00eb organizative dhe Veprimtari publike | Komuna e K\u00ebr\u00e7ov\u00ebs","robots":{"index":"index","follow":"follow","max-snippet":"max-snippet:-1","max-image-preview":"max-image-preview:large","max-video-preview":"max-video-preview:-1"},"canonical":"https:\/\/kicevo.gov.mk\/sq\/sektor-za-pravni-opshti-i-javni-dejnost\/","og_locale":"sq_AL","og_type":"article","og_title":"Sektori p\u00ebr \u00c7\u00ebshtje juridike, Pun\u00eb organizative dhe Veprimtari publike | Komuna e K\u00ebr\u00e7ov\u00ebs","og_url":"https:\/\/kicevo.gov.mk\/sq\/sektor-za-pravni-opshti-i-javni-dejnost\/","og_site_name":"Komuna e K\u00ebr\u00e7ov\u00ebs","article_modified_time":"2025-12-02T12:20:45+00:00","twitter_card":"summary_large_image","twitter_misc":{"Est. reading time":"3 minuta"},"schema":{"@context":"https:\/\/schema.org","@graph":[{"@type":"WebPage","@id":"https:\/\/kicevo.gov.mk\/sq\/sektor-za-pravni-opshti-i-javni-dejnost\/","url":"https:\/\/kicevo.gov.mk\/sq\/sektor-za-pravni-opshti-i-javni-dejnost\/","name":"Sektori p\u00ebr \u00c7\u00ebshtje juridike, Pun\u00eb organizative dhe Veprimtari publike | Komuna e K\u00ebr\u00e7ov\u00ebs","isPartOf":{"@id":"https:\/\/kicevo.gov.mk\/#website"},"datePublished":"2022-09-07T10:23:19+00:00","dateModified":"2025-12-02T12:20:45+00:00","breadcrumb":{"@id":"https:\/\/kicevo.gov.mk\/sq\/sektor-za-pravni-opshti-i-javni-dejnost\/#breadcrumb"},"inLanguage":"sq","potentialAction":[{"@type":"ReadAction","target":["https:\/\/kicevo.gov.mk\/sq\/sektor-za-pravni-opshti-i-javni-dejnost\/"]}]},{"@type":"BreadcrumbList","@id":"https:\/\/kicevo.gov.mk\/sq\/sektor-za-pravni-opshti-i-javni-dejnost\/#breadcrumb","itemListElement":[{"@type":"ListItem","position":1,"name":"\u041f\u043e\u0447\u0435\u0442\u043d\u0430","item":"https:\/\/kicevo.gov.mk\/"},{"@type":"ListItem","position":2,"name":"Sektori p\u00ebr \u00c7\u00ebshtje juridike, Pun\u00eb organizative dhe Veprimtari publike"}]},{"@type":"WebSite","@id":"https:\/\/kicevo.gov.mk\/#website","url":"https:\/\/kicevo.gov.mk\/","name":"\u041e\u043f\u0448\u0442\u0438\u043d\u0430 \u041a\u0438\u0447\u0435\u0432\u043e","description":"Mir\u00eb se erdh\u00ebt n\u00eb ueb faqen zyrtare t\u00eb Komun\u00ebs s\u00eb K\u00ebr\u00e7ov\u00ebs","publisher":{"@id":"https:\/\/kicevo.gov.mk\/#organization"},"potentialAction":[{"@type":"SearchAction","target":{"@type":"EntryPoint","urlTemplate":"https:\/\/kicevo.gov.mk\/?s={search_term_string}"},"query-input":{"@type":"PropertyValueSpecification","valueRequired":true,"valueName":"search_term_string"}}],"inLanguage":"sq"},{"@type":"Organization","@id":"https:\/\/kicevo.gov.mk\/#organization","name":"Opstina Kicevo","url":"https:\/\/kicevo.gov.mk\/","logo":{"@type":"ImageObject","inLanguage":"sq","@id":"https:\/\/kicevo.gov.mk\/#\/schema\/logo\/image\/","url":"https:\/\/kicevo.gov.mk\/wp-content\/uploads\/2025\/11\/logo-alb.png","contentUrl":"https:\/\/kicevo.gov.mk\/wp-content\/uploads\/2025\/11\/logo-alb.png","width":1200,"height":1592,"caption":"Opstina Kicevo"},"image":{"@id":"https:\/\/kicevo.gov.mk\/#\/schema\/logo\/image\/"}}]}},"uagb_featured_image_src":{"full":false,"thumbnail":false,"medium":false,"medium_large":false,"large":false,"1536x1536":false,"2048x2048":false,"vp_sm":false,"vp_md":false,"vp_lg":false,"vp_xl":false,"vp_sm_popup":false,"vp_md_popup":false,"vp_xl_popup":false},"uagb_author_info":{"display_name":"Marina","author_link":"https:\/\/kicevo.gov.mk\/sq\/author\/adminmsb\/"},"uagb_comment_info":0,"uagb_excerpt":"Struktura Nj\u00ebsia p\u00ebr \u00c7\u00ebshtje normative &#8211; juridike, administrative dhe t\u00eb p\u00ebrgjithshmeNj\u00ebsia p\u00ebr Pun\u00ebt e k\u00ebshillit dhe trupat punuese t\u00eb k\u00ebshillit Kompetencat Nj\u00ebsia p\u00ebr \u00c7\u00ebshtje normative &#8211; juridike, administrative dhe t\u00eb p\u00ebrgjithshme merret me realizimin e kompetencave q\u00eb kan\u00eb t\u00eb b\u00ebjn\u00eb me:","_links":{"self":[{"href":"https:\/\/kicevo.gov.mk\/sq\/wp-json\/wp\/v2\/pages\/627","targetHints":{"allow":["GET"]}}],"collection":[{"href":"https:\/\/kicevo.gov.mk\/sq\/wp-json\/wp\/v2\/pages"}],"about":[{"href":"https:\/\/kicevo.gov.mk\/sq\/wp-json\/wp\/v2\/types\/page"}],"author":[{"embeddable":true,"href":"https:\/\/kicevo.gov.mk\/sq\/wp-json\/wp\/v2\/users\/3"}],"replies":[{"embeddable":true,"href":"https:\/\/kicevo.gov.mk\/sq\/wp-json\/wp\/v2\/comments?post=627"}],"version-history":[{"count":5,"href":"https:\/\/kicevo.gov.mk\/sq\/wp-json\/wp\/v2\/pages\/627\/revisions"}],"predecessor-version":[{"id":17292,"href":"https:\/\/kicevo.gov.mk\/sq\/wp-json\/wp\/v2\/pages\/627\/revisions\/17292"}],"wp:attachment":[{"href":"https:\/\/kicevo.gov.mk\/sq\/wp-json\/wp\/v2\/media?parent=627"}],"curies":[{"name":"wp","href":"https:\/\/api.w.org\/{rel}","templated":true}]}}