{"id":615,"date":"2022-09-07T10:11:34","date_gmt":"2022-09-07T10:11:34","guid":{"rendered":"http:\/\/localhost\/opstina\/?page_id=615"},"modified":"2025-12-02T12:09:08","modified_gmt":"2025-12-02T12:09:08","slug":"sektor-za-poddrshka-na-gradonachalniko","status":"publish","type":"page","link":"https:\/\/kicevo.gov.mk\/sq\/sektor-za-poddrshka-na-gradonachalniko\/","title":{"rendered":"Sektori p\u00ebr Mb\u00ebshtetje t\u00eb Kryetarit t\u00eb komun\u00ebs"},"content":{"rendered":"\n<h4 class=\"wp-block-heading\">Struktura<\/h4>\n\n\n\n<p><a href=\"https:\/\/kicevo.gov.mk\/sq\/oddelenie-za-dijaspora-megunarodna-s\/\">Nj\u00ebsia p\u00ebr Diaspor\u00eb, Bashk\u00ebpunim nd\u00ebrkomb\u00ebtar dhe Marr\u00ebdh\u00ebnie me publikun<\/a><br><a href=\"https:\/\/kicevo.gov.mk\/sq\/oddelenie-za-protokol-i-koordinacija\/\">Nj\u00ebsia p\u00ebr Protokoll dhe Koordinimin e aktiviteteve t\u00eb Kryetarit t\u00eb komun\u00ebs<\/a><\/p>\n\n\n\n<h4 class=\"wp-block-heading\">Kompetencat<\/h4>\n\n\n\n<p>Sektori p\u00ebr Mb\u00ebshtetje t\u00eb Kryetarit t\u00eb komun\u00ebs \u00ebsht\u00eb kompetent p\u00ebr pun\u00ebt q\u00eb kan\u00eb t\u00eb b\u00ebjn\u00eb me:<\/p>\n\n\n\n<ul class=\"wp-block-list\">\n<li>Pun\u00ebt protokolare p\u00ebr nevojat e Kryetarit t\u00eb Komun\u00ebs<\/li>\n\n\n\n<li>Organizimi i mbledhjeve dhe takimeve t\u00eb Kryetarit t\u00eb Komun\u00ebs me persona t\u00eb brendsh\u00ebm dhe t\u00eb jasht\u00ebm<\/li>\n\n\n\n<li>Organizimi dhe p\u00ebrgatitja e sh\u00ebnimeve dhe procesverbaleve protokolare dhe takimeve t\u00eb pun\u00ebs dhe takimeve t\u00eb Kryetarit t\u00eb Komun\u00ebs<\/li>\n\n\n\n<li>Pranimi dhe shp\u00ebrndarja e post\u00ebs drejtuar Kryetarit t\u00eb Komun\u00ebs<\/li>\n\n\n\n<li>Organizimi dhe informimi i opinionit dhe mediave p\u00ebr aktivitetet e organeve komunale, nd\u00ebrmarrjeve publike dhe institucioneve publike n\u00eb kompetenc\u00eb t\u00eb komun\u00ebs.<\/li>\n\n\n\n<li>Pranim efikas,cil\u00ebsor\u00eb dhe n\u00eb koh\u00eb t\u00eb propozimeve nga qytetar\u00ebt dhe p\u00ebrgjigjija ndaj tyre.<\/li>\n\n\n\n<li>Organizimi dhe vendosja e informacionit n\u00eb web faqen e komun\u00ebs<\/li>\n\n\n\n<li>Kryerja e pun\u00ebve teknike p\u00ebr nevojat e Kryetarit t\u00eb Komun\u00ebs<\/li>\n\n\n\n<li>Dh\u00ebnia e propozimeve p\u00ebr fillimin ose nxitjen e bashk\u00ebpunimit t\u00eb Komun\u00ebs me qytetet tjera, me donator\u00eb t\u00eb huaj dhe vendor\u00eb, organizata dhe kreditor\u00eb, persona t\u00eb pun\u00ebsuar p\u00ebrkoh\u00ebsisht jasht\u00eb vendit, persona me q\u00ebndrim t\u00eb p\u00ebrkohsh\u00ebm jasht\u00eb vendit dhe m\u00ebrgimtar\u00eb t\u00eb tjer\u00eb nga diaspora me origjin\u00eb nga territori i Komun\u00ebs dhe<\/li>\n\n\n\n<li>Gj\u00ebra t\u00eb tjera q\u00eb do t\u00eb p\u00ebrcaktohen n\u00eb kuad\u00ebr t\u00eb kompetencave n\u00eb pajtim me ligjet dhe rregulloret tjera<\/li>\n<\/ul>\n","protected":false},"excerpt":{"rendered":"<p>Struktura Nj\u00ebsia p\u00ebr Diaspor\u00eb, Bashk\u00ebpunim nd\u00ebrkomb\u00ebtar dhe Marr\u00ebdh\u00ebnie me publikunNj\u00ebsia p\u00ebr Protokoll dhe Koordinimin e aktiviteteve t\u00eb Kryetarit t\u00eb komun\u00ebs Kompetencat Sektori p\u00ebr Mb\u00ebshtetje t\u00eb Kryetarit t\u00eb komun\u00ebs \u00ebsht\u00eb kompetent p\u00ebr pun\u00ebt q\u00eb kan\u00eb t\u00eb b\u00ebjn\u00eb me:<\/p>\n","protected":false},"author":3,"featured_media":0,"parent":0,"menu_order":0,"comment_status":"closed","ping_status":"closed","template":"page-templates\/sidebar-right.php","meta":{"_uag_custom_page_level_css":"","_vp_format_video_url":"","_vp_image_focal_point":[],"footnotes":""},"class_list":["post-615","page","type-page","status-publish","hentry"],"translation":{"provider":"WPGlobus","version":"3.0.2","language":"sq","enabled_languages":["mk","sq"],"languages":{"mk":{"title":true,"content":true,"excerpt":false},"sq":{"title":true,"content":true,"excerpt":false}}},"yoast_head":"<!-- This site is optimized with the Yoast SEO plugin v27.4 - https:\/\/yoast.com\/product\/yoast-seo-wordpress\/ -->\n<title>Sektori p\u00ebr Mb\u00ebshtetje t\u00eb Kryetarit t\u00eb komun\u00ebs | Komuna e K\u00ebr\u00e7ov\u00ebs<\/title>\n<meta name=\"robots\" content=\"index, follow, max-snippet:-1, max-image-preview:large, max-video-preview:-1\" \/>\n<link rel=\"canonical\" href=\"https:\/\/kicevo.gov.mk\/sektor-za-poddrshka-na-gradonachalniko\/\" \/>\n<meta property=\"og:locale\" content=\"sq_AL\" \/>\n<meta property=\"og:type\" content=\"article\" \/>\n<meta property=\"og:title\" content=\"Sektori p\u00ebr Mb\u00ebshtetje t\u00eb Kryetarit t\u00eb komun\u00ebs | Komuna e K\u00ebr\u00e7ov\u00ebs\" \/>\n<meta property=\"og:url\" content=\"https:\/\/kicevo.gov.mk\/sektor-za-poddrshka-na-gradonachalniko\/\" \/>\n<meta property=\"og:site_name\" content=\"Komuna e K\u00ebr\u00e7ov\u00ebs\" \/>\n<meta property=\"article:modified_time\" content=\"2025-12-02T12:09:08+00:00\" \/>\n<meta name=\"twitter:card\" content=\"summary_large_image\" \/>\n<meta name=\"twitter:label1\" content=\"Est. reading time\" \/>\n\t<meta name=\"twitter:data1\" content=\"1 minut\u00eb\" \/>\n<script type=\"application\/ld+json\" class=\"yoast-schema-graph\">{\"@context\":\"https:\\\/\\\/schema.org\",\"@graph\":[{\"@type\":\"WebPage\",\"@id\":\"https:\\\/\\\/kicevo.gov.mk\\\/sektor-za-poddrshka-na-gradonachalniko\\\/\",\"url\":\"https:\\\/\\\/kicevo.gov.mk\\\/sektor-za-poddrshka-na-gradonachalniko\\\/\",\"name\":\"Sektori p\u00ebr Mb\u00ebshtetje t\u00eb Kryetarit t\u00eb komun\u00ebs | Komuna e K\u00ebr\u00e7ov\u00ebs\",\"isPartOf\":{\"@id\":\"https:\\\/\\\/kicevo.gov.mk\\\/#website\"},\"datePublished\":\"2022-09-07T10:11:34+00:00\",\"dateModified\":\"2025-12-02T12:09:08+00:00\",\"breadcrumb\":{\"@id\":\"https:\\\/\\\/kicevo.gov.mk\\\/sektor-za-poddrshka-na-gradonachalniko\\\/#breadcrumb\"},\"inLanguage\":\"sq\",\"potentialAction\":[{\"@type\":\"ReadAction\",\"target\":[\"https:\\\/\\\/kicevo.gov.mk\\\/sektor-za-poddrshka-na-gradonachalniko\\\/\"]}]},{\"@type\":\"BreadcrumbList\",\"@id\":\"https:\\\/\\\/kicevo.gov.mk\\\/sektor-za-poddrshka-na-gradonachalniko\\\/#breadcrumb\",\"itemListElement\":[{\"@type\":\"ListItem\",\"position\":1,\"name\":\"\u041f\u043e\u0447\u0435\u0442\u043d\u0430\",\"item\":\"https:\\\/\\\/kicevo.gov.mk\\\/\"},{\"@type\":\"ListItem\",\"position\":2,\"name\":\"\u0421\u0435\u043a\u0442\u043e\u0440 \u0437\u0430 \u043f\u043e\u0434\u0434\u0440\u0448\u043a\u0430 \u043d\u0430 \u0413\u0440\u0430\u0434\u043e\u043d\u0430\u0447\u0430\u043b\u043d\u0438\u043a\u043e\u0442\"}]},{\"@type\":\"WebSite\",\"@id\":\"https:\\\/\\\/kicevo.gov.mk\\\/#website\",\"url\":\"https:\\\/\\\/kicevo.gov.mk\\\/\",\"name\":\"\u041e\u043f\u0448\u0442\u0438\u043d\u0430 \u041a\u0438\u0447\u0435\u0432\u043e\",\"description\":\"Mir\u00eb se erdh\u00ebt n\u00eb ueb faqen zyrtare t\u00eb Komun\u00ebs s\u00eb K\u00ebr\u00e7ov\u00ebs\",\"publisher\":{\"@id\":\"https:\\\/\\\/kicevo.gov.mk\\\/#organization\"},\"potentialAction\":[{\"@type\":\"SearchAction\",\"target\":{\"@type\":\"EntryPoint\",\"urlTemplate\":\"https:\\\/\\\/kicevo.gov.mk\\\/?s={search_term_string}\"},\"query-input\":{\"@type\":\"PropertyValueSpecification\",\"valueRequired\":true,\"valueName\":\"search_term_string\"}}],\"inLanguage\":\"sq\"},{\"@type\":\"Organization\",\"@id\":\"https:\\\/\\\/kicevo.gov.mk\\\/#organization\",\"name\":\"Opstina Kicevo\",\"url\":\"https:\\\/\\\/kicevo.gov.mk\\\/\",\"logo\":{\"@type\":\"ImageObject\",\"inLanguage\":\"sq\",\"@id\":\"https:\\\/\\\/kicevo.gov.mk\\\/#\\\/schema\\\/logo\\\/image\\\/\",\"url\":\"https:\\\/\\\/kicevo.gov.mk\\\/wp-content\\\/uploads\\\/2025\\\/11\\\/logo-alb.png\",\"contentUrl\":\"https:\\\/\\\/kicevo.gov.mk\\\/wp-content\\\/uploads\\\/2025\\\/11\\\/logo-alb.png\",\"width\":1200,\"height\":1592,\"caption\":\"Opstina Kicevo\"},\"image\":{\"@id\":\"https:\\\/\\\/kicevo.gov.mk\\\/#\\\/schema\\\/logo\\\/image\\\/\"}}]}<\/script>\n<!-- \/ Yoast SEO plugin. -->","yoast_head_json":{"title":"Sektori p\u00ebr Mb\u00ebshtetje t\u00eb Kryetarit t\u00eb komun\u00ebs | Komuna e K\u00ebr\u00e7ov\u00ebs","robots":{"index":"index","follow":"follow","max-snippet":"max-snippet:-1","max-image-preview":"max-image-preview:large","max-video-preview":"max-video-preview:-1"},"canonical":"https:\/\/kicevo.gov.mk\/sektor-za-poddrshka-na-gradonachalniko\/","og_locale":"sq_AL","og_type":"article","og_title":"Sektori p\u00ebr Mb\u00ebshtetje t\u00eb Kryetarit t\u00eb komun\u00ebs | Komuna e K\u00ebr\u00e7ov\u00ebs","og_url":"https:\/\/kicevo.gov.mk\/sektor-za-poddrshka-na-gradonachalniko\/","og_site_name":"Komuna e K\u00ebr\u00e7ov\u00ebs","article_modified_time":"2025-12-02T12:09:08+00:00","twitter_card":"summary_large_image","twitter_misc":{"Est. reading time":"1 minut\u00eb"},"schema":{"@context":"https:\/\/schema.org","@graph":[{"@type":"WebPage","@id":"https:\/\/kicevo.gov.mk\/sektor-za-poddrshka-na-gradonachalniko\/","url":"https:\/\/kicevo.gov.mk\/sektor-za-poddrshka-na-gradonachalniko\/","name":"Sektori p\u00ebr Mb\u00ebshtetje t\u00eb Kryetarit t\u00eb komun\u00ebs | Komuna e K\u00ebr\u00e7ov\u00ebs","isPartOf":{"@id":"https:\/\/kicevo.gov.mk\/#website"},"datePublished":"2022-09-07T10:11:34+00:00","dateModified":"2025-12-02T12:09:08+00:00","breadcrumb":{"@id":"https:\/\/kicevo.gov.mk\/sektor-za-poddrshka-na-gradonachalniko\/#breadcrumb"},"inLanguage":"sq","potentialAction":[{"@type":"ReadAction","target":["https:\/\/kicevo.gov.mk\/sektor-za-poddrshka-na-gradonachalniko\/"]}]},{"@type":"BreadcrumbList","@id":"https:\/\/kicevo.gov.mk\/sektor-za-poddrshka-na-gradonachalniko\/#breadcrumb","itemListElement":[{"@type":"ListItem","position":1,"name":"\u041f\u043e\u0447\u0435\u0442\u043d\u0430","item":"https:\/\/kicevo.gov.mk\/"},{"@type":"ListItem","position":2,"name":"\u0421\u0435\u043a\u0442\u043e\u0440 \u0437\u0430 \u043f\u043e\u0434\u0434\u0440\u0448\u043a\u0430 \u043d\u0430 \u0413\u0440\u0430\u0434\u043e\u043d\u0430\u0447\u0430\u043b\u043d\u0438\u043a\u043e\u0442"}]},{"@type":"WebSite","@id":"https:\/\/kicevo.gov.mk\/#website","url":"https:\/\/kicevo.gov.mk\/","name":"\u041e\u043f\u0448\u0442\u0438\u043d\u0430 \u041a\u0438\u0447\u0435\u0432\u043e","description":"Mir\u00eb se erdh\u00ebt n\u00eb ueb faqen zyrtare t\u00eb Komun\u00ebs s\u00eb K\u00ebr\u00e7ov\u00ebs","publisher":{"@id":"https:\/\/kicevo.gov.mk\/#organization"},"potentialAction":[{"@type":"SearchAction","target":{"@type":"EntryPoint","urlTemplate":"https:\/\/kicevo.gov.mk\/?s={search_term_string}"},"query-input":{"@type":"PropertyValueSpecification","valueRequired":true,"valueName":"search_term_string"}}],"inLanguage":"sq"},{"@type":"Organization","@id":"https:\/\/kicevo.gov.mk\/#organization","name":"Opstina Kicevo","url":"https:\/\/kicevo.gov.mk\/","logo":{"@type":"ImageObject","inLanguage":"sq","@id":"https:\/\/kicevo.gov.mk\/#\/schema\/logo\/image\/","url":"https:\/\/kicevo.gov.mk\/wp-content\/uploads\/2025\/11\/logo-alb.png","contentUrl":"https:\/\/kicevo.gov.mk\/wp-content\/uploads\/2025\/11\/logo-alb.png","width":1200,"height":1592,"caption":"Opstina Kicevo"},"image":{"@id":"https:\/\/kicevo.gov.mk\/#\/schema\/logo\/image\/"}}]}},"uagb_featured_image_src":{"full":false,"thumbnail":false,"medium":false,"medium_large":false,"large":false,"1536x1536":false,"2048x2048":false,"vp_sm":false,"vp_md":false,"vp_lg":false,"vp_xl":false,"vp_sm_popup":false,"vp_md_popup":false,"vp_xl_popup":false},"uagb_author_info":{"display_name":"Marina","author_link":"https:\/\/kicevo.gov.mk\/sq\/author\/adminmsb\/"},"uagb_comment_info":0,"uagb_excerpt":"Struktura Nj\u00ebsia p\u00ebr Diaspor\u00eb, Bashk\u00ebpunim nd\u00ebrkomb\u00ebtar dhe Marr\u00ebdh\u00ebnie me publikunNj\u00ebsia p\u00ebr Protokoll dhe Koordinimin e aktiviteteve t\u00eb Kryetarit t\u00eb komun\u00ebs Kompetencat Sektori p\u00ebr Mb\u00ebshtetje t\u00eb Kryetarit t\u00eb komun\u00ebs \u00ebsht\u00eb kompetent p\u00ebr pun\u00ebt q\u00eb kan\u00eb t\u00eb b\u00ebjn\u00eb me:","_links":{"self":[{"href":"https:\/\/kicevo.gov.mk\/sq\/wp-json\/wp\/v2\/pages\/615","targetHints":{"allow":["GET"]}}],"collection":[{"href":"https:\/\/kicevo.gov.mk\/sq\/wp-json\/wp\/v2\/pages"}],"about":[{"href":"https:\/\/kicevo.gov.mk\/sq\/wp-json\/wp\/v2\/types\/page"}],"author":[{"embeddable":true,"href":"https:\/\/kicevo.gov.mk\/sq\/wp-json\/wp\/v2\/users\/3"}],"replies":[{"embeddable":true,"href":"https:\/\/kicevo.gov.mk\/sq\/wp-json\/wp\/v2\/comments?post=615"}],"version-history":[{"count":5,"href":"https:\/\/kicevo.gov.mk\/sq\/wp-json\/wp\/v2\/pages\/615\/revisions"}],"predecessor-version":[{"id":17284,"href":"https:\/\/kicevo.gov.mk\/sq\/wp-json\/wp\/v2\/pages\/615\/revisions\/17284"}],"wp:attachment":[{"href":"https:\/\/kicevo.gov.mk\/sq\/wp-json\/wp\/v2\/media?parent=615"}],"curies":[{"name":"wp","href":"https:\/\/api.w.org\/{rel}","templated":true}]}}