{"id":5961,"date":"2022-11-28T11:08:11","date_gmt":"2022-11-28T11:08:11","guid":{"rendered":"https:\/\/test.kicevo.gov.mk\/?page_id=5961"},"modified":"2026-02-02T08:52:58","modified_gmt":"2026-02-02T08:52:58","slug":"pristap-do-informacii-od-javen-karakt","status":"publish","type":"page","link":"https:\/\/kicevo.gov.mk\/sq\/pristap-do-informacii-od-javen-karakt\/","title":{"rendered":"Informata\u00a0me\u00a0karakter\u00a0publik"},"content":{"rendered":"\n<p>Person i autorizuar p\u00ebr nd\u00ebrmejt\u00ebsim gjat\u00eb realizimit t\u00eb s\u00eb drejt\u00ebs p\u00ebr qasje t\u00eb lir\u00eb deri te informatatat me karakter publik:<\/p>\n\n\n\n<p>\n<span><b>Arben Ristemi<\/b><\/span><br>\n    <i class=\"fa fa-envelope fa-objects-align-center-vertical\"><\/i>\n    <span>\n      <span><a href=\"mailto:arben.ristemi@kicevo.gov.mk\">arben.ristemi@kicevo.gov.mk<\/a><\/span> <br>\n       <i class=\"fa fa-phone\" aria-hidden=\"true\"><\/i>\n       <span>076\/350-536<\/span>\n    <\/span>\n  <\/p>\n\n\n\n<div style=\"height:30px\" aria-hidden=\"true\" class=\"wp-block-spacer\"><\/div>\n\n\n\n<div class=\"wp-block-file\"><a id=\"wp-block-file--media-17eb6ae8-9344-4c09-9f92-2fddfecce75c\" href=\"https:\/\/kicevo.gov.mk\/wp-content\/uploads\/2022\/12\/kerkeseinformatapublike-1.pdf\" target=\"_blank\" rel=\"noreferrer noopener\">K\u00ebrkes\u00eb p\u00ebr qasje tek informatat e karakterit publik<\/a><a href=\"https:\/\/kicevo.gov.mk\/wp-content\/uploads\/2022\/12\/kerkeseinformatapublike-1.pdf\" class=\"wp-block-file__button wp-element-button\" download aria-describedby=\"wp-block-file--media-17eb6ae8-9344-4c09-9f92-2fddfecce75c\">Shkarko<\/a><\/div>\n\n\n\n<div class=\"wp-block-file\"><a id=\"wp-block-file--media-17eb6ae8-9344-4c09-9f92-2fddfecce75c\" href=\"https:\/\/kicevo.gov.mk\/wp-content\/uploads\/2022\/12\/ankeseinformatapublike.pdf\" target=\"_blank\" rel=\"noreferrer noopener\">Formular p\u00ebr ankes\u00eb<\/a><a href=\"https:\/\/kicevo.gov.mk\/wp-content\/uploads\/2022\/12\/ankeseinformatapublike.pdf\" class=\"wp-block-file__button wp-element-button\" download aria-describedby=\"wp-block-file--media-17eb6ae8-9344-4c09-9f92-2fddfecce75c\">Shkarko<\/a><\/div>\n\n\n\n<div class=\"wp-block-file\"><a id=\"wp-block-file--media-17eb6ae8-9344-4c09-9f92-2fddfecce75c\" href=\"https:\/\/kicevo.gov.mk\/wp-content\/uploads\/2022\/12\/\u0417\u0410\u041a\u041e\u041d-\u0417\u0410-\u0421\u041f\u0418-\u041f\u0414\u0424.pdf\" target=\"_blank\" rel=\"noreferrer noopener\">Ligji p\u00ebr qasje t\u00eb lir\u00eb n\u00eb informacione me karakter publik<\/a><a href=\"https:\/\/kicevo.gov.mk\/wp-content\/uploads\/2022\/12\/\u0417\u0410\u041a\u041e\u041d-\u0417\u0410-\u0421\u041f\u0418-\u041f\u0414\u0424.pdf\" class=\"wp-block-file__button wp-element-button\" download aria-describedby=\"wp-block-file--media-17eb6ae8-9344-4c09-9f92-2fddfecce75c\">Shkarko<\/a><\/div>\n\n\n\n<div style=\"height:60px\" aria-hidden=\"true\" class=\"wp-block-spacer\"><\/div>\n\n\n\n<p>K\u00ebrkesat p\u00ebr qasje deri te informatat e karakterit publik qytetar\u00ebt mund t&#8217;i d\u00ebrgojn\u00eb p\u00ebrmes rrug\u00ebs elektronike personit zyrtar ose p\u00ebrmes post\u00ebs n\u00eb adres\u00ebn vijuese:<\/p>\n\n\n\n<p>\n<span><b>Komuna e K\u00ebr\u00e7ov\u00ebs<\/b><\/span><br><span>  \n       <i class=\"fa fa-location-dot\" aria-hidden=\"true\"><\/i>\n       <span>Boris Kidri\u00e7 nr.2<br>\n             6250 K\u00ebr\u00e7ov\u00eb, Maqedoni\u0430 \u0435 Veriut<\/span>\n    <\/span>\n  <\/p>\n\n\n\n<div class=\"wp-block-pb-accordion-item c-accordion__item js-accordion-item no-js\" data-initially-open=\"false\" data-click-to-close=\"true\" data-auto-close=\"true\" data-scroll=\"false\" data-scroll-offset=\"0\"><h4 id=\"at-59610\" class=\"c-accordion__title js-accordion-controller\" role=\"button\">Raporti vjetor<\/h4><div id=\"ac-59610\" class=\"c-accordion__content\">\n<div class=\"wp-block-file\"><a id=\"wp-block-file--media-ca9799af-2b39-465e-ac85-412568ba3b9a\" href=\"https:\/\/kicevo.gov.mk\/wp-content\/uploads\/2026\/02\/godishen-izveshtaj-inf.javn-karakter-2025.pdf\" target=\"_blank\" rel=\"noreferrer noopener\">Raporti vjetor 2025<\/a><a href=\"https:\/\/kicevo.gov.mk\/wp-content\/uploads\/2026\/02\/godishen-izveshtaj-inf.javn-karakter-2025.pdf\" class=\"wp-block-file__button wp-element-button\" download aria-describedby=\"wp-block-file--media-ca9799af-2b39-465e-ac85-412568ba3b9a\">Shkarko<\/a><\/div>\n\n\n\n<div class=\"wp-block-file\"><a id=\"wp-block-file--media-b080a5ad-f409-4c4f-8bac-b4c8d87995ac\" href=\"https:\/\/kicevo.gov.mk\/wp-content\/uploads\/2025\/01\/Raporti-vjetor-2024.pdf\" target=\"_blank\" rel=\"noreferrer noopener\">Raporti vjetor 2024<\/a><a href=\"https:\/\/kicevo.gov.mk\/wp-content\/uploads\/2025\/01\/Raporti-vjetor-2024.pdf\" class=\"wp-block-file__button wp-element-button\" download aria-describedby=\"wp-block-file--media-b080a5ad-f409-4c4f-8bac-b4c8d87995ac\">Shkarko<\/a><\/div>\n\n\n\n<div class=\"wp-block-file\"><a id=\"wp-block-file--media-aa03e83b-5813-4f14-9c98-87de8034dc3e\" href=\"https:\/\/kicevo.gov.mk\/wp-content\/uploads\/2024\/01\/Godisen-izvestaj.pdf\" target=\"_blank\" rel=\"noreferrer noopener\">Raporti vjetor 2023<\/a><a href=\"https:\/\/kicevo.gov.mk\/wp-content\/uploads\/2024\/01\/Godisen-izvestaj.pdf\" class=\"wp-block-file__button wp-element-button\" download aria-describedby=\"wp-block-file--media-aa03e83b-5813-4f14-9c98-87de8034dc3e\">Shkarko<\/a><\/div>\n\n\n\n<div class=\"wp-block-file\"><a id=\"wp-block-file--media-aa03e83b-5813-4f14-9c98-87de8034dc3e\" href=\"https:\/\/kicevo.gov.mk\/wp-content\/uploads\/2023\/04\/godisen-izvestaj-2022.pdf\" target=\"_blank\" rel=\"noreferrer noopener\">Raporti vjetor 2022<\/a><a href=\"https:\/\/kicevo.gov.mk\/wp-content\/uploads\/2023\/04\/godisen-izvestaj-2022.pdf\" class=\"wp-block-file__button wp-element-button\" download aria-describedby=\"wp-block-file--media-aa03e83b-5813-4f14-9c98-87de8034dc3e\">Shkarko<\/a><\/div>\n\n\n\n<div class=\"wp-block-file\"><a id=\"wp-block-file--media-aa03e83b-5813-4f14-9c98-87de8034dc3e\" href=\"https:\/\/kicevo.gov.mk\/wp-content\/uploads\/2023\/04\/godisen-izvestaj-2021.pdf\" target=\"_blank\" rel=\"noreferrer noopener\">Raporti vjetor 2021<\/a><a href=\"https:\/\/kicevo.gov.mk\/wp-content\/uploads\/2023\/04\/godisen-izvestaj-2021.pdf\" class=\"wp-block-file__button wp-element-button\" download aria-describedby=\"wp-block-file--media-aa03e83b-5813-4f14-9c98-87de8034dc3e\">Shkarko<\/a><\/div>\n\n\n\n<div class=\"wp-block-file\"><a id=\"wp-block-file--media-aa03e83b-5813-4f14-9c98-87de8034dc3e\" href=\"https:\/\/kicevo.gov.mk\/wp-content\/uploads\/2023\/04\/godisen-izvestaj-2018.pdf\" target=\"_blank\" rel=\"noreferrer noopener\">Raporti vjetor 2018<\/a><a href=\"https:\/\/kicevo.gov.mk\/wp-content\/uploads\/2023\/04\/godisen-izvestaj-2018.pdf\" class=\"wp-block-file__button wp-element-button\" download aria-describedby=\"wp-block-file--media-aa03e83b-5813-4f14-9c98-87de8034dc3e\">Shkarko<\/a><\/div>\n<\/div><\/div>\n\n\n\n<div style=\"height:30px\" aria-hidden=\"true\" class=\"wp-block-spacer\"><\/div>\n\n\n\n<p><a href=\"https:\/\/kicevo.gov.mk\/sq\/lista-na-informacii-sloboden-pristap\/\" target=\"_blank\" rel=\"noreferrer noopener\">List\u00eb e informatave \/ Qasje e lir\u00eb drejt informatave<\/a><\/p>\n\n\n\n<p><a href=\"https:\/\/aspi.mk\/sq\/home\/\" target=\"_blank\" rel=\"noreferrer noopener\">Agjencia e mbrojtjes t\u00eb s\u00eb drejt\u00ebs p\u00ebr qasje t\u00eb lir\u00eb n\u00eb informata me karakter publik<\/a><\/p>\n\n\n\n<div style=\"height:30px\" aria-hidden=\"true\" class=\"wp-block-spacer\"><\/div>\n\n\n\n<p><a href=\"https:\/\/kicevo.gov.mk\/sq\/zashtiteno-vnatreshno-prijavuvanje\/\" target=\"_blank\" rel=\"noreferrer noopener\">Person i autorizuar p\u00ebr paraqitje t\u00eb brendshme t\u00eb mbrojtur<\/a><\/p>\n\n\n\n<p><a href=\"https:\/\/kicevo.gov.mk\/sq\/zashtita-na-lichni-podatoci\/\" target=\"_blank\" rel=\"noreferrer noopener\">Person zyrtar p\u00ebr mbrojtje t\u00eb t\u00eb dh\u00ebnave personale<\/a><\/p>\n\n\n\n<p><a href=\"https:\/\/kicevo.gov.mk\/sq\/poddrshka-na-lica-so-poprechenost\/\" target=\"_blank\" rel=\"noreferrer noopener\">Person zyrtar p\u00ebr p\u00ebrkrahje t\u00eb personave me pengesa<\/a><\/p>\n\n\n\n<p><a href=\"https:\/\/kicevo.gov.mk\/sq\/kontakt-so-mladi\/\" target=\"_blank\" rel=\"noreferrer noopener\">Person zyrtar p\u00ebr t\u00eb rinjt\u00eb<\/a><\/p>\n\n\n\n<p><a href=\"https:\/\/kicevo.gov.mk\/sq\/odnosi-so-javnost-2\/\" target=\"_blank\" rel=\"noreferrer noopener\">Person zyrtar p\u00ebr marr\u00ebdh\u00ebnie me publikun<\/a><\/p>\n","protected":false},"excerpt":{"rendered":"<p>Person i autorizuar p\u00ebr nd\u00ebrmejt\u00ebsim gjat\u00eb realizimit t\u00eb s\u00eb drejt\u00ebs p\u00ebr qasje t\u00eb lir\u00eb deri te informatatat me karakter publik: Arben Ristemi arben.ristemi@kicevo.gov.mk 076\/350-536 K\u00ebrkesat p\u00ebr qasje deri te informatat e karakterit publik qytetar\u00ebt mund t&#8217;i d\u00ebrgojn\u00eb p\u00ebrmes rrug\u00ebs elektronike personit zyrtar ose p\u00ebrmes post\u00ebs n\u00eb adres\u00ebn vijuese: Komuna e K\u00ebr\u00e7ov\u00ebs Boris Kidri\u00e7 nr.2 6250 [&hellip;]<\/p>\n","protected":false},"author":3,"featured_media":0,"parent":0,"menu_order":0,"comment_status":"closed","ping_status":"closed","template":"page-templates\/sidebar-right.php","meta":{"_uag_custom_page_level_css":"","_vp_format_video_url":"","_vp_image_focal_point":[],"footnotes":""},"class_list":["post-5961","page","type-page","status-publish","hentry"],"translation":{"provider":"WPGlobus","version":"3.0.2","language":"sq","enabled_languages":["mk","sq"],"languages":{"mk":{"title":true,"content":true,"excerpt":false},"sq":{"title":true,"content":true,"excerpt":false}}},"yoast_head":"<!-- This site is optimized with the Yoast SEO plugin v27.4 - https:\/\/yoast.com\/product\/yoast-seo-wordpress\/ -->\n<title>Informata\u00a0me\u00a0karakter\u00a0publik | Komuna e K\u00ebr\u00e7ov\u00ebs<\/title>\n<meta name=\"robots\" content=\"index, follow, max-snippet:-1, max-image-preview:large, max-video-preview:-1\" \/>\n<link rel=\"canonical\" href=\"https:\/\/kicevo.gov.mk\/pristap-do-informacii-od-javen-karakt\/\" \/>\n<meta property=\"og:locale\" content=\"sq_AL\" \/>\n<meta property=\"og:type\" content=\"article\" \/>\n<meta property=\"og:title\" content=\"Informata\u00a0me\u00a0karakter\u00a0publik | Komuna e K\u00ebr\u00e7ov\u00ebs\" \/>\n<meta property=\"og:url\" content=\"https:\/\/kicevo.gov.mk\/pristap-do-informacii-od-javen-karakt\/\" \/>\n<meta property=\"og:site_name\" content=\"Komuna e K\u00ebr\u00e7ov\u00ebs\" \/>\n<meta property=\"article:modified_time\" content=\"2026-02-02T08:52:58+00:00\" \/>\n<meta name=\"twitter:card\" content=\"summary_large_image\" \/>\n<meta name=\"twitter:label1\" content=\"Est. reading time\" \/>\n\t<meta name=\"twitter:data1\" content=\"1 minut\u00eb\" \/>\n<script type=\"application\/ld+json\" class=\"yoast-schema-graph\">{\"@context\":\"https:\\\/\\\/schema.org\",\"@graph\":[{\"@type\":\"WebPage\",\"@id\":\"https:\\\/\\\/kicevo.gov.mk\\\/pristap-do-informacii-od-javen-karakt\\\/\",\"url\":\"https:\\\/\\\/kicevo.gov.mk\\\/pristap-do-informacii-od-javen-karakt\\\/\",\"name\":\"Informata\u00a0me\u00a0karakter\u00a0publik | Komuna e K\u00ebr\u00e7ov\u00ebs\",\"isPartOf\":{\"@id\":\"https:\\\/\\\/kicevo.gov.mk\\\/#website\"},\"datePublished\":\"2022-11-28T11:08:11+00:00\",\"dateModified\":\"2026-02-02T08:52:58+00:00\",\"breadcrumb\":{\"@id\":\"https:\\\/\\\/kicevo.gov.mk\\\/pristap-do-informacii-od-javen-karakt\\\/#breadcrumb\"},\"inLanguage\":\"sq\",\"potentialAction\":[{\"@type\":\"ReadAction\",\"target\":[\"https:\\\/\\\/kicevo.gov.mk\\\/pristap-do-informacii-od-javen-karakt\\\/\"]}]},{\"@type\":\"BreadcrumbList\",\"@id\":\"https:\\\/\\\/kicevo.gov.mk\\\/pristap-do-informacii-od-javen-karakt\\\/#breadcrumb\",\"itemListElement\":[{\"@type\":\"ListItem\",\"position\":1,\"name\":\"\u041f\u043e\u0447\u0435\u0442\u043d\u0430\",\"item\":\"https:\\\/\\\/kicevo.gov.mk\\\/\"},{\"@type\":\"ListItem\",\"position\":2,\"name\":\"\u0418\u043d\u0444\u043e\u0440\u043c\u0430\u0446\u0438\u0438 \u043e\u0434 \u0458\u0430\u0432\u0435\u043d \u043a\u0430\u0440\u0430\u043a\u0442\u0435\u0440\"}]},{\"@type\":\"WebSite\",\"@id\":\"https:\\\/\\\/kicevo.gov.mk\\\/#website\",\"url\":\"https:\\\/\\\/kicevo.gov.mk\\\/\",\"name\":\"\u041e\u043f\u0448\u0442\u0438\u043d\u0430 \u041a\u0438\u0447\u0435\u0432\u043e\",\"description\":\"Mir\u00eb se erdh\u00ebt n\u00eb ueb faqen zyrtare t\u00eb Komun\u00ebs s\u00eb K\u00ebr\u00e7ov\u00ebs\",\"publisher\":{\"@id\":\"https:\\\/\\\/kicevo.gov.mk\\\/#organization\"},\"potentialAction\":[{\"@type\":\"SearchAction\",\"target\":{\"@type\":\"EntryPoint\",\"urlTemplate\":\"https:\\\/\\\/kicevo.gov.mk\\\/?s={search_term_string}\"},\"query-input\":{\"@type\":\"PropertyValueSpecification\",\"valueRequired\":true,\"valueName\":\"search_term_string\"}}],\"inLanguage\":\"sq\"},{\"@type\":\"Organization\",\"@id\":\"https:\\\/\\\/kicevo.gov.mk\\\/#organization\",\"name\":\"Opstina Kicevo\",\"url\":\"https:\\\/\\\/kicevo.gov.mk\\\/\",\"logo\":{\"@type\":\"ImageObject\",\"inLanguage\":\"sq\",\"@id\":\"https:\\\/\\\/kicevo.gov.mk\\\/#\\\/schema\\\/logo\\\/image\\\/\",\"url\":\"https:\\\/\\\/kicevo.gov.mk\\\/wp-content\\\/uploads\\\/2025\\\/11\\\/logo-alb.png\",\"contentUrl\":\"https:\\\/\\\/kicevo.gov.mk\\\/wp-content\\\/uploads\\\/2025\\\/11\\\/logo-alb.png\",\"width\":1200,\"height\":1592,\"caption\":\"Opstina Kicevo\"},\"image\":{\"@id\":\"https:\\\/\\\/kicevo.gov.mk\\\/#\\\/schema\\\/logo\\\/image\\\/\"}}]}<\/script>\n<!-- \/ Yoast SEO plugin. -->","yoast_head_json":{"title":"Informata\u00a0me\u00a0karakter\u00a0publik | Komuna e K\u00ebr\u00e7ov\u00ebs","robots":{"index":"index","follow":"follow","max-snippet":"max-snippet:-1","max-image-preview":"max-image-preview:large","max-video-preview":"max-video-preview:-1"},"canonical":"https:\/\/kicevo.gov.mk\/pristap-do-informacii-od-javen-karakt\/","og_locale":"sq_AL","og_type":"article","og_title":"Informata\u00a0me\u00a0karakter\u00a0publik | Komuna e K\u00ebr\u00e7ov\u00ebs","og_url":"https:\/\/kicevo.gov.mk\/pristap-do-informacii-od-javen-karakt\/","og_site_name":"Komuna e K\u00ebr\u00e7ov\u00ebs","article_modified_time":"2026-02-02T08:52:58+00:00","twitter_card":"summary_large_image","twitter_misc":{"Est. reading time":"1 minut\u00eb"},"schema":{"@context":"https:\/\/schema.org","@graph":[{"@type":"WebPage","@id":"https:\/\/kicevo.gov.mk\/pristap-do-informacii-od-javen-karakt\/","url":"https:\/\/kicevo.gov.mk\/pristap-do-informacii-od-javen-karakt\/","name":"Informata\u00a0me\u00a0karakter\u00a0publik | Komuna e K\u00ebr\u00e7ov\u00ebs","isPartOf":{"@id":"https:\/\/kicevo.gov.mk\/#website"},"datePublished":"2022-11-28T11:08:11+00:00","dateModified":"2026-02-02T08:52:58+00:00","breadcrumb":{"@id":"https:\/\/kicevo.gov.mk\/pristap-do-informacii-od-javen-karakt\/#breadcrumb"},"inLanguage":"sq","potentialAction":[{"@type":"ReadAction","target":["https:\/\/kicevo.gov.mk\/pristap-do-informacii-od-javen-karakt\/"]}]},{"@type":"BreadcrumbList","@id":"https:\/\/kicevo.gov.mk\/pristap-do-informacii-od-javen-karakt\/#breadcrumb","itemListElement":[{"@type":"ListItem","position":1,"name":"\u041f\u043e\u0447\u0435\u0442\u043d\u0430","item":"https:\/\/kicevo.gov.mk\/"},{"@type":"ListItem","position":2,"name":"\u0418\u043d\u0444\u043e\u0440\u043c\u0430\u0446\u0438\u0438 \u043e\u0434 \u0458\u0430\u0432\u0435\u043d \u043a\u0430\u0440\u0430\u043a\u0442\u0435\u0440"}]},{"@type":"WebSite","@id":"https:\/\/kicevo.gov.mk\/#website","url":"https:\/\/kicevo.gov.mk\/","name":"\u041e\u043f\u0448\u0442\u0438\u043d\u0430 \u041a\u0438\u0447\u0435\u0432\u043e","description":"Mir\u00eb se erdh\u00ebt n\u00eb ueb faqen zyrtare t\u00eb Komun\u00ebs s\u00eb K\u00ebr\u00e7ov\u00ebs","publisher":{"@id":"https:\/\/kicevo.gov.mk\/#organization"},"potentialAction":[{"@type":"SearchAction","target":{"@type":"EntryPoint","urlTemplate":"https:\/\/kicevo.gov.mk\/?s={search_term_string}"},"query-input":{"@type":"PropertyValueSpecification","valueRequired":true,"valueName":"search_term_string"}}],"inLanguage":"sq"},{"@type":"Organization","@id":"https:\/\/kicevo.gov.mk\/#organization","name":"Opstina Kicevo","url":"https:\/\/kicevo.gov.mk\/","logo":{"@type":"ImageObject","inLanguage":"sq","@id":"https:\/\/kicevo.gov.mk\/#\/schema\/logo\/image\/","url":"https:\/\/kicevo.gov.mk\/wp-content\/uploads\/2025\/11\/logo-alb.png","contentUrl":"https:\/\/kicevo.gov.mk\/wp-content\/uploads\/2025\/11\/logo-alb.png","width":1200,"height":1592,"caption":"Opstina Kicevo"},"image":{"@id":"https:\/\/kicevo.gov.mk\/#\/schema\/logo\/image\/"}}]}},"uagb_featured_image_src":{"full":false,"thumbnail":false,"medium":false,"medium_large":false,"large":false,"1536x1536":false,"2048x2048":false,"vp_sm":false,"vp_md":false,"vp_lg":false,"vp_xl":false,"vp_sm_popup":false,"vp_md_popup":false,"vp_xl_popup":false},"uagb_author_info":{"display_name":"Marina","author_link":"https:\/\/kicevo.gov.mk\/sq\/author\/adminmsb\/"},"uagb_comment_info":0,"uagb_excerpt":"Person i autorizuar p\u00ebr nd\u00ebrmejt\u00ebsim gjat\u00eb realizimit t\u00eb s\u00eb drejt\u00ebs p\u00ebr qasje t\u00eb lir\u00eb deri te informatatat me karakter publik: Arben Ristemi arben.ristemi@kicevo.gov.mk 076\/350-536 K\u00ebrkesat p\u00ebr qasje deri te informatat e karakterit publik qytetar\u00ebt mund t&#8217;i d\u00ebrgojn\u00eb p\u00ebrmes rrug\u00ebs elektronike personit zyrtar ose p\u00ebrmes post\u00ebs n\u00eb adres\u00ebn vijuese: Komuna e K\u00ebr\u00e7ov\u00ebs Boris Kidri\u00e7 nr.2 6250&hellip;","_links":{"self":[{"href":"https:\/\/kicevo.gov.mk\/sq\/wp-json\/wp\/v2\/pages\/5961","targetHints":{"allow":["GET"]}}],"collection":[{"href":"https:\/\/kicevo.gov.mk\/sq\/wp-json\/wp\/v2\/pages"}],"about":[{"href":"https:\/\/kicevo.gov.mk\/sq\/wp-json\/wp\/v2\/types\/page"}],"author":[{"embeddable":true,"href":"https:\/\/kicevo.gov.mk\/sq\/wp-json\/wp\/v2\/users\/3"}],"replies":[{"embeddable":true,"href":"https:\/\/kicevo.gov.mk\/sq\/wp-json\/wp\/v2\/comments?post=5961"}],"version-history":[{"count":5,"href":"https:\/\/kicevo.gov.mk\/sq\/wp-json\/wp\/v2\/pages\/5961\/revisions"}],"predecessor-version":[{"id":18322,"href":"https:\/\/kicevo.gov.mk\/sq\/wp-json\/wp\/v2\/pages\/5961\/revisions\/18322"}],"wp:attachment":[{"href":"https:\/\/kicevo.gov.mk\/sq\/wp-json\/wp\/v2\/media?parent=5961"}],"curies":[{"name":"wp","href":"https:\/\/api.w.org\/{rel}","templated":true}]}} 