{"id":5909,"date":"2022-11-25T11:14:59","date_gmt":"2022-11-25T11:14:59","guid":{"rendered":"https:\/\/test.kicevo.gov.mk\/?page_id=5909"},"modified":"2026-03-31T13:20:59","modified_gmt":"2026-03-31T13:20:59","slug":"otvoreni-podatoci","status":"publish","type":"page","link":"https:\/\/kicevo.gov.mk\/sq\/otvoreni-podatoci\/","title":{"rendered":"T\u00eb dh\u00ebnat e hapura"},"content":{"rendered":"\n<div class=\"wp-block-file\"><a id=\"wp-block-file--media-8e2f7f3c-9f45-459f-942e-4c03284a36e1\" href=\"https:\/\/kicevo.gov.mk\/wp-content\/uploads\/2025\/04\/\u0410\u0434\u043c\u0438\u043d\u0438\u0441\u0442\u0440\u0430\u0446\u0438\u0458\u0430-\u041e\u043f\u0448\u0442\u0438\u043d\u0430-\u041a\u0438\u0447\u0435\u0432\u043e-sq.xls\">Administrata &#8211; Udh\u00ebheq\u00ebs<\/a><a href=\"https:\/\/kicevo.gov.mk\/wp-content\/uploads\/2025\/04\/\u0410\u0434\u043c\u0438\u043d\u0438\u0441\u0442\u0440\u0430\u0446\u0438\u0458\u0430-\u041e\u043f\u0448\u0442\u0438\u043d\u0430-\u041a\u0438\u0447\u0435\u0432\u043e-sq.xls\" class=\"wp-block-file__button wp-element-button\" download aria-describedby=\"wp-block-file--media-8e2f7f3c-9f45-459f-942e-4c03284a36e1\">Shkarko<\/a><\/div>\n\n\n\n<div class=\"wp-block-file\"><a id=\"wp-block-file--media-45fd9af3-9826-4332-b2a4-078acbdb105b\" href=\"https:\/\/kicevo.gov.mk\/wp-content\/uploads\/2024\/03\/lista-na-vraboteni.xlsx\">Lista e t\u00eb pun\u00ebsuarve<\/a><a href=\"https:\/\/kicevo.gov.mk\/wp-content\/uploads\/2024\/03\/lista-na-vraboteni.xlsx\" class=\"wp-block-file__button wp-element-button\" download aria-describedby=\"wp-block-file--media-45fd9af3-9826-4332-b2a4-078acbdb105b\">Shkarko<\/a><\/div>\n\n\n\n<div class=\"wp-block-file\"><a id=\"wp-block-file--media-ac96b720-2b19-462a-bbc1-b90949ce6046\" href=\"https:\/\/kicevo.gov.mk\/wp-content\/uploads\/2025\/04\/\u041d\u0430\u0434\u043b\u0435\u0436\u043d\u043e\u0441\u0442\u0438-\u043d\u0430-\u043e\u043f\u0448\u0442\u0438\u043d\u0430-\u0430\u043b\u0431.xlsx\">Kompetencat e Komun\u00ebs<\/a><a href=\"https:\/\/kicevo.gov.mk\/wp-content\/uploads\/2025\/04\/\u041d\u0430\u0434\u043b\u0435\u0436\u043d\u043e\u0441\u0442\u0438-\u043d\u0430-\u043e\u043f\u0448\u0442\u0438\u043d\u0430-\u0430\u043b\u0431.xlsx\" class=\"wp-block-file__button wp-element-button\" download aria-describedby=\"wp-block-file--media-ac96b720-2b19-462a-bbc1-b90949ce6046\">Shkarko<\/a><\/div>\n\n\n\n<div class=\"wp-block-file\"><a id=\"wp-block-file--media-78758ef1-c288-4ddb-8916-b83567df799b\" href=\"https:\/\/kicevo.gov.mk\/wp-content\/uploads\/2025\/04\/Organogram.xlsx\">Organogrami<\/a><a href=\"https:\/\/kicevo.gov.mk\/wp-content\/uploads\/2025\/04\/Organogram.xlsx\" class=\"wp-block-file__button wp-element-button\" download aria-describedby=\"wp-block-file--media-78758ef1-c288-4ddb-8916-b83567df799b\">Shkarko<\/a><\/div>\n\n\n\n<div class=\"wp-block-file\"><a id=\"wp-block-file--media-d8ad722b-279f-4518-aca7-4d3ce1328233\" href=\"https:\/\/kicevo.gov.mk\/wp-content\/uploads\/2025\/11\/sovetnici.xlsx\">Antar\u00ebt e k\u00ebshillit<\/a><a href=\"https:\/\/kicevo.gov.mk\/wp-content\/uploads\/2025\/11\/sovetnici.xlsx\" class=\"wp-block-file__button wp-element-button\" download aria-describedby=\"wp-block-file--media-d8ad722b-279f-4518-aca7-4d3ce1328233\">Shkarko<\/a><\/div>\n\n\n\n<div class=\"wp-block-file\"><a id=\"wp-block-file--media-3ff4c84d-d5a1-4eca-bb5c-207287f2cb16\" href=\"https:\/\/kicevo.gov.mk\/wp-content\/uploads\/2025\/12\/komisii-chlenovi-sovet-opshtina-kichevo-novi.xls\">Komisionet e K\u00ebshillit<\/a><a href=\"https:\/\/kicevo.gov.mk\/wp-content\/uploads\/2025\/12\/komisii-chlenovi-sovet-opshtina-kichevo-novi.xls\" class=\"wp-block-file__button wp-element-button\" download aria-describedby=\"wp-block-file--media-3ff4c84d-d5a1-4eca-bb5c-207287f2cb16\">Shkarko<\/a><\/div>\n\n\n\n<div class=\"wp-block-file\"><a id=\"wp-block-file--media-8cada3d7-a342-4488-b947-ade0a6a50b2e\" href=\"https:\/\/kicevo.gov.mk\/wp-content\/uploads\/2025\/04\/\u0421\u0435\u0434\u043d\u0438\u0446\u0438-\u043d\u0430-\u0441\u043e\u0432\u0435\u0442.xlsx\">Mbledhjet e \u041a\u00ebshillit<\/a><a href=\"https:\/\/kicevo.gov.mk\/wp-content\/uploads\/2025\/04\/\u0421\u0435\u0434\u043d\u0438\u0446\u0438-\u043d\u0430-\u0441\u043e\u0432\u0435\u0442.xlsx\" class=\"wp-block-file__button wp-element-button\" download aria-describedby=\"wp-block-file--media-8cada3d7-a342-4488-b947-ade0a6a50b2e\">Shkarko<\/a><\/div>\n\n\n\n<div class=\"wp-block-file\"><a id=\"wp-block-file--media-6a731c5b-74eb-4390-a46b-c070020c4421\" href=\"https:\/\/kicevo.gov.mk\/wp-content\/uploads\/2025\/04\/\u041d\u0430\u0434\u043b\u0435\u0436\u043d\u043e\u0441\u0442\u0438-\u043d\u0430-\u0441\u043e\u0432\u0435\u0442-\u0430\u043b\u0431.xlsx\">Kompetencat e K\u00ebshillit<\/a><a href=\"https:\/\/kicevo.gov.mk\/wp-content\/uploads\/2025\/04\/\u041d\u0430\u0434\u043b\u0435\u0436\u043d\u043e\u0441\u0442\u0438-\u043d\u0430-\u0441\u043e\u0432\u0435\u0442-\u0430\u043b\u0431.xlsx\" class=\"wp-block-file__button wp-element-button\" download aria-describedby=\"wp-block-file--media-6a731c5b-74eb-4390-a46b-c070020c4421\">Shkarko<\/a><\/div>\n\n\n\n<div class=\"wp-block-file\"><a id=\"wp-block-file--media-ef8ec574-7393-4d4b-9cb3-d6b6a6e0d945\" href=\"https:\/\/kicevo.gov.mk\/wp-content\/uploads\/2025\/04\/\u0414\u0430\u043d\u043e\u0446\u0438-\u0438-\u0442\u0430\u043a\u0441\u0438.xlsx\">Tatime dhe taksa<\/a><a href=\"https:\/\/kicevo.gov.mk\/wp-content\/uploads\/2025\/04\/\u0414\u0430\u043d\u043e\u0446\u0438-\u0438-\u0442\u0430\u043a\u0441\u0438.xlsx\" class=\"wp-block-file__button wp-element-button\" download aria-describedby=\"wp-block-file--media-ef8ec574-7393-4d4b-9cb3-d6b6a6e0d945\">Shkarko<\/a><\/div>\n\n\n\n<div class=\"wp-block-file\"><a id=\"wp-block-file--media-42a65056-7af4-4388-896e-5a692924ec4f\" href=\"https:\/\/kicevo.gov.mk\/wp-content\/uploads\/2025\/04\/\u0408\u0430\u0432\u043d\u0438-\u043d\u0430\u0431\u0430\u0432\u043a\u0438.xlsx\">Furnizimet Publike<\/a><a href=\"https:\/\/kicevo.gov.mk\/wp-content\/uploads\/2025\/04\/\u0408\u0430\u0432\u043d\u0438-\u043d\u0430\u0431\u0430\u0432\u043a\u0438.xlsx\" class=\"wp-block-file__button wp-element-button\" download aria-describedby=\"wp-block-file--media-42a65056-7af4-4388-896e-5a692924ec4f\">Shkarko<\/a><\/div>\n\n\n\n<div class=\"wp-block-file\"><a id=\"wp-block-file--media-a4226533-c18c-4b07-92bd-1c2a20b08f3e\" href=\"https:\/\/kicevo.gov.mk\/wp-content\/uploads\/2025\/04\/\u0438\u0437\u0432\u0435\u0448\u0442\u0430\u0438.xlsx\">Raporte<\/a><a href=\"https:\/\/kicevo.gov.mk\/wp-content\/uploads\/2025\/04\/\u0438\u0437\u0432\u0435\u0448\u0442\u0430\u0438.xlsx\" class=\"wp-block-file__button wp-element-button\" download aria-describedby=\"wp-block-file--media-a4226533-c18c-4b07-92bd-1c2a20b08f3e\">Shkarko<\/a><\/div>\n\n\n\n<div class=\"wp-block-file\"><a id=\"wp-block-file--media-933573de-93a5-4b07-b6e5-8347f3c5fc78\" href=\"https:\/\/kicevo.gov.mk\/wp-content\/uploads\/2025\/04\/\u0424\u043e\u0440\u043c\u0443\u043b\u0430\u0440\u0438.xlsx\">Formular\u00ebt<\/a><a href=\"https:\/\/kicevo.gov.mk\/wp-content\/uploads\/2025\/04\/\u0424\u043e\u0440\u043c\u0443\u043b\u0430\u0440\u0438.xlsx\" class=\"wp-block-file__button wp-element-button\" download aria-describedby=\"wp-block-file--media-933573de-93a5-4b07-b6e5-8347f3c5fc78\">Shkarko<\/a><\/div>\n\n\n\n<div class=\"wp-block-file\"><a id=\"wp-block-file--media-98b87830-072a-44ce-ab9c-50eb74c7d064\" href=\"https:\/\/kicevo.gov.mk\/wp-content\/uploads\/2025\/04\/\u041f\u0440\u043e\u0446\u0435\u0434\u0443\u0440\u0438.xlsx\">Procedura<\/a><a href=\"https:\/\/kicevo.gov.mk\/wp-content\/uploads\/2025\/04\/\u041f\u0440\u043e\u0446\u0435\u0434\u0443\u0440\u0438.xlsx\" class=\"wp-block-file__button wp-element-button\" download aria-describedby=\"wp-block-file--media-98b87830-072a-44ce-ab9c-50eb74c7d064\">Shkarko<\/a><\/div>\n\n\n\n<div class=\"wp-block-file\"><a id=\"wp-block-file--media-70457688-b73c-4706-808d-e68cd2e05455\" href=\"https:\/\/kicevo.gov.mk\/wp-content\/uploads\/2025\/04\/\u041f\u043b\u0430\u043d\u043e\u0432\u0438-\u043f\u0440\u043e\u0433\u0440\u0430\u043c\u0438-\u0438-\u043f\u0440\u0430\u0432\u0438\u043b\u043d\u0438\u0446\u0438.xlsx\">Planet, Programet dhe Rregulloret<\/a><a href=\"https:\/\/kicevo.gov.mk\/wp-content\/uploads\/2025\/04\/\u041f\u043b\u0430\u043d\u043e\u0432\u0438-\u043f\u0440\u043e\u0433\u0440\u0430\u043c\u0438-\u0438-\u043f\u0440\u0430\u0432\u0438\u043b\u043d\u0438\u0446\u0438.xlsx\" class=\"wp-block-file__button wp-element-button\" download aria-describedby=\"wp-block-file--media-70457688-b73c-4706-808d-e68cd2e05455\">Shkarko<\/a><\/div>\n\n\n\n<div class=\"wp-block-file\"><a id=\"wp-block-file--media-db6d2357-abf5-400f-bc3f-afed3bf637ec\" href=\"https:\/\/kicevo.gov.mk\/wp-content\/uploads\/2025\/04\/\u0443\u0440\u0431\u0430\u043d\u0438\u0441\u0442\u0438\u0447\u043a\u0438-\u043f\u043b\u0430\u043d\u043e\u0432\u0438.xlsx\">Planet urbanistike<\/a><a href=\"https:\/\/kicevo.gov.mk\/wp-content\/uploads\/2025\/04\/\u0443\u0440\u0431\u0430\u043d\u0438\u0441\u0442\u0438\u0447\u043a\u0438-\u043f\u043b\u0430\u043d\u043e\u0432\u0438.xlsx\" class=\"wp-block-file__button wp-element-button\" download aria-describedby=\"wp-block-file--media-db6d2357-abf5-400f-bc3f-afed3bf637ec\">Shkarko<\/a><\/div>\n\n\n\n<div class=\"wp-block-file\"><a id=\"wp-block-file--media-4eae97ba-c08b-4a34-91b4-9a917a8c244f\" href=\"https:\/\/kicevo.gov.mk\/wp-content\/uploads\/2026\/03\/sluzbeni-glasnici-2025-2026.xlsx\">Fletorja Zyrtare<\/a><a href=\"https:\/\/kicevo.gov.mk\/wp-content\/uploads\/2026\/03\/sluzbeni-glasnici-2025-2026.xlsx\" class=\"wp-block-file__button wp-element-button\" download aria-describedby=\"wp-block-file--media-4eae97ba-c08b-4a34-91b4-9a917a8c244f\">Shkarko<\/a><\/div>\n\n\n\n<div class=\"wp-block-file\"><a id=\"wp-block-file--media-45fd9af3-9826-4332-b2a4-078acbdb105b\" href=\"https:\/\/kicevo.gov.mk\/wp-content\/uploads\/2023\/04\/\u041c\u0435\u0441\u043d\u0438-\u0417\u0430\u0435\u0434\u043d\u0438\u0446\u0438-\u0423\u0440\u0431\u0430\u043d\u0438-\u0417\u0430\u0435\u0434\u043d\u0438\u0446\u0438-\u041d\u0430\u0441\u0435\u043b\u0435\u043d\u0438-\u041c\u0435\u0441\u0442\u0430-\u041e\u043f\u0448\u0442\u0438\u043d\u0430-\u041a\u0438\u0447\u0435\u0432\u043e_.xls\">Bashk\u00ebsit\u00eb urbane dhe lokale<\/a><a href=\"https:\/\/kicevo.gov.mk\/wp-content\/uploads\/2023\/04\/\u041c\u0435\u0441\u043d\u0438-\u0417\u0430\u0435\u0434\u043d\u0438\u0446\u0438-\u0423\u0440\u0431\u0430\u043d\u0438-\u0417\u0430\u0435\u0434\u043d\u0438\u0446\u0438-\u041d\u0430\u0441\u0435\u043b\u0435\u043d\u0438-\u041c\u0435\u0441\u0442\u0430-\u041e\u043f\u0448\u0442\u0438\u043d\u0430-\u041a\u0438\u0447\u0435\u0432\u043e_.xls\" class=\"wp-block-file__button wp-element-button\" download aria-describedby=\"wp-block-file--media-45fd9af3-9826-4332-b2a4-078acbdb105b\">Shkarko<\/a><\/div>\n\n\n\n<div class=\"wp-block-file\"><a id=\"wp-block-file--media-b109ff35-7c46-487b-8792-00b324475824\" href=\"https:\/\/kicevo.gov.mk\/wp-content\/uploads\/2025\/04\/\u0421\u0440\u0435\u0434\u043d\u043e-\u043e\u0431\u0440\u0430\u0437\u043e\u0432\u0430\u043d\u0438\u0435.xlsx\">Shkollat e mesme<\/a><a href=\"https:\/\/kicevo.gov.mk\/wp-content\/uploads\/2025\/04\/\u0421\u0440\u0435\u0434\u043d\u043e-\u043e\u0431\u0440\u0430\u0437\u043e\u0432\u0430\u043d\u0438\u0435.xlsx\" class=\"wp-block-file__button wp-element-button\" download aria-describedby=\"wp-block-file--media-b109ff35-7c46-487b-8792-00b324475824\">Shkarko<\/a><\/div>\n\n\n\n<div class=\"wp-block-file\"><a id=\"wp-block-file--media-64c237ce-1b4b-4f1d-ba6e-5e6182c61600\" href=\"https:\/\/kicevo.gov.mk\/wp-content\/uploads\/2025\/04\/\u041e\u0441\u043d\u043e\u0432\u043d\u043e-\u043e\u0431\u0440\u0430\u0437\u043e\u0432\u0430\u043d\u0438\u0435.xls\">Shkollat fillore<\/a><a href=\"https:\/\/kicevo.gov.mk\/wp-content\/uploads\/2025\/04\/\u041e\u0441\u043d\u043e\u0432\u043d\u043e-\u043e\u0431\u0440\u0430\u0437\u043e\u0432\u0430\u043d\u0438\u0435.xls\" class=\"wp-block-file__button wp-element-button\" download aria-describedby=\"wp-block-file--media-64c237ce-1b4b-4f1d-ba6e-5e6182c61600\">Shkarko<\/a><\/div>\n\n\n\n<div class=\"wp-block-file\"><a id=\"wp-block-file--media-4a4ebd34-c3af-44c2-8a99-cccbda7f0271\" href=\"https:\/\/kicevo.gov.mk\/wp-content\/uploads\/2025\/04\/\u0414\u0435\u0442\u0441\u043a\u0438-\u0433\u0440\u0430\u0434\u0438\u043d\u043a\u0438.xlsx\">Kopshtet e f\u00ebmij\u00ebve<\/a><a href=\"https:\/\/kicevo.gov.mk\/wp-content\/uploads\/2025\/04\/\u0414\u0435\u0442\u0441\u043a\u0438-\u0433\u0440\u0430\u0434\u0438\u043d\u043a\u0438.xlsx\" class=\"wp-block-file__button wp-element-button\" download aria-describedby=\"wp-block-file--media-4a4ebd34-c3af-44c2-8a99-cccbda7f0271\">Shkarko<\/a><\/div>\n\n\n\n<div class=\"wp-block-file\"><a id=\"wp-block-file--media-45fd9af3-9826-4332-b2a4-078acbdb105b\" href=\"https:\/\/kicevo.gov.mk\/wp-content\/uploads\/2023\/04\/\u0421\u043f\u043e\u0440\u0442\u0441\u043a\u0438-\u043e\u0431\u0458\u0435\u043a\u0442\u0438-\u041e\u043f\u0448\u0442\u0438\u043d\u0430-\u041a\u0438\u0447\u0435\u0432\u043e.xls\">Palestrat Sportive<\/a><a href=\"https:\/\/kicevo.gov.mk\/wp-content\/uploads\/2023\/04\/\u0421\u043f\u043e\u0440\u0442\u0441\u043a\u0438-\u043e\u0431\u0458\u0435\u043a\u0442\u0438-\u041e\u043f\u0448\u0442\u0438\u043d\u0430-\u041a\u0438\u0447\u0435\u0432\u043e.xls\" class=\"wp-block-file__button wp-element-button\" download aria-describedby=\"wp-block-file--media-45fd9af3-9826-4332-b2a4-078acbdb105b\">Shkarko<\/a><\/div>\n\n\n\n<div class=\"wp-block-file\"><a id=\"wp-block-file--media-5447124e-b84c-4ab1-9b13-9d1af2a05cd5\" href=\"https:\/\/kicevo.gov.mk\/wp-content\/uploads\/2025\/04\/\u043a\u0443\u043b\u0442\u0443\u0440\u0430.xlsx\">Objekte t\u00eb kultur\u00ebs<\/a><a href=\"https:\/\/kicevo.gov.mk\/wp-content\/uploads\/2025\/04\/\u043a\u0443\u043b\u0442\u0443\u0440\u0430.xlsx\" class=\"wp-block-file__button wp-element-button\" download aria-describedby=\"wp-block-file--media-5447124e-b84c-4ab1-9b13-9d1af2a05cd5\">Shkarko<\/a><\/div>\n\n\n\n<div class=\"wp-block-file\"><a id=\"wp-block-file--media-45fd9af3-9826-4332-b2a4-078acbdb105b\" href=\"https:\/\/kicevo.gov.mk\/wp-content\/uploads\/2023\/04\/\u0408\u0430\u0432\u043d\u0438-\u043f\u0440\u0435\u0442\u043f\u0440\u0438\u0458\u0430\u0442\u0438\u0458\u0430-\u041e\u043f\u0448\u0442\u0438\u043d\u0430-\u041a\u0438\u0447\u0435\u0432\u043e-1.xlsx\">Nd\u00ebrmarrjet publike<\/a><a href=\"https:\/\/kicevo.gov.mk\/wp-content\/uploads\/2023\/04\/\u0408\u0430\u0432\u043d\u0438-\u043f\u0440\u0435\u0442\u043f\u0440\u0438\u0458\u0430\u0442\u0438\u0458\u0430-\u041e\u043f\u0448\u0442\u0438\u043d\u0430-\u041a\u0438\u0447\u0435\u0432\u043e-1.xlsx\" class=\"wp-block-file__button wp-element-button\" download aria-describedby=\"wp-block-file--media-45fd9af3-9826-4332-b2a4-078acbdb105b\">Shkarko<\/a><\/div>\n\n\n\n<div class=\"wp-block-file\"><a id=\"wp-block-file--media-02992deb-7b1d-46cb-ba8b-e909f9dea494\" href=\"https:\/\/kicevo.gov.mk\/wp-content\/uploads\/2025\/04\/\u0420\u0435\u0433\u0438\u0441\u0442\u0430\u0440-\u043d\u0430-\u0433\u0440\u0430\u0453\u0430\u043d\u0441\u043a\u0438-\u043e\u0440\u0433\u0430\u043d\u0438\u0437\u0430\u0446\u0438\u0438.xlsx\">Regjist\u00ebr i organizatave joqeveritare<\/a><a href=\"https:\/\/kicevo.gov.mk\/wp-content\/uploads\/2025\/04\/\u0420\u0435\u0433\u0438\u0441\u0442\u0430\u0440-\u043d\u0430-\u0433\u0440\u0430\u0453\u0430\u043d\u0441\u043a\u0438-\u043e\u0440\u0433\u0430\u043d\u0438\u0437\u0430\u0446\u0438\u0438.xlsx\" class=\"wp-block-file__button wp-element-button\" download aria-describedby=\"wp-block-file--media-02992deb-7b1d-46cb-ba8b-e909f9dea494\">Shkarko<\/a><\/div>\n\n\n\n<div class=\"wp-block-file\"><a id=\"wp-block-file--media-853f6c35-7b0a-473d-b360-3ab9106c3629\" href=\"https:\/\/kicevo.gov.mk\/wp-content\/uploads\/2025\/04\/\u0440\u0435\u0433\u0438\u0441\u0442\u0430\u0440-\u043d\u0430-\u043f\u0430\u0437\u0430\u0440\u0438.xlsx\">Regjist\u00ebr i tregjeve<\/a><a href=\"https:\/\/kicevo.gov.mk\/wp-content\/uploads\/2025\/04\/\u0440\u0435\u0433\u0438\u0441\u0442\u0430\u0440-\u043d\u0430-\u043f\u0430\u0437\u0430\u0440\u0438.xlsx\" class=\"wp-block-file__button wp-element-button\" download aria-describedby=\"wp-block-file--media-853f6c35-7b0a-473d-b360-3ab9106c3629\">Shkarko<\/a><\/div>\n\n\n\n<div class=\"wp-block-file\"><a id=\"wp-block-file--media-45fd9af3-9826-4332-b2a4-078acbdb105b\" href=\"https:\/\/kicevo.gov.mk\/wp-content\/uploads\/2023\/04\/\u0423\u0441\u043b\u0443\u0433\u0438-\u043d\u0430-\u043e\u043f\u0448\u0442\u0438\u043d\u0430-\u041a\u0438\u0447\u0435\u0432\u043e.xls\">E-Sh\u00ebrbimet<\/a><a href=\"https:\/\/kicevo.gov.mk\/wp-content\/uploads\/2023\/04\/\u0423\u0441\u043b\u0443\u0433\u0438-\u043d\u0430-\u043e\u043f\u0448\u0442\u0438\u043d\u0430-\u041a\u0438\u0447\u0435\u0432\u043e.xls\" class=\"wp-block-file__button wp-element-button\" download aria-describedby=\"wp-block-file--media-45fd9af3-9826-4332-b2a4-078acbdb105b\">Shkarko<\/a><\/div>\n\n\n\n<div class=\"wp-block-file\"><a id=\"wp-block-file--media-2124def6-00a9-4168-a397-4fb5061a17e0\" href=\"https:\/\/kicevo.gov.mk\/wp-content\/uploads\/2025\/04\/\u0417\u0430\u0448\u0442\u0438\u0442\u0435\u043d\u043e-\u0432\u043d\u0430\u0442\u0440\u0435\u0448\u043d\u043e-\u043f\u0440\u0438\u0458\u0430\u0432\u0443\u0432\u0430\u045a\u0435.xlsx\">Paraqitje e brendshme e mbrojtur<\/a><a href=\"https:\/\/kicevo.gov.mk\/wp-content\/uploads\/2025\/04\/\u0417\u0430\u0448\u0442\u0438\u0442\u0435\u043d\u043e-\u0432\u043d\u0430\u0442\u0440\u0435\u0448\u043d\u043e-\u043f\u0440\u0438\u0458\u0430\u0432\u0443\u0432\u0430\u045a\u0435.xlsx\" class=\"wp-block-file__button wp-element-button\" download aria-describedby=\"wp-block-file--media-2124def6-00a9-4168-a397-4fb5061a17e0\">Shkarko<\/a><\/div>\n\n\n\n<div class=\"wp-block-file\"><a id=\"wp-block-file--media-f8b0577d-ae7c-450a-8dc2-22b378d9c33b\" href=\"https:\/\/kicevo.gov.mk\/wp-content\/uploads\/2025\/04\/\u0418\u043d\u0444\u043e\u0440\u043c\u0430\u0446\u0438\u0438-\u043e\u0434-\u0458\u0430\u0432\u0435\u043d-\u043a\u0430\u0440\u0430\u043a\u0442\u0435\u0440.xlsx\">Informata&nbsp;me&nbsp;karakter&nbsp;publik<\/a><a href=\"https:\/\/kicevo.gov.mk\/wp-content\/uploads\/2025\/04\/\u0418\u043d\u0444\u043e\u0440\u043c\u0430\u0446\u0438\u0438-\u043e\u0434-\u0458\u0430\u0432\u0435\u043d-\u043a\u0430\u0440\u0430\u043a\u0442\u0435\u0440.xlsx\" class=\"wp-block-file__button wp-element-button\" download aria-describedby=\"wp-block-file--media-f8b0577d-ae7c-450a-8dc2-22b378d9c33b\">Shkarko<\/a><\/div>\n","protected":false},"excerpt":{"rendered":"","protected":false},"author":3,"featured_media":0,"parent":0,"menu_order":0,"comment_status":"closed","ping_status":"closed","template":"page-templates\/sidebar-right.php","meta":{"_uag_custom_page_level_css":"","_vp_format_video_url":"","_vp_image_focal_point":[],"footnotes":""},"class_list":["post-5909","page","type-page","status-publish","hentry"],"translation":{"provider":"WPGlobus","version":"3.0.2","language":"sq","enabled_languages":["mk","sq"],"languages":{"mk":{"title":true,"content":true,"excerpt":false},"sq":{"title":true,"content":true,"excerpt":false}}},"yoast_head":"<!-- This site is optimized with the Yoast SEO plugin v27.3 - https:\/\/yoast.com\/product\/yoast-seo-wordpress\/ -->\n<title>T\u00eb dh\u00ebnat e hapura | Komuna e K\u00ebr\u00e7ov\u00ebs<\/title>\n<meta name=\"robots\" content=\"index, follow, max-snippet:-1, max-image-preview:large, max-video-preview:-1\" \/>\n<link rel=\"canonical\" href=\"https:\/\/kicevo.gov.mk\/otvoreni-podatoci\/\" \/>\n<meta property=\"og:locale\" content=\"sq_AL\" \/>\n<meta property=\"og:type\" content=\"article\" \/>\n<meta property=\"og:title\" content=\"T\u00eb dh\u00ebnat e hapura | Komuna e K\u00ebr\u00e7ov\u00ebs\" \/>\n<meta property=\"og:url\" content=\"https:\/\/kicevo.gov.mk\/otvoreni-podatoci\/\" \/>\n<meta property=\"og:site_name\" content=\"Komuna e K\u00ebr\u00e7ov\u00ebs\" \/>\n<meta property=\"article:modified_time\" content=\"2026-03-31T13:20:59+00:00\" \/>\n<meta name=\"twitter:card\" content=\"summary_large_image\" \/>\n<meta name=\"twitter:label1\" content=\"Est. reading time\" \/>\n\t<meta name=\"twitter:data1\" content=\"1 minut\u00eb\" \/>\n<script type=\"application\/ld+json\" class=\"yoast-schema-graph\">{\"@context\":\"https:\\\/\\\/schema.org\",\"@graph\":[{\"@type\":\"WebPage\",\"@id\":\"https:\\\/\\\/kicevo.gov.mk\\\/otvoreni-podatoci\\\/\",\"url\":\"https:\\\/\\\/kicevo.gov.mk\\\/otvoreni-podatoci\\\/\",\"name\":\"T\u00eb dh\u00ebnat e hapura | Komuna e K\u00ebr\u00e7ov\u00ebs\",\"isPartOf\":{\"@id\":\"https:\\\/\\\/kicevo.gov.mk\\\/#website\"},\"datePublished\":\"2022-11-25T11:14:59+00:00\",\"dateModified\":\"2026-03-31T13:20:59+00:00\",\"breadcrumb\":{\"@id\":\"https:\\\/\\\/kicevo.gov.mk\\\/otvoreni-podatoci\\\/#breadcrumb\"},\"inLanguage\":\"sq\",\"potentialAction\":[{\"@type\":\"ReadAction\",\"target\":[\"https:\\\/\\\/kicevo.gov.mk\\\/otvoreni-podatoci\\\/\"]}]},{\"@type\":\"BreadcrumbList\",\"@id\":\"https:\\\/\\\/kicevo.gov.mk\\\/otvoreni-podatoci\\\/#breadcrumb\",\"itemListElement\":[{\"@type\":\"ListItem\",\"position\":1,\"name\":\"\u041f\u043e\u0447\u0435\u0442\u043d\u0430\",\"item\":\"https:\\\/\\\/kicevo.gov.mk\\\/\"},{\"@type\":\"ListItem\",\"position\":2,\"name\":\"\u041e\u0442\u0432\u043e\u0440\u0435\u043d\u0438 \u043f\u043e\u0434\u0430\u0442\u043e\u0446\u0438\"}]},{\"@type\":\"WebSite\",\"@id\":\"https:\\\/\\\/kicevo.gov.mk\\\/#website\",\"url\":\"https:\\\/\\\/kicevo.gov.mk\\\/\",\"name\":\"\u041e\u043f\u0448\u0442\u0438\u043d\u0430 \u041a\u0438\u0447\u0435\u0432\u043e\",\"description\":\"Mir\u00eb se erdh\u00ebt n\u00eb ueb faqen zyrtare t\u00eb Komun\u00ebs s\u00eb K\u00ebr\u00e7ov\u00ebs\",\"publisher\":{\"@id\":\"https:\\\/\\\/kicevo.gov.mk\\\/#organization\"},\"potentialAction\":[{\"@type\":\"SearchAction\",\"target\":{\"@type\":\"EntryPoint\",\"urlTemplate\":\"https:\\\/\\\/kicevo.gov.mk\\\/?s={search_term_string}\"},\"query-input\":{\"@type\":\"PropertyValueSpecification\",\"valueRequired\":true,\"valueName\":\"search_term_string\"}}],\"inLanguage\":\"sq\"},{\"@type\":\"Organization\",\"@id\":\"https:\\\/\\\/kicevo.gov.mk\\\/#organization\",\"name\":\"Opstina Kicevo\",\"url\":\"https:\\\/\\\/kicevo.gov.mk\\\/\",\"logo\":{\"@type\":\"ImageObject\",\"inLanguage\":\"sq\",\"@id\":\"https:\\\/\\\/kicevo.gov.mk\\\/#\\\/schema\\\/logo\\\/image\\\/\",\"url\":\"https:\\\/\\\/kicevo.gov.mk\\\/wp-content\\\/uploads\\\/2025\\\/11\\\/logo-alb.png\",\"contentUrl\":\"https:\\\/\\\/kicevo.gov.mk\\\/wp-content\\\/uploads\\\/2025\\\/11\\\/logo-alb.png\",\"width\":1200,\"height\":1592,\"caption\":\"Opstina Kicevo\"},\"image\":{\"@id\":\"https:\\\/\\\/kicevo.gov.mk\\\/#\\\/schema\\\/logo\\\/image\\\/\"}}]}<\/script>\n<!-- \/ Yoast SEO plugin. -->","yoast_head_json":{"title":"T\u00eb dh\u00ebnat e hapura | Komuna e K\u00ebr\u00e7ov\u00ebs","robots":{"index":"index","follow":"follow","max-snippet":"max-snippet:-1","max-image-preview":"max-image-preview:large","max-video-preview":"max-video-preview:-1"},"canonical":"https:\/\/kicevo.gov.mk\/otvoreni-podatoci\/","og_locale":"sq_AL","og_type":"article","og_title":"T\u00eb dh\u00ebnat e hapura | Komuna e K\u00ebr\u00e7ov\u00ebs","og_url":"https:\/\/kicevo.gov.mk\/otvoreni-podatoci\/","og_site_name":"Komuna e K\u00ebr\u00e7ov\u00ebs","article_modified_time":"2026-03-31T13:20:59+00:00","twitter_card":"summary_large_image","twitter_misc":{"Est. reading time":"1 minut\u00eb"},"schema":{"@context":"https:\/\/schema.org","@graph":[{"@type":"WebPage","@id":"https:\/\/kicevo.gov.mk\/otvoreni-podatoci\/","url":"https:\/\/kicevo.gov.mk\/otvoreni-podatoci\/","name":"T\u00eb dh\u00ebnat e hapura | Komuna e K\u00ebr\u00e7ov\u00ebs","isPartOf":{"@id":"https:\/\/kicevo.gov.mk\/#website"},"datePublished":"2022-11-25T11:14:59+00:00","dateModified":"2026-03-31T13:20:59+00:00","breadcrumb":{"@id":"https:\/\/kicevo.gov.mk\/otvoreni-podatoci\/#breadcrumb"},"inLanguage":"sq","potentialAction":[{"@type":"ReadAction","target":["https:\/\/kicevo.gov.mk\/otvoreni-podatoci\/"]}]},{"@type":"BreadcrumbList","@id":"https:\/\/kicevo.gov.mk\/otvoreni-podatoci\/#breadcrumb","itemListElement":[{"@type":"ListItem","position":1,"name":"\u041f\u043e\u0447\u0435\u0442\u043d\u0430","item":"https:\/\/kicevo.gov.mk\/"},{"@type":"ListItem","position":2,"name":"\u041e\u0442\u0432\u043e\u0440\u0435\u043d\u0438 \u043f\u043e\u0434\u0430\u0442\u043e\u0446\u0438"}]},{"@type":"WebSite","@id":"https:\/\/kicevo.gov.mk\/#website","url":"https:\/\/kicevo.gov.mk\/","name":"\u041e\u043f\u0448\u0442\u0438\u043d\u0430 \u041a\u0438\u0447\u0435\u0432\u043e","description":"Mir\u00eb se erdh\u00ebt n\u00eb ueb faqen zyrtare t\u00eb Komun\u00ebs s\u00eb K\u00ebr\u00e7ov\u00ebs","publisher":{"@id":"https:\/\/kicevo.gov.mk\/#organization"},"potentialAction":[{"@type":"SearchAction","target":{"@type":"EntryPoint","urlTemplate":"https:\/\/kicevo.gov.mk\/?s={search_term_string}"},"query-input":{"@type":"PropertyValueSpecification","valueRequired":true,"valueName":"search_term_string"}}],"inLanguage":"sq"},{"@type":"Organization","@id":"https:\/\/kicevo.gov.mk\/#organization","name":"Opstina Kicevo","url":"https:\/\/kicevo.gov.mk\/","logo":{"@type":"ImageObject","inLanguage":"sq","@id":"https:\/\/kicevo.gov.mk\/#\/schema\/logo\/image\/","url":"https:\/\/kicevo.gov.mk\/wp-content\/uploads\/2025\/11\/logo-alb.png","contentUrl":"https:\/\/kicevo.gov.mk\/wp-content\/uploads\/2025\/11\/logo-alb.png","width":1200,"height":1592,"caption":"Opstina Kicevo"},"image":{"@id":"https:\/\/kicevo.gov.mk\/#\/schema\/logo\/image\/"}}]}},"uagb_featured_image_src":{"full":false,"thumbnail":false,"medium":false,"medium_large":false,"large":false,"1536x1536":false,"2048x2048":false,"vp_sm":false,"vp_md":false,"vp_lg":false,"vp_xl":false,"vp_sm_popup":false,"vp_md_popup":false,"vp_xl_popup":false},"uagb_author_info":{"display_name":"Marina","author_link":"https:\/\/kicevo.gov.mk\/sq\/author\/adminmsb\/"},"uagb_comment_info":0,"uagb_excerpt":null,"_links":{"self":[{"href":"https:\/\/kicevo.gov.mk\/sq\/wp-json\/wp\/v2\/pages\/5909","targetHints":{"allow":["GET"]}}],"collection":[{"href":"https:\/\/kicevo.gov.mk\/sq\/wp-json\/wp\/v2\/pages"}],"about":[{"href":"https:\/\/kicevo.gov.mk\/sq\/wp-json\/wp\/v2\/types\/page"}],"author":[{"embeddable":true,"href":"https:\/\/kicevo.gov.mk\/sq\/wp-json\/wp\/v2\/users\/3"}],"replies":[{"embeddable":true,"href":"https:\/\/kicevo.gov.mk\/sq\/wp-json\/wp\/v2\/comments?post=5909"}],"version-history":[{"count":5,"href":"https:\/\/kicevo.gov.mk\/sq\/wp-json\/wp\/v2\/pages\/5909\/revisions"}],"predecessor-version":[{"id":19166,"href":"https:\/\/kicevo.gov.mk\/sq\/wp-json\/wp\/v2\/pages\/5909\/revisions\/19166"}],"wp:attachment":[{"href":"https:\/\/kicevo.gov.mk\/sq\/wp-json\/wp\/v2\/media?parent=5909"}],"curies":[{"name":"wp","href":"https:\/\/api.w.org\/{rel}","templated":true}]}}