{"id":5767,"date":"2022-11-23T11:19:56","date_gmt":"2022-11-23T11:19:56","guid":{"rendered":"https:\/\/test.kicevo.gov.mk\/?page_id=5767"},"modified":"2026-03-16T08:25:18","modified_gmt":"2026-03-16T08:25:18","slug":"javni-pretprijatija","status":"publish","type":"page","link":"https:\/\/kicevo.gov.mk\/sq\/javni-pretprijatija\/","title":{"rendered":"Nd\u00ebrmarrjet publike"},"content":{"rendered":"\n<div style=\"height:30px\" aria-hidden=\"true\" class=\"wp-block-spacer\"><\/div>\n\n\n\n<div class=\"wp-block-media-text is-stacked-on-mobile is-vertically-aligned-center bg-shadow\" style=\"grid-template-columns:43% auto\"><figure class=\"wp-block-media-text__media\"><img loading=\"lazy\" decoding=\"async\" width=\"534\" height=\"300\" src=\"https:\/\/kicevo.gov.mk\/wp-content\/uploads\/2022\/11\/komunalec-original-300.png\" alt=\"\" class=\"wp-image-5770 size-full\" srcset=\"https:\/\/kicevo.gov.mk\/wp-content\/uploads\/2022\/11\/komunalec-original-300.png 534w, https:\/\/kicevo.gov.mk\/wp-content\/uploads\/2022\/11\/komunalec-original-300-300x169.png 300w, https:\/\/kicevo.gov.mk\/wp-content\/uploads\/2022\/11\/komunalec-original-300-500x281.png 500w\" sizes=\"auto, (max-width: 534px) 100vw, 534px\" \/><\/figure><div class=\"wp-block-media-text__content\">\n<div style=\"height:30px\" aria-hidden=\"true\" class=\"wp-block-spacer\"><\/div>\n\n\n\n<h4 class=\"wp-block-heading\">NPK Komunalec<\/h4>\n\n\n\n<p>Drejtor<br>Bojan Stojkoski<\/p>\n\n\n\n<p>Adresa<br>rr. Boris Kidri\u00e7 nr.1<\/p>\n\n\n\n<p>Kontakt<br>045\/223-780<br>071\/221-505<\/p>\n\n\n\n<p>\u0415-mail<br><a href=\"mailto:kicevo@komunalec.mk\">kicevo@komunalec.mk<\/a><br><a href=\"mailto:k%D0%B5rcova@komunalec.mk\">k\u0435rcova@komunalec.mk<\/a><\/p>\n\n\n\n<p>Faqe interneti<br><a href=\"https:\/\/kicevo.komunalec.mk\/\" target=\"_blank\" rel=\"noreferrer noopener\">https:\/\/kicevo.komunalec.mk\/<\/a><\/p>\n<\/div><\/div>\n\n\n\n<div style=\"height:30px\" aria-hidden=\"true\" class=\"wp-block-spacer\"><\/div>\n\n\n\n<div class=\"wp-block-pb-accordion-item c-accordion__item js-accordion-item no-js\" data-initially-open=\"false\" data-click-to-close=\"true\" data-auto-close=\"true\" data-scroll=\"false\" data-scroll-offset=\"0\"><h4 id=\"at-57670\" class=\"c-accordion__title js-accordion-controller\" role=\"button\">Raporte<\/h4><div id=\"ac-57670\" class=\"c-accordion__content\">\n<p><strong>Llogaria vjetore<\/strong><\/p>\n\n\n\n<div class=\"wp-block-file\"><a id=\"wp-block-file--media-6ce686a2-bc65-428e-b3ea-c33f63f0c3ac\" href=\"https:\/\/kicevo.gov.mk\/wp-content\/uploads\/2026\/03\/raport-2025-final-llogaria-perfundimtare-final.pdf\" target=\"_blank\" rel=\"noreferrer noopener\">Raport financiar vjetor p\u00ebr pun\u00ebn e nd\u00ebrmarrjes p\u00ebr vitin 2025<\/a><a href=\"https:\/\/kicevo.gov.mk\/wp-content\/uploads\/2026\/03\/raport-2025-final-llogaria-perfundimtare-final.pdf\" class=\"wp-block-file__button wp-element-button\" download aria-describedby=\"wp-block-file--media-6ce686a2-bc65-428e-b3ea-c33f63f0c3ac\">Shkarko<\/a><\/div>\n\n\n\n<div class=\"wp-block-file\"><a id=\"wp-block-file--media-d7591a04-80bc-4626-a480-0857dff31c1d\" href=\"https:\/\/kicevo.gov.mk\/wp-content\/uploads\/2025\/04\/Raport-2024-final-llogaria-perfundimtare-1-komunalec.pdf\" target=\"_blank\" rel=\"noreferrer noopener\">Raport financiar vjetor p\u00ebr pun\u00ebn e nd\u00ebrmarrjes p\u00ebr vitin 2024<\/a><a href=\"https:\/\/kicevo.gov.mk\/wp-content\/uploads\/2025\/04\/Raport-2024-final-llogaria-perfundimtare-1-komunalec.pdf\" class=\"wp-block-file__button wp-element-button\" download aria-describedby=\"wp-block-file--media-d7591a04-80bc-4626-a480-0857dff31c1d\">Shkarko<\/a><\/div>\n\n\n\n<div class=\"wp-block-file\"><a id=\"wp-block-file--media-dc774a21-e71d-40dd-b4b4-3278f96b0245\" href=\"https:\/\/kicevo.gov.mk\/wp-content\/uploads\/2025\/04\/Raport-2023-final-llogaria-perfundimtare-1.pdf\" target=\"_blank\" rel=\"noreferrer noopener\">Raport financiar vjetor p\u00ebr pun\u00ebn e nd\u00ebrmarrjes p\u00ebr vitin 2023<\/a><a href=\"https:\/\/kicevo.gov.mk\/wp-content\/uploads\/2025\/04\/Raport-2023-final-llogaria-perfundimtare-1.pdf\" class=\"wp-block-file__button wp-element-button\" download aria-describedby=\"wp-block-file--media-dc774a21-e71d-40dd-b4b4-3278f96b0245\">Shkarko<\/a><\/div>\n\n\n\n<p><\/p>\n\n\n\n<p><strong>Raporte kuartale<\/strong><\/p>\n\n\n\n<div class=\"wp-block-file\"><a id=\"wp-block-file--media-203b340f-ab65-41a3-84e4-a3ff869170dd\" href=\"https:\/\/kicevo.gov.mk\/wp-content\/uploads\/2025\/12\/raport-k3.pdf\" target=\"_blank\" rel=\"noreferrer noopener\">Raport I t\u00eb ardhurave dhe shpenzimeve &#8211; Kuartali III &#8211; 2025<\/a><a href=\"https:\/\/kicevo.gov.mk\/wp-content\/uploads\/2025\/12\/raport-k3.pdf\" class=\"wp-block-file__button wp-element-button\" download aria-describedby=\"wp-block-file--media-203b340f-ab65-41a3-84e4-a3ff869170dd\">Shkarko<\/a><\/div>\n\n\n\n<div class=\"wp-block-file\"><a id=\"wp-block-file--media-4c92e098-6e55-4372-86a9-1d2ac81f1b8d\" href=\"https:\/\/kicevo.gov.mk\/wp-content\/uploads\/2025\/08\/kvartal-2-2025-shq.pdf\" target=\"_blank\" rel=\"noreferrer noopener\">Raport I t\u00eb ardhurave dhe shpenzimeve &#8211; Kuartali II &#8211; 2025<\/a><a href=\"https:\/\/kicevo.gov.mk\/wp-content\/uploads\/2025\/08\/kvartal-2-2025-shq.pdf\" class=\"wp-block-file__button wp-element-button\" download aria-describedby=\"wp-block-file--media-4c92e098-6e55-4372-86a9-1d2ac81f1b8d\">Shkarko<\/a><\/div>\n\n\n\n<div class=\"wp-block-file\"><a id=\"wp-block-file--media-d3d7417b-cade-401f-abc9-41920c03832b\" href=\"https:\/\/kicevo.gov.mk\/wp-content\/uploads\/2025\/06\/kvartal-1-2025-shq.pdf\" target=\"_blank\" rel=\"noreferrer noopener\">Raport I t\u00eb ardhurave dhe shpenzimeve &#8211; Kuartali I &#8211; 2025<\/a><a href=\"https:\/\/kicevo.gov.mk\/wp-content\/uploads\/2025\/06\/kvartal-1-2025-shq.pdf\" class=\"wp-block-file__button wp-element-button\" download aria-describedby=\"wp-block-file--media-d3d7417b-cade-401f-abc9-41920c03832b\">Shkarko<\/a><\/div>\n\n\n\n<div class=\"wp-block-file\"><a id=\"wp-block-file--media-e5e77a60-122e-46b9-aa10-92976a1893a2\" href=\"https:\/\/kicevo.gov.mk\/wp-content\/uploads\/2025\/04\/kvartal-3-SHQ-2024-11.pdf\" target=\"_blank\" rel=\"noreferrer noopener\">Raport I t\u00eb ardhurave dhe shpenzimeve &#8211; Kuartali III &#8211; 2024<\/a><a href=\"https:\/\/kicevo.gov.mk\/wp-content\/uploads\/2025\/04\/kvartal-3-SHQ-2024-11.pdf\" class=\"wp-block-file__button wp-element-button\" download aria-describedby=\"wp-block-file--media-e5e77a60-122e-46b9-aa10-92976a1893a2\">Shkarko<\/a><\/div>\n\n\n\n<div class=\"wp-block-file\"><a id=\"wp-block-file--media-6ac83695-d836-45d4-b4a5-af1b336a5515\" href=\"https:\/\/kicevo.gov.mk\/wp-content\/uploads\/2025\/04\/kvartal-1-2024-shq.pdf\" target=\"_blank\" rel=\"noreferrer noopener\">Raport I t\u00eb ardhurave dhe shpenzimeve &#8211; Kuartali I &#8211; 2024<\/a><a href=\"https:\/\/kicevo.gov.mk\/wp-content\/uploads\/2025\/04\/kvartal-1-2024-shq.pdf\" class=\"wp-block-file__button wp-element-button\" download aria-describedby=\"wp-block-file--media-6ac83695-d836-45d4-b4a5-af1b336a5515\">Shkarko<\/a><\/div>\n<\/div><\/div>\n\n\n\n<div class=\"wp-block-pb-accordion-item c-accordion__item js-accordion-item no-js\" data-initially-open=\"false\" data-click-to-close=\"true\" data-auto-close=\"true\" data-scroll=\"false\" data-scroll-offset=\"0\"><h4 id=\"at-57671\" class=\"c-accordion__title js-accordion-controller\" role=\"button\">Programet<\/h4><div id=\"ac-57671\" class=\"c-accordion__content\">\n<div class=\"wp-block-file\"><a id=\"wp-block-file--media-672338a1-5cf2-46cc-a1f6-1c95976fa2ad\" href=\"https:\/\/kicevo.gov.mk\/wp-content\/uploads\/2026\/01\/p.sh-2026.pdf\" target=\"_blank\" rel=\"noreferrer noopener\">Program p\u00ebr pun\u00ebn dhe zhvillimin e Nd\u00ebrmarrjes Publike p\u00ebr sh\u00ebrbime komunale \u201cKomunalec\u201d- K\u00ebr\u00e7ov\u00eb p\u00ebr vitin 2026<\/a><a href=\"https:\/\/kicevo.gov.mk\/wp-content\/uploads\/2026\/01\/p.sh-2026.pdf\" class=\"wp-block-file__button wp-element-button\" download aria-describedby=\"wp-block-file--media-672338a1-5cf2-46cc-a1f6-1c95976fa2ad\">Shkarko<\/a><\/div>\n\n\n\n<div class=\"wp-block-file\"><a id=\"wp-block-file--media-8fd8e79d-9c74-4448-b4c7-aed4c92073a1\" href=\"https:\/\/kicevo.gov.mk\/wp-content\/uploads\/2026\/01\/program-per-pasterti-publike-2026.pdf\" target=\"_blank\" rel=\"noreferrer noopener\">Programi p\u00ebr mir\u00ebmbajtjen e past\u00ebrtis\u00eb publike p\u00ebr vitin 2026 n\u00eb Komun\u00ebn e K\u00ebr\u00e7ov\u00ebs<\/a><a href=\"https:\/\/kicevo.gov.mk\/wp-content\/uploads\/2026\/01\/program-per-pasterti-publike-2026.pdf\" class=\"wp-block-file__button wp-element-button\" download aria-describedby=\"wp-block-file--media-8fd8e79d-9c74-4448-b4c7-aed4c92073a1\">Shkarko<\/a><\/div>\n\n\n\n<div class=\"wp-block-file\"><a id=\"wp-block-file--media-c28b1b24-021c-4785-b0c4-672632af801a\" href=\"https:\/\/kicevo.gov.mk\/wp-content\/uploads\/2026\/01\/program-2026-mbeturinat-komunale.pdf\" target=\"_blank\" rel=\"noreferrer noopener\">Programi p\u00ebr menaxhim me mbeturinat n\u00eb territorin e Komun\u00ebs s\u00eb K\u00ebr\u00e7ov\u00ebs p\u00ebr vitin 2026<\/a><a href=\"https:\/\/kicevo.gov.mk\/wp-content\/uploads\/2026\/01\/program-2026-mbeturinat-komunale.pdf\" class=\"wp-block-file__button wp-element-button\" download aria-describedby=\"wp-block-file--media-c28b1b24-021c-4785-b0c4-672632af801a\">Shkarko<\/a><\/div>\n<\/div><\/div>\n","protected":false},"excerpt":{"rendered":"","protected":false},"author":3,"featured_media":0,"parent":0,"menu_order":0,"comment_status":"closed","ping_status":"closed","template":"page-templates\/sidebar-right.php","meta":{"_uag_custom_page_level_css":"","_vp_format_video_url":"","_vp_image_focal_point":[],"footnotes":""},"class_list":["post-5767","page","type-page","status-publish","hentry"],"translation":{"provider":"WPGlobus","version":"3.0.2","language":"sq","enabled_languages":["mk","sq"],"languages":{"mk":{"title":true,"content":true,"excerpt":false},"sq":{"title":true,"content":true,"excerpt":false}}},"yoast_head":"<!-- This site is optimized with the Yoast SEO plugin v27.3 - https:\/\/yoast.com\/product\/yoast-seo-wordpress\/ -->\n<title>Nd\u00ebrmarrjet publike | Komuna e K\u00ebr\u00e7ov\u00ebs<\/title>\n<meta name=\"robots\" content=\"index, follow, max-snippet:-1, max-image-preview:large, max-video-preview:-1\" \/>\n<link rel=\"canonical\" href=\"https:\/\/kicevo.gov.mk\/sq\/javni-pretprijatija\/\" \/>\n<meta property=\"og:locale\" content=\"sq_AL\" \/>\n<meta property=\"og:type\" content=\"article\" \/>\n<meta property=\"og:title\" content=\"Nd\u00ebrmarrjet publike | Komuna e K\u00ebr\u00e7ov\u00ebs\" \/>\n<meta property=\"og:url\" content=\"https:\/\/kicevo.gov.mk\/sq\/javni-pretprijatija\/\" \/>\n<meta property=\"og:site_name\" content=\"Komuna e K\u00ebr\u00e7ov\u00ebs\" \/>\n<meta property=\"article:modified_time\" content=\"2026-03-16T08:25:18+00:00\" \/>\n<meta property=\"og:image\" content=\"https:\/\/kicevo.gov.mk\/wp-content\/uploads\/2025\/11\/komunalec-original-300-1.png\" \/>\n<meta name=\"twitter:card\" content=\"summary_large_image\" \/>\n<meta name=\"twitter:label1\" content=\"Est. reading time\" \/>\n\t<meta name=\"twitter:data1\" content=\"1 minut\u00eb\" \/>\n<script type=\"application\/ld+json\" class=\"yoast-schema-graph\">{\"@context\":\"https:\\\/\\\/schema.org\",\"@graph\":[{\"@type\":\"WebPage\",\"@id\":\"https:\\\/\\\/kicevo.gov.mk\\\/sq\\\/javni-pretprijatija\\\/\",\"url\":\"https:\\\/\\\/kicevo.gov.mk\\\/sq\\\/javni-pretprijatija\\\/\",\"name\":\"Nd\u00ebrmarrjet publike | Komuna e K\u00ebr\u00e7ov\u00ebs\",\"isPartOf\":{\"@id\":\"https:\\\/\\\/kicevo.gov.mk\\\/#website\"},\"primaryImageOfPage\":{\"@id\":\"https:\\\/\\\/kicevo.gov.mk\\\/sq\\\/javni-pretprijatija\\\/#primaryimage\"},\"image\":{\"@id\":\"https:\\\/\\\/kicevo.gov.mk\\\/sq\\\/javni-pretprijatija\\\/#primaryimage\"},\"thumbnailUrl\":\"https:\\\/\\\/kicevo.gov.mk\\\/wp-content\\\/uploads\\\/2025\\\/11\\\/komunalec-original-300-1.png\",\"datePublished\":\"2022-11-23T11:19:56+00:00\",\"dateModified\":\"2026-03-16T08:25:18+00:00\",\"breadcrumb\":{\"@id\":\"https:\\\/\\\/kicevo.gov.mk\\\/sq\\\/javni-pretprijatija\\\/#breadcrumb\"},\"inLanguage\":\"sq\",\"potentialAction\":[{\"@type\":\"ReadAction\",\"target\":[\"https:\\\/\\\/kicevo.gov.mk\\\/sq\\\/javni-pretprijatija\\\/\"]}]},{\"@type\":\"ImageObject\",\"inLanguage\":\"sq\",\"@id\":\"https:\\\/\\\/kicevo.gov.mk\\\/sq\\\/javni-pretprijatija\\\/#primaryimage\",\"url\":\"https:\\\/\\\/kicevo.gov.mk\\\/wp-content\\\/uploads\\\/2025\\\/11\\\/komunalec-original-300-1.png\",\"contentUrl\":\"https:\\\/\\\/kicevo.gov.mk\\\/wp-content\\\/uploads\\\/2025\\\/11\\\/komunalec-original-300-1.png\"},{\"@type\":\"BreadcrumbList\",\"@id\":\"https:\\\/\\\/kicevo.gov.mk\\\/sq\\\/javni-pretprijatija\\\/#breadcrumb\",\"itemListElement\":[{\"@type\":\"ListItem\",\"position\":1,\"name\":\"\u041f\u043e\u0447\u0435\u0442\u043d\u0430\",\"item\":\"https:\\\/\\\/kicevo.gov.mk\\\/\"},{\"@type\":\"ListItem\",\"position\":2,\"name\":\"Nd\u00ebrmarrjet publike\"}]},{\"@type\":\"WebSite\",\"@id\":\"https:\\\/\\\/kicevo.gov.mk\\\/#website\",\"url\":\"https:\\\/\\\/kicevo.gov.mk\\\/\",\"name\":\"\u041e\u043f\u0448\u0442\u0438\u043d\u0430 \u041a\u0438\u0447\u0435\u0432\u043e\",\"description\":\"Mir\u00eb se erdh\u00ebt n\u00eb ueb faqen zyrtare t\u00eb Komun\u00ebs s\u00eb K\u00ebr\u00e7ov\u00ebs\",\"publisher\":{\"@id\":\"https:\\\/\\\/kicevo.gov.mk\\\/#organization\"},\"potentialAction\":[{\"@type\":\"SearchAction\",\"target\":{\"@type\":\"EntryPoint\",\"urlTemplate\":\"https:\\\/\\\/kicevo.gov.mk\\\/?s={search_term_string}\"},\"query-input\":{\"@type\":\"PropertyValueSpecification\",\"valueRequired\":true,\"valueName\":\"search_term_string\"}}],\"inLanguage\":\"sq\"},{\"@type\":\"Organization\",\"@id\":\"https:\\\/\\\/kicevo.gov.mk\\\/#organization\",\"name\":\"Opstina Kicevo\",\"url\":\"https:\\\/\\\/kicevo.gov.mk\\\/\",\"logo\":{\"@type\":\"ImageObject\",\"inLanguage\":\"sq\",\"@id\":\"https:\\\/\\\/kicevo.gov.mk\\\/#\\\/schema\\\/logo\\\/image\\\/\",\"url\":\"https:\\\/\\\/kicevo.gov.mk\\\/wp-content\\\/uploads\\\/2025\\\/11\\\/logo-alb.png\",\"contentUrl\":\"https:\\\/\\\/kicevo.gov.mk\\\/wp-content\\\/uploads\\\/2025\\\/11\\\/logo-alb.png\",\"width\":1200,\"height\":1592,\"caption\":\"Opstina Kicevo\"},\"image\":{\"@id\":\"https:\\\/\\\/kicevo.gov.mk\\\/#\\\/schema\\\/logo\\\/image\\\/\"}}]}<\/script>\n<!-- \/ Yoast SEO plugin. -->","yoast_head_json":{"title":"Nd\u00ebrmarrjet publike | Komuna e K\u00ebr\u00e7ov\u00ebs","robots":{"index":"index","follow":"follow","max-snippet":"max-snippet:-1","max-image-preview":"max-image-preview:large","max-video-preview":"max-video-preview:-1"},"canonical":"https:\/\/kicevo.gov.mk\/sq\/javni-pretprijatija\/","og_locale":"sq_AL","og_type":"article","og_title":"Nd\u00ebrmarrjet publike | Komuna e K\u00ebr\u00e7ov\u00ebs","og_url":"https:\/\/kicevo.gov.mk\/sq\/javni-pretprijatija\/","og_site_name":"Komuna e K\u00ebr\u00e7ov\u00ebs","article_modified_time":"2026-03-16T08:25:18+00:00","og_image":[{"url":"https:\/\/kicevo.gov.mk\/wp-content\/uploads\/2025\/11\/komunalec-original-300-1.png","type":"","width":"","height":""}],"twitter_card":"summary_large_image","twitter_misc":{"Est. reading time":"1 minut\u00eb"},"schema":{"@context":"https:\/\/schema.org","@graph":[{"@type":"WebPage","@id":"https:\/\/kicevo.gov.mk\/sq\/javni-pretprijatija\/","url":"https:\/\/kicevo.gov.mk\/sq\/javni-pretprijatija\/","name":"Nd\u00ebrmarrjet publike | Komuna e K\u00ebr\u00e7ov\u00ebs","isPartOf":{"@id":"https:\/\/kicevo.gov.mk\/#website"},"primaryImageOfPage":{"@id":"https:\/\/kicevo.gov.mk\/sq\/javni-pretprijatija\/#primaryimage"},"image":{"@id":"https:\/\/kicevo.gov.mk\/sq\/javni-pretprijatija\/#primaryimage"},"thumbnailUrl":"https:\/\/kicevo.gov.mk\/wp-content\/uploads\/2025\/11\/komunalec-original-300-1.png","datePublished":"2022-11-23T11:19:56+00:00","dateModified":"2026-03-16T08:25:18+00:00","breadcrumb":{"@id":"https:\/\/kicevo.gov.mk\/sq\/javni-pretprijatija\/#breadcrumb"},"inLanguage":"sq","potentialAction":[{"@type":"ReadAction","target":["https:\/\/kicevo.gov.mk\/sq\/javni-pretprijatija\/"]}]},{"@type":"ImageObject","inLanguage":"sq","@id":"https:\/\/kicevo.gov.mk\/sq\/javni-pretprijatija\/#primaryimage","url":"https:\/\/kicevo.gov.mk\/wp-content\/uploads\/2025\/11\/komunalec-original-300-1.png","contentUrl":"https:\/\/kicevo.gov.mk\/wp-content\/uploads\/2025\/11\/komunalec-original-300-1.png"},{"@type":"BreadcrumbList","@id":"https:\/\/kicevo.gov.mk\/sq\/javni-pretprijatija\/#breadcrumb","itemListElement":[{"@type":"ListItem","position":1,"name":"\u041f\u043e\u0447\u0435\u0442\u043d\u0430","item":"https:\/\/kicevo.gov.mk\/"},{"@type":"ListItem","position":2,"name":"Nd\u00ebrmarrjet publike"}]},{"@type":"WebSite","@id":"https:\/\/kicevo.gov.mk\/#website","url":"https:\/\/kicevo.gov.mk\/","name":"\u041e\u043f\u0448\u0442\u0438\u043d\u0430 \u041a\u0438\u0447\u0435\u0432\u043e","description":"Mir\u00eb se erdh\u00ebt n\u00eb ueb faqen zyrtare t\u00eb Komun\u00ebs s\u00eb K\u00ebr\u00e7ov\u00ebs","publisher":{"@id":"https:\/\/kicevo.gov.mk\/#organization"},"potentialAction":[{"@type":"SearchAction","target":{"@type":"EntryPoint","urlTemplate":"https:\/\/kicevo.gov.mk\/?s={search_term_string}"},"query-input":{"@type":"PropertyValueSpecification","valueRequired":true,"valueName":"search_term_string"}}],"inLanguage":"sq"},{"@type":"Organization","@id":"https:\/\/kicevo.gov.mk\/#organization","name":"Opstina Kicevo","url":"https:\/\/kicevo.gov.mk\/","logo":{"@type":"ImageObject","inLanguage":"sq","@id":"https:\/\/kicevo.gov.mk\/#\/schema\/logo\/image\/","url":"https:\/\/kicevo.gov.mk\/wp-content\/uploads\/2025\/11\/logo-alb.png","contentUrl":"https:\/\/kicevo.gov.mk\/wp-content\/uploads\/2025\/11\/logo-alb.png","width":1200,"height":1592,"caption":"Opstina Kicevo"},"image":{"@id":"https:\/\/kicevo.gov.mk\/#\/schema\/logo\/image\/"}}]}},"uagb_featured_image_src":{"full":false,"thumbnail":false,"medium":false,"medium_large":false,"large":false,"1536x1536":false,"2048x2048":false,"vp_sm":false,"vp_md":false,"vp_lg":false,"vp_xl":false,"vp_sm_popup":false,"vp_md_popup":false,"vp_xl_popup":false},"uagb_author_info":{"display_name":"Marina","author_link":"https:\/\/kicevo.gov.mk\/sq\/author\/adminmsb\/"},"uagb_comment_info":0,"uagb_excerpt":null,"_links":{"self":[{"href":"https:\/\/kicevo.gov.mk\/sq\/wp-json\/wp\/v2\/pages\/5767","targetHints":{"allow":["GET"]}}],"collection":[{"href":"https:\/\/kicevo.gov.mk\/sq\/wp-json\/wp\/v2\/pages"}],"about":[{"href":"https:\/\/kicevo.gov.mk\/sq\/wp-json\/wp\/v2\/types\/page"}],"author":[{"embeddable":true,"href":"https:\/\/kicevo.gov.mk\/sq\/wp-json\/wp\/v2\/users\/3"}],"replies":[{"embeddable":true,"href":"https:\/\/kicevo.gov.mk\/sq\/wp-json\/wp\/v2\/comments?post=5767"}],"version-history":[{"count":5,"href":"https:\/\/kicevo.gov.mk\/sq\/wp-json\/wp\/v2\/pages\/5767\/revisions"}],"predecessor-version":[{"id":19027,"href":"https:\/\/kicevo.gov.mk\/sq\/wp-json\/wp\/v2\/pages\/5767\/revisions\/19027"}],"wp:attachment":[{"href":"https:\/\/kicevo.gov.mk\/sq\/wp-json\/wp\/v2\/media?parent=5767"}],"curies":[{"name":"wp","href":"https:\/\/api.w.org\/{rel}","templated":true}]}}