{"id":57,"date":"2022-08-30T11:25:10","date_gmt":"2022-08-30T11:25:10","guid":{"rendered":"http:\/\/localhost\/opstina\/?page_id=57"},"modified":"2026-01-12T13:00:14","modified_gmt":"2026-01-12T13:00:14","slug":"sektori-na-opstinata","status":"publish","type":"page","link":"https:\/\/kicevo.gov.mk\/sq\/sektori-na-opstinata\/","title":{"rendered":"Sektor\u00ebt e Komun\u00ebs"},"content":{"rendered":"\n<div class=\"wp-block-columns is-layout-flex wp-container-core-columns-is-layout-9d6595d7 wp-block-columns-is-layout-flex\">\n<div class=\"wp-block-column is-layout-flow wp-block-column-is-layout-flow\">\n<div class=\"lsvr-feature lsvr-feature--has-icon sector-feature sector-name\"\n    >\n    <div class=\"lsvr-feature__inner\">\n\n        \n            <span class=\"lsvr-feature__icon icon-person-id-card\" aria-hidden=\"true\"><\/span>\n\n        \n        \n            <h3 class=\"lsvr-feature__title\">\n                Sektori p\u00ebr Mb\u00ebshtetje t\u00eb Kryetarit t\u00eb komun\u00ebs            <\/h3>\n\n        \n        \n            <div class=\"lsvr-feature__text\">\n\n                <p>Udh\u00ebheq\u00ebs: Ramiz Rexhepi<\/p>\n<p>tel: 076\/303-111<\/p>\n<p>\u0415-mail: ramiz_re@hotmail.com<\/p>\n<p>Or\u00eb pune: 8:00 &#8211; 16:00 <\/p>\n\n            <\/div>\n\n        \n        \n            <p class=\"lsvr-feature__more\">\n                <a href=\"https:\/\/kicevo.gov.mk\/sq\/%d1%81%d0%b5%d0%ba%d1%82%d0%be%d1%80-%d0%b7%d0%b0-%d0%bf%d0%be%d0%b4%d0%b4%d1%80%d1%88%d0%ba%d0%b0-%d0%bd%d0%b0-%d0%b3%d1%80%d0%b0%d0%b4%d0%be%d0%bd%d0%b0%d1%87%d0%b0%d0%bb%d0%bd%d0%b8%d0%ba%d0%be\/\"\n                    class=\"lsvr-feature__more-link\">Trego m\u00eb shum\u00eb<\/a>\n            <\/p>\n\n        \n    <\/div>\n<\/div>\n\n<\/div>\n\n\n\n<div class=\"wp-block-column is-layout-flow wp-block-column-is-layout-flow\">\n<div class=\"lsvr-feature lsvr-feature--has-icon sector-feature sector-name\"\n    >\n    <div class=\"lsvr-feature__inner\">\n\n        \n            <span class=\"lsvr-feature__icon icon-person-id-card\" aria-hidden=\"true\"><\/span>\n\n        \n        \n            <h3 class=\"lsvr-feature__title\">\n                Sektori p\u00ebr \u00c7\u00ebshtje financiare            <\/h3>\n\n        \n        \n            <div class=\"lsvr-feature__text\">\n\n                <p>Udh\u00ebheq\u00ebs: Burim Kadriu<\/p>\n<p>tel: 071\/221-943<\/p>\n<p>\u0415-mail: burimkadriu@yahoo.com<\/p>\n<p>Or\u00eb pune: 8:00 &#8211; 16:00 <\/p>\n\n            <\/div>\n\n        \n        \n            <p class=\"lsvr-feature__more\">\n                <a href=\"https:\/\/kicevo.gov.mk\/sq\/%d1%81%d0%b5%d0%ba%d1%82%d0%be%d1%80-%d0%b7%d0%b0-%d1%84%d0%b8%d0%bd%d0%b0%d0%bd%d1%81%d0%b8%d0%b8\/\"\n                    class=\"lsvr-feature__more-link\">Trego m\u00eb shum\u00eb<\/a>\n            <\/p>\n\n        \n    <\/div>\n<\/div>\n\n<\/div>\n<\/div>\n\n\n\n<div class=\"wp-block-columns is-layout-flex wp-container-core-columns-is-layout-9d6595d7 wp-block-columns-is-layout-flex\">\n<div class=\"wp-block-column is-layout-flow wp-block-column-is-layout-flow\">\n<div class=\"lsvr-feature lsvr-feature--has-icon sector-feature sector-name\"\n    >\n    <div class=\"lsvr-feature__inner\">\n\n        \n            <span class=\"lsvr-feature__icon icon-person-id-card\" aria-hidden=\"true\"><\/span>\n\n        \n        \n            <h3 class=\"lsvr-feature__title\">\n                Sektori p\u00ebr \u00c7\u00ebshtje juridike, Pun\u00eb organizative dhe Veprimtari publike            <\/h3>\n\n        \n        \n            <div class=\"lsvr-feature__text\">\n\n                <p>Ndihm\u00ebs udh\u00ebheq\u00ebs: Marjan Dimoski<\/p>\n<p>tel: 075\/311-272<\/p>\n<p>\u0415-mail: marjan@kicevo.gov.mk<\/p>\n<p>Or\u00eb pune: 8:00 &#8211; 16:00 <\/p>\n\n            <\/div>\n\n        \n        \n            <p class=\"lsvr-feature__more\">\n                <a href=\"https:\/\/kicevo.gov.mk\/sq\/%d1%81%d0%b5%d0%ba%d1%82%d0%be%d1%80-%d0%b7%d0%b0-%d0%bf%d1%80%d0%b0%d0%b2%d0%bd%d0%b8-%d0%be%d0%bf%d1%88%d1%82%d0%b8-%d0%b8-%d1%98%d0%b0%d0%b2%d0%bd%d0%b8-%d0%b4%d0%b5%d1%98%d0%bd%d0%be%d1%81%d1%82\/\"\n                    class=\"lsvr-feature__more-link\">Trego m\u00eb shum\u00eb<\/a>\n            <\/p>\n\n        \n    <\/div>\n<\/div>\n\n<\/div>\n\n\n\n<div class=\"wp-block-column is-layout-flow wp-block-column-is-layout-flow\">\n<div class=\"lsvr-feature lsvr-feature--has-icon sector-feature sector-name\"\n    >\n    <div class=\"lsvr-feature__inner\">\n\n        \n            <span class=\"lsvr-feature__icon icon-person-id-card\" aria-hidden=\"true\"><\/span>\n\n        \n        \n            <h3 class=\"lsvr-feature__title\">\n                Sektori p\u00ebr Arsim, Kultur\u00eb, Sport, Sh\u00ebndet\u00ebsi, Mbrojtjen sociale dhe Mbrojtjen e f\u00ebmij\u00ebve            <\/h3>\n\n        \n        \n            <div class=\"lsvr-feature__text\">\n\n                <p>Udh\u00ebheq\u00ebs: Emin Nasufi<\/p>\n<p>tel: 075\/210-415<\/p>\n<p>\u0415-mail: e_nasufi@hotmail.com<\/p>\n<p>Or\u00eb pune: 8:00 &#8211; 16:00 <\/p>\n\n            <\/div>\n\n        \n        \n            <p class=\"lsvr-feature__more\">\n                <a href=\"https:\/\/kicevo.gov.mk\/sq\/%d1%81%d0%b5%d0%ba%d1%82%d0%be%d1%80-%d0%b7%d0%b0-%d0%be%d0%b1%d1%80%d0%b0%d0%b7%d0%be%d0%b2%d0%b0%d0%bd%d0%b8%d0%b5\/\"\n                    class=\"lsvr-feature__more-link\">Trego m\u00eb shum\u00eb<\/a>\n            <\/p>\n\n        \n    <\/div>\n<\/div>\n\n<\/div>\n<\/div>\n\n\n\n<div class=\"wp-block-columns is-layout-flex wp-container-core-columns-is-layout-9d6595d7 wp-block-columns-is-layout-flex\">\n<div class=\"wp-block-column is-layout-flow wp-block-column-is-layout-flow\">\n<div class=\"lsvr-feature lsvr-feature--has-icon sector-feature sector-name\"\n    >\n    <div class=\"lsvr-feature__inner\">\n\n        \n            <span class=\"lsvr-feature__icon icon-person-id-card\" aria-hidden=\"true\"><\/span>\n\n        \n        \n            <h3 class=\"lsvr-feature__title\">\n                Sektori p\u00ebr Urbanizim dhe Planifikim hap\u00ebsinor, Zhvillim Ekonomik Lokal dhe Mbrojtjen e mjedisit jet\u00ebsor\u00eb            <\/h3>\n\n        \n        \n            <div class=\"lsvr-feature__text\">\n\n                <p>Udh\u00ebheq\u00ebs: Riste Lazarovski<\/p>\n<p>\u0415-mail: ristelazarovski@gmail.com<\/p>\n<p>Or\u00eb pune: 8:00 &#8211; 16:00 <\/p>\n\n            <\/div>\n\n        \n        \n            <p class=\"lsvr-feature__more\">\n                <a href=\"https:\/\/kicevo.gov.mk\/sq\/%d1%81%d0%b5%d0%ba%d1%82%d0%be%d1%80-%d0%b7%d0%b0-%d1%83%d1%80%d0%b1%d0%b0%d0%bd%d0%b8%d0%b7%d0%b0%d0%bc\/\"\n                    class=\"lsvr-feature__more-link\">Trego m\u00eb shum\u00eb<\/a>\n            <\/p>\n\n        \n    <\/div>\n<\/div>\n\n<\/div>\n\n\n\n<div class=\"wp-block-column is-layout-flow wp-block-column-is-layout-flow\">\n<div class=\"lsvr-feature lsvr-feature--has-icon sector-feature sector-name\"\n    >\n    <div class=\"lsvr-feature__inner\">\n\n        \n            <span class=\"lsvr-feature__icon icon-person-id-card\" aria-hidden=\"true\"><\/span>\n\n        \n        \n            <h3 class=\"lsvr-feature__title\">\n                Sektori p\u00ebr Veprimtari komunale, Infrastruktur\u00eb, Trafik dhe Efikasitet e energjetik            <\/h3>\n\n        \n        \n            <div class=\"lsvr-feature__text\">\n\n                <p>Udh\u00ebheq\u00ebs: Sabedin Emini<\/p>\n<p>tel: 076\/363-910<\/p>\n<p>\u0415-mail: sa10bo@hotmail.com<\/p>\n<p>Or\u00eb pune: 8:00 &#8211; 16:00 <\/p>\n\n            <\/div>\n\n        \n        \n            <p class=\"lsvr-feature__more\">\n                <a href=\"https:\/\/kicevo.gov.mk\/sq\/%d1%81%d0%b5%d0%ba%d1%82%d0%be%d1%80-%d0%b7%d0%b0-%d0%ba%d0%be%d0%bc%d1%83%d0%bd%d0%b0%d0%bb%d0%bd%d0%b8-%d0%b4%d0%b5%d1%98%d0%bd%d0%be%d1%81%d1%82%d0%b8-%d0%b8%d0%bd%d1%84%d1%80%d0%b0%d1%81%d1%82\/\"\n                    class=\"lsvr-feature__more-link\">Trego m\u00eb shum\u00eb<\/a>\n            <\/p>\n\n        \n    <\/div>\n<\/div>\n\n<\/div>\n<\/div>\n","protected":false},"excerpt":{"rendered":"","protected":false},"author":3,"featured_media":0,"parent":0,"menu_order":0,"comment_status":"closed","ping_status":"closed","template":"page-templates\/sidebar-right.php","meta":{"_uag_custom_page_level_css":"","_vp_format_video_url":"","_vp_image_focal_point":[],"footnotes":""},"class_list":["post-57","page","type-page","status-publish","hentry"],"translation":{"provider":"WPGlobus","version":"3.0.2","language":"sq","enabled_languages":["mk","sq"],"languages":{"mk":{"title":true,"content":true,"excerpt":false},"sq":{"title":true,"content":true,"excerpt":false}}},"yoast_head":"<!-- This site is optimized with the Yoast SEO plugin v27.3 - https:\/\/yoast.com\/product\/yoast-seo-wordpress\/ -->\n<title>Sektor\u00ebt e Komun\u00ebs | Komuna e K\u00ebr\u00e7ov\u00ebs<\/title>\n<meta name=\"robots\" content=\"index, follow, max-snippet:-1, max-image-preview:large, max-video-preview:-1\" \/>\n<link rel=\"canonical\" href=\"https:\/\/kicevo.gov.mk\/sq\/sektori-na-opstinata\/\" \/>\n<meta property=\"og:locale\" content=\"sq_AL\" \/>\n<meta property=\"og:type\" content=\"article\" \/>\n<meta property=\"og:title\" content=\"Sektor\u00ebt e Komun\u00ebs | Komuna e K\u00ebr\u00e7ov\u00ebs\" \/>\n<meta property=\"og:url\" content=\"https:\/\/kicevo.gov.mk\/sq\/sektori-na-opstinata\/\" \/>\n<meta property=\"og:site_name\" content=\"Komuna e K\u00ebr\u00e7ov\u00ebs\" \/>\n<meta property=\"article:modified_time\" content=\"2026-01-12T13:00:14+00:00\" \/>\n<meta name=\"twitter:card\" content=\"summary_large_image\" \/>\n<script type=\"application\/ld+json\" class=\"yoast-schema-graph\">{\"@context\":\"https:\\\/\\\/schema.org\",\"@graph\":[{\"@type\":\"WebPage\",\"@id\":\"https:\\\/\\\/kicevo.gov.mk\\\/sq\\\/sektori-na-opstinata\\\/\",\"url\":\"https:\\\/\\\/kicevo.gov.mk\\\/sq\\\/sektori-na-opstinata\\\/\",\"name\":\"Sektor\u00ebt e Komun\u00ebs | Komuna e K\u00ebr\u00e7ov\u00ebs\",\"isPartOf\":{\"@id\":\"https:\\\/\\\/kicevo.gov.mk\\\/#website\"},\"datePublished\":\"2022-08-30T11:25:10+00:00\",\"dateModified\":\"2026-01-12T13:00:14+00:00\",\"breadcrumb\":{\"@id\":\"https:\\\/\\\/kicevo.gov.mk\\\/sq\\\/sektori-na-opstinata\\\/#breadcrumb\"},\"inLanguage\":\"sq\",\"potentialAction\":[{\"@type\":\"ReadAction\",\"target\":[\"https:\\\/\\\/kicevo.gov.mk\\\/sq\\\/sektori-na-opstinata\\\/\"]}]},{\"@type\":\"BreadcrumbList\",\"@id\":\"https:\\\/\\\/kicevo.gov.mk\\\/sq\\\/sektori-na-opstinata\\\/#breadcrumb\",\"itemListElement\":[{\"@type\":\"ListItem\",\"position\":1,\"name\":\"\u041f\u043e\u0447\u0435\u0442\u043d\u0430\",\"item\":\"https:\\\/\\\/kicevo.gov.mk\\\/\"},{\"@type\":\"ListItem\",\"position\":2,\"name\":\"Sektor\u00ebt e Komun\u00ebs\"}]},{\"@type\":\"WebSite\",\"@id\":\"https:\\\/\\\/kicevo.gov.mk\\\/#website\",\"url\":\"https:\\\/\\\/kicevo.gov.mk\\\/\",\"name\":\"\u041e\u043f\u0448\u0442\u0438\u043d\u0430 \u041a\u0438\u0447\u0435\u0432\u043e\",\"description\":\"Mir\u00eb se erdh\u00ebt n\u00eb ueb faqen zyrtare t\u00eb Komun\u00ebs s\u00eb K\u00ebr\u00e7ov\u00ebs\",\"publisher\":{\"@id\":\"https:\\\/\\\/kicevo.gov.mk\\\/#organization\"},\"potentialAction\":[{\"@type\":\"SearchAction\",\"target\":{\"@type\":\"EntryPoint\",\"urlTemplate\":\"https:\\\/\\\/kicevo.gov.mk\\\/?s={search_term_string}\"},\"query-input\":{\"@type\":\"PropertyValueSpecification\",\"valueRequired\":true,\"valueName\":\"search_term_string\"}}],\"inLanguage\":\"sq\"},{\"@type\":\"Organization\",\"@id\":\"https:\\\/\\\/kicevo.gov.mk\\\/#organization\",\"name\":\"Opstina Kicevo\",\"url\":\"https:\\\/\\\/kicevo.gov.mk\\\/\",\"logo\":{\"@type\":\"ImageObject\",\"inLanguage\":\"sq\",\"@id\":\"https:\\\/\\\/kicevo.gov.mk\\\/#\\\/schema\\\/logo\\\/image\\\/\",\"url\":\"https:\\\/\\\/kicevo.gov.mk\\\/wp-content\\\/uploads\\\/2025\\\/11\\\/logo-alb.png\",\"contentUrl\":\"https:\\\/\\\/kicevo.gov.mk\\\/wp-content\\\/uploads\\\/2025\\\/11\\\/logo-alb.png\",\"width\":1200,\"height\":1592,\"caption\":\"Opstina Kicevo\"},\"image\":{\"@id\":\"https:\\\/\\\/kicevo.gov.mk\\\/#\\\/schema\\\/logo\\\/image\\\/\"}}]}<\/script>\n<!-- \/ Yoast SEO plugin. -->","yoast_head_json":{"title":"Sektor\u00ebt e Komun\u00ebs | Komuna e K\u00ebr\u00e7ov\u00ebs","robots":{"index":"index","follow":"follow","max-snippet":"max-snippet:-1","max-image-preview":"max-image-preview:large","max-video-preview":"max-video-preview:-1"},"canonical":"https:\/\/kicevo.gov.mk\/sq\/sektori-na-opstinata\/","og_locale":"sq_AL","og_type":"article","og_title":"Sektor\u00ebt e Komun\u00ebs | Komuna e K\u00ebr\u00e7ov\u00ebs","og_url":"https:\/\/kicevo.gov.mk\/sq\/sektori-na-opstinata\/","og_site_name":"Komuna e K\u00ebr\u00e7ov\u00ebs","article_modified_time":"2026-01-12T13:00:14+00:00","twitter_card":"summary_large_image","schema":{"@context":"https:\/\/schema.org","@graph":[{"@type":"WebPage","@id":"https:\/\/kicevo.gov.mk\/sq\/sektori-na-opstinata\/","url":"https:\/\/kicevo.gov.mk\/sq\/sektori-na-opstinata\/","name":"Sektor\u00ebt e Komun\u00ebs | Komuna e K\u00ebr\u00e7ov\u00ebs","isPartOf":{"@id":"https:\/\/kicevo.gov.mk\/#website"},"datePublished":"2022-08-30T11:25:10+00:00","dateModified":"2026-01-12T13:00:14+00:00","breadcrumb":{"@id":"https:\/\/kicevo.gov.mk\/sq\/sektori-na-opstinata\/#breadcrumb"},"inLanguage":"sq","potentialAction":[{"@type":"ReadAction","target":["https:\/\/kicevo.gov.mk\/sq\/sektori-na-opstinata\/"]}]},{"@type":"BreadcrumbList","@id":"https:\/\/kicevo.gov.mk\/sq\/sektori-na-opstinata\/#breadcrumb","itemListElement":[{"@type":"ListItem","position":1,"name":"\u041f\u043e\u0447\u0435\u0442\u043d\u0430","item":"https:\/\/kicevo.gov.mk\/"},{"@type":"ListItem","position":2,"name":"Sektor\u00ebt e Komun\u00ebs"}]},{"@type":"WebSite","@id":"https:\/\/kicevo.gov.mk\/#website","url":"https:\/\/kicevo.gov.mk\/","name":"\u041e\u043f\u0448\u0442\u0438\u043d\u0430 \u041a\u0438\u0447\u0435\u0432\u043e","description":"Mir\u00eb se erdh\u00ebt n\u00eb ueb faqen zyrtare t\u00eb Komun\u00ebs s\u00eb K\u00ebr\u00e7ov\u00ebs","publisher":{"@id":"https:\/\/kicevo.gov.mk\/#organization"},"potentialAction":[{"@type":"SearchAction","target":{"@type":"EntryPoint","urlTemplate":"https:\/\/kicevo.gov.mk\/?s={search_term_string}"},"query-input":{"@type":"PropertyValueSpecification","valueRequired":true,"valueName":"search_term_string"}}],"inLanguage":"sq"},{"@type":"Organization","@id":"https:\/\/kicevo.gov.mk\/#organization","name":"Opstina Kicevo","url":"https:\/\/kicevo.gov.mk\/","logo":{"@type":"ImageObject","inLanguage":"sq","@id":"https:\/\/kicevo.gov.mk\/#\/schema\/logo\/image\/","url":"https:\/\/kicevo.gov.mk\/wp-content\/uploads\/2025\/11\/logo-alb.png","contentUrl":"https:\/\/kicevo.gov.mk\/wp-content\/uploads\/2025\/11\/logo-alb.png","width":1200,"height":1592,"caption":"Opstina Kicevo"},"image":{"@id":"https:\/\/kicevo.gov.mk\/#\/schema\/logo\/image\/"}}]}},"uagb_featured_image_src":{"full":false,"thumbnail":false,"medium":false,"medium_large":false,"large":false,"1536x1536":false,"2048x2048":false,"vp_sm":false,"vp_md":false,"vp_lg":false,"vp_xl":false,"vp_sm_popup":false,"vp_md_popup":false,"vp_xl_popup":false},"uagb_author_info":{"display_name":"Marina","author_link":"https:\/\/kicevo.gov.mk\/sq\/author\/adminmsb\/"},"uagb_comment_info":0,"uagb_excerpt":null,"_links":{"self":[{"href":"https:\/\/kicevo.gov.mk\/sq\/wp-json\/wp\/v2\/pages\/57","targetHints":{"allow":["GET"]}}],"collection":[{"href":"https:\/\/kicevo.gov.mk\/sq\/wp-json\/wp\/v2\/pages"}],"about":[{"href":"https:\/\/kicevo.gov.mk\/sq\/wp-json\/wp\/v2\/types\/page"}],"author":[{"embeddable":true,"href":"https:\/\/kicevo.gov.mk\/sq\/wp-json\/wp\/v2\/users\/3"}],"replies":[{"embeddable":true,"href":"https:\/\/kicevo.gov.mk\/sq\/wp-json\/wp\/v2\/comments?post=57"}],"version-history":[{"count":5,"href":"https:\/\/kicevo.gov.mk\/sq\/wp-json\/wp\/v2\/pages\/57\/revisions"}],"predecessor-version":[{"id":18064,"href":"https:\/\/kicevo.gov.mk\/sq\/wp-json\/wp\/v2\/pages\/57\/revisions\/18064"}],"wp:attachment":[{"href":"https:\/\/kicevo.gov.mk\/sq\/wp-json\/wp\/v2\/media?parent=57"}],"curies":[{"name":"wp","href":"https:\/\/api.w.org\/{rel}","templated":true}]}}