{"id":55,"date":"2022-08-30T11:20:19","date_gmt":"2022-08-30T11:20:19","guid":{"rendered":"http:\/\/localhost\/opstina\/?page_id=55"},"modified":"2026-02-13T09:36:17","modified_gmt":"2026-02-13T09:36:17","slug":"komisii-na-sovet","status":"publish","type":"page","link":"https:\/\/kicevo.gov.mk\/sq\/komisii-na-sovet\/","title":{"rendered":"Komisionet e K\u00ebshillit"},"content":{"rendered":"\n<div class=\"wp-block-columns is-layout-flex wp-container-core-columns-is-layout-9d6595d7 wp-block-columns-is-layout-flex\">\n<div class=\"wp-block-column is-layout-flow wp-block-column-is-layout-flow\">\n<div class=\"lsvr-feature lsvr-feature--has-icon\"\n    >\n    <div class=\"lsvr-feature__inner\">\n\n        \n            <span class=\"lsvr-feature__icon icon-person-id-card\" aria-hidden=\"true\"><\/span>\n\n        \n        \n            <h3 class=\"lsvr-feature__title\">\n                Komisioni p\u00ebr statut dhe rregullore            <\/h3>\n\n        \n        \n            <div class=\"lsvr-feature__text\">\n\n                <p>Aleksandar Mickoski \u2013 kryetar<br \/>\nZhaneta Milanovska Petreska \u2013 an\u00ebtar<br \/>\nKujtim Kasami \u2013 an\u00ebtar<br \/>\nFadil Emini \u2013 an\u00ebtar<br \/>\nSyarta Saliu Osmani \u2013 an\u00ebtar<\/p>\n\n            <\/div>\n\n        \n        \n    <\/div>\n<\/div>\n\n<\/div>\n\n\n\n<div class=\"wp-block-column is-layout-flow wp-block-column-is-layout-flow\">\n<div class=\"lsvr-feature lsvr-feature--has-icon\"\n    >\n    <div class=\"lsvr-feature__inner\">\n\n        \n            <span class=\"lsvr-feature__icon icon-person-id-card\" aria-hidden=\"true\"><\/span>\n\n        \n        \n            <h3 class=\"lsvr-feature__title\">\n                Komisioni p\u00ebr financa dhe buxhet dhe mbik\u00ebqyrje t\u00eb pun\u00ebve matriale dhe financiare            <\/h3>\n\n        \n        \n            <div class=\"lsvr-feature__text\">\n\n                <p>Mihajlo Daniloski \u2013 kryetar<br \/>\nDragan Dejanoski \u2013 an\u00ebtar<br \/>\nBeqir Osmani \u2013 an\u00ebtar<br \/>\nTeuta Ahmedi Purellku \u2013 an\u00ebtar<br \/>\nIlir Rushani \u2013 an\u00ebtar<\/p>\n\n            <\/div>\n\n        \n        \n    <\/div>\n<\/div>\n\n<\/div>\n<\/div>\n\n\n\n<div class=\"wp-block-columns is-layout-flex wp-container-core-columns-is-layout-9d6595d7 wp-block-columns-is-layout-flex\">\n<div class=\"wp-block-column is-layout-flow wp-block-column-is-layout-flow\">\n<div class=\"lsvr-feature lsvr-feature--has-icon\"\n    >\n    <div class=\"lsvr-feature__inner\">\n\n        \n            <span class=\"lsvr-feature__icon icon-person-id-card\" aria-hidden=\"true\"><\/span>\n\n        \n        \n            <h3 class=\"lsvr-feature__title\">\n                Komisioni p\u00ebr veprimtari publike dhe komunale, planifikim urban dhe mbrojtje t\u00eb mjedisit            <\/h3>\n\n        \n        \n            <div class=\"lsvr-feature__text\">\n\n                <p>Stevo Stefanoski \u2013 kryetar<br \/>\nAleksandar Mickoski \u2013 an\u00ebtar<br \/>\nZhaneta Milanovska Petreska \u2013 an\u00ebtar<br \/>\nAjhan Sulkoski \u2013 an\u00ebtar<br \/>\nShefki Imeti \u2013 an\u00ebtar<\/p>\n\n            <\/div>\n\n        \n        \n    <\/div>\n<\/div>\n\n<\/div>\n\n\n\n<div class=\"wp-block-column is-layout-flow wp-block-column-is-layout-flow\">\n<div class=\"lsvr-feature lsvr-feature--has-icon\"\n    >\n    <div class=\"lsvr-feature__inner\">\n\n        \n            <span class=\"lsvr-feature__icon icon-person-id-card\" aria-hidden=\"true\"><\/span>\n\n        \n        \n            <h3 class=\"lsvr-feature__title\">\n                Komisioni p\u00ebr aktivitete shoq\u00ebrore dhe bashk\u00ebpunim me organiztat joqeveritare            <\/h3>\n\n        \n        \n            <div class=\"lsvr-feature__text\">\n\n                <p>Irena Naumoska \u2013 kryetar<br \/>\nMirsad Ramazanoski \u2013 an\u00ebtar<br \/>\nTeuta Ahmedi Purellku \u2013 an\u00ebtar<br \/>\nKujtim Kasami \u2013 an\u00ebtar<br \/>\nAspi Zendeli \u2013 an\u00ebtar<\/p>\n\n            <\/div>\n\n        \n        \n    <\/div>\n<\/div>\n\n<\/div>\n<\/div>\n\n\n\n<div class=\"wp-block-columns is-layout-flex wp-container-core-columns-is-layout-9d6595d7 wp-block-columns-is-layout-flex\">\n<div class=\"wp-block-column is-layout-flow wp-block-column-is-layout-flow\">\n<div class=\"lsvr-feature lsvr-feature--has-icon\"\n    >\n    <div class=\"lsvr-feature__inner\">\n\n        \n            <span class=\"lsvr-feature__icon icon-person-id-card\" aria-hidden=\"true\"><\/span>\n\n        \n        \n            <h3 class=\"lsvr-feature__title\">\n                Komisioni p\u00ebr verifikim, zgjedhje dhe em\u00ebrime            <\/h3>\n\n        \n        \n            <div class=\"lsvr-feature__text\">\n\n                <p>Zhaneta Milanovska Petreska \u2013 kryetar<br \/>\nTeuta Ahmedi Purellku \u2013 an\u00ebtar<br \/>\nIlir Rushani \u2013 an\u00ebtar<br \/>\nKujtim Kasami \u2013 an\u00ebtar<br \/>\nStevo Stefanoski \u2013 an\u00ebtar<\/p>\n\n            <\/div>\n\n        \n        \n    <\/div>\n<\/div>\n\n<\/div>\n\n\n\n<div class=\"wp-block-column is-layout-flow wp-block-column-is-layout-flow\">\n<div class=\"lsvr-feature lsvr-feature--has-icon\"\n    >\n    <div class=\"lsvr-feature__inner\">\n\n        \n            <span class=\"lsvr-feature__icon icon-person-id-card\" aria-hidden=\"true\"><\/span>\n\n        \n        \n            <h3 class=\"lsvr-feature__title\">\n                Komisioni p\u00ebr mund\u00ebsi t\u00eb barabarta t\u00eb grat\u00eb dhe burrat            <\/h3>\n\n        \n        \n            <div class=\"lsvr-feature__text\">\n\n                <p>Teuta Ahmedi Purellku \u2013 kryetar<br \/>\nLatife Limani \u2013 an\u00ebtar<br \/>\nKujtim Kasami \u2013 an\u00ebtar<br \/>\nVioleta Stefanoska \u2013 an\u00ebtar<br \/>\nIrena Naumoska \u2013 an\u00ebtar<br \/>\nSyarta Saliu Osmani \u2013 an\u00ebtar<br \/>\nZhaneta Milanovska Petreska \u2013 an\u00ebtar<\/p>\n\n            <\/div>\n\n        \n        \n    <\/div>\n<\/div>\n\n<\/div>\n<\/div>\n\n\n\n<div class=\"wp-block-columns is-layout-flex wp-container-core-columns-is-layout-9d6595d7 wp-block-columns-is-layout-flex\">\n<div class=\"wp-block-column is-layout-flow wp-block-column-is-layout-flow\">\n<div class=\"lsvr-feature lsvr-feature--has-icon\"\n    >\n    <div class=\"lsvr-feature__inner\">\n\n        \n            <span class=\"lsvr-feature__icon icon-person-id-card\" aria-hidden=\"true\"><\/span>\n\n        \n        \n            <h3 class=\"lsvr-feature__title\">\n                Komisioni p\u00ebr em\u00ebrtimin t\u00eb rrug\u00ebve, shesheve dhe objekteve t\u00eb tjera infrastrukturore n\u00eb komun\u00ebn e k\u00ebr\u00e7ov\u00ebs            <\/h3>\n\n        \n        \n            <div class=\"lsvr-feature__text\">\n\n                <p>Dragan Dejanoski \u2013 kryetar<br \/>\nAjhan Sulkoski \u2013 an\u00ebtar<br \/>\nVioleta Stefanoska \u2013 an\u00ebtar<br \/>\nStevo Stefanoski \u2013 an\u00ebtar<br \/>\nShefki Imeti \u2013 an\u00ebtar<\/p>\n\n            <\/div>\n\n        \n        \n    <\/div>\n<\/div>\n\n<\/div>\n\n\n\n<div class=\"wp-block-column is-layout-flow wp-block-column-is-layout-flow\">\n<div class=\"lsvr-feature lsvr-feature--has-icon\"\n    >\n    <div class=\"lsvr-feature__inner\">\n\n        \n            <span class=\"lsvr-feature__icon icon-person-id-card\" aria-hidden=\"true\"><\/span>\n\n        \n        \n            <h3 class=\"lsvr-feature__title\">\n                Komisioni p\u00ebr rini, sport dhe rekreacion            <\/h3>\n\n        \n        \n            <div class=\"lsvr-feature__text\">\n\n                <p>Kujtim Kasami \u2013 kryetar<br \/>\nMirsad Ramazanoski \u2013 an\u00ebtar<br \/>\nAleksandar Mickoski \u2013 an\u00ebtar<br \/>\nMihajlo Daniloski \u2013 an\u00ebtar<br \/>\nAjhan Sulkoski \u2013 an\u00ebtar<\/p>\n\n            <\/div>\n\n        \n        \n    <\/div>\n<\/div>\n\n<\/div>\n<\/div>\n\n\n\n<div class=\"wp-block-columns is-layout-flex wp-container-core-columns-is-layout-9d6595d7 wp-block-columns-is-layout-flex\">\n<div class=\"wp-block-column is-layout-flow wp-block-column-is-layout-flow\">\n<div class=\"lsvr-feature lsvr-feature--has-icon\"\n    >\n    <div class=\"lsvr-feature__inner\">\n\n        \n            <span class=\"lsvr-feature__icon icon-person-id-card\" aria-hidden=\"true\"><\/span>\n\n        \n        \n            <h3 class=\"lsvr-feature__title\">\n                Komisioni p\u00ebr festa dhe ngjarje dhe ndarjen e mir\u00ebnjohjeve dhe \u00e7mimeve komunale            <\/h3>\n\n        \n        \n            <div class=\"lsvr-feature__text\">\n\n                <p>Dragan Dejanoski \u2013 kryetar<br \/>\nMirsad Ramazanoski \u2013 an\u00ebtar<br \/>\nFadil Emini \u2013 an\u00ebtar<br \/>\nStevo Stefanoski \u2013 an\u00ebtar<br \/>\nKujtim Kasami \u2013 an\u00ebtar<\/p>\n\n            <\/div>\n\n        \n        \n    <\/div>\n<\/div>\n\n<\/div>\n\n\n\n<div class=\"wp-block-column is-layout-flow wp-block-column-is-layout-flow\">\n<div class=\"lsvr-feature lsvr-feature--has-icon\"\n    >\n    <div class=\"lsvr-feature__inner\">\n\n        \n            <span class=\"lsvr-feature__icon icon-person-id-card\" aria-hidden=\"true\"><\/span>\n\n        \n        \n            <h3 class=\"lsvr-feature__title\">\n                Komisioni p\u00ebr vet\u00ebqeverisje lokale            <\/h3>\n\n        \n        \n            <div class=\"lsvr-feature__text\">\n\n                <p>Fadil Emini \u2013 kryetar<br \/>\nIlir Rushani \u2013 an\u00ebtar<br \/>\nKujtim Kasami \u2013 an\u00ebtar<br \/>\nZhaneta Milanovska Petreska \u2013 an\u00ebtar<br \/>\nMihajlo Daniloski \u2013 an\u00ebtar<\/p>\n\n            <\/div>\n\n        \n        \n    <\/div>\n<\/div>\n\n<\/div>\n<\/div>\n\n\n\n<div class=\"wp-block-columns is-layout-flex wp-container-core-columns-is-layout-9d6595d7 wp-block-columns-is-layout-flex\">\n<div class=\"wp-block-column is-layout-flow wp-block-column-is-layout-flow\">\n<div class=\"lsvr-feature lsvr-feature--has-icon\"\n    >\n    <div class=\"lsvr-feature__inner\">\n\n        \n            <span class=\"lsvr-feature__icon icon-person-id-card\" aria-hidden=\"true\"><\/span>\n\n        \n        \n            <h3 class=\"lsvr-feature__title\">\n                Komisioni p\u00ebr mbrojtjen e mjedisit njer\u00ebzor            <\/h3>\n\n        \n        \n            <div class=\"lsvr-feature__text\">\n\n                <p>Syarta Saliu Osmani \u2013 kryetar<br \/>\nBeqir Osmani \u2013 an\u00ebtar<br \/>\nTeuta Ahmedi Purellku \u2013 an\u00ebtar<br \/>\nIrena Naumoska \u2013 an\u00ebtar<br \/>\nVioleta Stefanoska \u2013 an\u00ebtar<\/p>\n\n            <\/div>\n\n        \n        \n    <\/div>\n<\/div>\n\n<\/div>\n\n\n\n<div class=\"wp-block-column is-layout-flow wp-block-column-is-layout-flow\">\n<div class=\"lsvr-feature lsvr-feature--has-icon\"\n    >\n    <div class=\"lsvr-feature__inner\">\n\n        \n            <span class=\"lsvr-feature__icon icon-person-id-card\" aria-hidden=\"true\"><\/span>\n\n        \n        \n            <h3 class=\"lsvr-feature__title\">\n                Komisioni p\u00ebr sh\u00ebndet\u00ebsi            <\/h3>\n\n        \n        \n            <div class=\"lsvr-feature__text\">\n\n                <p>Bojan Trajkoski \u2013 kryetar<br \/>\nDragan Dejanoski \u2013 an\u00ebtar<br \/>\nFadil Emini \u2013 an\u00ebtar<br \/>\nAsip Zendeli \u2013 an\u00ebtar<br \/>\nKujtim Kasami \u2013 an\u00ebtar<\/p>\n\n            <\/div>\n\n        \n        \n    <\/div>\n<\/div>\n\n<\/div>\n<\/div>\n","protected":false},"excerpt":{"rendered":"","protected":false},"author":3,"featured_media":0,"parent":0,"menu_order":0,"comment_status":"closed","ping_status":"closed","template":"page-templates\/sidebar-right.php","meta":{"_uag_custom_page_level_css":"","_vp_format_video_url":"","_vp_image_focal_point":[],"footnotes":""},"class_list":["post-55","page","type-page","status-publish","hentry"],"translation":{"provider":"WPGlobus","version":"3.0.2","language":"sq","enabled_languages":["mk","sq"],"languages":{"mk":{"title":true,"content":true,"excerpt":false},"sq":{"title":true,"content":true,"excerpt":false}}},"yoast_head":"<!-- This site is optimized with the Yoast SEO plugin v27.3 - https:\/\/yoast.com\/product\/yoast-seo-wordpress\/ -->\n<title>Komisionet e K\u00ebshillit | Komuna e K\u00ebr\u00e7ov\u00ebs<\/title>\n<meta name=\"robots\" content=\"index, follow, max-snippet:-1, max-image-preview:large, max-video-preview:-1\" \/>\n<link rel=\"canonical\" href=\"https:\/\/kicevo.gov.mk\/komisii-na-sovet\/\" \/>\n<meta property=\"og:locale\" content=\"sq_AL\" \/>\n<meta property=\"og:type\" content=\"article\" \/>\n<meta property=\"og:title\" content=\"Komisionet e K\u00ebshillit | Komuna e K\u00ebr\u00e7ov\u00ebs\" \/>\n<meta property=\"og:url\" content=\"https:\/\/kicevo.gov.mk\/komisii-na-sovet\/\" \/>\n<meta property=\"og:site_name\" content=\"Komuna e K\u00ebr\u00e7ov\u00ebs\" \/>\n<meta property=\"article:modified_time\" content=\"2026-02-13T09:36:17+00:00\" \/>\n<meta name=\"twitter:card\" content=\"summary_large_image\" \/>\n<script type=\"application\/ld+json\" class=\"yoast-schema-graph\">{\"@context\":\"https:\\\/\\\/schema.org\",\"@graph\":[{\"@type\":\"WebPage\",\"@id\":\"https:\\\/\\\/kicevo.gov.mk\\\/komisii-na-sovet\\\/\",\"url\":\"https:\\\/\\\/kicevo.gov.mk\\\/komisii-na-sovet\\\/\",\"name\":\"Komisionet e K\u00ebshillit | Komuna e K\u00ebr\u00e7ov\u00ebs\",\"isPartOf\":{\"@id\":\"https:\\\/\\\/kicevo.gov.mk\\\/#website\"},\"datePublished\":\"2022-08-30T11:20:19+00:00\",\"dateModified\":\"2026-02-13T09:36:17+00:00\",\"breadcrumb\":{\"@id\":\"https:\\\/\\\/kicevo.gov.mk\\\/komisii-na-sovet\\\/#breadcrumb\"},\"inLanguage\":\"sq\",\"potentialAction\":[{\"@type\":\"ReadAction\",\"target\":[\"https:\\\/\\\/kicevo.gov.mk\\\/komisii-na-sovet\\\/\"]}]},{\"@type\":\"BreadcrumbList\",\"@id\":\"https:\\\/\\\/kicevo.gov.mk\\\/komisii-na-sovet\\\/#breadcrumb\",\"itemListElement\":[{\"@type\":\"ListItem\",\"position\":1,\"name\":\"\u041f\u043e\u0447\u0435\u0442\u043d\u0430\",\"item\":\"https:\\\/\\\/kicevo.gov.mk\\\/\"},{\"@type\":\"ListItem\",\"position\":2,\"name\":\"\u041a\u043e\u043c\u0438\u0441\u0438\u0438 \u043d\u0430 \u0441\u043e\u0432\u0435\u0442\"}]},{\"@type\":\"WebSite\",\"@id\":\"https:\\\/\\\/kicevo.gov.mk\\\/#website\",\"url\":\"https:\\\/\\\/kicevo.gov.mk\\\/\",\"name\":\"\u041e\u043f\u0448\u0442\u0438\u043d\u0430 \u041a\u0438\u0447\u0435\u0432\u043e\",\"description\":\"Mir\u00eb se erdh\u00ebt n\u00eb ueb faqen zyrtare t\u00eb Komun\u00ebs s\u00eb K\u00ebr\u00e7ov\u00ebs\",\"publisher\":{\"@id\":\"https:\\\/\\\/kicevo.gov.mk\\\/#organization\"},\"potentialAction\":[{\"@type\":\"SearchAction\",\"target\":{\"@type\":\"EntryPoint\",\"urlTemplate\":\"https:\\\/\\\/kicevo.gov.mk\\\/?s={search_term_string}\"},\"query-input\":{\"@type\":\"PropertyValueSpecification\",\"valueRequired\":true,\"valueName\":\"search_term_string\"}}],\"inLanguage\":\"sq\"},{\"@type\":\"Organization\",\"@id\":\"https:\\\/\\\/kicevo.gov.mk\\\/#organization\",\"name\":\"Opstina Kicevo\",\"url\":\"https:\\\/\\\/kicevo.gov.mk\\\/\",\"logo\":{\"@type\":\"ImageObject\",\"inLanguage\":\"sq\",\"@id\":\"https:\\\/\\\/kicevo.gov.mk\\\/#\\\/schema\\\/logo\\\/image\\\/\",\"url\":\"https:\\\/\\\/kicevo.gov.mk\\\/wp-content\\\/uploads\\\/2025\\\/11\\\/logo-alb.png\",\"contentUrl\":\"https:\\\/\\\/kicevo.gov.mk\\\/wp-content\\\/uploads\\\/2025\\\/11\\\/logo-alb.png\",\"width\":1200,\"height\":1592,\"caption\":\"Opstina Kicevo\"},\"image\":{\"@id\":\"https:\\\/\\\/kicevo.gov.mk\\\/#\\\/schema\\\/logo\\\/image\\\/\"}}]}<\/script>\n<!-- \/ Yoast SEO plugin. -->","yoast_head_json":{"title":"Komisionet e K\u00ebshillit | Komuna e K\u00ebr\u00e7ov\u00ebs","robots":{"index":"index","follow":"follow","max-snippet":"max-snippet:-1","max-image-preview":"max-image-preview:large","max-video-preview":"max-video-preview:-1"},"canonical":"https:\/\/kicevo.gov.mk\/komisii-na-sovet\/","og_locale":"sq_AL","og_type":"article","og_title":"Komisionet e K\u00ebshillit | Komuna e K\u00ebr\u00e7ov\u00ebs","og_url":"https:\/\/kicevo.gov.mk\/komisii-na-sovet\/","og_site_name":"Komuna e K\u00ebr\u00e7ov\u00ebs","article_modified_time":"2026-02-13T09:36:17+00:00","twitter_card":"summary_large_image","schema":{"@context":"https:\/\/schema.org","@graph":[{"@type":"WebPage","@id":"https:\/\/kicevo.gov.mk\/komisii-na-sovet\/","url":"https:\/\/kicevo.gov.mk\/komisii-na-sovet\/","name":"Komisionet e K\u00ebshillit | Komuna e K\u00ebr\u00e7ov\u00ebs","isPartOf":{"@id":"https:\/\/kicevo.gov.mk\/#website"},"datePublished":"2022-08-30T11:20:19+00:00","dateModified":"2026-02-13T09:36:17+00:00","breadcrumb":{"@id":"https:\/\/kicevo.gov.mk\/komisii-na-sovet\/#breadcrumb"},"inLanguage":"sq","potentialAction":[{"@type":"ReadAction","target":["https:\/\/kicevo.gov.mk\/komisii-na-sovet\/"]}]},{"@type":"BreadcrumbList","@id":"https:\/\/kicevo.gov.mk\/komisii-na-sovet\/#breadcrumb","itemListElement":[{"@type":"ListItem","position":1,"name":"\u041f\u043e\u0447\u0435\u0442\u043d\u0430","item":"https:\/\/kicevo.gov.mk\/"},{"@type":"ListItem","position":2,"name":"\u041a\u043e\u043c\u0438\u0441\u0438\u0438 \u043d\u0430 \u0441\u043e\u0432\u0435\u0442"}]},{"@type":"WebSite","@id":"https:\/\/kicevo.gov.mk\/#website","url":"https:\/\/kicevo.gov.mk\/","name":"\u041e\u043f\u0448\u0442\u0438\u043d\u0430 \u041a\u0438\u0447\u0435\u0432\u043e","description":"Mir\u00eb se erdh\u00ebt n\u00eb ueb faqen zyrtare t\u00eb Komun\u00ebs s\u00eb K\u00ebr\u00e7ov\u00ebs","publisher":{"@id":"https:\/\/kicevo.gov.mk\/#organization"},"potentialAction":[{"@type":"SearchAction","target":{"@type":"EntryPoint","urlTemplate":"https:\/\/kicevo.gov.mk\/?s={search_term_string}"},"query-input":{"@type":"PropertyValueSpecification","valueRequired":true,"valueName":"search_term_string"}}],"inLanguage":"sq"},{"@type":"Organization","@id":"https:\/\/kicevo.gov.mk\/#organization","name":"Opstina Kicevo","url":"https:\/\/kicevo.gov.mk\/","logo":{"@type":"ImageObject","inLanguage":"sq","@id":"https:\/\/kicevo.gov.mk\/#\/schema\/logo\/image\/","url":"https:\/\/kicevo.gov.mk\/wp-content\/uploads\/2025\/11\/logo-alb.png","contentUrl":"https:\/\/kicevo.gov.mk\/wp-content\/uploads\/2025\/11\/logo-alb.png","width":1200,"height":1592,"caption":"Opstina Kicevo"},"image":{"@id":"https:\/\/kicevo.gov.mk\/#\/schema\/logo\/image\/"}}]}},"uagb_featured_image_src":{"full":false,"thumbnail":false,"medium":false,"medium_large":false,"large":false,"1536x1536":false,"2048x2048":false,"vp_sm":false,"vp_md":false,"vp_lg":false,"vp_xl":false,"vp_sm_popup":false,"vp_md_popup":false,"vp_xl_popup":false},"uagb_author_info":{"display_name":"Marina","author_link":"https:\/\/kicevo.gov.mk\/sq\/author\/adminmsb\/"},"uagb_comment_info":0,"uagb_excerpt":null,"_links":{"self":[{"href":"https:\/\/kicevo.gov.mk\/sq\/wp-json\/wp\/v2\/pages\/55","targetHints":{"allow":["GET"]}}],"collection":[{"href":"https:\/\/kicevo.gov.mk\/sq\/wp-json\/wp\/v2\/pages"}],"about":[{"href":"https:\/\/kicevo.gov.mk\/sq\/wp-json\/wp\/v2\/types\/page"}],"author":[{"embeddable":true,"href":"https:\/\/kicevo.gov.mk\/sq\/wp-json\/wp\/v2\/users\/3"}],"replies":[{"embeddable":true,"href":"https:\/\/kicevo.gov.mk\/sq\/wp-json\/wp\/v2\/comments?post=55"}],"version-history":[{"count":5,"href":"https:\/\/kicevo.gov.mk\/sq\/wp-json\/wp\/v2\/pages\/55\/revisions"}],"predecessor-version":[{"id":18433,"href":"https:\/\/kicevo.gov.mk\/sq\/wp-json\/wp\/v2\/pages\/55\/revisions\/18433"}],"wp:attachment":[{"href":"https:\/\/kicevo.gov.mk\/sq\/wp-json\/wp\/v2\/media?parent=55"}],"curies":[{"name":"wp","href":"https:\/\/api.w.org\/{rel}","templated":true}]}} 