{"id":50,"date":"2022-08-30T11:07:12","date_gmt":"2022-08-30T11:07:12","guid":{"rendered":"http:\/\/localhost\/opstina\/?page_id=50"},"modified":"2025-12-02T11:45:57","modified_gmt":"2025-12-02T11:45:57","slug":"statut-na-opstinata","status":"publish","type":"page","link":"https:\/\/kicevo.gov.mk\/sq\/statut-na-opstinata\/","title":{"rendered":"Statuti i Komun\u00ebs"},"content":{"rendered":"\n<div class=\"wp-block-file\"><a id=\"wp-block-file--media-47a0b95f-949a-4fa0-b5ea-dc8dd92fe990\" href=\"https:\/\/kicevo.gov.mk\/wp-content\/uploads\/2023\/06\/Statut-na-Opstina-Kicevo-alb.pdf\" target=\"_blank\" rel=\"noreferrer noopener\">Statut t\u00eb Komun\u00ebs s\u00eb K\u00ebr\u00e7ov\u00ebs<\/a><a href=\"https:\/\/kicevo.gov.mk\/wp-content\/uploads\/2023\/06\/Statut-na-Opstina-Kicevo-alb.pdf\" class=\"wp-block-file__button wp-element-button\" download aria-describedby=\"wp-block-file--media-47a0b95f-949a-4fa0-b5ea-dc8dd92fe990\">Shkarko<\/a><\/div>\n","protected":false},"excerpt":{"rendered":"","protected":false},"author":3,"featured_media":5,"parent":0,"menu_order":0,"comment_status":"closed","ping_status":"closed","template":"page-templates\/sidebar-right.php","meta":{"_uag_custom_page_level_css":"","_vp_format_video_url":"","_vp_image_focal_point":[],"footnotes":""},"class_list":["post-50","page","type-page","status-publish","has-post-thumbnail","hentry"],"translation":{"provider":"WPGlobus","version":"3.0.2","language":"sq","enabled_languages":["mk","sq"],"languages":{"mk":{"title":true,"content":true,"excerpt":false},"sq":{"title":true,"content":true,"excerpt":false}}},"yoast_head":"<!-- This site is optimized with the Yoast SEO plugin v27.3 - https:\/\/yoast.com\/product\/yoast-seo-wordpress\/ -->\n<title>Statuti i Komun\u00ebs | Komuna e K\u00ebr\u00e7ov\u00ebs<\/title>\n<meta name=\"robots\" content=\"index, follow, max-snippet:-1, max-image-preview:large, max-video-preview:-1\" \/>\n<link rel=\"canonical\" href=\"https:\/\/kicevo.gov.mk\/sq\/statut-na-opstinata\/\" \/>\n<meta property=\"og:locale\" content=\"sq_AL\" \/>\n<meta property=\"og:type\" content=\"article\" \/>\n<meta property=\"og:title\" content=\"Statuti i Komun\u00ebs | Komuna e K\u00ebr\u00e7ov\u00ebs\" \/>\n<meta property=\"og:url\" content=\"https:\/\/kicevo.gov.mk\/sq\/statut-na-opstinata\/\" \/>\n<meta property=\"og:site_name\" content=\"Komuna e K\u00ebr\u00e7ov\u00ebs\" \/>\n<meta property=\"article:modified_time\" content=\"2025-12-02T11:45:57+00:00\" \/>\n<meta property=\"og:image\" content=\"https:\/\/kicevo.gov.mk\/wp-content\/uploads\/2022\/08\/246196212_1930408347118436_2599471348610672193_n.jpg\" \/>\n\t<meta property=\"og:image:width\" content=\"1425\" \/>\n\t<meta property=\"og:image:height\" content=\"640\" \/>\n\t<meta property=\"og:image:type\" content=\"image\/jpeg\" \/>\n<meta name=\"twitter:card\" content=\"summary_large_image\" \/>\n<script type=\"application\/ld+json\" class=\"yoast-schema-graph\">{\"@context\":\"https:\\\/\\\/schema.org\",\"@graph\":[{\"@type\":\"WebPage\",\"@id\":\"https:\\\/\\\/kicevo.gov.mk\\\/sq\\\/statut-na-opstinata\\\/\",\"url\":\"https:\\\/\\\/kicevo.gov.mk\\\/sq\\\/statut-na-opstinata\\\/\",\"name\":\"Statuti i Komun\u00ebs | Komuna e K\u00ebr\u00e7ov\u00ebs\",\"isPartOf\":{\"@id\":\"https:\\\/\\\/kicevo.gov.mk\\\/#website\"},\"primaryImageOfPage\":{\"@id\":\"https:\\\/\\\/kicevo.gov.mk\\\/sq\\\/statut-na-opstinata\\\/#primaryimage\"},\"image\":{\"@id\":\"https:\\\/\\\/kicevo.gov.mk\\\/sq\\\/statut-na-opstinata\\\/#primaryimage\"},\"thumbnailUrl\":\"https:\\\/\\\/kicevo.gov.mk\\\/wp-content\\\/uploads\\\/2022\\\/08\\\/246196212_1930408347118436_2599471348610672193_n.jpg\",\"datePublished\":\"2022-08-30T11:07:12+00:00\",\"dateModified\":\"2025-12-02T11:45:57+00:00\",\"breadcrumb\":{\"@id\":\"https:\\\/\\\/kicevo.gov.mk\\\/sq\\\/statut-na-opstinata\\\/#breadcrumb\"},\"inLanguage\":\"sq\",\"potentialAction\":[{\"@type\":\"ReadAction\",\"target\":[\"https:\\\/\\\/kicevo.gov.mk\\\/sq\\\/statut-na-opstinata\\\/\"]}]},{\"@type\":\"ImageObject\",\"inLanguage\":\"sq\",\"@id\":\"https:\\\/\\\/kicevo.gov.mk\\\/sq\\\/statut-na-opstinata\\\/#primaryimage\",\"url\":\"https:\\\/\\\/kicevo.gov.mk\\\/wp-content\\\/uploads\\\/2022\\\/08\\\/246196212_1930408347118436_2599471348610672193_n.jpg\",\"contentUrl\":\"https:\\\/\\\/kicevo.gov.mk\\\/wp-content\\\/uploads\\\/2022\\\/08\\\/246196212_1930408347118436_2599471348610672193_n.jpg\",\"width\":1425,\"height\":640},{\"@type\":\"BreadcrumbList\",\"@id\":\"https:\\\/\\\/kicevo.gov.mk\\\/sq\\\/statut-na-opstinata\\\/#breadcrumb\",\"itemListElement\":[{\"@type\":\"ListItem\",\"position\":1,\"name\":\"\u041f\u043e\u0447\u0435\u0442\u043d\u0430\",\"item\":\"https:\\\/\\\/kicevo.gov.mk\\\/\"},{\"@type\":\"ListItem\",\"position\":2,\"name\":\"Statuti i Komun\u00ebs\"}]},{\"@type\":\"WebSite\",\"@id\":\"https:\\\/\\\/kicevo.gov.mk\\\/#website\",\"url\":\"https:\\\/\\\/kicevo.gov.mk\\\/\",\"name\":\"\u041e\u043f\u0448\u0442\u0438\u043d\u0430 \u041a\u0438\u0447\u0435\u0432\u043e\",\"description\":\"Mir\u00eb se erdh\u00ebt n\u00eb ueb faqen zyrtare t\u00eb Komun\u00ebs s\u00eb K\u00ebr\u00e7ov\u00ebs\",\"publisher\":{\"@id\":\"https:\\\/\\\/kicevo.gov.mk\\\/#organization\"},\"potentialAction\":[{\"@type\":\"SearchAction\",\"target\":{\"@type\":\"EntryPoint\",\"urlTemplate\":\"https:\\\/\\\/kicevo.gov.mk\\\/?s={search_term_string}\"},\"query-input\":{\"@type\":\"PropertyValueSpecification\",\"valueRequired\":true,\"valueName\":\"search_term_string\"}}],\"inLanguage\":\"sq\"},{\"@type\":\"Organization\",\"@id\":\"https:\\\/\\\/kicevo.gov.mk\\\/#organization\",\"name\":\"Opstina Kicevo\",\"url\":\"https:\\\/\\\/kicevo.gov.mk\\\/\",\"logo\":{\"@type\":\"ImageObject\",\"inLanguage\":\"sq\",\"@id\":\"https:\\\/\\\/kicevo.gov.mk\\\/#\\\/schema\\\/logo\\\/image\\\/\",\"url\":\"https:\\\/\\\/kicevo.gov.mk\\\/wp-content\\\/uploads\\\/2025\\\/11\\\/logo-alb.png\",\"contentUrl\":\"https:\\\/\\\/kicevo.gov.mk\\\/wp-content\\\/uploads\\\/2025\\\/11\\\/logo-alb.png\",\"width\":1200,\"height\":1592,\"caption\":\"Opstina Kicevo\"},\"image\":{\"@id\":\"https:\\\/\\\/kicevo.gov.mk\\\/#\\\/schema\\\/logo\\\/image\\\/\"}}]}<\/script>\n<!-- \/ Yoast SEO plugin. -->","yoast_head_json":{"title":"Statuti i Komun\u00ebs | Komuna e K\u00ebr\u00e7ov\u00ebs","robots":{"index":"index","follow":"follow","max-snippet":"max-snippet:-1","max-image-preview":"max-image-preview:large","max-video-preview":"max-video-preview:-1"},"canonical":"https:\/\/kicevo.gov.mk\/sq\/statut-na-opstinata\/","og_locale":"sq_AL","og_type":"article","og_title":"Statuti i Komun\u00ebs | Komuna e K\u00ebr\u00e7ov\u00ebs","og_url":"https:\/\/kicevo.gov.mk\/sq\/statut-na-opstinata\/","og_site_name":"Komuna e K\u00ebr\u00e7ov\u00ebs","article_modified_time":"2025-12-02T11:45:57+00:00","og_image":[{"width":1425,"height":640,"url":"https:\/\/kicevo.gov.mk\/wp-content\/uploads\/2022\/08\/246196212_1930408347118436_2599471348610672193_n.jpg","type":"image\/jpeg"}],"twitter_card":"summary_large_image","schema":{"@context":"https:\/\/schema.org","@graph":[{"@type":"WebPage","@id":"https:\/\/kicevo.gov.mk\/sq\/statut-na-opstinata\/","url":"https:\/\/kicevo.gov.mk\/sq\/statut-na-opstinata\/","name":"Statuti i Komun\u00ebs | Komuna e K\u00ebr\u00e7ov\u00ebs","isPartOf":{"@id":"https:\/\/kicevo.gov.mk\/#website"},"primaryImageOfPage":{"@id":"https:\/\/kicevo.gov.mk\/sq\/statut-na-opstinata\/#primaryimage"},"image":{"@id":"https:\/\/kicevo.gov.mk\/sq\/statut-na-opstinata\/#primaryimage"},"thumbnailUrl":"https:\/\/kicevo.gov.mk\/wp-content\/uploads\/2022\/08\/246196212_1930408347118436_2599471348610672193_n.jpg","datePublished":"2022-08-30T11:07:12+00:00","dateModified":"2025-12-02T11:45:57+00:00","breadcrumb":{"@id":"https:\/\/kicevo.gov.mk\/sq\/statut-na-opstinata\/#breadcrumb"},"inLanguage":"sq","potentialAction":[{"@type":"ReadAction","target":["https:\/\/kicevo.gov.mk\/sq\/statut-na-opstinata\/"]}]},{"@type":"ImageObject","inLanguage":"sq","@id":"https:\/\/kicevo.gov.mk\/sq\/statut-na-opstinata\/#primaryimage","url":"https:\/\/kicevo.gov.mk\/wp-content\/uploads\/2022\/08\/246196212_1930408347118436_2599471348610672193_n.jpg","contentUrl":"https:\/\/kicevo.gov.mk\/wp-content\/uploads\/2022\/08\/246196212_1930408347118436_2599471348610672193_n.jpg","width":1425,"height":640},{"@type":"BreadcrumbList","@id":"https:\/\/kicevo.gov.mk\/sq\/statut-na-opstinata\/#breadcrumb","itemListElement":[{"@type":"ListItem","position":1,"name":"\u041f\u043e\u0447\u0435\u0442\u043d\u0430","item":"https:\/\/kicevo.gov.mk\/"},{"@type":"ListItem","position":2,"name":"Statuti i Komun\u00ebs"}]},{"@type":"WebSite","@id":"https:\/\/kicevo.gov.mk\/#website","url":"https:\/\/kicevo.gov.mk\/","name":"\u041e\u043f\u0448\u0442\u0438\u043d\u0430 \u041a\u0438\u0447\u0435\u0432\u043e","description":"Mir\u00eb se erdh\u00ebt n\u00eb ueb faqen zyrtare t\u00eb Komun\u00ebs s\u00eb K\u00ebr\u00e7ov\u00ebs","publisher":{"@id":"https:\/\/kicevo.gov.mk\/#organization"},"potentialAction":[{"@type":"SearchAction","target":{"@type":"EntryPoint","urlTemplate":"https:\/\/kicevo.gov.mk\/?s={search_term_string}"},"query-input":{"@type":"PropertyValueSpecification","valueRequired":true,"valueName":"search_term_string"}}],"inLanguage":"sq"},{"@type":"Organization","@id":"https:\/\/kicevo.gov.mk\/#organization","name":"Opstina Kicevo","url":"https:\/\/kicevo.gov.mk\/","logo":{"@type":"ImageObject","inLanguage":"sq","@id":"https:\/\/kicevo.gov.mk\/#\/schema\/logo\/image\/","url":"https:\/\/kicevo.gov.mk\/wp-content\/uploads\/2025\/11\/logo-alb.png","contentUrl":"https:\/\/kicevo.gov.mk\/wp-content\/uploads\/2025\/11\/logo-alb.png","width":1200,"height":1592,"caption":"Opstina Kicevo"},"image":{"@id":"https:\/\/kicevo.gov.mk\/#\/schema\/logo\/image\/"}}]}},"uagb_featured_image_src":{"full":["https:\/\/kicevo.gov.mk\/wp-content\/uploads\/2022\/08\/246196212_1930408347118436_2599471348610672193_n.jpg",1425,640,false],"thumbnail":["https:\/\/kicevo.gov.mk\/wp-content\/uploads\/2022\/08\/246196212_1930408347118436_2599471348610672193_n.jpg",150,67,false],"medium":["https:\/\/kicevo.gov.mk\/wp-content\/uploads\/2022\/08\/246196212_1930408347118436_2599471348610672193_n.jpg",300,135,false],"medium_large":["https:\/\/kicevo.gov.mk\/wp-content\/uploads\/2022\/08\/246196212_1930408347118436_2599471348610672193_n.jpg",768,345,false],"large":["https:\/\/kicevo.gov.mk\/wp-content\/uploads\/2022\/08\/246196212_1930408347118436_2599471348610672193_n.jpg",1024,460,false],"1536x1536":["https:\/\/kicevo.gov.mk\/wp-content\/uploads\/2022\/08\/246196212_1930408347118436_2599471348610672193_n.jpg",1425,640,false],"2048x2048":["https:\/\/kicevo.gov.mk\/wp-content\/uploads\/2022\/08\/246196212_1930408347118436_2599471348610672193_n.jpg",1425,640,false],"vp_sm":["https:\/\/kicevo.gov.mk\/wp-content\/uploads\/2022\/08\/246196212_1930408347118436_2599471348610672193_n.jpg",500,225,false],"vp_md":["https:\/\/kicevo.gov.mk\/wp-content\/uploads\/2022\/08\/246196212_1930408347118436_2599471348610672193_n.jpg",800,359,false],"vp_lg":["https:\/\/kicevo.gov.mk\/wp-content\/uploads\/2022\/08\/246196212_1930408347118436_2599471348610672193_n.jpg",1280,575,false],"vp_xl":["https:\/\/kicevo.gov.mk\/wp-content\/uploads\/2022\/08\/246196212_1930408347118436_2599471348610672193_n.jpg",1425,640,false],"vp_sm_popup":["https:\/\/kicevo.gov.mk\/wp-content\/uploads\/2022\/08\/246196212_1930408347118436_2599471348610672193_n.jpg",500,225,false],"vp_md_popup":["https:\/\/kicevo.gov.mk\/wp-content\/uploads\/2022\/08\/246196212_1930408347118436_2599471348610672193_n.jpg",800,359,false],"vp_xl_popup":["https:\/\/kicevo.gov.mk\/wp-content\/uploads\/2022\/08\/246196212_1930408347118436_2599471348610672193_n.jpg",1425,640,false]},"uagb_author_info":{"display_name":"Marina","author_link":"https:\/\/kicevo.gov.mk\/sq\/author\/adminmsb\/"},"uagb_comment_info":0,"uagb_excerpt":null,"_links":{"self":[{"href":"https:\/\/kicevo.gov.mk\/sq\/wp-json\/wp\/v2\/pages\/50","targetHints":{"allow":["GET"]}}],"collection":[{"href":"https:\/\/kicevo.gov.mk\/sq\/wp-json\/wp\/v2\/pages"}],"about":[{"href":"https:\/\/kicevo.gov.mk\/sq\/wp-json\/wp\/v2\/types\/page"}],"author":[{"embeddable":true,"href":"https:\/\/kicevo.gov.mk\/sq\/wp-json\/wp\/v2\/users\/3"}],"replies":[{"embeddable":true,"href":"https:\/\/kicevo.gov.mk\/sq\/wp-json\/wp\/v2\/comments?post=50"}],"version-history":[{"count":5,"href":"https:\/\/kicevo.gov.mk\/sq\/wp-json\/wp\/v2\/pages\/50\/revisions"}],"predecessor-version":[{"id":7869,"href":"https:\/\/kicevo.gov.mk\/sq\/wp-json\/wp\/v2\/pages\/50\/revisions\/7869"}],"wp:featuredmedia":[{"embeddable":true,"href":"https:\/\/kicevo.gov.mk\/sq\/wp-json\/wp\/v2\/media\/5"}],"wp:attachment":[{"href":"https:\/\/kicevo.gov.mk\/sq\/wp-json\/wp\/v2\/media?parent=50"}],"curies":[{"name":"wp","href":"https:\/\/api.w.org\/{rel}","templated":true}]}} 