{"id":40,"date":"2022-08-30T10:28:29","date_gmt":"2022-08-30T10:28:29","guid":{"rendered":"http:\/\/localhost\/opstina\/?page_id=40"},"modified":"2025-11-12T10:05:54","modified_gmt":"2025-11-12T10:05:54","slug":"bio","status":"publish","type":"page","link":"https:\/\/kicevo.gov.mk\/sq\/bio\/","title":{"rendered":"Njihuni me kryetarin"},"content":{"rendered":"\n<figure class=\"wp-block-image size-full\"><img loading=\"lazy\" decoding=\"async\" width=\"2080\" height=\"1315\" src=\"https:\/\/kicevo.gov.mk\/wp-content\/uploads\/2025\/11\/aleks-opstina-primopredaja-67.jpg\" alt=\"\" class=\"wp-image-16564\" srcset=\"https:\/\/kicevo.gov.mk\/wp-content\/uploads\/2025\/11\/aleks-opstina-primopredaja-67.jpg 2080w, https:\/\/kicevo.gov.mk\/wp-content\/uploads\/2025\/11\/aleks-opstina-primopredaja-67-300x190.jpg 300w, https:\/\/kicevo.gov.mk\/wp-content\/uploads\/2025\/11\/aleks-opstina-primopredaja-67-1024x647.jpg 1024w, https:\/\/kicevo.gov.mk\/wp-content\/uploads\/2025\/11\/aleks-opstina-primopredaja-67-768x486.jpg 768w, https:\/\/kicevo.gov.mk\/wp-content\/uploads\/2025\/11\/aleks-opstina-primopredaja-67-1536x971.jpg 1536w, https:\/\/kicevo.gov.mk\/wp-content\/uploads\/2025\/11\/aleks-opstina-primopredaja-67-2048x1295.jpg 2048w, https:\/\/kicevo.gov.mk\/wp-content\/uploads\/2025\/11\/aleks-opstina-primopredaja-67-500x316.jpg 500w, https:\/\/kicevo.gov.mk\/wp-content\/uploads\/2025\/11\/aleks-opstina-primopredaja-67-800x506.jpg 800w, https:\/\/kicevo.gov.mk\/wp-content\/uploads\/2025\/11\/aleks-opstina-primopredaja-67-1280x809.jpg 1280w, https:\/\/kicevo.gov.mk\/wp-content\/uploads\/2025\/11\/aleks-opstina-primopredaja-67-1920x1214.jpg 1920w\" sizes=\"auto, (max-width: 2080px) 100vw, 2080px\" \/><\/figure>\n\n\n\n<div style=\"height:30px\" aria-hidden=\"true\" class=\"wp-block-spacer\"><\/div>\n\n\n\n<p>D-r Aleksandar Zhivko Jovanovski ka lindur m\u00eb 1 prill 1976, jeton dhe punon n\u00eb qytetin e K\u00ebr\u00e7ov\u00ebs, me t\u00eb cilin \u00ebsht\u00eb thell\u00ebsisht i lidhur me zem\u00ebr, profesion dhe vizion. Ai \u00ebsht\u00eb njeri q\u00eb gjith\u00eb jet\u00ebn ia ka kushtuar njer\u00ebzve \u2013 fillimisht si mjek, e sot si kryetar komune i p\u00ebrkushtuar p\u00ebr t\u00eb mir\u00ebn e komunitetit t\u00eb tij.<\/p>\n\n\n\n<p>Q\u00eb n\u00eb mosh\u00eb t\u00eb re, Aleksandri ka treguar interes p\u00ebr proceset shoq\u00ebrore dhe angazhim aktiv qytetar. Q\u00eb nga dit\u00ebt e shkoll\u00ebs s\u00eb mesme ka qen\u00eb an\u00ebtar aktiv i partis\u00eb VMRO-DPMNE, ku nd\u00ebr vite \u00ebsht\u00eb pjekur si person dhe si punonj\u00ebs publik me vet\u00ebdije t\u00eb thell\u00eb p\u00ebr r\u00ebnd\u00ebsin\u00eb e ndershm\u00ebris\u00eb, p\u00ebrkushtimit dhe unitetit n\u00eb shoq\u00ebri.<\/p>\n\n\n\n<p>Arsimin e ka p\u00ebrfunduar n\u00eb Fakultetin e Mjek\u00ebsis\u00eb pran\u00eb Universitetit \u201cSh\u00ebn Kirili dhe Metodi\u201d n\u00eb Shkup, ku ka diplomuar n\u00eb drejtimin \u201cMjek\u00ebsi e p\u00ebrgjithshme\u201d. Pas p\u00ebrfundimit t\u00eb studimeve, karrier\u00ebn e tij profesionale e ka filluar n\u00eb vitin 2006 si profesor i l\u00ebnd\u00ebve mjek\u00ebsore n\u00eb shkoll\u00ebn e mesme SHMK \u201cMirko Mileski\u201d n\u00eb K\u00ebr\u00e7ov\u00eb. N\u00eb k\u00ebt\u00eb rol, me dashuri dhe durim ua ka p\u00ebrcjell\u00eb dijen gjeneratave t\u00eb ardhshme, duke l\u00ebn\u00eb pas vetes breza nx\u00ebn\u00ebsish q\u00eb sot punojn\u00eb n\u00eb sektorin e sh\u00ebndet\u00ebsis\u00eb n\u00eb mbar\u00eb shtetin.<\/p>\n\n\n\n<p>Q\u00eb nga viti 2013, Dr. Jovanovski e vazhdon misionin e tij si mjek am\u00eb n\u00eb institucionin privat sh\u00ebndet\u00ebsor \u201cDraga-Medika\u201d n\u00eb K\u00ebr\u00e7ov\u00eb. N\u00eb komunitetin mjek\u00ebsor njihet si mjek i kujdessh\u00ebm, i nd\u00ebrgjegjsh\u00ebm dhe human, gjithmon\u00eb i qassh\u00ebm p\u00ebr pacient\u00ebt e tij dhe i njohur p\u00ebr qasjen e tij profesionale, por edhe njer\u00ebzore. Me empati dhe respekt t\u00eb jasht\u00ebzakonsh\u00ebm, ai kujdeset \u00e7do dit\u00eb p\u00ebr sh\u00ebndetin e bashk\u00ebqytetar\u00ebve t\u00eb tij, duke besuar se fuqia e v\u00ebrtet\u00eb e nj\u00eb mjeku q\u00ebndron n\u00eb dashurin\u00eb dhe kujdesin ndaj njeriut.<\/p>\n\n\n\n<p>N\u00eb jet\u00ebn private, Dr. Aleksandar Zhivko Jovanovski \u00ebsht\u00eb familjar, bashk\u00ebshort i Lindita Limani Jovanovska dhe baba krenar i tre f\u00ebmij\u00ebve: Jana, Zhivko dhe Dafina. Familja \u00ebsht\u00eb mb\u00ebshtetja m\u00eb e madhe dhe burim frym\u00ebzimi p\u00ebr t\u00eb. Njihet si njeri me vlera t\u00eb thella morale, i ndersh\u00ebm dhe modest, q\u00eb gjithmon\u00eb q\u00ebndron pas fjal\u00ebve dhe parimeve t\u00eb tij.<\/p>\n\n\n\n<p>N\u00eb tetor t\u00eb vitit 2025, me besim t\u00eb madh nga qytetar\u00ebt, u zgjodh kryetar i Komun\u00ebs s\u00eb K\u00ebr\u00e7ov\u00ebs. Fitorja e tij p\u00ebrfaq\u00ebson simbolin e nj\u00eb energjie t\u00eb re dhe t\u00eb nj\u00eb shprese p\u00ebr qytetin. Me besim t\u00eb sinqert\u00eb n\u00eb bashk\u00ebsin\u00eb dhe solidaritetin, Dr. Jovanovski e nd\u00ebrton baz\u00ebn e pun\u00ebs s\u00eb tij mbi tre shtylla: ndershm\u00ebrin\u00eb, zhvillimin dhe unitetin.<\/p>\n\n\n\n<p>Si kryetar komune, ai do t\u00eb angazhohet p\u00ebr jetes\u00eb me respekt t\u00eb nd\u00ebrsjell\u00eb mes t\u00eb gjith\u00eb qytetar\u00ebve, pa dallim etnik apo fetar. N\u00ebn udh\u00ebheqjen e tij, K\u00ebr\u00e7ova tashm\u00eb po b\u00ebhet shembull i harmonis\u00eb multietnike dhe i nj\u00eb qyteti modern evropian q\u00eb ec\u00ebn p\u00ebrpara me dinjitet.<\/p>\n\n\n\n<p>Me modesti, pun\u00eb dhe humaniz\u00ebm, Dr. Aleksandar Zhivko Jovanovski l\u00eb p\u00ebrshtypjen e nj\u00eb njeriu q\u00eb gjithmon\u00eb i d\u00ebgjon njer\u00ebzit dhe punon me ta, e jo mbi ta. P\u00ebr t\u00eb, funksioni nuk \u00ebsht\u00eb q\u00ebllim, por p\u00ebrgjegj\u00ebsi \u2013 p\u00ebrgjegj\u00ebsi me dashuri dhe nd\u00ebrgjegje p\u00ebr t\u00eb punuar p\u00ebr t\u00eb gjith\u00eb qytetar\u00ebt e K\u00ebr\u00e7ov\u00ebs.<\/p>\n","protected":false},"excerpt":{"rendered":"<p>D-r Aleksandar Zhivko Jovanovski ka lindur m\u00eb 1 prill 1976, jeton dhe punon n\u00eb qytetin e K\u00ebr\u00e7ov\u00ebs, me t\u00eb cilin \u00ebsht\u00eb thell\u00ebsisht i lidhur me zem\u00ebr, profesion dhe vizion. Ai \u00ebsht\u00eb njeri q\u00eb gjith\u00eb jet\u00ebn ia ka kushtuar njer\u00ebzve \u2013 fillimisht si mjek, e sot si kryetar komune i p\u00ebrkushtuar p\u00ebr t\u00eb mir\u00ebn e komunitetit [&hellip;]<\/p>\n","protected":false},"author":3,"featured_media":0,"parent":0,"menu_order":0,"comment_status":"closed","ping_status":"closed","template":"page-templates\/sidebar-right.php","meta":{"_uag_custom_page_level_css":"","_vp_format_video_url":"","_vp_image_focal_point":[],"footnotes":""},"class_list":["post-40","page","type-page","status-publish","hentry"],"translation":{"provider":"WPGlobus","version":"3.0.2","language":"sq","enabled_languages":["mk","sq"],"languages":{"mk":{"title":true,"content":true,"excerpt":false},"sq":{"title":true,"content":true,"excerpt":false}}},"yoast_head":"<!-- This site is optimized with the Yoast SEO plugin v27.3 - https:\/\/yoast.com\/product\/yoast-seo-wordpress\/ -->\n<title>Njihuni me kryetarin | Komuna e K\u00ebr\u00e7ov\u00ebs<\/title>\n<meta name=\"robots\" content=\"index, follow, max-snippet:-1, max-image-preview:large, max-video-preview:-1\" \/>\n<link rel=\"canonical\" href=\"https:\/\/kicevo.gov.mk\/bio\/\" \/>\n<meta property=\"og:locale\" content=\"sq_AL\" \/>\n<meta property=\"og:type\" content=\"article\" \/>\n<meta property=\"og:title\" content=\"Njihuni me kryetarin | Komuna e K\u00ebr\u00e7ov\u00ebs\" \/>\n<meta property=\"og:url\" content=\"https:\/\/kicevo.gov.mk\/bio\/\" \/>\n<meta property=\"og:site_name\" content=\"Komuna e K\u00ebr\u00e7ov\u00ebs\" \/>\n<meta property=\"article:modified_time\" content=\"2025-11-12T10:05:54+00:00\" \/>\n<meta name=\"twitter:card\" content=\"summary_large_image\" \/>\n<meta name=\"twitter:image\" content=\"https:\/\/kicevo.gov.mk\/wp-content\/uploads\/2025\/11\/aleks-opstina-primopredaja-67.jpg\" \/>\n<meta name=\"twitter:label1\" content=\"Est. reading time\" \/>\n\t<meta name=\"twitter:data1\" content=\"3 minuta\" \/>\n<script type=\"application\/ld+json\" class=\"yoast-schema-graph\">{\"@context\":\"https:\\\/\\\/schema.org\",\"@graph\":[{\"@type\":\"WebPage\",\"@id\":\"https:\\\/\\\/kicevo.gov.mk\\\/bio\\\/\",\"url\":\"https:\\\/\\\/kicevo.gov.mk\\\/bio\\\/\",\"name\":\"Njihuni me kryetarin | Komuna e K\u00ebr\u00e7ov\u00ebs\",\"isPartOf\":{\"@id\":\"https:\\\/\\\/kicevo.gov.mk\\\/#website\"},\"primaryImageOfPage\":{\"@id\":\"https:\\\/\\\/kicevo.gov.mk\\\/bio\\\/#primaryimage\"},\"image\":{\"@id\":\"https:\\\/\\\/kicevo.gov.mk\\\/bio\\\/#primaryimage\"},\"thumbnailUrl\":\"https:\\\/\\\/kicevo.gov.mk\\\/wp-content\\\/uploads\\\/2025\\\/11\\\/aleks-opstina-primopredaja-67.jpg\",\"datePublished\":\"2022-08-30T10:28:29+00:00\",\"dateModified\":\"2025-11-12T10:05:54+00:00\",\"breadcrumb\":{\"@id\":\"https:\\\/\\\/kicevo.gov.mk\\\/bio\\\/#breadcrumb\"},\"inLanguage\":\"sq\",\"potentialAction\":[{\"@type\":\"ReadAction\",\"target\":[\"https:\\\/\\\/kicevo.gov.mk\\\/bio\\\/\"]}]},{\"@type\":\"ImageObject\",\"inLanguage\":\"sq\",\"@id\":\"https:\\\/\\\/kicevo.gov.mk\\\/bio\\\/#primaryimage\",\"url\":\"https:\\\/\\\/kicevo.gov.mk\\\/wp-content\\\/uploads\\\/2025\\\/11\\\/aleks-opstina-primopredaja-67.jpg\",\"contentUrl\":\"https:\\\/\\\/kicevo.gov.mk\\\/wp-content\\\/uploads\\\/2025\\\/11\\\/aleks-opstina-primopredaja-67.jpg\"},{\"@type\":\"BreadcrumbList\",\"@id\":\"https:\\\/\\\/kicevo.gov.mk\\\/bio\\\/#breadcrumb\",\"itemListElement\":[{\"@type\":\"ListItem\",\"position\":1,\"name\":\"\u041f\u043e\u0447\u0435\u0442\u043d\u0430\",\"item\":\"https:\\\/\\\/kicevo.gov.mk\\\/\"},{\"@type\":\"ListItem\",\"position\":2,\"name\":\"\u0417\u0430\u043f\u043e\u0437\u043d\u0430\u0458\u0442\u0435 \u0441\u0435 \u0441\u043e \u0413\u0440\u0430\u0434\u043e\u043d\u0430\u0447\u0430\u043b\u043d\u0438\u043a\u043e\u0442\"}]},{\"@type\":\"WebSite\",\"@id\":\"https:\\\/\\\/kicevo.gov.mk\\\/#website\",\"url\":\"https:\\\/\\\/kicevo.gov.mk\\\/\",\"name\":\"\u041e\u043f\u0448\u0442\u0438\u043d\u0430 \u041a\u0438\u0447\u0435\u0432\u043e\",\"description\":\"Mir\u00eb se erdh\u00ebt n\u00eb ueb faqen zyrtare t\u00eb Komun\u00ebs s\u00eb K\u00ebr\u00e7ov\u00ebs\",\"publisher\":{\"@id\":\"https:\\\/\\\/kicevo.gov.mk\\\/#organization\"},\"potentialAction\":[{\"@type\":\"SearchAction\",\"target\":{\"@type\":\"EntryPoint\",\"urlTemplate\":\"https:\\\/\\\/kicevo.gov.mk\\\/?s={search_term_string}\"},\"query-input\":{\"@type\":\"PropertyValueSpecification\",\"valueRequired\":true,\"valueName\":\"search_term_string\"}}],\"inLanguage\":\"sq\"},{\"@type\":\"Organization\",\"@id\":\"https:\\\/\\\/kicevo.gov.mk\\\/#organization\",\"name\":\"Opstina Kicevo\",\"url\":\"https:\\\/\\\/kicevo.gov.mk\\\/\",\"logo\":{\"@type\":\"ImageObject\",\"inLanguage\":\"sq\",\"@id\":\"https:\\\/\\\/kicevo.gov.mk\\\/#\\\/schema\\\/logo\\\/image\\\/\",\"url\":\"https:\\\/\\\/kicevo.gov.mk\\\/wp-content\\\/uploads\\\/2025\\\/11\\\/logo-alb.png\",\"contentUrl\":\"https:\\\/\\\/kicevo.gov.mk\\\/wp-content\\\/uploads\\\/2025\\\/11\\\/logo-alb.png\",\"width\":1200,\"height\":1592,\"caption\":\"Opstina Kicevo\"},\"image\":{\"@id\":\"https:\\\/\\\/kicevo.gov.mk\\\/#\\\/schema\\\/logo\\\/image\\\/\"}}]}<\/script>\n<!-- \/ Yoast SEO plugin. -->","yoast_head_json":{"title":"Njihuni me kryetarin | Komuna e K\u00ebr\u00e7ov\u00ebs","robots":{"index":"index","follow":"follow","max-snippet":"max-snippet:-1","max-image-preview":"max-image-preview:large","max-video-preview":"max-video-preview:-1"},"canonical":"https:\/\/kicevo.gov.mk\/bio\/","og_locale":"sq_AL","og_type":"article","og_title":"Njihuni me kryetarin | Komuna e K\u00ebr\u00e7ov\u00ebs","og_url":"https:\/\/kicevo.gov.mk\/bio\/","og_site_name":"Komuna e K\u00ebr\u00e7ov\u00ebs","article_modified_time":"2025-11-12T10:05:54+00:00","twitter_card":"summary_large_image","twitter_image":"https:\/\/kicevo.gov.mk\/wp-content\/uploads\/2025\/11\/aleks-opstina-primopredaja-67.jpg","twitter_misc":{"Est. reading time":"3 minuta"},"schema":{"@context":"https:\/\/schema.org","@graph":[{"@type":"WebPage","@id":"https:\/\/kicevo.gov.mk\/bio\/","url":"https:\/\/kicevo.gov.mk\/bio\/","name":"Njihuni me kryetarin | Komuna e K\u00ebr\u00e7ov\u00ebs","isPartOf":{"@id":"https:\/\/kicevo.gov.mk\/#website"},"primaryImageOfPage":{"@id":"https:\/\/kicevo.gov.mk\/bio\/#primaryimage"},"image":{"@id":"https:\/\/kicevo.gov.mk\/bio\/#primaryimage"},"thumbnailUrl":"https:\/\/kicevo.gov.mk\/wp-content\/uploads\/2025\/11\/aleks-opstina-primopredaja-67.jpg","datePublished":"2022-08-30T10:28:29+00:00","dateModified":"2025-11-12T10:05:54+00:00","breadcrumb":{"@id":"https:\/\/kicevo.gov.mk\/bio\/#breadcrumb"},"inLanguage":"sq","potentialAction":[{"@type":"ReadAction","target":["https:\/\/kicevo.gov.mk\/bio\/"]}]},{"@type":"ImageObject","inLanguage":"sq","@id":"https:\/\/kicevo.gov.mk\/bio\/#primaryimage","url":"https:\/\/kicevo.gov.mk\/wp-content\/uploads\/2025\/11\/aleks-opstina-primopredaja-67.jpg","contentUrl":"https:\/\/kicevo.gov.mk\/wp-content\/uploads\/2025\/11\/aleks-opstina-primopredaja-67.jpg"},{"@type":"BreadcrumbList","@id":"https:\/\/kicevo.gov.mk\/bio\/#breadcrumb","itemListElement":[{"@type":"ListItem","position":1,"name":"\u041f\u043e\u0447\u0435\u0442\u043d\u0430","item":"https:\/\/kicevo.gov.mk\/"},{"@type":"ListItem","position":2,"name":"\u0417\u0430\u043f\u043e\u0437\u043d\u0430\u0458\u0442\u0435 \u0441\u0435 \u0441\u043e \u0413\u0440\u0430\u0434\u043e\u043d\u0430\u0447\u0430\u043b\u043d\u0438\u043a\u043e\u0442"}]},{"@type":"WebSite","@id":"https:\/\/kicevo.gov.mk\/#website","url":"https:\/\/kicevo.gov.mk\/","name":"\u041e\u043f\u0448\u0442\u0438\u043d\u0430 \u041a\u0438\u0447\u0435\u0432\u043e","description":"Mir\u00eb se erdh\u00ebt n\u00eb ueb faqen zyrtare t\u00eb Komun\u00ebs s\u00eb K\u00ebr\u00e7ov\u00ebs","publisher":{"@id":"https:\/\/kicevo.gov.mk\/#organization"},"potentialAction":[{"@type":"SearchAction","target":{"@type":"EntryPoint","urlTemplate":"https:\/\/kicevo.gov.mk\/?s={search_term_string}"},"query-input":{"@type":"PropertyValueSpecification","valueRequired":true,"valueName":"search_term_string"}}],"inLanguage":"sq"},{"@type":"Organization","@id":"https:\/\/kicevo.gov.mk\/#organization","name":"Opstina Kicevo","url":"https:\/\/kicevo.gov.mk\/","logo":{"@type":"ImageObject","inLanguage":"sq","@id":"https:\/\/kicevo.gov.mk\/#\/schema\/logo\/image\/","url":"https:\/\/kicevo.gov.mk\/wp-content\/uploads\/2025\/11\/logo-alb.png","contentUrl":"https:\/\/kicevo.gov.mk\/wp-content\/uploads\/2025\/11\/logo-alb.png","width":1200,"height":1592,"caption":"Opstina Kicevo"},"image":{"@id":"https:\/\/kicevo.gov.mk\/#\/schema\/logo\/image\/"}}]}},"uagb_featured_image_src":{"full":false,"thumbnail":false,"medium":false,"medium_large":false,"large":false,"1536x1536":false,"2048x2048":false,"vp_sm":false,"vp_md":false,"vp_lg":false,"vp_xl":false,"vp_sm_popup":false,"vp_md_popup":false,"vp_xl_popup":false},"uagb_author_info":{"display_name":"Marina","author_link":"https:\/\/kicevo.gov.mk\/sq\/author\/adminmsb\/"},"uagb_comment_info":0,"uagb_excerpt":"D-r Aleksandar Zhivko Jovanovski ka lindur m\u00eb 1 prill 1976, jeton dhe punon n\u00eb qytetin e K\u00ebr\u00e7ov\u00ebs, me t\u00eb cilin \u00ebsht\u00eb thell\u00ebsisht i lidhur me zem\u00ebr, profesion dhe vizion. Ai \u00ebsht\u00eb njeri q\u00eb gjith\u00eb jet\u00ebn ia ka kushtuar njer\u00ebzve \u2013 fillimisht si mjek, e sot si kryetar komune i p\u00ebrkushtuar p\u00ebr t\u00eb mir\u00ebn e komunitetit&hellip;","_links":{"self":[{"href":"https:\/\/kicevo.gov.mk\/sq\/wp-json\/wp\/v2\/pages\/40","targetHints":{"allow":["GET"]}}],"collection":[{"href":"https:\/\/kicevo.gov.mk\/sq\/wp-json\/wp\/v2\/pages"}],"about":[{"href":"https:\/\/kicevo.gov.mk\/sq\/wp-json\/wp\/v2\/types\/page"}],"author":[{"embeddable":true,"href":"https:\/\/kicevo.gov.mk\/sq\/wp-json\/wp\/v2\/users\/3"}],"replies":[{"embeddable":true,"href":"https:\/\/kicevo.gov.mk\/sq\/wp-json\/wp\/v2\/comments?post=40"}],"version-history":[{"count":5,"href":"https:\/\/kicevo.gov.mk\/sq\/wp-json\/wp\/v2\/pages\/40\/revisions"}],"predecessor-version":[{"id":16689,"href":"https:\/\/kicevo.gov.mk\/sq\/wp-json\/wp\/v2\/pages\/40\/revisions\/16689"}],"wp:attachment":[{"href":"https:\/\/kicevo.gov.mk\/sq\/wp-json\/wp\/v2\/media?parent=40"}],"curies":[{"name":"wp","href":"https:\/\/api.w.org\/{rel}","templated":true}]}}