{"id":339,"date":"2022-09-02T07:24:38","date_gmt":"2022-09-02T07:24:38","guid":{"rendered":"http:\/\/localhost\/opstina\/?page_id=339"},"modified":"2025-12-02T11:42:03","modified_gmt":"2025-12-02T11:42:03","slug":"mehanizam-za-zhalbi-i-poplaki","status":"publish","type":"page","link":"https:\/\/kicevo.gov.mk\/sq\/mehanizam-za-zhalbi-i-poplaki\/","title":{"rendered":"Mekanizmi i ankesave dhe parashtresave"},"content":{"rendered":"\n<p>P\u00ebr nevojat e Projektit p\u00ebr lidhje t\u00eb rrug\u00ebve lokale n\u00eb Ministrin\u00eb e Transportit dhe Lidhjeve, Komuna e K\u00ebr\u00e7ov\u00ebs ka aplikuar me tre n\u00ebn-projekte p\u00ebr Rind\u00ebrtimin e rr. \u201cBoris Kidri\u00e7\u201d, \u201cUzhi\u00e7ka Republika\u201d dhe rruga q\u00eb lidh v.b. Greshnic\u00eb \u2013 Llapkindoll, e cila \u00ebsht\u00eb pjes\u00eb e Tenderit 2, i cili projekt s\u00eb shpejti do t\u00eb filloj\u00eb zbatimin e tyre n\u00eb terren. P\u00ebrve\u00e7 legjislacionit komb\u00ebtar n\u00eb fush\u00ebn e mjedisit, ne jemi t\u00eb detyruar t\u00eb pajtohemi me Korniz\u00ebn p\u00ebr Mjedisin Jet\u00ebsor dhe Aspektet Sociale t\u00eb Bank\u00ebs Bot\u00ebrore, e cila po financon Projektin.<\/p>\n\n\n\n<p>P\u00ebr realizimin e k\u00ebtij projekti, Komuna e K\u00ebr\u00e7ov\u00ebs p\u00ebrmes Nj\u00ebsis\u00eb p\u00ebr Zbatimin e Projektit (EIP) ka krijuar nj\u00eb mekaniz\u00ebm p\u00ebr informimin e publikut dhe monitorimin aktiv t\u00eb implementimit t\u00eb projektit dhe mund\u00ebsin\u00eb p\u00ebr monitorim aktiv t\u00eb pun\u00ebve nd\u00ebrtimore, n\u00eb p\u00ebrputhje me politikat dhe k\u00ebrkesat n\u00eb fush\u00ebn e mjedisit jet\u00ebsor dhe aspektet sociale t\u00eb Bank\u00ebs Bot\u00ebrore, gjegj\u00ebsisht Korniza e Mjedisit Jet\u00ebsor dhe Aspekteve Sociale \u2013 Standardi 10, p\u00ebr mjedisin jet\u00ebsor dhe aspektet sociale.<\/p>\n\n\n\n<p>Mekanizmi i ankesave dhe parashtresave\u00a0funksionon n\u00eb at\u00eb m\u00ebnyr\u00eb q\u00eb kontaktet t\u00eb sigurohen nga nj\u00eb p\u00ebrfaq\u00ebsues i Nj\u00ebsis\u00eb p\u00ebr Zbatimin e Projektit, persona t\u00eb caktuar nga Komuna dhe p\u00ebrfaq\u00ebsues t\u00eb bashk\u00ebsive lokale, dhe dokumenti tjet\u00ebr \u00ebsht\u00eb nj\u00eb\u00a0Formular Ankesash dhe Parashtresash\u00a0q\u00eb duhet t\u00eb plot\u00ebsohet nga pal\u00ebt e interesuara, n\u00ebse kan\u00eb ndonj\u00eb problem gjat\u00eb punimeve t\u00eb nd\u00ebrtimit n\u00eb terren dhe t\u2019u dor\u00ebzohet personave t\u00eb caktuar p\u00ebr Projektin, p\u00ebr t\u2019u shqyrtuar dhe zgjidhur nga Kontraktuesi, Mbik\u00ebqyr\u00ebsi dhe ekspert\u00ebt e Nj\u00ebsis\u00eb p\u00ebr Zbatimin e Projektit t\u00eb angazhuar.<\/p>\n\n\n\n<div class=\"wp-block-file\"><a id=\"wp-block-file--media-22eed441-70df-4a73-8176-9ea7ea70b061\" href=\"https:\/\/kicevo.gov.mk\/wp-content\/uploads\/2022\/11\/Mekanizmi-per-ankesa-dhe-parashtresa-1.docx\" target=\"_blank\" rel=\"noreferrer noopener\">Mekanizmi i ankesave dhe parashtresave<\/a><a href=\"https:\/\/kicevo.gov.mk\/wp-content\/uploads\/2022\/11\/Mekanizmi-per-ankesa-dhe-parashtresa-1.docx\" class=\"wp-block-file__button wp-element-button\" download aria-describedby=\"wp-block-file--media-22eed441-70df-4a73-8176-9ea7ea70b061\">Shkarko<\/a><\/div>\n\n\n\n<div class=\"wp-block-file\"><a id=\"wp-block-file--media-1b655f4f-c20a-46e1-99cc-9c6d35f8fc76\" href=\"https:\/\/kicevo.gov.mk\/wp-content\/uploads\/2022\/11\/formular.docx\" target=\"_blank\" rel=\"noreferrer noopener\">Formular Ankesash dhe Parashtresash<\/a><a href=\"https:\/\/kicevo.gov.mk\/wp-content\/uploads\/2022\/11\/formular.docx\" class=\"wp-block-file__button wp-element-button\" download aria-describedby=\"wp-block-file--media-1b655f4f-c20a-46e1-99cc-9c6d35f8fc76\">Shkarko<\/a><\/div>\n","protected":false},"excerpt":{"rendered":"<p>P\u00ebr nevojat e Projektit p\u00ebr lidhje t\u00eb rrug\u00ebve lokale n\u00eb Ministrin\u00eb e Transportit dhe Lidhjeve, Komuna e K\u00ebr\u00e7ov\u00ebs ka aplikuar me tre n\u00ebn-projekte p\u00ebr Rind\u00ebrtimin e rr. \u201cBoris Kidri\u00e7\u201d, \u201cUzhi\u00e7ka Republika\u201d dhe rruga q\u00eb lidh v.b. Greshnic\u00eb \u2013 Llapkindoll, e cila \u00ebsht\u00eb pjes\u00eb e Tenderit 2, i cili projekt s\u00eb shpejti do t\u00eb filloj\u00eb zbatimin [&hellip;]<\/p>\n","protected":false},"author":3,"featured_media":0,"parent":0,"menu_order":0,"comment_status":"closed","ping_status":"closed","template":"page-templates\/sidebar-right.php","meta":{"_uag_custom_page_level_css":"","_vp_format_video_url":"","_vp_image_focal_point":[],"footnotes":""},"class_list":["post-339","page","type-page","status-publish","hentry"],"translation":{"provider":"WPGlobus","version":"3.0.2","language":"sq","enabled_languages":["mk","sq"],"languages":{"mk":{"title":true,"content":true,"excerpt":false},"sq":{"title":true,"content":true,"excerpt":false}}},"yoast_head":"<!-- This site is optimized with the Yoast SEO plugin v27.4 - https:\/\/yoast.com\/product\/yoast-seo-wordpress\/ -->\n<title>Mekanizmi i ankesave dhe parashtresave | Komuna e K\u00ebr\u00e7ov\u00ebs<\/title>\n<meta name=\"robots\" content=\"index, follow, max-snippet:-1, max-image-preview:large, max-video-preview:-1\" \/>\n<link rel=\"canonical\" href=\"https:\/\/kicevo.gov.mk\/sq\/mehanizam-za-zhalbi-i-poplaki\/\" \/>\n<meta property=\"og:locale\" content=\"sq_AL\" \/>\n<meta property=\"og:type\" content=\"article\" \/>\n<meta property=\"og:title\" content=\"Mekanizmi i ankesave dhe parashtresave | Komuna e K\u00ebr\u00e7ov\u00ebs\" \/>\n<meta property=\"og:url\" content=\"https:\/\/kicevo.gov.mk\/sq\/mehanizam-za-zhalbi-i-poplaki\/\" \/>\n<meta property=\"og:site_name\" content=\"Komuna e K\u00ebr\u00e7ov\u00ebs\" \/>\n<meta property=\"article:modified_time\" content=\"2025-12-02T11:42:03+00:00\" \/>\n<meta name=\"twitter:card\" content=\"summary_large_image\" \/>\n<meta name=\"twitter:label1\" content=\"Est. reading time\" \/>\n\t<meta name=\"twitter:data1\" content=\"2 minuta\" \/>\n<script type=\"application\/ld+json\" class=\"yoast-schema-graph\">{\"@context\":\"https:\\\/\\\/schema.org\",\"@graph\":[{\"@type\":\"WebPage\",\"@id\":\"https:\\\/\\\/kicevo.gov.mk\\\/sq\\\/mehanizam-za-zhalbi-i-poplaki\\\/\",\"url\":\"https:\\\/\\\/kicevo.gov.mk\\\/sq\\\/mehanizam-za-zhalbi-i-poplaki\\\/\",\"name\":\"Mekanizmi i ankesave dhe parashtresave | Komuna e K\u00ebr\u00e7ov\u00ebs\",\"isPartOf\":{\"@id\":\"https:\\\/\\\/kicevo.gov.mk\\\/#website\"},\"datePublished\":\"2022-09-02T07:24:38+00:00\",\"dateModified\":\"2025-12-02T11:42:03+00:00\",\"breadcrumb\":{\"@id\":\"https:\\\/\\\/kicevo.gov.mk\\\/sq\\\/mehanizam-za-zhalbi-i-poplaki\\\/#breadcrumb\"},\"inLanguage\":\"sq\",\"potentialAction\":[{\"@type\":\"ReadAction\",\"target\":[\"https:\\\/\\\/kicevo.gov.mk\\\/sq\\\/mehanizam-za-zhalbi-i-poplaki\\\/\"]}]},{\"@type\":\"BreadcrumbList\",\"@id\":\"https:\\\/\\\/kicevo.gov.mk\\\/sq\\\/mehanizam-za-zhalbi-i-poplaki\\\/#breadcrumb\",\"itemListElement\":[{\"@type\":\"ListItem\",\"position\":1,\"name\":\"\u041f\u043e\u0447\u0435\u0442\u043d\u0430\",\"item\":\"https:\\\/\\\/kicevo.gov.mk\\\/\"},{\"@type\":\"ListItem\",\"position\":2,\"name\":\"Mekanizmi i ankesave dhe parashtresave\"}]},{\"@type\":\"WebSite\",\"@id\":\"https:\\\/\\\/kicevo.gov.mk\\\/#website\",\"url\":\"https:\\\/\\\/kicevo.gov.mk\\\/\",\"name\":\"\u041e\u043f\u0448\u0442\u0438\u043d\u0430 \u041a\u0438\u0447\u0435\u0432\u043e\",\"description\":\"Mir\u00eb se erdh\u00ebt n\u00eb ueb faqen zyrtare t\u00eb Komun\u00ebs s\u00eb K\u00ebr\u00e7ov\u00ebs\",\"publisher\":{\"@id\":\"https:\\\/\\\/kicevo.gov.mk\\\/#organization\"},\"potentialAction\":[{\"@type\":\"SearchAction\",\"target\":{\"@type\":\"EntryPoint\",\"urlTemplate\":\"https:\\\/\\\/kicevo.gov.mk\\\/?s={search_term_string}\"},\"query-input\":{\"@type\":\"PropertyValueSpecification\",\"valueRequired\":true,\"valueName\":\"search_term_string\"}}],\"inLanguage\":\"sq\"},{\"@type\":\"Organization\",\"@id\":\"https:\\\/\\\/kicevo.gov.mk\\\/#organization\",\"name\":\"Opstina Kicevo\",\"url\":\"https:\\\/\\\/kicevo.gov.mk\\\/\",\"logo\":{\"@type\":\"ImageObject\",\"inLanguage\":\"sq\",\"@id\":\"https:\\\/\\\/kicevo.gov.mk\\\/#\\\/schema\\\/logo\\\/image\\\/\",\"url\":\"https:\\\/\\\/kicevo.gov.mk\\\/wp-content\\\/uploads\\\/2025\\\/11\\\/logo-alb.png\",\"contentUrl\":\"https:\\\/\\\/kicevo.gov.mk\\\/wp-content\\\/uploads\\\/2025\\\/11\\\/logo-alb.png\",\"width\":1200,\"height\":1592,\"caption\":\"Opstina Kicevo\"},\"image\":{\"@id\":\"https:\\\/\\\/kicevo.gov.mk\\\/#\\\/schema\\\/logo\\\/image\\\/\"}}]}<\/script>\n<!-- \/ Yoast SEO plugin. -->","yoast_head_json":{"title":"Mekanizmi i ankesave dhe parashtresave | Komuna e K\u00ebr\u00e7ov\u00ebs","robots":{"index":"index","follow":"follow","max-snippet":"max-snippet:-1","max-image-preview":"max-image-preview:large","max-video-preview":"max-video-preview:-1"},"canonical":"https:\/\/kicevo.gov.mk\/sq\/mehanizam-za-zhalbi-i-poplaki\/","og_locale":"sq_AL","og_type":"article","og_title":"Mekanizmi i ankesave dhe parashtresave | Komuna e K\u00ebr\u00e7ov\u00ebs","og_url":"https:\/\/kicevo.gov.mk\/sq\/mehanizam-za-zhalbi-i-poplaki\/","og_site_name":"Komuna e K\u00ebr\u00e7ov\u00ebs","article_modified_time":"2025-12-02T11:42:03+00:00","twitter_card":"summary_large_image","twitter_misc":{"Est. reading time":"2 minuta"},"schema":{"@context":"https:\/\/schema.org","@graph":[{"@type":"WebPage","@id":"https:\/\/kicevo.gov.mk\/sq\/mehanizam-za-zhalbi-i-poplaki\/","url":"https:\/\/kicevo.gov.mk\/sq\/mehanizam-za-zhalbi-i-poplaki\/","name":"Mekanizmi i ankesave dhe parashtresave | Komuna e K\u00ebr\u00e7ov\u00ebs","isPartOf":{"@id":"https:\/\/kicevo.gov.mk\/#website"},"datePublished":"2022-09-02T07:24:38+00:00","dateModified":"2025-12-02T11:42:03+00:00","breadcrumb":{"@id":"https:\/\/kicevo.gov.mk\/sq\/mehanizam-za-zhalbi-i-poplaki\/#breadcrumb"},"inLanguage":"sq","potentialAction":[{"@type":"ReadAction","target":["https:\/\/kicevo.gov.mk\/sq\/mehanizam-za-zhalbi-i-poplaki\/"]}]},{"@type":"BreadcrumbList","@id":"https:\/\/kicevo.gov.mk\/sq\/mehanizam-za-zhalbi-i-poplaki\/#breadcrumb","itemListElement":[{"@type":"ListItem","position":1,"name":"\u041f\u043e\u0447\u0435\u0442\u043d\u0430","item":"https:\/\/kicevo.gov.mk\/"},{"@type":"ListItem","position":2,"name":"Mekanizmi i ankesave dhe parashtresave"}]},{"@type":"WebSite","@id":"https:\/\/kicevo.gov.mk\/#website","url":"https:\/\/kicevo.gov.mk\/","name":"\u041e\u043f\u0448\u0442\u0438\u043d\u0430 \u041a\u0438\u0447\u0435\u0432\u043e","description":"Mir\u00eb se erdh\u00ebt n\u00eb ueb faqen zyrtare t\u00eb Komun\u00ebs s\u00eb K\u00ebr\u00e7ov\u00ebs","publisher":{"@id":"https:\/\/kicevo.gov.mk\/#organization"},"potentialAction":[{"@type":"SearchAction","target":{"@type":"EntryPoint","urlTemplate":"https:\/\/kicevo.gov.mk\/?s={search_term_string}"},"query-input":{"@type":"PropertyValueSpecification","valueRequired":true,"valueName":"search_term_string"}}],"inLanguage":"sq"},{"@type":"Organization","@id":"https:\/\/kicevo.gov.mk\/#organization","name":"Opstina Kicevo","url":"https:\/\/kicevo.gov.mk\/","logo":{"@type":"ImageObject","inLanguage":"sq","@id":"https:\/\/kicevo.gov.mk\/#\/schema\/logo\/image\/","url":"https:\/\/kicevo.gov.mk\/wp-content\/uploads\/2025\/11\/logo-alb.png","contentUrl":"https:\/\/kicevo.gov.mk\/wp-content\/uploads\/2025\/11\/logo-alb.png","width":1200,"height":1592,"caption":"Opstina Kicevo"},"image":{"@id":"https:\/\/kicevo.gov.mk\/#\/schema\/logo\/image\/"}}]}},"uagb_featured_image_src":{"full":false,"thumbnail":false,"medium":false,"medium_large":false,"large":false,"1536x1536":false,"2048x2048":false,"vp_sm":false,"vp_md":false,"vp_lg":false,"vp_xl":false,"vp_sm_popup":false,"vp_md_popup":false,"vp_xl_popup":false},"uagb_author_info":{"display_name":"Marina","author_link":"https:\/\/kicevo.gov.mk\/sq\/author\/adminmsb\/"},"uagb_comment_info":0,"uagb_excerpt":"P\u00ebr nevojat e Projektit p\u00ebr lidhje t\u00eb rrug\u00ebve lokale n\u00eb Ministrin\u00eb e Transportit dhe Lidhjeve, Komuna e K\u00ebr\u00e7ov\u00ebs ka aplikuar me tre n\u00ebn-projekte p\u00ebr Rind\u00ebrtimin e rr. \u201cBoris Kidri\u00e7\u201d, \u201cUzhi\u00e7ka Republika\u201d dhe rruga q\u00eb lidh v.b. Greshnic\u00eb \u2013 Llapkindoll, e cila \u00ebsht\u00eb pjes\u00eb e Tenderit 2, i cili projekt s\u00eb shpejti do t\u00eb filloj\u00eb zbatimin&hellip;","_links":{"self":[{"href":"https:\/\/kicevo.gov.mk\/sq\/wp-json\/wp\/v2\/pages\/339","targetHints":{"allow":["GET"]}}],"collection":[{"href":"https:\/\/kicevo.gov.mk\/sq\/wp-json\/wp\/v2\/pages"}],"about":[{"href":"https:\/\/kicevo.gov.mk\/sq\/wp-json\/wp\/v2\/types\/page"}],"author":[{"embeddable":true,"href":"https:\/\/kicevo.gov.mk\/sq\/wp-json\/wp\/v2\/users\/3"}],"replies":[{"embeddable":true,"href":"https:\/\/kicevo.gov.mk\/sq\/wp-json\/wp\/v2\/comments?post=339"}],"version-history":[{"count":6,"href":"https:\/\/kicevo.gov.mk\/sq\/wp-json\/wp\/v2\/pages\/339\/revisions"}],"predecessor-version":[{"id":5715,"href":"https:\/\/kicevo.gov.mk\/sq\/wp-json\/wp\/v2\/pages\/339\/revisions\/5715"}],"wp:attachment":[{"href":"https:\/\/kicevo.gov.mk\/sq\/wp-json\/wp\/v2\/media?parent=339"}],"curies":[{"name":"wp","href":"https:\/\/api.w.org\/{rel}","templated":true}]}}