{"id":327,"date":"2022-09-02T07:06:47","date_gmt":"2022-09-02T07:06:47","guid":{"rendered":"http:\/\/localhost\/opstina\/?page_id=327"},"modified":"2025-12-02T11:45:07","modified_gmt":"2025-12-02T11:45:07","slug":"svetska-banka","status":"publish","type":"page","link":"https:\/\/kicevo.gov.mk\/sq\/svetska-banka\/","title":{"rendered":"World Bank Njoftim"},"content":{"rendered":"\n<p class=\"has-text-align-center\"><strong>NJOFTIM<\/strong><br><strong>P\u00ebr qasje t\u00eb dokumentit<\/strong><\/p>\n\n\n\n<p><strong>Lista kontrolluese<\/strong>&nbsp;<strong>e<\/strong>&nbsp;<strong>Planit<\/strong>&nbsp;<strong>p\u00ebr<\/strong>&nbsp;<strong>menaxhim<\/strong>&nbsp;<strong>me&nbsp;<\/strong><strong>&nbsp;<\/strong><strong>mjedisin jet\u00ebsor<\/strong>&nbsp;<strong>dhe<\/strong>&nbsp;<strong>aspektet sociale<\/strong><strong>&nbsp;(<\/strong><strong>PMMJAS<\/strong><strong>)&nbsp;<\/strong><strong>Rikonstruimi<\/strong>&nbsp;<strong>i<\/strong>&nbsp;<strong>rr<\/strong><strong>.&nbsp;<\/strong><strong>\u201cBoris<\/strong>&nbsp;<strong>Kidri\u00e7<\/strong><strong>\u201c,&nbsp;<\/strong><strong>\u201cUzhi\u00e7ka Republika<\/strong><strong>\u201c&nbsp;<\/strong><strong>dhe<\/strong>&nbsp;<strong>rruga<\/strong>&nbsp;<strong>q\u00eb<\/strong>&nbsp;<strong>lidh<\/strong>&nbsp;<strong>v<\/strong><strong>.<\/strong><strong>b<\/strong><strong>.&nbsp;<\/strong><strong>Greshnic\u00eb<\/strong><strong>&nbsp;\u2013&nbsp;<\/strong><strong>Llapkindoll<\/strong>&nbsp;<strong>n\u00eb<\/strong>&nbsp;<strong>Komun\u00ebn e K\u00ebr\u00e7ov\u00ebs<\/strong>&nbsp;<strong>n\u00eb kuad\u00ebr t\u00eb Projektit p\u00ebr lidhjen e rrug\u00ebve lokale n\u00eb RMV<\/strong><\/p>\n\n\n\n<p>N\u00eb kuad\u00ebr t\u00eb &nbsp;\u201cProjektit p\u00ebr lidhjen e rrug\u00ebve lokale n\u00eb RMV\u201d q\u00eb realizohet nga &nbsp;Ministria e Transportit dhe Lidhjeve me p\u00ebrkrahje financiare nga Banka Bot\u00ebrore, nd\u00ebrsa me q\u00ebllim p\u00ebrmir\u00ebsimin e infrastruktur\u00ebs rrugore lokale, Komuna e K\u00ebr\u00e7ov\u00ebs aplikoi me projekt p\u00ebr Rikonstruimin e rr. \u201cBoris Kidri\u00e7\u201c, \u201cUzhi\u00e7ka Republika\u201c dhe rrug\u00ebs q\u00eb lidh v.b. Greshnic\u00eb \u2013 Llapkindoll.<\/p>\n\n\n\n<p>N\u00eb pajtim me k\u00ebrkesat e Bank\u00ebs Bot\u00ebrore ishte p\u00ebrgatitur dokument \u201cLista kontrolluese e Planit p\u00ebr menaxhim me &nbsp;mjedisin jet\u00ebsor dhe aspektet sociale\u201d, ku jan\u00eb t\u00eb analizuar ndikimet mbi mjedisin jet\u00ebsor dhe aspektet sociale \u0438\u0458\u0430\u043d\u0438\u0458\u0430\u0442\u0430 q\u00eb do t\u00eb dalin nga realizimi i projektit.<\/p>\n\n\n\n<p>Dokumenti \u201cLista kontrolluese e Planit p\u00ebr menaxhim me &nbsp;mjedisin jet\u00ebsor dhe aspektet sociale\u201d do t\u00eb jet\u00eb i vndosur n\u00eb shqyrtim publik n\u00eb web faqet e: Ministris\u00eb p\u00ebr Transport dhe Lidhje: (<a href=\"http:\/\/www.mtc.gov.mk\/\">http:\/\/www.mtc.gov.mk<\/a>) dhe t\u00eb Komun\u00ebs s\u00eb K\u00ebr\u00e7ov\u00ebs: (<a href=\"https:\/\/kercova.gov.mk\/\">https:\/\/kercova.gov.mk<\/a>)&nbsp;<strong>m\u00eb&nbsp;<\/strong><strong>11&nbsp;<\/strong><strong>n\u00ebntor<\/strong><strong>&nbsp;2020<\/strong>.<\/p>\n\n\n\n<p>Komentet e Juaja mund t\u2019i dor\u00ebzoni n\u00eb afat prej 14 dit\u00ebve nga vendosja e dokumentit n\u00eb web faqe.<\/p>\n\n\n\n<div class=\"wp-block-file alignwide\"><a id=\"wp-block-file--media-bda4e08c-63f4-40d2-9446-cd5499040cb2\" href=\"https:\/\/kicevo.gov.mk\/wp-content\/uploads\/2022\/11\/Ekzemplar-per-parashtrimin-e-komenteve.docx\">Ekzemplar p\u00ebr parashtrimin e komenteve<\/a><a href=\"https:\/\/kicevo.gov.mk\/wp-content\/uploads\/2022\/11\/Ekzemplar-per-parashtrimin-e-komenteve.docx\" class=\"wp-block-file__button wp-element-button\" download aria-describedby=\"wp-block-file--media-bda4e08c-63f4-40d2-9446-cd5499040cb2\">Shkarko<\/a><\/div>\n\n\n\n<div class=\"wp-block-file\"><a id=\"wp-block-file--media-19601504-5d29-4419-acbe-ed14abde24f5\" href=\"https:\/\/kicevo.gov.mk\/wp-content\/uploads\/2022\/09\/ESMP-Checklist_-Project-Kichevo_ENG.pdf\">Environmental and social management plan (esmp)<\/a><a href=\"https:\/\/kicevo.gov.mk\/wp-content\/uploads\/2022\/09\/ESMP-Checklist_-Project-Kichevo_ENG.pdf\" class=\"wp-block-file__button wp-element-button\" download aria-describedby=\"wp-block-file--media-19601504-5d29-4419-acbe-ed14abde24f5\">Shkarko<\/a><\/div>\n","protected":false},"excerpt":{"rendered":"<p>NJOFTIMP\u00ebr qasje t\u00eb dokumentit Lista kontrolluese&nbsp;e&nbsp;Planit&nbsp;p\u00ebr&nbsp;menaxhim&nbsp;me&nbsp;&nbsp;mjedisin jet\u00ebsor&nbsp;dhe&nbsp;aspektet sociale&nbsp;(PMMJAS)&nbsp;Rikonstruimi&nbsp;i&nbsp;rr.&nbsp;\u201cBoris&nbsp;Kidri\u00e7\u201c,&nbsp;\u201cUzhi\u00e7ka Republika\u201c&nbsp;dhe&nbsp;rruga&nbsp;q\u00eb&nbsp;lidh&nbsp;v.b.&nbsp;Greshnic\u00eb&nbsp;\u2013&nbsp;Llapkindoll&nbsp;n\u00eb&nbsp;Komun\u00ebn e K\u00ebr\u00e7ov\u00ebs&nbsp;n\u00eb kuad\u00ebr t\u00eb Projektit p\u00ebr lidhjen e rrug\u00ebve lokale n\u00eb RMV N\u00eb kuad\u00ebr t\u00eb &nbsp;\u201cProjektit p\u00ebr lidhjen e rrug\u00ebve lokale n\u00eb RMV\u201d q\u00eb realizohet nga &nbsp;Ministria e Transportit dhe Lidhjeve me p\u00ebrkrahje financiare nga Banka Bot\u00ebrore, nd\u00ebrsa me q\u00ebllim p\u00ebrmir\u00ebsimin e infrastruktur\u00ebs rrugore lokale, Komuna [&hellip;]<\/p>\n","protected":false},"author":3,"featured_media":0,"parent":0,"menu_order":0,"comment_status":"closed","ping_status":"closed","template":"page-templates\/sidebar-right.php","meta":{"_uag_custom_page_level_css":"","_vp_format_video_url":"","_vp_image_focal_point":[],"footnotes":""},"class_list":["post-327","page","type-page","status-publish","hentry"],"translation":{"provider":"WPGlobus","version":"3.0.2","language":"sq","enabled_languages":["mk","sq"],"languages":{"mk":{"title":true,"content":true,"excerpt":false},"sq":{"title":true,"content":true,"excerpt":false}}},"yoast_head":"<!-- This site is optimized with the Yoast SEO plugin v27.4 - https:\/\/yoast.com\/product\/yoast-seo-wordpress\/ -->\n<title>World Bank Njoftim | Komuna e K\u00ebr\u00e7ov\u00ebs<\/title>\n<meta name=\"robots\" content=\"index, follow, max-snippet:-1, max-image-preview:large, max-video-preview:-1\" \/>\n<link rel=\"canonical\" href=\"https:\/\/kicevo.gov.mk\/sq\/svetska-banka\/\" \/>\n<meta property=\"og:locale\" content=\"sq_AL\" \/>\n<meta property=\"og:type\" content=\"article\" \/>\n<meta property=\"og:title\" content=\"World Bank Njoftim | Komuna e K\u00ebr\u00e7ov\u00ebs\" \/>\n<meta property=\"og:url\" content=\"https:\/\/kicevo.gov.mk\/sq\/svetska-banka\/\" \/>\n<meta property=\"og:site_name\" content=\"Komuna e K\u00ebr\u00e7ov\u00ebs\" \/>\n<meta property=\"article:modified_time\" content=\"2025-12-02T11:45:07+00:00\" \/>\n<meta name=\"twitter:card\" content=\"summary_large_image\" \/>\n<meta name=\"twitter:label1\" content=\"Est. reading time\" \/>\n\t<meta name=\"twitter:data1\" content=\"2 minuta\" \/>\n<script type=\"application\/ld+json\" class=\"yoast-schema-graph\">{\"@context\":\"https:\\\/\\\/schema.org\",\"@graph\":[{\"@type\":\"WebPage\",\"@id\":\"https:\\\/\\\/kicevo.gov.mk\\\/sq\\\/svetska-banka\\\/\",\"url\":\"https:\\\/\\\/kicevo.gov.mk\\\/sq\\\/svetska-banka\\\/\",\"name\":\"World Bank Njoftim | Komuna e K\u00ebr\u00e7ov\u00ebs\",\"isPartOf\":{\"@id\":\"https:\\\/\\\/kicevo.gov.mk\\\/#website\"},\"datePublished\":\"2022-09-02T07:06:47+00:00\",\"dateModified\":\"2025-12-02T11:45:07+00:00\",\"breadcrumb\":{\"@id\":\"https:\\\/\\\/kicevo.gov.mk\\\/sq\\\/svetska-banka\\\/#breadcrumb\"},\"inLanguage\":\"sq\",\"potentialAction\":[{\"@type\":\"ReadAction\",\"target\":[\"https:\\\/\\\/kicevo.gov.mk\\\/sq\\\/svetska-banka\\\/\"]}]},{\"@type\":\"BreadcrumbList\",\"@id\":\"https:\\\/\\\/kicevo.gov.mk\\\/sq\\\/svetska-banka\\\/#breadcrumb\",\"itemListElement\":[{\"@type\":\"ListItem\",\"position\":1,\"name\":\"\u041f\u043e\u0447\u0435\u0442\u043d\u0430\",\"item\":\"https:\\\/\\\/kicevo.gov.mk\\\/\"},{\"@type\":\"ListItem\",\"position\":2,\"name\":\"World Bank Njoftim\"}]},{\"@type\":\"WebSite\",\"@id\":\"https:\\\/\\\/kicevo.gov.mk\\\/#website\",\"url\":\"https:\\\/\\\/kicevo.gov.mk\\\/\",\"name\":\"\u041e\u043f\u0448\u0442\u0438\u043d\u0430 \u041a\u0438\u0447\u0435\u0432\u043e\",\"description\":\"Mir\u00eb se erdh\u00ebt n\u00eb ueb faqen zyrtare t\u00eb Komun\u00ebs s\u00eb K\u00ebr\u00e7ov\u00ebs\",\"publisher\":{\"@id\":\"https:\\\/\\\/kicevo.gov.mk\\\/#organization\"},\"potentialAction\":[{\"@type\":\"SearchAction\",\"target\":{\"@type\":\"EntryPoint\",\"urlTemplate\":\"https:\\\/\\\/kicevo.gov.mk\\\/?s={search_term_string}\"},\"query-input\":{\"@type\":\"PropertyValueSpecification\",\"valueRequired\":true,\"valueName\":\"search_term_string\"}}],\"inLanguage\":\"sq\"},{\"@type\":\"Organization\",\"@id\":\"https:\\\/\\\/kicevo.gov.mk\\\/#organization\",\"name\":\"Opstina Kicevo\",\"url\":\"https:\\\/\\\/kicevo.gov.mk\\\/\",\"logo\":{\"@type\":\"ImageObject\",\"inLanguage\":\"sq\",\"@id\":\"https:\\\/\\\/kicevo.gov.mk\\\/#\\\/schema\\\/logo\\\/image\\\/\",\"url\":\"https:\\\/\\\/kicevo.gov.mk\\\/wp-content\\\/uploads\\\/2025\\\/11\\\/logo-alb.png\",\"contentUrl\":\"https:\\\/\\\/kicevo.gov.mk\\\/wp-content\\\/uploads\\\/2025\\\/11\\\/logo-alb.png\",\"width\":1200,\"height\":1592,\"caption\":\"Opstina Kicevo\"},\"image\":{\"@id\":\"https:\\\/\\\/kicevo.gov.mk\\\/#\\\/schema\\\/logo\\\/image\\\/\"}}]}<\/script>\n<!-- \/ Yoast SEO plugin. -->","yoast_head_json":{"title":"World Bank Njoftim | Komuna e K\u00ebr\u00e7ov\u00ebs","robots":{"index":"index","follow":"follow","max-snippet":"max-snippet:-1","max-image-preview":"max-image-preview:large","max-video-preview":"max-video-preview:-1"},"canonical":"https:\/\/kicevo.gov.mk\/sq\/svetska-banka\/","og_locale":"sq_AL","og_type":"article","og_title":"World Bank Njoftim | Komuna e K\u00ebr\u00e7ov\u00ebs","og_url":"https:\/\/kicevo.gov.mk\/sq\/svetska-banka\/","og_site_name":"Komuna e K\u00ebr\u00e7ov\u00ebs","article_modified_time":"2025-12-02T11:45:07+00:00","twitter_card":"summary_large_image","twitter_misc":{"Est. reading time":"2 minuta"},"schema":{"@context":"https:\/\/schema.org","@graph":[{"@type":"WebPage","@id":"https:\/\/kicevo.gov.mk\/sq\/svetska-banka\/","url":"https:\/\/kicevo.gov.mk\/sq\/svetska-banka\/","name":"World Bank Njoftim | Komuna e K\u00ebr\u00e7ov\u00ebs","isPartOf":{"@id":"https:\/\/kicevo.gov.mk\/#website"},"datePublished":"2022-09-02T07:06:47+00:00","dateModified":"2025-12-02T11:45:07+00:00","breadcrumb":{"@id":"https:\/\/kicevo.gov.mk\/sq\/svetska-banka\/#breadcrumb"},"inLanguage":"sq","potentialAction":[{"@type":"ReadAction","target":["https:\/\/kicevo.gov.mk\/sq\/svetska-banka\/"]}]},{"@type":"BreadcrumbList","@id":"https:\/\/kicevo.gov.mk\/sq\/svetska-banka\/#breadcrumb","itemListElement":[{"@type":"ListItem","position":1,"name":"\u041f\u043e\u0447\u0435\u0442\u043d\u0430","item":"https:\/\/kicevo.gov.mk\/"},{"@type":"ListItem","position":2,"name":"World Bank Njoftim"}]},{"@type":"WebSite","@id":"https:\/\/kicevo.gov.mk\/#website","url":"https:\/\/kicevo.gov.mk\/","name":"\u041e\u043f\u0448\u0442\u0438\u043d\u0430 \u041a\u0438\u0447\u0435\u0432\u043e","description":"Mir\u00eb se erdh\u00ebt n\u00eb ueb faqen zyrtare t\u00eb Komun\u00ebs s\u00eb K\u00ebr\u00e7ov\u00ebs","publisher":{"@id":"https:\/\/kicevo.gov.mk\/#organization"},"potentialAction":[{"@type":"SearchAction","target":{"@type":"EntryPoint","urlTemplate":"https:\/\/kicevo.gov.mk\/?s={search_term_string}"},"query-input":{"@type":"PropertyValueSpecification","valueRequired":true,"valueName":"search_term_string"}}],"inLanguage":"sq"},{"@type":"Organization","@id":"https:\/\/kicevo.gov.mk\/#organization","name":"Opstina Kicevo","url":"https:\/\/kicevo.gov.mk\/","logo":{"@type":"ImageObject","inLanguage":"sq","@id":"https:\/\/kicevo.gov.mk\/#\/schema\/logo\/image\/","url":"https:\/\/kicevo.gov.mk\/wp-content\/uploads\/2025\/11\/logo-alb.png","contentUrl":"https:\/\/kicevo.gov.mk\/wp-content\/uploads\/2025\/11\/logo-alb.png","width":1200,"height":1592,"caption":"Opstina Kicevo"},"image":{"@id":"https:\/\/kicevo.gov.mk\/#\/schema\/logo\/image\/"}}]}},"uagb_featured_image_src":{"full":false,"thumbnail":false,"medium":false,"medium_large":false,"large":false,"1536x1536":false,"2048x2048":false,"vp_sm":false,"vp_md":false,"vp_lg":false,"vp_xl":false,"vp_sm_popup":false,"vp_md_popup":false,"vp_xl_popup":false},"uagb_author_info":{"display_name":"Marina","author_link":"https:\/\/kicevo.gov.mk\/sq\/author\/adminmsb\/"},"uagb_comment_info":0,"uagb_excerpt":"NJOFTIMP\u00ebr qasje t\u00eb dokumentit Lista kontrolluese&nbsp;e&nbsp;Planit&nbsp;p\u00ebr&nbsp;menaxhim&nbsp;me&nbsp;&nbsp;mjedisin jet\u00ebsor&nbsp;dhe&nbsp;aspektet sociale&nbsp;(PMMJAS)&nbsp;Rikonstruimi&nbsp;i&nbsp;rr.&nbsp;\u201cBoris&nbsp;Kidri\u00e7\u201c,&nbsp;\u201cUzhi\u00e7ka Republika\u201c&nbsp;dhe&nbsp;rruga&nbsp;q\u00eb&nbsp;lidh&nbsp;v.b.&nbsp;Greshnic\u00eb&nbsp;\u2013&nbsp;Llapkindoll&nbsp;n\u00eb&nbsp;Komun\u00ebn e K\u00ebr\u00e7ov\u00ebs&nbsp;n\u00eb kuad\u00ebr t\u00eb Projektit p\u00ebr lidhjen e rrug\u00ebve lokale n\u00eb RMV N\u00eb kuad\u00ebr t\u00eb &nbsp;\u201cProjektit p\u00ebr lidhjen e rrug\u00ebve lokale n\u00eb RMV\u201d q\u00eb realizohet nga &nbsp;Ministria e Transportit dhe Lidhjeve me p\u00ebrkrahje financiare nga Banka Bot\u00ebrore, nd\u00ebrsa me q\u00ebllim p\u00ebrmir\u00ebsimin e infrastruktur\u00ebs rrugore lokale, Komuna&hellip;","_links":{"self":[{"href":"https:\/\/kicevo.gov.mk\/sq\/wp-json\/wp\/v2\/pages\/327","targetHints":{"allow":["GET"]}}],"collection":[{"href":"https:\/\/kicevo.gov.mk\/sq\/wp-json\/wp\/v2\/pages"}],"about":[{"href":"https:\/\/kicevo.gov.mk\/sq\/wp-json\/wp\/v2\/types\/page"}],"author":[{"embeddable":true,"href":"https:\/\/kicevo.gov.mk\/sq\/wp-json\/wp\/v2\/users\/3"}],"replies":[{"embeddable":true,"href":"https:\/\/kicevo.gov.mk\/sq\/wp-json\/wp\/v2\/comments?post=327"}],"version-history":[{"count":33,"href":"https:\/\/kicevo.gov.mk\/sq\/wp-json\/wp\/v2\/pages\/327\/revisions"}],"predecessor-version":[{"id":5722,"href":"https:\/\/kicevo.gov.mk\/sq\/wp-json\/wp\/v2\/pages\/327\/revisions\/5722"}],"wp:attachment":[{"href":"https:\/\/kicevo.gov.mk\/sq\/wp-json\/wp\/v2\/media?parent=327"}],"curies":[{"name":"wp","href":"https:\/\/api.w.org\/{rel}","templated":true}]}}