{"id":2804,"date":"2022-10-07T08:09:58","date_gmt":"2022-10-07T08:09:58","guid":{"rendered":"http:\/\/localhost\/opstina\/?page_id=2804"},"modified":"2025-12-02T11:46:02","modified_gmt":"2025-12-02T11:46:02","slug":"teritorijalna-protivpozharna-edinic-2","status":"publish","type":"page","link":"https:\/\/kicevo.gov.mk\/sq\/teritorijalna-protivpozharna-edinic-2\/","title":{"rendered":"Nj\u00ebsia Territoriale e zjarrfik\u00ebsve"},"content":{"rendered":"\n<p>Nj\u00ebsia Territoriale e zjarrfik\u00ebsve merret me realizimin e p\u00ebrgjegj\u00ebsive q\u00eb kan\u00eb t\u00eb b\u00ebjn\u00eb me:<\/p>\n\n\n\n<ul class=\"wp-block-list\">\n<li>Shuarja e zjarreve n\u00eb territorin e Komun\u00ebs, pra n\u00eb territorin q\u00eb ajo mbulon<\/li>\n\n\n\n<li>Largimi i rrezikut t\u00eb menj\u00ebhersh\u00ebm p\u00ebr ndezjen e zjarrit<\/li>\n\n\n\n<li>Shp\u00ebtimi i jet\u00ebs s\u00eb qytetar\u00ebve dhe mbrojtja e pronave t\u00eb rrezikuara nga zjarret dhe shp\u00ebrthimet<\/li>\n\n\n\n<li>Dh\u00ebnia e asistenc\u00ebs teknike n\u00eb situata t\u00eb rrezikshme<\/li>\n\n\n\n<li>Kryerja e pun\u00ebve t\u00eb tjera n\u00eb rast aksidentesh dhe incidentesh<\/li>\n\n\n\n<li>Kryen sh\u00ebrbime jofitimprur\u00ebse p\u00ebr p\u00ebrmir\u00ebsimin e pajisjeve teknike dhe kushteve t\u00eb pun\u00ebs, t\u00eb cilat nuk pengojn\u00eb ose pamund\u00ebsojn\u00eb kryerjen e funksionit nga alinejat&nbsp; e m\u00ebparshme t\u00eb k\u00ebtij paragrafi .<\/li>\n\n\n\n<li>S\u00eb bashku me nj\u00ebsit\u00eb territoriale t\u00eb zjarrfik\u00ebsve t\u00eb komunave n\u00eb RMV t\u00eb p\u00ebrcaktuara me ligj, veprojn\u00eb si nj\u00ebsi zjarrfik\u00ebse t\u00eb RMV me q\u00ebllim t\u00eb veprimit operativ gjat\u00eb shuarjes s\u00eb zjarreve t\u00eb m\u00ebdha n\u00eb t\u00eb gjith\u00eb territorin e RMV.<\/li>\n\n\n\n<li>Ofrimi i ndihm\u00ebs kur k\u00ebrkohet p\u00ebr t\u00eb shuar zjarret n\u00eb shtetet tjera<\/li>\n\n\n\n<li>Mbajtja e sh\u00ebnimeve t\u00eb ve\u00e7anta p\u00ebr zjarret, shp\u00ebrthimet, intervenimet p\u00ebr shuarjen &nbsp;dhe intervenimet p\u00ebr ngjarje t\u00eb tjera sipas nj\u00eb metodologjie unike dhe raportimi n\u00eb Drejtorin\u00eb p\u00ebr mbrojtje dhe shp\u00ebtim dhe Komun\u00ebn e K\u00ebr\u00e7ov\u00ebs.<\/li>\n\n\n\n<li>Testimi dhe kontrolli periodik i korrekt\u00ebsis\u00eb s\u00eb pajisjeve zjarrfik\u00ebse n\u00eb dispozicion t\u00eb Nj\u00ebsis\u00eb Territoriale t\u00eb Zjarrfikjes<\/li>\n\n\n\n<li>Riparimi dhe mir\u00ebmbajtja mekanike e vazhdueshme<\/li>\n\n\n\n<li>Mbrojtja e objekteve nga zjarri, delegacionet, tubimet publike, sportet dhe ngjarje t\u00eb tjera, n\u00eb kordinim me Ministrin\u00eb e Pun\u00ebve t\u00eb Brendshme.<\/li>\n\n\n\n<li>Bashk\u00ebpunon me komunat zonat e t\u00eb cilave mbulon, duke edukuar qytetar\u00ebt p\u00ebr mbrojtjen nga zjarri, n\u00ebp\u00ebrmjet organizimit dhe leksioneve, p\u00ebrmes mediave dhe organizimit t\u00eb aktiviteteve t\u00eb tjera.<\/li>\n\n\n\n<li>\u00c7\u00ebshtje t\u00eb tjera q\u00eb do t&#8217;i besohen autoritetit sipas ligjeve dhe rregulloreve t\u00eb tjera<\/li>\n<\/ul>\n","protected":false},"excerpt":{"rendered":"<p>Nj\u00ebsia Territoriale e zjarrfik\u00ebsve merret me realizimin e p\u00ebrgjegj\u00ebsive q\u00eb kan\u00eb t\u00eb b\u00ebjn\u00eb me:<\/p>\n","protected":false},"author":3,"featured_media":0,"parent":0,"menu_order":0,"comment_status":"closed","ping_status":"closed","template":"page-templates\/sidebar-right.php","meta":{"_uag_custom_page_level_css":"","_vp_format_video_url":"","_vp_image_focal_point":[],"footnotes":""},"class_list":["post-2804","page","type-page","status-publish","hentry"],"translation":{"provider":"WPGlobus","version":"3.0.2","language":"sq","enabled_languages":["mk","sq"],"languages":{"mk":{"title":true,"content":true,"excerpt":false},"sq":{"title":true,"content":true,"excerpt":false}}},"yoast_head":"<!-- This site is optimized with the Yoast SEO plugin v27.4 - https:\/\/yoast.com\/product\/yoast-seo-wordpress\/ -->\n<title>Nj\u00ebsia Territoriale e zjarrfik\u00ebsve | Komuna e K\u00ebr\u00e7ov\u00ebs<\/title>\n<meta name=\"robots\" content=\"index, follow, max-snippet:-1, max-image-preview:large, max-video-preview:-1\" \/>\n<link rel=\"canonical\" href=\"https:\/\/kicevo.gov.mk\/teritorijalna-protivpozharna-edinic-2\/\" \/>\n<meta property=\"og:locale\" content=\"sq_AL\" \/>\n<meta property=\"og:type\" content=\"article\" \/>\n<meta property=\"og:title\" content=\"Nj\u00ebsia Territoriale e zjarrfik\u00ebsve | Komuna e K\u00ebr\u00e7ov\u00ebs\" \/>\n<meta property=\"og:url\" content=\"https:\/\/kicevo.gov.mk\/teritorijalna-protivpozharna-edinic-2\/\" \/>\n<meta property=\"og:site_name\" content=\"Komuna e K\u00ebr\u00e7ov\u00ebs\" \/>\n<meta property=\"article:modified_time\" content=\"2025-12-02T11:46:02+00:00\" \/>\n<meta name=\"twitter:card\" content=\"summary_large_image\" \/>\n<meta name=\"twitter:label1\" content=\"Est. reading time\" \/>\n\t<meta name=\"twitter:data1\" content=\"2 minuta\" \/>\n<script type=\"application\/ld+json\" class=\"yoast-schema-graph\">{\"@context\":\"https:\\\/\\\/schema.org\",\"@graph\":[{\"@type\":\"WebPage\",\"@id\":\"https:\\\/\\\/kicevo.gov.mk\\\/teritorijalna-protivpozharna-edinic-2\\\/\",\"url\":\"https:\\\/\\\/kicevo.gov.mk\\\/teritorijalna-protivpozharna-edinic-2\\\/\",\"name\":\"Nj\u00ebsia Territoriale e zjarrfik\u00ebsve | Komuna e K\u00ebr\u00e7ov\u00ebs\",\"isPartOf\":{\"@id\":\"https:\\\/\\\/kicevo.gov.mk\\\/#website\"},\"datePublished\":\"2022-10-07T08:09:58+00:00\",\"dateModified\":\"2025-12-02T11:46:02+00:00\",\"breadcrumb\":{\"@id\":\"https:\\\/\\\/kicevo.gov.mk\\\/teritorijalna-protivpozharna-edinic-2\\\/#breadcrumb\"},\"inLanguage\":\"sq\",\"potentialAction\":[{\"@type\":\"ReadAction\",\"target\":[\"https:\\\/\\\/kicevo.gov.mk\\\/teritorijalna-protivpozharna-edinic-2\\\/\"]}]},{\"@type\":\"BreadcrumbList\",\"@id\":\"https:\\\/\\\/kicevo.gov.mk\\\/teritorijalna-protivpozharna-edinic-2\\\/#breadcrumb\",\"itemListElement\":[{\"@type\":\"ListItem\",\"position\":1,\"name\":\"\u041f\u043e\u0447\u0435\u0442\u043d\u0430\",\"item\":\"https:\\\/\\\/kicevo.gov.mk\\\/\"},{\"@type\":\"ListItem\",\"position\":2,\"name\":\"\u0422\u0435\u0440\u0438\u0442\u043e\u0440\u0438\u0458\u0430\u043b\u043d\u0430 \u043f\u0440\u043e\u0442\u0438\u0432\u043f\u043e\u0436\u0430\u0440\u043d\u0430 \u0435\u0434\u0438\u043d\u0438\u0446\u0430\"}]},{\"@type\":\"WebSite\",\"@id\":\"https:\\\/\\\/kicevo.gov.mk\\\/#website\",\"url\":\"https:\\\/\\\/kicevo.gov.mk\\\/\",\"name\":\"\u041e\u043f\u0448\u0442\u0438\u043d\u0430 \u041a\u0438\u0447\u0435\u0432\u043e\",\"description\":\"Mir\u00eb se erdh\u00ebt n\u00eb ueb faqen zyrtare t\u00eb Komun\u00ebs s\u00eb K\u00ebr\u00e7ov\u00ebs\",\"publisher\":{\"@id\":\"https:\\\/\\\/kicevo.gov.mk\\\/#organization\"},\"potentialAction\":[{\"@type\":\"SearchAction\",\"target\":{\"@type\":\"EntryPoint\",\"urlTemplate\":\"https:\\\/\\\/kicevo.gov.mk\\\/?s={search_term_string}\"},\"query-input\":{\"@type\":\"PropertyValueSpecification\",\"valueRequired\":true,\"valueName\":\"search_term_string\"}}],\"inLanguage\":\"sq\"},{\"@type\":\"Organization\",\"@id\":\"https:\\\/\\\/kicevo.gov.mk\\\/#organization\",\"name\":\"Opstina Kicevo\",\"url\":\"https:\\\/\\\/kicevo.gov.mk\\\/\",\"logo\":{\"@type\":\"ImageObject\",\"inLanguage\":\"sq\",\"@id\":\"https:\\\/\\\/kicevo.gov.mk\\\/#\\\/schema\\\/logo\\\/image\\\/\",\"url\":\"https:\\\/\\\/kicevo.gov.mk\\\/wp-content\\\/uploads\\\/2025\\\/11\\\/logo-alb.png\",\"contentUrl\":\"https:\\\/\\\/kicevo.gov.mk\\\/wp-content\\\/uploads\\\/2025\\\/11\\\/logo-alb.png\",\"width\":1200,\"height\":1592,\"caption\":\"Opstina Kicevo\"},\"image\":{\"@id\":\"https:\\\/\\\/kicevo.gov.mk\\\/#\\\/schema\\\/logo\\\/image\\\/\"}}]}<\/script>\n<!-- \/ Yoast SEO plugin. -->","yoast_head_json":{"title":"Nj\u00ebsia Territoriale e zjarrfik\u00ebsve | Komuna e K\u00ebr\u00e7ov\u00ebs","robots":{"index":"index","follow":"follow","max-snippet":"max-snippet:-1","max-image-preview":"max-image-preview:large","max-video-preview":"max-video-preview:-1"},"canonical":"https:\/\/kicevo.gov.mk\/teritorijalna-protivpozharna-edinic-2\/","og_locale":"sq_AL","og_type":"article","og_title":"Nj\u00ebsia Territoriale e zjarrfik\u00ebsve | Komuna e K\u00ebr\u00e7ov\u00ebs","og_url":"https:\/\/kicevo.gov.mk\/teritorijalna-protivpozharna-edinic-2\/","og_site_name":"Komuna e K\u00ebr\u00e7ov\u00ebs","article_modified_time":"2025-12-02T11:46:02+00:00","twitter_card":"summary_large_image","twitter_misc":{"Est. reading time":"2 minuta"},"schema":{"@context":"https:\/\/schema.org","@graph":[{"@type":"WebPage","@id":"https:\/\/kicevo.gov.mk\/teritorijalna-protivpozharna-edinic-2\/","url":"https:\/\/kicevo.gov.mk\/teritorijalna-protivpozharna-edinic-2\/","name":"Nj\u00ebsia Territoriale e zjarrfik\u00ebsve | Komuna e K\u00ebr\u00e7ov\u00ebs","isPartOf":{"@id":"https:\/\/kicevo.gov.mk\/#website"},"datePublished":"2022-10-07T08:09:58+00:00","dateModified":"2025-12-02T11:46:02+00:00","breadcrumb":{"@id":"https:\/\/kicevo.gov.mk\/teritorijalna-protivpozharna-edinic-2\/#breadcrumb"},"inLanguage":"sq","potentialAction":[{"@type":"ReadAction","target":["https:\/\/kicevo.gov.mk\/teritorijalna-protivpozharna-edinic-2\/"]}]},{"@type":"BreadcrumbList","@id":"https:\/\/kicevo.gov.mk\/teritorijalna-protivpozharna-edinic-2\/#breadcrumb","itemListElement":[{"@type":"ListItem","position":1,"name":"\u041f\u043e\u0447\u0435\u0442\u043d\u0430","item":"https:\/\/kicevo.gov.mk\/"},{"@type":"ListItem","position":2,"name":"\u0422\u0435\u0440\u0438\u0442\u043e\u0440\u0438\u0458\u0430\u043b\u043d\u0430 \u043f\u0440\u043e\u0442\u0438\u0432\u043f\u043e\u0436\u0430\u0440\u043d\u0430 \u0435\u0434\u0438\u043d\u0438\u0446\u0430"}]},{"@type":"WebSite","@id":"https:\/\/kicevo.gov.mk\/#website","url":"https:\/\/kicevo.gov.mk\/","name":"\u041e\u043f\u0448\u0442\u0438\u043d\u0430 \u041a\u0438\u0447\u0435\u0432\u043e","description":"Mir\u00eb se erdh\u00ebt n\u00eb ueb faqen zyrtare t\u00eb Komun\u00ebs s\u00eb K\u00ebr\u00e7ov\u00ebs","publisher":{"@id":"https:\/\/kicevo.gov.mk\/#organization"},"potentialAction":[{"@type":"SearchAction","target":{"@type":"EntryPoint","urlTemplate":"https:\/\/kicevo.gov.mk\/?s={search_term_string}"},"query-input":{"@type":"PropertyValueSpecification","valueRequired":true,"valueName":"search_term_string"}}],"inLanguage":"sq"},{"@type":"Organization","@id":"https:\/\/kicevo.gov.mk\/#organization","name":"Opstina Kicevo","url":"https:\/\/kicevo.gov.mk\/","logo":{"@type":"ImageObject","inLanguage":"sq","@id":"https:\/\/kicevo.gov.mk\/#\/schema\/logo\/image\/","url":"https:\/\/kicevo.gov.mk\/wp-content\/uploads\/2025\/11\/logo-alb.png","contentUrl":"https:\/\/kicevo.gov.mk\/wp-content\/uploads\/2025\/11\/logo-alb.png","width":1200,"height":1592,"caption":"Opstina Kicevo"},"image":{"@id":"https:\/\/kicevo.gov.mk\/#\/schema\/logo\/image\/"}}]}},"uagb_featured_image_src":{"full":false,"thumbnail":false,"medium":false,"medium_large":false,"large":false,"1536x1536":false,"2048x2048":false,"vp_sm":false,"vp_md":false,"vp_lg":false,"vp_xl":false,"vp_sm_popup":false,"vp_md_popup":false,"vp_xl_popup":false},"uagb_author_info":{"display_name":"Marina","author_link":"https:\/\/kicevo.gov.mk\/sq\/author\/adminmsb\/"},"uagb_comment_info":0,"uagb_excerpt":"Nj\u00ebsia Territoriale e zjarrfik\u00ebsve merret me realizimin e p\u00ebrgjegj\u00ebsive q\u00eb kan\u00eb t\u00eb b\u00ebjn\u00eb me:","_links":{"self":[{"href":"https:\/\/kicevo.gov.mk\/sq\/wp-json\/wp\/v2\/pages\/2804","targetHints":{"allow":["GET"]}}],"collection":[{"href":"https:\/\/kicevo.gov.mk\/sq\/wp-json\/wp\/v2\/pages"}],"about":[{"href":"https:\/\/kicevo.gov.mk\/sq\/wp-json\/wp\/v2\/types\/page"}],"author":[{"embeddable":true,"href":"https:\/\/kicevo.gov.mk\/sq\/wp-json\/wp\/v2\/users\/3"}],"replies":[{"embeddable":true,"href":"https:\/\/kicevo.gov.mk\/sq\/wp-json\/wp\/v2\/comments?post=2804"}],"version-history":[{"count":5,"href":"https:\/\/kicevo.gov.mk\/sq\/wp-json\/wp\/v2\/pages\/2804\/revisions"}],"predecessor-version":[{"id":6874,"href":"https:\/\/kicevo.gov.mk\/sq\/wp-json\/wp\/v2\/pages\/2804\/revisions\/6874"}],"wp:attachment":[{"href":"https:\/\/kicevo.gov.mk\/sq\/wp-json\/wp\/v2\/media?parent=2804"}],"curies":[{"name":"wp","href":"https:\/\/api.w.org\/{rel}","templated":true}]}}