{"id":19555,"date":"2026-05-05T12:57:25","date_gmt":"2026-05-05T12:57:25","guid":{"rendered":"https:\/\/kicevo.gov.mk\/?page_id=19555"},"modified":"2026-05-05T13:09:35","modified_gmt":"2026-05-05T13:09:35","slug":"participativno-telo-od-oblasta-na-urbanizmot","status":"publish","type":"page","link":"https:\/\/kicevo.gov.mk\/sq\/participativno-telo-od-oblasta-na-urbanizmot\/","title":{"rendered":"Trupi participativ nga fusha e urbanizmit"},"content":{"rendered":"\n<div class=\"wp-block-file\"><a id=\"wp-block-file--media-13958aa4-bfe2-459c-bf63-791f5c0cfd51\" href=\"https:\/\/kicevo.gov.mk\/wp-content\/uploads\/2026\/05\/reshenie-praticipativno-telo-urbanizam.pdf\" target=\"_blank\" rel=\"noreferrer noopener\">Aktvendim p\u00ebr zgjedhje t\u00eb an\u00ebtar\u00ebve t\u00eb trupit Participativ nga fusha e urbanizmit<\/a><a href=\"https:\/\/kicevo.gov.mk\/wp-content\/uploads\/2026\/05\/reshenie-praticipativno-telo-urbanizam.pdf\" class=\"wp-block-file__button wp-element-button\" download aria-describedby=\"wp-block-file--media-13958aa4-bfe2-459c-bf63-791f5c0cfd51\">Shkarko<\/a><\/div>\n\n\n\n<p><\/p>\n\n\n\n<p>Trupi participativ nga fusha e urbanizmit t\u00eb Komun\u00ebs s\u00eb K\u00ebr\u00e7ov\u00ebs \u00ebsht\u00eb formuar p\u00ebr sigurimin e inkluzivitetit, participimit dhe publikut n\u00eb procesin e planifikimit urbanistik.<\/p>\n\n\n\n<p>Trupi participativ nga fusha e urbanizmit t\u00eb Komun\u00ebs s\u00eb K\u00ebr\u00e7ov\u00ebs i p\u00ebrfaq\u00ebson t\u00eb gjitha interesat e ndryshme dhe grupet e interesit n\u00eb bashk\u00ebsin\u00eb lokale dhe i p\u00ebrcjell q\u00ebndrimet, mendimet dhe nevojat e qytetar\u00ebve dhe personave juridik, i ndjek gjendjet n\u00eb planifikim p\u00ebrmes dh\u00ebnies s\u00eb iniciativave, udh\u00ebzimeve dhe sugjerimeve p\u00ebr p\u00ebrgatitjen e zgjidhjeve planore dhe n\u00eb procedur\u00ebn e hartimit dhe miratimit t\u00eb planeve, i shqyrton programet planore dhe zgjidhjet planore t\u00eb planeve urbanistike n\u00eb versionin e tyre t\u00eb pun\u00ebs.<\/p>\n\n\n\n<p>Trupi participativ nga fusha e urbanizmit t\u00eb Komun\u00ebs s\u00eb K\u00ebr\u00e7ov\u00ebs ka rol konsultativ, nd\u00ebrsa pjes\u00ebmarrja e personave an\u00ebtar\u00eb n\u00eb trupin participativ \u00ebsht\u00eb n\u00eb baz\u00eb vullnetare.<\/p>\n\n\n\n<p>P\u00ebr an\u00ebtar\u00eb t\u00eb trupit Participativ nga fusha e urbanizmit t\u00eb Komun\u00ebs s\u00eb K\u00ebr\u00e7ov\u00ebs zgjidhe:<\/p>\n\n\n\n<p>&#8211; an\u00ebtar\u00ebt e Komisiont p\u00ebr urbaniz\u00ebm t\u00eb Komun\u00ebs s\u00eb K\u00ebr\u00e7ov\u00ebs, t\u00eb em\u00ebruar me Aktvendim nr. 10-3739\/1 nga dt.22.12.2025 nga ana e Kryetarit t\u00eb Komun\u00ebs s\u00eb K\u00ebr\u00e7ov\u00ebs. Secili ndryshim i p\u00ebrb\u00ebrjes s\u00eb Komisionit p\u00ebr urbaniz\u00ebm pasqyrohet edhe n\u00eb p\u00ebrb\u00ebrjen e trupit Participativ.<\/p>\n\n\n\n<p>-p\u00ebrfaq\u00ebsues nga \u00e7do Bashk\u00ebsi urbane dhe \u00e7do Bashk\u00ebsi Lokale n\u00eb Komun\u00ebs e K\u00ebr\u00e7ov\u00ebs territori i s\u00eb cil\u00ebs \u00ebsht\u00eb pjes\u00eb e p\u00ebrfshirjes projektuese\/planore t\u00eb planit urbanistik q\u00eb \u00ebsht\u00eb l\u00ebnd\u00eb shqyrtimi.<\/p>\n\n\n\n<p>-s\u00eb paku nj\u00eb person profesional i pun\u00ebsuar n\u00eb personin juridik q\u00eb e harton planin urbanistik q\u00eb \u00ebsht\u00eb l\u00ebnd\u00eb shqyrtimi.<\/p>\n\n\n\n<p>&#8211; persona t\u00eb paraqitur vullnetarisht:<\/p>\n\n\n\n<ol class=\"wp-block-list\">\n<li>Igor Di\u00e7oski \u2013 qytetar i interesuar<\/li>\n\n\n\n<li>Jovan Sofronievski \u2013 qytetar i interesuar<\/li>\n\n\n\n<li>Goce Treneski \u2013 qytetar i interesuar<\/li>\n\n\n\n<li>Igor Lazarovski \u2013 qytetar i interesuar<\/li>\n\n\n\n<li>Daniel Gjur\u00e7inoski \u2013 qytetar i interesuar<\/li>\n\n\n\n<li>Stevo Stefanoski \u2013 person professional i fush\u00ebs s\u00eb urbanizmit<\/li>\n\n\n\n<li>Alija Zulbearoski \u2013 p\u00ebrfaq\u00ebsues i Od\u00ebs ekonomike rajonale<\/li>\n<\/ol>\n\n\n\n<p>Puna e personave t\u00eb p\u00ebrzgjedur n\u00eb trupin Participativ nga fusha e urbanizmit t\u00eb Komun\u00ebs s\u00eb K\u00ebr\u00e7ov\u00ebs rregullohet me Rregulloren p\u00ebr pun\u00eb nr.08-1165\/28 nga dt.12.03.2026.<\/p>\n\n\n\n<p>Mandati i an\u00ebtar\u00ebve t\u00eb zgjedhur t\u00eb trupit Participativ nga fusha e urbanizmit t\u00eb Komun\u00ebs s\u00eb K\u00ebr\u00e7ov\u00ebs \u00ebsht\u00eb 4 vjet. Pjes\u00ebmarrja e personave t\u00eb pun\u00ebsuar n\u00eb Komun\u00ebn e K\u00ebr\u00e7ov\u00ebs n\u00eb trupin Participativ \u00ebsht\u00eb sipas detyr\u00ebs zyrtare, nd\u00ebrsa p\u00ebr personat t\u00eb cil\u00ebt nuk jan\u00eb t\u00eb pun\u00ebsuar n\u00eb Komun\u00eb, pjes\u00ebmarrja \u00ebsht\u00eb n\u00eb baz\u00eb vullnetar. P\u00ebr pun\u00ebn n\u00eb trupin Participativ nuk parashihet kompensim.<\/p>\n","protected":false},"excerpt":{"rendered":"<p>Trupi participativ nga fusha e urbanizmit t\u00eb Komun\u00ebs s\u00eb K\u00ebr\u00e7ov\u00ebs \u00ebsht\u00eb formuar p\u00ebr sigurimin e inkluzivitetit, participimit dhe publikut n\u00eb procesin e planifikimit urbanistik. Trupi participativ nga fusha e urbanizmit t\u00eb Komun\u00ebs s\u00eb K\u00ebr\u00e7ov\u00ebs i p\u00ebrfaq\u00ebson t\u00eb gjitha interesat e ndryshme dhe grupet e interesit n\u00eb bashk\u00ebsin\u00eb lokale dhe i p\u00ebrcjell q\u00ebndrimet, mendimet dhe nevojat [&hellip;]<\/p>\n","protected":false},"author":3,"featured_media":0,"parent":0,"menu_order":0,"comment_status":"closed","ping_status":"closed","template":"page-templates\/sidebar-right.php","meta":{"_uag_custom_page_level_css":"","_vp_format_video_url":"","_vp_image_focal_point":[],"footnotes":""},"class_list":["post-19555","page","type-page","status-publish","hentry"],"translation":{"provider":"WPGlobus","version":"3.0.2","language":"sq","enabled_languages":["mk","sq"],"languages":{"mk":{"title":true,"content":true,"excerpt":false},"sq":{"title":true,"content":true,"excerpt":false}}},"yoast_head":"<!-- This site is optimized with the Yoast SEO plugin v27.5 - https:\/\/yoast.com\/product\/yoast-seo-wordpress\/ -->\n<title>Trupi participativ nga fusha e urbanizmit | Komuna e K\u00ebr\u00e7ov\u00ebs<\/title>\n<meta name=\"robots\" content=\"index, follow, max-snippet:-1, max-image-preview:large, max-video-preview:-1\" \/>\n<link rel=\"canonical\" href=\"https:\/\/kicevo.gov.mk\/participativno-telo-od-oblasta-na-urbanizmot\/\" \/>\n<meta property=\"og:locale\" content=\"sq_AL\" \/>\n<meta property=\"og:type\" content=\"article\" \/>\n<meta property=\"og:title\" content=\"Trupi participativ nga fusha e urbanizmit | Komuna e K\u00ebr\u00e7ov\u00ebs\" \/>\n<meta property=\"og:url\" content=\"https:\/\/kicevo.gov.mk\/participativno-telo-od-oblasta-na-urbanizmot\/\" \/>\n<meta property=\"og:site_name\" content=\"Komuna e K\u00ebr\u00e7ov\u00ebs\" \/>\n<meta property=\"article:modified_time\" content=\"2026-05-05T13:09:35+00:00\" \/>\n<meta name=\"twitter:card\" content=\"summary_large_image\" \/>\n<meta name=\"twitter:label1\" content=\"Est. reading time\" \/>\n\t<meta name=\"twitter:data1\" content=\"2 minuta\" \/>\n<script type=\"application\/ld+json\" class=\"yoast-schema-graph\">{\"@context\":\"https:\\\/\\\/schema.org\",\"@graph\":[{\"@type\":\"WebPage\",\"@id\":\"https:\\\/\\\/kicevo.gov.mk\\\/participativno-telo-od-oblasta-na-urbanizmot\\\/\",\"url\":\"https:\\\/\\\/kicevo.gov.mk\\\/participativno-telo-od-oblasta-na-urbanizmot\\\/\",\"name\":\"Trupi participativ nga fusha e urbanizmit | Komuna e K\u00ebr\u00e7ov\u00ebs\",\"isPartOf\":{\"@id\":\"https:\\\/\\\/kicevo.gov.mk\\\/#website\"},\"datePublished\":\"2026-05-05T12:57:25+00:00\",\"dateModified\":\"2026-05-05T13:09:35+00:00\",\"breadcrumb\":{\"@id\":\"https:\\\/\\\/kicevo.gov.mk\\\/participativno-telo-od-oblasta-na-urbanizmot\\\/#breadcrumb\"},\"inLanguage\":\"sq\",\"potentialAction\":[{\"@type\":\"ReadAction\",\"target\":[\"https:\\\/\\\/kicevo.gov.mk\\\/participativno-telo-od-oblasta-na-urbanizmot\\\/\"]}]},{\"@type\":\"BreadcrumbList\",\"@id\":\"https:\\\/\\\/kicevo.gov.mk\\\/participativno-telo-od-oblasta-na-urbanizmot\\\/#breadcrumb\",\"itemListElement\":[{\"@type\":\"ListItem\",\"position\":1,\"name\":\"\u041f\u043e\u0447\u0435\u0442\u043d\u0430\",\"item\":\"https:\\\/\\\/kicevo.gov.mk\\\/\"},{\"@type\":\"ListItem\",\"position\":2,\"name\":\"\u041f\u0430\u0440\u0442\u0438\u0446\u0438\u043f\u0430\u0442\u0438\u0432\u043d\u043e \u0442\u0435\u043b\u043e \u043e\u0434 \u043e\u0431\u043b\u0430\u0441\u0442\u0430 \u043d\u0430 \u0443\u0440\u0431\u0430\u043d\u0438\u0437\u043c\u043e\u0442\"}]},{\"@type\":\"WebSite\",\"@id\":\"https:\\\/\\\/kicevo.gov.mk\\\/#website\",\"url\":\"https:\\\/\\\/kicevo.gov.mk\\\/\",\"name\":\"\u041e\u043f\u0448\u0442\u0438\u043d\u0430 \u041a\u0438\u0447\u0435\u0432\u043e\",\"description\":\"Mir\u00eb se erdh\u00ebt n\u00eb ueb faqen zyrtare t\u00eb Komun\u00ebs s\u00eb K\u00ebr\u00e7ov\u00ebs\",\"publisher\":{\"@id\":\"https:\\\/\\\/kicevo.gov.mk\\\/#organization\"},\"potentialAction\":[{\"@type\":\"SearchAction\",\"target\":{\"@type\":\"EntryPoint\",\"urlTemplate\":\"https:\\\/\\\/kicevo.gov.mk\\\/?s={search_term_string}\"},\"query-input\":{\"@type\":\"PropertyValueSpecification\",\"valueRequired\":true,\"valueName\":\"search_term_string\"}}],\"inLanguage\":\"sq\"},{\"@type\":\"Organization\",\"@id\":\"https:\\\/\\\/kicevo.gov.mk\\\/#organization\",\"name\":\"Opstina Kicevo\",\"url\":\"https:\\\/\\\/kicevo.gov.mk\\\/\",\"logo\":{\"@type\":\"ImageObject\",\"inLanguage\":\"sq\",\"@id\":\"https:\\\/\\\/kicevo.gov.mk\\\/#\\\/schema\\\/logo\\\/image\\\/\",\"url\":\"https:\\\/\\\/kicevo.gov.mk\\\/wp-content\\\/uploads\\\/2025\\\/11\\\/logo-alb.png\",\"contentUrl\":\"https:\\\/\\\/kicevo.gov.mk\\\/wp-content\\\/uploads\\\/2025\\\/11\\\/logo-alb.png\",\"width\":1200,\"height\":1592,\"caption\":\"Opstina Kicevo\"},\"image\":{\"@id\":\"https:\\\/\\\/kicevo.gov.mk\\\/#\\\/schema\\\/logo\\\/image\\\/\"}}]}<\/script>\n<!-- \/ Yoast SEO plugin. -->","yoast_head_json":{"title":"Trupi participativ nga fusha e urbanizmit | Komuna e K\u00ebr\u00e7ov\u00ebs","robots":{"index":"index","follow":"follow","max-snippet":"max-snippet:-1","max-image-preview":"max-image-preview:large","max-video-preview":"max-video-preview:-1"},"canonical":"https:\/\/kicevo.gov.mk\/participativno-telo-od-oblasta-na-urbanizmot\/","og_locale":"sq_AL","og_type":"article","og_title":"Trupi participativ nga fusha e urbanizmit | Komuna e K\u00ebr\u00e7ov\u00ebs","og_url":"https:\/\/kicevo.gov.mk\/participativno-telo-od-oblasta-na-urbanizmot\/","og_site_name":"Komuna e K\u00ebr\u00e7ov\u00ebs","article_modified_time":"2026-05-05T13:09:35+00:00","twitter_card":"summary_large_image","twitter_misc":{"Est. reading time":"2 minuta"},"schema":{"@context":"https:\/\/schema.org","@graph":[{"@type":"WebPage","@id":"https:\/\/kicevo.gov.mk\/participativno-telo-od-oblasta-na-urbanizmot\/","url":"https:\/\/kicevo.gov.mk\/participativno-telo-od-oblasta-na-urbanizmot\/","name":"Trupi participativ nga fusha e urbanizmit | Komuna e K\u00ebr\u00e7ov\u00ebs","isPartOf":{"@id":"https:\/\/kicevo.gov.mk\/#website"},"datePublished":"2026-05-05T12:57:25+00:00","dateModified":"2026-05-05T13:09:35+00:00","breadcrumb":{"@id":"https:\/\/kicevo.gov.mk\/participativno-telo-od-oblasta-na-urbanizmot\/#breadcrumb"},"inLanguage":"sq","potentialAction":[{"@type":"ReadAction","target":["https:\/\/kicevo.gov.mk\/participativno-telo-od-oblasta-na-urbanizmot\/"]}]},{"@type":"BreadcrumbList","@id":"https:\/\/kicevo.gov.mk\/participativno-telo-od-oblasta-na-urbanizmot\/#breadcrumb","itemListElement":[{"@type":"ListItem","position":1,"name":"\u041f\u043e\u0447\u0435\u0442\u043d\u0430","item":"https:\/\/kicevo.gov.mk\/"},{"@type":"ListItem","position":2,"name":"\u041f\u0430\u0440\u0442\u0438\u0446\u0438\u043f\u0430\u0442\u0438\u0432\u043d\u043e \u0442\u0435\u043b\u043e \u043e\u0434 \u043e\u0431\u043b\u0430\u0441\u0442\u0430 \u043d\u0430 \u0443\u0440\u0431\u0430\u043d\u0438\u0437\u043c\u043e\u0442"}]},{"@type":"WebSite","@id":"https:\/\/kicevo.gov.mk\/#website","url":"https:\/\/kicevo.gov.mk\/","name":"\u041e\u043f\u0448\u0442\u0438\u043d\u0430 \u041a\u0438\u0447\u0435\u0432\u043e","description":"Mir\u00eb se erdh\u00ebt n\u00eb ueb faqen zyrtare t\u00eb Komun\u00ebs s\u00eb K\u00ebr\u00e7ov\u00ebs","publisher":{"@id":"https:\/\/kicevo.gov.mk\/#organization"},"potentialAction":[{"@type":"SearchAction","target":{"@type":"EntryPoint","urlTemplate":"https:\/\/kicevo.gov.mk\/?s={search_term_string}"},"query-input":{"@type":"PropertyValueSpecification","valueRequired":true,"valueName":"search_term_string"}}],"inLanguage":"sq"},{"@type":"Organization","@id":"https:\/\/kicevo.gov.mk\/#organization","name":"Opstina Kicevo","url":"https:\/\/kicevo.gov.mk\/","logo":{"@type":"ImageObject","inLanguage":"sq","@id":"https:\/\/kicevo.gov.mk\/#\/schema\/logo\/image\/","url":"https:\/\/kicevo.gov.mk\/wp-content\/uploads\/2025\/11\/logo-alb.png","contentUrl":"https:\/\/kicevo.gov.mk\/wp-content\/uploads\/2025\/11\/logo-alb.png","width":1200,"height":1592,"caption":"Opstina Kicevo"},"image":{"@id":"https:\/\/kicevo.gov.mk\/#\/schema\/logo\/image\/"}}]}},"uagb_featured_image_src":{"full":false,"thumbnail":false,"medium":false,"medium_large":false,"large":false,"1536x1536":false,"2048x2048":false,"vp_sm":false,"vp_md":false,"vp_lg":false,"vp_xl":false,"vp_sm_popup":false,"vp_md_popup":false,"vp_xl_popup":false},"uagb_author_info":{"display_name":"Marina","author_link":"https:\/\/kicevo.gov.mk\/sq\/author\/adminmsb\/"},"uagb_comment_info":0,"uagb_excerpt":"Trupi participativ nga fusha e urbanizmit t\u00eb Komun\u00ebs s\u00eb K\u00ebr\u00e7ov\u00ebs \u00ebsht\u00eb formuar p\u00ebr sigurimin e inkluzivitetit, participimit dhe publikut n\u00eb procesin e planifikimit urbanistik. Trupi participativ nga fusha e urbanizmit t\u00eb Komun\u00ebs s\u00eb K\u00ebr\u00e7ov\u00ebs i p\u00ebrfaq\u00ebson t\u00eb gjitha interesat e ndryshme dhe grupet e interesit n\u00eb bashk\u00ebsin\u00eb lokale dhe i p\u00ebrcjell q\u00ebndrimet, mendimet dhe nevojat&hellip;","_links":{"self":[{"href":"https:\/\/kicevo.gov.mk\/sq\/wp-json\/wp\/v2\/pages\/19555","targetHints":{"allow":["GET"]}}],"collection":[{"href":"https:\/\/kicevo.gov.mk\/sq\/wp-json\/wp\/v2\/pages"}],"about":[{"href":"https:\/\/kicevo.gov.mk\/sq\/wp-json\/wp\/v2\/types\/page"}],"author":[{"embeddable":true,"href":"https:\/\/kicevo.gov.mk\/sq\/wp-json\/wp\/v2\/users\/3"}],"replies":[{"embeddable":true,"href":"https:\/\/kicevo.gov.mk\/sq\/wp-json\/wp\/v2\/comments?post=19555"}],"version-history":[{"count":5,"href":"https:\/\/kicevo.gov.mk\/sq\/wp-json\/wp\/v2\/pages\/19555\/revisions"}],"predecessor-version":[{"id":19563,"href":"https:\/\/kicevo.gov.mk\/sq\/wp-json\/wp\/v2\/pages\/19555\/revisions\/19563"}],"wp:attachment":[{"href":"https:\/\/kicevo.gov.mk\/sq\/wp-json\/wp\/v2\/media?parent=19555"}],"curies":[{"name":"wp","href":"https:\/\/api.w.org\/{rel}","templated":true}]}}