{"id":1891,"date":"2022-09-23T10:33:29","date_gmt":"2022-09-23T10:33:29","guid":{"rendered":"http:\/\/localhost\/opstina\/?page_id=1891"},"modified":"2025-12-02T11:43:02","modified_gmt":"2025-12-02T11:43:02","slug":"oddelenie-za-normativno-pravni-adm","status":"publish","type":"page","link":"https:\/\/kicevo.gov.mk\/sq\/oddelenie-za-normativno-pravni-adm\/","title":{"rendered":"Nj\u00ebsia p\u00ebr \u00c7\u00ebshtje normative &#8211; juridike, administrative dhe t\u00eb p\u00ebrgjithshme"},"content":{"rendered":"\n<p>Nj\u00ebsia p\u00ebr \u00c7\u00ebshtje normative &#8211; juridike, administrative dhe t\u00eb p\u00ebrgjithshme merret me realizimin e p\u00ebrgjegj\u00ebsive q\u00eb kan\u00eb t\u00eb b\u00ebjn\u00eb me:<\/p>\n\n\n\n<ul class=\"wp-block-list\">\n<li>Monitorimin e ligjeve dhe rregulloreve tjera n\u00eb fush\u00ebn e vet\u00ebqeverisjes lokale dhe hartimin e mendimeve lidhur me projektligjet dhe aktet n\u00ebnligjore n\u00eb fush\u00ebn e vet\u00ebqeverisjes lokale.<\/li>\n\n\n\n<li>N\u00eb kuad\u00ebr t\u00eb kompetencave t\u00eb saj do t&#8217;i kryej pun\u00ebt n\u00eb kompetenc\u00eb t\u00eb komun\u00ebs n\u00eb zyrat n\u00eb Vraneshtic\u00eb, Drugov\u00eb, Zajas dhe Osllome.<\/li>\n\n\n\n<li>P\u00ebrgatitja e rregulloreve dhe akteve t\u00eb miratuara nga autoritetet komunale<\/li>\n\n\n\n<li>Hartimi i vendimeve dhe akteve tjera t\u00eb p\u00ebrgjithshme q\u00eb nuk jan\u00eb n\u00eb kompetenc\u00eb t\u00eb drejtorive tjera t\u00eb administrat\u00ebs komunale.<\/li>\n\n\n\n<li>Dh\u00ebnia e mendimeve p\u00ebr pajtueshm\u00ebrin\u00eb e akteve komunale me ligjet dhe rregulloret tjera republikane<\/li>\n\n\n\n<li>Dh\u00ebnia e mendimeve lidhur me zbatimin e ligjeve dhe rregulloreve tjera nga komuna<\/li>\n\n\n\n<li>P\u00ebrgatitja e informacioneve, analizave dhe materialeve t\u00eb tjera p\u00ebr gjendjen n\u00eb pun\u00ebt juridike q\u00eb zhvillohen n\u00eb komun\u00eb.<\/li>\n\n\n\n<li>P\u00ebrfaq\u00ebsimi i komun\u00ebs para gjykatave dhe para organeve dhe institucioneve tjera kompetente<\/li>\n\n\n\n<li>Ndjekja e rregulloreve n\u00eb fush\u00ebn e pun\u00ebs n\u00eb zyre dhe arkivore<\/li>\n\n\n\n<li>Mbajtja e librit t\u00eb shenjave arkivore dhe librave t\u00eb sh\u00ebnimeve arkivore<\/li>\n\n\n\n<li>Arkivimi periodik i dokumentacionit komunal sipas afatit ligjor p\u00ebr ruajtjen e tij n\u00eb arkivin e komun\u00ebs.<\/li>\n\n\n\n<li>Pranimi dhe regjistrimi n\u00eb librat afarist t\u00eb dokumenteve t\u00eb komun\u00ebs dhe mbajtja e tyre deri n\u00eb asgj\u00ebsimin e tyre, gjegj\u00ebsisht dor\u00ebzimin e tyre n\u00eb Arkivin Shtet\u00ebror t\u00eb Republik\u00ebs s\u00eb Maqedonis\u00eb s\u00eb Veriut.<\/li>\n\n\n\n<li>Propozimi dhe zbatimi i strategjis\u00eb p\u00ebr futjen e sistemit informativ n\u00eb komun\u00eb<\/li>\n\n\n\n<li>Punon n\u00eb p\u00ebrkthim dhe lektorim dhe ofrimin e p\u00ebrkthimit me goj\u00eb, me shkrim dhe t\u00eb nj\u00ebkohsh\u00ebm p\u00ebr nevojat e kryetarit t\u00eb komun\u00ebs dhe administrat\u00ebs komunale.<\/li>\n\n\n\n<li>Kryerja e pun\u00ebve n\u00eb fush\u00ebn e mbrojtjes civile (n\u00eb fush\u00ebn e mbrojtjes dhe shp\u00ebtimit t\u00eb qytetar\u00ebve dhe t\u00eb mirave materiale nga shkat\u00ebrrimet ushtarake dhe fatkeq\u00ebsit\u00eb natyrore dhe aksidentet e tjera dhe nga pasojat e shkaktuara prej tyre)<\/li>\n\n\n\n<li>Kujdesi p\u00ebr parkun e automjeteve t\u00eb komun\u00ebs<\/li>\n\n\n\n<li>Punime korriere<\/li>\n\n\n\n<li>Ruajtja e higjien\u00ebs n\u00eb objektet afariste t\u00eb komun\u00ebs<\/li>\n\n\n\n<li>Printimi dhe fotokopjimi i materialeve<\/li>\n\n\n\n<li>Riparimet dhe mir\u00ebmbajtja e objekteve afariste t\u00eb komun\u00ebs dhe<\/li>\n\n\n\n<li>Pun\u00eb t\u00eb tjera q\u00eb do t\u00eb p\u00ebrcaktohen n\u00eb kuad\u00ebr t\u00eb kompetencave sipas ligjeve dhe rregulloreve tjera<\/li>\n<\/ul>\n","protected":false},"excerpt":{"rendered":"<p>Nj\u00ebsia p\u00ebr \u00c7\u00ebshtje normative &#8211; juridike, administrative dhe t\u00eb p\u00ebrgjithshme merret me realizimin e p\u00ebrgjegj\u00ebsive q\u00eb kan\u00eb t\u00eb b\u00ebjn\u00eb me:<\/p>\n","protected":false},"author":3,"featured_media":0,"parent":0,"menu_order":0,"comment_status":"closed","ping_status":"closed","template":"page-templates\/sidebar-right.php","meta":{"_uag_custom_page_level_css":"","_vp_format_video_url":"","_vp_image_focal_point":[],"footnotes":""},"class_list":["post-1891","page","type-page","status-publish","hentry"],"translation":{"provider":"WPGlobus","version":"3.0.2","language":"sq","enabled_languages":["mk","sq"],"languages":{"mk":{"title":true,"content":true,"excerpt":false},"sq":{"title":true,"content":true,"excerpt":false}}},"yoast_head":"<!-- This site is optimized with the Yoast SEO plugin v27.4 - https:\/\/yoast.com\/product\/yoast-seo-wordpress\/ -->\n<title>Nj\u00ebsia p\u00ebr \u00c7\u00ebshtje normative - juridike, administrative dhe t\u00eb p\u00ebrgjithshme | Komuna e K\u00ebr\u00e7ov\u00ebs<\/title>\n<meta name=\"robots\" content=\"index, follow, max-snippet:-1, max-image-preview:large, max-video-preview:-1\" \/>\n<link rel=\"canonical\" href=\"https:\/\/kicevo.gov.mk\/oddelenie-za-normativno-pravni-adm\/\" \/>\n<meta property=\"og:locale\" content=\"sq_AL\" \/>\n<meta property=\"og:type\" content=\"article\" \/>\n<meta property=\"og:title\" content=\"Nj\u00ebsia p\u00ebr \u00c7\u00ebshtje normative - juridike, administrative dhe t\u00eb p\u00ebrgjithshme | Komuna e K\u00ebr\u00e7ov\u00ebs\" \/>\n<meta property=\"og:url\" content=\"https:\/\/kicevo.gov.mk\/oddelenie-za-normativno-pravni-adm\/\" \/>\n<meta property=\"og:site_name\" content=\"Komuna e K\u00ebr\u00e7ov\u00ebs\" \/>\n<meta property=\"article:modified_time\" content=\"2025-12-02T11:43:02+00:00\" \/>\n<meta name=\"twitter:card\" content=\"summary_large_image\" \/>\n<meta name=\"twitter:label1\" content=\"Est. reading time\" \/>\n\t<meta name=\"twitter:data1\" content=\"2 minuta\" \/>\n<script type=\"application\/ld+json\" class=\"yoast-schema-graph\">{\"@context\":\"https:\\\/\\\/schema.org\",\"@graph\":[{\"@type\":\"WebPage\",\"@id\":\"https:\\\/\\\/kicevo.gov.mk\\\/oddelenie-za-normativno-pravni-adm\\\/\",\"url\":\"https:\\\/\\\/kicevo.gov.mk\\\/oddelenie-za-normativno-pravni-adm\\\/\",\"name\":\"Nj\u00ebsia p\u00ebr \u00c7\u00ebshtje normative - juridike, administrative dhe t\u00eb p\u00ebrgjithshme | Komuna e K\u00ebr\u00e7ov\u00ebs\",\"isPartOf\":{\"@id\":\"https:\\\/\\\/kicevo.gov.mk\\\/#website\"},\"datePublished\":\"2022-09-23T10:33:29+00:00\",\"dateModified\":\"2025-12-02T11:43:02+00:00\",\"breadcrumb\":{\"@id\":\"https:\\\/\\\/kicevo.gov.mk\\\/oddelenie-za-normativno-pravni-adm\\\/#breadcrumb\"},\"inLanguage\":\"sq\",\"potentialAction\":[{\"@type\":\"ReadAction\",\"target\":[\"https:\\\/\\\/kicevo.gov.mk\\\/oddelenie-za-normativno-pravni-adm\\\/\"]}]},{\"@type\":\"BreadcrumbList\",\"@id\":\"https:\\\/\\\/kicevo.gov.mk\\\/oddelenie-za-normativno-pravni-adm\\\/#breadcrumb\",\"itemListElement\":[{\"@type\":\"ListItem\",\"position\":1,\"name\":\"\u041f\u043e\u0447\u0435\u0442\u043d\u0430\",\"item\":\"https:\\\/\\\/kicevo.gov.mk\\\/\"},{\"@type\":\"ListItem\",\"position\":2,\"name\":\"\u041e\u0434\u0434\u0435\u043b\u0435\u043d\u0438\u0435 \u0437\u0430 \u043d\u043e\u0440\u043c\u0430\u0442\u0438\u0432\u043d\u043e \u2013 \u043f\u0440\u0430\u0432\u043d\u0438, \u0430\u0434\u043c\u0438\u043d\u0438\u0441\u0442\u0440\u0430\u0442\u0438\u0432\u043d\u0438 \u0438 \u043e\u043f\u0448\u0442\u0438 \u0440\u0430\u0431\u043e\u0442\u0438\"}]},{\"@type\":\"WebSite\",\"@id\":\"https:\\\/\\\/kicevo.gov.mk\\\/#website\",\"url\":\"https:\\\/\\\/kicevo.gov.mk\\\/\",\"name\":\"\u041e\u043f\u0448\u0442\u0438\u043d\u0430 \u041a\u0438\u0447\u0435\u0432\u043e\",\"description\":\"Mir\u00eb se erdh\u00ebt n\u00eb ueb faqen zyrtare t\u00eb Komun\u00ebs s\u00eb K\u00ebr\u00e7ov\u00ebs\",\"publisher\":{\"@id\":\"https:\\\/\\\/kicevo.gov.mk\\\/#organization\"},\"potentialAction\":[{\"@type\":\"SearchAction\",\"target\":{\"@type\":\"EntryPoint\",\"urlTemplate\":\"https:\\\/\\\/kicevo.gov.mk\\\/?s={search_term_string}\"},\"query-input\":{\"@type\":\"PropertyValueSpecification\",\"valueRequired\":true,\"valueName\":\"search_term_string\"}}],\"inLanguage\":\"sq\"},{\"@type\":\"Organization\",\"@id\":\"https:\\\/\\\/kicevo.gov.mk\\\/#organization\",\"name\":\"Opstina Kicevo\",\"url\":\"https:\\\/\\\/kicevo.gov.mk\\\/\",\"logo\":{\"@type\":\"ImageObject\",\"inLanguage\":\"sq\",\"@id\":\"https:\\\/\\\/kicevo.gov.mk\\\/#\\\/schema\\\/logo\\\/image\\\/\",\"url\":\"https:\\\/\\\/kicevo.gov.mk\\\/wp-content\\\/uploads\\\/2025\\\/11\\\/logo-alb.png\",\"contentUrl\":\"https:\\\/\\\/kicevo.gov.mk\\\/wp-content\\\/uploads\\\/2025\\\/11\\\/logo-alb.png\",\"width\":1200,\"height\":1592,\"caption\":\"Opstina Kicevo\"},\"image\":{\"@id\":\"https:\\\/\\\/kicevo.gov.mk\\\/#\\\/schema\\\/logo\\\/image\\\/\"}}]}<\/script>\n<!-- \/ Yoast SEO plugin. -->","yoast_head_json":{"title":"Nj\u00ebsia p\u00ebr \u00c7\u00ebshtje normative - juridike, administrative dhe t\u00eb p\u00ebrgjithshme | Komuna e K\u00ebr\u00e7ov\u00ebs","robots":{"index":"index","follow":"follow","max-snippet":"max-snippet:-1","max-image-preview":"max-image-preview:large","max-video-preview":"max-video-preview:-1"},"canonical":"https:\/\/kicevo.gov.mk\/oddelenie-za-normativno-pravni-adm\/","og_locale":"sq_AL","og_type":"article","og_title":"Nj\u00ebsia p\u00ebr \u00c7\u00ebshtje normative - juridike, administrative dhe t\u00eb p\u00ebrgjithshme | Komuna e K\u00ebr\u00e7ov\u00ebs","og_url":"https:\/\/kicevo.gov.mk\/oddelenie-za-normativno-pravni-adm\/","og_site_name":"Komuna e K\u00ebr\u00e7ov\u00ebs","article_modified_time":"2025-12-02T11:43:02+00:00","twitter_card":"summary_large_image","twitter_misc":{"Est. reading time":"2 minuta"},"schema":{"@context":"https:\/\/schema.org","@graph":[{"@type":"WebPage","@id":"https:\/\/kicevo.gov.mk\/oddelenie-za-normativno-pravni-adm\/","url":"https:\/\/kicevo.gov.mk\/oddelenie-za-normativno-pravni-adm\/","name":"Nj\u00ebsia p\u00ebr \u00c7\u00ebshtje normative - juridike, administrative dhe t\u00eb p\u00ebrgjithshme | Komuna e K\u00ebr\u00e7ov\u00ebs","isPartOf":{"@id":"https:\/\/kicevo.gov.mk\/#website"},"datePublished":"2022-09-23T10:33:29+00:00","dateModified":"2025-12-02T11:43:02+00:00","breadcrumb":{"@id":"https:\/\/kicevo.gov.mk\/oddelenie-za-normativno-pravni-adm\/#breadcrumb"},"inLanguage":"sq","potentialAction":[{"@type":"ReadAction","target":["https:\/\/kicevo.gov.mk\/oddelenie-za-normativno-pravni-adm\/"]}]},{"@type":"BreadcrumbList","@id":"https:\/\/kicevo.gov.mk\/oddelenie-za-normativno-pravni-adm\/#breadcrumb","itemListElement":[{"@type":"ListItem","position":1,"name":"\u041f\u043e\u0447\u0435\u0442\u043d\u0430","item":"https:\/\/kicevo.gov.mk\/"},{"@type":"ListItem","position":2,"name":"\u041e\u0434\u0434\u0435\u043b\u0435\u043d\u0438\u0435 \u0437\u0430 \u043d\u043e\u0440\u043c\u0430\u0442\u0438\u0432\u043d\u043e \u2013 \u043f\u0440\u0430\u0432\u043d\u0438, \u0430\u0434\u043c\u0438\u043d\u0438\u0441\u0442\u0440\u0430\u0442\u0438\u0432\u043d\u0438 \u0438 \u043e\u043f\u0448\u0442\u0438 \u0440\u0430\u0431\u043e\u0442\u0438"}]},{"@type":"WebSite","@id":"https:\/\/kicevo.gov.mk\/#website","url":"https:\/\/kicevo.gov.mk\/","name":"\u041e\u043f\u0448\u0442\u0438\u043d\u0430 \u041a\u0438\u0447\u0435\u0432\u043e","description":"Mir\u00eb se erdh\u00ebt n\u00eb ueb faqen zyrtare t\u00eb Komun\u00ebs s\u00eb K\u00ebr\u00e7ov\u00ebs","publisher":{"@id":"https:\/\/kicevo.gov.mk\/#organization"},"potentialAction":[{"@type":"SearchAction","target":{"@type":"EntryPoint","urlTemplate":"https:\/\/kicevo.gov.mk\/?s={search_term_string}"},"query-input":{"@type":"PropertyValueSpecification","valueRequired":true,"valueName":"search_term_string"}}],"inLanguage":"sq"},{"@type":"Organization","@id":"https:\/\/kicevo.gov.mk\/#organization","name":"Opstina Kicevo","url":"https:\/\/kicevo.gov.mk\/","logo":{"@type":"ImageObject","inLanguage":"sq","@id":"https:\/\/kicevo.gov.mk\/#\/schema\/logo\/image\/","url":"https:\/\/kicevo.gov.mk\/wp-content\/uploads\/2025\/11\/logo-alb.png","contentUrl":"https:\/\/kicevo.gov.mk\/wp-content\/uploads\/2025\/11\/logo-alb.png","width":1200,"height":1592,"caption":"Opstina Kicevo"},"image":{"@id":"https:\/\/kicevo.gov.mk\/#\/schema\/logo\/image\/"}}]}},"uagb_featured_image_src":{"full":false,"thumbnail":false,"medium":false,"medium_large":false,"large":false,"1536x1536":false,"2048x2048":false,"vp_sm":false,"vp_md":false,"vp_lg":false,"vp_xl":false,"vp_sm_popup":false,"vp_md_popup":false,"vp_xl_popup":false},"uagb_author_info":{"display_name":"Marina","author_link":"https:\/\/kicevo.gov.mk\/sq\/author\/adminmsb\/"},"uagb_comment_info":0,"uagb_excerpt":"Nj\u00ebsia p\u00ebr \u00c7\u00ebshtje normative &#8211; juridike, administrative dhe t\u00eb p\u00ebrgjithshme merret me realizimin e p\u00ebrgjegj\u00ebsive q\u00eb kan\u00eb t\u00eb b\u00ebjn\u00eb me:","_links":{"self":[{"href":"https:\/\/kicevo.gov.mk\/sq\/wp-json\/wp\/v2\/pages\/1891","targetHints":{"allow":["GET"]}}],"collection":[{"href":"https:\/\/kicevo.gov.mk\/sq\/wp-json\/wp\/v2\/pages"}],"about":[{"href":"https:\/\/kicevo.gov.mk\/sq\/wp-json\/wp\/v2\/types\/page"}],"author":[{"embeddable":true,"href":"https:\/\/kicevo.gov.mk\/sq\/wp-json\/wp\/v2\/users\/3"}],"replies":[{"embeddable":true,"href":"https:\/\/kicevo.gov.mk\/sq\/wp-json\/wp\/v2\/comments?post=1891"}],"version-history":[{"count":4,"href":"https:\/\/kicevo.gov.mk\/sq\/wp-json\/wp\/v2\/pages\/1891\/revisions"}],"predecessor-version":[{"id":6861,"href":"https:\/\/kicevo.gov.mk\/sq\/wp-json\/wp\/v2\/pages\/1891\/revisions\/6861"}],"wp:attachment":[{"href":"https:\/\/kicevo.gov.mk\/sq\/wp-json\/wp\/v2\/media?parent=1891"}],"curies":[{"name":"wp","href":"https:\/\/api.w.org\/{rel}","templated":true}]}}