{"id":1885,"date":"2022-09-23T10:31:07","date_gmt":"2022-09-23T10:31:07","guid":{"rendered":"http:\/\/localhost\/opstina\/?page_id=1885"},"modified":"2025-12-02T11:42:57","modified_gmt":"2025-12-02T11:42:57","slug":"oddelenie-za-kultura-i-sport","status":"publish","type":"page","link":"https:\/\/kicevo.gov.mk\/sq\/oddelenie-za-kultura-i-sport\/","title":{"rendered":"Nj\u00ebsia p\u00ebr Kultur\u00eb dhe Sport"},"content":{"rendered":"\n<p>Nj\u00ebsia p\u00ebr Kultur\u00eb dhe Sport merret me realizimin e pun\u00ebve q\u00eb kan\u00eb t\u00eb b\u00ebjn\u00eb me:<\/p>\n\n\n\n<ul class=\"wp-block-list\">\n<li>Bashk\u00ebpunimi me institucione publike, shoqata dhe organizata t\u00eb tjera jofitimprur\u00ebse q\u00eb lidhen me zbatimin e programeve t\u00eb ndryshme kulturore, si dhe analizimin e efektivitetit t\u00eb programeve dhe projekteve t\u00eb zbatuara t\u00eb k\u00ebtyre subjekteve kulturore.<\/li>\n\n\n\n<li>Monitorimi i ekzekutimit t\u00eb buxhetit, si dhe efektet dhe justifikimi i programeve individuale n\u00eb fush\u00ebn e muzik\u00ebs, teatrit, aktivitetit muzeal dhe galeris\u00eb, folklorit dhe industris\u00eb s\u00eb filmit, nj\u00ebsia punon p\u00ebr nxjerrjen e rekomandimeve dhe miratimeve t\u00eb nevojshme p\u00ebr realizimin e programeve t\u00eb caktuara kulturore<\/li>\n\n\n\n<li>Rinovimi i kalendarit t\u00eb ngjarjeve n\u00eb komun\u00ebn e K\u00ebr\u00e7ov\u00ebs n\u00eb faqet e tyre t\u00eb internetit q\u00eb ofrojn\u00eb informata t\u00eb detajuara p\u00ebr llojin, koh\u00ebn, vendin dhe organizator\u00ebt e ngjarjeve kulturore n\u00eb K\u00ebr\u00e7ov\u00eb, i cili p\u00ebrdit\u00ebsohet \u00e7do dit\u00eb.<\/li>\n\n\n\n<li>P\u00ebrgatitja e nj\u00eb programi p\u00ebr mb\u00ebshtetjen institucionale dhe financiare t\u00eb institucioneve kulturore dhe projekteve me r\u00ebnd\u00ebsi p\u00ebr komun\u00ebn<\/li>\n\n\n\n<li>P\u00ebrgatitja e nj\u00eb programi p\u00ebr kultivimin e folklorit, zakoneve, zanateve t\u00eb vjetra dhe vlerave t\u00eb tjera kulturore<\/li>\n\n\n\n<li>P\u00ebrgatitja e nj\u00eb programi p\u00ebr organizimin e ngjarjeve kulturore<\/li>\n\n\n\n<li>P\u00ebrgatitja e nj\u00eb programi p\u00ebr t\u00eb inkurajuar forma t\u00eb ndryshme specifike t\u00eb krijimtaris\u00eb<\/li>\n\n\n\n<li>P\u00ebrgatitja e programit p\u00ebr sh\u00ebnimin e ngjarjeve dhe personave me r\u00ebnd\u00ebsi p\u00ebr komun\u00ebn e K\u00ebr\u00e7ov\u00ebs me sh\u00ebnues p\u00ebrkujtimor.<\/li>\n\n\n\n<li>P\u00ebrgatitja e vendimit p\u00ebr ngritjen, mbajtjen, mbrojtjen dhe shfryt\u00ebzimin e monumenteve dhe rregulloreve tjera n\u00eb kompetenc\u00eb t\u00eb k\u00ebshillit t\u00eb komun\u00ebs s\u00eb K\u00ebr\u00e7ov\u00ebs.<\/li>\n\n\n\n<li>Mbajtja e regjistrit t\u00eb monumenteve p\u00ebrkujtimore dhe d\u00ebrgimi i nj\u00eb ekstrakti nga regjistri p\u00ebr \u00e7do hyrje apo ndryshim n\u00eb ministrin\u00eb kompetente.<\/li>\n\n\n\n<li>Nisja dhe zbatimi i procedur\u00ebs p\u00ebr ngritjen e nj\u00eb muzeu dhe bibliotek\u00eb lokale<\/li>\n\n\n\n<li>P\u00ebrgatitja e nj\u00eb programi p\u00ebr zhvillimin e sporteve masive dhe aktiviteteve rekreative t\u00eb qytetar\u00ebve t\u00eb p\u00ebrfshir\u00eb n\u00eb programet e klubeve sportive dhe sportive-rekreative n\u00eb zbatimin e sistemit t\u00eb sportit shkollor dhe nx\u00ebn\u00ebsve, sporteve p\u00ebr t\u00eb gjith\u00eb dhe ve\u00e7an\u00ebrisht aktiviteteve sportive dhe rekreative p\u00ebr personat me nevoja t\u00eb ve\u00e7anta<\/li>\n\n\n\n<li>P\u00ebrgatitja e nj\u00eb programi p\u00ebr mir\u00ebmbajtjen dhe nd\u00ebrtimin e objekteve sportive, shfryt\u00ebzimin dhe pajisjen, planifikimin dhe nd\u00ebrtimin e objekteve moderne sportive.<\/li>\n\n\n\n<li>P\u00ebrgatitja e propozimit p\u00ebr p\u00ebrcaktimin e rrjetit t\u00eb objekteve sportive dhe klasifikimin e tyre<\/li>\n\n\n\n<li>P\u00ebrgatitja e propozimit p\u00ebr p\u00ebrcaktimin e zonave rekreative p\u00ebr sport<\/li>\n\n\n\n<li>P\u00ebrgatitja e nj\u00eb programi p\u00ebr mb\u00ebshtetjen e k\u00ebshillit sportiv t\u00eb komun\u00ebs<\/li>\n\n\n\n<li>Dh\u00ebnia e ekspertiz\u00ebs p\u00ebr raportin e Sindikat\u00ebs s\u00eb Sporteve t\u00eb komun\u00ebs p\u00ebr p\u00ebrmbushjen e programeve dhe afateve t\u00eb p\u00ebrcaktuara prej tyre.<\/li>\n\n\n\n<li>P\u00ebrgatitja e propozimit t\u00eb rregullores p\u00ebr kategorizimin e objekteve sportive n\u00eb pron\u00ebsi t\u00eb komun\u00ebs<\/li>\n\n\n\n<li>Kryen edhe pun\u00eb t\u00eb tjera q\u00eb do t\u00eb p\u00ebrcaktohen n\u00eb kuad\u00ebr t\u00eb kompetencave sipas ligjeve dhe rregulloreve tjera.<\/li>\n<\/ul>\n","protected":false},"excerpt":{"rendered":"<p>Nj\u00ebsia p\u00ebr Kultur\u00eb dhe Sport merret me realizimin e pun\u00ebve q\u00eb kan\u00eb t\u00eb b\u00ebjn\u00eb me:<\/p>\n","protected":false},"author":3,"featured_media":0,"parent":0,"menu_order":0,"comment_status":"closed","ping_status":"closed","template":"page-templates\/sidebar-right.php","meta":{"_uag_custom_page_level_css":"","_vp_format_video_url":"","_vp_image_focal_point":[],"footnotes":""},"class_list":["post-1885","page","type-page","status-publish","hentry"],"translation":{"provider":"WPGlobus","version":"3.0.2","language":"sq","enabled_languages":["mk","sq"],"languages":{"mk":{"title":true,"content":true,"excerpt":false},"sq":{"title":true,"content":true,"excerpt":false}}},"yoast_head":"<!-- This site is optimized with the Yoast SEO plugin v27.4 - https:\/\/yoast.com\/product\/yoast-seo-wordpress\/ -->\n<title>Nj\u00ebsia p\u00ebr Kultur\u00eb dhe Sport | Komuna e K\u00ebr\u00e7ov\u00ebs<\/title>\n<meta name=\"robots\" content=\"index, follow, max-snippet:-1, max-image-preview:large, max-video-preview:-1\" \/>\n<link rel=\"canonical\" href=\"https:\/\/kicevo.gov.mk\/oddelenie-za-kultura-i-sport\/\" \/>\n<meta property=\"og:locale\" content=\"sq_AL\" \/>\n<meta property=\"og:type\" content=\"article\" \/>\n<meta property=\"og:title\" content=\"Nj\u00ebsia p\u00ebr Kultur\u00eb dhe Sport | Komuna e K\u00ebr\u00e7ov\u00ebs\" \/>\n<meta property=\"og:url\" content=\"https:\/\/kicevo.gov.mk\/oddelenie-za-kultura-i-sport\/\" \/>\n<meta property=\"og:site_name\" content=\"Komuna e K\u00ebr\u00e7ov\u00ebs\" \/>\n<meta property=\"article:modified_time\" content=\"2025-12-02T11:42:57+00:00\" \/>\n<meta name=\"twitter:card\" content=\"summary_large_image\" \/>\n<meta name=\"twitter:label1\" content=\"Est. reading time\" \/>\n\t<meta name=\"twitter:data1\" content=\"3 minuta\" \/>\n<script type=\"application\/ld+json\" class=\"yoast-schema-graph\">{\"@context\":\"https:\\\/\\\/schema.org\",\"@graph\":[{\"@type\":\"WebPage\",\"@id\":\"https:\\\/\\\/kicevo.gov.mk\\\/oddelenie-za-kultura-i-sport\\\/\",\"url\":\"https:\\\/\\\/kicevo.gov.mk\\\/oddelenie-za-kultura-i-sport\\\/\",\"name\":\"Nj\u00ebsia p\u00ebr Kultur\u00eb dhe Sport | Komuna e K\u00ebr\u00e7ov\u00ebs\",\"isPartOf\":{\"@id\":\"https:\\\/\\\/kicevo.gov.mk\\\/#website\"},\"datePublished\":\"2022-09-23T10:31:07+00:00\",\"dateModified\":\"2025-12-02T11:42:57+00:00\",\"breadcrumb\":{\"@id\":\"https:\\\/\\\/kicevo.gov.mk\\\/oddelenie-za-kultura-i-sport\\\/#breadcrumb\"},\"inLanguage\":\"sq\",\"potentialAction\":[{\"@type\":\"ReadAction\",\"target\":[\"https:\\\/\\\/kicevo.gov.mk\\\/oddelenie-za-kultura-i-sport\\\/\"]}]},{\"@type\":\"BreadcrumbList\",\"@id\":\"https:\\\/\\\/kicevo.gov.mk\\\/oddelenie-za-kultura-i-sport\\\/#breadcrumb\",\"itemListElement\":[{\"@type\":\"ListItem\",\"position\":1,\"name\":\"\u041f\u043e\u0447\u0435\u0442\u043d\u0430\",\"item\":\"https:\\\/\\\/kicevo.gov.mk\\\/\"},{\"@type\":\"ListItem\",\"position\":2,\"name\":\"\u041e\u0434\u0434\u0435\u043b\u0435\u043d\u0438\u0435 \u0437\u0430 \u043a\u0443\u043b\u0442\u0443\u0440\u0430 \u0438 \u0441\u043f\u043e\u0440\u0442\"}]},{\"@type\":\"WebSite\",\"@id\":\"https:\\\/\\\/kicevo.gov.mk\\\/#website\",\"url\":\"https:\\\/\\\/kicevo.gov.mk\\\/\",\"name\":\"\u041e\u043f\u0448\u0442\u0438\u043d\u0430 \u041a\u0438\u0447\u0435\u0432\u043e\",\"description\":\"Mir\u00eb se erdh\u00ebt n\u00eb ueb faqen zyrtare t\u00eb Komun\u00ebs s\u00eb K\u00ebr\u00e7ov\u00ebs\",\"publisher\":{\"@id\":\"https:\\\/\\\/kicevo.gov.mk\\\/#organization\"},\"potentialAction\":[{\"@type\":\"SearchAction\",\"target\":{\"@type\":\"EntryPoint\",\"urlTemplate\":\"https:\\\/\\\/kicevo.gov.mk\\\/?s={search_term_string}\"},\"query-input\":{\"@type\":\"PropertyValueSpecification\",\"valueRequired\":true,\"valueName\":\"search_term_string\"}}],\"inLanguage\":\"sq\"},{\"@type\":\"Organization\",\"@id\":\"https:\\\/\\\/kicevo.gov.mk\\\/#organization\",\"name\":\"Opstina Kicevo\",\"url\":\"https:\\\/\\\/kicevo.gov.mk\\\/\",\"logo\":{\"@type\":\"ImageObject\",\"inLanguage\":\"sq\",\"@id\":\"https:\\\/\\\/kicevo.gov.mk\\\/#\\\/schema\\\/logo\\\/image\\\/\",\"url\":\"https:\\\/\\\/kicevo.gov.mk\\\/wp-content\\\/uploads\\\/2025\\\/11\\\/logo-alb.png\",\"contentUrl\":\"https:\\\/\\\/kicevo.gov.mk\\\/wp-content\\\/uploads\\\/2025\\\/11\\\/logo-alb.png\",\"width\":1200,\"height\":1592,\"caption\":\"Opstina Kicevo\"},\"image\":{\"@id\":\"https:\\\/\\\/kicevo.gov.mk\\\/#\\\/schema\\\/logo\\\/image\\\/\"}}]}<\/script>\n<!-- \/ Yoast SEO plugin. -->","yoast_head_json":{"title":"Nj\u00ebsia p\u00ebr Kultur\u00eb dhe Sport | Komuna e K\u00ebr\u00e7ov\u00ebs","robots":{"index":"index","follow":"follow","max-snippet":"max-snippet:-1","max-image-preview":"max-image-preview:large","max-video-preview":"max-video-preview:-1"},"canonical":"https:\/\/kicevo.gov.mk\/oddelenie-za-kultura-i-sport\/","og_locale":"sq_AL","og_type":"article","og_title":"Nj\u00ebsia p\u00ebr Kultur\u00eb dhe Sport | Komuna e K\u00ebr\u00e7ov\u00ebs","og_url":"https:\/\/kicevo.gov.mk\/oddelenie-za-kultura-i-sport\/","og_site_name":"Komuna e K\u00ebr\u00e7ov\u00ebs","article_modified_time":"2025-12-02T11:42:57+00:00","twitter_card":"summary_large_image","twitter_misc":{"Est. reading time":"3 minuta"},"schema":{"@context":"https:\/\/schema.org","@graph":[{"@type":"WebPage","@id":"https:\/\/kicevo.gov.mk\/oddelenie-za-kultura-i-sport\/","url":"https:\/\/kicevo.gov.mk\/oddelenie-za-kultura-i-sport\/","name":"Nj\u00ebsia p\u00ebr Kultur\u00eb dhe Sport | Komuna e K\u00ebr\u00e7ov\u00ebs","isPartOf":{"@id":"https:\/\/kicevo.gov.mk\/#website"},"datePublished":"2022-09-23T10:31:07+00:00","dateModified":"2025-12-02T11:42:57+00:00","breadcrumb":{"@id":"https:\/\/kicevo.gov.mk\/oddelenie-za-kultura-i-sport\/#breadcrumb"},"inLanguage":"sq","potentialAction":[{"@type":"ReadAction","target":["https:\/\/kicevo.gov.mk\/oddelenie-za-kultura-i-sport\/"]}]},{"@type":"BreadcrumbList","@id":"https:\/\/kicevo.gov.mk\/oddelenie-za-kultura-i-sport\/#breadcrumb","itemListElement":[{"@type":"ListItem","position":1,"name":"\u041f\u043e\u0447\u0435\u0442\u043d\u0430","item":"https:\/\/kicevo.gov.mk\/"},{"@type":"ListItem","position":2,"name":"\u041e\u0434\u0434\u0435\u043b\u0435\u043d\u0438\u0435 \u0437\u0430 \u043a\u0443\u043b\u0442\u0443\u0440\u0430 \u0438 \u0441\u043f\u043e\u0440\u0442"}]},{"@type":"WebSite","@id":"https:\/\/kicevo.gov.mk\/#website","url":"https:\/\/kicevo.gov.mk\/","name":"\u041e\u043f\u0448\u0442\u0438\u043d\u0430 \u041a\u0438\u0447\u0435\u0432\u043e","description":"Mir\u00eb se erdh\u00ebt n\u00eb ueb faqen zyrtare t\u00eb Komun\u00ebs s\u00eb K\u00ebr\u00e7ov\u00ebs","publisher":{"@id":"https:\/\/kicevo.gov.mk\/#organization"},"potentialAction":[{"@type":"SearchAction","target":{"@type":"EntryPoint","urlTemplate":"https:\/\/kicevo.gov.mk\/?s={search_term_string}"},"query-input":{"@type":"PropertyValueSpecification","valueRequired":true,"valueName":"search_term_string"}}],"inLanguage":"sq"},{"@type":"Organization","@id":"https:\/\/kicevo.gov.mk\/#organization","name":"Opstina Kicevo","url":"https:\/\/kicevo.gov.mk\/","logo":{"@type":"ImageObject","inLanguage":"sq","@id":"https:\/\/kicevo.gov.mk\/#\/schema\/logo\/image\/","url":"https:\/\/kicevo.gov.mk\/wp-content\/uploads\/2025\/11\/logo-alb.png","contentUrl":"https:\/\/kicevo.gov.mk\/wp-content\/uploads\/2025\/11\/logo-alb.png","width":1200,"height":1592,"caption":"Opstina Kicevo"},"image":{"@id":"https:\/\/kicevo.gov.mk\/#\/schema\/logo\/image\/"}}]}},"uagb_featured_image_src":{"full":false,"thumbnail":false,"medium":false,"medium_large":false,"large":false,"1536x1536":false,"2048x2048":false,"vp_sm":false,"vp_md":false,"vp_lg":false,"vp_xl":false,"vp_sm_popup":false,"vp_md_popup":false,"vp_xl_popup":false},"uagb_author_info":{"display_name":"Marina","author_link":"https:\/\/kicevo.gov.mk\/sq\/author\/adminmsb\/"},"uagb_comment_info":0,"uagb_excerpt":"Nj\u00ebsia p\u00ebr Kultur\u00eb dhe Sport merret me realizimin e pun\u00ebve q\u00eb kan\u00eb t\u00eb b\u00ebjn\u00eb me:","_links":{"self":[{"href":"https:\/\/kicevo.gov.mk\/sq\/wp-json\/wp\/v2\/pages\/1885","targetHints":{"allow":["GET"]}}],"collection":[{"href":"https:\/\/kicevo.gov.mk\/sq\/wp-json\/wp\/v2\/pages"}],"about":[{"href":"https:\/\/kicevo.gov.mk\/sq\/wp-json\/wp\/v2\/types\/page"}],"author":[{"embeddable":true,"href":"https:\/\/kicevo.gov.mk\/sq\/wp-json\/wp\/v2\/users\/3"}],"replies":[{"embeddable":true,"href":"https:\/\/kicevo.gov.mk\/sq\/wp-json\/wp\/v2\/comments?post=1885"}],"version-history":[{"count":5,"href":"https:\/\/kicevo.gov.mk\/sq\/wp-json\/wp\/v2\/pages\/1885\/revisions"}],"predecessor-version":[{"id":6860,"href":"https:\/\/kicevo.gov.mk\/sq\/wp-json\/wp\/v2\/pages\/1885\/revisions\/6860"}],"wp:attachment":[{"href":"https:\/\/kicevo.gov.mk\/sq\/wp-json\/wp\/v2\/media?parent=1885"}],"curies":[{"name":"wp","href":"https:\/\/api.w.org\/{rel}","templated":true}]}}