{"id":1882,"date":"2022-09-23T10:29:45","date_gmt":"2022-09-23T10:29:45","guid":{"rendered":"http:\/\/localhost\/opstina\/?page_id=1882"},"modified":"2025-12-02T11:43:06","modified_gmt":"2025-12-02T11:43:06","slug":"oddelenie-za-obrazovanie","status":"publish","type":"page","link":"https:\/\/kicevo.gov.mk\/sq\/oddelenie-za-obrazovanie\/","title":{"rendered":"Nj\u00ebsia p\u00ebr Arsim"},"content":{"rendered":"\n<p>Nj\u00ebsia p\u00ebr Arsim, sh\u00ebndet\u00ebsi, mbrojtje sociale dhe t\u00eb f\u00ebmij\u00ebve merret me realizimin e\u00a0 pun\u00ebve q\u00eb kan\u00eb t\u00eb b\u00ebjn\u00eb me:<\/p>\n\n\n\n<ul class=\"wp-block-list\">\n<li>Themelimi, financimi dhe administrimi i shkollave t\u00eb mesme dhe fillore, n\u00eb p\u00ebrputhje me ligjin<\/li>\n\n\n\n<li>Dh\u00ebnia e mendimeve dhe analizimin e programeve, raporteve dhe akteve t\u00eb tjera t\u00eb shkollave para miratimit nga k\u00ebshillit<\/li>\n\n\n\n<li>Monitorimi i pun\u00ebs s\u00eb bordeve drejtuese t\u00eb shkollave dhe procedura p\u00ebr p\u00ebrzgjedhjen e drejtor\u00ebve t\u00eb shkollave<\/li>\n\n\n\n<li>Organizimi i transportit dhe ushqimit p\u00ebr nx\u00ebn\u00ebsit<\/li>\n\n\n\n<li>Monitorimi i situat\u00ebs n\u00eb fush\u00ebn e arsimit (parashkollor, fillor, i mes\u00ebm)<\/li>\n\n\n\n<li>P\u00ebrgatitja e analizave, informatave dhe raporteve p\u00ebr pun\u00ebt dhe kushtet n\u00eb arsimin e mes\u00ebm n\u00eb Komun\u00ebn e K\u00ebr\u00e7ov\u00ebs.<\/li>\n\n\n\n<li>P\u00ebrgatitja e propozimit p\u00ebr miratimin e programit vjetor t\u00eb pun\u00ebs dhe raportit p\u00ebr zbatimin e programit vjetor t\u00eb shkollave t\u00eb mesme publike.<\/li>\n\n\n\n<li>Mbledhja e t\u00eb dh\u00ebnave dhe analizimi i propozimeve t\u00eb shkoll\u00ebs p\u00ebr regjistrimin e nx\u00ebn\u00ebsve n\u00eb vitin e par\u00eb t\u00eb arsimit t\u00eb mes\u00ebm.<\/li>\n\n\n\n<li>P\u00ebrgatitja e propozimit p\u00ebr regjistrimin e nx\u00ebn\u00ebsve n\u00eb shkollat \u200b\u200be mesme publike<\/li>\n\n\n\n<li>P\u00ebrgatitja e raporteve p\u00ebr zbatimin e politik\u00ebs s\u00eb regjistrimit<\/li>\n\n\n\n<li>P\u00ebrgatitja e propozimit p\u00ebr formimin e paraleleve me num\u00ebr m\u00eb t\u00eb vog\u00ebl t\u00eb nx\u00ebn\u00ebsve n\u00eb shkollat \u200b\u200be mesme publike<\/li>\n\n\n\n<li>Mbajtja e evidenc\u00ebs p\u00ebr p\u00ebrfshirjen e f\u00ebmij\u00ebve n\u00eb arsimin e mes\u00ebm dhe propozimi i masave p\u00ebr p\u00ebrmir\u00ebsimin e situat\u00ebs<\/li>\n\n\n\n<li>Monitorimi i situat\u00ebs n\u00eb lidhje me p\u00ebrfshirjen e f\u00ebmij\u00ebve me nevoja t\u00eb ve\u00e7anta n\u00eb sistemin e arsimit t\u00eb mes\u00ebm<\/li>\n\n\n\n<li>P\u00ebrgatitja e propozimit p\u00ebr pezullimin e pun\u00ebs arsimore n\u00eb situata emergjente<\/li>\n\n\n\n<li>Ngritja e iniciativ\u00ebs p\u00ebr ndryshimin dhe plot\u00ebsimin &nbsp;programeve m\u00ebsimore n\u00eb shkollat \u200b\u200be mesme publike t\u00eb p\u00ebrhershme p\u00ebr plot\u00ebsimin e nevojave t\u00eb ve\u00e7anta t\u00eb Komun\u00ebs n\u00eb p\u00ebrputhje me nevojat e tregut t\u00eb pun\u00ebs.<\/li>\n\n\n\n<li>Inicimi i aktiviteteve p\u00ebr aktivitete jasht\u00ebshkollore n\u00eb shkollat \u200b\u200be mesme publike<\/li>\n\n\n\n<li>Monitorimi i regjistrave t\u00eb shkollave t\u00eb mesme<\/li>\n\n\n\n<li>Dh\u00ebnia e mendimit profesional p\u00ebr propozimet p\u00ebr themelimin e shkollave t\u00eb mesme publike, konvikteve t\u00eb nx\u00ebn\u00ebsve dhe institucioneve p\u00ebr arsimin e t\u00eb rriturve.<\/li>\n\n\n\n<li>P\u00ebrgatitja e propozimit p\u00ebr fillimin e procedur\u00ebs p\u00ebr nd\u00ebrprerjen e funksionimit t\u00eb shkollave t\u00eb mesme publike, konvikteve t\u00eb nx\u00ebn\u00ebsve dhe institucioneve t\u00eb arsimit t\u00eb t\u00eb rriturve.<\/li>\n\n\n\n<li>P\u00ebrgatitja e masave dhe aktiviteteve p\u00ebr t\u00eb mb\u00ebshtetur dhe ndihmuar iniciativat p\u00ebr modernizimin e shkollave dhe konvikteve t\u00eb nx\u00ebn\u00ebsve.<\/li>\n\n\n\n<li>Nd\u00ebrmarrja e aktiviteteve lidhur me kualifikimin e m\u00ebtejsh\u00ebm t\u00eb t\u00eb rriturve<\/li>\n\n\n\n<li>Kryen edhe pun\u00eb t\u00eb tjera q\u00eb do t\u00eb p\u00ebrcaktohen n\u00eb kuad\u00ebr t\u00eb kompetencave sipas ligjeve dhe rregulloreve tjera.<\/li>\n\n\n\n<li>Monitorimi i situat\u00ebs n\u00eb fush\u00ebn e mbrojtjes sociale, mbrojtjes s\u00eb f\u00ebmij\u00ebve dhe kujdesit sh\u00ebndet\u00ebsor n\u00eb kuad\u00ebr t\u00eb kompetencave ligjore.<\/li>\n\n\n\n<li>Monitorimi i funksionimit t\u00eb institucioneve dhe objekteve n\u00eb k\u00ebto zona<\/li>\n\n\n\n<li>Mund\u00ebsimi i kujdesit social, sh\u00ebndet\u00ebsor dhe mbrojtjes s\u00eb f\u00ebmij\u00ebve p\u00ebr zon\u00ebn e komun\u00ebs<\/li>\n\n\n\n<li>Krijimi dhe p\u00ebrdit\u00ebsimi i baz\u00ebs s\u00eb t\u00eb dh\u00ebnave n\u00ebn kompetenc\u00eb t\u00eb nj\u00ebsis\u00eb<\/li>\n\n\n\n<li>Monitorimin e rregulloreve dhe dh\u00ebnien e mendimeve n\u00eb fush\u00ebn e mbrojtjes sociale, mbrojtjes s\u00eb f\u00ebmij\u00ebve dhe kujdesit sh\u00ebndet\u00ebsor n\u00eb kuad\u00ebr t\u00eb kompetencave ligjore.<\/li>\n\n\n\n<li>Propozon masa dhe aktivitete n\u00eb fush\u00ebn e mbrojtjes sociale, mbrojtjes s\u00eb f\u00ebmij\u00ebve dhe kujdesit sh\u00ebndet\u00ebsor n\u00eb kuad\u00ebr t\u00eb kompetencave ligjore dhe<\/li>\n\n\n\n<li>Pun\u00eb t\u00eb tjera q\u00eb do t\u00eb p\u00ebrcaktohen n\u00eb kuad\u00ebr t\u00eb kompetencave sipas ligjeve dhe rregulloreve tjera<\/li>\n<\/ul>\n","protected":false},"excerpt":{"rendered":"<p>Nj\u00ebsia p\u00ebr Arsim, sh\u00ebndet\u00ebsi, mbrojtje sociale dhe t\u00eb f\u00ebmij\u00ebve merret me realizimin e\u00a0 pun\u00ebve q\u00eb kan\u00eb t\u00eb b\u00ebjn\u00eb me:<\/p>\n","protected":false},"author":3,"featured_media":0,"parent":0,"menu_order":0,"comment_status":"closed","ping_status":"closed","template":"page-templates\/sidebar-right.php","meta":{"_uag_custom_page_level_css":"","_vp_format_video_url":"","_vp_image_focal_point":[],"footnotes":""},"class_list":["post-1882","page","type-page","status-publish","hentry"],"translation":{"provider":"WPGlobus","version":"3.0.2","language":"sq","enabled_languages":["mk","sq"],"languages":{"mk":{"title":true,"content":true,"excerpt":false},"sq":{"title":true,"content":true,"excerpt":false}}},"yoast_head":"<!-- This site is optimized with the Yoast SEO plugin v27.4 - https:\/\/yoast.com\/product\/yoast-seo-wordpress\/ -->\n<title>Nj\u00ebsia p\u00ebr Arsim | Komuna e K\u00ebr\u00e7ov\u00ebs<\/title>\n<meta name=\"robots\" content=\"index, follow, max-snippet:-1, max-image-preview:large, max-video-preview:-1\" \/>\n<link rel=\"canonical\" href=\"https:\/\/kicevo.gov.mk\/oddelenie-za-obrazovanie\/\" \/>\n<meta property=\"og:locale\" content=\"sq_AL\" \/>\n<meta property=\"og:type\" content=\"article\" \/>\n<meta property=\"og:title\" content=\"Nj\u00ebsia p\u00ebr Arsim | Komuna e K\u00ebr\u00e7ov\u00ebs\" \/>\n<meta property=\"og:url\" content=\"https:\/\/kicevo.gov.mk\/oddelenie-za-obrazovanie\/\" \/>\n<meta property=\"og:site_name\" content=\"Komuna e K\u00ebr\u00e7ov\u00ebs\" \/>\n<meta property=\"article:modified_time\" content=\"2025-12-02T11:43:06+00:00\" \/>\n<meta name=\"twitter:card\" content=\"summary_large_image\" \/>\n<meta name=\"twitter:label1\" content=\"Est. reading time\" \/>\n\t<meta name=\"twitter:data1\" content=\"3 minuta\" \/>\n<script type=\"application\/ld+json\" class=\"yoast-schema-graph\">{\"@context\":\"https:\\\/\\\/schema.org\",\"@graph\":[{\"@type\":\"WebPage\",\"@id\":\"https:\\\/\\\/kicevo.gov.mk\\\/oddelenie-za-obrazovanie\\\/\",\"url\":\"https:\\\/\\\/kicevo.gov.mk\\\/oddelenie-za-obrazovanie\\\/\",\"name\":\"Nj\u00ebsia p\u00ebr Arsim | Komuna e K\u00ebr\u00e7ov\u00ebs\",\"isPartOf\":{\"@id\":\"https:\\\/\\\/kicevo.gov.mk\\\/#website\"},\"datePublished\":\"2022-09-23T10:29:45+00:00\",\"dateModified\":\"2025-12-02T11:43:06+00:00\",\"breadcrumb\":{\"@id\":\"https:\\\/\\\/kicevo.gov.mk\\\/oddelenie-za-obrazovanie\\\/#breadcrumb\"},\"inLanguage\":\"sq\",\"potentialAction\":[{\"@type\":\"ReadAction\",\"target\":[\"https:\\\/\\\/kicevo.gov.mk\\\/oddelenie-za-obrazovanie\\\/\"]}]},{\"@type\":\"BreadcrumbList\",\"@id\":\"https:\\\/\\\/kicevo.gov.mk\\\/oddelenie-za-obrazovanie\\\/#breadcrumb\",\"itemListElement\":[{\"@type\":\"ListItem\",\"position\":1,\"name\":\"\u041f\u043e\u0447\u0435\u0442\u043d\u0430\",\"item\":\"https:\\\/\\\/kicevo.gov.mk\\\/\"},{\"@type\":\"ListItem\",\"position\":2,\"name\":\"\u041e\u0434\u0434\u0435\u043b\u0435\u043d\u0438\u0435 \u0437\u0430 \u043e\u0431\u0440\u0430\u0437\u043e\u0432\u0430\u043d\u0438\u0435\"}]},{\"@type\":\"WebSite\",\"@id\":\"https:\\\/\\\/kicevo.gov.mk\\\/#website\",\"url\":\"https:\\\/\\\/kicevo.gov.mk\\\/\",\"name\":\"\u041e\u043f\u0448\u0442\u0438\u043d\u0430 \u041a\u0438\u0447\u0435\u0432\u043e\",\"description\":\"Mir\u00eb se erdh\u00ebt n\u00eb ueb faqen zyrtare t\u00eb Komun\u00ebs s\u00eb K\u00ebr\u00e7ov\u00ebs\",\"publisher\":{\"@id\":\"https:\\\/\\\/kicevo.gov.mk\\\/#organization\"},\"potentialAction\":[{\"@type\":\"SearchAction\",\"target\":{\"@type\":\"EntryPoint\",\"urlTemplate\":\"https:\\\/\\\/kicevo.gov.mk\\\/?s={search_term_string}\"},\"query-input\":{\"@type\":\"PropertyValueSpecification\",\"valueRequired\":true,\"valueName\":\"search_term_string\"}}],\"inLanguage\":\"sq\"},{\"@type\":\"Organization\",\"@id\":\"https:\\\/\\\/kicevo.gov.mk\\\/#organization\",\"name\":\"Opstina Kicevo\",\"url\":\"https:\\\/\\\/kicevo.gov.mk\\\/\",\"logo\":{\"@type\":\"ImageObject\",\"inLanguage\":\"sq\",\"@id\":\"https:\\\/\\\/kicevo.gov.mk\\\/#\\\/schema\\\/logo\\\/image\\\/\",\"url\":\"https:\\\/\\\/kicevo.gov.mk\\\/wp-content\\\/uploads\\\/2025\\\/11\\\/logo-alb.png\",\"contentUrl\":\"https:\\\/\\\/kicevo.gov.mk\\\/wp-content\\\/uploads\\\/2025\\\/11\\\/logo-alb.png\",\"width\":1200,\"height\":1592,\"caption\":\"Opstina Kicevo\"},\"image\":{\"@id\":\"https:\\\/\\\/kicevo.gov.mk\\\/#\\\/schema\\\/logo\\\/image\\\/\"}}]}<\/script>\n<!-- \/ Yoast SEO plugin. -->","yoast_head_json":{"title":"Nj\u00ebsia p\u00ebr Arsim | Komuna e K\u00ebr\u00e7ov\u00ebs","robots":{"index":"index","follow":"follow","max-snippet":"max-snippet:-1","max-image-preview":"max-image-preview:large","max-video-preview":"max-video-preview:-1"},"canonical":"https:\/\/kicevo.gov.mk\/oddelenie-za-obrazovanie\/","og_locale":"sq_AL","og_type":"article","og_title":"Nj\u00ebsia p\u00ebr Arsim | Komuna e K\u00ebr\u00e7ov\u00ebs","og_url":"https:\/\/kicevo.gov.mk\/oddelenie-za-obrazovanie\/","og_site_name":"Komuna e K\u00ebr\u00e7ov\u00ebs","article_modified_time":"2025-12-02T11:43:06+00:00","twitter_card":"summary_large_image","twitter_misc":{"Est. reading time":"3 minuta"},"schema":{"@context":"https:\/\/schema.org","@graph":[{"@type":"WebPage","@id":"https:\/\/kicevo.gov.mk\/oddelenie-za-obrazovanie\/","url":"https:\/\/kicevo.gov.mk\/oddelenie-za-obrazovanie\/","name":"Nj\u00ebsia p\u00ebr Arsim | Komuna e K\u00ebr\u00e7ov\u00ebs","isPartOf":{"@id":"https:\/\/kicevo.gov.mk\/#website"},"datePublished":"2022-09-23T10:29:45+00:00","dateModified":"2025-12-02T11:43:06+00:00","breadcrumb":{"@id":"https:\/\/kicevo.gov.mk\/oddelenie-za-obrazovanie\/#breadcrumb"},"inLanguage":"sq","potentialAction":[{"@type":"ReadAction","target":["https:\/\/kicevo.gov.mk\/oddelenie-za-obrazovanie\/"]}]},{"@type":"BreadcrumbList","@id":"https:\/\/kicevo.gov.mk\/oddelenie-za-obrazovanie\/#breadcrumb","itemListElement":[{"@type":"ListItem","position":1,"name":"\u041f\u043e\u0447\u0435\u0442\u043d\u0430","item":"https:\/\/kicevo.gov.mk\/"},{"@type":"ListItem","position":2,"name":"\u041e\u0434\u0434\u0435\u043b\u0435\u043d\u0438\u0435 \u0437\u0430 \u043e\u0431\u0440\u0430\u0437\u043e\u0432\u0430\u043d\u0438\u0435"}]},{"@type":"WebSite","@id":"https:\/\/kicevo.gov.mk\/#website","url":"https:\/\/kicevo.gov.mk\/","name":"\u041e\u043f\u0448\u0442\u0438\u043d\u0430 \u041a\u0438\u0447\u0435\u0432\u043e","description":"Mir\u00eb se erdh\u00ebt n\u00eb ueb faqen zyrtare t\u00eb Komun\u00ebs s\u00eb K\u00ebr\u00e7ov\u00ebs","publisher":{"@id":"https:\/\/kicevo.gov.mk\/#organization"},"potentialAction":[{"@type":"SearchAction","target":{"@type":"EntryPoint","urlTemplate":"https:\/\/kicevo.gov.mk\/?s={search_term_string}"},"query-input":{"@type":"PropertyValueSpecification","valueRequired":true,"valueName":"search_term_string"}}],"inLanguage":"sq"},{"@type":"Organization","@id":"https:\/\/kicevo.gov.mk\/#organization","name":"Opstina Kicevo","url":"https:\/\/kicevo.gov.mk\/","logo":{"@type":"ImageObject","inLanguage":"sq","@id":"https:\/\/kicevo.gov.mk\/#\/schema\/logo\/image\/","url":"https:\/\/kicevo.gov.mk\/wp-content\/uploads\/2025\/11\/logo-alb.png","contentUrl":"https:\/\/kicevo.gov.mk\/wp-content\/uploads\/2025\/11\/logo-alb.png","width":1200,"height":1592,"caption":"Opstina Kicevo"},"image":{"@id":"https:\/\/kicevo.gov.mk\/#\/schema\/logo\/image\/"}}]}},"uagb_featured_image_src":{"full":false,"thumbnail":false,"medium":false,"medium_large":false,"large":false,"1536x1536":false,"2048x2048":false,"vp_sm":false,"vp_md":false,"vp_lg":false,"vp_xl":false,"vp_sm_popup":false,"vp_md_popup":false,"vp_xl_popup":false},"uagb_author_info":{"display_name":"Marina","author_link":"https:\/\/kicevo.gov.mk\/sq\/author\/adminmsb\/"},"uagb_comment_info":0,"uagb_excerpt":"Nj\u00ebsia p\u00ebr Arsim, sh\u00ebndet\u00ebsi, mbrojtje sociale dhe t\u00eb f\u00ebmij\u00ebve merret me realizimin e\u00a0 pun\u00ebve q\u00eb kan\u00eb t\u00eb b\u00ebjn\u00eb me:","_links":{"self":[{"href":"https:\/\/kicevo.gov.mk\/sq\/wp-json\/wp\/v2\/pages\/1882","targetHints":{"allow":["GET"]}}],"collection":[{"href":"https:\/\/kicevo.gov.mk\/sq\/wp-json\/wp\/v2\/pages"}],"about":[{"href":"https:\/\/kicevo.gov.mk\/sq\/wp-json\/wp\/v2\/types\/page"}],"author":[{"embeddable":true,"href":"https:\/\/kicevo.gov.mk\/sq\/wp-json\/wp\/v2\/users\/3"}],"replies":[{"embeddable":true,"href":"https:\/\/kicevo.gov.mk\/sq\/wp-json\/wp\/v2\/comments?post=1882"}],"version-history":[{"count":5,"href":"https:\/\/kicevo.gov.mk\/sq\/wp-json\/wp\/v2\/pages\/1882\/revisions"}],"predecessor-version":[{"id":6859,"href":"https:\/\/kicevo.gov.mk\/sq\/wp-json\/wp\/v2\/pages\/1882\/revisions\/6859"}],"wp:attachment":[{"href":"https:\/\/kicevo.gov.mk\/sq\/wp-json\/wp\/v2\/media?parent=1882"}],"curies":[{"name":"wp","href":"https:\/\/api.w.org\/{rel}","templated":true}]}}