{"id":1874,"date":"2022-09-23T10:26:36","date_gmt":"2022-09-23T10:26:36","guid":{"rendered":"http:\/\/localhost\/opstina\/?page_id=1874"},"modified":"2025-12-02T11:43:00","modified_gmt":"2025-12-02T11:43:00","slug":"oddelenie-za-lokalen-ekonomski-razvo","status":"publish","type":"page","link":"https:\/\/kicevo.gov.mk\/sq\/oddelenie-za-lokalen-ekonomski-razvo\/","title":{"rendered":"Nj\u00ebsia p\u00ebr Zhvillim Ekonomik Lokal"},"content":{"rendered":"\n<p>Nj\u00ebsia p\u00ebr Zhvillim Ekonomik Lokal merret me realizimin e p\u00ebrgjegj\u00ebsive q\u00eb kan\u00eb t\u00eb b\u00ebjn\u00eb me:<\/p>\n\n\n\n<ul class=\"wp-block-list\">\n<li>Planifikimin e zhvillimit ekonomik lokal t\u00eb komun\u00ebs<\/li>\n\n\n\n<li>Propozimi dhe p\u00ebrcaktimi i prioriteteve zhvillimore dhe strukturore t\u00eb komun\u00ebs<\/li>\n\n\n\n<li>Propozimi dhe zbatimi i masave p\u00ebr t\u00eb mb\u00ebshtetur zhvillimin e nd\u00ebrmarrjeve t\u00eb vogla dhe t\u00eb mesme dhe sip\u00ebrmarrjes n\u00eb komun\u00eb.<\/li>\n\n\n\n<li>Kordinimi i aktiviteteve lidhur me marrjen dhe drejtimin e donacioneve p\u00ebr q\u00ebllime zhvillimore<\/li>\n\n\n\n<li>Monitorimi i gjendjes s\u00eb ekonomis\u00eb n\u00eb komun\u00eb<\/li>\n\n\n\n<li>P\u00ebrgatitja e informacionit t\u00eb r\u00ebnd\u00ebsish\u00ebm p\u00ebr zhvillimin ekonomik lokal<\/li>\n\n\n\n<li>Propozimi i masave p\u00ebr zhvillimin e bujq\u00ebsis\u00eb, tregtis\u00eb, hotelieris\u00eb, zejtaris\u00eb dhe turizmit n\u00eb komun\u00eb.<\/li>\n\n\n\n<li>Mbajtja e evidenc\u00ebs s\u00eb personave juridik\u00eb q\u00eb ushtrojn\u00eb veprimtari ekonomike n\u00eb territorin e komun\u00ebs<\/li>\n\n\n\n<li>Zbatimi i k\u00ebrkes\u00ebs p\u00ebr regjistrimin dhe mbajtjen e regjistrit t\u00eb personave q\u00eb ushtrojn\u00eb veprimtari tregtare n\u00eb shkall\u00eb t\u00eb vog\u00ebl, veprimtari turistike n\u00eb shkall\u00eb t\u00eb vog\u00ebl dhe veprimtari hotelierike n\u00eb shkall\u00eb t\u00eb vog\u00ebl.<\/li>\n\n\n\n<li>Pjes\u00ebmarrja n\u00eb procedur\u00ebn e \u00e7ertifikimit t\u00eb standardeve ushqimore<\/li>\n\n\n\n<li>Punon p\u00ebr themelimin, financimin dhe ndihm\u00ebn e pun\u00ebs s\u00eb bashk\u00ebsive urbane dhe bashk\u00ebsiv\u00eb lokale n\u00eb territorin e komun\u00ebs.<\/li>\n\n\n\n<li>Monitorimi i pun\u00ebs s\u00eb vet\u00ebqeverisjes lokale<\/li>\n\n\n\n<li>Sugjerimi i masave p\u00ebr tejkalimin e problemeve me t\u00eb cilat ballafaqohet vet\u00ebqeverisja lokale<\/li>\n\n\n\n<li>Propozimi dhe zbatimi i masave dhe aktiviteteve p\u00ebr promovimin e vet\u00ebqeverisjes lokale<\/li>\n\n\n\n<li>Kordinimi i aktiviteteve t\u00eb vet\u00ebqeverisjes lokale n\u00eb p\u00ebrputhje me aktivitetet e p\u00ebrgjithshme t\u00eb komun\u00ebs<\/li>\n\n\n\n<li>Propozimi i shfuqizimit t\u00eb disa komuniteteve urbane apo lokale bazuar n\u00eb nj\u00eb analiz\u00eb t\u00eb funksionimit dhe situat\u00ebs<\/li>\n\n\n\n<li>Bashk\u00ebpunon me institucionet e pushtetit qendror n\u00eb lidhje me t\u00eb gjitha \u00e7\u00ebshtjet e vet\u00ebqeverisjes lokale<\/li>\n\n\n\n<li>P\u00ebrgatitja e raporteve p\u00ebr \u00e7\u00ebshtjet n\u00eb lidhje me t\u00eb cilat \u00ebsht\u00eb ngritur iniciativa para Qeveris\u00eb s\u00eb RMV-s\u00eb dhe p\u00ebr rezultatet e arritura t\u00eb atij aktiviteti.<\/li>\n\n\n\n<li>Vendosja dhe kordinimi i bashk\u00ebpunimit t\u00eb komun\u00ebs me shoqatat e qytetar\u00ebve, fondacionet dhe organizatat e tjera shoq\u00ebrore q\u00eb veprojn\u00eb n\u00eb territorin e komun\u00ebs dhe jasht\u00eb saj dhe monitoron pun\u00ebn e tyre.<\/li>\n\n\n\n<li>Propozimi i masave p\u00ebr mb\u00ebshtetjen e aktiviteteve t\u00eb shoqatave t\u00eb qytetar\u00ebve, fondacioneve dhe organizatave t\u00eb tjera shoq\u00ebrore<\/li>\n\n\n\n<li>Propozon dhe zbatimin e masave p\u00ebr pjes\u00ebmarrje n\u00eb shoqatat e qytetar\u00ebve, fondacioneve dhe organizatave t\u00eb tjera shoq\u00ebrore n\u00eb procedurat p\u00ebr p\u00ebrgatitjen e dokumenteve strategjike dhe zhvillimore t\u00eb komun\u00ebs dhe<\/li>\n\n\n\n<li>Pun\u00eb t\u00eb tjera q\u00eb do t\u00eb p\u00ebrcaktohen n\u00eb kuad\u00ebr t\u00eb kompetencave sipas ligjeve dhe rregulloreve tjera<\/li>\n<\/ul>\n","protected":false},"excerpt":{"rendered":"<p>Nj\u00ebsia p\u00ebr Zhvillim Ekonomik Lokal merret me realizimin e p\u00ebrgjegj\u00ebsive q\u00eb kan\u00eb t\u00eb b\u00ebjn\u00eb me:<\/p>\n","protected":false},"author":3,"featured_media":0,"parent":0,"menu_order":0,"comment_status":"closed","ping_status":"closed","template":"page-templates\/sidebar-right.php","meta":{"_uag_custom_page_level_css":"","_vp_format_video_url":"","_vp_image_focal_point":[],"footnotes":""},"class_list":["post-1874","page","type-page","status-publish","hentry"],"translation":{"provider":"WPGlobus","version":"3.0.2","language":"sq","enabled_languages":["mk","sq"],"languages":{"mk":{"title":true,"content":true,"excerpt":false},"sq":{"title":true,"content":true,"excerpt":false}}},"yoast_head":"<!-- This site is optimized with the Yoast SEO plugin v27.4 - https:\/\/yoast.com\/product\/yoast-seo-wordpress\/ -->\n<title>Nj\u00ebsia p\u00ebr Zhvillim Ekonomik Lokal | Komuna e K\u00ebr\u00e7ov\u00ebs<\/title>\n<meta name=\"robots\" content=\"index, follow, max-snippet:-1, max-image-preview:large, max-video-preview:-1\" \/>\n<link rel=\"canonical\" href=\"https:\/\/kicevo.gov.mk\/oddelenie-za-lokalen-ekonomski-razvo\/\" \/>\n<meta property=\"og:locale\" content=\"sq_AL\" \/>\n<meta property=\"og:type\" content=\"article\" \/>\n<meta property=\"og:title\" content=\"Nj\u00ebsia p\u00ebr Zhvillim Ekonomik Lokal | Komuna e K\u00ebr\u00e7ov\u00ebs\" \/>\n<meta property=\"og:url\" content=\"https:\/\/kicevo.gov.mk\/oddelenie-za-lokalen-ekonomski-razvo\/\" \/>\n<meta property=\"og:site_name\" content=\"Komuna e K\u00ebr\u00e7ov\u00ebs\" \/>\n<meta property=\"article:modified_time\" content=\"2025-12-02T11:43:00+00:00\" \/>\n<meta name=\"twitter:card\" content=\"summary_large_image\" \/>\n<meta name=\"twitter:label1\" content=\"Est. reading time\" \/>\n\t<meta name=\"twitter:data1\" content=\"2 minuta\" \/>\n<script type=\"application\/ld+json\" class=\"yoast-schema-graph\">{\"@context\":\"https:\\\/\\\/schema.org\",\"@graph\":[{\"@type\":\"WebPage\",\"@id\":\"https:\\\/\\\/kicevo.gov.mk\\\/oddelenie-za-lokalen-ekonomski-razvo\\\/\",\"url\":\"https:\\\/\\\/kicevo.gov.mk\\\/oddelenie-za-lokalen-ekonomski-razvo\\\/\",\"name\":\"Nj\u00ebsia p\u00ebr Zhvillim Ekonomik Lokal | Komuna e K\u00ebr\u00e7ov\u00ebs\",\"isPartOf\":{\"@id\":\"https:\\\/\\\/kicevo.gov.mk\\\/#website\"},\"datePublished\":\"2022-09-23T10:26:36+00:00\",\"dateModified\":\"2025-12-02T11:43:00+00:00\",\"breadcrumb\":{\"@id\":\"https:\\\/\\\/kicevo.gov.mk\\\/oddelenie-za-lokalen-ekonomski-razvo\\\/#breadcrumb\"},\"inLanguage\":\"sq\",\"potentialAction\":[{\"@type\":\"ReadAction\",\"target\":[\"https:\\\/\\\/kicevo.gov.mk\\\/oddelenie-za-lokalen-ekonomski-razvo\\\/\"]}]},{\"@type\":\"BreadcrumbList\",\"@id\":\"https:\\\/\\\/kicevo.gov.mk\\\/oddelenie-za-lokalen-ekonomski-razvo\\\/#breadcrumb\",\"itemListElement\":[{\"@type\":\"ListItem\",\"position\":1,\"name\":\"\u041f\u043e\u0447\u0435\u0442\u043d\u0430\",\"item\":\"https:\\\/\\\/kicevo.gov.mk\\\/\"},{\"@type\":\"ListItem\",\"position\":2,\"name\":\"\u041e\u0434\u0434\u0435\u043b\u0435\u043d\u0438\u0435 \u0437\u0430 \u043b\u043e\u043a\u0430\u043b\u0435\u043d \u0435\u043a\u043e\u043d\u043e\u043c\u0441\u043a\u0438 \u0440\u0430\u0437\u0432\u043e\u0458\"}]},{\"@type\":\"WebSite\",\"@id\":\"https:\\\/\\\/kicevo.gov.mk\\\/#website\",\"url\":\"https:\\\/\\\/kicevo.gov.mk\\\/\",\"name\":\"\u041e\u043f\u0448\u0442\u0438\u043d\u0430 \u041a\u0438\u0447\u0435\u0432\u043e\",\"description\":\"Mir\u00eb se erdh\u00ebt n\u00eb ueb faqen zyrtare t\u00eb Komun\u00ebs s\u00eb K\u00ebr\u00e7ov\u00ebs\",\"publisher\":{\"@id\":\"https:\\\/\\\/kicevo.gov.mk\\\/#organization\"},\"potentialAction\":[{\"@type\":\"SearchAction\",\"target\":{\"@type\":\"EntryPoint\",\"urlTemplate\":\"https:\\\/\\\/kicevo.gov.mk\\\/?s={search_term_string}\"},\"query-input\":{\"@type\":\"PropertyValueSpecification\",\"valueRequired\":true,\"valueName\":\"search_term_string\"}}],\"inLanguage\":\"sq\"},{\"@type\":\"Organization\",\"@id\":\"https:\\\/\\\/kicevo.gov.mk\\\/#organization\",\"name\":\"Opstina Kicevo\",\"url\":\"https:\\\/\\\/kicevo.gov.mk\\\/\",\"logo\":{\"@type\":\"ImageObject\",\"inLanguage\":\"sq\",\"@id\":\"https:\\\/\\\/kicevo.gov.mk\\\/#\\\/schema\\\/logo\\\/image\\\/\",\"url\":\"https:\\\/\\\/kicevo.gov.mk\\\/wp-content\\\/uploads\\\/2025\\\/11\\\/logo-alb.png\",\"contentUrl\":\"https:\\\/\\\/kicevo.gov.mk\\\/wp-content\\\/uploads\\\/2025\\\/11\\\/logo-alb.png\",\"width\":1200,\"height\":1592,\"caption\":\"Opstina Kicevo\"},\"image\":{\"@id\":\"https:\\\/\\\/kicevo.gov.mk\\\/#\\\/schema\\\/logo\\\/image\\\/\"}}]}<\/script>\n<!-- \/ Yoast SEO plugin. -->","yoast_head_json":{"title":"Nj\u00ebsia p\u00ebr Zhvillim Ekonomik Lokal | Komuna e K\u00ebr\u00e7ov\u00ebs","robots":{"index":"index","follow":"follow","max-snippet":"max-snippet:-1","max-image-preview":"max-image-preview:large","max-video-preview":"max-video-preview:-1"},"canonical":"https:\/\/kicevo.gov.mk\/oddelenie-za-lokalen-ekonomski-razvo\/","og_locale":"sq_AL","og_type":"article","og_title":"Nj\u00ebsia p\u00ebr Zhvillim Ekonomik Lokal | Komuna e K\u00ebr\u00e7ov\u00ebs","og_url":"https:\/\/kicevo.gov.mk\/oddelenie-za-lokalen-ekonomski-razvo\/","og_site_name":"Komuna e K\u00ebr\u00e7ov\u00ebs","article_modified_time":"2025-12-02T11:43:00+00:00","twitter_card":"summary_large_image","twitter_misc":{"Est. reading time":"2 minuta"},"schema":{"@context":"https:\/\/schema.org","@graph":[{"@type":"WebPage","@id":"https:\/\/kicevo.gov.mk\/oddelenie-za-lokalen-ekonomski-razvo\/","url":"https:\/\/kicevo.gov.mk\/oddelenie-za-lokalen-ekonomski-razvo\/","name":"Nj\u00ebsia p\u00ebr Zhvillim Ekonomik Lokal | Komuna e K\u00ebr\u00e7ov\u00ebs","isPartOf":{"@id":"https:\/\/kicevo.gov.mk\/#website"},"datePublished":"2022-09-23T10:26:36+00:00","dateModified":"2025-12-02T11:43:00+00:00","breadcrumb":{"@id":"https:\/\/kicevo.gov.mk\/oddelenie-za-lokalen-ekonomski-razvo\/#breadcrumb"},"inLanguage":"sq","potentialAction":[{"@type":"ReadAction","target":["https:\/\/kicevo.gov.mk\/oddelenie-za-lokalen-ekonomski-razvo\/"]}]},{"@type":"BreadcrumbList","@id":"https:\/\/kicevo.gov.mk\/oddelenie-za-lokalen-ekonomski-razvo\/#breadcrumb","itemListElement":[{"@type":"ListItem","position":1,"name":"\u041f\u043e\u0447\u0435\u0442\u043d\u0430","item":"https:\/\/kicevo.gov.mk\/"},{"@type":"ListItem","position":2,"name":"\u041e\u0434\u0434\u0435\u043b\u0435\u043d\u0438\u0435 \u0437\u0430 \u043b\u043e\u043a\u0430\u043b\u0435\u043d \u0435\u043a\u043e\u043d\u043e\u043c\u0441\u043a\u0438 \u0440\u0430\u0437\u0432\u043e\u0458"}]},{"@type":"WebSite","@id":"https:\/\/kicevo.gov.mk\/#website","url":"https:\/\/kicevo.gov.mk\/","name":"\u041e\u043f\u0448\u0442\u0438\u043d\u0430 \u041a\u0438\u0447\u0435\u0432\u043e","description":"Mir\u00eb se erdh\u00ebt n\u00eb ueb faqen zyrtare t\u00eb Komun\u00ebs s\u00eb K\u00ebr\u00e7ov\u00ebs","publisher":{"@id":"https:\/\/kicevo.gov.mk\/#organization"},"potentialAction":[{"@type":"SearchAction","target":{"@type":"EntryPoint","urlTemplate":"https:\/\/kicevo.gov.mk\/?s={search_term_string}"},"query-input":{"@type":"PropertyValueSpecification","valueRequired":true,"valueName":"search_term_string"}}],"inLanguage":"sq"},{"@type":"Organization","@id":"https:\/\/kicevo.gov.mk\/#organization","name":"Opstina Kicevo","url":"https:\/\/kicevo.gov.mk\/","logo":{"@type":"ImageObject","inLanguage":"sq","@id":"https:\/\/kicevo.gov.mk\/#\/schema\/logo\/image\/","url":"https:\/\/kicevo.gov.mk\/wp-content\/uploads\/2025\/11\/logo-alb.png","contentUrl":"https:\/\/kicevo.gov.mk\/wp-content\/uploads\/2025\/11\/logo-alb.png","width":1200,"height":1592,"caption":"Opstina Kicevo"},"image":{"@id":"https:\/\/kicevo.gov.mk\/#\/schema\/logo\/image\/"}}]}},"uagb_featured_image_src":{"full":false,"thumbnail":false,"medium":false,"medium_large":false,"large":false,"1536x1536":false,"2048x2048":false,"vp_sm":false,"vp_md":false,"vp_lg":false,"vp_xl":false,"vp_sm_popup":false,"vp_md_popup":false,"vp_xl_popup":false},"uagb_author_info":{"display_name":"Marina","author_link":"https:\/\/kicevo.gov.mk\/sq\/author\/adminmsb\/"},"uagb_comment_info":0,"uagb_excerpt":"Nj\u00ebsia p\u00ebr Zhvillim Ekonomik Lokal merret me realizimin e p\u00ebrgjegj\u00ebsive q\u00eb kan\u00eb t\u00eb b\u00ebjn\u00eb me:","_links":{"self":[{"href":"https:\/\/kicevo.gov.mk\/sq\/wp-json\/wp\/v2\/pages\/1874","targetHints":{"allow":["GET"]}}],"collection":[{"href":"https:\/\/kicevo.gov.mk\/sq\/wp-json\/wp\/v2\/pages"}],"about":[{"href":"https:\/\/kicevo.gov.mk\/sq\/wp-json\/wp\/v2\/types\/page"}],"author":[{"embeddable":true,"href":"https:\/\/kicevo.gov.mk\/sq\/wp-json\/wp\/v2\/users\/3"}],"replies":[{"embeddable":true,"href":"https:\/\/kicevo.gov.mk\/sq\/wp-json\/wp\/v2\/comments?post=1874"}],"version-history":[{"count":5,"href":"https:\/\/kicevo.gov.mk\/sq\/wp-json\/wp\/v2\/pages\/1874\/revisions"}],"predecessor-version":[{"id":6857,"href":"https:\/\/kicevo.gov.mk\/sq\/wp-json\/wp\/v2\/pages\/1874\/revisions\/6857"}],"wp:attachment":[{"href":"https:\/\/kicevo.gov.mk\/sq\/wp-json\/wp\/v2\/media?parent=1874"}],"curies":[{"name":"wp","href":"https:\/\/api.w.org\/{rel}","templated":true}]}}