{"id":1852,"date":"2022-09-23T10:18:22","date_gmt":"2022-09-23T10:18:22","guid":{"rendered":"http:\/\/localhost\/opstina\/?page_id=1852"},"modified":"2025-12-02T11:42:29","modified_gmt":"2025-12-02T11:42:29","slug":"oddelenie-za-budzetska-kontrola","status":"publish","type":"page","link":"https:\/\/kicevo.gov.mk\/sq\/oddelenie-za-budzetska-kontrola\/","title":{"rendered":"Nj\u00ebsia p\u00ebr Kontrollin e buxhetit"},"content":{"rendered":"\n<p>Nj\u00ebsia p\u00ebr Kontrollin e buxhetit merret me realizimin e p\u00ebrgjegj\u00ebsive q\u00eb kan\u00eb t\u00eb b\u00ebjn\u00eb me:<\/p>\n\n\n\n<ul class=\"wp-block-list\">\n<li>Monitorimin dhe zbatimin i rregulloreve ligjore n\u00eb fush\u00ebn e kontrollit financiar<\/li>\n\n\n\n<li>Kontrollimi i realizimit t\u00eb buxhetit<\/li>\n\n\n\n<li>Kontrollimi i realizimit t\u00eb politikave t\u00eb vendosura dhe menaxhimit operativ (mbik\u00ebqyrja e t\u00eb gjith\u00eb procesit p\u00ebr menaxhimin financiar dhe kontrollin)<\/li>\n\n\n\n<li>Kontrolli i monitorimit t\u00eb zbatimit t\u00eb kontratave t\u00eb furniziit publik dhe zbaton kontrollin financiar ex ante dhe ex post<\/li>\n\n\n\n<li>Kryerja e nj\u00eb kontrolli t\u00eb dokumentuar t\u00eb plot\u00ebsis\u00eb dhe korrekt\u00ebsis\u00eb s\u00eb t\u00eb gjith\u00eb dokumentacionit (faturat, porosit\u00eb, flet\u00ebd\u00ebrgesat, urdhrat e pun\u00ebs, faturat, etj. dhe p\u00ebrputhshm\u00ebrin\u00eb e tyre me Kontrat\u00ebn e furnizimit publik)<\/li>\n\n\n\n<li>P\u00ebrgatitja e procesverbaleve dhe raporteve p\u00ebr kontrollet e kryera<\/li>\n\n\n\n<li>Vler\u00ebsimi i rrezikut t\u00eb proceseve t\u00eb menaxhimit financiar dhe kontrollit<\/li>\n\n\n\n<li>Kryerja e vet\u00ebvler\u00ebsimeve t\u00eb proceseve t\u00eb ve\u00e7anta t\u00eb sistemit t\u00eb menaxhimit financiar dhe kontrollit, bazuar n\u00eb vler\u00ebsimin e rrezikut dhe p\u00ebrgatitjen e nj\u00eb raporti p\u00ebr vet\u00ebproceset e kryera.<\/li>\n\n\n\n<li>Kontroll matematikor, formal dhe i rregullsis\u00eb s\u00eb dokumentacionit kontab\u00ebl p\u00ebrpara se t\u00eb b\u00ebhet pagesa n\u00eb baz\u00eb t\u00eb listave kontrolluese t\u00eb p\u00ebrgatitura.<\/li>\n\n\n\n<li>Kontrolli i p\u00ebrgjithsh\u00ebm i dokumentacionit kontab\u00ebl pas realizimit t\u00eb pages\u00ebs dhe<\/li>\n\n\n\n<li>Pun\u00eb tjera q\u00eb do t\u00eb jen\u00eb n\u00eb kuad\u00ebr t\u00eb kompetencave sipas ligjeve dhe rregulloreve tjera<\/li>\n<\/ul>\n","protected":false},"excerpt":{"rendered":"<p>Nj\u00ebsia p\u00ebr Kontrollin e buxhetit merret me realizimin e p\u00ebrgjegj\u00ebsive q\u00eb kan\u00eb t\u00eb b\u00ebjn\u00eb me:<\/p>\n","protected":false},"author":3,"featured_media":0,"parent":0,"menu_order":0,"comment_status":"closed","ping_status":"closed","template":"page-templates\/sidebar-right.php","meta":{"_uag_custom_page_level_css":"","_vp_format_video_url":"","_vp_image_focal_point":[],"footnotes":""},"class_list":["post-1852","page","type-page","status-publish","hentry"],"translation":{"provider":"WPGlobus","version":"3.0.2","language":"sq","enabled_languages":["mk","sq"],"languages":{"mk":{"title":true,"content":true,"excerpt":false},"sq":{"title":true,"content":true,"excerpt":false}}},"yoast_head":"<!-- This site is optimized with the Yoast SEO plugin v27.4 - https:\/\/yoast.com\/product\/yoast-seo-wordpress\/ -->\n<title>Nj\u00ebsia p\u00ebr Kontrollin e buxhetit | Komuna e K\u00ebr\u00e7ov\u00ebs<\/title>\n<meta name=\"robots\" content=\"index, follow, max-snippet:-1, max-image-preview:large, max-video-preview:-1\" \/>\n<link rel=\"canonical\" href=\"https:\/\/kicevo.gov.mk\/oddelenie-za-budzetska-kontrola\/\" \/>\n<meta property=\"og:locale\" content=\"sq_AL\" \/>\n<meta property=\"og:type\" content=\"article\" \/>\n<meta property=\"og:title\" content=\"Nj\u00ebsia p\u00ebr Kontrollin e buxhetit | Komuna e K\u00ebr\u00e7ov\u00ebs\" \/>\n<meta property=\"og:url\" content=\"https:\/\/kicevo.gov.mk\/oddelenie-za-budzetska-kontrola\/\" \/>\n<meta property=\"og:site_name\" content=\"Komuna e K\u00ebr\u00e7ov\u00ebs\" \/>\n<meta property=\"article:modified_time\" content=\"2025-12-02T11:42:29+00:00\" \/>\n<meta name=\"twitter:card\" content=\"summary_large_image\" \/>\n<meta name=\"twitter:label1\" content=\"Est. reading time\" \/>\n\t<meta name=\"twitter:data1\" content=\"1 minut\u00eb\" \/>\n<script type=\"application\/ld+json\" class=\"yoast-schema-graph\">{\"@context\":\"https:\\\/\\\/schema.org\",\"@graph\":[{\"@type\":\"WebPage\",\"@id\":\"https:\\\/\\\/kicevo.gov.mk\\\/oddelenie-za-budzetska-kontrola\\\/\",\"url\":\"https:\\\/\\\/kicevo.gov.mk\\\/oddelenie-za-budzetska-kontrola\\\/\",\"name\":\"Nj\u00ebsia p\u00ebr Kontrollin e buxhetit | Komuna e K\u00ebr\u00e7ov\u00ebs\",\"isPartOf\":{\"@id\":\"https:\\\/\\\/kicevo.gov.mk\\\/#website\"},\"datePublished\":\"2022-09-23T10:18:22+00:00\",\"dateModified\":\"2025-12-02T11:42:29+00:00\",\"breadcrumb\":{\"@id\":\"https:\\\/\\\/kicevo.gov.mk\\\/oddelenie-za-budzetska-kontrola\\\/#breadcrumb\"},\"inLanguage\":\"sq\",\"potentialAction\":[{\"@type\":\"ReadAction\",\"target\":[\"https:\\\/\\\/kicevo.gov.mk\\\/oddelenie-za-budzetska-kontrola\\\/\"]}]},{\"@type\":\"BreadcrumbList\",\"@id\":\"https:\\\/\\\/kicevo.gov.mk\\\/oddelenie-za-budzetska-kontrola\\\/#breadcrumb\",\"itemListElement\":[{\"@type\":\"ListItem\",\"position\":1,\"name\":\"\u041f\u043e\u0447\u0435\u0442\u043d\u0430\",\"item\":\"https:\\\/\\\/kicevo.gov.mk\\\/\"},{\"@type\":\"ListItem\",\"position\":2,\"name\":\"\u041e\u0434\u0434\u0435\u043b\u0435\u043d\u0438\u0435 \u0437\u0430 \u0431\u0443\u045f\u0435\u0442\u0441\u043a\u0430 \u043a\u043e\u043d\u0442\u0440\u043e\u043b\u0430\"}]},{\"@type\":\"WebSite\",\"@id\":\"https:\\\/\\\/kicevo.gov.mk\\\/#website\",\"url\":\"https:\\\/\\\/kicevo.gov.mk\\\/\",\"name\":\"\u041e\u043f\u0448\u0442\u0438\u043d\u0430 \u041a\u0438\u0447\u0435\u0432\u043e\",\"description\":\"Mir\u00eb se erdh\u00ebt n\u00eb ueb faqen zyrtare t\u00eb Komun\u00ebs s\u00eb K\u00ebr\u00e7ov\u00ebs\",\"publisher\":{\"@id\":\"https:\\\/\\\/kicevo.gov.mk\\\/#organization\"},\"potentialAction\":[{\"@type\":\"SearchAction\",\"target\":{\"@type\":\"EntryPoint\",\"urlTemplate\":\"https:\\\/\\\/kicevo.gov.mk\\\/?s={search_term_string}\"},\"query-input\":{\"@type\":\"PropertyValueSpecification\",\"valueRequired\":true,\"valueName\":\"search_term_string\"}}],\"inLanguage\":\"sq\"},{\"@type\":\"Organization\",\"@id\":\"https:\\\/\\\/kicevo.gov.mk\\\/#organization\",\"name\":\"Opstina Kicevo\",\"url\":\"https:\\\/\\\/kicevo.gov.mk\\\/\",\"logo\":{\"@type\":\"ImageObject\",\"inLanguage\":\"sq\",\"@id\":\"https:\\\/\\\/kicevo.gov.mk\\\/#\\\/schema\\\/logo\\\/image\\\/\",\"url\":\"https:\\\/\\\/kicevo.gov.mk\\\/wp-content\\\/uploads\\\/2025\\\/11\\\/logo-alb.png\",\"contentUrl\":\"https:\\\/\\\/kicevo.gov.mk\\\/wp-content\\\/uploads\\\/2025\\\/11\\\/logo-alb.png\",\"width\":1200,\"height\":1592,\"caption\":\"Opstina Kicevo\"},\"image\":{\"@id\":\"https:\\\/\\\/kicevo.gov.mk\\\/#\\\/schema\\\/logo\\\/image\\\/\"}}]}<\/script>\n<!-- \/ Yoast SEO plugin. -->","yoast_head_json":{"title":"Nj\u00ebsia p\u00ebr Kontrollin e buxhetit | Komuna e K\u00ebr\u00e7ov\u00ebs","robots":{"index":"index","follow":"follow","max-snippet":"max-snippet:-1","max-image-preview":"max-image-preview:large","max-video-preview":"max-video-preview:-1"},"canonical":"https:\/\/kicevo.gov.mk\/oddelenie-za-budzetska-kontrola\/","og_locale":"sq_AL","og_type":"article","og_title":"Nj\u00ebsia p\u00ebr Kontrollin e buxhetit | Komuna e K\u00ebr\u00e7ov\u00ebs","og_url":"https:\/\/kicevo.gov.mk\/oddelenie-za-budzetska-kontrola\/","og_site_name":"Komuna e K\u00ebr\u00e7ov\u00ebs","article_modified_time":"2025-12-02T11:42:29+00:00","twitter_card":"summary_large_image","twitter_misc":{"Est. reading time":"1 minut\u00eb"},"schema":{"@context":"https:\/\/schema.org","@graph":[{"@type":"WebPage","@id":"https:\/\/kicevo.gov.mk\/oddelenie-za-budzetska-kontrola\/","url":"https:\/\/kicevo.gov.mk\/oddelenie-za-budzetska-kontrola\/","name":"Nj\u00ebsia p\u00ebr Kontrollin e buxhetit | Komuna e K\u00ebr\u00e7ov\u00ebs","isPartOf":{"@id":"https:\/\/kicevo.gov.mk\/#website"},"datePublished":"2022-09-23T10:18:22+00:00","dateModified":"2025-12-02T11:42:29+00:00","breadcrumb":{"@id":"https:\/\/kicevo.gov.mk\/oddelenie-za-budzetska-kontrola\/#breadcrumb"},"inLanguage":"sq","potentialAction":[{"@type":"ReadAction","target":["https:\/\/kicevo.gov.mk\/oddelenie-za-budzetska-kontrola\/"]}]},{"@type":"BreadcrumbList","@id":"https:\/\/kicevo.gov.mk\/oddelenie-za-budzetska-kontrola\/#breadcrumb","itemListElement":[{"@type":"ListItem","position":1,"name":"\u041f\u043e\u0447\u0435\u0442\u043d\u0430","item":"https:\/\/kicevo.gov.mk\/"},{"@type":"ListItem","position":2,"name":"\u041e\u0434\u0434\u0435\u043b\u0435\u043d\u0438\u0435 \u0437\u0430 \u0431\u0443\u045f\u0435\u0442\u0441\u043a\u0430 \u043a\u043e\u043d\u0442\u0440\u043e\u043b\u0430"}]},{"@type":"WebSite","@id":"https:\/\/kicevo.gov.mk\/#website","url":"https:\/\/kicevo.gov.mk\/","name":"\u041e\u043f\u0448\u0442\u0438\u043d\u0430 \u041a\u0438\u0447\u0435\u0432\u043e","description":"Mir\u00eb se erdh\u00ebt n\u00eb ueb faqen zyrtare t\u00eb Komun\u00ebs s\u00eb K\u00ebr\u00e7ov\u00ebs","publisher":{"@id":"https:\/\/kicevo.gov.mk\/#organization"},"potentialAction":[{"@type":"SearchAction","target":{"@type":"EntryPoint","urlTemplate":"https:\/\/kicevo.gov.mk\/?s={search_term_string}"},"query-input":{"@type":"PropertyValueSpecification","valueRequired":true,"valueName":"search_term_string"}}],"inLanguage":"sq"},{"@type":"Organization","@id":"https:\/\/kicevo.gov.mk\/#organization","name":"Opstina Kicevo","url":"https:\/\/kicevo.gov.mk\/","logo":{"@type":"ImageObject","inLanguage":"sq","@id":"https:\/\/kicevo.gov.mk\/#\/schema\/logo\/image\/","url":"https:\/\/kicevo.gov.mk\/wp-content\/uploads\/2025\/11\/logo-alb.png","contentUrl":"https:\/\/kicevo.gov.mk\/wp-content\/uploads\/2025\/11\/logo-alb.png","width":1200,"height":1592,"caption":"Opstina Kicevo"},"image":{"@id":"https:\/\/kicevo.gov.mk\/#\/schema\/logo\/image\/"}}]}},"uagb_featured_image_src":{"full":false,"thumbnail":false,"medium":false,"medium_large":false,"large":false,"1536x1536":false,"2048x2048":false,"vp_sm":false,"vp_md":false,"vp_lg":false,"vp_xl":false,"vp_sm_popup":false,"vp_md_popup":false,"vp_xl_popup":false},"uagb_author_info":{"display_name":"Marina","author_link":"https:\/\/kicevo.gov.mk\/sq\/author\/adminmsb\/"},"uagb_comment_info":0,"uagb_excerpt":"Nj\u00ebsia p\u00ebr Kontrollin e buxhetit merret me realizimin e p\u00ebrgjegj\u00ebsive q\u00eb kan\u00eb t\u00eb b\u00ebjn\u00eb me:","_links":{"self":[{"href":"https:\/\/kicevo.gov.mk\/sq\/wp-json\/wp\/v2\/pages\/1852","targetHints":{"allow":["GET"]}}],"collection":[{"href":"https:\/\/kicevo.gov.mk\/sq\/wp-json\/wp\/v2\/pages"}],"about":[{"href":"https:\/\/kicevo.gov.mk\/sq\/wp-json\/wp\/v2\/types\/page"}],"author":[{"embeddable":true,"href":"https:\/\/kicevo.gov.mk\/sq\/wp-json\/wp\/v2\/users\/3"}],"replies":[{"embeddable":true,"href":"https:\/\/kicevo.gov.mk\/sq\/wp-json\/wp\/v2\/comments?post=1852"}],"version-history":[{"count":5,"href":"https:\/\/kicevo.gov.mk\/sq\/wp-json\/wp\/v2\/pages\/1852\/revisions"}],"predecessor-version":[{"id":6852,"href":"https:\/\/kicevo.gov.mk\/sq\/wp-json\/wp\/v2\/pages\/1852\/revisions\/6852"}],"wp:attachment":[{"href":"https:\/\/kicevo.gov.mk\/sq\/wp-json\/wp\/v2\/media?parent=1852"}],"curies":[{"name":"wp","href":"https:\/\/api.w.org\/{rel}","templated":true}]}}