{"id":1841,"date":"2022-09-23T10:12:39","date_gmt":"2022-09-23T10:12:39","guid":{"rendered":"http:\/\/localhost\/opstina\/?page_id=1841"},"modified":"2025-12-02T11:43:08","modified_gmt":"2025-12-02T11:43:08","slug":"oddelenie-za-protokol-i-koordinacija","status":"publish","type":"page","link":"https:\/\/kicevo.gov.mk\/sq\/oddelenie-za-protokol-i-koordinacija\/","title":{"rendered":"Nj\u00ebsia p\u00ebr Protokoll dhe Koordinimin e aktiviteteve t\u00eb Kryetarit t\u00eb komun\u00ebs"},"content":{"rendered":"\n<p>Nj\u00ebsia p\u00ebr Protokoll dhe Koordinimin e aktiviteteve t\u00eb Kryetarit t\u00eb komun\u00ebs merret me realizimin e p\u00ebrgjegj\u00ebsive q\u00eb kan\u00eb t\u00eb b\u00ebjn\u00eb me:<\/p>\n\n\n\n<ul class=\"wp-block-list\">\n<li>Kordinimi i aktiviteteve t\u00eb Kryetarit t\u00eb Komun\u00ebs<\/li>\n\n\n\n<li>Organizimi i mbledhjeve dhe takimeve t\u00eb Kryetarit t\u00eb Komun\u00ebs me persona t\u00eb brendsh\u00ebm dhe t\u00eb jasht\u00ebm<\/li>\n\n\n\n<li>Kryerja e pun\u00ebve teknike p\u00ebr nevojat e Kryetarit t\u00eb Komun\u00ebs<\/li>\n\n\n\n<li>Marrja, arkivimi, mbajtja dhe p\u00ebrcjellja e dokumentacionit p\u00ebr nevojat e Kryetarit t\u00eb Komun\u00ebs<\/li>\n\n\n\n<li>Kryerja e pun\u00ebs protokollare<\/li>\n\n\n\n<li>Organizimi dhe p\u00ebrgatitja e sh\u00ebnimeve dhe procesverbaleve nga protokolli dhe takimet e pun\u00ebs t\u00eb Kryetarit t\u00eb Komun\u00ebs<\/li>\n\n\n\n<li>Organizimi i takimeve t\u00eb kolegjiumit profesional t\u00eb udh\u00ebheq\u00ebsve t\u00eb sektoreve n\u00eb administrat\u00ebn komunale dhe n\u00ebpun\u00ebsve tjer\u00eb civil\u00eb nga administrata komunale.<\/li>\n\n\n\n<li>P\u00ebrgatitja e materialeve dhe informacioneve p\u00ebr nevojat e Kryetarit t\u00eb Komun\u00ebs p\u00ebr takimet dhe mbledhjet e tij.<\/li>\n\n\n\n<li>Organizimi i pun\u00ebve lidhur me vizitat e kryetarit jasht\u00eb vendit<\/li>\n\n\n\n<li>Organizimi, kordinimi dhe pjes\u00ebmarrja n\u00eb p\u00ebrgaditjen e vendimeve dhe rregulloreve tjera, programeve, informacioneve dhe akteve t\u00eb tjera dhe<\/li>\n\n\n\n<li>Pun\u00eb t\u00eb tjera q\u00eb do t\u00eb p\u00ebrcaktohen n\u00eb kuad\u00ebr t\u00eb kompetencave sipas ligjeve dhe rregulloreve tjera<\/li>\n<\/ul>\n","protected":false},"excerpt":{"rendered":"<p>Nj\u00ebsia p\u00ebr Protokoll dhe Koordinimin e aktiviteteve t\u00eb Kryetarit t\u00eb komun\u00ebs merret me realizimin e p\u00ebrgjegj\u00ebsive q\u00eb kan\u00eb t\u00eb b\u00ebjn\u00eb me:<\/p>\n","protected":false},"author":3,"featured_media":0,"parent":0,"menu_order":0,"comment_status":"closed","ping_status":"closed","template":"page-templates\/sidebar-right.php","meta":{"_uag_custom_page_level_css":"","_vp_format_video_url":"","_vp_image_focal_point":[],"footnotes":""},"class_list":["post-1841","page","type-page","status-publish","hentry"],"translation":{"provider":"WPGlobus","version":"3.0.2","language":"sq","enabled_languages":["mk","sq"],"languages":{"mk":{"title":true,"content":true,"excerpt":false},"sq":{"title":true,"content":true,"excerpt":false}}},"yoast_head":"<!-- This site is optimized with the Yoast SEO plugin v27.4 - https:\/\/yoast.com\/product\/yoast-seo-wordpress\/ -->\n<title>Nj\u00ebsia p\u00ebr Protokoll dhe Koordinimin e aktiviteteve t\u00eb Kryetarit t\u00eb komun\u00ebs | Komuna e K\u00ebr\u00e7ov\u00ebs<\/title>\n<meta name=\"robots\" content=\"index, follow, max-snippet:-1, max-image-preview:large, max-video-preview:-1\" \/>\n<link rel=\"canonical\" href=\"https:\/\/kicevo.gov.mk\/oddelenie-za-protokol-i-koordinacija\/\" \/>\n<meta property=\"og:locale\" content=\"sq_AL\" \/>\n<meta property=\"og:type\" content=\"article\" \/>\n<meta property=\"og:title\" content=\"Nj\u00ebsia p\u00ebr Protokoll dhe Koordinimin e aktiviteteve t\u00eb Kryetarit t\u00eb komun\u00ebs | Komuna e K\u00ebr\u00e7ov\u00ebs\" \/>\n<meta property=\"og:url\" content=\"https:\/\/kicevo.gov.mk\/oddelenie-za-protokol-i-koordinacija\/\" \/>\n<meta property=\"og:site_name\" content=\"Komuna e K\u00ebr\u00e7ov\u00ebs\" \/>\n<meta property=\"article:modified_time\" content=\"2025-12-02T11:43:08+00:00\" \/>\n<meta name=\"twitter:card\" content=\"summary_large_image\" \/>\n<meta name=\"twitter:label1\" content=\"Est. reading time\" \/>\n\t<meta name=\"twitter:data1\" content=\"1 minut\u00eb\" \/>\n<script type=\"application\/ld+json\" class=\"yoast-schema-graph\">{\"@context\":\"https:\\\/\\\/schema.org\",\"@graph\":[{\"@type\":\"WebPage\",\"@id\":\"https:\\\/\\\/kicevo.gov.mk\\\/oddelenie-za-protokol-i-koordinacija\\\/\",\"url\":\"https:\\\/\\\/kicevo.gov.mk\\\/oddelenie-za-protokol-i-koordinacija\\\/\",\"name\":\"Nj\u00ebsia p\u00ebr Protokoll dhe Koordinimin e aktiviteteve t\u00eb Kryetarit t\u00eb komun\u00ebs | Komuna e K\u00ebr\u00e7ov\u00ebs\",\"isPartOf\":{\"@id\":\"https:\\\/\\\/kicevo.gov.mk\\\/sq\\\/#website\"},\"datePublished\":\"2022-09-23T10:12:39+00:00\",\"dateModified\":\"2025-12-02T11:43:08+00:00\",\"breadcrumb\":{\"@id\":\"https:\\\/\\\/kicevo.gov.mk\\\/oddelenie-za-protokol-i-koordinacija\\\/#breadcrumb\"},\"inLanguage\":\"sq\",\"potentialAction\":[{\"@type\":\"ReadAction\",\"target\":[\"https:\\\/\\\/kicevo.gov.mk\\\/oddelenie-za-protokol-i-koordinacija\\\/\"]}]},{\"@type\":\"BreadcrumbList\",\"@id\":\"https:\\\/\\\/kicevo.gov.mk\\\/oddelenie-za-protokol-i-koordinacija\\\/#breadcrumb\",\"itemListElement\":[{\"@type\":\"ListItem\",\"position\":1,\"name\":\"\u041f\u043e\u0447\u0435\u0442\u043d\u0430\",\"item\":\"https:\\\/\\\/kicevo.gov.mk\\\/sq\\\/\"},{\"@type\":\"ListItem\",\"position\":2,\"name\":\"\u041e\u0434\u0434\u0435\u043b\u0435\u043d\u0438\u0435 \u0437\u0430 \u043f\u0440\u043e\u0442\u043e\u043a\u043e\u043b \u0438 \u043a\u043e\u043e\u0440\u0434\u0438\u043d\u0430\u0446\u0438\u0458\u0430 \u043d\u0430 \u0430\u043a\u0442\u0438\u0432\u043d\u043e\u0441\u0442\u0438 \u043d\u0430 \u0433\u0440\u0430\u0434\u043e\u043d\u0430\u0447\u0430\u043b\u043d\u0438\u043a\u043e\u0442\"}]},{\"@type\":\"WebSite\",\"@id\":\"https:\\\/\\\/kicevo.gov.mk\\\/sq\\\/#website\",\"url\":\"https:\\\/\\\/kicevo.gov.mk\\\/sq\\\/\",\"name\":\"\u041e\u043f\u0448\u0442\u0438\u043d\u0430 \u041a\u0438\u0447\u0435\u0432\u043e\",\"description\":\"Mir\u00eb se erdh\u00ebt n\u00eb ueb faqen zyrtare t\u00eb Komun\u00ebs s\u00eb K\u00ebr\u00e7ov\u00ebs\",\"publisher\":{\"@id\":\"https:\\\/\\\/kicevo.gov.mk\\\/sq\\\/#organization\"},\"potentialAction\":[{\"@type\":\"SearchAction\",\"target\":{\"@type\":\"EntryPoint\",\"urlTemplate\":\"https:\\\/\\\/kicevo.gov.mk\\\/sq\\\/?s={search_term_string}\"},\"query-input\":{\"@type\":\"PropertyValueSpecification\",\"valueRequired\":true,\"valueName\":\"search_term_string\"}}],\"inLanguage\":\"sq\"},{\"@type\":\"Organization\",\"@id\":\"https:\\\/\\\/kicevo.gov.mk\\\/sq\\\/#organization\",\"name\":\"Opstina Kicevo\",\"url\":\"https:\\\/\\\/kicevo.gov.mk\\\/sq\\\/\",\"logo\":{\"@type\":\"ImageObject\",\"inLanguage\":\"sq\",\"@id\":\"https:\\\/\\\/kicevo.gov.mk\\\/sq\\\/#\\\/schema\\\/logo\\\/image\\\/\",\"url\":\"https:\\\/\\\/kicevo.gov.mk\\\/wp-content\\\/uploads\\\/2025\\\/11\\\/logo-alb.png\",\"contentUrl\":\"https:\\\/\\\/kicevo.gov.mk\\\/wp-content\\\/uploads\\\/2025\\\/11\\\/logo-alb.png\",\"width\":1200,\"height\":1592,\"caption\":\"Opstina Kicevo\"},\"image\":{\"@id\":\"https:\\\/\\\/kicevo.gov.mk\\\/sq\\\/#\\\/schema\\\/logo\\\/image\\\/\"}}]}<\/script>\n<!-- \/ Yoast SEO plugin. -->","yoast_head_json":{"title":"Nj\u00ebsia p\u00ebr Protokoll dhe Koordinimin e aktiviteteve t\u00eb Kryetarit t\u00eb komun\u00ebs | Komuna e K\u00ebr\u00e7ov\u00ebs","robots":{"index":"index","follow":"follow","max-snippet":"max-snippet:-1","max-image-preview":"max-image-preview:large","max-video-preview":"max-video-preview:-1"},"canonical":"https:\/\/kicevo.gov.mk\/oddelenie-za-protokol-i-koordinacija\/","og_locale":"sq_AL","og_type":"article","og_title":"Nj\u00ebsia p\u00ebr Protokoll dhe Koordinimin e aktiviteteve t\u00eb Kryetarit t\u00eb komun\u00ebs | Komuna e K\u00ebr\u00e7ov\u00ebs","og_url":"https:\/\/kicevo.gov.mk\/oddelenie-za-protokol-i-koordinacija\/","og_site_name":"Komuna e K\u00ebr\u00e7ov\u00ebs","article_modified_time":"2025-12-02T11:43:08+00:00","twitter_card":"summary_large_image","twitter_misc":{"Est. reading time":"1 minut\u00eb"},"schema":{"@context":"https:\/\/schema.org","@graph":[{"@type":"WebPage","@id":"https:\/\/kicevo.gov.mk\/oddelenie-za-protokol-i-koordinacija\/","url":"https:\/\/kicevo.gov.mk\/oddelenie-za-protokol-i-koordinacija\/","name":"Nj\u00ebsia p\u00ebr Protokoll dhe Koordinimin e aktiviteteve t\u00eb Kryetarit t\u00eb komun\u00ebs | Komuna e K\u00ebr\u00e7ov\u00ebs","isPartOf":{"@id":"https:\/\/kicevo.gov.mk\/sq\/#website"},"datePublished":"2022-09-23T10:12:39+00:00","dateModified":"2025-12-02T11:43:08+00:00","breadcrumb":{"@id":"https:\/\/kicevo.gov.mk\/oddelenie-za-protokol-i-koordinacija\/#breadcrumb"},"inLanguage":"sq","potentialAction":[{"@type":"ReadAction","target":["https:\/\/kicevo.gov.mk\/oddelenie-za-protokol-i-koordinacija\/"]}]},{"@type":"BreadcrumbList","@id":"https:\/\/kicevo.gov.mk\/oddelenie-za-protokol-i-koordinacija\/#breadcrumb","itemListElement":[{"@type":"ListItem","position":1,"name":"\u041f\u043e\u0447\u0435\u0442\u043d\u0430","item":"https:\/\/kicevo.gov.mk\/sq\/"},{"@type":"ListItem","position":2,"name":"\u041e\u0434\u0434\u0435\u043b\u0435\u043d\u0438\u0435 \u0437\u0430 \u043f\u0440\u043e\u0442\u043e\u043a\u043e\u043b \u0438 \u043a\u043e\u043e\u0440\u0434\u0438\u043d\u0430\u0446\u0438\u0458\u0430 \u043d\u0430 \u0430\u043a\u0442\u0438\u0432\u043d\u043e\u0441\u0442\u0438 \u043d\u0430 \u0433\u0440\u0430\u0434\u043e\u043d\u0430\u0447\u0430\u043b\u043d\u0438\u043a\u043e\u0442"}]},{"@type":"WebSite","@id":"https:\/\/kicevo.gov.mk\/sq\/#website","url":"https:\/\/kicevo.gov.mk\/sq\/","name":"\u041e\u043f\u0448\u0442\u0438\u043d\u0430 \u041a\u0438\u0447\u0435\u0432\u043e","description":"Mir\u00eb se erdh\u00ebt n\u00eb ueb faqen zyrtare t\u00eb Komun\u00ebs s\u00eb K\u00ebr\u00e7ov\u00ebs","publisher":{"@id":"https:\/\/kicevo.gov.mk\/sq\/#organization"},"potentialAction":[{"@type":"SearchAction","target":{"@type":"EntryPoint","urlTemplate":"https:\/\/kicevo.gov.mk\/sq\/?s={search_term_string}"},"query-input":{"@type":"PropertyValueSpecification","valueRequired":true,"valueName":"search_term_string"}}],"inLanguage":"sq"},{"@type":"Organization","@id":"https:\/\/kicevo.gov.mk\/sq\/#organization","name":"Opstina Kicevo","url":"https:\/\/kicevo.gov.mk\/sq\/","logo":{"@type":"ImageObject","inLanguage":"sq","@id":"https:\/\/kicevo.gov.mk\/sq\/#\/schema\/logo\/image\/","url":"https:\/\/kicevo.gov.mk\/wp-content\/uploads\/2025\/11\/logo-alb.png","contentUrl":"https:\/\/kicevo.gov.mk\/wp-content\/uploads\/2025\/11\/logo-alb.png","width":1200,"height":1592,"caption":"Opstina Kicevo"},"image":{"@id":"https:\/\/kicevo.gov.mk\/sq\/#\/schema\/logo\/image\/"}}]}},"uagb_featured_image_src":{"full":false,"thumbnail":false,"medium":false,"medium_large":false,"large":false,"1536x1536":false,"2048x2048":false,"vp_sm":false,"vp_md":false,"vp_lg":false,"vp_xl":false,"vp_sm_popup":false,"vp_md_popup":false,"vp_xl_popup":false},"uagb_author_info":{"display_name":"Marina","author_link":"https:\/\/kicevo.gov.mk\/sq\/author\/adminmsb\/"},"uagb_comment_info":0,"uagb_excerpt":"Nj\u00ebsia p\u00ebr Protokoll dhe Koordinimin e aktiviteteve t\u00eb Kryetarit t\u00eb komun\u00ebs merret me realizimin e p\u00ebrgjegj\u00ebsive q\u00eb kan\u00eb t\u00eb b\u00ebjn\u00eb me:","_links":{"self":[{"href":"https:\/\/kicevo.gov.mk\/sq\/wp-json\/wp\/v2\/pages\/1841","targetHints":{"allow":["GET"]}}],"collection":[{"href":"https:\/\/kicevo.gov.mk\/sq\/wp-json\/wp\/v2\/pages"}],"about":[{"href":"https:\/\/kicevo.gov.mk\/sq\/wp-json\/wp\/v2\/types\/page"}],"author":[{"embeddable":true,"href":"https:\/\/kicevo.gov.mk\/sq\/wp-json\/wp\/v2\/users\/3"}],"replies":[{"embeddable":true,"href":"https:\/\/kicevo.gov.mk\/sq\/wp-json\/wp\/v2\/comments?post=1841"}],"version-history":[{"count":5,"href":"https:\/\/kicevo.gov.mk\/sq\/wp-json\/wp\/v2\/pages\/1841\/revisions"}],"predecessor-version":[{"id":6850,"href":"https:\/\/kicevo.gov.mk\/sq\/wp-json\/wp\/v2\/pages\/1841\/revisions\/6850"}],"wp:attachment":[{"href":"https:\/\/kicevo.gov.mk\/sq\/wp-json\/wp\/v2\/media?parent=1841"}],"curies":[{"name":"wp","href":"https:\/\/api.w.org\/{rel}","templated":true}]}}