{"id":1837,"date":"2022-09-23T10:10:24","date_gmt":"2022-09-23T10:10:24","guid":{"rendered":"http:\/\/localhost\/opstina\/?page_id=1837"},"modified":"2025-12-02T11:42:41","modified_gmt":"2025-12-02T11:42:41","slug":"oddelenie-za-dijaspora-megunarodna-s","status":"publish","type":"page","link":"https:\/\/kicevo.gov.mk\/sq\/oddelenie-za-dijaspora-megunarodna-s\/","title":{"rendered":"Nj\u00ebsia p\u00ebr Diaspor\u00eb, Bashk\u00ebpunim nd\u00ebrkomb\u00ebtar dhe Marr\u00ebdh\u00ebnie me publikun"},"content":{"rendered":"\n<p>Nj\u00ebsia p\u00ebr Diaspor\u00eb, Bashk\u00ebpunim nd\u00ebrkomb\u00ebtar dhe Marr\u00ebdh\u00ebnie me publikun merret me realizimin e p\u00ebrgjegj\u00ebsive q\u00eb kan\u00eb t\u00eb b\u00ebjn\u00eb me:<\/p>\n\n\n\n<ul class=\"wp-block-list\">\n<li>Pun\u00ebt dhe detyrat n\u00eb nj\u00ebsin\u00eb e fush\u00ebs s\u00eb informimit t\u00eb publikut dhe medias dhe transparenc\u00ebs n\u00eb funksionimin e komun\u00ebs.<\/li>\n\n\n\n<li>Organizimi i komunikimit me mediat n\u00eb lidhje me aktivitetet e organeve komunale, nd\u00ebrmarrjeve publike dhe sh\u00ebrbimeve publike t\u00eb themeluara nga Komuna.<\/li>\n\n\n\n<li>Kordinimi i dh\u00ebnies s\u00eb informacionit dhe p\u00ebrgatitja e p\u00ebrgjigjeve p\u00ebr pyetjet e qytetar\u00ebve dhe gazetar\u00ebve<\/li>\n\n\n\n<li>Pranimi dhe kordinimi i dor\u00ebzimit t\u00eb p\u00ebrgjigjeve t\u00eb arsyetuara ndaj parashtruesve t\u00eb &nbsp;k\u00ebrkesave dhe propozimeve<\/li>\n\n\n\n<li>P\u00ebrcaktimi i p\u00ebrmbajtjes dhe informacionit q\u00eb vendoset n\u00eb ueb faqen e komun\u00ebs<\/li>\n\n\n\n<li>Bashk\u00ebpunimi me organizata nd\u00ebrkomb\u00ebtare, me organizata joqeveritare, humanitare dhe organizata t\u00eb tjera<\/li>\n\n\n\n<li>Dh\u00ebnia e propozimeve p\u00ebr fillimin ose nxitjen e bashk\u00ebpunimit t\u00eb Komun\u00ebs me qytetet e binjak\u00ebzuara, me pal\u00ebt dhe donator\u00ebt nd\u00ebrkomb\u00ebtar\u00eb, organizatat dhe kreditor\u00ebt, personat e pun\u00ebsuar p\u00ebrkoh\u00ebsisht jasht\u00eb vendit, personat me q\u00ebndrim t\u00eb p\u00ebrkohsh\u00ebm jasht\u00eb vendit dhe m\u00ebrgimtar\u00ebt e tjer\u00eb nga diaspora me origjin\u00eb nga territori i komun\u00ebs<\/li>\n\n\n\n<li>Koordinimi n\u00eb realizimin e bashk\u00ebpunimit t\u00eb komun\u00ebs me qytetet e binjak\u00ebzuara, me donator\u00eb, organizata dhe kreditor\u00eb t\u00eb huaj dhe nd\u00ebrkomb\u00ebtar\u00eb, persona t\u00eb pun\u00ebsuar p\u00ebrkoh\u00ebsisht jasht\u00eb vendit, persona me q\u00ebndrim t\u00eb p\u00ebrkohsh\u00ebm jasht\u00eb vendit dhe m\u00ebrgimtar\u00eb t\u00eb tjer\u00eb nga diaspora me origjin\u00eb nga territori i komun\u00ebs.<\/li>\n\n\n\n<li>Zbatimi i programeve t\u00eb bashk\u00ebpunimit me qytetet e binjak\u00ebzuara<\/li>\n\n\n\n<li>Komunikimi i drejtp\u00ebrdrejt\u00eb me qytetar\u00ebt, marrja e propozimeve<\/li>\n\n\n\n<li>Mbledhja e informacionit nga sektor\u00ebt e ve\u00e7ant n\u00eb administrat\u00ebn komunale, K\u00ebshilli i Komun\u00ebs, nd\u00ebrmarrjet publike dhe institucionet dhe sh\u00ebrbimet tjera publike t\u00eb themeluara nga komuna.<\/li>\n\n\n\n<li>Analiz\u00eb e konferenc\u00ebs ditore p\u00ebr Kryetarin e Komun\u00ebs<\/li>\n\n\n\n<li>Ofrimi i informatave dhe p\u00ebrgatitja e p\u00ebrgjigjevendaj pyetjeve t\u00eb qytetar\u00ebve me sektor\u00ebt tjer\u00eb n\u00eb administrat\u00ebn komunale<\/li>\n\n\n\n<li>Gj\u00ebra t\u00eb tjera q\u00eb do t\u00eb p\u00ebrcaktohen n\u00eb kuad\u00ebr t\u00eb kompetencave sipas ligjeve dhe rregulloreve tjera<\/li>\n<\/ul>\n","protected":false},"excerpt":{"rendered":"<p>Nj\u00ebsia p\u00ebr Diaspor\u00eb, Bashk\u00ebpunim nd\u00ebrkomb\u00ebtar dhe Marr\u00ebdh\u00ebnie me publikun merret me realizimin e p\u00ebrgjegj\u00ebsive q\u00eb kan\u00eb t\u00eb b\u00ebjn\u00eb me:<\/p>\n","protected":false},"author":3,"featured_media":0,"parent":0,"menu_order":0,"comment_status":"closed","ping_status":"closed","template":"page-templates\/sidebar-right.php","meta":{"_uag_custom_page_level_css":"","_vp_format_video_url":"","_vp_image_focal_point":[],"footnotes":""},"class_list":["post-1837","page","type-page","status-publish","hentry"],"translation":{"provider":"WPGlobus","version":"3.0.2","language":"sq","enabled_languages":["mk","sq"],"languages":{"mk":{"title":true,"content":true,"excerpt":false},"sq":{"title":true,"content":true,"excerpt":false}}},"yoast_head":"<!-- This site is optimized with the Yoast SEO plugin v27.4 - https:\/\/yoast.com\/product\/yoast-seo-wordpress\/ -->\n<title>Nj\u00ebsia p\u00ebr Diaspor\u00eb, Bashk\u00ebpunim nd\u00ebrkomb\u00ebtar dhe Marr\u00ebdh\u00ebnie me publikun | Komuna e K\u00ebr\u00e7ov\u00ebs<\/title>\n<meta name=\"robots\" content=\"index, follow, max-snippet:-1, max-image-preview:large, max-video-preview:-1\" \/>\n<link rel=\"canonical\" href=\"https:\/\/kicevo.gov.mk\/sq\/oddelenie-za-dijaspora-megunarodna-s\/\" \/>\n<meta property=\"og:locale\" content=\"sq_AL\" \/>\n<meta property=\"og:type\" content=\"article\" \/>\n<meta property=\"og:title\" content=\"Nj\u00ebsia p\u00ebr Diaspor\u00eb, Bashk\u00ebpunim nd\u00ebrkomb\u00ebtar dhe Marr\u00ebdh\u00ebnie me publikun | Komuna e K\u00ebr\u00e7ov\u00ebs\" \/>\n<meta property=\"og:url\" content=\"https:\/\/kicevo.gov.mk\/sq\/oddelenie-za-dijaspora-megunarodna-s\/\" \/>\n<meta property=\"og:site_name\" content=\"Komuna e K\u00ebr\u00e7ov\u00ebs\" \/>\n<meta property=\"article:modified_time\" content=\"2025-12-02T11:42:41+00:00\" \/>\n<meta name=\"twitter:card\" content=\"summary_large_image\" \/>\n<meta name=\"twitter:label1\" content=\"Est. reading time\" \/>\n\t<meta name=\"twitter:data1\" content=\"2 minuta\" \/>\n<script type=\"application\/ld+json\" class=\"yoast-schema-graph\">{\"@context\":\"https:\\\/\\\/schema.org\",\"@graph\":[{\"@type\":\"WebPage\",\"@id\":\"https:\\\/\\\/kicevo.gov.mk\\\/sq\\\/oddelenie-za-dijaspora-megunarodna-s\\\/\",\"url\":\"https:\\\/\\\/kicevo.gov.mk\\\/sq\\\/oddelenie-za-dijaspora-megunarodna-s\\\/\",\"name\":\"Nj\u00ebsia p\u00ebr Diaspor\u00eb, Bashk\u00ebpunim nd\u00ebrkomb\u00ebtar dhe Marr\u00ebdh\u00ebnie me publikun | Komuna e K\u00ebr\u00e7ov\u00ebs\",\"isPartOf\":{\"@id\":\"https:\\\/\\\/kicevo.gov.mk\\\/#website\"},\"datePublished\":\"2022-09-23T10:10:24+00:00\",\"dateModified\":\"2025-12-02T11:42:41+00:00\",\"breadcrumb\":{\"@id\":\"https:\\\/\\\/kicevo.gov.mk\\\/sq\\\/oddelenie-za-dijaspora-megunarodna-s\\\/#breadcrumb\"},\"inLanguage\":\"sq\",\"potentialAction\":[{\"@type\":\"ReadAction\",\"target\":[\"https:\\\/\\\/kicevo.gov.mk\\\/sq\\\/oddelenie-za-dijaspora-megunarodna-s\\\/\"]}]},{\"@type\":\"BreadcrumbList\",\"@id\":\"https:\\\/\\\/kicevo.gov.mk\\\/sq\\\/oddelenie-za-dijaspora-megunarodna-s\\\/#breadcrumb\",\"itemListElement\":[{\"@type\":\"ListItem\",\"position\":1,\"name\":\"\u041f\u043e\u0447\u0435\u0442\u043d\u0430\",\"item\":\"https:\\\/\\\/kicevo.gov.mk\\\/\"},{\"@type\":\"ListItem\",\"position\":2,\"name\":\"Nj\u00ebsia p\u00ebr Diaspor\u00eb, Bashk\u00ebpunim nd\u00ebrkomb\u00ebtar dhe Marr\u00ebdh\u00ebnie me publikun\"}]},{\"@type\":\"WebSite\",\"@id\":\"https:\\\/\\\/kicevo.gov.mk\\\/#website\",\"url\":\"https:\\\/\\\/kicevo.gov.mk\\\/\",\"name\":\"\u041e\u043f\u0448\u0442\u0438\u043d\u0430 \u041a\u0438\u0447\u0435\u0432\u043e\",\"description\":\"Mir\u00eb se erdh\u00ebt n\u00eb ueb faqen zyrtare t\u00eb Komun\u00ebs s\u00eb K\u00ebr\u00e7ov\u00ebs\",\"publisher\":{\"@id\":\"https:\\\/\\\/kicevo.gov.mk\\\/#organization\"},\"potentialAction\":[{\"@type\":\"SearchAction\",\"target\":{\"@type\":\"EntryPoint\",\"urlTemplate\":\"https:\\\/\\\/kicevo.gov.mk\\\/?s={search_term_string}\"},\"query-input\":{\"@type\":\"PropertyValueSpecification\",\"valueRequired\":true,\"valueName\":\"search_term_string\"}}],\"inLanguage\":\"sq\"},{\"@type\":\"Organization\",\"@id\":\"https:\\\/\\\/kicevo.gov.mk\\\/#organization\",\"name\":\"Opstina Kicevo\",\"url\":\"https:\\\/\\\/kicevo.gov.mk\\\/\",\"logo\":{\"@type\":\"ImageObject\",\"inLanguage\":\"sq\",\"@id\":\"https:\\\/\\\/kicevo.gov.mk\\\/#\\\/schema\\\/logo\\\/image\\\/\",\"url\":\"https:\\\/\\\/kicevo.gov.mk\\\/wp-content\\\/uploads\\\/2025\\\/11\\\/logo-alb.png\",\"contentUrl\":\"https:\\\/\\\/kicevo.gov.mk\\\/wp-content\\\/uploads\\\/2025\\\/11\\\/logo-alb.png\",\"width\":1200,\"height\":1592,\"caption\":\"Opstina Kicevo\"},\"image\":{\"@id\":\"https:\\\/\\\/kicevo.gov.mk\\\/#\\\/schema\\\/logo\\\/image\\\/\"}}]}<\/script>\n<!-- \/ Yoast SEO plugin. -->","yoast_head_json":{"title":"Nj\u00ebsia p\u00ebr Diaspor\u00eb, Bashk\u00ebpunim nd\u00ebrkomb\u00ebtar dhe Marr\u00ebdh\u00ebnie me publikun | Komuna e K\u00ebr\u00e7ov\u00ebs","robots":{"index":"index","follow":"follow","max-snippet":"max-snippet:-1","max-image-preview":"max-image-preview:large","max-video-preview":"max-video-preview:-1"},"canonical":"https:\/\/kicevo.gov.mk\/sq\/oddelenie-za-dijaspora-megunarodna-s\/","og_locale":"sq_AL","og_type":"article","og_title":"Nj\u00ebsia p\u00ebr Diaspor\u00eb, Bashk\u00ebpunim nd\u00ebrkomb\u00ebtar dhe Marr\u00ebdh\u00ebnie me publikun | Komuna e K\u00ebr\u00e7ov\u00ebs","og_url":"https:\/\/kicevo.gov.mk\/sq\/oddelenie-za-dijaspora-megunarodna-s\/","og_site_name":"Komuna e K\u00ebr\u00e7ov\u00ebs","article_modified_time":"2025-12-02T11:42:41+00:00","twitter_card":"summary_large_image","twitter_misc":{"Est. reading time":"2 minuta"},"schema":{"@context":"https:\/\/schema.org","@graph":[{"@type":"WebPage","@id":"https:\/\/kicevo.gov.mk\/sq\/oddelenie-za-dijaspora-megunarodna-s\/","url":"https:\/\/kicevo.gov.mk\/sq\/oddelenie-za-dijaspora-megunarodna-s\/","name":"Nj\u00ebsia p\u00ebr Diaspor\u00eb, Bashk\u00ebpunim nd\u00ebrkomb\u00ebtar dhe Marr\u00ebdh\u00ebnie me publikun | Komuna e K\u00ebr\u00e7ov\u00ebs","isPartOf":{"@id":"https:\/\/kicevo.gov.mk\/#website"},"datePublished":"2022-09-23T10:10:24+00:00","dateModified":"2025-12-02T11:42:41+00:00","breadcrumb":{"@id":"https:\/\/kicevo.gov.mk\/sq\/oddelenie-za-dijaspora-megunarodna-s\/#breadcrumb"},"inLanguage":"sq","potentialAction":[{"@type":"ReadAction","target":["https:\/\/kicevo.gov.mk\/sq\/oddelenie-za-dijaspora-megunarodna-s\/"]}]},{"@type":"BreadcrumbList","@id":"https:\/\/kicevo.gov.mk\/sq\/oddelenie-za-dijaspora-megunarodna-s\/#breadcrumb","itemListElement":[{"@type":"ListItem","position":1,"name":"\u041f\u043e\u0447\u0435\u0442\u043d\u0430","item":"https:\/\/kicevo.gov.mk\/"},{"@type":"ListItem","position":2,"name":"Nj\u00ebsia p\u00ebr Diaspor\u00eb, Bashk\u00ebpunim nd\u00ebrkomb\u00ebtar dhe Marr\u00ebdh\u00ebnie me publikun"}]},{"@type":"WebSite","@id":"https:\/\/kicevo.gov.mk\/#website","url":"https:\/\/kicevo.gov.mk\/","name":"\u041e\u043f\u0448\u0442\u0438\u043d\u0430 \u041a\u0438\u0447\u0435\u0432\u043e","description":"Mir\u00eb se erdh\u00ebt n\u00eb ueb faqen zyrtare t\u00eb Komun\u00ebs s\u00eb K\u00ebr\u00e7ov\u00ebs","publisher":{"@id":"https:\/\/kicevo.gov.mk\/#organization"},"potentialAction":[{"@type":"SearchAction","target":{"@type":"EntryPoint","urlTemplate":"https:\/\/kicevo.gov.mk\/?s={search_term_string}"},"query-input":{"@type":"PropertyValueSpecification","valueRequired":true,"valueName":"search_term_string"}}],"inLanguage":"sq"},{"@type":"Organization","@id":"https:\/\/kicevo.gov.mk\/#organization","name":"Opstina Kicevo","url":"https:\/\/kicevo.gov.mk\/","logo":{"@type":"ImageObject","inLanguage":"sq","@id":"https:\/\/kicevo.gov.mk\/#\/schema\/logo\/image\/","url":"https:\/\/kicevo.gov.mk\/wp-content\/uploads\/2025\/11\/logo-alb.png","contentUrl":"https:\/\/kicevo.gov.mk\/wp-content\/uploads\/2025\/11\/logo-alb.png","width":1200,"height":1592,"caption":"Opstina Kicevo"},"image":{"@id":"https:\/\/kicevo.gov.mk\/#\/schema\/logo\/image\/"}}]}},"uagb_featured_image_src":{"full":false,"thumbnail":false,"medium":false,"medium_large":false,"large":false,"1536x1536":false,"2048x2048":false,"vp_sm":false,"vp_md":false,"vp_lg":false,"vp_xl":false,"vp_sm_popup":false,"vp_md_popup":false,"vp_xl_popup":false},"uagb_author_info":{"display_name":"Marina","author_link":"https:\/\/kicevo.gov.mk\/sq\/author\/adminmsb\/"},"uagb_comment_info":0,"uagb_excerpt":"Nj\u00ebsia p\u00ebr Diaspor\u00eb, Bashk\u00ebpunim nd\u00ebrkomb\u00ebtar dhe Marr\u00ebdh\u00ebnie me publikun merret me realizimin e p\u00ebrgjegj\u00ebsive q\u00eb kan\u00eb t\u00eb b\u00ebjn\u00eb me:","_links":{"self":[{"href":"https:\/\/kicevo.gov.mk\/sq\/wp-json\/wp\/v2\/pages\/1837","targetHints":{"allow":["GET"]}}],"collection":[{"href":"https:\/\/kicevo.gov.mk\/sq\/wp-json\/wp\/v2\/pages"}],"about":[{"href":"https:\/\/kicevo.gov.mk\/sq\/wp-json\/wp\/v2\/types\/page"}],"author":[{"embeddable":true,"href":"https:\/\/kicevo.gov.mk\/sq\/wp-json\/wp\/v2\/users\/3"}],"replies":[{"embeddable":true,"href":"https:\/\/kicevo.gov.mk\/sq\/wp-json\/wp\/v2\/comments?post=1837"}],"version-history":[{"count":5,"href":"https:\/\/kicevo.gov.mk\/sq\/wp-json\/wp\/v2\/pages\/1837\/revisions"}],"predecessor-version":[{"id":6875,"href":"https:\/\/kicevo.gov.mk\/sq\/wp-json\/wp\/v2\/pages\/1837\/revisions\/6875"}],"wp:attachment":[{"href":"https:\/\/kicevo.gov.mk\/sq\/wp-json\/wp\/v2\/media?parent=1837"}],"curies":[{"name":"wp","href":"https:\/\/api.w.org\/{rel}","templated":true}]}} 