{"id":1767,"date":"2022-09-22T11:48:52","date_gmt":"2022-09-22T11:48:52","guid":{"rendered":"http:\/\/localhost\/opstina\/?page_id=1767"},"modified":"2025-12-02T11:43:19","modified_gmt":"2025-12-02T11:43:19","slug":"oddelenie-za-upravuvanje-so-chovechki-re","status":"publish","type":"page","link":"https:\/\/kicevo.gov.mk\/sq\/oddelenie-za-upravuvanje-so-chovechki-re\/","title":{"rendered":"Nj\u00ebsia p\u00ebr Udh\u00ebheqjen e burimeve njer\u00ebzore"},"content":{"rendered":"\n<p>Nj\u00ebsia p\u00ebr Udh\u00ebheqjen e burimeve njer\u00ebzore kryen p\u00ebrgjegj\u00ebsit\u00eb q\u00eb lidhen me:<\/p>\n\n\n\n<ul class=\"wp-block-list\">\n<li>Monitorimi, studimi dhe zbatimi i rregulloreve ligjore n\u00eb fush\u00ebn e vet\u00ebqeverisjes lokale, pun\u00ebve dhe marr\u00ebdh\u00ebniet zyrtare.<\/li>\n\n\n\n<li>P\u00ebrgatitja e propozim-vendimit p\u00ebr organizimin, fush\u00ebveprimin dhe m\u00ebnyr\u00ebn e kryerjes s\u00eb detyrave t\u00eb administrat\u00ebs komunale, propozim-rregullore p\u00ebr sistemimin e vendeve t\u00eb pun\u00ebs n\u00eb administrat\u00ebn komunale, si dhe ndryshimet dhe plot\u00ebsimet n\u00eb k\u00ebto akte.<\/li>\n\n\n\n<li>P\u00ebrdit\u00ebsimi i baz\u00ebs s\u00eb t\u00eb dh\u00ebnave zgjedhore p\u00ebr punonj\u00ebsit<\/li>\n\n\n\n<li>Menaxhimi i dosjeve personale t\u00eb t\u00eb gjith\u00eb punonj\u00ebsve n\u00eb administrat\u00ebn komunale<\/li>\n\n\n\n<li>Mbajtja e sh\u00ebnimeve t\u00eb frekuentimit t\u00eb punonj\u00ebsve n\u00eb pun\u00eb, si dhe marrja dhe p\u00ebrpunimi i t\u00eb dh\u00ebnave t\u00eb pushimit mjek\u00ebsor, kontrolli dhe d\u00ebrgimi i tyre n\u00eb Sektorin p\u00ebr \u00e7\u00ebshtje financiare.<\/li>\n\n\n\n<li>Zbatimi i procedur\u00ebs p\u00ebr pun\u00ebsimin e n\u00ebpun\u00ebsve civil\u00eb dhe personave pa statusin e n\u00ebpun\u00ebsit civil<\/li>\n\n\n\n<li>Plot\u00ebsimi dhe dor\u00ebzimi i formular\u00ebve t\u00eb DS n\u00eb Regjistrin qendror t\u00eb n\u00ebpun\u00ebsve civil q\u00eb mbahet nga Ministria p\u00ebr Shoq\u00ebri&nbsp; Informatike dhe Administrat\u00eb.<\/li>\n\n\n\n<li>Kordinimi i procesit t\u00eb vler\u00ebsimit t\u00eb n\u00ebpun\u00ebsve civil\u00eb<\/li>\n\n\n\n<li>Kordinimi dhe p\u00ebrgatitja e planit p\u00ebr shfryt\u00ebzimin e pushimeve vjetore dhe hartimi i zgjidhjeve p\u00ebr pushimet vjetore<\/li>\n\n\n\n<li>Bashk\u00ebpunimi me Ministrin\u00eb p\u00ebr Shoq\u00ebri Informative dhe Administrat\u00eb lidhur me t\u00eb gjitha \u00e7\u00ebshtjet q\u00eb kan\u00eb t\u00eb b\u00ebjn\u00eb me Ligjin p\u00ebr n\u00ebpun\u00ebsin civil n\u00eb fush\u00ebn e trajnimit.<\/li>\n\n\n\n<li>Propozimi i masave p\u00ebr sigurimin e kushteve optimale t\u00eb pun\u00ebs p\u00ebr punonj\u00ebsit dhe p\u00ebrmir\u00ebsimin e tyre n\u00eb zbatim t\u00eb akteve ligjore dhe n\u00ebnligjore n\u00eb kompetenc\u00eb t\u00eb komun\u00ebs.<\/li>\n\n\n\n<li>P\u00ebrgatitja e programit vjetor t\u00eb trajnimit p\u00ebr n\u00ebpun\u00ebsit civil\u00eb dhe punonj\u00ebsit e administrat\u00ebs komunale pa statusin e n\u00ebpun\u00ebsit civil<\/li>\n\n\n\n<li>P\u00ebrgatitja dhe p\u00ebrpunimi i t\u00eb dh\u00ebnave n\u00eb lidhje me burimet njer\u00ebzore dhe p\u00ebrpunimi i dokumentacionit p\u00ebr p\u00ebrgatitjen e analizave dhe informacionit t\u00eb nevojsh\u00ebm p\u00ebr p\u00ebrgatitjen e planeve vjetore t\u00eb trajnimit.<\/li>\n\n\n\n<li>Analiza e nevojave p\u00ebr trajnim t\u00eb n\u00ebpun\u00ebsve civil\u00eb, p\u00ebrgatit &nbsp;program trajnimi vjetor, &nbsp;buxhet p\u00ebr realizimin e programit vjetor t\u00eb trajnimit, kurrikulat p\u00ebr p\u00ebrzgjedhjen e trajner\u00ebve, kordinon dhe monitoron procesin e realizimit t\u00eb programit vjetor t\u00eb trajnimit dhe vler\u00ebsimin e trajnimet nga aspekti i aplikimit t\u00eb njohurive t\u00eb marra nga trajnimet e kryera<\/li>\n\n\n\n<li>P\u00ebrgatit nj\u00eb raport gjasht\u00ebmujor p\u00ebr trajnimin e kryer t\u00eb specializuar p\u00ebr n\u00ebpun\u00ebsit civil\u00eb dhe ia paraqet Ministris\u00eb p\u00ebr Shoq\u00ebri Informative dhe Administrat\u00eb n\u00eb form\u00eb elektronike dhe t\u00eb printuar.<\/li>\n\n\n\n<li>Zhvillimi i specifikimeve teknike p\u00ebr p\u00ebrzgjedhjen e organizatave t\u00eb jashtme p\u00ebr p\u00ebrgatitjen e programeve t\u00eb trajnimit dhe zbatimin e tyre p\u00ebr nevojat e Komisionit t\u00eb furnizime publike.<\/li>\n\n\n\n<li>P\u00ebrgatit kontrata p\u00ebr rregullimin e t\u00eb drejtave dhe detyrimeve t\u00eb nd\u00ebrsjella gjat\u00eb formimit dhe zhvillimit profesional t\u00eb n\u00ebpun\u00ebsve civil\u00eb sipas k\u00ebrkes\u00ebs s\u00eb organit.<\/li>\n\n\n\n<li>Monitorimin dhe zbatimin e rregulloreve t\u00eb fush\u00ebs ku punon, bashk\u00ebpunon me n\u00ebpun\u00ebs t\u00eb tjer\u00eb civil\u00eb dhe ndihmon n\u00eb realizimin e kompetencave t\u00eb tjera nga fush\u00ebveprimi i nj\u00ebsis\u00eb dhe<\/li>\n\n\n\n<li>Gj\u00ebra t\u00eb tjera q\u00eb do t\u00eb p\u00ebrcaktohen n\u00eb kuad\u00ebr t\u00eb kompetencave sipas ligjeve dhe rregulloreve tjera<\/li>\n<\/ul>\n","protected":false},"excerpt":{"rendered":"<p>Nj\u00ebsia p\u00ebr Udh\u00ebheqjen e burimeve njer\u00ebzore kryen p\u00ebrgjegj\u00ebsit\u00eb q\u00eb lidhen me:<\/p>\n","protected":false},"author":3,"featured_media":0,"parent":0,"menu_order":0,"comment_status":"closed","ping_status":"closed","template":"page-templates\/sidebar-right.php","meta":{"_uag_custom_page_level_css":"","_vp_format_video_url":"","_vp_image_focal_point":[],"footnotes":""},"class_list":["post-1767","page","type-page","status-publish","hentry"],"translation":{"provider":"WPGlobus","version":"3.0.2","language":"sq","enabled_languages":["mk","sq"],"languages":{"mk":{"title":true,"content":true,"excerpt":false},"sq":{"title":true,"content":true,"excerpt":false}}},"yoast_head":"<!-- This site is optimized with the Yoast SEO plugin v27.4 - https:\/\/yoast.com\/product\/yoast-seo-wordpress\/ -->\n<title>Nj\u00ebsia p\u00ebr Udh\u00ebheqjen e burimeve njer\u00ebzore | Komuna e K\u00ebr\u00e7ov\u00ebs<\/title>\n<meta name=\"robots\" content=\"index, follow, max-snippet:-1, max-image-preview:large, max-video-preview:-1\" \/>\n<link rel=\"canonical\" href=\"https:\/\/kicevo.gov.mk\/oddelenie-za-upravuvanje-so-chovechki-re\/\" \/>\n<meta property=\"og:locale\" content=\"sq_AL\" \/>\n<meta property=\"og:type\" content=\"article\" \/>\n<meta property=\"og:title\" content=\"Nj\u00ebsia p\u00ebr Udh\u00ebheqjen e burimeve njer\u00ebzore | Komuna e K\u00ebr\u00e7ov\u00ebs\" \/>\n<meta property=\"og:url\" content=\"https:\/\/kicevo.gov.mk\/oddelenie-za-upravuvanje-so-chovechki-re\/\" \/>\n<meta property=\"og:site_name\" content=\"Komuna e K\u00ebr\u00e7ov\u00ebs\" \/>\n<meta property=\"article:modified_time\" content=\"2025-12-02T11:43:19+00:00\" \/>\n<meta name=\"twitter:card\" content=\"summary_large_image\" \/>\n<meta name=\"twitter:label1\" content=\"Est. reading time\" \/>\n\t<meta name=\"twitter:data1\" content=\"3 minuta\" \/>\n<script type=\"application\/ld+json\" class=\"yoast-schema-graph\">{\"@context\":\"https:\\\/\\\/schema.org\",\"@graph\":[{\"@type\":\"WebPage\",\"@id\":\"https:\\\/\\\/kicevo.gov.mk\\\/oddelenie-za-upravuvanje-so-chovechki-re\\\/\",\"url\":\"https:\\\/\\\/kicevo.gov.mk\\\/oddelenie-za-upravuvanje-so-chovechki-re\\\/\",\"name\":\"Nj\u00ebsia p\u00ebr Udh\u00ebheqjen e burimeve njer\u00ebzore | Komuna e K\u00ebr\u00e7ov\u00ebs\",\"isPartOf\":{\"@id\":\"https:\\\/\\\/kicevo.gov.mk\\\/#website\"},\"datePublished\":\"2022-09-22T11:48:52+00:00\",\"dateModified\":\"2025-12-02T11:43:19+00:00\",\"breadcrumb\":{\"@id\":\"https:\\\/\\\/kicevo.gov.mk\\\/oddelenie-za-upravuvanje-so-chovechki-re\\\/#breadcrumb\"},\"inLanguage\":\"sq\",\"potentialAction\":[{\"@type\":\"ReadAction\",\"target\":[\"https:\\\/\\\/kicevo.gov.mk\\\/oddelenie-za-upravuvanje-so-chovechki-re\\\/\"]}]},{\"@type\":\"BreadcrumbList\",\"@id\":\"https:\\\/\\\/kicevo.gov.mk\\\/oddelenie-za-upravuvanje-so-chovechki-re\\\/#breadcrumb\",\"itemListElement\":[{\"@type\":\"ListItem\",\"position\":1,\"name\":\"\u041f\u043e\u0447\u0435\u0442\u043d\u0430\",\"item\":\"https:\\\/\\\/kicevo.gov.mk\\\/\"},{\"@type\":\"ListItem\",\"position\":2,\"name\":\"\u041e\u0434\u0434\u0435\u043b\u0435\u043d\u0438\u0435 \u0437\u0430 \u0443\u043f\u0440\u0430\u0432\u0443\u0432\u0430\u045a\u0435 \u0441\u043e \u0447\u043e\u0432\u0435\u0447\u043a\u0438 \u0440\u0435\u0441\u0443\u0440\u0441\u0438\"}]},{\"@type\":\"WebSite\",\"@id\":\"https:\\\/\\\/kicevo.gov.mk\\\/#website\",\"url\":\"https:\\\/\\\/kicevo.gov.mk\\\/\",\"name\":\"\u041e\u043f\u0448\u0442\u0438\u043d\u0430 \u041a\u0438\u0447\u0435\u0432\u043e\",\"description\":\"Mir\u00eb se erdh\u00ebt n\u00eb ueb faqen zyrtare t\u00eb Komun\u00ebs s\u00eb K\u00ebr\u00e7ov\u00ebs\",\"publisher\":{\"@id\":\"https:\\\/\\\/kicevo.gov.mk\\\/#organization\"},\"potentialAction\":[{\"@type\":\"SearchAction\",\"target\":{\"@type\":\"EntryPoint\",\"urlTemplate\":\"https:\\\/\\\/kicevo.gov.mk\\\/?s={search_term_string}\"},\"query-input\":{\"@type\":\"PropertyValueSpecification\",\"valueRequired\":true,\"valueName\":\"search_term_string\"}}],\"inLanguage\":\"sq\"},{\"@type\":\"Organization\",\"@id\":\"https:\\\/\\\/kicevo.gov.mk\\\/#organization\",\"name\":\"Opstina Kicevo\",\"url\":\"https:\\\/\\\/kicevo.gov.mk\\\/\",\"logo\":{\"@type\":\"ImageObject\",\"inLanguage\":\"sq\",\"@id\":\"https:\\\/\\\/kicevo.gov.mk\\\/#\\\/schema\\\/logo\\\/image\\\/\",\"url\":\"https:\\\/\\\/kicevo.gov.mk\\\/wp-content\\\/uploads\\\/2025\\\/11\\\/logo-alb.png\",\"contentUrl\":\"https:\\\/\\\/kicevo.gov.mk\\\/wp-content\\\/uploads\\\/2025\\\/11\\\/logo-alb.png\",\"width\":1200,\"height\":1592,\"caption\":\"Opstina Kicevo\"},\"image\":{\"@id\":\"https:\\\/\\\/kicevo.gov.mk\\\/#\\\/schema\\\/logo\\\/image\\\/\"}}]}<\/script>\n<!-- \/ Yoast SEO plugin. -->","yoast_head_json":{"title":"Nj\u00ebsia p\u00ebr Udh\u00ebheqjen e burimeve njer\u00ebzore | Komuna e K\u00ebr\u00e7ov\u00ebs","robots":{"index":"index","follow":"follow","max-snippet":"max-snippet:-1","max-image-preview":"max-image-preview:large","max-video-preview":"max-video-preview:-1"},"canonical":"https:\/\/kicevo.gov.mk\/oddelenie-za-upravuvanje-so-chovechki-re\/","og_locale":"sq_AL","og_type":"article","og_title":"Nj\u00ebsia p\u00ebr Udh\u00ebheqjen e burimeve njer\u00ebzore | Komuna e K\u00ebr\u00e7ov\u00ebs","og_url":"https:\/\/kicevo.gov.mk\/oddelenie-za-upravuvanje-so-chovechki-re\/","og_site_name":"Komuna e K\u00ebr\u00e7ov\u00ebs","article_modified_time":"2025-12-02T11:43:19+00:00","twitter_card":"summary_large_image","twitter_misc":{"Est. reading time":"3 minuta"},"schema":{"@context":"https:\/\/schema.org","@graph":[{"@type":"WebPage","@id":"https:\/\/kicevo.gov.mk\/oddelenie-za-upravuvanje-so-chovechki-re\/","url":"https:\/\/kicevo.gov.mk\/oddelenie-za-upravuvanje-so-chovechki-re\/","name":"Nj\u00ebsia p\u00ebr Udh\u00ebheqjen e burimeve njer\u00ebzore | Komuna e K\u00ebr\u00e7ov\u00ebs","isPartOf":{"@id":"https:\/\/kicevo.gov.mk\/#website"},"datePublished":"2022-09-22T11:48:52+00:00","dateModified":"2025-12-02T11:43:19+00:00","breadcrumb":{"@id":"https:\/\/kicevo.gov.mk\/oddelenie-za-upravuvanje-so-chovechki-re\/#breadcrumb"},"inLanguage":"sq","potentialAction":[{"@type":"ReadAction","target":["https:\/\/kicevo.gov.mk\/oddelenie-za-upravuvanje-so-chovechki-re\/"]}]},{"@type":"BreadcrumbList","@id":"https:\/\/kicevo.gov.mk\/oddelenie-za-upravuvanje-so-chovechki-re\/#breadcrumb","itemListElement":[{"@type":"ListItem","position":1,"name":"\u041f\u043e\u0447\u0435\u0442\u043d\u0430","item":"https:\/\/kicevo.gov.mk\/"},{"@type":"ListItem","position":2,"name":"\u041e\u0434\u0434\u0435\u043b\u0435\u043d\u0438\u0435 \u0437\u0430 \u0443\u043f\u0440\u0430\u0432\u0443\u0432\u0430\u045a\u0435 \u0441\u043e \u0447\u043e\u0432\u0435\u0447\u043a\u0438 \u0440\u0435\u0441\u0443\u0440\u0441\u0438"}]},{"@type":"WebSite","@id":"https:\/\/kicevo.gov.mk\/#website","url":"https:\/\/kicevo.gov.mk\/","name":"\u041e\u043f\u0448\u0442\u0438\u043d\u0430 \u041a\u0438\u0447\u0435\u0432\u043e","description":"Mir\u00eb se erdh\u00ebt n\u00eb ueb faqen zyrtare t\u00eb Komun\u00ebs s\u00eb K\u00ebr\u00e7ov\u00ebs","publisher":{"@id":"https:\/\/kicevo.gov.mk\/#organization"},"potentialAction":[{"@type":"SearchAction","target":{"@type":"EntryPoint","urlTemplate":"https:\/\/kicevo.gov.mk\/?s={search_term_string}"},"query-input":{"@type":"PropertyValueSpecification","valueRequired":true,"valueName":"search_term_string"}}],"inLanguage":"sq"},{"@type":"Organization","@id":"https:\/\/kicevo.gov.mk\/#organization","name":"Opstina Kicevo","url":"https:\/\/kicevo.gov.mk\/","logo":{"@type":"ImageObject","inLanguage":"sq","@id":"https:\/\/kicevo.gov.mk\/#\/schema\/logo\/image\/","url":"https:\/\/kicevo.gov.mk\/wp-content\/uploads\/2025\/11\/logo-alb.png","contentUrl":"https:\/\/kicevo.gov.mk\/wp-content\/uploads\/2025\/11\/logo-alb.png","width":1200,"height":1592,"caption":"Opstina Kicevo"},"image":{"@id":"https:\/\/kicevo.gov.mk\/#\/schema\/logo\/image\/"}}]}},"uagb_featured_image_src":{"full":false,"thumbnail":false,"medium":false,"medium_large":false,"large":false,"1536x1536":false,"2048x2048":false,"vp_sm":false,"vp_md":false,"vp_lg":false,"vp_xl":false,"vp_sm_popup":false,"vp_md_popup":false,"vp_xl_popup":false},"uagb_author_info":{"display_name":"Marina","author_link":"https:\/\/kicevo.gov.mk\/sq\/author\/adminmsb\/"},"uagb_comment_info":0,"uagb_excerpt":"Nj\u00ebsia p\u00ebr Udh\u00ebheqjen e burimeve njer\u00ebzore kryen p\u00ebrgjegj\u00ebsit\u00eb q\u00eb lidhen me:","_links":{"self":[{"href":"https:\/\/kicevo.gov.mk\/sq\/wp-json\/wp\/v2\/pages\/1767","targetHints":{"allow":["GET"]}}],"collection":[{"href":"https:\/\/kicevo.gov.mk\/sq\/wp-json\/wp\/v2\/pages"}],"about":[{"href":"https:\/\/kicevo.gov.mk\/sq\/wp-json\/wp\/v2\/types\/page"}],"author":[{"embeddable":true,"href":"https:\/\/kicevo.gov.mk\/sq\/wp-json\/wp\/v2\/users\/3"}],"replies":[{"embeddable":true,"href":"https:\/\/kicevo.gov.mk\/sq\/wp-json\/wp\/v2\/comments?post=1767"}],"version-history":[{"count":4,"href":"https:\/\/kicevo.gov.mk\/sq\/wp-json\/wp\/v2\/pages\/1767\/revisions"}],"predecessor-version":[{"id":6872,"href":"https:\/\/kicevo.gov.mk\/sq\/wp-json\/wp\/v2\/pages\/1767\/revisions\/6872"}],"wp:attachment":[{"href":"https:\/\/kicevo.gov.mk\/sq\/wp-json\/wp\/v2\/media?parent=1767"}],"curies":[{"name":"wp","href":"https:\/\/api.w.org\/{rel}","templated":true}]}}