{"id":1560,"date":"2022-09-19T12:36:01","date_gmt":"2022-09-19T12:36:01","guid":{"rendered":"http:\/\/localhost\/opstina\/?page_id=1560"},"modified":"2026-03-26T13:31:46","modified_gmt":"2026-03-26T13:31:46","slug":"urbani-i-mesni-zaednici","status":"publish","type":"page","link":"https:\/\/kicevo.gov.mk\/sq\/urbani-i-mesni-zaednici\/","title":{"rendered":"Bashk\u00ebsit\u00eb urbane dhe lokale"},"content":{"rendered":"\n<figure class=\"wp-block-image size-full\"><img loading=\"lazy\" decoding=\"async\" width=\"1068\" height=\"601\" src=\"https:\/\/kicevo.gov.mk\/wp-content\/uploads\/2022\/09\/Kicevo-1.jpg\" alt=\"\" class=\"wp-image-1489\"\/><\/figure>\n\n\n\n<div style=\"height:30px\" aria-hidden=\"true\" class=\"wp-block-spacer\"><\/div>\n\n\n\n<h4 class=\"wp-block-heading\">Vet\u00ebqeverisja lokale n\u00eb komun\u00eb<\/h4>\n\n\n\n<p>Qytetar\u00ebt n\u00eb komun\u00eb vendosin p\u00ebr \u00e7\u00ebshtje me r\u00ebnd\u00ebsi t\u00eb drejt\u00ebp\u00ebrdrejta dhe t\u00eb p\u00ebrditshme nga jeta dhe puna e tyre dhe p\u00ebrmes formave t\u00eb vet\u00ebqeverisjes lokale.<\/p>\n\n\n\n<p>N\u00eb Komun\u00eb, si forma t\u00eb Vet\u00ebqeverisjes Lokale, n\u00eb qytet mund t\u00eb themelohen -bashk\u00ebsi urbane, nd\u00ebrsa n\u00eb vendbanimet tjera rurale &#8211; bashk\u00ebsi rurale.<\/p>\n\n\n\n<p>Forma e Vet\u00ebqeverisjes Lokale \u00ebsht\u00eb e bazuar n\u00eb qytet, p\u00ebr nj\u00ebsi urbane sipas planit urbanistik nd\u00ebrsa p\u00ebr vendbanimet tjera t\u00eb komun\u00ebs kadastrale t\u00eb vendbanimit.<\/p>\n\n\n\n<p>N\u00ebp\u00ebrmjet formave t\u00eb vet\u00ebqeverisjes lokale qytetar\u00ebt kujdesen p\u00ebr:<\/p>\n\n\n\n<ul class=\"wp-block-list\">\n<li>Zgjidhja e \u00e7\u00ebshtjeve t\u00eb infrastruktur\u00ebs komunale p\u00ebr zon\u00ebn p\u00ebrkat\u00ebse<\/li>\n\n\n\n<li>Nd\u00ebrtimi dhe mir\u00ebmbajtja e objekteve me interes publik (uj\u00ebsjell\u00ebs, rrug\u00eb, qendra kulturore, objekte sportive, etj.)<\/li>\n\n\n\n<li>Mbrojtja e mjedisit dhe e natyr\u00ebs<\/li>\n\n\n\n<li>Rregullimi dhe mir\u00ebmbajtja e varrezave n\u00eb vendbanimet rurale<\/li>\n\n\n\n<li>Nisja e nj\u00eb iniciative p\u00ebr rregullimin e hap\u00ebsir\u00ebs<\/li>\n\n\n\n<li>Organizimi i ngjarjeve kulturore, sportive, arg\u00ebtuese dhe t\u00eb tjera dhe<\/li>\n\n\n\n<li>Gj\u00ebra t\u00eb tjera me r\u00ebnd\u00ebsi t\u00eb pakrahasueshme t\u00eb p\u00ebrditshme p\u00ebr jet\u00ebn dhe pun\u00ebn e qytetar\u00ebve<\/li>\n<\/ul>\n\n\n\n<p>K\u00ebshilli i Formave t\u00eb Vet\u00ebqeverisjes Lokale jep iniciativa dhe propozime pran\u00eb organeve kompetente t\u00eb Komun\u00ebs, p\u00ebr \u00e7\u00ebshtje nga fusha e arsimit, sh\u00ebndet\u00ebsis\u00eb, mbrojtjes sociale dhe \u00e7\u00ebshtje t\u00eb tjera me interes p\u00ebr qytetar\u00ebt.<\/p>\n\n\n\n<figure class=\"wp-block-table is-style-stripes\"><table><thead><tr><th><strong>Nr.\/ren<\/strong><\/th><th><strong>Bashk\u00ebsi vendore<\/strong><\/th><th><strong>Kontakt persona<\/strong><\/th><th><strong> Tel.<\/strong><\/th><\/tr><\/thead><tbody><tr><td>1.<\/td><td><strong>Bi\u00e7inca<\/strong><\/td><td>Raim Ibraimi<\/td><td>071\/221-431 <br>075\/426-820<\/td><\/tr><tr><td>2.<\/td><td><strong>Podvaroshi<\/strong><\/td><td>Bllagoja Stojanoski<\/td><td>070\/525-264<\/td><\/tr><tr><td>3.<\/td><td><strong>Karposhi<\/strong><\/td><td>Goce Mendizoski<\/td><td>070\/786-129<\/td><\/tr><tr><td>4.<\/td><td><strong>Konjski livadi<\/strong><\/td><td>Goce Kosteski<\/td><td>070\/235-315 <br>045\/222-237<\/td><\/tr><tr><td>5.<\/td><td><strong>Llozhionica<\/strong><\/td><td>Boshko Llazarovski<\/td><td>078\/208-658 <br>045\/223-845<\/td><\/tr><tr><td>6.<\/td><td><strong>Gorica<\/strong><\/td><td>Alleksandar \u00c7ipllakoski<\/td><td>078\/207-255 <br>070\/584-787<\/td><\/tr><tr><td>7.<\/td><td><strong>Deveana<\/strong><\/td><td>Riste Llazaroski<\/td><td>070\/400-685<\/td><\/tr><tr><td>8.<\/td><td><strong>\u00c7ifligu<\/strong><\/td><td>Cane Stojkoski<\/td><td>076\/601-322<\/td><\/tr><tr><td>9.<\/td><td><strong>Kalendarica 1<\/strong><\/td><td>Traj\u00e7e illioski<\/td><td>075\/295-239 <br>075\/229-523<\/td><\/tr><tr><td>10<\/td><td><strong>Kalendarica 2<\/strong><\/td><td>&nbsp;<\/td><td>&nbsp;<\/td><\/tr><tr><td>11<\/td><td><strong>Balla M\u00ebhalla<\/strong><\/td><td>Shasim Osmani<\/td><td>070\/223-969<\/td><\/tr><tr><td>12<\/td><td><strong>Pashina<\/strong><\/td><td>Ilir Useini<\/td><td>071\/221-948 <br>070\/222-689<\/td><\/tr><tr><td>13<\/td><td><strong>Pashina e ep\u00ebrme<\/strong><\/td><td>Destan asani<\/td><td>070\/271-907<\/td><\/tr><tr><td>14<\/td><td><strong>Ivanidolli<\/strong><\/td><td>Ivan Jovanoski<\/td><td>071\/221-514<\/td><\/tr><tr><td>15<\/td><td><strong>N\u00ebn Krushina<\/strong><\/td><td>Acko Jovanoski <br>Risto Dimitrieski<\/td><td>072\/241-519 <br>070\/505-313<\/td><\/tr><tr><td>16<\/td><td><strong>Arradhat partizane<\/strong><\/td><td>Emri Murati<\/td><td>071\/796-510 <br>071\/867-961<\/td><\/tr><tr><td>17<\/td><td><strong>22-dhjetori<\/strong><\/td><td>Zharko Bllazheski<\/td><td>045\/262-282 <br>070\/318-818<\/td><\/tr><tr><td>18<\/td><td><strong>Rruga e Rashtanit<\/strong><\/td><td>Milosh Petreski<\/td><td>045\/261-975 <br>070\/864-996<\/td><\/tr><tr><td>19<\/td><td><strong>Rruga e Osojit<\/strong><\/td><td>Lube Jakimoski<\/td><td>075\/359-347<\/td><\/tr><tr><td>20<\/td><td><strong>Bella Kulla<\/strong><\/td><td>&nbsp;<\/td><td>&nbsp;<\/td><\/tr><\/tbody><\/table><\/figure>\n\n\n\n<figure class=\"wp-block-table is-style-stripes\"><table><thead><tr><th><strong><strong>Nr.\/ren<\/strong><\/strong><\/th><th><strong>Bashk\u00ebsi Lokale<\/strong><\/th><th><strong>Kontak persona<\/strong><\/th><th><strong>Tel.<\/strong><\/th><\/tr><\/thead><tbody><tr><td>1.<\/td><td><strong>Atishta<\/strong><\/td><td>Zoran Ristevski<\/td><td>070\/760-039<\/td><\/tr><tr><td>2.<\/td><td><strong>Bigor Dolenca<\/strong><\/td><td>Zlatko Krsteski<\/td><td>072\/606-101<\/td><\/tr><tr><td>3.<\/td><td><strong>Vraneshtica<\/strong><\/td><td>Mitre Bozhinov<\/td><td>070\/986-485<\/td><\/tr><tr><td>4.<\/td><td><strong>Dupjani<\/strong><\/td><td>Boro Trpeski<\/td><td>075\/232-312<\/td><\/tr><tr><td>5.<\/td><td><strong>Karbunica<\/strong><\/td><td>Boshko Naumoski<\/td><td>075\/556-090<\/td><\/tr><tr><td>6.<\/td><td><strong>Kozi\u00e7ina<\/strong><\/td><td>Zoran Mircheski <br>Zoran Dimitrioski<\/td><td>070\/799-543 <br>070\/495-600<\/td><\/tr><tr><td>7.<\/td><td><strong>Krushica<\/strong><\/td><td>Mane Dukoski <br>Dragan Mateski <br>Goran Petreski<\/td><td>072\/279-278 <br>070\/548-086 <br>070\/536-202<\/td><\/tr><tr><td>8.<\/td><td><strong>Miokazi<\/strong><\/td><td>Stojan Saveski<\/td><td>072\/530-657<\/td><\/tr><tr><td>9.<\/td><td><strong>Orllanca<\/strong><\/td><td>Slave Petkoski<\/td><td>070\/692-619<\/td><\/tr><tr><td>10<\/td><td><strong>Pateci<\/strong><\/td><td>Zoran Mircheski <br>Zoran Dimitrioski<\/td><td>070\/799-543 <br>070\/495-600<\/td><\/tr><tr><td>11<\/td><td><strong>Rabetina<\/strong><\/td><td>&nbsp;<\/td><td>&nbsp;<\/td><\/tr><tr><td>12<\/td><td><strong>Re\u00e7ani i \u00c7elopeku<\/strong><\/td><td>Vllado Dejanoski<\/td><td>078\/339-865<\/td><\/tr><tr><td>13<\/td><td><strong>Svetora\u00e7a<\/strong><\/td><td>Nikola Kizhevski<\/td><td>070\/382-426<\/td><\/tr><tr><td>14<\/td><td><strong>Staroeci<\/strong><\/td><td>Vllado Simjanovski <br>Igor Filiposki<\/td><td>075\/239-705 <br>075\/383-469<\/td><\/tr><tr><td>15<\/td><td><strong>\u00c7ellopeku<\/strong><\/td><td>Nuredin Bajramoski<\/td><td>070\/505-303<\/td><\/tr><\/tbody><\/table><\/figure>\n\n\n\n<figure class=\"wp-block-table is-style-stripes\"><table><tbody><tr><td>1.<\/td><td><strong>Belica<\/strong><\/td><td>Ilija Kosteski <br>Rade Momiroski<\/td><td>075\/285-386 <br>070\/843-377<\/td><\/tr><tr><td>2.<\/td><td><strong>B\u00ebrzhdani<\/strong><\/td><td>Traj\u00e7e Janeski <br>Oliver Mihajloski<\/td><td>071\/360-150 <br>070\/478-944<\/td><\/tr><tr><td>3.<\/td><td><strong>Vidrani<\/strong><\/td><td>Najke Nikoloski <br>\u00c7edomir Nikoloski<\/td><td>072\/213-236 <br>071\/958-114<\/td><\/tr><tr><td>4.<\/td><td><strong>C\u00ebrska e madh<\/strong><\/td><td>Blagoj\u00e7e Sarafiloski<\/td><td>073\/333-658<\/td><\/tr><tr><td>5.<\/td><td><strong>Dushegubica e Epr\u00ebrme<\/strong><\/td><td>Dim\u00e7e Stojkoski<\/td><td>078\/316-523<\/td><\/tr><tr><td>6.<\/td><td><strong>Dushegubica e Poshtme<\/strong><\/td><td>Dim\u00e7e Stojkoski<\/td><td>078\/316-523<\/td><\/tr><tr><td>7.<\/td><td><strong>Dobrenoeci i Ep\u00ebrme<\/strong><\/td><td>Boban Minoski <br>Dobre Nikoski<\/td><td>078\/328-296 <br>071\/689-776<\/td><\/tr><tr><td>8.<\/td><td><strong>Dobrenoeci i Poshtme<\/strong><\/td><td>Boban Minoski <br>Dobre Nikoski<\/td><td>078\/328-296<br>071\/689-776<\/td><\/tr><tr><td>9.<\/td><td><strong>D\u00ebrgova<\/strong><\/td><td>jube Mitreski<\/td><td>076\/887-470<\/td><\/tr><tr><td>10<\/td><td><strong>Ehloeci<\/strong><\/td><td>Pero Angeleski<\/td><td>071\/326-756<\/td><\/tr><tr><td>11<\/td><td><strong>Ivan\u00e7ishta<\/strong><\/td><td>Gulab Sarafiloski<\/td><td>071\/469-435<\/td><\/tr><tr><td>12<\/td><td><strong>Izvori<\/strong><\/td><td>Riste Aleksoski<\/td><td>&nbsp;<\/td><\/tr><tr><td>13<\/td><td><strong>Javoreci<\/strong><\/td><td>Despot Shterjoski<\/td><td>070\/311-848<\/td><\/tr><tr><td>14<\/td><td><strong>Judova<\/strong><\/td><td>Mihajlo Daniloski<\/td><td>077\/987-106<\/td><\/tr><tr><td>15<\/td><td><strong>Klladniku<\/strong><\/td><td>Igor Joveski<\/td><td>071\/360-046<\/td><\/tr><tr><td>16<\/td><td><strong>Klenoeci<\/strong><\/td><td>Rada Trajkoska<\/td><td>070\/694-779<\/td><\/tr><tr><td>17<\/td><td><strong>Kozica<\/strong><\/td><td>Jorde Karanfiloski<\/td><td>078\/363-969<\/td><\/tr><tr><td>18<\/td><td><strong>Llav\u00e7ani<\/strong><\/td><td>ane Gjorgjioski<\/td><td>078\/434-429<\/td><\/tr><tr><td>19<\/td><td><strong>Mallkoeci<\/strong><\/td><td>Aco Staleski<\/td><td>078\/434-993<\/td><\/tr><tr><td>20<\/td><td><strong>C\u00ebrska e Vog\u00ebl<\/strong><\/td><td>Stojan Bozhinoski<\/td><td>071\/237-764<\/td><\/tr><tr><td>21<\/td><td><strong>Manastir Dolenca<\/strong><\/td><td>Blagoja Mickoski<br>Stojan Kostadinoski<\/td><td>070\/799-210 <br>071\/387-686<\/td><\/tr><tr><td>22<\/td><td><strong>Podvisi<\/strong><\/td><td>Goce Velanoski<\/td><td>071\/241-801<\/td><\/tr><tr><td>23<\/td><td><strong>Popoeci<\/strong><\/td><td>Dragolub Poposki<\/td><td>078\/457-554<\/td><\/tr><tr><td>24<\/td><td><strong>Popollzhani<\/strong><\/td><td>Goce Slijanoski<br>Vlatko Siljanoski<\/td><td>071\/360-306 <br>075\/356-725<\/td><\/tr><tr><td>25<\/td><td><strong>Prostranja<\/strong><\/td><td>&nbsp;<\/td><td>&nbsp;<\/td><\/tr><tr><td>26<\/td><td><strong>Svinjishta<\/strong><\/td><td>Mile Joveski<\/td><td>075\/231-850<\/td><\/tr><tr><td>27.<\/td><td><strong>S\u00ebrbjani<\/strong><\/td><td>Dalibor Stefanoski<\/td><td>071\/221-685<\/td><\/tr><tr><td>28.<\/td><td><strong>Ceri<\/strong><\/td><td>Vlado Li\u00e7oski<\/td><td>070\/223-290<\/td><\/tr><tr><td>29.<\/td><td><strong>Rashtani<\/strong><\/td><td>Nebojsha Jolleski<\/td><td>078\/212-919<\/td><\/tr><tr><td>30.<\/td><td><strong>Osoji<\/strong><\/td><td>Bojan Lazorovski<\/td><td>078\/484-989<\/td><\/tr><tr><td>31.<\/td><td><strong>Knezhina<\/strong><\/td><td>Stanko Kitanoski<\/td><td>076\/446-938 <br>071\/724-981<\/td><\/tr><\/tbody><\/table><\/figure>\n\n\n\n<figure class=\"wp-block-table is-style-stripes\"><table><tbody><tr><td>1.<\/td><td><strong>Haranjelli<\/strong><\/td><td>Osman Adili<\/td><td>070\/679-043<\/td><\/tr><tr><td>2.<\/td><td><strong>Berikova<\/strong><\/td><td>Sheza Ramadani<\/td><td>071\/677-116<\/td><\/tr><tr><td>3.<\/td><td><strong>Garana- Strellca<\/strong><\/td><td>Bashkim Ko\u00e7a<\/td><td>070\/518-828<\/td><\/tr><tr><td>4.<\/td><td><strong>Zhubrina<\/strong><\/td><td>Xhafer Xhaferi<\/td><td>070\/737-701<\/td><\/tr><tr><td>5.<\/td><td><strong>Jagolli<\/strong><\/td><td>Lafdrim Mustafi<\/td><td>071\/699-597<\/td><\/tr><tr><td>6.<\/td><td><strong>Jgolldolenca<\/strong><\/td><td>Pero Aleksoski<\/td><td>071\/221-608<\/td><\/tr><tr><td>7.<\/td><td><strong>Novosella<\/strong><\/td><td>Lutvi Osmani<\/td><td>071\/629-525<\/td><\/tr><tr><td>8.<\/td><td><strong>Oslomej<\/strong><\/td><td>Save Dimitrieski<\/td><td>076\/452-253<\/td><\/tr><tr><td>9.<\/td><td><strong>Prapadishti<\/strong><\/td><td>Ljuljzim Limani<\/td><td>071\/229-474<\/td><\/tr><tr><td>10<\/td><td><strong>Popojan<\/strong><\/td><td>Fadil Halili<\/td><td>070\/382-086<\/td><\/tr><tr><td>11<\/td><td><strong>Premka<\/strong><\/td><td>Feto Fetoja<\/td><td>070\/571-427<\/td><\/tr><tr><td>12<\/td><td><strong>S\u00ebrbica<\/strong><\/td><td>Lullzim Ram\u00e7ja<\/td><td>070\/477-242<\/td><\/tr><tr><td>13<\/td><td><strong>Tuhin<\/strong><\/td><td>Beqir Mehmedi <br>Abdulla Ahmedi <br>Xhemail Ahmedi<\/td><td>070\/529-301 <br>070\/543-319 <br>071\/993-867<\/td><\/tr><tr><td>14<\/td><td><strong>Tuhin Kaleshe<\/strong><\/td><td>&nbsp;<\/td><td>&nbsp;<\/td><\/tr><tr><td>15<\/td><td><strong>C\u00ebrvica<\/strong><\/td><td>Burim \u00c7upi<\/td><td>071\/302-032<\/td><\/tr><tr><td>16.<\/td><td><strong>Shutova<\/strong><\/td><td>Shefik Azizi<\/td><td>071\/389-672<\/td><\/tr><tr><td>17.<\/td><td><strong>Llazarovca<\/strong><\/td><td>Goran Trpkovski<\/td><td>076\/205-204<\/td><\/tr><tr><td>18.<\/td><td><strong>Mahmute<\/strong><\/td><td>Feto Sadiku <br>Kasim Mislimi<\/td><td>075\/491-095 <br>071\/782-299<\/td><\/tr><\/tbody><\/table><\/figure>\n\n\n\n<figure class=\"wp-block-table is-style-stripes\"><table><tbody><tr><td>1.<\/td><td><strong>Ba\u00e7ishti<\/strong><\/td><td>Rasim Useini <br>Emro Dalipi<\/td><td>071\/988-587 <br>070\/732-320<\/td><\/tr><tr><td>2.<\/td><td><strong>Bukoj\u00e7ani<\/strong><\/td><td>Ljubisha Veljanoski<\/td><td>070\/271-993<\/td><\/tr><tr><td>3.<\/td><td><strong>Drogomishti i Madh<\/strong><\/td><td>Urim Saiti<\/td><td>071\/831-120<\/td><\/tr><tr><td>4.<\/td><td><strong>Greshnica<\/strong><\/td><td>Sazan Mehmedi<\/td><td>070\/877-543<\/td><\/tr><tr><td>5.<\/td><td><strong>Llapkidoll<\/strong><\/td><td>Afrim Osmani<\/td><td>071\/338-973<\/td><\/tr><tr><td>6.<\/td><td><strong>Drogomishti i Vog\u00ebl<\/strong><\/td><td>Vergim Fejza<\/td><td>071\/226-993<\/td><\/tr><tr><td>7.<\/td><td><strong>Zajaz \u00c7elikaj<\/strong><\/td><td>Ardi Osmani<\/td><td>071\/618-405<\/td><\/tr><tr><td>8.<\/td><td><strong>Zajaz Teqe<\/strong><\/td><td>Elmaz Jusufi <br>Rexhep Emini<\/td><td>070\/665-195 <br>070\/382-412<\/td><\/tr><tr><td>9.<\/td><td><strong>Zajaz Xhuma<\/strong><\/td><td>Hashim Ahmedi<\/td><td>071\/236-656<\/td><\/tr><tr><td>10.<\/td><td><strong>Zajaz Ukaj<\/strong><\/td><td>Argetim Qamili<\/td><td>070\/658-170<\/td><\/tr><tr><td>11.<\/td><td><strong>Leshnica<\/strong><\/td><td>Emin Emini<\/td><td>072\/615-700<\/td><\/tr><tr><td>12.<\/td><td><strong>Midinca<\/strong><\/td><td>Ilija Veljanoski<\/td><td>071\/254-844<\/td><\/tr><tr><td>13.<\/td><td><strong>Re\u00e7ani i Zajazit<\/strong><\/td><td>Shaban Veseli<\/td><td>070\/976-304<\/td><\/tr><tr><td>14<\/td><td><strong>Tajmishti<\/strong><\/td><td>Sasho Filiposki<\/td><td>070\/311-878<\/td><\/tr><tr><td>15.<\/td><td><strong>Kollara<\/strong><\/td><td>Besnik Ajroja<\/td><td>070\/549-792<\/td><\/tr><tr><td>16.<\/td><td><strong>Kolibari<\/strong><\/td><td>Hamdin Halimi<\/td><td>071\/625-440<\/td><\/tr><tr><td>17.<\/td><td><strong>Trap\u00e7indolli<\/strong><\/td><td>Gazmend Sulaj<\/td><td>071\/637-591<\/td><\/tr><\/tbody><\/table><\/figure>\n","protected":false},"excerpt":{"rendered":"<p>Vet\u00ebqeverisja lokale n\u00eb komun\u00eb Qytetar\u00ebt n\u00eb komun\u00eb vendosin p\u00ebr \u00e7\u00ebshtje me r\u00ebnd\u00ebsi t\u00eb drejt\u00ebp\u00ebrdrejta dhe t\u00eb p\u00ebrditshme nga jeta dhe puna e tyre dhe p\u00ebrmes formave t\u00eb vet\u00ebqeverisjes lokale. N\u00eb Komun\u00eb, si forma t\u00eb Vet\u00ebqeverisjes Lokale, n\u00eb qytet mund t\u00eb themelohen -bashk\u00ebsi urbane, nd\u00ebrsa n\u00eb vendbanimet tjera rurale &#8211; bashk\u00ebsi rurale. Forma e Vet\u00ebqeverisjes Lokale [&hellip;]<\/p>\n","protected":false},"author":3,"featured_media":0,"parent":0,"menu_order":0,"comment_status":"closed","ping_status":"closed","template":"page-templates\/sidebar-right.php","meta":{"_uag_custom_page_level_css":"","_vp_format_video_url":"","_vp_image_focal_point":[],"footnotes":""},"class_list":["post-1560","page","type-page","status-publish","hentry"],"translation":{"provider":"WPGlobus","version":"3.0.2","language":"sq","enabled_languages":["mk","sq"],"languages":{"mk":{"title":true,"content":true,"excerpt":false},"sq":{"title":true,"content":true,"excerpt":false}}},"yoast_head":"<!-- This site is optimized with the Yoast SEO plugin v27.3 - https:\/\/yoast.com\/product\/yoast-seo-wordpress\/ -->\n<title>Bashk\u00ebsit\u00eb urbane dhe lokale | Komuna e K\u00ebr\u00e7ov\u00ebs<\/title>\n<meta name=\"robots\" content=\"index, follow, max-snippet:-1, max-image-preview:large, max-video-preview:-1\" \/>\n<link rel=\"canonical\" href=\"https:\/\/kicevo.gov.mk\/urbani-i-mesni-zaednici\/\" \/>\n<meta property=\"og:locale\" content=\"sq_AL\" \/>\n<meta property=\"og:type\" content=\"article\" \/>\n<meta property=\"og:title\" content=\"Bashk\u00ebsit\u00eb urbane dhe lokale | Komuna e K\u00ebr\u00e7ov\u00ebs\" \/>\n<meta property=\"og:url\" content=\"https:\/\/kicevo.gov.mk\/urbani-i-mesni-zaednici\/\" \/>\n<meta property=\"og:site_name\" content=\"Komuna e K\u00ebr\u00e7ov\u00ebs\" \/>\n<meta property=\"article:modified_time\" content=\"2026-03-26T13:31:46+00:00\" \/>\n<meta property=\"og:image\" content=\"https:\/\/kicevo.gov.mk\/wp-content\/uploads\/2022\/09\/Kicevo-1.jpg\" \/>\n<meta name=\"twitter:card\" content=\"summary_large_image\" \/>\n<meta name=\"twitter:label1\" content=\"Est. reading time\" \/>\n\t<meta name=\"twitter:data1\" content=\"4 minuta\" \/>\n<script type=\"application\/ld+json\" class=\"yoast-schema-graph\">{\"@context\":\"https:\\\/\\\/schema.org\",\"@graph\":[{\"@type\":\"WebPage\",\"@id\":\"https:\\\/\\\/kicevo.gov.mk\\\/urbani-i-mesni-zaednici\\\/\",\"url\":\"https:\\\/\\\/kicevo.gov.mk\\\/urbani-i-mesni-zaednici\\\/\",\"name\":\"Bashk\u00ebsit\u00eb urbane dhe lokale | Komuna e K\u00ebr\u00e7ov\u00ebs\",\"isPartOf\":{\"@id\":\"https:\\\/\\\/kicevo.gov.mk\\\/#website\"},\"primaryImageOfPage\":{\"@id\":\"https:\\\/\\\/kicevo.gov.mk\\\/urbani-i-mesni-zaednici\\\/#primaryimage\"},\"image\":{\"@id\":\"https:\\\/\\\/kicevo.gov.mk\\\/urbani-i-mesni-zaednici\\\/#primaryimage\"},\"thumbnailUrl\":\"https:\\\/\\\/kicevo.gov.mk\\\/wp-content\\\/uploads\\\/2022\\\/09\\\/Kicevo-1.jpg\",\"datePublished\":\"2022-09-19T12:36:01+00:00\",\"dateModified\":\"2026-03-26T13:31:46+00:00\",\"breadcrumb\":{\"@id\":\"https:\\\/\\\/kicevo.gov.mk\\\/urbani-i-mesni-zaednici\\\/#breadcrumb\"},\"inLanguage\":\"sq\",\"potentialAction\":[{\"@type\":\"ReadAction\",\"target\":[\"https:\\\/\\\/kicevo.gov.mk\\\/urbani-i-mesni-zaednici\\\/\"]}]},{\"@type\":\"ImageObject\",\"inLanguage\":\"sq\",\"@id\":\"https:\\\/\\\/kicevo.gov.mk\\\/urbani-i-mesni-zaednici\\\/#primaryimage\",\"url\":\"https:\\\/\\\/kicevo.gov.mk\\\/wp-content\\\/uploads\\\/2022\\\/09\\\/Kicevo-1.jpg\",\"contentUrl\":\"https:\\\/\\\/kicevo.gov.mk\\\/wp-content\\\/uploads\\\/2022\\\/09\\\/Kicevo-1.jpg\"},{\"@type\":\"BreadcrumbList\",\"@id\":\"https:\\\/\\\/kicevo.gov.mk\\\/urbani-i-mesni-zaednici\\\/#breadcrumb\",\"itemListElement\":[{\"@type\":\"ListItem\",\"position\":1,\"name\":\"\u041f\u043e\u0447\u0435\u0442\u043d\u0430\",\"item\":\"https:\\\/\\\/kicevo.gov.mk\\\/\"},{\"@type\":\"ListItem\",\"position\":2,\"name\":\"\u0423\u0440\u0431\u0430\u043d\u0438 \u0438 \u043c\u0435\u0441\u043d\u0438 \u0437\u0430\u0435\u0434\u043d\u0438\u0446\u0438\"}]},{\"@type\":\"WebSite\",\"@id\":\"https:\\\/\\\/kicevo.gov.mk\\\/#website\",\"url\":\"https:\\\/\\\/kicevo.gov.mk\\\/\",\"name\":\"\u041e\u043f\u0448\u0442\u0438\u043d\u0430 \u041a\u0438\u0447\u0435\u0432\u043e\",\"description\":\"Mir\u00eb se erdh\u00ebt n\u00eb ueb faqen zyrtare t\u00eb Komun\u00ebs s\u00eb K\u00ebr\u00e7ov\u00ebs\",\"publisher\":{\"@id\":\"https:\\\/\\\/kicevo.gov.mk\\\/#organization\"},\"potentialAction\":[{\"@type\":\"SearchAction\",\"target\":{\"@type\":\"EntryPoint\",\"urlTemplate\":\"https:\\\/\\\/kicevo.gov.mk\\\/?s={search_term_string}\"},\"query-input\":{\"@type\":\"PropertyValueSpecification\",\"valueRequired\":true,\"valueName\":\"search_term_string\"}}],\"inLanguage\":\"sq\"},{\"@type\":\"Organization\",\"@id\":\"https:\\\/\\\/kicevo.gov.mk\\\/#organization\",\"name\":\"Opstina Kicevo\",\"url\":\"https:\\\/\\\/kicevo.gov.mk\\\/\",\"logo\":{\"@type\":\"ImageObject\",\"inLanguage\":\"sq\",\"@id\":\"https:\\\/\\\/kicevo.gov.mk\\\/#\\\/schema\\\/logo\\\/image\\\/\",\"url\":\"https:\\\/\\\/kicevo.gov.mk\\\/wp-content\\\/uploads\\\/2025\\\/11\\\/logo-alb.png\",\"contentUrl\":\"https:\\\/\\\/kicevo.gov.mk\\\/wp-content\\\/uploads\\\/2025\\\/11\\\/logo-alb.png\",\"width\":1200,\"height\":1592,\"caption\":\"Opstina Kicevo\"},\"image\":{\"@id\":\"https:\\\/\\\/kicevo.gov.mk\\\/#\\\/schema\\\/logo\\\/image\\\/\"}}]}<\/script>\n<!-- \/ Yoast SEO plugin. -->","yoast_head_json":{"title":"Bashk\u00ebsit\u00eb urbane dhe lokale | Komuna e K\u00ebr\u00e7ov\u00ebs","robots":{"index":"index","follow":"follow","max-snippet":"max-snippet:-1","max-image-preview":"max-image-preview:large","max-video-preview":"max-video-preview:-1"},"canonical":"https:\/\/kicevo.gov.mk\/urbani-i-mesni-zaednici\/","og_locale":"sq_AL","og_type":"article","og_title":"Bashk\u00ebsit\u00eb urbane dhe lokale | Komuna e K\u00ebr\u00e7ov\u00ebs","og_url":"https:\/\/kicevo.gov.mk\/urbani-i-mesni-zaednici\/","og_site_name":"Komuna e K\u00ebr\u00e7ov\u00ebs","article_modified_time":"2026-03-26T13:31:46+00:00","og_image":[{"url":"https:\/\/kicevo.gov.mk\/wp-content\/uploads\/2022\/09\/Kicevo-1.jpg","type":"","width":"","height":""}],"twitter_card":"summary_large_image","twitter_misc":{"Est. reading time":"4 minuta"},"schema":{"@context":"https:\/\/schema.org","@graph":[{"@type":"WebPage","@id":"https:\/\/kicevo.gov.mk\/urbani-i-mesni-zaednici\/","url":"https:\/\/kicevo.gov.mk\/urbani-i-mesni-zaednici\/","name":"Bashk\u00ebsit\u00eb urbane dhe lokale | Komuna e K\u00ebr\u00e7ov\u00ebs","isPartOf":{"@id":"https:\/\/kicevo.gov.mk\/#website"},"primaryImageOfPage":{"@id":"https:\/\/kicevo.gov.mk\/urbani-i-mesni-zaednici\/#primaryimage"},"image":{"@id":"https:\/\/kicevo.gov.mk\/urbani-i-mesni-zaednici\/#primaryimage"},"thumbnailUrl":"https:\/\/kicevo.gov.mk\/wp-content\/uploads\/2022\/09\/Kicevo-1.jpg","datePublished":"2022-09-19T12:36:01+00:00","dateModified":"2026-03-26T13:31:46+00:00","breadcrumb":{"@id":"https:\/\/kicevo.gov.mk\/urbani-i-mesni-zaednici\/#breadcrumb"},"inLanguage":"sq","potentialAction":[{"@type":"ReadAction","target":["https:\/\/kicevo.gov.mk\/urbani-i-mesni-zaednici\/"]}]},{"@type":"ImageObject","inLanguage":"sq","@id":"https:\/\/kicevo.gov.mk\/urbani-i-mesni-zaednici\/#primaryimage","url":"https:\/\/kicevo.gov.mk\/wp-content\/uploads\/2022\/09\/Kicevo-1.jpg","contentUrl":"https:\/\/kicevo.gov.mk\/wp-content\/uploads\/2022\/09\/Kicevo-1.jpg"},{"@type":"BreadcrumbList","@id":"https:\/\/kicevo.gov.mk\/urbani-i-mesni-zaednici\/#breadcrumb","itemListElement":[{"@type":"ListItem","position":1,"name":"\u041f\u043e\u0447\u0435\u0442\u043d\u0430","item":"https:\/\/kicevo.gov.mk\/"},{"@type":"ListItem","position":2,"name":"\u0423\u0440\u0431\u0430\u043d\u0438 \u0438 \u043c\u0435\u0441\u043d\u0438 \u0437\u0430\u0435\u0434\u043d\u0438\u0446\u0438"}]},{"@type":"WebSite","@id":"https:\/\/kicevo.gov.mk\/#website","url":"https:\/\/kicevo.gov.mk\/","name":"\u041e\u043f\u0448\u0442\u0438\u043d\u0430 \u041a\u0438\u0447\u0435\u0432\u043e","description":"Mir\u00eb se erdh\u00ebt n\u00eb ueb faqen zyrtare t\u00eb Komun\u00ebs s\u00eb K\u00ebr\u00e7ov\u00ebs","publisher":{"@id":"https:\/\/kicevo.gov.mk\/#organization"},"potentialAction":[{"@type":"SearchAction","target":{"@type":"EntryPoint","urlTemplate":"https:\/\/kicevo.gov.mk\/?s={search_term_string}"},"query-input":{"@type":"PropertyValueSpecification","valueRequired":true,"valueName":"search_term_string"}}],"inLanguage":"sq"},{"@type":"Organization","@id":"https:\/\/kicevo.gov.mk\/#organization","name":"Opstina Kicevo","url":"https:\/\/kicevo.gov.mk\/","logo":{"@type":"ImageObject","inLanguage":"sq","@id":"https:\/\/kicevo.gov.mk\/#\/schema\/logo\/image\/","url":"https:\/\/kicevo.gov.mk\/wp-content\/uploads\/2025\/11\/logo-alb.png","contentUrl":"https:\/\/kicevo.gov.mk\/wp-content\/uploads\/2025\/11\/logo-alb.png","width":1200,"height":1592,"caption":"Opstina Kicevo"},"image":{"@id":"https:\/\/kicevo.gov.mk\/#\/schema\/logo\/image\/"}}]}},"uagb_featured_image_src":{"full":false,"thumbnail":false,"medium":false,"medium_large":false,"large":false,"1536x1536":false,"2048x2048":false,"vp_sm":false,"vp_md":false,"vp_lg":false,"vp_xl":false,"vp_sm_popup":false,"vp_md_popup":false,"vp_xl_popup":false},"uagb_author_info":{"display_name":"Marina","author_link":"https:\/\/kicevo.gov.mk\/sq\/author\/adminmsb\/"},"uagb_comment_info":0,"uagb_excerpt":"Vet\u00ebqeverisja lokale n\u00eb komun\u00eb Qytetar\u00ebt n\u00eb komun\u00eb vendosin p\u00ebr \u00e7\u00ebshtje me r\u00ebnd\u00ebsi t\u00eb drejt\u00ebp\u00ebrdrejta dhe t\u00eb p\u00ebrditshme nga jeta dhe puna e tyre dhe p\u00ebrmes formave t\u00eb vet\u00ebqeverisjes lokale. N\u00eb Komun\u00eb, si forma t\u00eb Vet\u00ebqeverisjes Lokale, n\u00eb qytet mund t\u00eb themelohen -bashk\u00ebsi urbane, nd\u00ebrsa n\u00eb vendbanimet tjera rurale &#8211; bashk\u00ebsi rurale. Forma e Vet\u00ebqeverisjes Lokale&hellip;","_links":{"self":[{"href":"https:\/\/kicevo.gov.mk\/sq\/wp-json\/wp\/v2\/pages\/1560","targetHints":{"allow":["GET"]}}],"collection":[{"href":"https:\/\/kicevo.gov.mk\/sq\/wp-json\/wp\/v2\/pages"}],"about":[{"href":"https:\/\/kicevo.gov.mk\/sq\/wp-json\/wp\/v2\/types\/page"}],"author":[{"embeddable":true,"href":"https:\/\/kicevo.gov.mk\/sq\/wp-json\/wp\/v2\/users\/3"}],"replies":[{"embeddable":true,"href":"https:\/\/kicevo.gov.mk\/sq\/wp-json\/wp\/v2\/comments?post=1560"}],"version-history":[{"count":5,"href":"https:\/\/kicevo.gov.mk\/sq\/wp-json\/wp\/v2\/pages\/1560\/revisions"}],"predecessor-version":[{"id":19112,"href":"https:\/\/kicevo.gov.mk\/sq\/wp-json\/wp\/v2\/pages\/1560\/revisions\/19112"}],"wp:attachment":[{"href":"https:\/\/kicevo.gov.mk\/sq\/wp-json\/wp\/v2\/media?parent=1560"}],"curies":[{"name":"wp","href":"https:\/\/api.w.org\/{rel}","templated":true}]}} 