{"id":1519,"date":"2022-09-19T10:03:39","date_gmt":"2022-09-19T10:03:39","guid":{"rendered":"http:\/\/localhost\/opstina\/?page_id=1519"},"modified":"2025-12-02T11:42:14","modified_gmt":"2025-12-02T11:42:14","slug":"nadlezhnosti-na-sovet","status":"publish","type":"page","link":"https:\/\/kicevo.gov.mk\/sq\/nadlezhnosti-na-sovet\/","title":{"rendered":"Kompetencat e K\u00ebshillit"},"content":{"rendered":"\n<p>K\u00ebshilli i Komun\u00ebs s\u00eb K\u00ebr\u00e7ov\u00ebs \u00ebsht\u00eb organ p\u00ebrfaq\u00ebsues i qytetar\u00ebve i cili vendos n\u00eb baz\u00eb t\u00eb kompetencave t\u00eb p\u00ebrcaktuara n\u00eb pajtim me Ligjin.<\/p>\n\n\n\n<p>K\u00ebshilli i Komun\u00ebs s\u00eb K\u00ebr\u00e7ov\u00ebs p\u00ebrb\u00ebhet nga 23 an\u00ebtar\u00eb t\u00eb zgjedhur n\u00eb zgjedhje t\u00eb p\u00ebrgjithshme, t\u00eb drejtp\u00ebrdrejta, t\u00eb lira dhe demokratike.<\/p>\n\n\n\n<p>An\u00ebtar\u00ebt e K\u00ebshillit zgjidhen p\u00ebr nj\u00eb mandat kat\u00ebrvje\u00e7ar, p\u00ebrfaq\u00ebsojn\u00eb qytetar\u00ebt dhe n\u00eb K\u00ebshill vendosin sipas bindjes s\u00eb tyre.<\/p>\n\n\n\n<p>(1) K\u00ebshilli:<\/p>\n\n\n\n<ol class=\"wp-block-list\">\n<li>Miraton statutin e komun\u00ebs dhe rregulloret tjera;<\/li>\n\n\n\n<li>Miraton buxhetin dhe llogarin\u00eb vjetore t\u00eb komun\u00ebs;<\/li>\n\n\n\n<li>P\u00ebrcakton lart\u00ebsin\u00eb e burimeve vetanake t\u00eb t\u00eb ardhurave p\u00ebr financimin e komun\u00ebs, brenda kufijve t\u00eb p\u00ebrcaktuara me ligj;<\/li>\n\n\n\n<li>Krijon sh\u00ebrbime publike n\u00eb korniza t\u00eb kompetens\u00ebs s\u00ebe komun\u00ebs dhe mbik\u00ebqyr pun\u00ebn e tyre;<\/li>\n\n\n\n<li>Em\u00ebrton an\u00ebtar\u00eb n\u00eb bordet drejtuese t\u00eb sh\u00ebrbimeve publike, t\u00eb cilat i themeloi;<\/li>\n\n\n\n<li>Miraton programet e pun\u00ebs dhe planet financiare p\u00ebr financimin e sh\u00ebrbimeve publike, t\u00eb cilat i ka krijuar komuna;<\/li>\n\n\n\n<li>Miraton raportet p\u00ebr realizimin e buxhetit dhe llogaris\u00eb vjetore t\u00eb komun\u00ebs;<\/li>\n\n\n\n<li>Vendos p\u00ebr m\u00ebnyr\u00ebn e menagjimit me pronat e komun\u00ebs;<\/li>\n\n\n\n<li>Miraton raportet p\u00ebr pun\u00ebn dhe llogarit\u00eb vjetore t\u00eb sh\u00ebrbimeve publike, t\u00eb cilat i themelon komuna;<\/li>\n\n\n\n<li>Vendos p\u00ebr m\u00ebnyr\u00ebn e menagjimit me pronat e komun\u00ebs;<\/li>\n\n\n\n<li>Vendos p\u00ebr m\u00ebnyr\u00ebn e kryerjes s\u00eb kontrollit financiar t\u00eb buxhetit t\u00eb komun\u00ebs, n\u00eb pajtim me ligjin;<\/li>\n\n\n\n<li>Zgjedh personin q\u00eb drejton me nj\u00ebsin\u00eb rajonale t\u00eb Ministris\u00eb s\u00eb Pun\u00ebve t\u00eb Brendshme n\u00eb komun\u00eb, n\u00eb p\u00ebrputhje me ligjin;<\/li>\n\n\n\n<li>Shqyrton dhe miraton raportin vjetor p\u00ebr sigurin\u00eb publike n\u00eb territorin e komun\u00ebs, t\u00eb cilin ia dor\u00ebzon Ministrit t\u00eb Pun\u00ebve t\u00eb Brendshme dhe Avokatit t\u00eb Popullit;<\/li>\n\n\n\n<li>Mund t&#8217;i b\u00ebj\u00eb rekomandime drejtuesit t\u00eb nj\u00ebsis\u00eb rajonale t\u00eb Ministris\u00eb s\u00eb Pun\u00ebve t\u00eb Brendshme n\u00eb fush\u00ebn e siguris\u00eb publike dhe siguris\u00eb n\u00eb komunikacion; dhe<\/li>\n\n\n\n<li>Kryen edhe detyra t\u00eb tjera t\u00eb p\u00ebrcaktuara me ligj.<\/li>\n<\/ol>\n\n\n\n<p>(2) N\u00ebse k\u00ebshilli nuk i miraton raportet nga paragrafi (1), pikat (7) dhe (9) t\u00eb k\u00ebtij neni, mund t\u00eb<br>inicioj\u00eb procedur\u00eb p\u00ebr ushtrimin e kontrollit mbi pun\u00ebt materiale dhe financiare pran\u00eb organit<br>kompetent p\u00ebr mbik\u00ebqyrje.<\/p>\n\n\n\n<p>(3) Personi drejtues nga paragrafi (1) pika 12 t\u00eb k\u00ebtij neni zgjidhet n\u00ebse p\u00ebr t\u00eb kan\u00eb votuar<br>shumica e t\u00eb gjitha k\u00ebshillave t\u00eb komunave, t\u00eb cilat i p\u00ebrfshin nj\u00ebsia territoriale e Ministris\u00eb s\u00eb<br>Pun\u00ebve t\u00eb Brendshme.<\/p>\n","protected":false},"excerpt":{"rendered":"<p>K\u00ebshilli i Komun\u00ebs s\u00eb K\u00ebr\u00e7ov\u00ebs \u00ebsht\u00eb organ p\u00ebrfaq\u00ebsues i qytetar\u00ebve i cili vendos n\u00eb baz\u00eb t\u00eb kompetencave t\u00eb p\u00ebrcaktuara n\u00eb pajtim me Ligjin. K\u00ebshilli i Komun\u00ebs s\u00eb K\u00ebr\u00e7ov\u00ebs p\u00ebrb\u00ebhet nga 23 an\u00ebtar\u00eb t\u00eb zgjedhur n\u00eb zgjedhje t\u00eb p\u00ebrgjithshme, t\u00eb drejtp\u00ebrdrejta, t\u00eb lira dhe demokratike. An\u00ebtar\u00ebt e K\u00ebshillit zgjidhen p\u00ebr nj\u00eb mandat kat\u00ebrvje\u00e7ar, p\u00ebrfaq\u00ebsojn\u00eb qytetar\u00ebt dhe [&hellip;]<\/p>\n","protected":false},"author":3,"featured_media":0,"parent":0,"menu_order":0,"comment_status":"closed","ping_status":"closed","template":"page-templates\/sidebar-right.php","meta":{"_uag_custom_page_level_css":"","_vp_format_video_url":"","_vp_image_focal_point":[],"footnotes":""},"class_list":["post-1519","page","type-page","status-publish","hentry"],"translation":{"provider":"WPGlobus","version":"3.0.2","language":"sq","enabled_languages":["mk","sq"],"languages":{"mk":{"title":true,"content":true,"excerpt":false},"sq":{"title":true,"content":true,"excerpt":false}}},"yoast_head":"<!-- This site is optimized with the Yoast SEO plugin v27.3 - https:\/\/yoast.com\/product\/yoast-seo-wordpress\/ -->\n<title>Kompetencat e K\u00ebshillit | Komuna e K\u00ebr\u00e7ov\u00ebs<\/title>\n<meta name=\"robots\" content=\"index, follow, max-snippet:-1, max-image-preview:large, max-video-preview:-1\" \/>\n<link rel=\"canonical\" href=\"https:\/\/kicevo.gov.mk\/nadlezhnosti-na-sovet\/\" \/>\n<meta property=\"og:locale\" content=\"sq_AL\" \/>\n<meta property=\"og:type\" content=\"article\" \/>\n<meta property=\"og:title\" content=\"Kompetencat e K\u00ebshillit | Komuna e K\u00ebr\u00e7ov\u00ebs\" \/>\n<meta property=\"og:url\" content=\"https:\/\/kicevo.gov.mk\/nadlezhnosti-na-sovet\/\" \/>\n<meta property=\"og:site_name\" content=\"Komuna e K\u00ebr\u00e7ov\u00ebs\" \/>\n<meta property=\"article:modified_time\" content=\"2025-12-02T11:42:14+00:00\" \/>\n<meta name=\"twitter:card\" content=\"summary_large_image\" \/>\n<meta name=\"twitter:label1\" content=\"Est. reading time\" \/>\n\t<meta name=\"twitter:data1\" content=\"2 minuta\" \/>\n<script type=\"application\/ld+json\" class=\"yoast-schema-graph\">{\"@context\":\"https:\\\/\\\/schema.org\",\"@graph\":[{\"@type\":\"WebPage\",\"@id\":\"https:\\\/\\\/kicevo.gov.mk\\\/nadlezhnosti-na-sovet\\\/\",\"url\":\"https:\\\/\\\/kicevo.gov.mk\\\/nadlezhnosti-na-sovet\\\/\",\"name\":\"Kompetencat e K\u00ebshillit | Komuna e K\u00ebr\u00e7ov\u00ebs\",\"isPartOf\":{\"@id\":\"https:\\\/\\\/kicevo.gov.mk\\\/#website\"},\"datePublished\":\"2022-09-19T10:03:39+00:00\",\"dateModified\":\"2025-12-02T11:42:14+00:00\",\"breadcrumb\":{\"@id\":\"https:\\\/\\\/kicevo.gov.mk\\\/nadlezhnosti-na-sovet\\\/#breadcrumb\"},\"inLanguage\":\"sq\",\"potentialAction\":[{\"@type\":\"ReadAction\",\"target\":[\"https:\\\/\\\/kicevo.gov.mk\\\/nadlezhnosti-na-sovet\\\/\"]}]},{\"@type\":\"BreadcrumbList\",\"@id\":\"https:\\\/\\\/kicevo.gov.mk\\\/nadlezhnosti-na-sovet\\\/#breadcrumb\",\"itemListElement\":[{\"@type\":\"ListItem\",\"position\":1,\"name\":\"\u041f\u043e\u0447\u0435\u0442\u043d\u0430\",\"item\":\"https:\\\/\\\/kicevo.gov.mk\\\/\"},{\"@type\":\"ListItem\",\"position\":2,\"name\":\"\u041d\u0430\u0434\u043b\u0435\u0436\u043d\u043e\u0441\u0442\u0438 \u043d\u0430 \u0441\u043e\u0432\u0435\u0442\"}]},{\"@type\":\"WebSite\",\"@id\":\"https:\\\/\\\/kicevo.gov.mk\\\/#website\",\"url\":\"https:\\\/\\\/kicevo.gov.mk\\\/\",\"name\":\"\u041e\u043f\u0448\u0442\u0438\u043d\u0430 \u041a\u0438\u0447\u0435\u0432\u043e\",\"description\":\"Mir\u00eb se erdh\u00ebt n\u00eb ueb faqen zyrtare t\u00eb Komun\u00ebs s\u00eb K\u00ebr\u00e7ov\u00ebs\",\"publisher\":{\"@id\":\"https:\\\/\\\/kicevo.gov.mk\\\/#organization\"},\"potentialAction\":[{\"@type\":\"SearchAction\",\"target\":{\"@type\":\"EntryPoint\",\"urlTemplate\":\"https:\\\/\\\/kicevo.gov.mk\\\/?s={search_term_string}\"},\"query-input\":{\"@type\":\"PropertyValueSpecification\",\"valueRequired\":true,\"valueName\":\"search_term_string\"}}],\"inLanguage\":\"sq\"},{\"@type\":\"Organization\",\"@id\":\"https:\\\/\\\/kicevo.gov.mk\\\/#organization\",\"name\":\"Opstina Kicevo\",\"url\":\"https:\\\/\\\/kicevo.gov.mk\\\/\",\"logo\":{\"@type\":\"ImageObject\",\"inLanguage\":\"sq\",\"@id\":\"https:\\\/\\\/kicevo.gov.mk\\\/#\\\/schema\\\/logo\\\/image\\\/\",\"url\":\"https:\\\/\\\/kicevo.gov.mk\\\/wp-content\\\/uploads\\\/2025\\\/11\\\/logo-alb.png\",\"contentUrl\":\"https:\\\/\\\/kicevo.gov.mk\\\/wp-content\\\/uploads\\\/2025\\\/11\\\/logo-alb.png\",\"width\":1200,\"height\":1592,\"caption\":\"Opstina Kicevo\"},\"image\":{\"@id\":\"https:\\\/\\\/kicevo.gov.mk\\\/#\\\/schema\\\/logo\\\/image\\\/\"}}]}<\/script>\n<!-- \/ Yoast SEO plugin. -->","yoast_head_json":{"title":"Kompetencat e K\u00ebshillit | Komuna e K\u00ebr\u00e7ov\u00ebs","robots":{"index":"index","follow":"follow","max-snippet":"max-snippet:-1","max-image-preview":"max-image-preview:large","max-video-preview":"max-video-preview:-1"},"canonical":"https:\/\/kicevo.gov.mk\/nadlezhnosti-na-sovet\/","og_locale":"sq_AL","og_type":"article","og_title":"Kompetencat e K\u00ebshillit | Komuna e K\u00ebr\u00e7ov\u00ebs","og_url":"https:\/\/kicevo.gov.mk\/nadlezhnosti-na-sovet\/","og_site_name":"Komuna e K\u00ebr\u00e7ov\u00ebs","article_modified_time":"2025-12-02T11:42:14+00:00","twitter_card":"summary_large_image","twitter_misc":{"Est. reading time":"2 minuta"},"schema":{"@context":"https:\/\/schema.org","@graph":[{"@type":"WebPage","@id":"https:\/\/kicevo.gov.mk\/nadlezhnosti-na-sovet\/","url":"https:\/\/kicevo.gov.mk\/nadlezhnosti-na-sovet\/","name":"Kompetencat e K\u00ebshillit | Komuna e K\u00ebr\u00e7ov\u00ebs","isPartOf":{"@id":"https:\/\/kicevo.gov.mk\/#website"},"datePublished":"2022-09-19T10:03:39+00:00","dateModified":"2025-12-02T11:42:14+00:00","breadcrumb":{"@id":"https:\/\/kicevo.gov.mk\/nadlezhnosti-na-sovet\/#breadcrumb"},"inLanguage":"sq","potentialAction":[{"@type":"ReadAction","target":["https:\/\/kicevo.gov.mk\/nadlezhnosti-na-sovet\/"]}]},{"@type":"BreadcrumbList","@id":"https:\/\/kicevo.gov.mk\/nadlezhnosti-na-sovet\/#breadcrumb","itemListElement":[{"@type":"ListItem","position":1,"name":"\u041f\u043e\u0447\u0435\u0442\u043d\u0430","item":"https:\/\/kicevo.gov.mk\/"},{"@type":"ListItem","position":2,"name":"\u041d\u0430\u0434\u043b\u0435\u0436\u043d\u043e\u0441\u0442\u0438 \u043d\u0430 \u0441\u043e\u0432\u0435\u0442"}]},{"@type":"WebSite","@id":"https:\/\/kicevo.gov.mk\/#website","url":"https:\/\/kicevo.gov.mk\/","name":"\u041e\u043f\u0448\u0442\u0438\u043d\u0430 \u041a\u0438\u0447\u0435\u0432\u043e","description":"Mir\u00eb se erdh\u00ebt n\u00eb ueb faqen zyrtare t\u00eb Komun\u00ebs s\u00eb K\u00ebr\u00e7ov\u00ebs","publisher":{"@id":"https:\/\/kicevo.gov.mk\/#organization"},"potentialAction":[{"@type":"SearchAction","target":{"@type":"EntryPoint","urlTemplate":"https:\/\/kicevo.gov.mk\/?s={search_term_string}"},"query-input":{"@type":"PropertyValueSpecification","valueRequired":true,"valueName":"search_term_string"}}],"inLanguage":"sq"},{"@type":"Organization","@id":"https:\/\/kicevo.gov.mk\/#organization","name":"Opstina Kicevo","url":"https:\/\/kicevo.gov.mk\/","logo":{"@type":"ImageObject","inLanguage":"sq","@id":"https:\/\/kicevo.gov.mk\/#\/schema\/logo\/image\/","url":"https:\/\/kicevo.gov.mk\/wp-content\/uploads\/2025\/11\/logo-alb.png","contentUrl":"https:\/\/kicevo.gov.mk\/wp-content\/uploads\/2025\/11\/logo-alb.png","width":1200,"height":1592,"caption":"Opstina Kicevo"},"image":{"@id":"https:\/\/kicevo.gov.mk\/#\/schema\/logo\/image\/"}}]}},"uagb_featured_image_src":{"full":false,"thumbnail":false,"medium":false,"medium_large":false,"large":false,"1536x1536":false,"2048x2048":false,"vp_sm":false,"vp_md":false,"vp_lg":false,"vp_xl":false,"vp_sm_popup":false,"vp_md_popup":false,"vp_xl_popup":false},"uagb_author_info":{"display_name":"Marina","author_link":"https:\/\/kicevo.gov.mk\/sq\/author\/adminmsb\/"},"uagb_comment_info":0,"uagb_excerpt":"K\u00ebshilli i Komun\u00ebs s\u00eb K\u00ebr\u00e7ov\u00ebs \u00ebsht\u00eb organ p\u00ebrfaq\u00ebsues i qytetar\u00ebve i cili vendos n\u00eb baz\u00eb t\u00eb kompetencave t\u00eb p\u00ebrcaktuara n\u00eb pajtim me Ligjin. K\u00ebshilli i Komun\u00ebs s\u00eb K\u00ebr\u00e7ov\u00ebs p\u00ebrb\u00ebhet nga 23 an\u00ebtar\u00eb t\u00eb zgjedhur n\u00eb zgjedhje t\u00eb p\u00ebrgjithshme, t\u00eb drejtp\u00ebrdrejta, t\u00eb lira dhe demokratike. An\u00ebtar\u00ebt e K\u00ebshillit zgjidhen p\u00ebr nj\u00eb mandat kat\u00ebrvje\u00e7ar, p\u00ebrfaq\u00ebsojn\u00eb qytetar\u00ebt dhe&hellip;","_links":{"self":[{"href":"https:\/\/kicevo.gov.mk\/sq\/wp-json\/wp\/v2\/pages\/1519","targetHints":{"allow":["GET"]}}],"collection":[{"href":"https:\/\/kicevo.gov.mk\/sq\/wp-json\/wp\/v2\/pages"}],"about":[{"href":"https:\/\/kicevo.gov.mk\/sq\/wp-json\/wp\/v2\/types\/page"}],"author":[{"embeddable":true,"href":"https:\/\/kicevo.gov.mk\/sq\/wp-json\/wp\/v2\/users\/3"}],"replies":[{"embeddable":true,"href":"https:\/\/kicevo.gov.mk\/sq\/wp-json\/wp\/v2\/comments?post=1519"}],"version-history":[{"count":4,"href":"https:\/\/kicevo.gov.mk\/sq\/wp-json\/wp\/v2\/pages\/1519\/revisions"}],"predecessor-version":[{"id":6039,"href":"https:\/\/kicevo.gov.mk\/sq\/wp-json\/wp\/v2\/pages\/1519\/revisions\/6039"}],"wp:attachment":[{"href":"https:\/\/kicevo.gov.mk\/sq\/wp-json\/wp\/v2\/media?parent=1519"}],"curies":[{"name":"wp","href":"https:\/\/api.w.org\/{rel}","templated":true}]}}