{"id":1516,"date":"2022-09-19T09:49:41","date_gmt":"2022-09-19T09:49:41","guid":{"rendered":"http:\/\/localhost\/opstina\/?page_id=1516"},"modified":"2025-12-02T11:42:06","modified_gmt":"2025-12-02T11:42:06","slug":"nadlezhnosti-na-gradonachalnikot","status":"publish","type":"page","link":"https:\/\/kicevo.gov.mk\/sq\/nadlezhnosti-na-gradonachalnikot\/","title":{"rendered":"Kompetencat e Kryetarit t\u00eb Komun\u00ebs"},"content":{"rendered":"\n<p>Kryetari i komun\u00ebs \u00ebsht\u00eb organ ekzekutiv dhe P\u00ebrfaq\u00ebsues i komun\u00ebs.<\/p>\n\n\n\n<p>Kompetencat e Kryetarit t\u00eb Komun\u00ebs<\/p>\n\n\n\n<p>(1) Kryetari i komun\u00ebs:<\/p>\n\n\n\n<ol class=\"wp-block-list\">\n<li>P\u00ebrfaq\u00ebson dhe prezanton komun\u00ebn<\/li>\n\n\n\n<li>Kontrollon ligjshm\u00ebrin\u00eb e rregulloreve t\u00eb k\u00ebshillit<\/li>\n\n\n\n<li>Publikon rregullore\u0442 e k\u00ebshillit n\u00eb fletoren zyrtare t\u00eb komun\u00ebs<\/li>\n\n\n\n<li>Siguron ekzekutimin e vendimeve t\u00eb k\u00ebshillit<\/li>\n\n\n\n<li>Siguron kryerjen e pun\u00ebve q\u00eb i jan\u00eb deleguar komun\u00ebs me ligj<\/li>\n\n\n\n<li>Inicon dhe propozon miratimin e rregulloreve n\u00eb kompetenc\u00eb t\u00eb k\u00ebshillit<\/li>\n\n\n\n<li>Propozon buxhetin vjetor dhe llogarin\u00eb vjetore t\u00eb komun\u00ebs<\/li>\n\n\n\n<li>Ekzekuton buxhetin e komun\u00ebs<\/li>\n\n\n\n<li>Zgjedh drejtor\u00ebt e sh\u00ebrbimeve publike t\u00eb krijuar nga komuna, n\u00eb baz\u00eb t\u00eb konkursit publik<\/li>\n\n\n\n<li>Informon rregullisht k\u00ebshillin p\u00ebr kryerjen e p\u00ebrgjegj\u00ebsive t\u00eb tij n\u00eb p\u00ebrputhje me statutin.<\/li>\n\n\n\n<li>Vendos p\u00ebr \u00e7\u00ebshtje administrative p\u00ebr t\u00eb drejtat, detyrimet dhe interesat e personave juridik\u00eb dhe fizik\u00eb, n\u00eb p\u00ebrputhje me ligjin.<\/li>\n\n\n\n<li>Miraton rregullore p\u00ebr sistemimin e vendeve t\u00eb pun\u00ebs n\u00eb administrat\u00ebn komunale<\/li>\n\n\n\n<li>Udh\u00ebheq me administrat\u00ebn komunale<\/li>\n\n\n\n<li>Vendos p\u00ebr pun\u00ebsimin, t\u00eb drejtat, detyrat dhe p\u00ebrgjegj\u00ebsit\u00eb e pun\u00ebtor\u00ebve n\u00eb administrat\u00ebn komunale, n\u00ebse me ligj nuk \u00ebsht\u00eb p\u00ebrcaktuar ndryshe.<\/li>\n\n\n\n<li>Siguron p\u00ebrdorim korrekt dhe t\u00eb ligjsh\u00ebm, mir\u00ebmbajtjen dhe mbrojtjen e pron\u00ebs s\u00eb komun\u00ebs, n\u00eb p\u00ebrputhje me ligjin dhe statutin dhe<\/li>\n\n\n\n<li>Kryen edhe pun\u00eb t\u00eb tjera t\u00eb p\u00ebrcaktuara me ligj dhe statut<\/li>\n<\/ol>\n\n\n\n<p>(2) Kryetari mund t\u00eb autorizoj\u00eb zyrtarin udh\u00ebheq\u00ebs t\u00eb komun\u00ebs p\u00ebr udh\u00ebheqjen e procedur\u00ebs dhe vendosjen p\u00ebr \u00e7\u00ebshtje administrative, si dhe n\u00ebnshkrimin e akteve<\/p>\n\n\n\n<p><strong>Zgjedhja e kryetarit t\u00eb komun\u00ebs<\/strong><\/p>\n\n\n\n<p>Kryetari zgjidhet \u00e7do t\u00eb kat\u00ebrtin vit, me zgjedhje t\u00eb p\u00ebrgjithshme, t\u00eb drejtp\u00ebrdrejta dhe t\u00eb lira me votim t\u00eb fsheht\u00eb, n\u00eb p\u00ebrputhje me ligjin q\u00eb rregullon zgjedhjet lokale.<\/p>\n\n\n\n<p><strong>Kontrolli i ligjshm\u00ebris\u00eb s\u00eb rregulloreve p\u00ebrpara publikimit t\u00eb tyre<\/strong><\/p>\n\n\n\n<p>(1) N\u00ebse kryetari i komun\u00ebs konsideron se rregullorja e k\u00ebshillit nuk \u00ebsht\u00eb n\u00eb p\u00ebrputhje \u00a0me Kushtetut\u00ebn dhe ligjet, \u00ebsht\u00eb i obliguar q\u00eb n\u00eb afat prej shtat\u00eb dit\u00ebsh nga dita e dor\u00ebzimit me aktvendim q\u00eb ta nd\u00ebrpres\u00eb publikimin e tij, me t\u00eb cilin do t&#8217;i sqaroj\u00eb arsyet p\u00ebr ndalimin.<br>(2) K\u00ebshilli \u00ebsht\u00eb i obliguar q\u00eb n\u00eb afat prej 15 dit\u00ebsh nga dita e publikimit t\u00eb aktvendimit nga paragrafi 1 i k\u00ebtij neni ta shqyrtoj\u00eb aktvendimin dhe t\u00eb vendos\u00eb sipas tij.<br>(3) N\u00ebse k\u00ebshilli e konfirmon rregulloren, kryetari i komun\u00ebs \u00ebsht\u00eb i obliguar ta publikoj\u00eb at\u00eb dhe nj\u00ebkoh\u00ebsisht t\u00eb paraqes\u00eb iniciativ\u00eb p\u00ebr fillimin e procedur\u00ebs p\u00ebr vler\u00ebsimin e kushtetutshm\u00ebris\u00eb dhe ligjshm\u00ebris\u00eb s\u00eb rregullores kontestuese para Gjykat\u00ebs Kushtetuese t\u00eb Republik\u00ebs s\u00eb Maqedonis\u00eb s\u00eb Veriut.<br>(4) P\u00ebr iniciativ\u00ebn nga paragrafi (3) i k\u00ebtij neni, Kryetari i komun\u00ebs \u00ebsht\u00eb i obliguar q\u00eb ta njoftoj\u00eb ministrin\u00eb p\u00ebrgjegj\u00ebse p\u00ebr kryerjen e pun\u00ebve q\u00eb kan\u00eb t\u00eb b\u00ebjn\u00eb me vet\u00ebqeverisjen lokale.<\/p>\n\n\n\n<p><strong>Ekzekutimi i funksionit Kryetar Komune<\/strong><\/p>\n\n\n\n<p>(1) Kryetari i sapozgjedhur i komun\u00ebs i merr detyrat e kryetarit t\u00eb m\u00ebparsh\u00ebm brenda shtat\u00eb dit\u00ebve nga dita e zgjedhjes.<br>(2) Kryetari e kryen funksionin e tij profesionalisht.<br>(3) Kryetari gjat\u00eb ushtrimit t\u00eb detyr\u00ebs nuk mund t\u00eb kryej\u00eb pun\u00eb t\u00eb tjera profesionale.<br>(4) Kryetari nuk mund t\u00eb thirret n\u00eb p\u00ebrgjegj\u00ebsi penale ose t\u00eb paraburgoset p\u00ebr shprehjen e mendimit n\u00eb k\u00ebshill.<br>(5) Kryetari i komun\u00ebs cakton se cili nga an\u00ebtar\u00ebt e k\u00ebshillit do ta z\u00ebvend\u00ebsoj\u00eb n\u00eb rast t\u00eb pamund\u00ebsis\u00eb ose munges\u00ebs, sipas procedur\u00ebs s\u00eb p\u00ebrcaktuar me statut.<br>(6) Pozita e an\u00ebtarit t\u00eb k\u00ebshillit pezullohet p\u00ebr koh\u00ebn kur e z\u00ebvend\u00ebson kryetari i komun\u00ebs.<br>(7) Paga dhe kompenzimet e kryetarit t\u00eb komun\u00ebs, si dhe kompenzimet e an\u00ebtarit t\u00eb k\u00ebshillit q\u00eb z\u00ebvend\u00ebson kryetarin e komun\u00ebs, rregullohen me ligj.<\/p>\n\n\n\n<p><strong>Konflikt i interesave t\u00eb Kryetarit t\u00eb Komun\u00ebs<\/strong><\/p>\n\n\n\n<p>(1) Kryetari i komun\u00ebs nuk mund t\u00eb em\u00ebrohet an\u00ebtar i organeve mbik\u00ebqyr\u00ebse, administrative dhe kontrolluese t\u00eb shoq\u00ebrive tregtare dhe sh\u00ebrbimeve publike.<br>(2) Kryetari i komun\u00ebs nuk mund t\u00eb marr\u00eb pjes\u00eb n\u00eb vendimmarrje p\u00ebr \u00e7\u00ebshtje n\u00eb t\u00eb cilat ai ose bashk\u00ebshorti\/ja, f\u00ebmij\u00ebt ose i af\u00ebrmi i tij deri n\u00eb shkall\u00ebn e dyt\u00eb ka interes financiar ose tjet\u00ebr personal.<br>(3) Kryetari i komun\u00ebs \u00ebsht\u00eb i obliguar q\u00eb p\u00ebr interesin nga paragrafi (2) t\u00eb k\u00ebtij neni ta njoftoj\u00eb k\u00ebshillin.<br>(4) N\u00eb rastet nga paragrafi (2) i k\u00ebtij neni, vendos nj\u00ebri nga an\u00ebtar\u00ebt e k\u00ebshillit i zgjedhur n\u00eb m\u00ebnyr\u00ebn n\u00eb t\u00eb cil\u00ebn \u00ebsht\u00eb zgjedhur kryetari i k\u00ebshillit.<\/p>\n\n\n\n<p><strong>Nd\u00ebrprerja e mandatit t\u00eb Kryetarit t\u00eb Komun\u00ebs<\/strong><\/p>\n\n\n\n<p>(1) Kryetarit t\u00eb komun\u00ebs i p\u00ebrfundon mandati me fuqi t\u00eb ligjit:<\/p>\n\n\n\n<ul class=\"wp-block-list\">\n<li>n\u00ebse jep dor\u00ebheqjen;<\/li>\n\n\n\n<li>n\u00eb rast vdekjeje;<\/li>\n\n\n\n<li>n\u00ebse me aktgjykim t\u00eb form\u00ebs s\u00eb prer\u00eb p\u00ebr vep\u00ebr penale \u00ebsht\u00eb d\u00ebnuar me burg m\u00eb shum\u00eb se gjasht\u00eb muaj;<\/li>\n\n\n\n<li>n\u00ebse me vendim t\u00eb form\u00ebs s\u00eb prer\u00eb i hiqet aft\u00ebsia p\u00ebr t\u00eb vepruar;<\/li>\n\n\n\n<li>n\u00ebse ekziston rasti i papajtueshm\u00ebris\u00eb p\u00ebr kryerjen e funksionit n\u00eb pajtim me Ligjin p\u00ebr zgjedhjet lokale;<\/li>\n\n\n\n<li>n\u00eb rast t\u00eb munges\u00ebs t\u00eb pajustifikuar p\u00ebr m\u00eb shum\u00eb se gjasht\u00eb muaj dhe n\u00ebse pushon s\u00eb qenurit banor\u00eb i komun\u00ebs.<\/li>\n<\/ul>\n\n\n\n<p>(2) P\u00ebr arsyetimin e munges\u00ebs nga paragrafi (1) alineja (6) t\u00eb k\u00ebtij neni vendos k\u00ebshilli, me dy t\u00eb tretat shumic\u00eb nga numri i p\u00ebrgjithsh\u00ebm i antar\u00ebve t\u00eb k\u00ebshillit.<\/p>\n\n\n\n<p>(3) An\u00ebtari i k\u00ebshillit i cili e z\u00ebvend\u00ebson kryetarin e komun\u00ebs n\u00eb afat prej 15 dit\u00ebsh nga dita e paraqitjes s\u00eb nj\u00eb prej rasteve nga paragrafi (1) i k\u00ebtij neni, \u00ebsht\u00eb i obliguar ta njoftoj\u00eb ministrin\u00eb p\u00ebrgjegj\u00ebse p\u00ebr \u00e7\u00ebshtjet q\u00eb jan\u00eb n\u00eb kompetenc\u00eb t\u00eb vet\u00ebqeverisjes lokale.<\/p>\n\n\n\n<p>(4) Ministria kompetente p\u00ebr kryerjen e pun\u00ebve n\u00eb lidhje me vet\u00ebqeverisjen lokale, n\u00eb afat prej 15 dit\u00ebsh nga dita e pranimit t\u00eb njoftimit nga paragrafi (3) i k\u00ebtij neni, e njofton Qeverin\u00eb e Republik\u00ebs s\u00eb Maqedonis\u00eb s\u00eb Veriut, e cila n\u00eb afat prej 1muaji nga dita e pranimit t\u00eb njoftimit, konstaton se ka ndodhur nj\u00eb nga rastet nga paragrafi (1) i k\u00ebtij neni dhe nj\u00ebkoh\u00ebsisht fillon procedur\u00ebn p\u00ebr shpalljen e zgjedhjeve t\u00eb reja p\u00ebr kryetar komune, n\u00eb pajtim me ligjin.<\/p>\n\n\n\n<p>(5) K\u00ebshilli n\u00eb afat prej 30 dit\u00ebsh nga dita e shpalljes s\u00eb vendimit t\u00eb Qeveris\u00eb nga paragrafi (4) i k\u00ebtij neni, detyr\u00ebn e kryetarit t\u00eb komun\u00ebs do ta kryej\u00eb gjat\u00eb periudh\u00ebs deri n\u00eb zgjedhjen e kryetarit t\u00eb ri, n\u00eb m\u00ebnyr\u00ebn n\u00eb t\u00eb cil\u00ebn zgjidhet kryetari i k\u00ebshillit .<\/p>\n\n\n\n<p>(6) An\u00ebtarit t\u00eb k\u00ebshillit i pushon funksioni an\u00ebtar\u00eb i k\u00ebshillit p\u00ebr koh\u00ebn q\u00eb ushtron&nbsp; detyr\u00ebn kryetar komune n\u00eb pajtim me paragrafin 6 t\u00eb k\u00ebtij neni.<\/p>\n\n\n\n<p>(7) Zgjedhjet nga paragrafi 4 i k\u00ebtij neni nuk do t\u00eb mbahen n\u00ebse deri n\u00eb periudh\u00ebn e tyre zgjedhore kan\u00eb mbetur m\u00eb pak se gjasht\u00eb muaj.<\/p>\n\n\n\n<p><strong>Aktet e Kryetarit t\u00eb Komun\u00ebs<\/strong><\/p>\n\n\n\n<p>P\u00ebr zgjidhjen e t\u00eb drejtave, detyrimeve dhe interesave individuale t\u00eb personave fizik\u00eb dhe juridik\u00eb, kryetari i komun\u00ebs sjell\u00eb aktvendime.<\/p>\n","protected":false},"excerpt":{"rendered":"<p>Kryetari i komun\u00ebs \u00ebsht\u00eb organ ekzekutiv dhe P\u00ebrfaq\u00ebsues i komun\u00ebs. Kompetencat e Kryetarit t\u00eb Komun\u00ebs (1) Kryetari i komun\u00ebs: (2) Kryetari mund t\u00eb autorizoj\u00eb zyrtarin udh\u00ebheq\u00ebs t\u00eb komun\u00ebs p\u00ebr udh\u00ebheqjen e procedur\u00ebs dhe vendosjen p\u00ebr \u00e7\u00ebshtje administrative, si dhe n\u00ebnshkrimin e akteve Zgjedhja e kryetarit t\u00eb komun\u00ebs Kryetari zgjidhet \u00e7do t\u00eb kat\u00ebrtin vit, me zgjedhje [&hellip;]<\/p>\n","protected":false},"author":3,"featured_media":0,"parent":0,"menu_order":0,"comment_status":"closed","ping_status":"closed","template":"page-templates\/sidebar-right.php","meta":{"_uag_custom_page_level_css":"","_vp_format_video_url":"","_vp_image_focal_point":[],"footnotes":""},"class_list":["post-1516","page","type-page","status-publish","hentry"],"translation":{"provider":"WPGlobus","version":"3.0.2","language":"sq","enabled_languages":["mk","sq"],"languages":{"mk":{"title":true,"content":true,"excerpt":false},"sq":{"title":true,"content":true,"excerpt":false}}},"yoast_head":"<!-- This site is optimized with the Yoast SEO plugin v27.4 - https:\/\/yoast.com\/product\/yoast-seo-wordpress\/ -->\n<title>Kompetencat e Kryetarit t\u00eb Komun\u00ebs | Komuna e K\u00ebr\u00e7ov\u00ebs<\/title>\n<meta name=\"robots\" content=\"index, follow, max-snippet:-1, max-image-preview:large, max-video-preview:-1\" \/>\n<link rel=\"canonical\" href=\"https:\/\/kicevo.gov.mk\/nadlezhnosti-na-gradonachalnikot\/\" \/>\n<meta property=\"og:locale\" content=\"sq_AL\" \/>\n<meta property=\"og:type\" content=\"article\" \/>\n<meta property=\"og:title\" content=\"Kompetencat e Kryetarit t\u00eb Komun\u00ebs | Komuna e K\u00ebr\u00e7ov\u00ebs\" \/>\n<meta property=\"og:url\" content=\"https:\/\/kicevo.gov.mk\/nadlezhnosti-na-gradonachalnikot\/\" \/>\n<meta property=\"og:site_name\" content=\"Komuna e K\u00ebr\u00e7ov\u00ebs\" \/>\n<meta property=\"article:modified_time\" content=\"2025-12-02T11:42:06+00:00\" \/>\n<meta name=\"twitter:card\" content=\"summary_large_image\" \/>\n<meta name=\"twitter:label1\" content=\"Est. reading time\" \/>\n\t<meta name=\"twitter:data1\" content=\"6 minuta\" \/>\n<script type=\"application\/ld+json\" class=\"yoast-schema-graph\">{\"@context\":\"https:\\\/\\\/schema.org\",\"@graph\":[{\"@type\":\"WebPage\",\"@id\":\"https:\\\/\\\/kicevo.gov.mk\\\/nadlezhnosti-na-gradonachalnikot\\\/\",\"url\":\"https:\\\/\\\/kicevo.gov.mk\\\/nadlezhnosti-na-gradonachalnikot\\\/\",\"name\":\"Kompetencat e Kryetarit t\u00eb Komun\u00ebs | Komuna e K\u00ebr\u00e7ov\u00ebs\",\"isPartOf\":{\"@id\":\"https:\\\/\\\/kicevo.gov.mk\\\/#website\"},\"datePublished\":\"2022-09-19T09:49:41+00:00\",\"dateModified\":\"2025-12-02T11:42:06+00:00\",\"breadcrumb\":{\"@id\":\"https:\\\/\\\/kicevo.gov.mk\\\/nadlezhnosti-na-gradonachalnikot\\\/#breadcrumb\"},\"inLanguage\":\"sq\",\"potentialAction\":[{\"@type\":\"ReadAction\",\"target\":[\"https:\\\/\\\/kicevo.gov.mk\\\/nadlezhnosti-na-gradonachalnikot\\\/\"]}]},{\"@type\":\"BreadcrumbList\",\"@id\":\"https:\\\/\\\/kicevo.gov.mk\\\/nadlezhnosti-na-gradonachalnikot\\\/#breadcrumb\",\"itemListElement\":[{\"@type\":\"ListItem\",\"position\":1,\"name\":\"\u041f\u043e\u0447\u0435\u0442\u043d\u0430\",\"item\":\"https:\\\/\\\/kicevo.gov.mk\\\/\"},{\"@type\":\"ListItem\",\"position\":2,\"name\":\"\u041d\u0430\u0434\u043b\u0435\u0436\u043d\u043e\u0441\u0442\u0438 \u043d\u0430 \u0413\u0440\u0430\u0434\u043e\u043d\u0430\u0447\u0430\u043b\u043d\u0438\u043a\u043e\u0442\"}]},{\"@type\":\"WebSite\",\"@id\":\"https:\\\/\\\/kicevo.gov.mk\\\/#website\",\"url\":\"https:\\\/\\\/kicevo.gov.mk\\\/\",\"name\":\"\u041e\u043f\u0448\u0442\u0438\u043d\u0430 \u041a\u0438\u0447\u0435\u0432\u043e\",\"description\":\"Mir\u00eb se erdh\u00ebt n\u00eb ueb faqen zyrtare t\u00eb Komun\u00ebs s\u00eb K\u00ebr\u00e7ov\u00ebs\",\"publisher\":{\"@id\":\"https:\\\/\\\/kicevo.gov.mk\\\/#organization\"},\"potentialAction\":[{\"@type\":\"SearchAction\",\"target\":{\"@type\":\"EntryPoint\",\"urlTemplate\":\"https:\\\/\\\/kicevo.gov.mk\\\/?s={search_term_string}\"},\"query-input\":{\"@type\":\"PropertyValueSpecification\",\"valueRequired\":true,\"valueName\":\"search_term_string\"}}],\"inLanguage\":\"sq\"},{\"@type\":\"Organization\",\"@id\":\"https:\\\/\\\/kicevo.gov.mk\\\/#organization\",\"name\":\"Opstina Kicevo\",\"url\":\"https:\\\/\\\/kicevo.gov.mk\\\/\",\"logo\":{\"@type\":\"ImageObject\",\"inLanguage\":\"sq\",\"@id\":\"https:\\\/\\\/kicevo.gov.mk\\\/#\\\/schema\\\/logo\\\/image\\\/\",\"url\":\"https:\\\/\\\/kicevo.gov.mk\\\/wp-content\\\/uploads\\\/2025\\\/11\\\/logo-alb.png\",\"contentUrl\":\"https:\\\/\\\/kicevo.gov.mk\\\/wp-content\\\/uploads\\\/2025\\\/11\\\/logo-alb.png\",\"width\":1200,\"height\":1592,\"caption\":\"Opstina Kicevo\"},\"image\":{\"@id\":\"https:\\\/\\\/kicevo.gov.mk\\\/#\\\/schema\\\/logo\\\/image\\\/\"}}]}<\/script>\n<!-- \/ Yoast SEO plugin. -->","yoast_head_json":{"title":"Kompetencat e Kryetarit t\u00eb Komun\u00ebs | Komuna e K\u00ebr\u00e7ov\u00ebs","robots":{"index":"index","follow":"follow","max-snippet":"max-snippet:-1","max-image-preview":"max-image-preview:large","max-video-preview":"max-video-preview:-1"},"canonical":"https:\/\/kicevo.gov.mk\/nadlezhnosti-na-gradonachalnikot\/","og_locale":"sq_AL","og_type":"article","og_title":"Kompetencat e Kryetarit t\u00eb Komun\u00ebs | Komuna e K\u00ebr\u00e7ov\u00ebs","og_url":"https:\/\/kicevo.gov.mk\/nadlezhnosti-na-gradonachalnikot\/","og_site_name":"Komuna e K\u00ebr\u00e7ov\u00ebs","article_modified_time":"2025-12-02T11:42:06+00:00","twitter_card":"summary_large_image","twitter_misc":{"Est. reading time":"6 minuta"},"schema":{"@context":"https:\/\/schema.org","@graph":[{"@type":"WebPage","@id":"https:\/\/kicevo.gov.mk\/nadlezhnosti-na-gradonachalnikot\/","url":"https:\/\/kicevo.gov.mk\/nadlezhnosti-na-gradonachalnikot\/","name":"Kompetencat e Kryetarit t\u00eb Komun\u00ebs | Komuna e K\u00ebr\u00e7ov\u00ebs","isPartOf":{"@id":"https:\/\/kicevo.gov.mk\/#website"},"datePublished":"2022-09-19T09:49:41+00:00","dateModified":"2025-12-02T11:42:06+00:00","breadcrumb":{"@id":"https:\/\/kicevo.gov.mk\/nadlezhnosti-na-gradonachalnikot\/#breadcrumb"},"inLanguage":"sq","potentialAction":[{"@type":"ReadAction","target":["https:\/\/kicevo.gov.mk\/nadlezhnosti-na-gradonachalnikot\/"]}]},{"@type":"BreadcrumbList","@id":"https:\/\/kicevo.gov.mk\/nadlezhnosti-na-gradonachalnikot\/#breadcrumb","itemListElement":[{"@type":"ListItem","position":1,"name":"\u041f\u043e\u0447\u0435\u0442\u043d\u0430","item":"https:\/\/kicevo.gov.mk\/"},{"@type":"ListItem","position":2,"name":"\u041d\u0430\u0434\u043b\u0435\u0436\u043d\u043e\u0441\u0442\u0438 \u043d\u0430 \u0413\u0440\u0430\u0434\u043e\u043d\u0430\u0447\u0430\u043b\u043d\u0438\u043a\u043e\u0442"}]},{"@type":"WebSite","@id":"https:\/\/kicevo.gov.mk\/#website","url":"https:\/\/kicevo.gov.mk\/","name":"\u041e\u043f\u0448\u0442\u0438\u043d\u0430 \u041a\u0438\u0447\u0435\u0432\u043e","description":"Mir\u00eb se erdh\u00ebt n\u00eb ueb faqen zyrtare t\u00eb Komun\u00ebs s\u00eb K\u00ebr\u00e7ov\u00ebs","publisher":{"@id":"https:\/\/kicevo.gov.mk\/#organization"},"potentialAction":[{"@type":"SearchAction","target":{"@type":"EntryPoint","urlTemplate":"https:\/\/kicevo.gov.mk\/?s={search_term_string}"},"query-input":{"@type":"PropertyValueSpecification","valueRequired":true,"valueName":"search_term_string"}}],"inLanguage":"sq"},{"@type":"Organization","@id":"https:\/\/kicevo.gov.mk\/#organization","name":"Opstina Kicevo","url":"https:\/\/kicevo.gov.mk\/","logo":{"@type":"ImageObject","inLanguage":"sq","@id":"https:\/\/kicevo.gov.mk\/#\/schema\/logo\/image\/","url":"https:\/\/kicevo.gov.mk\/wp-content\/uploads\/2025\/11\/logo-alb.png","contentUrl":"https:\/\/kicevo.gov.mk\/wp-content\/uploads\/2025\/11\/logo-alb.png","width":1200,"height":1592,"caption":"Opstina Kicevo"},"image":{"@id":"https:\/\/kicevo.gov.mk\/#\/schema\/logo\/image\/"}}]}},"uagb_featured_image_src":{"full":false,"thumbnail":false,"medium":false,"medium_large":false,"large":false,"1536x1536":false,"2048x2048":false,"vp_sm":false,"vp_md":false,"vp_lg":false,"vp_xl":false,"vp_sm_popup":false,"vp_md_popup":false,"vp_xl_popup":false},"uagb_author_info":{"display_name":"Marina","author_link":"https:\/\/kicevo.gov.mk\/sq\/author\/adminmsb\/"},"uagb_comment_info":0,"uagb_excerpt":"Kryetari i komun\u00ebs \u00ebsht\u00eb organ ekzekutiv dhe P\u00ebrfaq\u00ebsues i komun\u00ebs. Kompetencat e Kryetarit t\u00eb Komun\u00ebs (1) Kryetari i komun\u00ebs: (2) Kryetari mund t\u00eb autorizoj\u00eb zyrtarin udh\u00ebheq\u00ebs t\u00eb komun\u00ebs p\u00ebr udh\u00ebheqjen e procedur\u00ebs dhe vendosjen p\u00ebr \u00e7\u00ebshtje administrative, si dhe n\u00ebnshkrimin e akteve Zgjedhja e kryetarit t\u00eb komun\u00ebs Kryetari zgjidhet \u00e7do t\u00eb kat\u00ebrtin vit, me zgjedhje&hellip;","_links":{"self":[{"href":"https:\/\/kicevo.gov.mk\/sq\/wp-json\/wp\/v2\/pages\/1516","targetHints":{"allow":["GET"]}}],"collection":[{"href":"https:\/\/kicevo.gov.mk\/sq\/wp-json\/wp\/v2\/pages"}],"about":[{"href":"https:\/\/kicevo.gov.mk\/sq\/wp-json\/wp\/v2\/types\/page"}],"author":[{"embeddable":true,"href":"https:\/\/kicevo.gov.mk\/sq\/wp-json\/wp\/v2\/users\/3"}],"replies":[{"embeddable":true,"href":"https:\/\/kicevo.gov.mk\/sq\/wp-json\/wp\/v2\/comments?post=1516"}],"version-history":[{"count":14,"href":"https:\/\/kicevo.gov.mk\/sq\/wp-json\/wp\/v2\/pages\/1516\/revisions"}],"predecessor-version":[{"id":6151,"href":"https:\/\/kicevo.gov.mk\/sq\/wp-json\/wp\/v2\/pages\/1516\/revisions\/6151"}],"wp:attachment":[{"href":"https:\/\/kicevo.gov.mk\/sq\/wp-json\/wp\/v2\/media?parent=1516"}],"curies":[{"name":"wp","href":"https:\/\/api.w.org\/{rel}","templated":true}]}}