{"id":1463,"date":"2022-09-16T13:01:19","date_gmt":"2022-09-16T13:01:19","guid":{"rendered":"http:\/\/localhost\/opstina\/?page_id=1463"},"modified":"2025-12-02T11:36:13","modified_gmt":"2025-12-02T11:36:13","slug":"naselenie","status":"publish","type":"page","link":"https:\/\/kicevo.gov.mk\/sq\/naselenie\/","title":{"rendered":"Popullsia"},"content":{"rendered":"\n<figure class=\"wp-block-image size-full\"><img loading=\"lazy\" decoding=\"async\" width=\"1068\" height=\"601\" src=\"https:\/\/kicevo.gov.mk\/wp-content\/uploads\/2022\/09\/Kicevo-1.jpg\" alt=\"\" class=\"wp-image-1489\"\/><\/figure>\n\n\n\n<div style=\"height:60px\" aria-hidden=\"true\" class=\"wp-block-spacer\"><\/div>\n\n\n\n<p>Popullsia e p\u00ebrgjithshme n\u00eb Komun\u00ebn e K\u00ebr\u00e7ov\u00ebs sipas regjistrimit t\u00eb vitit 2021 \u00ebsht\u00eb 39.669 me 13.787 amvis\u00ebri dhe 24.872 banesa.<\/p>\n\n\n\n<figure style=\"font-size:15px\" class=\"wp-block-table\"><table><tbody><tr><td>Komuna<\/td><td class=\"has-text-align-center\" data-align=\"center\" colspan=\"3\">Gjithsej t\u00eb regjistruar<\/td><td class=\"has-text-align-center\" data-align=\"center\" colspan=\"3\">Gjithsej popullsia<br>rezidente<\/td><td class=\"has-text-align-center\" data-align=\"center\" colspan=\"3\">Gjithsej popullsia jo<br>rezidente<\/td><\/tr><tr><td>&nbsp;<\/td><td class=\"has-text-align-center\" data-align=\"center\">Gjithsej<\/td><td class=\"has-text-align-center\" data-align=\"center\">Burra<\/td><td class=\"has-text-align-center\" data-align=\"center\">Gra<\/td><td class=\"has-text-align-center\" data-align=\"center\">Gjithsej<\/td><td class=\"has-text-align-center\" data-align=\"center\">Burra<\/td><td class=\"has-text-align-center\" data-align=\"center\">Gra<\/td><td class=\"has-text-align-center\" data-align=\"center\">Gjithsej<\/td><td class=\"has-text-align-center\" data-align=\"center\">Burra<\/td><td class=\"has-text-align-center\" data-align=\"center\">Gra<\/td><\/tr><tr><td><strong>K\u00ebr\u00e7ov\u00eb<\/strong><\/td><td class=\"has-text-align-center\" data-align=\"center\">56725<\/td><td class=\"has-text-align-center\" data-align=\"center\">29117<\/td><td class=\"has-text-align-center\" data-align=\"center\">27608<\/td><td class=\"has-text-align-center\" data-align=\"center\">39669<\/td><td class=\"has-text-align-center\" data-align=\"center\">20014<\/td><td class=\"has-text-align-center\" data-align=\"center\">19655<\/td><td class=\"has-text-align-center\" data-align=\"center\">17056<\/td><td class=\"has-text-align-center\" data-align=\"center\">9103<\/td><td class=\"has-text-align-center\" data-align=\"center\">7953<\/td><\/tr><tr><td>Maqedonas<\/td><td class=\"has-text-align-center\" data-align=\"center\">16920<\/td><td class=\"has-text-align-center\" data-align=\"center\">8620<\/td><td class=\"has-text-align-center\" data-align=\"center\">8300<\/td><td class=\"has-text-align-center\" data-align=\"center\">16020<\/td><td class=\"has-text-align-center\" data-align=\"center\">8144<\/td><td class=\"has-text-align-center\" data-align=\"center\">7876<\/td><td class=\"has-text-align-center\" data-align=\"center\">900<\/td><td class=\"has-text-align-center\" data-align=\"center\">476<\/td><td class=\"has-text-align-center\" data-align=\"center\">424<\/td><\/tr><tr><td>Shqiptar\u00eb<\/td><td class=\"has-text-align-center\" data-align=\"center\">31610<\/td><td class=\"has-text-align-center\" data-align=\"center\">16292<\/td><td class=\"has-text-align-center\" data-align=\"center\">15318<\/td><td class=\"has-text-align-center\" data-align=\"center\">16373<\/td><td class=\"has-text-align-center\" data-align=\"center\">8171<\/td><td class=\"has-text-align-center\" data-align=\"center\">8202<\/td><td class=\"has-text-align-center\" data-align=\"center\">15237<\/td><td class=\"has-text-align-center\" data-align=\"center\">8121<\/td><td class=\"has-text-align-center\" data-align=\"center\">7116<\/td><\/tr><tr><td>Turq<\/td><td class=\"has-text-align-center\" data-align=\"center\">3245<\/td><td class=\"has-text-align-center\" data-align=\"center\">1663<\/td><td class=\"has-text-align-center\" data-align=\"center\">1582<\/td><td class=\"has-text-align-center\" data-align=\"center\">2553<\/td><td class=\"has-text-align-center\" data-align=\"center\">1280<\/td><td class=\"has-text-align-center\" data-align=\"center\">1273<\/td><td class=\"has-text-align-center\" data-align=\"center\">692<\/td><td class=\"has-text-align-center\" data-align=\"center\">383<\/td><td class=\"has-text-align-center\" data-align=\"center\">309<\/td><\/tr><tr><td>Rom\u00eb<\/td><td class=\"has-text-align-center\" data-align=\"center\">2063<\/td><td class=\"has-text-align-center\" data-align=\"center\">1064<\/td><td class=\"has-text-align-center\" data-align=\"center\">999<\/td><td class=\"has-text-align-center\" data-align=\"center\">2003<\/td><td class=\"has-text-align-center\" data-align=\"center\">1028<\/td><td class=\"has-text-align-center\" data-align=\"center\">975<\/td><td class=\"has-text-align-center\" data-align=\"center\">60<\/td><td class=\"has-text-align-center\" data-align=\"center\">36<\/td><td class=\"has-text-align-center\" data-align=\"center\">24<\/td><\/tr><tr><td>Vlleh\u00eb<\/td><td class=\"has-text-align-center\" data-align=\"center\">74<\/td><td class=\"has-text-align-center\" data-align=\"center\">42<\/td><td class=\"has-text-align-center\" data-align=\"center\">32<\/td><td class=\"has-text-align-center\" data-align=\"center\">70<\/td><td class=\"has-text-align-center\" data-align=\"center\">40<\/td><td class=\"has-text-align-center\" data-align=\"center\">30<\/td><td class=\"has-text-align-center\" data-align=\"center\">4<\/td><td class=\"has-text-align-center\" data-align=\"center\">2<\/td><td class=\"has-text-align-center\" data-align=\"center\">2<\/td><\/tr><tr><td>Serb\u00eb<\/td><td class=\"has-text-align-center\" data-align=\"center\">70<\/td><td class=\"has-text-align-center\" data-align=\"center\">41<\/td><td class=\"has-text-align-center\" data-align=\"center\">29<\/td><td class=\"has-text-align-center\" data-align=\"center\">60<\/td><td class=\"has-text-align-center\" data-align=\"center\">35<\/td><td class=\"has-text-align-center\" data-align=\"center\">25<\/td><td class=\"has-text-align-center\" data-align=\"center\">10<\/td><td class=\"has-text-align-center\" data-align=\"center\">6<\/td><td class=\"has-text-align-center\" data-align=\"center\">4<\/td><\/tr><tr><td>Boshnjak\u00eb<\/td><td class=\"has-text-align-center\" data-align=\"center\">15<\/td><td class=\"has-text-align-center\" data-align=\"center\">4<\/td><td class=\"has-text-align-center\" data-align=\"center\">11<\/td><td class=\"has-text-align-center\" data-align=\"center\">13<\/td><td class=\"has-text-align-center\" data-align=\"center\">3<\/td><td class=\"has-text-align-center\" data-align=\"center\">10<\/td><td class=\"has-text-align-center\" data-align=\"center\">2<\/td><td class=\"has-text-align-center\" data-align=\"center\">1<\/td><td class=\"has-text-align-center\" data-align=\"center\">1<\/td><\/tr><tr><td>T\u00eb tjer\u00eb t\u00eb pash\u00ebnuar<\/td><td class=\"has-text-align-center\" data-align=\"center\">286<\/td><td class=\"has-text-align-center\" data-align=\"center\">146<\/td><td class=\"has-text-align-center\" data-align=\"center\">140<\/td><td class=\"has-text-align-center\" data-align=\"center\">166<\/td><td class=\"has-text-align-center\" data-align=\"center\">87<\/td><td class=\"has-text-align-center\" data-align=\"center\">79<\/td><td class=\"has-text-align-center\" data-align=\"center\">120<\/td><td class=\"has-text-align-center\" data-align=\"center\">59<\/td><td class=\"has-text-align-center\" data-align=\"center\">61<\/td><\/tr><tr><td>Nuk jan\u00eb deklaruar<\/td><td class=\"has-text-align-center\" data-align=\"center\">2<\/td><td class=\"has-text-align-center\" data-align=\"center\">2<\/td><td class=\"has-text-align-center\" data-align=\"center\">&#8211;<\/td><td class=\"has-text-align-center\" data-align=\"center\">1<\/td><td class=\"has-text-align-center\" data-align=\"center\">1<\/td><td class=\"has-text-align-center\" data-align=\"center\">&#8211;<\/td><td class=\"has-text-align-center\" data-align=\"center\">1<\/td><td class=\"has-text-align-center\" data-align=\"center\">1<\/td><td class=\"has-text-align-center\" data-align=\"center\">&#8211;<\/td><\/tr><tr><td>E panjohur<\/td><td class=\"has-text-align-center\" data-align=\"center\">35<\/td><td class=\"has-text-align-center\" data-align=\"center\">19<\/td><td class=\"has-text-align-center\" data-align=\"center\">16<\/td><td class=\"has-text-align-center\" data-align=\"center\">5<\/td><td class=\"has-text-align-center\" data-align=\"center\">1<\/td><td class=\"has-text-align-center\" data-align=\"center\">4<\/td><td class=\"has-text-align-center\" data-align=\"center\">30<\/td><td class=\"has-text-align-center\" data-align=\"center\">18<\/td><td class=\"has-text-align-center\" data-align=\"center\">12<\/td><\/tr><tr><td>Persona q\u00eb t\u00eb dh\u00ebnat<br>jan\u00eb marr\u00eb nga burimet<br>administrative<\/td><td class=\"has-text-align-center\" data-align=\"center\">2405<\/td><td class=\"has-text-align-center\" data-align=\"center\">1224<\/td><td class=\"has-text-align-center\" data-align=\"center\">1181<\/td><td class=\"has-text-align-center\" data-align=\"center\">2405<\/td><td class=\"has-text-align-center\" data-align=\"center\">1224<\/td><td class=\"has-text-align-center\" data-align=\"center\">1181<\/td><td class=\"has-text-align-center\" data-align=\"center\">&#8211;<\/td><td class=\"has-text-align-center\" data-align=\"center\">&#8211;<\/td><td class=\"has-text-align-center\" data-align=\"center\">&#8211;<\/td><\/tr><\/tbody><\/table><\/figure>\n\n\n\n<p>N\u00eb vitin 2013 Komun\u00ebs s\u00eb K\u00ebr\u00e7ov\u00ebs iu bashk\u00ebuan komunat Zajas, Drugov\u00eb, Vraneshtic\u00eb dhe Oslomej. T\u00eb dh\u00ebnat i referohen numrit t\u00eb p\u00ebrgjithsh\u00ebm t\u00eb popullsis\u00eb n\u00eb k\u00ebto komuna.<\/p>\n\n\n\n<p><strong>Popullsia dhe karakteristikat demografike n\u00eb Rajonin Jugper\u00ebndimor i Planifikimit<\/strong><\/p>\n\n\n\n<p>N\u00eb territorin prej 3,340 km, n\u00eb 286 vendbanime, jetojn\u00eb gjithsej 222,064 banor\u00eb, nga t\u00eb cil\u00ebt 50,15 p\u00ebrqind jan\u00eb burra. Vler\u00ebsimi p\u00ebr vitin 2008 \u00ebsht\u00eb se numri i banor\u00ebve n\u00eb Republik\u00ebn e Maqedonis\u00eb \u00ebsht\u00eb 2,048,619, q\u00eb do t\u00eb thot\u00eb se n\u00eb territorin e rajonit planifikues Jugper\u00ebndimor jetojn\u00eb 10,83 p\u00ebrqind e popullsis\u00eb s\u00eb p\u00ebrgjithshme n\u00eb vend. Sidoqoft\u00eb, p\u00ebr sa i p\u00ebrket shp\u00ebrndarjes s\u00eb popullsis\u00eb brenda rajonit Jugper\u00ebndimor, dallimi i madh nd\u00ebr-komunal \u00ebsht\u00eb karakteristik, si dhe ndryshimi sipas vendbanimeve. N\u00eb tre komuna n\u00eb rajon \u2013 Strug\u00eb, Oh\u00ebr dhe K\u00ebr\u00e7ov\u00eb jetojn\u00eb 79,19 p\u00ebrqind e popullsis\u00eb s\u00eb p\u00ebrgjithshme n\u00eb rajon. Dend\u00ebsia mesatare e popullsis\u00eb n\u00eb vend \u00ebsht\u00eb 81.3 banor\u00eb, dhe n\u00eb rajonin e planifikimit Jugper\u00ebndimor \u00ebsht\u00eb 66.4 p\u00ebr km.<\/p>\n","protected":false},"excerpt":{"rendered":"<p>Popullsia e p\u00ebrgjithshme n\u00eb Komun\u00ebn e K\u00ebr\u00e7ov\u00ebs sipas regjistrimit t\u00eb vitit 2021 \u00ebsht\u00eb 39.669 me 13.787 amvis\u00ebri dhe 24.872 banesa. Komuna Gjithsej t\u00eb regjistruar Gjithsej popullsiarezidente Gjithsej popullsia jorezidente &nbsp; Gjithsej Burra Gra Gjithsej Burra Gra Gjithsej Burra Gra K\u00ebr\u00e7ov\u00eb 56725 29117 27608 39669 20014 19655 17056 9103 7953 Maqedonas 16920 8620 8300 16020 8144 [&hellip;]<\/p>\n","protected":false},"author":3,"featured_media":0,"parent":0,"menu_order":0,"comment_status":"closed","ping_status":"closed","template":"page-templates\/sidebar-right.php","meta":{"_uag_custom_page_level_css":"","_vp_format_video_url":"","_vp_image_focal_point":[],"footnotes":""},"class_list":["post-1463","page","type-page","status-publish","hentry"],"translation":{"provider":"WPGlobus","version":"3.0.2","language":"sq","enabled_languages":["mk","sq"],"languages":{"mk":{"title":true,"content":true,"excerpt":false},"sq":{"title":true,"content":true,"excerpt":false}}},"yoast_head":"<!-- This site is optimized with the Yoast SEO plugin v27.4 - https:\/\/yoast.com\/product\/yoast-seo-wordpress\/ -->\n<title>Popullsia | Komuna e K\u00ebr\u00e7ov\u00ebs<\/title>\n<meta name=\"robots\" content=\"index, follow, max-snippet:-1, max-image-preview:large, max-video-preview:-1\" \/>\n<link rel=\"canonical\" href=\"https:\/\/kicevo.gov.mk\/naselenie\/\" \/>\n<meta property=\"og:locale\" content=\"sq_AL\" \/>\n<meta property=\"og:type\" content=\"article\" \/>\n<meta property=\"og:title\" content=\"Popullsia | Komuna e K\u00ebr\u00e7ov\u00ebs\" \/>\n<meta property=\"og:url\" content=\"https:\/\/kicevo.gov.mk\/naselenie\/\" \/>\n<meta property=\"og:site_name\" content=\"Komuna e K\u00ebr\u00e7ov\u00ebs\" \/>\n<meta property=\"article:modified_time\" content=\"2025-12-02T11:36:13+00:00\" \/>\n<meta property=\"og:image\" content=\"https:\/\/kicevo.gov.mk\/wp-content\/uploads\/2022\/09\/Kicevo-1.jpg\" \/>\n<meta name=\"twitter:card\" content=\"summary_large_image\" \/>\n<meta name=\"twitter:label1\" content=\"Est. reading time\" \/>\n\t<meta name=\"twitter:data1\" content=\"1 minut\u00eb\" \/>\n<script type=\"application\/ld+json\" class=\"yoast-schema-graph\">{\"@context\":\"https:\\\/\\\/schema.org\",\"@graph\":[{\"@type\":\"WebPage\",\"@id\":\"https:\\\/\\\/kicevo.gov.mk\\\/naselenie\\\/\",\"url\":\"https:\\\/\\\/kicevo.gov.mk\\\/naselenie\\\/\",\"name\":\"Popullsia | Komuna e K\u00ebr\u00e7ov\u00ebs\",\"isPartOf\":{\"@id\":\"https:\\\/\\\/kicevo.gov.mk\\\/sq\\\/#website\"},\"primaryImageOfPage\":{\"@id\":\"https:\\\/\\\/kicevo.gov.mk\\\/naselenie\\\/#primaryimage\"},\"image\":{\"@id\":\"https:\\\/\\\/kicevo.gov.mk\\\/naselenie\\\/#primaryimage\"},\"thumbnailUrl\":\"https:\\\/\\\/kicevo.gov.mk\\\/wp-content\\\/uploads\\\/2022\\\/09\\\/Kicevo-1.jpg\",\"datePublished\":\"2022-09-16T13:01:19+00:00\",\"dateModified\":\"2025-12-02T11:36:13+00:00\",\"breadcrumb\":{\"@id\":\"https:\\\/\\\/kicevo.gov.mk\\\/naselenie\\\/#breadcrumb\"},\"inLanguage\":\"sq\",\"potentialAction\":[{\"@type\":\"ReadAction\",\"target\":[\"https:\\\/\\\/kicevo.gov.mk\\\/naselenie\\\/\"]}]},{\"@type\":\"ImageObject\",\"inLanguage\":\"sq\",\"@id\":\"https:\\\/\\\/kicevo.gov.mk\\\/naselenie\\\/#primaryimage\",\"url\":\"https:\\\/\\\/kicevo.gov.mk\\\/wp-content\\\/uploads\\\/2022\\\/09\\\/Kicevo-1.jpg\",\"contentUrl\":\"https:\\\/\\\/kicevo.gov.mk\\\/wp-content\\\/uploads\\\/2022\\\/09\\\/Kicevo-1.jpg\"},{\"@type\":\"BreadcrumbList\",\"@id\":\"https:\\\/\\\/kicevo.gov.mk\\\/naselenie\\\/#breadcrumb\",\"itemListElement\":[{\"@type\":\"ListItem\",\"position\":1,\"name\":\"\u041f\u043e\u0447\u0435\u0442\u043d\u0430\",\"item\":\"https:\\\/\\\/kicevo.gov.mk\\\/sq\\\/\"},{\"@type\":\"ListItem\",\"position\":2,\"name\":\"\u041d\u0430\u0441\u0435\u043b\u0435\u043d\u0438\u0435\"}]},{\"@type\":\"WebSite\",\"@id\":\"https:\\\/\\\/kicevo.gov.mk\\\/sq\\\/#website\",\"url\":\"https:\\\/\\\/kicevo.gov.mk\\\/sq\\\/\",\"name\":\"\u041e\u043f\u0448\u0442\u0438\u043d\u0430 \u041a\u0438\u0447\u0435\u0432\u043e\",\"description\":\"Mir\u00eb se erdh\u00ebt n\u00eb ueb faqen zyrtare t\u00eb Komun\u00ebs s\u00eb K\u00ebr\u00e7ov\u00ebs\",\"publisher\":{\"@id\":\"https:\\\/\\\/kicevo.gov.mk\\\/sq\\\/#organization\"},\"potentialAction\":[{\"@type\":\"SearchAction\",\"target\":{\"@type\":\"EntryPoint\",\"urlTemplate\":\"https:\\\/\\\/kicevo.gov.mk\\\/sq\\\/?s={search_term_string}\"},\"query-input\":{\"@type\":\"PropertyValueSpecification\",\"valueRequired\":true,\"valueName\":\"search_term_string\"}}],\"inLanguage\":\"sq\"},{\"@type\":\"Organization\",\"@id\":\"https:\\\/\\\/kicevo.gov.mk\\\/sq\\\/#organization\",\"name\":\"Opstina Kicevo\",\"url\":\"https:\\\/\\\/kicevo.gov.mk\\\/sq\\\/\",\"logo\":{\"@type\":\"ImageObject\",\"inLanguage\":\"sq\",\"@id\":\"https:\\\/\\\/kicevo.gov.mk\\\/sq\\\/#\\\/schema\\\/logo\\\/image\\\/\",\"url\":\"https:\\\/\\\/kicevo.gov.mk\\\/wp-content\\\/uploads\\\/2025\\\/11\\\/logo-alb.png\",\"contentUrl\":\"https:\\\/\\\/kicevo.gov.mk\\\/wp-content\\\/uploads\\\/2025\\\/11\\\/logo-alb.png\",\"width\":1200,\"height\":1592,\"caption\":\"Opstina Kicevo\"},\"image\":{\"@id\":\"https:\\\/\\\/kicevo.gov.mk\\\/sq\\\/#\\\/schema\\\/logo\\\/image\\\/\"}}]}<\/script>\n<!-- \/ Yoast SEO plugin. -->","yoast_head_json":{"title":"Popullsia | Komuna e K\u00ebr\u00e7ov\u00ebs","robots":{"index":"index","follow":"follow","max-snippet":"max-snippet:-1","max-image-preview":"max-image-preview:large","max-video-preview":"max-video-preview:-1"},"canonical":"https:\/\/kicevo.gov.mk\/naselenie\/","og_locale":"sq_AL","og_type":"article","og_title":"Popullsia | Komuna e K\u00ebr\u00e7ov\u00ebs","og_url":"https:\/\/kicevo.gov.mk\/naselenie\/","og_site_name":"Komuna e K\u00ebr\u00e7ov\u00ebs","article_modified_time":"2025-12-02T11:36:13+00:00","og_image":[{"url":"https:\/\/kicevo.gov.mk\/wp-content\/uploads\/2022\/09\/Kicevo-1.jpg","type":"","width":"","height":""}],"twitter_card":"summary_large_image","twitter_misc":{"Est. reading time":"1 minut\u00eb"},"schema":{"@context":"https:\/\/schema.org","@graph":[{"@type":"WebPage","@id":"https:\/\/kicevo.gov.mk\/naselenie\/","url":"https:\/\/kicevo.gov.mk\/naselenie\/","name":"Popullsia | Komuna e K\u00ebr\u00e7ov\u00ebs","isPartOf":{"@id":"https:\/\/kicevo.gov.mk\/sq\/#website"},"primaryImageOfPage":{"@id":"https:\/\/kicevo.gov.mk\/naselenie\/#primaryimage"},"image":{"@id":"https:\/\/kicevo.gov.mk\/naselenie\/#primaryimage"},"thumbnailUrl":"https:\/\/kicevo.gov.mk\/wp-content\/uploads\/2022\/09\/Kicevo-1.jpg","datePublished":"2022-09-16T13:01:19+00:00","dateModified":"2025-12-02T11:36:13+00:00","breadcrumb":{"@id":"https:\/\/kicevo.gov.mk\/naselenie\/#breadcrumb"},"inLanguage":"sq","potentialAction":[{"@type":"ReadAction","target":["https:\/\/kicevo.gov.mk\/naselenie\/"]}]},{"@type":"ImageObject","inLanguage":"sq","@id":"https:\/\/kicevo.gov.mk\/naselenie\/#primaryimage","url":"https:\/\/kicevo.gov.mk\/wp-content\/uploads\/2022\/09\/Kicevo-1.jpg","contentUrl":"https:\/\/kicevo.gov.mk\/wp-content\/uploads\/2022\/09\/Kicevo-1.jpg"},{"@type":"BreadcrumbList","@id":"https:\/\/kicevo.gov.mk\/naselenie\/#breadcrumb","itemListElement":[{"@type":"ListItem","position":1,"name":"\u041f\u043e\u0447\u0435\u0442\u043d\u0430","item":"https:\/\/kicevo.gov.mk\/sq\/"},{"@type":"ListItem","position":2,"name":"\u041d\u0430\u0441\u0435\u043b\u0435\u043d\u0438\u0435"}]},{"@type":"WebSite","@id":"https:\/\/kicevo.gov.mk\/sq\/#website","url":"https:\/\/kicevo.gov.mk\/sq\/","name":"\u041e\u043f\u0448\u0442\u0438\u043d\u0430 \u041a\u0438\u0447\u0435\u0432\u043e","description":"Mir\u00eb se erdh\u00ebt n\u00eb ueb faqen zyrtare t\u00eb Komun\u00ebs s\u00eb K\u00ebr\u00e7ov\u00ebs","publisher":{"@id":"https:\/\/kicevo.gov.mk\/sq\/#organization"},"potentialAction":[{"@type":"SearchAction","target":{"@type":"EntryPoint","urlTemplate":"https:\/\/kicevo.gov.mk\/sq\/?s={search_term_string}"},"query-input":{"@type":"PropertyValueSpecification","valueRequired":true,"valueName":"search_term_string"}}],"inLanguage":"sq"},{"@type":"Organization","@id":"https:\/\/kicevo.gov.mk\/sq\/#organization","name":"Opstina Kicevo","url":"https:\/\/kicevo.gov.mk\/sq\/","logo":{"@type":"ImageObject","inLanguage":"sq","@id":"https:\/\/kicevo.gov.mk\/sq\/#\/schema\/logo\/image\/","url":"https:\/\/kicevo.gov.mk\/wp-content\/uploads\/2025\/11\/logo-alb.png","contentUrl":"https:\/\/kicevo.gov.mk\/wp-content\/uploads\/2025\/11\/logo-alb.png","width":1200,"height":1592,"caption":"Opstina Kicevo"},"image":{"@id":"https:\/\/kicevo.gov.mk\/sq\/#\/schema\/logo\/image\/"}}]}},"uagb_featured_image_src":{"full":false,"thumbnail":false,"medium":false,"medium_large":false,"large":false,"1536x1536":false,"2048x2048":false,"vp_sm":false,"vp_md":false,"vp_lg":false,"vp_xl":false,"vp_sm_popup":false,"vp_md_popup":false,"vp_xl_popup":false},"uagb_author_info":{"display_name":"Marina","author_link":"https:\/\/kicevo.gov.mk\/sq\/author\/adminmsb\/"},"uagb_comment_info":0,"uagb_excerpt":"Popullsia e p\u00ebrgjithshme n\u00eb Komun\u00ebn e K\u00ebr\u00e7ov\u00ebs sipas regjistrimit t\u00eb vitit 2021 \u00ebsht\u00eb 39.669 me 13.787 amvis\u00ebri dhe 24.872 banesa. Komuna Gjithsej t\u00eb regjistruar Gjithsej popullsiarezidente Gjithsej popullsia jorezidente &nbsp; Gjithsej Burra Gra Gjithsej Burra Gra Gjithsej Burra Gra K\u00ebr\u00e7ov\u00eb 56725 29117 27608 39669 20014 19655 17056 9103 7953 Maqedonas 16920 8620 8300 16020 8144&hellip;","_links":{"self":[{"href":"https:\/\/kicevo.gov.mk\/sq\/wp-json\/wp\/v2\/pages\/1463","targetHints":{"allow":["GET"]}}],"collection":[{"href":"https:\/\/kicevo.gov.mk\/sq\/wp-json\/wp\/v2\/pages"}],"about":[{"href":"https:\/\/kicevo.gov.mk\/sq\/wp-json\/wp\/v2\/types\/page"}],"author":[{"embeddable":true,"href":"https:\/\/kicevo.gov.mk\/sq\/wp-json\/wp\/v2\/users\/3"}],"replies":[{"embeddable":true,"href":"https:\/\/kicevo.gov.mk\/sq\/wp-json\/wp\/v2\/comments?post=1463"}],"version-history":[{"count":5,"href":"https:\/\/kicevo.gov.mk\/sq\/wp-json\/wp\/v2\/pages\/1463\/revisions"}],"predecessor-version":[{"id":12347,"href":"https:\/\/kicevo.gov.mk\/sq\/wp-json\/wp\/v2\/pages\/1463\/revisions\/12347"}],"wp:attachment":[{"href":"https:\/\/kicevo.gov.mk\/sq\/wp-json\/wp\/v2\/media?parent=1463"}],"curies":[{"name":"wp","href":"https:\/\/api.w.org\/{rel}","templated":true}]}}