{"id":1461,"date":"2022-09-16T12:59:46","date_gmt":"2022-09-16T12:59:46","guid":{"rendered":"http:\/\/localhost\/opstina\/?page_id=1461"},"modified":"2025-12-02T11:42:00","modified_gmt":"2025-12-02T11:42:00","slug":"mestopolozhba","status":"publish","type":"page","link":"https:\/\/kicevo.gov.mk\/sq\/mestopolozhba\/","title":{"rendered":"Vendndodhja"},"content":{"rendered":"\n<figure class=\"wp-block-image size-full\"><img loading=\"lazy\" decoding=\"async\" width=\"1006\" height=\"943\" src=\"https:\/\/kicevo.gov.mk\/wp-content\/uploads\/2022\/11\/mestopolozba-sq.jpg\" alt=\"\" class=\"wp-image-6034\" srcset=\"https:\/\/kicevo.gov.mk\/wp-content\/uploads\/2022\/11\/mestopolozba-sq.jpg 1006w, https:\/\/kicevo.gov.mk\/wp-content\/uploads\/2022\/11\/mestopolozba-sq-300x281.jpg 300w, https:\/\/kicevo.gov.mk\/wp-content\/uploads\/2022\/11\/mestopolozba-sq-768x720.jpg 768w, https:\/\/kicevo.gov.mk\/wp-content\/uploads\/2022\/11\/mestopolozba-sq-500x469.jpg 500w, https:\/\/kicevo.gov.mk\/wp-content\/uploads\/2022\/11\/mestopolozba-sq-800x750.jpg 800w\" sizes=\"auto, (max-width: 1006px) 100vw, 1006px\" \/><\/figure>\n\n\n\n<div style=\"height:60px\" aria-hidden=\"true\" class=\"wp-block-spacer\"><\/div>\n\n\n\n<p>K\u00ebr\u00e7ova ndodhet n\u00eb pjes\u00ebn per\u00ebndimore t\u00eb Republik\u00ebs s\u00eb Maqedonis\u00eb s\u00eb Veriut, e vendosur n\u00eb Lugin\u00ebn e K\u00ebr\u00e7ov\u00ebs, e cila \u00ebsht\u00eb nj\u00eb entitet natyror\u00eb me form\u00eb t\u00eb qart\u00eb, i rrethuar nga t\u00eb gjitha an\u00ebt me male t\u00eb larta. I p\u00ebrket pellgut t\u00eb sip\u00ebrm uj\u00ebmbledh\u00ebs t\u00eb lumit Treska, n\u00eb an\u00ebn veriore prek qaf\u00ebn e Strazh\u00ebs, n\u00eb an\u00ebn per\u00ebndimore ngrihet mali Bistra, n\u00eb an\u00ebn jugore shtrihet p\u00ebrgjat\u00eb lugin\u00ebs s\u00eb lumit Treska deri n\u00eb malin Ilin, dhe nga ana lindore prek pjes\u00ebn jugore t\u00eb zon\u00ebs s\u00eb Pore\u00e7es . Qyteti i K\u00ebr\u00e7ov\u00ebs, si qend\u00ebr urbane, gjendet n\u00eb lart\u00ebsin\u00eb 625-650 metra. Pjesa tjet\u00ebr e vendbanimeve ndodhen n\u00eb lart\u00ebsin\u00eb 600 deri n\u00eb mbi 1000 metra.<\/p>\n\n\n\n<p>K\u00ebr\u00e7ova \u00ebsht\u00eb 110 kilometra larg Shkupit dhe gjendet pothuajse n\u00eb gjysm\u00eb t\u00eb rrug\u00ebs mes Gostivarit (46 kilometra) dhe Ohrit (61 kilometra). Qyteti i K\u00ebr\u00e7ov\u00ebs me vendndodhjen e tij \u00ebsht\u00eb nj\u00eb nga qendrat m\u00eb t\u00eb r\u00ebnd\u00ebsishme t\u00eb trafikut dhe tranzitit n\u00eb Maqedonin\u00eb Per\u00ebndimore.<\/p>\n\n\n\n<p>Sa i p\u00ebrket sip\u00ebrfaqes, deri n\u00eb vitin 2013 Komuna e K\u00ebr\u00e7ov\u00ebs mbulonte pjes\u00ebn m\u00eb t\u00eb vog\u00ebl n\u00eb krahasim me komunat tjera, gjegj\u00ebsisht 49 km2, q\u00eb p\u00ebrfaq\u00ebson 5.9% t\u00eb sip\u00ebrfaqes s\u00eb p\u00ebrgjithshme n\u00eb Lugin\u00ebn e K\u00ebr\u00e7ov\u00ebs dhe zonat tjera q\u00eb gravitojn\u00eb rreth K\u00ebr\u00e7ov\u00ebs. Sipas numrit t\u00eb banor\u00ebve, K\u00ebr\u00e7ova ishte komuna m\u00eb e madhe, me 52,5% t\u00eb numrit t\u00eb p\u00ebrgjithsh\u00ebm t\u00eb banor\u00ebve n\u00eb rajon, deri n\u00eb vitin 2013 kur komun\u00ebs s\u00eb K\u00ebr\u00e7ov\u00ebs iu bashkuan komunat D\u00ebrgov\u00eb, Vraneshtica, Zajaz dhe Osllome.<\/p>\n\n\n\n<p><strong>Rajoni Jugper\u00ebndimor i Planifikimit<\/strong><\/p>\n\n\n\n<p>Rajoni Jugper\u00ebndimor i Planifikimit \u00ebsht\u00eb nj\u00eb nga tet\u00eb brenda Republik\u00ebs s\u00eb Maqedonis\u00eb dhe p\u00ebrfshin 9 komuna: Vev\u00e7ani, Dibra, Debrca, Ohri, K\u00ebr\u00e7ova, Makedonski Brod, Plasnica, Struga dhe Centar Zupa.<\/p>\n\n\n\n<p>Relievi i rajonit t\u00eb planifikimit Jugper\u00ebndimor \u00ebsht\u00eb malor dhe luginor. Mbizot\u00ebrojn\u00eb malet e larta lart\u00ebsia e t\u00eb cilave tejkalon 2000 m. M\u00eb e madhja n\u00eb rajon \u00ebsht\u00eb lugina Oh\u00ebr-Strug\u00eb e vendosur midis maleve Jablanica dhe Galicica, n\u00eb nj\u00eb pjes\u00eb t\u00eb mbushur me Liqenin e Ohrit. Rajoni karakterizohet nga p\u00ebrfaq\u00ebsimi i jasht\u00ebzakonsh\u00ebm i shpellave duke pasur parasysh p\u00ebrb\u00ebrjen g\u00eblqerore t\u00eb maleve. Ka shum\u00eb liqene natyrore, artificiale dhe akullnajore dhe \u00ebsht\u00eb nj\u00eb nga m\u00eb t\u00eb pyll\u00ebzuarit n\u00eb Republik\u00ebn e Maqedonis\u00eb.<\/p>\n","protected":false},"excerpt":{"rendered":"<p>K\u00ebr\u00e7ova ndodhet n\u00eb pjes\u00ebn per\u00ebndimore t\u00eb Republik\u00ebs s\u00eb Maqedonis\u00eb s\u00eb Veriut, e vendosur n\u00eb Lugin\u00ebn e K\u00ebr\u00e7ov\u00ebs, e cila \u00ebsht\u00eb nj\u00eb entitet natyror\u00eb me form\u00eb t\u00eb qart\u00eb, i rrethuar nga t\u00eb gjitha an\u00ebt me male t\u00eb larta. I p\u00ebrket pellgut t\u00eb sip\u00ebrm uj\u00ebmbledh\u00ebs t\u00eb lumit Treska, n\u00eb an\u00ebn veriore prek qaf\u00ebn e Strazh\u00ebs, n\u00eb an\u00ebn [&hellip;]<\/p>\n","protected":false},"author":3,"featured_media":0,"parent":0,"menu_order":0,"comment_status":"closed","ping_status":"closed","template":"page-templates\/sidebar-right.php","meta":{"_uag_custom_page_level_css":"","_vp_format_video_url":"","_vp_image_focal_point":[],"footnotes":""},"class_list":["post-1461","page","type-page","status-publish","hentry"],"translation":{"provider":"WPGlobus","version":"3.0.2","language":"sq","enabled_languages":["mk","sq"],"languages":{"mk":{"title":true,"content":true,"excerpt":false},"sq":{"title":true,"content":true,"excerpt":false}}},"yoast_head":"<!-- This site is optimized with the Yoast SEO plugin v27.4 - https:\/\/yoast.com\/product\/yoast-seo-wordpress\/ -->\n<title>Vendndodhja | Komuna e K\u00ebr\u00e7ov\u00ebs<\/title>\n<meta name=\"robots\" content=\"index, follow, max-snippet:-1, max-image-preview:large, max-video-preview:-1\" \/>\n<link rel=\"canonical\" href=\"https:\/\/kicevo.gov.mk\/mestopolozhba\/\" \/>\n<meta property=\"og:locale\" content=\"sq_AL\" \/>\n<meta property=\"og:type\" content=\"article\" \/>\n<meta property=\"og:title\" content=\"Vendndodhja | Komuna e K\u00ebr\u00e7ov\u00ebs\" \/>\n<meta property=\"og:url\" content=\"https:\/\/kicevo.gov.mk\/mestopolozhba\/\" \/>\n<meta property=\"og:site_name\" content=\"Komuna e K\u00ebr\u00e7ov\u00ebs\" \/>\n<meta property=\"article:modified_time\" content=\"2025-12-02T11:42:00+00:00\" \/>\n<meta property=\"og:image\" content=\"https:\/\/kicevo.gov.mk\/wp-content\/uploads\/2022\/10\/mestopolozba.jpg\" \/>\n<meta name=\"twitter:card\" content=\"summary_large_image\" \/>\n<meta name=\"twitter:label1\" content=\"Est. reading time\" \/>\n\t<meta name=\"twitter:data1\" content=\"2 minuta\" \/>\n<script type=\"application\/ld+json\" class=\"yoast-schema-graph\">{\"@context\":\"https:\\\/\\\/schema.org\",\"@graph\":[{\"@type\":\"WebPage\",\"@id\":\"https:\\\/\\\/kicevo.gov.mk\\\/mestopolozhba\\\/\",\"url\":\"https:\\\/\\\/kicevo.gov.mk\\\/mestopolozhba\\\/\",\"name\":\"Vendndodhja | Komuna e K\u00ebr\u00e7ov\u00ebs\",\"isPartOf\":{\"@id\":\"https:\\\/\\\/kicevo.gov.mk\\\/#website\"},\"primaryImageOfPage\":{\"@id\":\"https:\\\/\\\/kicevo.gov.mk\\\/mestopolozhba\\\/#primaryimage\"},\"image\":{\"@id\":\"https:\\\/\\\/kicevo.gov.mk\\\/mestopolozhba\\\/#primaryimage\"},\"thumbnailUrl\":\"https:\\\/\\\/kicevo.gov.mk\\\/wp-content\\\/uploads\\\/2022\\\/10\\\/mestopolozba.jpg\",\"datePublished\":\"2022-09-16T12:59:46+00:00\",\"dateModified\":\"2025-12-02T11:42:00+00:00\",\"breadcrumb\":{\"@id\":\"https:\\\/\\\/kicevo.gov.mk\\\/mestopolozhba\\\/#breadcrumb\"},\"inLanguage\":\"sq\",\"potentialAction\":[{\"@type\":\"ReadAction\",\"target\":[\"https:\\\/\\\/kicevo.gov.mk\\\/mestopolozhba\\\/\"]}]},{\"@type\":\"ImageObject\",\"inLanguage\":\"sq\",\"@id\":\"https:\\\/\\\/kicevo.gov.mk\\\/mestopolozhba\\\/#primaryimage\",\"url\":\"https:\\\/\\\/kicevo.gov.mk\\\/wp-content\\\/uploads\\\/2022\\\/10\\\/mestopolozba.jpg\",\"contentUrl\":\"https:\\\/\\\/kicevo.gov.mk\\\/wp-content\\\/uploads\\\/2022\\\/10\\\/mestopolozba.jpg\"},{\"@type\":\"BreadcrumbList\",\"@id\":\"https:\\\/\\\/kicevo.gov.mk\\\/mestopolozhba\\\/#breadcrumb\",\"itemListElement\":[{\"@type\":\"ListItem\",\"position\":1,\"name\":\"\u041f\u043e\u0447\u0435\u0442\u043d\u0430\",\"item\":\"https:\\\/\\\/kicevo.gov.mk\\\/\"},{\"@type\":\"ListItem\",\"position\":2,\"name\":\"\u041c\u0435\u0441\u0442\u043e\u043f\u043e\u043b\u043e\u0436\u0431\u0430\"}]},{\"@type\":\"WebSite\",\"@id\":\"https:\\\/\\\/kicevo.gov.mk\\\/#website\",\"url\":\"https:\\\/\\\/kicevo.gov.mk\\\/\",\"name\":\"\u041e\u043f\u0448\u0442\u0438\u043d\u0430 \u041a\u0438\u0447\u0435\u0432\u043e\",\"description\":\"Mir\u00eb se erdh\u00ebt n\u00eb ueb faqen zyrtare t\u00eb Komun\u00ebs s\u00eb K\u00ebr\u00e7ov\u00ebs\",\"publisher\":{\"@id\":\"https:\\\/\\\/kicevo.gov.mk\\\/#organization\"},\"potentialAction\":[{\"@type\":\"SearchAction\",\"target\":{\"@type\":\"EntryPoint\",\"urlTemplate\":\"https:\\\/\\\/kicevo.gov.mk\\\/?s={search_term_string}\"},\"query-input\":{\"@type\":\"PropertyValueSpecification\",\"valueRequired\":true,\"valueName\":\"search_term_string\"}}],\"inLanguage\":\"sq\"},{\"@type\":\"Organization\",\"@id\":\"https:\\\/\\\/kicevo.gov.mk\\\/#organization\",\"name\":\"Opstina Kicevo\",\"url\":\"https:\\\/\\\/kicevo.gov.mk\\\/\",\"logo\":{\"@type\":\"ImageObject\",\"inLanguage\":\"sq\",\"@id\":\"https:\\\/\\\/kicevo.gov.mk\\\/#\\\/schema\\\/logo\\\/image\\\/\",\"url\":\"https:\\\/\\\/kicevo.gov.mk\\\/wp-content\\\/uploads\\\/2025\\\/11\\\/logo-alb.png\",\"contentUrl\":\"https:\\\/\\\/kicevo.gov.mk\\\/wp-content\\\/uploads\\\/2025\\\/11\\\/logo-alb.png\",\"width\":1200,\"height\":1592,\"caption\":\"Opstina Kicevo\"},\"image\":{\"@id\":\"https:\\\/\\\/kicevo.gov.mk\\\/#\\\/schema\\\/logo\\\/image\\\/\"}}]}<\/script>\n<!-- \/ Yoast SEO plugin. -->","yoast_head_json":{"title":"Vendndodhja | Komuna e K\u00ebr\u00e7ov\u00ebs","robots":{"index":"index","follow":"follow","max-snippet":"max-snippet:-1","max-image-preview":"max-image-preview:large","max-video-preview":"max-video-preview:-1"},"canonical":"https:\/\/kicevo.gov.mk\/mestopolozhba\/","og_locale":"sq_AL","og_type":"article","og_title":"Vendndodhja | Komuna e K\u00ebr\u00e7ov\u00ebs","og_url":"https:\/\/kicevo.gov.mk\/mestopolozhba\/","og_site_name":"Komuna e K\u00ebr\u00e7ov\u00ebs","article_modified_time":"2025-12-02T11:42:00+00:00","og_image":[{"url":"https:\/\/kicevo.gov.mk\/wp-content\/uploads\/2022\/10\/mestopolozba.jpg","type":"","width":"","height":""}],"twitter_card":"summary_large_image","twitter_misc":{"Est. reading time":"2 minuta"},"schema":{"@context":"https:\/\/schema.org","@graph":[{"@type":"WebPage","@id":"https:\/\/kicevo.gov.mk\/mestopolozhba\/","url":"https:\/\/kicevo.gov.mk\/mestopolozhba\/","name":"Vendndodhja | Komuna e K\u00ebr\u00e7ov\u00ebs","isPartOf":{"@id":"https:\/\/kicevo.gov.mk\/#website"},"primaryImageOfPage":{"@id":"https:\/\/kicevo.gov.mk\/mestopolozhba\/#primaryimage"},"image":{"@id":"https:\/\/kicevo.gov.mk\/mestopolozhba\/#primaryimage"},"thumbnailUrl":"https:\/\/kicevo.gov.mk\/wp-content\/uploads\/2022\/10\/mestopolozba.jpg","datePublished":"2022-09-16T12:59:46+00:00","dateModified":"2025-12-02T11:42:00+00:00","breadcrumb":{"@id":"https:\/\/kicevo.gov.mk\/mestopolozhba\/#breadcrumb"},"inLanguage":"sq","potentialAction":[{"@type":"ReadAction","target":["https:\/\/kicevo.gov.mk\/mestopolozhba\/"]}]},{"@type":"ImageObject","inLanguage":"sq","@id":"https:\/\/kicevo.gov.mk\/mestopolozhba\/#primaryimage","url":"https:\/\/kicevo.gov.mk\/wp-content\/uploads\/2022\/10\/mestopolozba.jpg","contentUrl":"https:\/\/kicevo.gov.mk\/wp-content\/uploads\/2022\/10\/mestopolozba.jpg"},{"@type":"BreadcrumbList","@id":"https:\/\/kicevo.gov.mk\/mestopolozhba\/#breadcrumb","itemListElement":[{"@type":"ListItem","position":1,"name":"\u041f\u043e\u0447\u0435\u0442\u043d\u0430","item":"https:\/\/kicevo.gov.mk\/"},{"@type":"ListItem","position":2,"name":"\u041c\u0435\u0441\u0442\u043e\u043f\u043e\u043b\u043e\u0436\u0431\u0430"}]},{"@type":"WebSite","@id":"https:\/\/kicevo.gov.mk\/#website","url":"https:\/\/kicevo.gov.mk\/","name":"\u041e\u043f\u0448\u0442\u0438\u043d\u0430 \u041a\u0438\u0447\u0435\u0432\u043e","description":"Mir\u00eb se erdh\u00ebt n\u00eb ueb faqen zyrtare t\u00eb Komun\u00ebs s\u00eb K\u00ebr\u00e7ov\u00ebs","publisher":{"@id":"https:\/\/kicevo.gov.mk\/#organization"},"potentialAction":[{"@type":"SearchAction","target":{"@type":"EntryPoint","urlTemplate":"https:\/\/kicevo.gov.mk\/?s={search_term_string}"},"query-input":{"@type":"PropertyValueSpecification","valueRequired":true,"valueName":"search_term_string"}}],"inLanguage":"sq"},{"@type":"Organization","@id":"https:\/\/kicevo.gov.mk\/#organization","name":"Opstina Kicevo","url":"https:\/\/kicevo.gov.mk\/","logo":{"@type":"ImageObject","inLanguage":"sq","@id":"https:\/\/kicevo.gov.mk\/#\/schema\/logo\/image\/","url":"https:\/\/kicevo.gov.mk\/wp-content\/uploads\/2025\/11\/logo-alb.png","contentUrl":"https:\/\/kicevo.gov.mk\/wp-content\/uploads\/2025\/11\/logo-alb.png","width":1200,"height":1592,"caption":"Opstina Kicevo"},"image":{"@id":"https:\/\/kicevo.gov.mk\/#\/schema\/logo\/image\/"}}]}},"uagb_featured_image_src":{"full":false,"thumbnail":false,"medium":false,"medium_large":false,"large":false,"1536x1536":false,"2048x2048":false,"vp_sm":false,"vp_md":false,"vp_lg":false,"vp_xl":false,"vp_sm_popup":false,"vp_md_popup":false,"vp_xl_popup":false},"uagb_author_info":{"display_name":"Marina","author_link":"https:\/\/kicevo.gov.mk\/sq\/author\/adminmsb\/"},"uagb_comment_info":0,"uagb_excerpt":"K\u00ebr\u00e7ova ndodhet n\u00eb pjes\u00ebn per\u00ebndimore t\u00eb Republik\u00ebs s\u00eb Maqedonis\u00eb s\u00eb Veriut, e vendosur n\u00eb Lugin\u00ebn e K\u00ebr\u00e7ov\u00ebs, e cila \u00ebsht\u00eb nj\u00eb entitet natyror\u00eb me form\u00eb t\u00eb qart\u00eb, i rrethuar nga t\u00eb gjitha an\u00ebt me male t\u00eb larta. I p\u00ebrket pellgut t\u00eb sip\u00ebrm uj\u00ebmbledh\u00ebs t\u00eb lumit Treska, n\u00eb an\u00ebn veriore prek qaf\u00ebn e Strazh\u00ebs, n\u00eb an\u00ebn&hellip;","_links":{"self":[{"href":"https:\/\/kicevo.gov.mk\/sq\/wp-json\/wp\/v2\/pages\/1461","targetHints":{"allow":["GET"]}}],"collection":[{"href":"https:\/\/kicevo.gov.mk\/sq\/wp-json\/wp\/v2\/pages"}],"about":[{"href":"https:\/\/kicevo.gov.mk\/sq\/wp-json\/wp\/v2\/types\/page"}],"author":[{"embeddable":true,"href":"https:\/\/kicevo.gov.mk\/sq\/wp-json\/wp\/v2\/users\/3"}],"replies":[{"embeddable":true,"href":"https:\/\/kicevo.gov.mk\/sq\/wp-json\/wp\/v2\/comments?post=1461"}],"version-history":[{"count":5,"href":"https:\/\/kicevo.gov.mk\/sq\/wp-json\/wp\/v2\/pages\/1461\/revisions"}],"predecessor-version":[{"id":10188,"href":"https:\/\/kicevo.gov.mk\/sq\/wp-json\/wp\/v2\/pages\/1461\/revisions\/10188"}],"wp:attachment":[{"href":"https:\/\/kicevo.gov.mk\/sq\/wp-json\/wp\/v2\/media?parent=1461"}],"curies":[{"name":"wp","href":"https:\/\/api.w.org\/{rel}","templated":true}]}}