{"id":1103,"date":"2022-09-14T11:40:20","date_gmt":"2022-09-14T11:40:20","guid":{"rendered":"http:\/\/localhost\/opstina\/?page_id=1103"},"modified":"2025-12-02T11:30:48","modified_gmt":"2025-12-02T11:30:48","slug":"javni-nabavki","status":"publish","type":"page","link":"https:\/\/kicevo.gov.mk\/sq\/javni-nabavki\/","title":{"rendered":"Furnizimet Publike"},"content":{"rendered":"\n<div class=\"wp-block-pb-accordion-item c-accordion__item js-accordion-item no-js\" data-initially-open=\"false\" data-click-to-close=\"true\" data-auto-close=\"true\" data-scroll=\"false\" data-scroll-offset=\"0\"><h4 id=\"at-11030\" class=\"c-accordion__title js-accordion-controller\" role=\"button\">Plani p\u00ebr furnizimet publike<\/h4><div id=\"ac-11030\" class=\"c-accordion__content\">\n<div class=\"wp-block-file\"><a id=\"wp-block-file--media-13bc55bf-2b7f-4acb-8914-fd1dcf108813\" href=\"https:\/\/kicevo.gov.mk\/wp-content\/uploads\/2025\/01\/javni-nabavki-plan-2025.pdf\" target=\"_blank\" rel=\"noreferrer noopener\">Plani p\u00ebr furnizimet publike 2025<\/a><a href=\"https:\/\/kicevo.gov.mk\/wp-content\/uploads\/2025\/01\/javni-nabavki-plan-2025.pdf\" class=\"wp-block-file__button wp-element-button\" download aria-describedby=\"wp-block-file--media-13bc55bf-2b7f-4acb-8914-fd1dcf108813\">Shkarko<\/a><\/div>\n\n\n\n<div class=\"wp-block-file\"><a id=\"wp-block-file--media-60853eec-472b-4920-a750-8817e5951bef\" href=\"https:\/\/kicevo.gov.mk\/wp-content\/uploads\/2024\/03\/GodisenPlan.pdf\" target=\"_blank\" rel=\"noreferrer noopener\">Plani p\u00ebr furnizimet publike 2024<\/a><a href=\"https:\/\/kicevo.gov.mk\/wp-content\/uploads\/2024\/03\/GodisenPlan.pdf\" class=\"wp-block-file__button wp-element-button\" download aria-describedby=\"wp-block-file--media-60853eec-472b-4920-a750-8817e5951bef\">Shkarko<\/a><\/div>\n\n\n\n<div class=\"wp-block-file\"><a id=\"wp-block-file--media-60853eec-472b-4920-a750-8817e5951bef\" href=\"https:\/\/kicevo.gov.mk\/wp-content\/uploads\/2023\/01\/PLAN-FP-JN-2023.pdf\" target=\"_blank\" rel=\"noreferrer noopener\">Plani p\u00ebr furnizimet publike 2023<\/a><a href=\"https:\/\/kicevo.gov.mk\/wp-content\/uploads\/2023\/01\/PLAN-FP-JN-2023.pdf\" class=\"wp-block-file__button wp-element-button\" download aria-describedby=\"wp-block-file--media-60853eec-472b-4920-a750-8817e5951bef\">Shkarko<\/a><\/div>\n\n\n\n<div class=\"wp-block-file\"><a id=\"wp-block-file--media-60853eec-472b-4920-a750-8817e5951bef\" href=\"https:\/\/kicevo.gov.mk\/wp-content\/uploads\/2023\/01\/PLAN-FP-JN-2022.pdf\" target=\"_blank\" rel=\"noreferrer noopener\">Plani p\u00ebr furnizimet publike 2022<\/a><a href=\"https:\/\/kicevo.gov.mk\/wp-content\/uploads\/2023\/01\/PLAN-FP-JN-2022.pdf\" class=\"wp-block-file__button wp-element-button\" download aria-describedby=\"wp-block-file--media-60853eec-472b-4920-a750-8817e5951bef\">Shkarko<\/a><\/div>\n\n\n\n<div class=\"wp-block-file\"><a id=\"wp-block-file--media-60853eec-472b-4920-a750-8817e5951bef\" href=\"https:\/\/kicevo.gov.mk\/wp-content\/uploads\/2023\/01\/PLAN-FP-JN-2021.pdf\" target=\"_blank\" rel=\"noreferrer noopener\">Plani p\u00ebr furnizimet publike 2021<\/a><a href=\"https:\/\/kicevo.gov.mk\/wp-content\/uploads\/2023\/01\/PLAN-FP-JN-2021.pdf\" class=\"wp-block-file__button wp-element-button\" download aria-describedby=\"wp-block-file--media-60853eec-472b-4920-a750-8817e5951bef\">Shkarko<\/a><\/div>\n\n\n\n<div class=\"wp-block-file\"><a id=\"wp-block-file--media-60853eec-472b-4920-a750-8817e5951bef\" href=\"https:\/\/kicevo.gov.mk\/wp-content\/uploads\/2023\/01\/GodisenPlan-2020.pdf\" target=\"_blank\" rel=\"noreferrer noopener\">Plani p\u00ebr furnizimet publike 2020<\/a><a href=\"https:\/\/kicevo.gov.mk\/wp-content\/uploads\/2023\/01\/GodisenPlan-2020.pdf\" class=\"wp-block-file__button wp-element-button\" download aria-describedby=\"wp-block-file--media-60853eec-472b-4920-a750-8817e5951bef\">Shkarko<\/a><\/div>\n\n\n\n<div class=\"wp-block-file\"><a id=\"wp-block-file--media-60853eec-472b-4920-a750-8817e5951bef\" href=\"https:\/\/kicevo.gov.mk\/wp-content\/uploads\/2023\/01\/GodisenPlan2019.pdf\" target=\"_blank\" rel=\"noreferrer noopener\">Plani p\u00ebr furnizimet publike 2019<\/a><a href=\"https:\/\/kicevo.gov.mk\/wp-content\/uploads\/2023\/01\/GodisenPlan2019.pdf\" class=\"wp-block-file__button wp-element-button\" download aria-describedby=\"wp-block-file--media-60853eec-472b-4920-a750-8817e5951bef\">Shkarko<\/a><\/div>\n<\/div><\/div>\n\n\n\n<div class=\"wp-block-file\"><a id=\"wp-block-file--media-887a7738-9e24-46e9-aee2-9103f7acf3d0\" href=\"https:\/\/kicevo.gov.mk\/wp-content\/uploads\/2025\/04\/plan-per-prokurime-publike.pdf\" target=\"_blank\" rel=\"noreferrer noopener\">P\u00ebrgatitja e Planit t\u00eb Prokurimit Publik<\/a><a href=\"https:\/\/kicevo.gov.mk\/wp-content\/uploads\/2025\/04\/plan-per-prokurime-publike.pdf\" class=\"wp-block-file__button wp-element-button\" download aria-describedby=\"wp-block-file--media-887a7738-9e24-46e9-aee2-9103f7acf3d0\">Shkarko<\/a><\/div>\n\n\n\n<div class=\"wp-block-file\"><a id=\"wp-block-file--media-f293a2f5-1115-4ac3-be61-b10c63de695c\" href=\"https:\/\/kicevo.gov.mk\/wp-content\/uploads\/2024\/11\/Indikator-kercove.pdf\" target=\"_blank\" rel=\"noreferrer noopener\">Indikator\u00ebt e prokurimit publik dhe transparenc\u00ebs p\u00ebr vitin 2023<\/a><a href=\"https:\/\/kicevo.gov.mk\/wp-content\/uploads\/2024\/11\/Indikator-kercove.pdf\" class=\"wp-block-file__button wp-element-button\" download aria-describedby=\"wp-block-file--media-f293a2f5-1115-4ac3-be61-b10c63de695c\">Shkarko<\/a><\/div>\n\n\n\n<div class=\"wp-block-uagb-tabs uagb-block-6f945a9d uagb-tabs__wrap uagb-tabs__hstyle1-desktop uagb-tabs__vstyle6-tablet uagb-tabs__stack1-mobile tabs-padding\" data-tab-active=\"0\"><ul class=\"uagb-tabs__panel uagb-tabs__align-left\" role=\"tablist\"><li class=\"uagb-tab uagb-tabs__active\" role=\"none\"><a href=\"#uagb-tabs__tab0\" class=\"uagb-tabs-list uagb-tabs__icon-position-left\" data-tab=\"0\" role=\"tab\"><div>Blerjet e planifikuara<\/div><\/a><\/li><li class=\"uagb-tab \" role=\"none\"><a href=\"#uagb-tabs__tab1\" class=\"uagb-tabs-list uagb-tabs__icon-position-left\" data-tab=\"1\" role=\"tab\"><div>Shpalljet<\/div><\/a><\/li><li class=\"uagb-tab \" role=\"none\"><a href=\"#uagb-tabs__tab2\" class=\"uagb-tabs-list uagb-tabs__icon-position-left\" data-tab=\"2\" role=\"tab\"><div>Kontratat e lidhura<\/div><\/a><\/li><li class=\"uagb-tab \" role=\"none\"><a href=\"#uagb-tabs__tab3\" class=\"uagb-tabs-list uagb-tabs__icon-position-left\" data-tab=\"3\" role=\"tab\"><div>Kontratat e realizuara<\/div><\/a><\/li><\/ul><div class=\"uagb-tabs__body-wrap\">\n<div class=\"wp-block-uagb-tabs-child uagb-tabs__body-container uagb-inner-tab-0 tabs-padding\" aria-labelledby=\"uagb-tabs__tab0\">\n<iframe src=\"https:\/\/e-nabavki.gov.mk\/InstitutionGridData.aspx#\/ciAnnouncementPlansGrid\/c9459d4e-3f44-4bd1-b1c1-983f6e74f362\" width=\"100%\" style=\"height:900px\"><\/iframe>\n<\/div>\n\n\n\n<div class=\"wp-block-uagb-tabs-child uagb-tabs__body-container uagb-inner-tab-1 tabs-padding\" aria-labelledby=\"uagb-tabs__tab1\">\n<iframe src=\"https:\/\/e-nabavki.gov.mk\/InstitutionGridData.aspx#\/ciAnnouncementsGrid\/c9459d4e-3f44-4bd1-b1c1-983f6e74f362\" width=\"100%\" style=\"height:900px\"><\/iframe>\n<\/div>\n\n\n\n<div class=\"wp-block-uagb-tabs-child uagb-tabs__body-container uagb-inner-tab-2 tabs-padding\" aria-labelledby=\"uagb-tabs__tab2\">\n<iframe src=\"https:\/\/e-nabavki.gov.mk\/InstitutionGridData.aspx#\/ciContractsGrid\/c9459d4e-3f44-4bd1-b1c1-983f6e74f362\" width=\"100%\" style=\"height:900px\"><\/iframe>\n<\/div>\n\n\n\n<div class=\"wp-block-uagb-tabs-child uagb-tabs__body-container uagb-inner-tab-3 tabs-padding\" aria-labelledby=\"uagb-tabs__tab3\">\n<iframe src=\"https:\/\/e-nabavki.gov.mk\/InstitutionGridData.aspx#\/ciRealizedContractsGrid\/c9459d4e-3f44-4bd1-b1c1-983f6e74f362\" width=\"100%\" style=\"height:900px\"><\/iframe>\n<\/div>\n<\/div><\/div>\n","protected":false},"excerpt":{"rendered":"","protected":false},"author":3,"featured_media":0,"parent":0,"menu_order":0,"comment_status":"closed","ping_status":"closed","template":"page-templates\/sidebar-right.php","meta":{"_uag_custom_page_level_css":"","_vp_format_video_url":"","_vp_image_focal_point":[],"footnotes":""},"class_list":["post-1103","page","type-page","status-publish","hentry"],"translation":{"provider":"WPGlobus","version":"3.0.2","language":"sq","enabled_languages":["mk","sq"],"languages":{"mk":{"title":true,"content":true,"excerpt":false},"sq":{"title":true,"content":true,"excerpt":false}}},"yoast_head":"<!-- This site is optimized with the Yoast SEO plugin v27.4 - https:\/\/yoast.com\/product\/yoast-seo-wordpress\/ -->\n<title>Furnizimet Publike | Komuna e K\u00ebr\u00e7ov\u00ebs<\/title>\n<meta name=\"robots\" content=\"index, follow, max-snippet:-1, max-image-preview:large, max-video-preview:-1\" \/>\n<link rel=\"canonical\" href=\"https:\/\/kicevo.gov.mk\/javni-nabavki\/\" \/>\n<meta property=\"og:locale\" content=\"sq_AL\" \/>\n<meta property=\"og:type\" content=\"article\" \/>\n<meta property=\"og:title\" content=\"Furnizimet Publike | Komuna e K\u00ebr\u00e7ov\u00ebs\" \/>\n<meta property=\"og:url\" content=\"https:\/\/kicevo.gov.mk\/javni-nabavki\/\" \/>\n<meta property=\"og:site_name\" content=\"Komuna e K\u00ebr\u00e7ov\u00ebs\" \/>\n<meta property=\"article:modified_time\" content=\"2025-12-02T11:30:48+00:00\" \/>\n<meta name=\"twitter:card\" content=\"summary_large_image\" \/>\n<script type=\"application\/ld+json\" class=\"yoast-schema-graph\">{\"@context\":\"https:\\\/\\\/schema.org\",\"@graph\":[{\"@type\":\"WebPage\",\"@id\":\"https:\\\/\\\/kicevo.gov.mk\\\/javni-nabavki\\\/\",\"url\":\"https:\\\/\\\/kicevo.gov.mk\\\/javni-nabavki\\\/\",\"name\":\"Furnizimet Publike | Komuna e K\u00ebr\u00e7ov\u00ebs\",\"isPartOf\":{\"@id\":\"https:\\\/\\\/kicevo.gov.mk\\\/#website\"},\"datePublished\":\"2022-09-14T11:40:20+00:00\",\"dateModified\":\"2025-12-02T11:30:48+00:00\",\"breadcrumb\":{\"@id\":\"https:\\\/\\\/kicevo.gov.mk\\\/javni-nabavki\\\/#breadcrumb\"},\"inLanguage\":\"sq\",\"potentialAction\":[{\"@type\":\"ReadAction\",\"target\":[\"https:\\\/\\\/kicevo.gov.mk\\\/javni-nabavki\\\/\"]}]},{\"@type\":\"BreadcrumbList\",\"@id\":\"https:\\\/\\\/kicevo.gov.mk\\\/javni-nabavki\\\/#breadcrumb\",\"itemListElement\":[{\"@type\":\"ListItem\",\"position\":1,\"name\":\"\u041f\u043e\u0447\u0435\u0442\u043d\u0430\",\"item\":\"https:\\\/\\\/kicevo.gov.mk\\\/\"},{\"@type\":\"ListItem\",\"position\":2,\"name\":\"\u0408\u0430\u0432\u043d\u0438 \u043d\u0430\u0431\u0430\u0432\u043a\u0438\"}]},{\"@type\":\"WebSite\",\"@id\":\"https:\\\/\\\/kicevo.gov.mk\\\/#website\",\"url\":\"https:\\\/\\\/kicevo.gov.mk\\\/\",\"name\":\"\u041e\u043f\u0448\u0442\u0438\u043d\u0430 \u041a\u0438\u0447\u0435\u0432\u043e\",\"description\":\"Mir\u00eb se erdh\u00ebt n\u00eb ueb faqen zyrtare t\u00eb Komun\u00ebs s\u00eb K\u00ebr\u00e7ov\u00ebs\",\"publisher\":{\"@id\":\"https:\\\/\\\/kicevo.gov.mk\\\/#organization\"},\"potentialAction\":[{\"@type\":\"SearchAction\",\"target\":{\"@type\":\"EntryPoint\",\"urlTemplate\":\"https:\\\/\\\/kicevo.gov.mk\\\/?s={search_term_string}\"},\"query-input\":{\"@type\":\"PropertyValueSpecification\",\"valueRequired\":true,\"valueName\":\"search_term_string\"}}],\"inLanguage\":\"sq\"},{\"@type\":\"Organization\",\"@id\":\"https:\\\/\\\/kicevo.gov.mk\\\/#organization\",\"name\":\"Opstina Kicevo\",\"url\":\"https:\\\/\\\/kicevo.gov.mk\\\/\",\"logo\":{\"@type\":\"ImageObject\",\"inLanguage\":\"sq\",\"@id\":\"https:\\\/\\\/kicevo.gov.mk\\\/#\\\/schema\\\/logo\\\/image\\\/\",\"url\":\"https:\\\/\\\/kicevo.gov.mk\\\/wp-content\\\/uploads\\\/2025\\\/11\\\/logo-alb.png\",\"contentUrl\":\"https:\\\/\\\/kicevo.gov.mk\\\/wp-content\\\/uploads\\\/2025\\\/11\\\/logo-alb.png\",\"width\":1200,\"height\":1592,\"caption\":\"Opstina Kicevo\"},\"image\":{\"@id\":\"https:\\\/\\\/kicevo.gov.mk\\\/#\\\/schema\\\/logo\\\/image\\\/\"}}]}<\/script>\n<!-- \/ Yoast SEO plugin. -->","yoast_head_json":{"title":"Furnizimet Publike | Komuna e K\u00ebr\u00e7ov\u00ebs","robots":{"index":"index","follow":"follow","max-snippet":"max-snippet:-1","max-image-preview":"max-image-preview:large","max-video-preview":"max-video-preview:-1"},"canonical":"https:\/\/kicevo.gov.mk\/javni-nabavki\/","og_locale":"sq_AL","og_type":"article","og_title":"Furnizimet Publike | Komuna e K\u00ebr\u00e7ov\u00ebs","og_url":"https:\/\/kicevo.gov.mk\/javni-nabavki\/","og_site_name":"Komuna e K\u00ebr\u00e7ov\u00ebs","article_modified_time":"2025-12-02T11:30:48+00:00","twitter_card":"summary_large_image","schema":{"@context":"https:\/\/schema.org","@graph":[{"@type":"WebPage","@id":"https:\/\/kicevo.gov.mk\/javni-nabavki\/","url":"https:\/\/kicevo.gov.mk\/javni-nabavki\/","name":"Furnizimet Publike | Komuna e K\u00ebr\u00e7ov\u00ebs","isPartOf":{"@id":"https:\/\/kicevo.gov.mk\/#website"},"datePublished":"2022-09-14T11:40:20+00:00","dateModified":"2025-12-02T11:30:48+00:00","breadcrumb":{"@id":"https:\/\/kicevo.gov.mk\/javni-nabavki\/#breadcrumb"},"inLanguage":"sq","potentialAction":[{"@type":"ReadAction","target":["https:\/\/kicevo.gov.mk\/javni-nabavki\/"]}]},{"@type":"BreadcrumbList","@id":"https:\/\/kicevo.gov.mk\/javni-nabavki\/#breadcrumb","itemListElement":[{"@type":"ListItem","position":1,"name":"\u041f\u043e\u0447\u0435\u0442\u043d\u0430","item":"https:\/\/kicevo.gov.mk\/"},{"@type":"ListItem","position":2,"name":"\u0408\u0430\u0432\u043d\u0438 \u043d\u0430\u0431\u0430\u0432\u043a\u0438"}]},{"@type":"WebSite","@id":"https:\/\/kicevo.gov.mk\/#website","url":"https:\/\/kicevo.gov.mk\/","name":"\u041e\u043f\u0448\u0442\u0438\u043d\u0430 \u041a\u0438\u0447\u0435\u0432\u043e","description":"Mir\u00eb se erdh\u00ebt n\u00eb ueb faqen zyrtare t\u00eb Komun\u00ebs s\u00eb K\u00ebr\u00e7ov\u00ebs","publisher":{"@id":"https:\/\/kicevo.gov.mk\/#organization"},"potentialAction":[{"@type":"SearchAction","target":{"@type":"EntryPoint","urlTemplate":"https:\/\/kicevo.gov.mk\/?s={search_term_string}"},"query-input":{"@type":"PropertyValueSpecification","valueRequired":true,"valueName":"search_term_string"}}],"inLanguage":"sq"},{"@type":"Organization","@id":"https:\/\/kicevo.gov.mk\/#organization","name":"Opstina Kicevo","url":"https:\/\/kicevo.gov.mk\/","logo":{"@type":"ImageObject","inLanguage":"sq","@id":"https:\/\/kicevo.gov.mk\/#\/schema\/logo\/image\/","url":"https:\/\/kicevo.gov.mk\/wp-content\/uploads\/2025\/11\/logo-alb.png","contentUrl":"https:\/\/kicevo.gov.mk\/wp-content\/uploads\/2025\/11\/logo-alb.png","width":1200,"height":1592,"caption":"Opstina Kicevo"},"image":{"@id":"https:\/\/kicevo.gov.mk\/#\/schema\/logo\/image\/"}}]}},"uagb_featured_image_src":{"full":false,"thumbnail":false,"medium":false,"medium_large":false,"large":false,"1536x1536":false,"2048x2048":false,"vp_sm":false,"vp_md":false,"vp_lg":false,"vp_xl":false,"vp_sm_popup":false,"vp_md_popup":false,"vp_xl_popup":false},"uagb_author_info":{"display_name":"Marina","author_link":"https:\/\/kicevo.gov.mk\/sq\/author\/adminmsb\/"},"uagb_comment_info":0,"uagb_excerpt":null,"_links":{"self":[{"href":"https:\/\/kicevo.gov.mk\/sq\/wp-json\/wp\/v2\/pages\/1103","targetHints":{"allow":["GET"]}}],"collection":[{"href":"https:\/\/kicevo.gov.mk\/sq\/wp-json\/wp\/v2\/pages"}],"about":[{"href":"https:\/\/kicevo.gov.mk\/sq\/wp-json\/wp\/v2\/types\/page"}],"author":[{"embeddable":true,"href":"https:\/\/kicevo.gov.mk\/sq\/wp-json\/wp\/v2\/users\/3"}],"replies":[{"embeddable":true,"href":"https:\/\/kicevo.gov.mk\/sq\/wp-json\/wp\/v2\/comments?post=1103"}],"version-history":[{"count":5,"href":"https:\/\/kicevo.gov.mk\/sq\/wp-json\/wp\/v2\/pages\/1103\/revisions"}],"predecessor-version":[{"id":17272,"href":"https:\/\/kicevo.gov.mk\/sq\/wp-json\/wp\/v2\/pages\/1103\/revisions\/17272"}],"wp:attachment":[{"href":"https:\/\/kicevo.gov.mk\/sq\/wp-json\/wp\/v2\/media?parent=1103"}],"curies":[{"name":"wp","href":"https:\/\/api.w.org\/{rel}","templated":true}]}} 