{"id":10473,"date":"2024-03-18T11:55:39","date_gmt":"2024-03-18T11:55:39","guid":{"rendered":"https:\/\/kicevo.gov.mk\/?page_id=10473"},"modified":"2026-01-14T08:24:51","modified_gmt":"2026-01-14T08:24:51","slug":"komisija-za-urbanizam","status":"publish","type":"page","link":"https:\/\/kicevo.gov.mk\/sq\/komisija-za-urbanizam\/","title":{"rendered":"Komisioni p\u00ebr urbaniz\u00ebm"},"content":{"rendered":"\n<div class=\"wp-block-columns is-layout-flex wp-container-core-columns-is-layout-9d6595d7 wp-block-columns-is-layout-flex\">\n<div class=\"wp-block-column is-layout-flow wp-block-column-is-layout-flow\">\n<div class=\"lsvr-feature lsvr-feature--has-icon\"\n    >\n    <div class=\"lsvr-feature__inner\">\n\n        \n            <span class=\"lsvr-feature__icon icon-person-id-card\" aria-hidden=\"true\"><\/span>\n\n        \n        \n            <h3 class=\"lsvr-feature__title\">\n                Komisioni p\u00ebr urbaniz\u00ebm            <\/h3>\n\n        \n        \n            <div class=\"lsvr-feature__text\">\n\n                <p>Riste Lazarovski &#8211; Kryetar<br \/>\nE-mail: ristelazarovski@gmail.com<\/p>\n<p>Aleksandra Anakjioska<br \/>\nE-mail: aleksandraanakjioska@kicevo.gov.mk<\/p>\n<p>Fisnik Fejza<br \/>\nE-mail: fisnik_fejza_55@hotmail.com<\/p>\n<p>An\u00ebtar\u00eb t\u00eb jasht\u00ebm<\/p>\n<p>Irena Veljanovska<br \/>\nE-mail: veljanovska.irena@gmail.com<\/p>\n<p>Cvetanka Todorova<br \/>\nE-mail: cvetankatl@gmail.com<\/p>\n\n            <\/div>\n\n        \n        \n    <\/div>\n<\/div>\n\n<\/div>\n\n\n\n<div class=\"wp-block-column is-layout-flow wp-block-column-is-layout-flow\"><\/div>\n<\/div>\n\n\n\n<div class=\"wp-block-file\"><a id=\"wp-block-file--media-724ece81-beb4-447e-8d36-62c4a314ce67\" href=\"https:\/\/kicevo.gov.mk\/wp-content\/uploads\/2026\/01\/komisija-urbanizam.pdf\" target=\"_blank\" rel=\"noreferrer noopener\">Aktvendim p\u00ebr formimin e Komisionit p\u00ebr Urbaniz\u00ebm<\/a><a href=\"https:\/\/kicevo.gov.mk\/wp-content\/uploads\/2026\/01\/komisija-urbanizam.pdf\" class=\"wp-block-file__button wp-element-button\" download aria-describedby=\"wp-block-file--media-724ece81-beb4-447e-8d36-62c4a314ce67\">Shkarko<\/a><\/div>\n\n\n\n<p>Komisioni p\u00ebr urbaniz\u00ebm \u00ebsht\u00eb i p\u00ebrb\u00ebr\u00eb nga pes\u00eb an\u00ebtar\u00eb nga t\u00eb cil\u00ebt tre jan\u00eb bart\u00ebs t\u00eb autorizimit p\u00ebr p\u00ebrgatitje t\u00eb planeve urbanistike, nd\u00ebrsa dy jan\u00eb persona profesional\u00eb nga l\u00ebmia e planifikimit urbanistik dhe nuk jan\u00eb t\u00eb pun\u00ebsuar n\u00eb administrat\u00ebn komunale.<\/p>\n\n\n\n<p>Komisioni p\u00ebr urbaniz\u00ebm vepron pas iniciativave t\u00eb parashtruara, e p\u00ebrgatit programin planifikues p\u00ebr planet urbanistike, plan rregullativ t\u00eb planit urbanistik t\u00eb p\u00ebrgjithsh\u00ebm dhe dokumentacion urbanistik lokal t\u00eb planifikuar p\u00ebr nevojat e komun\u00ebs, dor\u00ebzon propozim p\u00ebr miratimin ose mospranimin e programit planifikues p\u00ebr dokumentacion urbanistik t\u00eb planifikuar p\u00ebr nevojat e personave juridik\u00eb dhe fizik\u00eb, jep mendim profesional p\u00ebr propozimin e planit t\u00eb p\u00ebrgjithsh\u00ebm urbanistik, gjegj\u00ebsisht n\u00eb propozimin e planeve urbanistike, jep mendim profesional p\u00ebr propozimin e planit rregullativ t\u00eb planit t\u00eb p\u00ebrgjithsh\u00ebm urbanistik, realizon prezantim publik dhe anket\u00eb publike gjat\u00eb miratimit t\u00eb dokumentacioneve lokale urbanistike t\u00eb planifikuar, dor\u00ebzon propozim deri te kryetari i komun\u00ebs p\u00ebr miratimin e dokumentacionit lokal urbanistik t\u00eb planifikuar dhe jep mendim p\u00ebr korrigjim teknik t\u00eb planit urbanistik.<\/p>\n","protected":false},"excerpt":{"rendered":"<p>Komisioni p\u00ebr urbaniz\u00ebm \u00ebsht\u00eb i p\u00ebrb\u00ebr\u00eb nga pes\u00eb an\u00ebtar\u00eb nga t\u00eb cil\u00ebt tre jan\u00eb bart\u00ebs t\u00eb autorizimit p\u00ebr p\u00ebrgatitje t\u00eb planeve urbanistike, nd\u00ebrsa dy jan\u00eb persona profesional\u00eb nga l\u00ebmia e planifikimit urbanistik dhe nuk jan\u00eb t\u00eb pun\u00ebsuar n\u00eb administrat\u00ebn komunale. Komisioni p\u00ebr urbaniz\u00ebm vepron pas iniciativave t\u00eb parashtruara, e p\u00ebrgatit programin planifikues p\u00ebr planet urbanistike, [&hellip;]<\/p>\n","protected":false},"author":3,"featured_media":0,"parent":0,"menu_order":0,"comment_status":"closed","ping_status":"closed","template":"page-templates\/sidebar-right.php","meta":{"_uag_custom_page_level_css":"","_vp_format_video_url":"","_vp_image_focal_point":[],"footnotes":""},"class_list":["post-10473","page","type-page","status-publish","hentry"],"translation":{"provider":"WPGlobus","version":"3.0.2","language":"sq","enabled_languages":["mk","sq"],"languages":{"mk":{"title":true,"content":true,"excerpt":false},"sq":{"title":true,"content":true,"excerpt":false}}},"yoast_head":"<!-- This site is optimized with the Yoast SEO plugin v27.4 - https:\/\/yoast.com\/product\/yoast-seo-wordpress\/ -->\n<title>Komisioni p\u00ebr urbaniz\u00ebm | Komuna e K\u00ebr\u00e7ov\u00ebs<\/title>\n<meta name=\"robots\" content=\"index, follow, max-snippet:-1, max-image-preview:large, max-video-preview:-1\" \/>\n<link rel=\"canonical\" href=\"https:\/\/kicevo.gov.mk\/komisija-za-urbanizam\/\" \/>\n<meta property=\"og:locale\" content=\"sq_AL\" \/>\n<meta property=\"og:type\" content=\"article\" \/>\n<meta property=\"og:title\" content=\"Komisioni p\u00ebr urbaniz\u00ebm | Komuna e K\u00ebr\u00e7ov\u00ebs\" \/>\n<meta property=\"og:url\" content=\"https:\/\/kicevo.gov.mk\/komisija-za-urbanizam\/\" \/>\n<meta property=\"og:site_name\" content=\"Komuna e K\u00ebr\u00e7ov\u00ebs\" \/>\n<meta property=\"article:modified_time\" content=\"2026-01-14T08:24:51+00:00\" \/>\n<meta name=\"twitter:card\" content=\"summary_large_image\" \/>\n<meta name=\"twitter:label1\" content=\"Est. reading time\" \/>\n\t<meta name=\"twitter:data1\" content=\"1 minut\u00eb\" \/>\n<script type=\"application\/ld+json\" class=\"yoast-schema-graph\">{\"@context\":\"https:\\\/\\\/schema.org\",\"@graph\":[{\"@type\":\"WebPage\",\"@id\":\"https:\\\/\\\/kicevo.gov.mk\\\/komisija-za-urbanizam\\\/\",\"url\":\"https:\\\/\\\/kicevo.gov.mk\\\/komisija-za-urbanizam\\\/\",\"name\":\"Komisioni p\u00ebr urbaniz\u00ebm | Komuna e K\u00ebr\u00e7ov\u00ebs\",\"isPartOf\":{\"@id\":\"https:\\\/\\\/kicevo.gov.mk\\\/#website\"},\"datePublished\":\"2024-03-18T11:55:39+00:00\",\"dateModified\":\"2026-01-14T08:24:51+00:00\",\"breadcrumb\":{\"@id\":\"https:\\\/\\\/kicevo.gov.mk\\\/komisija-za-urbanizam\\\/#breadcrumb\"},\"inLanguage\":\"sq\",\"potentialAction\":[{\"@type\":\"ReadAction\",\"target\":[\"https:\\\/\\\/kicevo.gov.mk\\\/komisija-za-urbanizam\\\/\"]}]},{\"@type\":\"BreadcrumbList\",\"@id\":\"https:\\\/\\\/kicevo.gov.mk\\\/komisija-za-urbanizam\\\/#breadcrumb\",\"itemListElement\":[{\"@type\":\"ListItem\",\"position\":1,\"name\":\"\u041f\u043e\u0447\u0435\u0442\u043d\u0430\",\"item\":\"https:\\\/\\\/kicevo.gov.mk\\\/\"},{\"@type\":\"ListItem\",\"position\":2,\"name\":\"\u041a\u043e\u043c\u0438\u0441\u0438\u0458\u0430 \u0437\u0430 \u0443\u0440\u0431\u0430\u043d\u0438\u0437\u0430\u043c\"}]},{\"@type\":\"WebSite\",\"@id\":\"https:\\\/\\\/kicevo.gov.mk\\\/#website\",\"url\":\"https:\\\/\\\/kicevo.gov.mk\\\/\",\"name\":\"\u041e\u043f\u0448\u0442\u0438\u043d\u0430 \u041a\u0438\u0447\u0435\u0432\u043e\",\"description\":\"Mir\u00eb se erdh\u00ebt n\u00eb ueb faqen zyrtare t\u00eb Komun\u00ebs s\u00eb K\u00ebr\u00e7ov\u00ebs\",\"publisher\":{\"@id\":\"https:\\\/\\\/kicevo.gov.mk\\\/#organization\"},\"potentialAction\":[{\"@type\":\"SearchAction\",\"target\":{\"@type\":\"EntryPoint\",\"urlTemplate\":\"https:\\\/\\\/kicevo.gov.mk\\\/?s={search_term_string}\"},\"query-input\":{\"@type\":\"PropertyValueSpecification\",\"valueRequired\":true,\"valueName\":\"search_term_string\"}}],\"inLanguage\":\"sq\"},{\"@type\":\"Organization\",\"@id\":\"https:\\\/\\\/kicevo.gov.mk\\\/#organization\",\"name\":\"Opstina Kicevo\",\"url\":\"https:\\\/\\\/kicevo.gov.mk\\\/\",\"logo\":{\"@type\":\"ImageObject\",\"inLanguage\":\"sq\",\"@id\":\"https:\\\/\\\/kicevo.gov.mk\\\/#\\\/schema\\\/logo\\\/image\\\/\",\"url\":\"https:\\\/\\\/kicevo.gov.mk\\\/wp-content\\\/uploads\\\/2025\\\/11\\\/logo-alb.png\",\"contentUrl\":\"https:\\\/\\\/kicevo.gov.mk\\\/wp-content\\\/uploads\\\/2025\\\/11\\\/logo-alb.png\",\"width\":1200,\"height\":1592,\"caption\":\"Opstina Kicevo\"},\"image\":{\"@id\":\"https:\\\/\\\/kicevo.gov.mk\\\/#\\\/schema\\\/logo\\\/image\\\/\"}}]}<\/script>\n<!-- \/ Yoast SEO plugin. -->","yoast_head_json":{"title":"Komisioni p\u00ebr urbaniz\u00ebm | Komuna e K\u00ebr\u00e7ov\u00ebs","robots":{"index":"index","follow":"follow","max-snippet":"max-snippet:-1","max-image-preview":"max-image-preview:large","max-video-preview":"max-video-preview:-1"},"canonical":"https:\/\/kicevo.gov.mk\/komisija-za-urbanizam\/","og_locale":"sq_AL","og_type":"article","og_title":"Komisioni p\u00ebr urbaniz\u00ebm | Komuna e K\u00ebr\u00e7ov\u00ebs","og_url":"https:\/\/kicevo.gov.mk\/komisija-za-urbanizam\/","og_site_name":"Komuna e K\u00ebr\u00e7ov\u00ebs","article_modified_time":"2026-01-14T08:24:51+00:00","twitter_card":"summary_large_image","twitter_misc":{"Est. reading time":"1 minut\u00eb"},"schema":{"@context":"https:\/\/schema.org","@graph":[{"@type":"WebPage","@id":"https:\/\/kicevo.gov.mk\/komisija-za-urbanizam\/","url":"https:\/\/kicevo.gov.mk\/komisija-za-urbanizam\/","name":"Komisioni p\u00ebr urbaniz\u00ebm | Komuna e K\u00ebr\u00e7ov\u00ebs","isPartOf":{"@id":"https:\/\/kicevo.gov.mk\/#website"},"datePublished":"2024-03-18T11:55:39+00:00","dateModified":"2026-01-14T08:24:51+00:00","breadcrumb":{"@id":"https:\/\/kicevo.gov.mk\/komisija-za-urbanizam\/#breadcrumb"},"inLanguage":"sq","potentialAction":[{"@type":"ReadAction","target":["https:\/\/kicevo.gov.mk\/komisija-za-urbanizam\/"]}]},{"@type":"BreadcrumbList","@id":"https:\/\/kicevo.gov.mk\/komisija-za-urbanizam\/#breadcrumb","itemListElement":[{"@type":"ListItem","position":1,"name":"\u041f\u043e\u0447\u0435\u0442\u043d\u0430","item":"https:\/\/kicevo.gov.mk\/"},{"@type":"ListItem","position":2,"name":"\u041a\u043e\u043c\u0438\u0441\u0438\u0458\u0430 \u0437\u0430 \u0443\u0440\u0431\u0430\u043d\u0438\u0437\u0430\u043c"}]},{"@type":"WebSite","@id":"https:\/\/kicevo.gov.mk\/#website","url":"https:\/\/kicevo.gov.mk\/","name":"\u041e\u043f\u0448\u0442\u0438\u043d\u0430 \u041a\u0438\u0447\u0435\u0432\u043e","description":"Mir\u00eb se erdh\u00ebt n\u00eb ueb faqen zyrtare t\u00eb Komun\u00ebs s\u00eb K\u00ebr\u00e7ov\u00ebs","publisher":{"@id":"https:\/\/kicevo.gov.mk\/#organization"},"potentialAction":[{"@type":"SearchAction","target":{"@type":"EntryPoint","urlTemplate":"https:\/\/kicevo.gov.mk\/?s={search_term_string}"},"query-input":{"@type":"PropertyValueSpecification","valueRequired":true,"valueName":"search_term_string"}}],"inLanguage":"sq"},{"@type":"Organization","@id":"https:\/\/kicevo.gov.mk\/#organization","name":"Opstina Kicevo","url":"https:\/\/kicevo.gov.mk\/","logo":{"@type":"ImageObject","inLanguage":"sq","@id":"https:\/\/kicevo.gov.mk\/#\/schema\/logo\/image\/","url":"https:\/\/kicevo.gov.mk\/wp-content\/uploads\/2025\/11\/logo-alb.png","contentUrl":"https:\/\/kicevo.gov.mk\/wp-content\/uploads\/2025\/11\/logo-alb.png","width":1200,"height":1592,"caption":"Opstina Kicevo"},"image":{"@id":"https:\/\/kicevo.gov.mk\/#\/schema\/logo\/image\/"}}]}},"uagb_featured_image_src":{"full":false,"thumbnail":false,"medium":false,"medium_large":false,"large":false,"1536x1536":false,"2048x2048":false,"vp_sm":false,"vp_md":false,"vp_lg":false,"vp_xl":false,"vp_sm_popup":false,"vp_md_popup":false,"vp_xl_popup":false},"uagb_author_info":{"display_name":"Marina","author_link":"https:\/\/kicevo.gov.mk\/sq\/author\/adminmsb\/"},"uagb_comment_info":0,"uagb_excerpt":"Komisioni p\u00ebr urbaniz\u00ebm \u00ebsht\u00eb i p\u00ebrb\u00ebr\u00eb nga pes\u00eb an\u00ebtar\u00eb nga t\u00eb cil\u00ebt tre jan\u00eb bart\u00ebs t\u00eb autorizimit p\u00ebr p\u00ebrgatitje t\u00eb planeve urbanistike, nd\u00ebrsa dy jan\u00eb persona profesional\u00eb nga l\u00ebmia e planifikimit urbanistik dhe nuk jan\u00eb t\u00eb pun\u00ebsuar n\u00eb administrat\u00ebn komunale. Komisioni p\u00ebr urbaniz\u00ebm vepron pas iniciativave t\u00eb parashtruara, e p\u00ebrgatit programin planifikues p\u00ebr planet urbanistike,&hellip;","_links":{"self":[{"href":"https:\/\/kicevo.gov.mk\/sq\/wp-json\/wp\/v2\/pages\/10473","targetHints":{"allow":["GET"]}}],"collection":[{"href":"https:\/\/kicevo.gov.mk\/sq\/wp-json\/wp\/v2\/pages"}],"about":[{"href":"https:\/\/kicevo.gov.mk\/sq\/wp-json\/wp\/v2\/types\/page"}],"author":[{"embeddable":true,"href":"https:\/\/kicevo.gov.mk\/sq\/wp-json\/wp\/v2\/users\/3"}],"replies":[{"embeddable":true,"href":"https:\/\/kicevo.gov.mk\/sq\/wp-json\/wp\/v2\/comments?post=10473"}],"version-history":[{"count":5,"href":"https:\/\/kicevo.gov.mk\/sq\/wp-json\/wp\/v2\/pages\/10473\/revisions"}],"predecessor-version":[{"id":18108,"href":"https:\/\/kicevo.gov.mk\/sq\/wp-json\/wp\/v2\/pages\/10473\/revisions\/18108"}],"wp:attachment":[{"href":"https:\/\/kicevo.gov.mk\/sq\/wp-json\/wp\/v2\/media?parent=10473"}],"curies":[{"name":"wp","href":"https:\/\/api.w.org\/{rel}","templated":true}]}}