{"id":10385,"date":"2024-03-14T13:08:53","date_gmt":"2024-03-14T13:08:53","guid":{"rendered":"https:\/\/kicevo.gov.mk\/?page_id=10385"},"modified":"2025-12-02T11:42:22","modified_gmt":"2025-12-02T11:42:22","slug":"nacionalna-ustanova-centar-za-kultur","status":"publish","type":"page","link":"https:\/\/kicevo.gov.mk\/sq\/nacionalna-ustanova-centar-za-kultur\/","title":{"rendered":"INQK \u201eKo\u00e7o Racin\u201c &#8211; K\u00ebr\u00e7ov\u00eb"},"content":{"rendered":"\n<p>INQK \u201eKo\u00e7o Racin\u201c &#8211; K\u00ebr\u00e7ov\u00eb gjendet ne qend\u00ebr t\u00eb qytetit. <\/p>\n\n\n\n<p>Objekti\u00a0\u00ebsht\u00eb e hapur p\u00ebr p\u00ebrdorim q\u00eb nga viti 1980 m\u00eb 11 tetor, dhe aty m\u00eb shum\u00eb se 40 vjet mbetet trash\u00ebgimija kulturore, arti dramatik, muzika, folklori, kultura e artiti, gdhendja, qeramika, skulptura, arti pamor..<\/p>\n\n\n\n<p>Objekti disponon\u00a0sall\u00eb teatri q\u00eb ka kapacitet p\u00ebr af\u00ebr 400 persona, hapsira p\u00ebr pregaditjen e shfaqjeve kulturore, biblioteka, hapsira ku ndodhet Univerziteti i Pun\u00ebtor\u00ebve ,,Krste P.Misirkov,, etj.<\/p>\n\n\n\n<p>Institucioni punon n\u00eb baz\u00eb t\u00eb programit t\u00eb paracaktuar nga Ministria e Kultur\u00ebs e R.M.V., por sh\u00ebrben edhe p\u00ebr organizime, shoqata, shkolla dhe institucione q\u00eb mbajn\u00eb\u00a0shfaqe t\u00eb shumta dhe t\u00eb\u00a0 ndryshme.<\/p>\n\n\n\n<p>Num\u00ebr kontakti\u00a0 045\/221-075<\/p>\n\n\n\n<p><a href=\"https:\/\/kultura-k.com\/sq\/\" target=\"_blank\" rel=\"noreferrer noopener\">Web-faqen n\u00eb INQK \u201eKo\u00e7o Racin\u201c<\/a><\/p>\n\n\n<div class=\"wp-block-visual-portfolio alignwide\">\n<div class=\"vp-portfolio vp-uid-c0b54866 vp-id-Z1KYYOy\"\n\tdata-vp-layout=\"tiles\" data-vp-content-source=\"images\" data-vp-items-style=\"default\" data-vp-items-click-action=\"popup_gallery\" data-vp-items-gap=\"15\" data-vp-items-gap-vertical=\"\" data-vp-pagination=\"load-more\" data-vp-next-page-url=\"\" data-vp-tiles-type=\"3|1,1.3|\" >\n\t<div class=\"vp-portfolio__preloader-wrap\">\n\t\t<div class=\"vp-portfolio__preloader\">\n\t\t\t<img decoding=\"async\" loading=\"eager\" src=\"https:\/\/kicevo.gov.mk\/wp-content\/plugins\/visual-portfolio\/assets\/images\/logo-dark.svg\" alt=\"Visual Portfolio, Posts &amp; Image Gallery for WordPress\" width=\"20\" height=\"20\" data-skip-lazy>\n\t\t<\/div>\n\t<\/div>\n\t\t<div class=\"vp-portfolio__items-wrap\">\n\t\t\t\n<div class=\"vp-portfolio__items vp-portfolio__items-style-default vp-portfolio__items-show-overlay-hover\">\n\n\t\t<div\t\tclass=\"vp-portfolio__item-wrap vp-portfolio__item-uid-14880fff\" data-vp-filter=\"\" \t\t>\n\t\t\t<template class=\"vp-portfolio__item-popup\" data-vp-popup-img=\"https:\/\/kicevo.gov.mk\/wp-content\/uploads\/2024\/03\/33465629.jpg\" data-vp-popup-img-srcset=\"https:\/\/kicevo.gov.mk\/wp-content\/uploads\/2024\/03\/33465629.jpg 1024w, https:\/\/kicevo.gov.mk\/wp-content\/uploads\/2024\/03\/33465629-300x207.jpg 300w, https:\/\/kicevo.gov.mk\/wp-content\/uploads\/2024\/03\/33465629-768x530.jpg 768w, https:\/\/kicevo.gov.mk\/wp-content\/uploads\/2024\/03\/33465629-500x345.jpg 500w, https:\/\/kicevo.gov.mk\/wp-content\/uploads\/2024\/03\/33465629-800x552.jpg 800w\" data-vp-popup-img-size=\"1024x706\" data-vp-popup-md-img=\"https:\/\/kicevo.gov.mk\/wp-content\/uploads\/2024\/03\/33465629-800x552.jpg\" data-vp-popup-md-img-size=\"800x552\" data-vp-popup-sm-img=\"https:\/\/kicevo.gov.mk\/wp-content\/uploads\/2024\/03\/33465629-500x345.jpg\" data-vp-popup-sm-img-size=\"500x345\">\n\t<\/template>\n\t\t\t\t\t\t<figure class=\"vp-portfolio__item\">\n\t\t\t\t\n<div class=\"vp-portfolio__item-img-wrap\">\n\t<div class=\"vp-portfolio__item-img\">\n\t\t\t<a\n\t\thref=\"https:\/\/kicevo.gov.mk\/wp-content\/uploads\/2024\/03\/33465629.jpg\"\n\t\taria-label=\"Open image\" \t>\n\t\n\t\t<noscript><img loading=\"lazy\" decoding=\"async\" width=\"1024\" height=\"706\" data-skip-lazy src=\"https:\/\/kicevo.gov.mk\/wp-content\/uploads\/2024\/03\/33465629.jpg\" class=\"wp-image-10388\" alt=\"\" srcset=\"https:\/\/kicevo.gov.mk\/wp-content\/uploads\/2024\/03\/33465629.jpg 1024w, https:\/\/kicevo.gov.mk\/wp-content\/uploads\/2024\/03\/33465629-300x207.jpg 300w, https:\/\/kicevo.gov.mk\/wp-content\/uploads\/2024\/03\/33465629-768x530.jpg 768w, https:\/\/kicevo.gov.mk\/wp-content\/uploads\/2024\/03\/33465629-500x345.jpg 500w, https:\/\/kicevo.gov.mk\/wp-content\/uploads\/2024\/03\/33465629-800x552.jpg 800w\" sizes=\"auto, (max-width: 1024px) 100vw, 1024px\" \/><\/noscript><img fetchpriority=\"high\" decoding=\"async\" width=\"1024\" height=\"706\" src=\"https:\/\/kicevo.gov.mk\/wp-content\/uploads\/2024\/03\/33465629.jpg\" class=\"wp-image-10388 vp-lazyload\" alt srcset=\"data:image\/svg+xml;base64,PHN2ZyB3aWR0aD0iMTAyNCIgaGVpZ2h0PSI3MDYiIHZpZXdCb3g9IjAgMCAxMDI0IDcwNiIgZmlsbD0ibm9uZSIgeG1sbnM9Imh0dHA6Ly93d3cudzMub3JnLzIwMDAvc3ZnIj48L3N2Zz4=\" data-src=\"https:\/\/kicevo.gov.mk\/wp-content\/uploads\/2024\/03\/33465629.jpg\" data-srcset=\"https:\/\/kicevo.gov.mk\/wp-content\/uploads\/2024\/03\/33465629.jpg 1024w, https:\/\/kicevo.gov.mk\/wp-content\/uploads\/2024\/03\/33465629-300x207.jpg 300w, https:\/\/kicevo.gov.mk\/wp-content\/uploads\/2024\/03\/33465629-768x530.jpg 768w, https:\/\/kicevo.gov.mk\/wp-content\/uploads\/2024\/03\/33465629-500x345.jpg 500w, https:\/\/kicevo.gov.mk\/wp-content\/uploads\/2024\/03\/33465629-800x552.jpg 800w\" data-sizes=\"auto\" loading=\"eager\">\n\t\t<div class=\"vp-portfolio__item-overlay\">\n\t\t\t\t\t<\/div>\n\n\t\t<\/a>\t<\/div>\n<\/div>\n\n\t\t\t<\/figure>\n\t\t\t\t\t<\/div>\n\t\t\n\t\t<div\t\tclass=\"vp-portfolio__item-wrap vp-portfolio__item-uid-386cf15d\" data-vp-filter=\"\" \t\t>\n\t\t\t<template class=\"vp-portfolio__item-popup\" data-vp-popup-img=\"https:\/\/kicevo.gov.mk\/wp-content\/uploads\/2024\/03\/\u041a\u043e\u0447\u043e-\u0420\u0430\u0446\u0438\u043d.jpg\" data-vp-popup-img-srcset=\"https:\/\/kicevo.gov.mk\/wp-content\/uploads\/2024\/03\/\u041a\u043e\u0447\u043e-\u0420\u0430\u0446\u0438\u043d.jpg 1024w, https:\/\/kicevo.gov.mk\/wp-content\/uploads\/2024\/03\/\u041a\u043e\u0447\u043e-\u0420\u0430\u0446\u0438\u043d-300x200.jpg 300w, https:\/\/kicevo.gov.mk\/wp-content\/uploads\/2024\/03\/\u041a\u043e\u0447\u043e-\u0420\u0430\u0446\u0438\u043d-768x512.jpg 768w, https:\/\/kicevo.gov.mk\/wp-content\/uploads\/2024\/03\/\u041a\u043e\u0447\u043e-\u0420\u0430\u0446\u0438\u043d-500x333.jpg 500w, https:\/\/kicevo.gov.mk\/wp-content\/uploads\/2024\/03\/\u041a\u043e\u0447\u043e-\u0420\u0430\u0446\u0438\u043d-800x534.jpg 800w\" data-vp-popup-img-size=\"1024x683\" data-vp-popup-md-img=\"https:\/\/kicevo.gov.mk\/wp-content\/uploads\/2024\/03\/\u041a\u043e\u0447\u043e-\u0420\u0430\u0446\u0438\u043d-800x534.jpg\" data-vp-popup-md-img-size=\"800x534\" data-vp-popup-sm-img=\"https:\/\/kicevo.gov.mk\/wp-content\/uploads\/2024\/03\/\u041a\u043e\u0447\u043e-\u0420\u0430\u0446\u0438\u043d-500x333.jpg\" data-vp-popup-sm-img-size=\"500x333\">\n\t<\/template>\n\t\t\t\t\t\t<figure class=\"vp-portfolio__item\">\n\t\t\t\t\n<div class=\"vp-portfolio__item-img-wrap\">\n\t<div class=\"vp-portfolio__item-img\">\n\t\t\t<a\n\t\thref=\"https:\/\/kicevo.gov.mk\/wp-content\/uploads\/2024\/03\/\u041a\u043e\u0447\u043e-\u0420\u0430\u0446\u0438\u043d.jpg\"\n\t\taria-label=\"Open image\" \t>\n\t\n\t\t<noscript><img loading=\"lazy\" decoding=\"async\" width=\"1024\" height=\"683\" data-skip-lazy src=\"https:\/\/kicevo.gov.mk\/wp-content\/uploads\/2024\/03\/\u041a\u043e\u0447\u043e-\u0420\u0430\u0446\u0438\u043d.jpg\" class=\"wp-image-10386\" alt=\"\" srcset=\"https:\/\/kicevo.gov.mk\/wp-content\/uploads\/2024\/03\/\u041a\u043e\u0447\u043e-\u0420\u0430\u0446\u0438\u043d.jpg 1024w, https:\/\/kicevo.gov.mk\/wp-content\/uploads\/2024\/03\/\u041a\u043e\u0447\u043e-\u0420\u0430\u0446\u0438\u043d-300x200.jpg 300w, https:\/\/kicevo.gov.mk\/wp-content\/uploads\/2024\/03\/\u041a\u043e\u0447\u043e-\u0420\u0430\u0446\u0438\u043d-768x512.jpg 768w, https:\/\/kicevo.gov.mk\/wp-content\/uploads\/2024\/03\/\u041a\u043e\u0447\u043e-\u0420\u0430\u0446\u0438\u043d-500x333.jpg 500w, https:\/\/kicevo.gov.mk\/wp-content\/uploads\/2024\/03\/\u041a\u043e\u0447\u043e-\u0420\u0430\u0446\u0438\u043d-800x534.jpg 800w\" sizes=\"auto, (max-width: 1024px) 100vw, 1024px\" \/><\/noscript><img decoding=\"async\" width=\"1024\" height=\"683\" src=\"https:\/\/kicevo.gov.mk\/wp-content\/uploads\/2024\/03\/\u041a\u043e\u0447\u043e-\u0420\u0430\u0446\u0438\u043d.jpg\" class=\"wp-image-10386 vp-lazyload\" alt srcset=\"data:image\/svg+xml;base64,PHN2ZyB3aWR0aD0iMTAyNCIgaGVpZ2h0PSI2ODMiIHZpZXdCb3g9IjAgMCAxMDI0IDY4MyIgZmlsbD0ibm9uZSIgeG1sbnM9Imh0dHA6Ly93d3cudzMub3JnLzIwMDAvc3ZnIj48L3N2Zz4=\" data-src=\"https:\/\/kicevo.gov.mk\/wp-content\/uploads\/2024\/03\/\u041a\u043e\u0447\u043e-\u0420\u0430\u0446\u0438\u043d.jpg\" data-srcset=\"https:\/\/kicevo.gov.mk\/wp-content\/uploads\/2024\/03\/\u041a\u043e\u0447\u043e-\u0420\u0430\u0446\u0438\u043d.jpg 1024w, https:\/\/kicevo.gov.mk\/wp-content\/uploads\/2024\/03\/\u041a\u043e\u0447\u043e-\u0420\u0430\u0446\u0438\u043d-300x200.jpg 300w, https:\/\/kicevo.gov.mk\/wp-content\/uploads\/2024\/03\/\u041a\u043e\u0447\u043e-\u0420\u0430\u0446\u0438\u043d-768x512.jpg 768w, https:\/\/kicevo.gov.mk\/wp-content\/uploads\/2024\/03\/\u041a\u043e\u0447\u043e-\u0420\u0430\u0446\u0438\u043d-500x333.jpg 500w, https:\/\/kicevo.gov.mk\/wp-content\/uploads\/2024\/03\/\u041a\u043e\u0447\u043e-\u0420\u0430\u0446\u0438\u043d-800x534.jpg 800w\" data-sizes=\"auto\" loading=\"eager\">\n\t\t<div class=\"vp-portfolio__item-overlay\">\n\t\t\t\t\t<\/div>\n\n\t\t<\/a>\t<\/div>\n<\/div>\n\n\t\t\t<\/figure>\n\t\t\t\t\t<\/div>\n\t\t\n\t\t<div\t\tclass=\"vp-portfolio__item-wrap vp-portfolio__item-uid-c9ffb365\" data-vp-filter=\"\" \t\t>\n\t\t\t<template class=\"vp-portfolio__item-popup\" data-vp-popup-img=\"https:\/\/kicevo.gov.mk\/wp-content\/uploads\/2024\/03\/koco-racin-1000x600-1.jpeg\" data-vp-popup-img-srcset=\"https:\/\/kicevo.gov.mk\/wp-content\/uploads\/2024\/03\/koco-racin-1000x600-1.jpeg 1000w, https:\/\/kicevo.gov.mk\/wp-content\/uploads\/2024\/03\/koco-racin-1000x600-1-300x180.jpeg 300w, https:\/\/kicevo.gov.mk\/wp-content\/uploads\/2024\/03\/koco-racin-1000x600-1-768x461.jpeg 768w, https:\/\/kicevo.gov.mk\/wp-content\/uploads\/2024\/03\/koco-racin-1000x600-1-500x300.jpeg 500w, https:\/\/kicevo.gov.mk\/wp-content\/uploads\/2024\/03\/koco-racin-1000x600-1-800x480.jpeg 800w\" data-vp-popup-img-size=\"1000x600\" data-vp-popup-md-img=\"https:\/\/kicevo.gov.mk\/wp-content\/uploads\/2024\/03\/koco-racin-1000x600-1-800x480.jpeg\" data-vp-popup-md-img-size=\"800x480\" data-vp-popup-sm-img=\"https:\/\/kicevo.gov.mk\/wp-content\/uploads\/2024\/03\/koco-racin-1000x600-1-500x300.jpeg\" data-vp-popup-sm-img-size=\"500x300\">\n\t<\/template>\n\t\t\t\t\t\t<figure class=\"vp-portfolio__item\">\n\t\t\t\t\n<div class=\"vp-portfolio__item-img-wrap\">\n\t<div class=\"vp-portfolio__item-img\">\n\t\t\t<a\n\t\thref=\"https:\/\/kicevo.gov.mk\/wp-content\/uploads\/2024\/03\/koco-racin-1000x600-1.jpeg\"\n\t\taria-label=\"Open image\" \t>\n\t\n\t\t<noscript><img loading=\"lazy\" decoding=\"async\" width=\"1000\" height=\"600\" data-skip-lazy src=\"https:\/\/kicevo.gov.mk\/wp-content\/uploads\/2024\/03\/koco-racin-1000x600-1.jpeg\" class=\"wp-image-10387\" alt=\"\" srcset=\"https:\/\/kicevo.gov.mk\/wp-content\/uploads\/2024\/03\/koco-racin-1000x600-1.jpeg 1000w, https:\/\/kicevo.gov.mk\/wp-content\/uploads\/2024\/03\/koco-racin-1000x600-1-300x180.jpeg 300w, https:\/\/kicevo.gov.mk\/wp-content\/uploads\/2024\/03\/koco-racin-1000x600-1-768x461.jpeg 768w, https:\/\/kicevo.gov.mk\/wp-content\/uploads\/2024\/03\/koco-racin-1000x600-1-500x300.jpeg 500w, https:\/\/kicevo.gov.mk\/wp-content\/uploads\/2024\/03\/koco-racin-1000x600-1-800x480.jpeg 800w\" sizes=\"auto, (max-width: 1000px) 100vw, 1000px\" \/><\/noscript><img decoding=\"async\" width=\"1000\" height=\"600\" src=\"https:\/\/kicevo.gov.mk\/wp-content\/uploads\/2024\/03\/koco-racin-1000x600-1.jpeg\" class=\"wp-image-10387 vp-lazyload\" alt srcset=\"data:image\/svg+xml;base64,PHN2ZyB3aWR0aD0iMTAwMCIgaGVpZ2h0PSI2MDAiIHZpZXdCb3g9IjAgMCAxMDAwIDYwMCIgZmlsbD0ibm9uZSIgeG1sbnM9Imh0dHA6Ly93d3cudzMub3JnLzIwMDAvc3ZnIj48L3N2Zz4=\" data-src=\"https:\/\/kicevo.gov.mk\/wp-content\/uploads\/2024\/03\/koco-racin-1000x600-1.jpeg\" data-srcset=\"https:\/\/kicevo.gov.mk\/wp-content\/uploads\/2024\/03\/koco-racin-1000x600-1.jpeg 1000w, https:\/\/kicevo.gov.mk\/wp-content\/uploads\/2024\/03\/koco-racin-1000x600-1-300x180.jpeg 300w, https:\/\/kicevo.gov.mk\/wp-content\/uploads\/2024\/03\/koco-racin-1000x600-1-768x461.jpeg 768w, https:\/\/kicevo.gov.mk\/wp-content\/uploads\/2024\/03\/koco-racin-1000x600-1-500x300.jpeg 500w, https:\/\/kicevo.gov.mk\/wp-content\/uploads\/2024\/03\/koco-racin-1000x600-1-800x480.jpeg 800w\" data-sizes=\"auto\" loading=\"eager\">\n\t\t<div class=\"vp-portfolio__item-overlay\">\n\t\t\t\t\t<\/div>\n\n\t\t<\/a>\t<\/div>\n<\/div>\n\n\t\t\t<\/figure>\n\t\t\t\t\t<\/div>\n\t\t\n<\/div>\n\t\t<\/div>\n\t\t\n<\/div>\n<\/div>","protected":false},"excerpt":{"rendered":"<p>INQK \u201eKo\u00e7o Racin\u201c &#8211; K\u00ebr\u00e7ov\u00eb gjendet ne qend\u00ebr t\u00eb qytetit. Objekti\u00a0\u00ebsht\u00eb e hapur p\u00ebr p\u00ebrdorim q\u00eb nga viti 1980 m\u00eb 11 tetor, dhe aty m\u00eb shum\u00eb se 40 vjet mbetet trash\u00ebgimija kulturore, arti dramatik, muzika, folklori, kultura e artiti, gdhendja, qeramika, skulptura, arti pamor.. Objekti disponon\u00a0sall\u00eb teatri q\u00eb ka kapacitet p\u00ebr af\u00ebr 400 persona, hapsira [&hellip;]<\/p>\n","protected":false},"author":3,"featured_media":0,"parent":0,"menu_order":0,"comment_status":"closed","ping_status":"closed","template":"page-templates\/sidebar-right.php","meta":{"_uag_custom_page_level_css":"","_vp_format_video_url":"","_vp_image_focal_point":[],"footnotes":""},"class_list":["post-10385","page","type-page","status-publish","hentry"],"translation":{"provider":"WPGlobus","version":"3.0.2","language":"sq","enabled_languages":["mk","sq"],"languages":{"mk":{"title":true,"content":true,"excerpt":false},"sq":{"title":true,"content":true,"excerpt":false}}},"yoast_head":"<!-- This site is optimized with the Yoast SEO plugin v27.4 - https:\/\/yoast.com\/product\/yoast-seo-wordpress\/ -->\n<title>INQK \u201eKo\u00e7o Racin\u201c - K\u00ebr\u00e7ov\u00eb | Komuna e K\u00ebr\u00e7ov\u00ebs<\/title>\n<meta name=\"robots\" content=\"index, follow, max-snippet:-1, max-image-preview:large, max-video-preview:-1\" \/>\n<link rel=\"canonical\" href=\"https:\/\/kicevo.gov.mk\/nacionalna-ustanova-centar-za-kultur\/\" \/>\n<meta property=\"og:locale\" content=\"sq_AL\" \/>\n<meta property=\"og:type\" content=\"article\" \/>\n<meta property=\"og:title\" content=\"INQK \u201eKo\u00e7o Racin\u201c - K\u00ebr\u00e7ov\u00eb | Komuna e K\u00ebr\u00e7ov\u00ebs\" \/>\n<meta property=\"og:url\" content=\"https:\/\/kicevo.gov.mk\/nacionalna-ustanova-centar-za-kultur\/\" \/>\n<meta property=\"og:site_name\" content=\"Komuna e K\u00ebr\u00e7ov\u00ebs\" \/>\n<meta property=\"article:modified_time\" content=\"2025-12-02T11:42:22+00:00\" \/>\n<meta name=\"twitter:card\" content=\"summary_large_image\" \/>\n<meta name=\"twitter:label1\" content=\"Est. reading time\" \/>\n\t<meta name=\"twitter:data1\" content=\"1 minut\u00eb\" \/>\n<script type=\"application\/ld+json\" class=\"yoast-schema-graph\">{\"@context\":\"https:\\\/\\\/schema.org\",\"@graph\":[{\"@type\":\"WebPage\",\"@id\":\"https:\\\/\\\/kicevo.gov.mk\\\/nacionalna-ustanova-centar-za-kultur\\\/\",\"url\":\"https:\\\/\\\/kicevo.gov.mk\\\/nacionalna-ustanova-centar-za-kultur\\\/\",\"name\":\"INQK \u201eKo\u00e7o Racin\u201c - K\u00ebr\u00e7ov\u00eb | Komuna e K\u00ebr\u00e7ov\u00ebs\",\"isPartOf\":{\"@id\":\"https:\\\/\\\/kicevo.gov.mk\\\/sq\\\/#website\"},\"datePublished\":\"2024-03-14T13:08:53+00:00\",\"dateModified\":\"2025-12-02T11:42:22+00:00\",\"breadcrumb\":{\"@id\":\"https:\\\/\\\/kicevo.gov.mk\\\/nacionalna-ustanova-centar-za-kultur\\\/#breadcrumb\"},\"inLanguage\":\"sq\",\"potentialAction\":[{\"@type\":\"ReadAction\",\"target\":[\"https:\\\/\\\/kicevo.gov.mk\\\/nacionalna-ustanova-centar-za-kultur\\\/\"]}]},{\"@type\":\"BreadcrumbList\",\"@id\":\"https:\\\/\\\/kicevo.gov.mk\\\/nacionalna-ustanova-centar-za-kultur\\\/#breadcrumb\",\"itemListElement\":[{\"@type\":\"ListItem\",\"position\":1,\"name\":\"\u041f\u043e\u0447\u0435\u0442\u043d\u0430\",\"item\":\"https:\\\/\\\/kicevo.gov.mk\\\/sq\\\/\"},{\"@type\":\"ListItem\",\"position\":2,\"name\":\"\u041d\u0430\u0446\u0438\u043e\u043d\u0430\u043b\u043d\u0430 \u0443\u0441\u0442\u0430\u043d\u043e\u0432\u0430 \u0426\u0435\u043d\u0442\u0430\u0440 \u0437\u0430 \u043a\u0443\u043b\u0442\u0443\u0440\u0430 \u201e\u041a\u043e\u0447\u043e \u0420\u0430\u0446\u0438\u043d\u201c &#8211; \u041a\u0438\u0447\u0435\u0432\u043e\"}]},{\"@type\":\"WebSite\",\"@id\":\"https:\\\/\\\/kicevo.gov.mk\\\/sq\\\/#website\",\"url\":\"https:\\\/\\\/kicevo.gov.mk\\\/sq\\\/\",\"name\":\"\u041e\u043f\u0448\u0442\u0438\u043d\u0430 \u041a\u0438\u0447\u0435\u0432\u043e\",\"description\":\"Mir\u00eb se erdh\u00ebt n\u00eb ueb faqen zyrtare t\u00eb Komun\u00ebs s\u00eb K\u00ebr\u00e7ov\u00ebs\",\"publisher\":{\"@id\":\"https:\\\/\\\/kicevo.gov.mk\\\/sq\\\/#organization\"},\"potentialAction\":[{\"@type\":\"SearchAction\",\"target\":{\"@type\":\"EntryPoint\",\"urlTemplate\":\"https:\\\/\\\/kicevo.gov.mk\\\/sq\\\/?s={search_term_string}\"},\"query-input\":{\"@type\":\"PropertyValueSpecification\",\"valueRequired\":true,\"valueName\":\"search_term_string\"}}],\"inLanguage\":\"sq\"},{\"@type\":\"Organization\",\"@id\":\"https:\\\/\\\/kicevo.gov.mk\\\/sq\\\/#organization\",\"name\":\"Opstina Kicevo\",\"url\":\"https:\\\/\\\/kicevo.gov.mk\\\/sq\\\/\",\"logo\":{\"@type\":\"ImageObject\",\"inLanguage\":\"sq\",\"@id\":\"https:\\\/\\\/kicevo.gov.mk\\\/sq\\\/#\\\/schema\\\/logo\\\/image\\\/\",\"url\":\"https:\\\/\\\/kicevo.gov.mk\\\/wp-content\\\/uploads\\\/2025\\\/11\\\/logo-alb.png\",\"contentUrl\":\"https:\\\/\\\/kicevo.gov.mk\\\/wp-content\\\/uploads\\\/2025\\\/11\\\/logo-alb.png\",\"width\":1200,\"height\":1592,\"caption\":\"Opstina Kicevo\"},\"image\":{\"@id\":\"https:\\\/\\\/kicevo.gov.mk\\\/sq\\\/#\\\/schema\\\/logo\\\/image\\\/\"}}]}<\/script>\n<!-- \/ Yoast SEO plugin. -->","yoast_head_json":{"title":"INQK \u201eKo\u00e7o Racin\u201c - K\u00ebr\u00e7ov\u00eb | Komuna e K\u00ebr\u00e7ov\u00ebs","robots":{"index":"index","follow":"follow","max-snippet":"max-snippet:-1","max-image-preview":"max-image-preview:large","max-video-preview":"max-video-preview:-1"},"canonical":"https:\/\/kicevo.gov.mk\/nacionalna-ustanova-centar-za-kultur\/","og_locale":"sq_AL","og_type":"article","og_title":"INQK \u201eKo\u00e7o Racin\u201c - K\u00ebr\u00e7ov\u00eb | Komuna e K\u00ebr\u00e7ov\u00ebs","og_url":"https:\/\/kicevo.gov.mk\/nacionalna-ustanova-centar-za-kultur\/","og_site_name":"Komuna e K\u00ebr\u00e7ov\u00ebs","article_modified_time":"2025-12-02T11:42:22+00:00","twitter_card":"summary_large_image","twitter_misc":{"Est. reading time":"1 minut\u00eb"},"schema":{"@context":"https:\/\/schema.org","@graph":[{"@type":"WebPage","@id":"https:\/\/kicevo.gov.mk\/nacionalna-ustanova-centar-za-kultur\/","url":"https:\/\/kicevo.gov.mk\/nacionalna-ustanova-centar-za-kultur\/","name":"INQK \u201eKo\u00e7o Racin\u201c - K\u00ebr\u00e7ov\u00eb | Komuna e K\u00ebr\u00e7ov\u00ebs","isPartOf":{"@id":"https:\/\/kicevo.gov.mk\/sq\/#website"},"datePublished":"2024-03-14T13:08:53+00:00","dateModified":"2025-12-02T11:42:22+00:00","breadcrumb":{"@id":"https:\/\/kicevo.gov.mk\/nacionalna-ustanova-centar-za-kultur\/#breadcrumb"},"inLanguage":"sq","potentialAction":[{"@type":"ReadAction","target":["https:\/\/kicevo.gov.mk\/nacionalna-ustanova-centar-za-kultur\/"]}]},{"@type":"BreadcrumbList","@id":"https:\/\/kicevo.gov.mk\/nacionalna-ustanova-centar-za-kultur\/#breadcrumb","itemListElement":[{"@type":"ListItem","position":1,"name":"\u041f\u043e\u0447\u0435\u0442\u043d\u0430","item":"https:\/\/kicevo.gov.mk\/sq\/"},{"@type":"ListItem","position":2,"name":"\u041d\u0430\u0446\u0438\u043e\u043d\u0430\u043b\u043d\u0430 \u0443\u0441\u0442\u0430\u043d\u043e\u0432\u0430 \u0426\u0435\u043d\u0442\u0430\u0440 \u0437\u0430 \u043a\u0443\u043b\u0442\u0443\u0440\u0430 \u201e\u041a\u043e\u0447\u043e \u0420\u0430\u0446\u0438\u043d\u201c &#8211; \u041a\u0438\u0447\u0435\u0432\u043e"}]},{"@type":"WebSite","@id":"https:\/\/kicevo.gov.mk\/sq\/#website","url":"https:\/\/kicevo.gov.mk\/sq\/","name":"\u041e\u043f\u0448\u0442\u0438\u043d\u0430 \u041a\u0438\u0447\u0435\u0432\u043e","description":"Mir\u00eb se erdh\u00ebt n\u00eb ueb faqen zyrtare t\u00eb Komun\u00ebs s\u00eb K\u00ebr\u00e7ov\u00ebs","publisher":{"@id":"https:\/\/kicevo.gov.mk\/sq\/#organization"},"potentialAction":[{"@type":"SearchAction","target":{"@type":"EntryPoint","urlTemplate":"https:\/\/kicevo.gov.mk\/sq\/?s={search_term_string}"},"query-input":{"@type":"PropertyValueSpecification","valueRequired":true,"valueName":"search_term_string"}}],"inLanguage":"sq"},{"@type":"Organization","@id":"https:\/\/kicevo.gov.mk\/sq\/#organization","name":"Opstina Kicevo","url":"https:\/\/kicevo.gov.mk\/sq\/","logo":{"@type":"ImageObject","inLanguage":"sq","@id":"https:\/\/kicevo.gov.mk\/sq\/#\/schema\/logo\/image\/","url":"https:\/\/kicevo.gov.mk\/wp-content\/uploads\/2025\/11\/logo-alb.png","contentUrl":"https:\/\/kicevo.gov.mk\/wp-content\/uploads\/2025\/11\/logo-alb.png","width":1200,"height":1592,"caption":"Opstina Kicevo"},"image":{"@id":"https:\/\/kicevo.gov.mk\/sq\/#\/schema\/logo\/image\/"}}]}},"uagb_featured_image_src":{"full":false,"thumbnail":false,"medium":false,"medium_large":false,"large":false,"1536x1536":false,"2048x2048":false,"vp_sm":false,"vp_md":false,"vp_lg":false,"vp_xl":false,"vp_sm_popup":false,"vp_md_popup":false,"vp_xl_popup":false},"uagb_author_info":{"display_name":"Marina","author_link":"https:\/\/kicevo.gov.mk\/sq\/author\/adminmsb\/"},"uagb_comment_info":0,"uagb_excerpt":"INQK \u201eKo\u00e7o Racin\u201c &#8211; K\u00ebr\u00e7ov\u00eb gjendet ne qend\u00ebr t\u00eb qytetit. Objekti\u00a0\u00ebsht\u00eb e hapur p\u00ebr p\u00ebrdorim q\u00eb nga viti 1980 m\u00eb 11 tetor, dhe aty m\u00eb shum\u00eb se 40 vjet mbetet trash\u00ebgimija kulturore, arti dramatik, muzika, folklori, kultura e artiti, gdhendja, qeramika, skulptura, arti pamor.. Objekti disponon\u00a0sall\u00eb teatri q\u00eb ka kapacitet p\u00ebr af\u00ebr 400 persona, hapsira&hellip;","_links":{"self":[{"href":"https:\/\/kicevo.gov.mk\/sq\/wp-json\/wp\/v2\/pages\/10385","targetHints":{"allow":["GET"]}}],"collection":[{"href":"https:\/\/kicevo.gov.mk\/sq\/wp-json\/wp\/v2\/pages"}],"about":[{"href":"https:\/\/kicevo.gov.mk\/sq\/wp-json\/wp\/v2\/types\/page"}],"author":[{"embeddable":true,"href":"https:\/\/kicevo.gov.mk\/sq\/wp-json\/wp\/v2\/users\/3"}],"replies":[{"embeddable":true,"href":"https:\/\/kicevo.gov.mk\/sq\/wp-json\/wp\/v2\/comments?post=10385"}],"version-history":[{"count":5,"href":"https:\/\/kicevo.gov.mk\/sq\/wp-json\/wp\/v2\/pages\/10385\/revisions"}],"predecessor-version":[{"id":10394,"href":"https:\/\/kicevo.gov.mk\/sq\/wp-json\/wp\/v2\/pages\/10385\/revisions\/10394"}],"wp:attachment":[{"href":"https:\/\/kicevo.gov.mk\/sq\/wp-json\/wp\/v2\/media?parent=10385"}],"curies":[{"name":"wp","href":"https:\/\/api.w.org\/{rel}","templated":true}]}}