{"id":10372,"date":"2024-03-14T12:54:58","date_gmt":"2024-03-14T12:54:58","guid":{"rendered":"https:\/\/kicevo.gov.mk\/?page_id=10372"},"modified":"2025-12-02T11:42:19","modified_gmt":"2025-12-02T11:42:19","slug":"nacionalna-ustanova-muzej-zapadna","status":"publish","type":"page","link":"https:\/\/kicevo.gov.mk\/sq\/nacionalna-ustanova-muzej-zapadna\/","title":{"rendered":"Institucioni Komb\u00ebtar \u2013 ,,Muzeu i Maqedonis\u00eb Per\u00ebndimore n\u00eb L.N.\u00c7,, &#8211; K\u00ebr\u00e7ov\u00eb"},"content":{"rendered":"\n<p>Institucioni Komb\u00ebtar \u2013 Muzeu i Maqedonis\u00eb Per\u00ebndimore n\u00eb L.N.\u00c7-K\u00ebr\u00e7ov\u00eb si institucion n\u00eb fush\u00ebn e kultur\u00ebs i formuar n\u00eb vitin 1973, kurse p\u00ebr vizitor\u00ebt u hap&nbsp; m\u00eb 11 tetor 1980, me rastin e fest\u00ebs s\u00eb Dit\u00ebs t\u00eb Kryengritjes Komb\u00ebtare.<\/p>\n\n\n\n<p>Muzeu gjendet n\u00eb qend\u00ebr t\u00eb qytetit t\u00eb K\u00ebr\u00e7ov\u00ebs, i vendosur n\u00eb nj\u00eb objekt q\u00eb daton nga viti 1892. <\/p>\n\n\n\n<p>Ekspozita e p\u00ebrhershme muzeale, e cila ndodhet n\u00eb katin p\u00ebrdhes\u00eb dhe n\u00eb katin e sip\u00ebrm, \u00ebsht\u00eb rreth 400 m\u00b2 n\u00eb nj\u00eb qasje t\u00eb p\u00ebrshtatshme muzeologjike, duke p\u00ebrdorur dokumente, fotografi, objekte, harta, skica dhe materiale t\u00eb tjera mb\u00ebshtet\u00ebse &#8211; n\u00eb form\u00eb arkitektonike dhe artistike.<\/p>\n\n\n\n<p>Muzeu ka k\u00ebto p\u00ebrmbledhje &nbsp;muzeale: p\u00ebrmbledhje e objekteve historike, p\u00ebrmbledhjeve&nbsp; t\u00eb &nbsp;objekteve arkeologjike, p\u00ebrmbledhje t\u00eb objekteve etnologjike, p\u00ebrmbledhje t\u00eb objekteve t\u00eb artit, Fototek\u00eb, Fonotek\u00eb dhe Bibliotek\u00eb.<\/p>\n\n\n\n<p>Orari i pun\u00ebs \/ 08:00 deri 16:00\u00a0<\/p>\n\n\n<div class=\"wp-block-visual-portfolio alignwide\">\n<div class=\"vp-portfolio vp-uid-0896bce3 vp-id-b5z2O\"\n\tdata-vp-layout=\"tiles\" data-vp-content-source=\"images\" data-vp-items-style=\"default\" data-vp-items-click-action=\"popup_gallery\" data-vp-items-gap=\"15\" data-vp-items-gap-vertical=\"\" data-vp-pagination=\"load-more\" data-vp-next-page-url=\"\" data-vp-tiles-type=\"3|1,1.3|\" >\n\t<div class=\"vp-portfolio__preloader-wrap\">\n\t\t<div class=\"vp-portfolio__preloader\">\n\t\t\t<img decoding=\"async\" loading=\"eager\" src=\"https:\/\/kicevo.gov.mk\/wp-content\/plugins\/visual-portfolio\/assets\/images\/logo-dark.svg\" alt=\"Visual Portfolio, Posts &amp; Image Gallery for WordPress\" width=\"20\" height=\"20\" data-skip-lazy>\n\t\t<\/div>\n\t<\/div>\n\t\t<div class=\"vp-portfolio__items-wrap\">\n\t\t\t\n<div class=\"vp-portfolio__items vp-portfolio__items-style-default vp-portfolio__items-show-overlay-hover\">\n\n\t\t<div\t\tclass=\"vp-portfolio__item-wrap vp-portfolio__item-uid-74a83e37\" data-vp-filter=\"\" \t\t>\n\t\t\t<template class=\"vp-portfolio__item-popup\" data-vp-popup-img=\"https:\/\/kicevo.gov.mk\/wp-content\/uploads\/2024\/03\/Muzej_na_Zapadna_Makedonija-Kicevo.jpg\" data-vp-popup-img-srcset=\"https:\/\/kicevo.gov.mk\/wp-content\/uploads\/2024\/03\/Muzej_na_Zapadna_Makedonija-Kicevo.jpg 1280w, https:\/\/kicevo.gov.mk\/wp-content\/uploads\/2024\/03\/Muzej_na_Zapadna_Makedonija-Kicevo-300x225.jpg 300w, https:\/\/kicevo.gov.mk\/wp-content\/uploads\/2024\/03\/Muzej_na_Zapadna_Makedonija-Kicevo-1024x768.jpg 1024w, https:\/\/kicevo.gov.mk\/wp-content\/uploads\/2024\/03\/Muzej_na_Zapadna_Makedonija-Kicevo-768x576.jpg 768w, https:\/\/kicevo.gov.mk\/wp-content\/uploads\/2024\/03\/Muzej_na_Zapadna_Makedonija-Kicevo-500x375.jpg 500w, https:\/\/kicevo.gov.mk\/wp-content\/uploads\/2024\/03\/Muzej_na_Zapadna_Makedonija-Kicevo-800x600.jpg 800w\" data-vp-popup-img-size=\"1280x960\" data-vp-popup-md-img=\"https:\/\/kicevo.gov.mk\/wp-content\/uploads\/2024\/03\/Muzej_na_Zapadna_Makedonija-Kicevo-800x600.jpg\" data-vp-popup-md-img-size=\"800x600\" data-vp-popup-sm-img=\"https:\/\/kicevo.gov.mk\/wp-content\/uploads\/2024\/03\/Muzej_na_Zapadna_Makedonija-Kicevo-500x375.jpg\" data-vp-popup-sm-img-size=\"500x375\">\n\t<\/template>\n\t\t\t\t\t\t<figure class=\"vp-portfolio__item\">\n\t\t\t\t\n<div class=\"vp-portfolio__item-img-wrap\">\n\t<div class=\"vp-portfolio__item-img\">\n\t\t\t<a\n\t\thref=\"https:\/\/kicevo.gov.mk\/wp-content\/uploads\/2024\/03\/Muzej_na_Zapadna_Makedonija-Kicevo.jpg\"\n\t\taria-label=\"Open image\" \t>\n\t\n\t\t<noscript><img loading=\"lazy\" decoding=\"async\" width=\"1280\" height=\"960\" data-skip-lazy src=\"https:\/\/kicevo.gov.mk\/wp-content\/uploads\/2024\/03\/Muzej_na_Zapadna_Makedonija-Kicevo.jpg\" class=\"wp-image-10376\" alt=\"\" srcset=\"https:\/\/kicevo.gov.mk\/wp-content\/uploads\/2024\/03\/Muzej_na_Zapadna_Makedonija-Kicevo.jpg 1280w, https:\/\/kicevo.gov.mk\/wp-content\/uploads\/2024\/03\/Muzej_na_Zapadna_Makedonija-Kicevo-300x225.jpg 300w, https:\/\/kicevo.gov.mk\/wp-content\/uploads\/2024\/03\/Muzej_na_Zapadna_Makedonija-Kicevo-1024x768.jpg 1024w, https:\/\/kicevo.gov.mk\/wp-content\/uploads\/2024\/03\/Muzej_na_Zapadna_Makedonija-Kicevo-768x576.jpg 768w, https:\/\/kicevo.gov.mk\/wp-content\/uploads\/2024\/03\/Muzej_na_Zapadna_Makedonija-Kicevo-500x375.jpg 500w, https:\/\/kicevo.gov.mk\/wp-content\/uploads\/2024\/03\/Muzej_na_Zapadna_Makedonija-Kicevo-800x600.jpg 800w\" sizes=\"auto, (max-width: 1280px) 100vw, 1280px\" \/><\/noscript><img fetchpriority=\"high\" decoding=\"async\" width=\"1280\" height=\"960\" src=\"https:\/\/kicevo.gov.mk\/wp-content\/uploads\/2024\/03\/Muzej_na_Zapadna_Makedonija-Kicevo.jpg\" class=\"wp-image-10376 vp-lazyload\" alt srcset=\"data:image\/svg+xml;base64,PHN2ZyB3aWR0aD0iMTI4MCIgaGVpZ2h0PSI5NjAiIHZpZXdCb3g9IjAgMCAxMjgwIDk2MCIgZmlsbD0ibm9uZSIgeG1sbnM9Imh0dHA6Ly93d3cudzMub3JnLzIwMDAvc3ZnIj48L3N2Zz4=\" data-src=\"https:\/\/kicevo.gov.mk\/wp-content\/uploads\/2024\/03\/Muzej_na_Zapadna_Makedonija-Kicevo.jpg\" data-srcset=\"https:\/\/kicevo.gov.mk\/wp-content\/uploads\/2024\/03\/Muzej_na_Zapadna_Makedonija-Kicevo.jpg 1280w, https:\/\/kicevo.gov.mk\/wp-content\/uploads\/2024\/03\/Muzej_na_Zapadna_Makedonija-Kicevo-300x225.jpg 300w, https:\/\/kicevo.gov.mk\/wp-content\/uploads\/2024\/03\/Muzej_na_Zapadna_Makedonija-Kicevo-1024x768.jpg 1024w, https:\/\/kicevo.gov.mk\/wp-content\/uploads\/2024\/03\/Muzej_na_Zapadna_Makedonija-Kicevo-768x576.jpg 768w, https:\/\/kicevo.gov.mk\/wp-content\/uploads\/2024\/03\/Muzej_na_Zapadna_Makedonija-Kicevo-500x375.jpg 500w, https:\/\/kicevo.gov.mk\/wp-content\/uploads\/2024\/03\/Muzej_na_Zapadna_Makedonija-Kicevo-800x600.jpg 800w\" data-sizes=\"auto\" loading=\"eager\">\n\t\t<div class=\"vp-portfolio__item-overlay\">\n\t\t\t\t\t<\/div>\n\n\t\t<\/a>\t<\/div>\n<\/div>\n\n\t\t\t<\/figure>\n\t\t\t\t\t<\/div>\n\t\t\n\t\t<div\t\tclass=\"vp-portfolio__item-wrap vp-portfolio__item-uid-cf9e191d\" data-vp-filter=\"\" \t\t>\n\t\t\t<template class=\"vp-portfolio__item-popup\" data-vp-popup-img=\"https:\/\/kicevo.gov.mk\/wp-content\/uploads\/2024\/03\/muzej-nov-kicevo4.jpg\" data-vp-popup-img-srcset=\"https:\/\/kicevo.gov.mk\/wp-content\/uploads\/2024\/03\/muzej-nov-kicevo4.jpg 720w, https:\/\/kicevo.gov.mk\/wp-content\/uploads\/2024\/03\/muzej-nov-kicevo4-300x242.jpg 300w, https:\/\/kicevo.gov.mk\/wp-content\/uploads\/2024\/03\/muzej-nov-kicevo4-500x403.jpg 500w\" data-vp-popup-img-size=\"720x580\" data-vp-popup-md-img=\"https:\/\/kicevo.gov.mk\/wp-content\/uploads\/2024\/03\/muzej-nov-kicevo4.jpg\" data-vp-popup-md-img-size=\"720x580\" data-vp-popup-sm-img=\"https:\/\/kicevo.gov.mk\/wp-content\/uploads\/2024\/03\/muzej-nov-kicevo4-500x403.jpg\" data-vp-popup-sm-img-size=\"500x403\">\n\t<\/template>\n\t\t\t\t\t\t<figure class=\"vp-portfolio__item\">\n\t\t\t\t\n<div class=\"vp-portfolio__item-img-wrap\">\n\t<div class=\"vp-portfolio__item-img\">\n\t\t\t<a\n\t\thref=\"https:\/\/kicevo.gov.mk\/wp-content\/uploads\/2024\/03\/muzej-nov-kicevo4.jpg\"\n\t\taria-label=\"Open image\" \t>\n\t\n\t\t<noscript><img loading=\"lazy\" decoding=\"async\" width=\"720\" height=\"580\" data-skip-lazy src=\"https:\/\/kicevo.gov.mk\/wp-content\/uploads\/2024\/03\/muzej-nov-kicevo4.jpg\" class=\"wp-image-10373\" alt=\"\" srcset=\"https:\/\/kicevo.gov.mk\/wp-content\/uploads\/2024\/03\/muzej-nov-kicevo4.jpg 720w, https:\/\/kicevo.gov.mk\/wp-content\/uploads\/2024\/03\/muzej-nov-kicevo4-300x242.jpg 300w, https:\/\/kicevo.gov.mk\/wp-content\/uploads\/2024\/03\/muzej-nov-kicevo4-500x403.jpg 500w\" sizes=\"auto, (max-width: 720px) 100vw, 720px\" \/><\/noscript><img decoding=\"async\" width=\"720\" height=\"580\" src=\"https:\/\/kicevo.gov.mk\/wp-content\/uploads\/2024\/03\/muzej-nov-kicevo4.jpg\" class=\"wp-image-10373 vp-lazyload\" alt srcset=\"data:image\/svg+xml;base64,PHN2ZyB3aWR0aD0iNzIwIiBoZWlnaHQ9IjU4MCIgdmlld0JveD0iMCAwIDcyMCA1ODAiIGZpbGw9Im5vbmUiIHhtbG5zPSJodHRwOi8vd3d3LnczLm9yZy8yMDAwL3N2ZyI+PC9zdmc+\" data-src=\"https:\/\/kicevo.gov.mk\/wp-content\/uploads\/2024\/03\/muzej-nov-kicevo4.jpg\" data-srcset=\"https:\/\/kicevo.gov.mk\/wp-content\/uploads\/2024\/03\/muzej-nov-kicevo4.jpg 720w, https:\/\/kicevo.gov.mk\/wp-content\/uploads\/2024\/03\/muzej-nov-kicevo4-300x242.jpg 300w, https:\/\/kicevo.gov.mk\/wp-content\/uploads\/2024\/03\/muzej-nov-kicevo4-500x403.jpg 500w\" data-sizes=\"auto\" loading=\"eager\">\n\t\t<div class=\"vp-portfolio__item-overlay\">\n\t\t\t\t\t<\/div>\n\n\t\t<\/a>\t<\/div>\n<\/div>\n\n\t\t\t<\/figure>\n\t\t\t\t\t<\/div>\n\t\t\n\t\t<div\t\tclass=\"vp-portfolio__item-wrap vp-portfolio__item-uid-d76efe10\" data-vp-filter=\"\" \t\t>\n\t\t\t<template class=\"vp-portfolio__item-popup\" data-vp-popup-img=\"https:\/\/kicevo.gov.mk\/wp-content\/uploads\/2024\/03\/muzej-nov-kicevo3.jpg\" data-vp-popup-img-srcset=\"https:\/\/kicevo.gov.mk\/wp-content\/uploads\/2024\/03\/muzej-nov-kicevo3.jpg 720w, https:\/\/kicevo.gov.mk\/wp-content\/uploads\/2024\/03\/muzej-nov-kicevo3-300x242.jpg 300w, https:\/\/kicevo.gov.mk\/wp-content\/uploads\/2024\/03\/muzej-nov-kicevo3-500x403.jpg 500w\" data-vp-popup-img-size=\"720x580\" data-vp-popup-md-img=\"https:\/\/kicevo.gov.mk\/wp-content\/uploads\/2024\/03\/muzej-nov-kicevo3.jpg\" data-vp-popup-md-img-size=\"720x580\" data-vp-popup-sm-img=\"https:\/\/kicevo.gov.mk\/wp-content\/uploads\/2024\/03\/muzej-nov-kicevo3-500x403.jpg\" data-vp-popup-sm-img-size=\"500x403\">\n\t<\/template>\n\t\t\t\t\t\t<figure class=\"vp-portfolio__item\">\n\t\t\t\t\n<div class=\"vp-portfolio__item-img-wrap\">\n\t<div class=\"vp-portfolio__item-img\">\n\t\t\t<a\n\t\thref=\"https:\/\/kicevo.gov.mk\/wp-content\/uploads\/2024\/03\/muzej-nov-kicevo3.jpg\"\n\t\taria-label=\"Open image\" \t>\n\t\n\t\t<noscript><img loading=\"lazy\" decoding=\"async\" width=\"720\" height=\"580\" data-skip-lazy src=\"https:\/\/kicevo.gov.mk\/wp-content\/uploads\/2024\/03\/muzej-nov-kicevo3.jpg\" class=\"wp-image-10374\" alt=\"\" srcset=\"https:\/\/kicevo.gov.mk\/wp-content\/uploads\/2024\/03\/muzej-nov-kicevo3.jpg 720w, https:\/\/kicevo.gov.mk\/wp-content\/uploads\/2024\/03\/muzej-nov-kicevo3-300x242.jpg 300w, https:\/\/kicevo.gov.mk\/wp-content\/uploads\/2024\/03\/muzej-nov-kicevo3-500x403.jpg 500w\" sizes=\"auto, (max-width: 720px) 100vw, 720px\" \/><\/noscript><img decoding=\"async\" width=\"720\" height=\"580\" src=\"https:\/\/kicevo.gov.mk\/wp-content\/uploads\/2024\/03\/muzej-nov-kicevo3.jpg\" class=\"wp-image-10374 vp-lazyload\" alt srcset=\"data:image\/svg+xml;base64,PHN2ZyB3aWR0aD0iNzIwIiBoZWlnaHQ9IjU4MCIgdmlld0JveD0iMCAwIDcyMCA1ODAiIGZpbGw9Im5vbmUiIHhtbG5zPSJodHRwOi8vd3d3LnczLm9yZy8yMDAwL3N2ZyI+PC9zdmc+\" data-src=\"https:\/\/kicevo.gov.mk\/wp-content\/uploads\/2024\/03\/muzej-nov-kicevo3.jpg\" data-srcset=\"https:\/\/kicevo.gov.mk\/wp-content\/uploads\/2024\/03\/muzej-nov-kicevo3.jpg 720w, https:\/\/kicevo.gov.mk\/wp-content\/uploads\/2024\/03\/muzej-nov-kicevo3-300x242.jpg 300w, https:\/\/kicevo.gov.mk\/wp-content\/uploads\/2024\/03\/muzej-nov-kicevo3-500x403.jpg 500w\" data-sizes=\"auto\" loading=\"eager\">\n\t\t<div class=\"vp-portfolio__item-overlay\">\n\t\t\t\t\t<\/div>\n\n\t\t<\/a>\t<\/div>\n<\/div>\n\n\t\t\t<\/figure>\n\t\t\t\t\t<\/div>\n\t\t\n\t\t<div\t\tclass=\"vp-portfolio__item-wrap vp-portfolio__item-uid-6b351d23\" data-vp-filter=\"\" \t\t>\n\t\t\t<template class=\"vp-portfolio__item-popup\" data-vp-popup-img=\"https:\/\/kicevo.gov.mk\/wp-content\/uploads\/2024\/03\/muzej-nov-kicevo2.jpg\" data-vp-popup-img-srcset=\"https:\/\/kicevo.gov.mk\/wp-content\/uploads\/2024\/03\/muzej-nov-kicevo2.jpg 720w, https:\/\/kicevo.gov.mk\/wp-content\/uploads\/2024\/03\/muzej-nov-kicevo2-300x242.jpg 300w, https:\/\/kicevo.gov.mk\/wp-content\/uploads\/2024\/03\/muzej-nov-kicevo2-500x403.jpg 500w\" data-vp-popup-img-size=\"720x580\" data-vp-popup-md-img=\"https:\/\/kicevo.gov.mk\/wp-content\/uploads\/2024\/03\/muzej-nov-kicevo2.jpg\" data-vp-popup-md-img-size=\"720x580\" data-vp-popup-sm-img=\"https:\/\/kicevo.gov.mk\/wp-content\/uploads\/2024\/03\/muzej-nov-kicevo2-500x403.jpg\" data-vp-popup-sm-img-size=\"500x403\">\n\t<\/template>\n\t\t\t\t\t\t<figure class=\"vp-portfolio__item\">\n\t\t\t\t\n<div class=\"vp-portfolio__item-img-wrap\">\n\t<div class=\"vp-portfolio__item-img\">\n\t\t\t<a\n\t\thref=\"https:\/\/kicevo.gov.mk\/wp-content\/uploads\/2024\/03\/muzej-nov-kicevo2.jpg\"\n\t\taria-label=\"Open image\" \t>\n\t\n\t\t<noscript><img loading=\"lazy\" decoding=\"async\" width=\"720\" height=\"580\" data-skip-lazy src=\"https:\/\/kicevo.gov.mk\/wp-content\/uploads\/2024\/03\/muzej-nov-kicevo2.jpg\" class=\"wp-image-10375\" alt=\"\" srcset=\"https:\/\/kicevo.gov.mk\/wp-content\/uploads\/2024\/03\/muzej-nov-kicevo2.jpg 720w, https:\/\/kicevo.gov.mk\/wp-content\/uploads\/2024\/03\/muzej-nov-kicevo2-300x242.jpg 300w, https:\/\/kicevo.gov.mk\/wp-content\/uploads\/2024\/03\/muzej-nov-kicevo2-500x403.jpg 500w\" sizes=\"auto, (max-width: 720px) 100vw, 720px\" \/><\/noscript><img decoding=\"async\" width=\"720\" height=\"580\" src=\"https:\/\/kicevo.gov.mk\/wp-content\/uploads\/2024\/03\/muzej-nov-kicevo2.jpg\" class=\"wp-image-10375 vp-lazyload\" alt srcset=\"data:image\/svg+xml;base64,PHN2ZyB3aWR0aD0iNzIwIiBoZWlnaHQ9IjU4MCIgdmlld0JveD0iMCAwIDcyMCA1ODAiIGZpbGw9Im5vbmUiIHhtbG5zPSJodHRwOi8vd3d3LnczLm9yZy8yMDAwL3N2ZyI+PC9zdmc+\" data-src=\"https:\/\/kicevo.gov.mk\/wp-content\/uploads\/2024\/03\/muzej-nov-kicevo2.jpg\" data-srcset=\"https:\/\/kicevo.gov.mk\/wp-content\/uploads\/2024\/03\/muzej-nov-kicevo2.jpg 720w, https:\/\/kicevo.gov.mk\/wp-content\/uploads\/2024\/03\/muzej-nov-kicevo2-300x242.jpg 300w, https:\/\/kicevo.gov.mk\/wp-content\/uploads\/2024\/03\/muzej-nov-kicevo2-500x403.jpg 500w\" data-sizes=\"auto\" loading=\"eager\">\n\t\t<div class=\"vp-portfolio__item-overlay\">\n\t\t\t\t\t<\/div>\n\n\t\t<\/a>\t<\/div>\n<\/div>\n\n\t\t\t<\/figure>\n\t\t\t\t\t<\/div>\n\t\t\n<\/div>\n\t\t<\/div>\n\t\t\n<\/div>\n<\/div>","protected":false},"excerpt":{"rendered":"<p>Institucioni Komb\u00ebtar \u2013 Muzeu i Maqedonis\u00eb Per\u00ebndimore n\u00eb L.N.\u00c7-K\u00ebr\u00e7ov\u00eb si institucion n\u00eb fush\u00ebn e kultur\u00ebs i formuar n\u00eb vitin 1973, kurse p\u00ebr vizitor\u00ebt u hap&nbsp; m\u00eb 11 tetor 1980, me rastin e fest\u00ebs s\u00eb Dit\u00ebs t\u00eb Kryengritjes Komb\u00ebtare. Muzeu gjendet n\u00eb qend\u00ebr t\u00eb qytetit t\u00eb K\u00ebr\u00e7ov\u00ebs, i vendosur n\u00eb nj\u00eb objekt q\u00eb daton nga viti [&hellip;]<\/p>\n","protected":false},"author":3,"featured_media":0,"parent":0,"menu_order":0,"comment_status":"closed","ping_status":"closed","template":"page-templates\/sidebar-right.php","meta":{"_uag_custom_page_level_css":"","_vp_format_video_url":"","_vp_image_focal_point":[],"footnotes":""},"class_list":["post-10372","page","type-page","status-publish","hentry"],"translation":{"provider":"WPGlobus","version":"3.0.2","language":"sq","enabled_languages":["mk","sq"],"languages":{"mk":{"title":true,"content":true,"excerpt":false},"sq":{"title":true,"content":true,"excerpt":false}}},"yoast_head":"<!-- This site is optimized with the Yoast SEO plugin v27.4 - https:\/\/yoast.com\/product\/yoast-seo-wordpress\/ -->\n<title>Institucioni Komb\u00ebtar \u2013 ,,Muzeu i Maqedonis\u00eb Per\u00ebndimore n\u00eb L.N.\u00c7,, - K\u00ebr\u00e7ov\u00eb | Komuna e K\u00ebr\u00e7ov\u00ebs<\/title>\n<meta name=\"robots\" content=\"index, follow, max-snippet:-1, max-image-preview:large, max-video-preview:-1\" \/>\n<link rel=\"canonical\" href=\"https:\/\/kicevo.gov.mk\/nacionalna-ustanova-muzej-zapadna\/\" \/>\n<meta property=\"og:locale\" content=\"sq_AL\" \/>\n<meta property=\"og:type\" content=\"article\" \/>\n<meta property=\"og:title\" content=\"Institucioni Komb\u00ebtar \u2013 ,,Muzeu i Maqedonis\u00eb Per\u00ebndimore n\u00eb L.N.\u00c7,, - K\u00ebr\u00e7ov\u00eb | Komuna e K\u00ebr\u00e7ov\u00ebs\" \/>\n<meta property=\"og:url\" content=\"https:\/\/kicevo.gov.mk\/nacionalna-ustanova-muzej-zapadna\/\" \/>\n<meta property=\"og:site_name\" content=\"Komuna e K\u00ebr\u00e7ov\u00ebs\" \/>\n<meta property=\"article:modified_time\" content=\"2025-12-02T11:42:19+00:00\" \/>\n<meta name=\"twitter:card\" content=\"summary_large_image\" \/>\n<meta name=\"twitter:label1\" content=\"Est. reading time\" \/>\n\t<meta name=\"twitter:data1\" content=\"1 minut\u00eb\" \/>\n<script type=\"application\/ld+json\" class=\"yoast-schema-graph\">{\"@context\":\"https:\\\/\\\/schema.org\",\"@graph\":[{\"@type\":\"WebPage\",\"@id\":\"https:\\\/\\\/kicevo.gov.mk\\\/nacionalna-ustanova-muzej-zapadna\\\/\",\"url\":\"https:\\\/\\\/kicevo.gov.mk\\\/nacionalna-ustanova-muzej-zapadna\\\/\",\"name\":\"Institucioni Komb\u00ebtar \u2013 ,,Muzeu i Maqedonis\u00eb Per\u00ebndimore n\u00eb L.N.\u00c7,, - K\u00ebr\u00e7ov\u00eb | Komuna e K\u00ebr\u00e7ov\u00ebs\",\"isPartOf\":{\"@id\":\"https:\\\/\\\/kicevo.gov.mk\\\/#website\"},\"datePublished\":\"2024-03-14T12:54:58+00:00\",\"dateModified\":\"2025-12-02T11:42:19+00:00\",\"breadcrumb\":{\"@id\":\"https:\\\/\\\/kicevo.gov.mk\\\/nacionalna-ustanova-muzej-zapadna\\\/#breadcrumb\"},\"inLanguage\":\"sq\",\"potentialAction\":[{\"@type\":\"ReadAction\",\"target\":[\"https:\\\/\\\/kicevo.gov.mk\\\/nacionalna-ustanova-muzej-zapadna\\\/\"]}]},{\"@type\":\"BreadcrumbList\",\"@id\":\"https:\\\/\\\/kicevo.gov.mk\\\/nacionalna-ustanova-muzej-zapadna\\\/#breadcrumb\",\"itemListElement\":[{\"@type\":\"ListItem\",\"position\":1,\"name\":\"\u041f\u043e\u0447\u0435\u0442\u043d\u0430\",\"item\":\"https:\\\/\\\/kicevo.gov.mk\\\/\"},{\"@type\":\"ListItem\",\"position\":2,\"name\":\"\u041d\u0430\u0446\u0438\u043e\u043d\u0430\u043b\u043d\u0430 \u0443\u0441\u0442\u0430\u043d\u043e\u0432\u0430 \u2013 \u041c\u0443\u0437\u0435\u0458 ,,\u0417\u0430\u043f\u0430\u0434\u043d\u0430 \u041c\u0430\u043a\u0435\u0434\u043e\u043d\u0438\u0458\u0430 \u0432\u043e \u041d\u041e\u0411,, &#8211; \u041a\u0438\u0447\u0435\u0432\u043e\"}]},{\"@type\":\"WebSite\",\"@id\":\"https:\\\/\\\/kicevo.gov.mk\\\/#website\",\"url\":\"https:\\\/\\\/kicevo.gov.mk\\\/\",\"name\":\"\u041e\u043f\u0448\u0442\u0438\u043d\u0430 \u041a\u0438\u0447\u0435\u0432\u043e\",\"description\":\"Mir\u00eb se erdh\u00ebt n\u00eb ueb faqen zyrtare t\u00eb Komun\u00ebs s\u00eb K\u00ebr\u00e7ov\u00ebs\",\"publisher\":{\"@id\":\"https:\\\/\\\/kicevo.gov.mk\\\/#organization\"},\"potentialAction\":[{\"@type\":\"SearchAction\",\"target\":{\"@type\":\"EntryPoint\",\"urlTemplate\":\"https:\\\/\\\/kicevo.gov.mk\\\/?s={search_term_string}\"},\"query-input\":{\"@type\":\"PropertyValueSpecification\",\"valueRequired\":true,\"valueName\":\"search_term_string\"}}],\"inLanguage\":\"sq\"},{\"@type\":\"Organization\",\"@id\":\"https:\\\/\\\/kicevo.gov.mk\\\/#organization\",\"name\":\"Opstina Kicevo\",\"url\":\"https:\\\/\\\/kicevo.gov.mk\\\/\",\"logo\":{\"@type\":\"ImageObject\",\"inLanguage\":\"sq\",\"@id\":\"https:\\\/\\\/kicevo.gov.mk\\\/#\\\/schema\\\/logo\\\/image\\\/\",\"url\":\"https:\\\/\\\/kicevo.gov.mk\\\/wp-content\\\/uploads\\\/2025\\\/11\\\/logo-alb.png\",\"contentUrl\":\"https:\\\/\\\/kicevo.gov.mk\\\/wp-content\\\/uploads\\\/2025\\\/11\\\/logo-alb.png\",\"width\":1200,\"height\":1592,\"caption\":\"Opstina Kicevo\"},\"image\":{\"@id\":\"https:\\\/\\\/kicevo.gov.mk\\\/#\\\/schema\\\/logo\\\/image\\\/\"}}]}<\/script>\n<!-- \/ Yoast SEO plugin. -->","yoast_head_json":{"title":"Institucioni Komb\u00ebtar \u2013 ,,Muzeu i Maqedonis\u00eb Per\u00ebndimore n\u00eb L.N.\u00c7,, - K\u00ebr\u00e7ov\u00eb | Komuna e K\u00ebr\u00e7ov\u00ebs","robots":{"index":"index","follow":"follow","max-snippet":"max-snippet:-1","max-image-preview":"max-image-preview:large","max-video-preview":"max-video-preview:-1"},"canonical":"https:\/\/kicevo.gov.mk\/nacionalna-ustanova-muzej-zapadna\/","og_locale":"sq_AL","og_type":"article","og_title":"Institucioni Komb\u00ebtar \u2013 ,,Muzeu i Maqedonis\u00eb Per\u00ebndimore n\u00eb L.N.\u00c7,, - K\u00ebr\u00e7ov\u00eb | Komuna e K\u00ebr\u00e7ov\u00ebs","og_url":"https:\/\/kicevo.gov.mk\/nacionalna-ustanova-muzej-zapadna\/","og_site_name":"Komuna e K\u00ebr\u00e7ov\u00ebs","article_modified_time":"2025-12-02T11:42:19+00:00","twitter_card":"summary_large_image","twitter_misc":{"Est. reading time":"1 minut\u00eb"},"schema":{"@context":"https:\/\/schema.org","@graph":[{"@type":"WebPage","@id":"https:\/\/kicevo.gov.mk\/nacionalna-ustanova-muzej-zapadna\/","url":"https:\/\/kicevo.gov.mk\/nacionalna-ustanova-muzej-zapadna\/","name":"Institucioni Komb\u00ebtar \u2013 ,,Muzeu i Maqedonis\u00eb Per\u00ebndimore n\u00eb L.N.\u00c7,, - K\u00ebr\u00e7ov\u00eb | Komuna e K\u00ebr\u00e7ov\u00ebs","isPartOf":{"@id":"https:\/\/kicevo.gov.mk\/#website"},"datePublished":"2024-03-14T12:54:58+00:00","dateModified":"2025-12-02T11:42:19+00:00","breadcrumb":{"@id":"https:\/\/kicevo.gov.mk\/nacionalna-ustanova-muzej-zapadna\/#breadcrumb"},"inLanguage":"sq","potentialAction":[{"@type":"ReadAction","target":["https:\/\/kicevo.gov.mk\/nacionalna-ustanova-muzej-zapadna\/"]}]},{"@type":"BreadcrumbList","@id":"https:\/\/kicevo.gov.mk\/nacionalna-ustanova-muzej-zapadna\/#breadcrumb","itemListElement":[{"@type":"ListItem","position":1,"name":"\u041f\u043e\u0447\u0435\u0442\u043d\u0430","item":"https:\/\/kicevo.gov.mk\/"},{"@type":"ListItem","position":2,"name":"\u041d\u0430\u0446\u0438\u043e\u043d\u0430\u043b\u043d\u0430 \u0443\u0441\u0442\u0430\u043d\u043e\u0432\u0430 \u2013 \u041c\u0443\u0437\u0435\u0458 ,,\u0417\u0430\u043f\u0430\u0434\u043d\u0430 \u041c\u0430\u043a\u0435\u0434\u043e\u043d\u0438\u0458\u0430 \u0432\u043e \u041d\u041e\u0411,, &#8211; \u041a\u0438\u0447\u0435\u0432\u043e"}]},{"@type":"WebSite","@id":"https:\/\/kicevo.gov.mk\/#website","url":"https:\/\/kicevo.gov.mk\/","name":"\u041e\u043f\u0448\u0442\u0438\u043d\u0430 \u041a\u0438\u0447\u0435\u0432\u043e","description":"Mir\u00eb se erdh\u00ebt n\u00eb ueb faqen zyrtare t\u00eb Komun\u00ebs s\u00eb K\u00ebr\u00e7ov\u00ebs","publisher":{"@id":"https:\/\/kicevo.gov.mk\/#organization"},"potentialAction":[{"@type":"SearchAction","target":{"@type":"EntryPoint","urlTemplate":"https:\/\/kicevo.gov.mk\/?s={search_term_string}"},"query-input":{"@type":"PropertyValueSpecification","valueRequired":true,"valueName":"search_term_string"}}],"inLanguage":"sq"},{"@type":"Organization","@id":"https:\/\/kicevo.gov.mk\/#organization","name":"Opstina Kicevo","url":"https:\/\/kicevo.gov.mk\/","logo":{"@type":"ImageObject","inLanguage":"sq","@id":"https:\/\/kicevo.gov.mk\/#\/schema\/logo\/image\/","url":"https:\/\/kicevo.gov.mk\/wp-content\/uploads\/2025\/11\/logo-alb.png","contentUrl":"https:\/\/kicevo.gov.mk\/wp-content\/uploads\/2025\/11\/logo-alb.png","width":1200,"height":1592,"caption":"Opstina Kicevo"},"image":{"@id":"https:\/\/kicevo.gov.mk\/#\/schema\/logo\/image\/"}}]}},"uagb_featured_image_src":{"full":false,"thumbnail":false,"medium":false,"medium_large":false,"large":false,"1536x1536":false,"2048x2048":false,"vp_sm":false,"vp_md":false,"vp_lg":false,"vp_xl":false,"vp_sm_popup":false,"vp_md_popup":false,"vp_xl_popup":false},"uagb_author_info":{"display_name":"Marina","author_link":"https:\/\/kicevo.gov.mk\/sq\/author\/adminmsb\/"},"uagb_comment_info":0,"uagb_excerpt":"Institucioni Komb\u00ebtar \u2013 Muzeu i Maqedonis\u00eb Per\u00ebndimore n\u00eb L.N.\u00c7-K\u00ebr\u00e7ov\u00eb si institucion n\u00eb fush\u00ebn e kultur\u00ebs i formuar n\u00eb vitin 1973, kurse p\u00ebr vizitor\u00ebt u hap&nbsp; m\u00eb 11 tetor 1980, me rastin e fest\u00ebs s\u00eb Dit\u00ebs t\u00eb Kryengritjes Komb\u00ebtare. Muzeu gjendet n\u00eb qend\u00ebr t\u00eb qytetit t\u00eb K\u00ebr\u00e7ov\u00ebs, i vendosur n\u00eb nj\u00eb objekt q\u00eb daton nga viti&hellip;","_links":{"self":[{"href":"https:\/\/kicevo.gov.mk\/sq\/wp-json\/wp\/v2\/pages\/10372","targetHints":{"allow":["GET"]}}],"collection":[{"href":"https:\/\/kicevo.gov.mk\/sq\/wp-json\/wp\/v2\/pages"}],"about":[{"href":"https:\/\/kicevo.gov.mk\/sq\/wp-json\/wp\/v2\/types\/page"}],"author":[{"embeddable":true,"href":"https:\/\/kicevo.gov.mk\/sq\/wp-json\/wp\/v2\/users\/3"}],"replies":[{"embeddable":true,"href":"https:\/\/kicevo.gov.mk\/sq\/wp-json\/wp\/v2\/comments?post=10372"}],"version-history":[{"count":5,"href":"https:\/\/kicevo.gov.mk\/sq\/wp-json\/wp\/v2\/pages\/10372\/revisions"}],"predecessor-version":[{"id":10384,"href":"https:\/\/kicevo.gov.mk\/sq\/wp-json\/wp\/v2\/pages\/10372\/revisions\/10384"}],"wp:attachment":[{"href":"https:\/\/kicevo.gov.mk\/sq\/wp-json\/wp\/v2\/media?parent=10372"}],"curies":[{"name":"wp","href":"https:\/\/api.w.org\/{rel}","templated":true}]}}