{"id":10293,"date":"2024-03-12T12:24:26","date_gmt":"2024-03-12T12:24:26","guid":{"rendered":"https:\/\/kicevo.gov.mk\/?page_id=10293"},"modified":"2025-12-02T12:25:20","modified_gmt":"2025-12-02T12:25:20","slug":"danoci-i-taksi","status":"publish","type":"page","link":"https:\/\/kicevo.gov.mk\/sq\/danoci-i-taksi\/","title":{"rendered":"Tatime dhe taksa"},"content":{"rendered":"\n<h4 class=\"wp-block-heading\"><strong>Tatime<\/strong><\/h4>\n\n\n\n<div class=\"wp-block-pb-accordion-item c-accordion__item js-accordion-item no-js\" data-initially-open=\"false\" data-click-to-close=\"true\" data-auto-close=\"true\" data-scroll=\"false\" data-scroll-offset=\"0\"><h4 id=\"at-102930\" class=\"c-accordion__title js-accordion-controller\" role=\"button\">Metodologji p\u00ebr p\u00ebrllogatitje t\u00eb tatimeve lokale<\/h4><div id=\"ac-102930\" class=\"c-accordion__content\">\n<div class=\"wp-block-file\"><a id=\"wp-block-file--media-e1120c8c-1a1f-4d16-8b8b-cd1d4fa6060a\" href=\"https:\/\/kicevo.gov.mk\/wp-content\/uploads\/2023\/03\/Pravilnik-za-pazarni-ceni.pdf\" target=\"_blank\" rel=\"noreferrer noopener\">Rregullore p\u00ebr p\u00ebrcaktimin e \u00e7mimeve t\u00eb tregut t\u00eb patund\u00ebshm\u00ebrive n\u00eb teritorin e Komun\u00ebs s\u00eb K\u00ebr\u00e7ov\u00ebs<\/a><a href=\"https:\/\/kicevo.gov.mk\/wp-content\/uploads\/2023\/03\/Pravilnik-za-pazarni-ceni.pdf\" class=\"wp-block-file__button wp-element-button\" download aria-describedby=\"wp-block-file--media-e1120c8c-1a1f-4d16-8b8b-cd1d4fa6060a\">Shkarko<\/a><\/div>\n<\/div><\/div>\n\n\n\n<div class=\"wp-block-pb-accordion-item c-accordion__item js-accordion-item no-js\" data-initially-open=\"false\" data-click-to-close=\"true\" data-auto-close=\"true\" data-scroll=\"false\" data-scroll-offset=\"0\"><h4 id=\"at-102931\" class=\"c-accordion__title js-accordion-controller\" role=\"button\">Flet\u00ebparaqitje tatimore<\/h4><div id=\"ac-102931\" class=\"c-accordion__content\">\n<div class=\"wp-block-file\"><a id=\"wp-block-file--media-6d2e93b4-579f-4b60-aa17-8fbe00ca7b24\" href=\"https:\/\/kicevo.gov.mk\/wp-content\/uploads\/2024\/03\/\u0434\u0430\u043d\u043e\u043a-\u043d\u0430-\u0438\u043c\u043e\u0442_opt.pdf\" target=\"_blank\" rel=\"noreferrer noopener\">Flet\u00ebparaqitje tatimore p\u00ebr p\u00ebrcaktimin e tatimit n\u00eb pron\u00eb<\/a><a href=\"https:\/\/kicevo.gov.mk\/wp-content\/uploads\/2024\/03\/\u0434\u0430\u043d\u043e\u043a-\u043d\u0430-\u0438\u043c\u043e\u0442_opt.pdf\" class=\"wp-block-file__button wp-element-button\" download aria-describedby=\"wp-block-file--media-6d2e93b4-579f-4b60-aa17-8fbe00ca7b24\">Shkarko<\/a><\/div>\n\n\n\n<div class=\"wp-block-file\"><a id=\"wp-block-file--media-6d2e93b4-579f-4b60-aa17-8fbe00ca7b24\" href=\"https:\/\/kicevo.gov.mk\/wp-content\/uploads\/2024\/03\/\u0434\u0430\u043d\u043e\u043a-\u043d\u0430-\u043f\u0440\u043e\u043c\u0435\u0442-\u043d\u0430-\u043d\u0435\u0434\u0432\u0438\u0436\u043d\u043e\u0441\u0442\u0438-\u0438-\u043f\u0440\u0430\u0432\u0430_opt.pdf\" target=\"_blank\" rel=\"noreferrer noopener\">Flet\u00ebparaqitje tatimore p\u00ebr p\u00ebrcaktimin e tatimit n\u00eb qarkullim t\u00eb patundshm\u00ebrive dhe t\u00eb drejtave<\/a><a href=\"https:\/\/kicevo.gov.mk\/wp-content\/uploads\/2024\/03\/\u0434\u0430\u043d\u043e\u043a-\u043d\u0430-\u043f\u0440\u043e\u043c\u0435\u0442-\u043d\u0430-\u043d\u0435\u0434\u0432\u0438\u0436\u043d\u043e\u0441\u0442\u0438-\u0438-\u043f\u0440\u0430\u0432\u0430_opt.pdf\" class=\"wp-block-file__button wp-element-button\" download aria-describedby=\"wp-block-file--media-6d2e93b4-579f-4b60-aa17-8fbe00ca7b24\">Shkarko<\/a><\/div>\n\n\n\n<div class=\"wp-block-file\"><a id=\"wp-block-file--media-6d2e93b4-579f-4b60-aa17-8fbe00ca7b24\" href=\"https:\/\/kicevo.gov.mk\/wp-content\/uploads\/2024\/03\/\u0434\u0430\u043d\u043e\u043a-\u043d\u0430-\u043d\u0430\u0441\u043b\u0435\u0434\u0441\u0442\u0432\u043e-\u0438-\u043f\u043e\u0434\u0430\u0440\u043e\u043a_opt.pdf\" target=\"_blank\" rel=\"noreferrer noopener\">Flet\u00ebparaqitje tatimore p\u00ebr p\u00ebrcaktimin e tatimit n\u00eb trash\u00ebgimi dhe dhurata<\/a><a href=\"https:\/\/kicevo.gov.mk\/wp-content\/uploads\/2024\/03\/\u0434\u0430\u043d\u043e\u043a-\u043d\u0430-\u043d\u0430\u0441\u043b\u0435\u0434\u0441\u0442\u0432\u043e-\u0438-\u043f\u043e\u0434\u0430\u0440\u043e\u043a_opt.pdf\" class=\"wp-block-file__button wp-element-button\" download aria-describedby=\"wp-block-file--media-6d2e93b4-579f-4b60-aa17-8fbe00ca7b24\">Shkarko<\/a><\/div>\n<\/div><\/div>\n\n\n\n<div style=\"height:30px\" aria-hidden=\"true\" class=\"wp-block-spacer\"><\/div>\n\n\n\n<div class=\"wp-block-pb-accordion-item c-accordion__item js-accordion-item no-js\" data-initially-open=\"false\" data-click-to-close=\"true\" data-auto-close=\"true\" data-scroll=\"false\" data-scroll-offset=\"0\"><h4 id=\"at-102932\" class=\"c-accordion__title js-accordion-controller\" role=\"button\">Taksa<\/h4><div id=\"ac-102932\" class=\"c-accordion__content\">\n<div class=\"wp-block-file\"><a id=\"wp-block-file--media-9ef4d548-f5b1-491c-bbd9-5471a5cdd471\" href=\"https:\/\/kicevo.gov.mk\/wp-content\/uploads\/2024\/03\/taski-sq.pdf\" target=\"_blank\" rel=\"noreferrer noopener\">Taksa lokale<\/a><a href=\"https:\/\/kicevo.gov.mk\/wp-content\/uploads\/2024\/03\/taski-sq.pdf\" class=\"wp-block-file__button wp-element-button\" download aria-describedby=\"wp-block-file--media-9ef4d548-f5b1-491c-bbd9-5471a5cdd471\">Shkarko<\/a><\/div>\n<\/div><\/div>\n\n\n\n<h4 class=\"wp-block-heading\"><a href=\"https:\/\/kicevo.gov.mk\/sq\/formulari\/\" target=\"_blank\" rel=\"noreferrer noopener\">Formular\u00ebt<\/a><\/h4>\n","protected":false},"excerpt":{"rendered":"<p>Tatime Formular\u00ebt<\/p>\n","protected":false},"author":3,"featured_media":0,"parent":0,"menu_order":0,"comment_status":"closed","ping_status":"closed","template":"page-templates\/sidebar-right.php","meta":{"_uag_custom_page_level_css":"","_vp_format_video_url":"","_vp_image_focal_point":[],"footnotes":""},"class_list":["post-10293","page","type-page","status-publish","hentry"],"translation":{"provider":"WPGlobus","version":"3.0.2","language":"sq","enabled_languages":["mk","sq"],"languages":{"mk":{"title":true,"content":true,"excerpt":false},"sq":{"title":true,"content":true,"excerpt":false}}},"yoast_head":"<!-- This site is optimized with the Yoast SEO plugin v27.4 - https:\/\/yoast.com\/product\/yoast-seo-wordpress\/ -->\n<title>Tatime dhe taksa | Komuna e K\u00ebr\u00e7ov\u00ebs<\/title>\n<meta name=\"robots\" content=\"index, follow, max-snippet:-1, max-image-preview:large, max-video-preview:-1\" \/>\n<link rel=\"canonical\" href=\"https:\/\/kicevo.gov.mk\/danoci-i-taksi\/\" \/>\n<meta property=\"og:locale\" content=\"sq_AL\" \/>\n<meta property=\"og:type\" content=\"article\" \/>\n<meta property=\"og:title\" content=\"Tatime dhe taksa | Komuna e K\u00ebr\u00e7ov\u00ebs\" \/>\n<meta property=\"og:url\" content=\"https:\/\/kicevo.gov.mk\/danoci-i-taksi\/\" \/>\n<meta property=\"og:site_name\" content=\"Komuna e K\u00ebr\u00e7ov\u00ebs\" \/>\n<meta property=\"article:modified_time\" content=\"2025-12-02T12:25:20+00:00\" \/>\n<meta name=\"twitter:card\" content=\"summary_large_image\" \/>\n<script type=\"application\/ld+json\" class=\"yoast-schema-graph\">{\"@context\":\"https:\\\/\\\/schema.org\",\"@graph\":[{\"@type\":\"WebPage\",\"@id\":\"https:\\\/\\\/kicevo.gov.mk\\\/danoci-i-taksi\\\/\",\"url\":\"https:\\\/\\\/kicevo.gov.mk\\\/danoci-i-taksi\\\/\",\"name\":\"Tatime dhe taksa | Komuna e K\u00ebr\u00e7ov\u00ebs\",\"isPartOf\":{\"@id\":\"https:\\\/\\\/kicevo.gov.mk\\\/#website\"},\"datePublished\":\"2024-03-12T12:24:26+00:00\",\"dateModified\":\"2025-12-02T12:25:20+00:00\",\"breadcrumb\":{\"@id\":\"https:\\\/\\\/kicevo.gov.mk\\\/danoci-i-taksi\\\/#breadcrumb\"},\"inLanguage\":\"sq\",\"potentialAction\":[{\"@type\":\"ReadAction\",\"target\":[\"https:\\\/\\\/kicevo.gov.mk\\\/danoci-i-taksi\\\/\"]}]},{\"@type\":\"BreadcrumbList\",\"@id\":\"https:\\\/\\\/kicevo.gov.mk\\\/danoci-i-taksi\\\/#breadcrumb\",\"itemListElement\":[{\"@type\":\"ListItem\",\"position\":1,\"name\":\"\u041f\u043e\u0447\u0435\u0442\u043d\u0430\",\"item\":\"https:\\\/\\\/kicevo.gov.mk\\\/\"},{\"@type\":\"ListItem\",\"position\":2,\"name\":\"\u0414\u0430\u043d\u043e\u0446\u0438 \u0438 \u0442\u0430\u043a\u0441\u0438\"}]},{\"@type\":\"WebSite\",\"@id\":\"https:\\\/\\\/kicevo.gov.mk\\\/#website\",\"url\":\"https:\\\/\\\/kicevo.gov.mk\\\/\",\"name\":\"\u041e\u043f\u0448\u0442\u0438\u043d\u0430 \u041a\u0438\u0447\u0435\u0432\u043e\",\"description\":\"Mir\u00eb se erdh\u00ebt n\u00eb ueb faqen zyrtare t\u00eb Komun\u00ebs s\u00eb K\u00ebr\u00e7ov\u00ebs\",\"publisher\":{\"@id\":\"https:\\\/\\\/kicevo.gov.mk\\\/#organization\"},\"potentialAction\":[{\"@type\":\"SearchAction\",\"target\":{\"@type\":\"EntryPoint\",\"urlTemplate\":\"https:\\\/\\\/kicevo.gov.mk\\\/?s={search_term_string}\"},\"query-input\":{\"@type\":\"PropertyValueSpecification\",\"valueRequired\":true,\"valueName\":\"search_term_string\"}}],\"inLanguage\":\"sq\"},{\"@type\":\"Organization\",\"@id\":\"https:\\\/\\\/kicevo.gov.mk\\\/#organization\",\"name\":\"Opstina Kicevo\",\"url\":\"https:\\\/\\\/kicevo.gov.mk\\\/\",\"logo\":{\"@type\":\"ImageObject\",\"inLanguage\":\"sq\",\"@id\":\"https:\\\/\\\/kicevo.gov.mk\\\/#\\\/schema\\\/logo\\\/image\\\/\",\"url\":\"https:\\\/\\\/kicevo.gov.mk\\\/wp-content\\\/uploads\\\/2025\\\/11\\\/logo-alb.png\",\"contentUrl\":\"https:\\\/\\\/kicevo.gov.mk\\\/wp-content\\\/uploads\\\/2025\\\/11\\\/logo-alb.png\",\"width\":1200,\"height\":1592,\"caption\":\"Opstina Kicevo\"},\"image\":{\"@id\":\"https:\\\/\\\/kicevo.gov.mk\\\/#\\\/schema\\\/logo\\\/image\\\/\"}}]}<\/script>\n<!-- \/ Yoast SEO plugin. -->","yoast_head_json":{"title":"Tatime dhe taksa | Komuna e K\u00ebr\u00e7ov\u00ebs","robots":{"index":"index","follow":"follow","max-snippet":"max-snippet:-1","max-image-preview":"max-image-preview:large","max-video-preview":"max-video-preview:-1"},"canonical":"https:\/\/kicevo.gov.mk\/danoci-i-taksi\/","og_locale":"sq_AL","og_type":"article","og_title":"Tatime dhe taksa | Komuna e K\u00ebr\u00e7ov\u00ebs","og_url":"https:\/\/kicevo.gov.mk\/danoci-i-taksi\/","og_site_name":"Komuna e K\u00ebr\u00e7ov\u00ebs","article_modified_time":"2025-12-02T12:25:20+00:00","twitter_card":"summary_large_image","schema":{"@context":"https:\/\/schema.org","@graph":[{"@type":"WebPage","@id":"https:\/\/kicevo.gov.mk\/danoci-i-taksi\/","url":"https:\/\/kicevo.gov.mk\/danoci-i-taksi\/","name":"Tatime dhe taksa | Komuna e K\u00ebr\u00e7ov\u00ebs","isPartOf":{"@id":"https:\/\/kicevo.gov.mk\/#website"},"datePublished":"2024-03-12T12:24:26+00:00","dateModified":"2025-12-02T12:25:20+00:00","breadcrumb":{"@id":"https:\/\/kicevo.gov.mk\/danoci-i-taksi\/#breadcrumb"},"inLanguage":"sq","potentialAction":[{"@type":"ReadAction","target":["https:\/\/kicevo.gov.mk\/danoci-i-taksi\/"]}]},{"@type":"BreadcrumbList","@id":"https:\/\/kicevo.gov.mk\/danoci-i-taksi\/#breadcrumb","itemListElement":[{"@type":"ListItem","position":1,"name":"\u041f\u043e\u0447\u0435\u0442\u043d\u0430","item":"https:\/\/kicevo.gov.mk\/"},{"@type":"ListItem","position":2,"name":"\u0414\u0430\u043d\u043e\u0446\u0438 \u0438 \u0442\u0430\u043a\u0441\u0438"}]},{"@type":"WebSite","@id":"https:\/\/kicevo.gov.mk\/#website","url":"https:\/\/kicevo.gov.mk\/","name":"\u041e\u043f\u0448\u0442\u0438\u043d\u0430 \u041a\u0438\u0447\u0435\u0432\u043e","description":"Mir\u00eb se erdh\u00ebt n\u00eb ueb faqen zyrtare t\u00eb Komun\u00ebs s\u00eb K\u00ebr\u00e7ov\u00ebs","publisher":{"@id":"https:\/\/kicevo.gov.mk\/#organization"},"potentialAction":[{"@type":"SearchAction","target":{"@type":"EntryPoint","urlTemplate":"https:\/\/kicevo.gov.mk\/?s={search_term_string}"},"query-input":{"@type":"PropertyValueSpecification","valueRequired":true,"valueName":"search_term_string"}}],"inLanguage":"sq"},{"@type":"Organization","@id":"https:\/\/kicevo.gov.mk\/#organization","name":"Opstina Kicevo","url":"https:\/\/kicevo.gov.mk\/","logo":{"@type":"ImageObject","inLanguage":"sq","@id":"https:\/\/kicevo.gov.mk\/#\/schema\/logo\/image\/","url":"https:\/\/kicevo.gov.mk\/wp-content\/uploads\/2025\/11\/logo-alb.png","contentUrl":"https:\/\/kicevo.gov.mk\/wp-content\/uploads\/2025\/11\/logo-alb.png","width":1200,"height":1592,"caption":"Opstina Kicevo"},"image":{"@id":"https:\/\/kicevo.gov.mk\/#\/schema\/logo\/image\/"}}]}},"uagb_featured_image_src":{"full":false,"thumbnail":false,"medium":false,"medium_large":false,"large":false,"1536x1536":false,"2048x2048":false,"vp_sm":false,"vp_md":false,"vp_lg":false,"vp_xl":false,"vp_sm_popup":false,"vp_md_popup":false,"vp_xl_popup":false},"uagb_author_info":{"display_name":"Marina","author_link":"https:\/\/kicevo.gov.mk\/sq\/author\/adminmsb\/"},"uagb_comment_info":0,"uagb_excerpt":"Tatime Formular\u00ebt","_links":{"self":[{"href":"https:\/\/kicevo.gov.mk\/sq\/wp-json\/wp\/v2\/pages\/10293","targetHints":{"allow":["GET"]}}],"collection":[{"href":"https:\/\/kicevo.gov.mk\/sq\/wp-json\/wp\/v2\/pages"}],"about":[{"href":"https:\/\/kicevo.gov.mk\/sq\/wp-json\/wp\/v2\/types\/page"}],"author":[{"embeddable":true,"href":"https:\/\/kicevo.gov.mk\/sq\/wp-json\/wp\/v2\/users\/3"}],"replies":[{"embeddable":true,"href":"https:\/\/kicevo.gov.mk\/sq\/wp-json\/wp\/v2\/comments?post=10293"}],"version-history":[{"count":5,"href":"https:\/\/kicevo.gov.mk\/sq\/wp-json\/wp\/v2\/pages\/10293\/revisions"}],"predecessor-version":[{"id":17296,"href":"https:\/\/kicevo.gov.mk\/sq\/wp-json\/wp\/v2\/pages\/10293\/revisions\/17296"}],"wp:attachment":[{"href":"https:\/\/kicevo.gov.mk\/sq\/wp-json\/wp\/v2\/media?parent=10293"}],"curies":[{"name":"wp","href":"https:\/\/api.w.org\/{rel}","templated":true}]}} 