{"id":10253,"date":"2024-03-12T09:04:37","date_gmt":"2024-03-12T09:04:37","guid":{"rendered":"https:\/\/kicevo.gov.mk\/?page_id=10253"},"modified":"2025-12-02T13:07:31","modified_gmt":"2025-12-02T13:07:31","slug":"integritet-3","status":"publish","type":"page","link":"https:\/\/kicevo.gov.mk\/sq\/integritet-3\/","title":{"rendered":"Integritet dhe antikorrupsion"},"content":{"rendered":"\n<p>Person zyrtar p\u00ebr integritet<\/p>\n\n\n\n<p>\n<span><b>Hasan Ballazhi<\/b><\/span><br>\n    <i class=\"fa fa-envelope fa-objects-align-center-vertical\"><\/i>\n    <span>\n      <span><a href=\"mailto:h.ballazhi15@eust.edu.mk\">h.ballazhi15@eust.edu.mk<\/a><\/span> <br>\n       <i class=\"fa fa-phone\" aria-hidden=\"true\"><\/i>\n       <span>078\/249-729<\/span>\n    <\/span>\n  <\/p>\n\n\n\n<p>\r\n<span><b>Komuna e K\u00ebr\u00e7ov\u00ebs<\/b><\/span><br><span>  \r\n       <i class=\"fa fa-location-dot\" aria-hidden=\"true\"><\/i>\r\n       <span>Boris Kidri\u00e7 nr.2<br>\r\n             6250 K\u00ebr\u00e7ov\u00eb, Maqedoni\u0430 \u0435 Veriut<\/span>\r\n    <\/span>\r\n  <\/p>\n\n\n\n<h4 class=\"wp-block-heading\">Integritet<\/h4>\n\n\n\n<div class=\"wp-block-file\"><a id=\"wp-block-file--media-af5a5c21-3517-4ef2-a5a8-a95f6633a644\" href=\"https:\/\/kicevo.gov.mk\/wp-content\/uploads\/2025\/04\/politika-na-integritet.pdf\" target=\"_blank\" rel=\"noreferrer noopener\">Politika e integritetit<\/a><a href=\"https:\/\/kicevo.gov.mk\/wp-content\/uploads\/2025\/04\/politika-na-integritet.pdf\" class=\"wp-block-file__button wp-element-button\" download aria-describedby=\"wp-block-file--media-af5a5c21-3517-4ef2-a5a8-a95f6633a644\">Shkarko<\/a><\/div>\n\n\n\n<div class=\"wp-block-file\"><a id=\"wp-block-file--media-e56cae53-f501-4815-b644-26a08d7d3876\" href=\"https:\/\/kicevo.gov.mk\/wp-content\/uploads\/2025\/04\/Ovlastuvanje.pdf\" target=\"_blank\" rel=\"noreferrer noopener\">Nominim i personit &#8211; Komuna e K\u00ebr\u00e7ov\u00ebs<\/a><a href=\"https:\/\/kicevo.gov.mk\/wp-content\/uploads\/2025\/04\/Ovlastuvanje.pdf\" class=\"wp-block-file__button wp-element-button\" download aria-describedby=\"wp-block-file--media-e56cae53-f501-4815-b644-26a08d7d3876\">Shkarko<\/a><\/div>\n\n\n\n<div class=\"wp-block-file\"><a id=\"wp-block-file--media-2fa60922-bf8a-476a-ae29-8fa00bbd2960\" href=\"https:\/\/kicevo.gov.mk\/wp-content\/uploads\/2022\/11\/Kodi-per-nepunesit-administrative-1.pdf\" target=\"_blank\" rel=\"noreferrer noopener\">Kodeksi p\u00ebr N\u00ebpun\u00ebsit administrativ<\/a><a href=\"https:\/\/kicevo.gov.mk\/wp-content\/uploads\/2022\/11\/Kodi-per-nepunesit-administrative-1.pdf\" class=\"wp-block-file__button wp-element-button\" download aria-describedby=\"wp-block-file--media-2fa60922-bf8a-476a-ae29-8fa00bbd2960\">Shkarko<\/a><\/div>\n\n\n\n<p><a href=\"https:\/\/kicevo.gov.mk\/sq\/%d0%b7%d0%b0%d1%88%d1%82%d0%b8%d1%82%d0%b5%d0%bd%d0%be-%d0%b2%d0%bd%d0%b0%d1%82%d1%80%d0%b5%d1%88%d0%bd%d0%be-%d0%bf%d1%80%d0%b8%d1%98%d0%b0%d0%b2%d1%83%d0%b2%d0%b0%d1%9a%d0%b5\/\" target=\"_blank\" rel=\"noreferrer noopener\"><\/a><a href=\"https:\/\/kicevo.gov.mk\/sq\/zashtiteno-vnatreshno-prijavuvanje\/\" target=\"_blank\" rel=\"noreferrer noopener\">Person i autorizuar p\u00ebr paraqitje t\u00eb brendshme t\u00eb mbrojtur<\/a><\/p>\n\n\n\n<div class=\"wp-block-file\"><a id=\"wp-block-file--media-4fc77e0b-6e79-479a-b9c3-2a11d94e9687\" href=\"https:\/\/kicevo.gov.mk\/wp-content\/uploads\/2025\/04\/upastvo-za-priem-na-prijavi-od-ukazuvaci-udhezim-per-pranimin-e-ankesave-nga-denoncuesit.pdf\" target=\"_blank\" rel=\"noreferrer noopener\">Udh\u00ebzim p\u00ebr pranimin e ankesave nga denoncuesit<\/a><a href=\"https:\/\/kicevo.gov.mk\/wp-content\/uploads\/2025\/04\/upastvo-za-priem-na-prijavi-od-ukazuvaci-udhezim-per-pranimin-e-ankesave-nga-denoncuesit.pdf\" class=\"wp-block-file__button wp-element-button\" download aria-describedby=\"wp-block-file--media-4fc77e0b-6e79-479a-b9c3-2a11d94e9687\">Shkarko<\/a><\/div>\n\n\n\n<div class=\"wp-block-file\"><a id=\"wp-block-file--media-c90da1db-4b5c-4721-a34e-470ff5908f25\" href=\"https:\/\/kicevo.gov.mk\/wp-content\/uploads\/2023\/05\/Pravilnik_za_zastiteno_vnatresno_prijavuvanje.pdf\" target=\"_blank\" rel=\"noreferrer noopener\">Rregullore p\u00ebr paraqitje e brendshme e mbrojtur<\/a><a href=\"https:\/\/kicevo.gov.mk\/wp-content\/uploads\/2023\/05\/Pravilnik_za_zastiteno_vnatresno_prijavuvanje.pdf\" class=\"wp-block-file__button wp-element-button\" download aria-describedby=\"wp-block-file--media-c90da1db-4b5c-4721-a34e-470ff5908f25\">Shkarko<\/a><\/div>\n\n\n\n<div class=\"wp-block-file\"><a id=\"wp-block-file--media-8b892a45-8a81-44d7-9289-970de3fc45c9\" href=\"https:\/\/kicevo.gov.mk\/wp-content\/uploads\/2025\/04\/\u041f\u0440\u0430\u0432\u0438\u043b\u043d\u0438\u043a-\u0437\u0430-\u0437\u0430\u0448\u0442\u0438\u0442\u0435\u043d\u043e-\u043d\u0430\u0434\u0432\u043e\u0440\u0435\u0448\u043d\u043e-\u043f\u0440\u0438\u0458\u0430\u0432\u0443\u0432\u0430\u045a\u0435.pdf\" target=\"_blank\" rel=\"noreferrer noopener\">Rregullore p\u00ebr paraqitje t\u00eb mbrojtur t\u00eb jashtme<\/a><a href=\"https:\/\/kicevo.gov.mk\/wp-content\/uploads\/2025\/04\/\u041f\u0440\u0430\u0432\u0438\u043b\u043d\u0438\u043a-\u0437\u0430-\u0437\u0430\u0448\u0442\u0438\u0442\u0435\u043d\u043e-\u043d\u0430\u0434\u0432\u043e\u0440\u0435\u0448\u043d\u043e-\u043f\u0440\u0438\u0458\u0430\u0432\u0443\u0432\u0430\u045a\u0435.pdf\" class=\"wp-block-file__button wp-element-button\" download aria-describedby=\"wp-block-file--media-8b892a45-8a81-44d7-9289-970de3fc45c9\">Shkarko<\/a><\/div>\n\n\n\n<div class=\"wp-block-file\"><a id=\"wp-block-file--media-c90da1db-4b5c-4721-a34e-470ff5908f25\" href=\"https:\/\/kicevo.gov.mk\/wp-content\/uploads\/2023\/02\/Zakon_za_zastita_na_ukazuvaci.pdf\" target=\"_blank\" rel=\"noreferrer noopener\">Ligji p\u00ebr mbrojtjen e sinjalizuesve<\/a><a href=\"https:\/\/kicevo.gov.mk\/wp-content\/uploads\/2023\/02\/Zakon_za_zastita_na_ukazuvaci.pdf\" class=\"wp-block-file__button wp-element-button\" download aria-describedby=\"wp-block-file--media-c90da1db-4b5c-4721-a34e-470ff5908f25\">Shkarko<\/a><\/div>\n\n\n\n<div class=\"wp-block-file\"><a id=\"wp-block-file--media-97bea6dd-ed55-4b10-a960-a6625f995801\" href=\"https:\/\/kicevo.gov.mk\/wp-content\/uploads\/2025\/04\/upastvo-za-upravuvanje-so-sudir-na-interesi-udheim-per-menaxhimin-me-konfliktet-e-interesave.pdf\" target=\"_blank\" rel=\"noreferrer noopener\">Udh\u00ebzim p\u00ebr menaxhimin e konfliktit t\u00eb interesave<\/a><a href=\"https:\/\/kicevo.gov.mk\/wp-content\/uploads\/2025\/04\/upastvo-za-upravuvanje-so-sudir-na-interesi-udheim-per-menaxhimin-me-konfliktet-e-interesave.pdf\" class=\"wp-block-file__button wp-element-button\" download aria-describedby=\"wp-block-file--media-97bea6dd-ed55-4b10-a960-a6625f995801\">Shkarko<\/a><\/div>\n\n\n\n<div class=\"wp-block-file\"><a id=\"wp-block-file--media-f05f4073-8791-4bf0-ab63-b1e5467553c8\" href=\"https:\/\/kicevo.gov.mk\/wp-content\/uploads\/2025\/04\/\u0418\u043d\u0442\u0435\u0440\u043d\u0430-\u043f\u0440\u043e\u0446\u0435\u0434\u0443\u0440\u0430-\u0437\u0430-\u043a\u043e\u0440\u0438\u0441\u0442\u0435\u045a\u0435-\u043d\u0430-\u0441\u0440\u0435\u0434\u0441\u0442\u0432\u0430-\u0437\u0430-\u0440\u0435\u043f\u0440\u0435\u0437\u0435\u043d\u0442\u0430\u0446\u0438\u0458\u0430-Procedure-e-mbrendheshme-per-shfrytezimin-e-mjeteve-per-reprezentim-.pdf\" target=\"_blank\" rel=\"noreferrer noopener\">Procedur\u00eb e mbrendh\u00ebshme p\u00ebr shfryt\u00ebzimin e mjeteve p\u00ebr reprezentim<\/a><a href=\"https:\/\/kicevo.gov.mk\/wp-content\/uploads\/2025\/04\/\u0418\u043d\u0442\u0435\u0440\u043d\u0430-\u043f\u0440\u043e\u0446\u0435\u0434\u0443\u0440\u0430-\u0437\u0430-\u043a\u043e\u0440\u0438\u0441\u0442\u0435\u045a\u0435-\u043d\u0430-\u0441\u0440\u0435\u0434\u0441\u0442\u0432\u0430-\u0437\u0430-\u0440\u0435\u043f\u0440\u0435\u0437\u0435\u043d\u0442\u0430\u0446\u0438\u0458\u0430-Procedure-e-mbrendheshme-per-shfrytezimin-e-mjeteve-per-reprezentim-.pdf\" class=\"wp-block-file__button wp-element-button\" download aria-describedby=\"wp-block-file--media-f05f4073-8791-4bf0-ab63-b1e5467553c8\">Shkarko<\/a><\/div>\n\n\n\n<div class=\"wp-block-file\"><a id=\"wp-block-file--media-3b484e1a-9be4-4527-ab71-01cd7217e2ee\" href=\"https:\/\/kicevo.gov.mk\/wp-content\/uploads\/2025\/04\/Procedura-interne-per-menyren-e-shfrytezimit-dhe-mirembajtjes-se-automjeteve-te-reja-te-furnizuara-per-udhetare-per-qellime-zyrtare.pdf\" target=\"_blank\" rel=\"noreferrer noopener\">Procedura interne p\u00ebr m\u00ebnyr\u00ebn e shfryt\u00ebzimit dhe mir\u00ebmbajtjen e automjeteve t\u00eb reja t\u00eb furnizuara p\u00ebr udh\u00ebtar\u00eb p\u00ebr q\u00ebllime zyrtare<\/a><a href=\"https:\/\/kicevo.gov.mk\/wp-content\/uploads\/2025\/04\/Procedura-interne-per-menyren-e-shfrytezimit-dhe-mirembajtjes-se-automjeteve-te-reja-te-furnizuara-per-udhetare-per-qellime-zyrtare.pdf\" class=\"wp-block-file__button wp-element-button\" download aria-describedby=\"wp-block-file--media-3b484e1a-9be4-4527-ab71-01cd7217e2ee\">Shkarko<\/a><\/div>\n\n\n\n<div class=\"wp-block-file\"><a id=\"wp-block-file--media-ab8a54c3-0aea-4ca8-a6ee-2297403c2184\" href=\"https:\/\/kicevo.gov.mk\/wp-content\/uploads\/2025\/04\/pravilnik-za-realiziranje-na-sluzbeni-patuvanja-vo-zemja-rregullore-per-realizimin-e-udhetimeve-zyrtare-brenda-vendit.pdf\" target=\"_blank\" rel=\"noreferrer noopener\">Rregullore p\u00ebr realizimin e udh\u00ebtimeve zyrtare brenda vendit dhe shpenzimet q\u00eb njihen si zyrtare<\/a><a href=\"https:\/\/kicevo.gov.mk\/wp-content\/uploads\/2025\/04\/pravilnik-za-realiziranje-na-sluzbeni-patuvanja-vo-zemja-rregullore-per-realizimin-e-udhetimeve-zyrtare-brenda-vendit.pdf\" class=\"wp-block-file__button wp-element-button\" download aria-describedby=\"wp-block-file--media-ab8a54c3-0aea-4ca8-a6ee-2297403c2184\">Shkarko<\/a><\/div>\n\n\n\n<div class=\"wp-block-file\"><a id=\"wp-block-file--media-05a691bb-682b-4dde-85b5-21601fbdc888\" href=\"https:\/\/kicevo.gov.mk\/wp-content\/uploads\/2025\/04\/pravilnik-za-realiziranje-na-sluzbeni-patuvanja-vo-stranstvo-rregullore-per-realizimin-e-udhetimeve-zyrtare-jashtvendit.pdf\" target=\"_blank\" rel=\"noreferrer noopener\">Rregullore p\u00ebr realizimin e udh\u00ebtimeve zyrtare jasht\u00eb vendit dhe shpenzimet q\u00eb njihen si zyrtare<\/a><a href=\"https:\/\/kicevo.gov.mk\/wp-content\/uploads\/2025\/04\/pravilnik-za-realiziranje-na-sluzbeni-patuvanja-vo-stranstvo-rregullore-per-realizimin-e-udhetimeve-zyrtare-jashtvendit.pdf\" class=\"wp-block-file__button wp-element-button\" download aria-describedby=\"wp-block-file--media-05a691bb-682b-4dde-85b5-21601fbdc888\">Shkarko<\/a><\/div>\n\n\n\n<div class=\"wp-block-file\"><a id=\"wp-block-file--media-b521895d-1b5e-478f-8030-78b838bd38f9\" href=\"https:\/\/kicevo.gov.mk\/wp-content\/uploads\/2025\/04\/pravilnik-za-postapuvanje-so-podarocipogodnostigostoprimestvo-rregullore-per-procedurat-me-dhuratatperfitimetmikepritjet.pdf\" target=\"_blank\" rel=\"noreferrer noopener\">Rregullore p\u00ebr procedurat me dhurata, p\u00ebrfitime dhe mikpritj\u00eb n\u00eb Komun\u00ebn e K\u00ebr\u00e7ov\u00ebs<\/a><a href=\"https:\/\/kicevo.gov.mk\/wp-content\/uploads\/2025\/04\/pravilnik-za-postapuvanje-so-podarocipogodnostigostoprimestvo-rregullore-per-procedurat-me-dhuratatperfitimetmikepritjet.pdf\" class=\"wp-block-file__button wp-element-button\" download aria-describedby=\"wp-block-file--media-b521895d-1b5e-478f-8030-78b838bd38f9\">Shkarko<\/a><\/div>\n\n\n\n<div class=\"wp-block-file\"><a id=\"wp-block-file--media-65092de6-9ad8-4eda-9d19-3d236ac6bac1\" href=\"https:\/\/kicevo.gov.mk\/wp-content\/uploads\/2025\/04\/Ekzemplar-per-paraqitjen-e-dhurates-nga-person-i-zgjedhur-ose-i-emeruar.pdf\" target=\"_blank\" rel=\"noreferrer noopener\">Ekzemplar p\u00ebr paraqitjen e dhurat\u00ebs nga person i zgjedhur ose i em\u00ebruar<\/a><a href=\"https:\/\/kicevo.gov.mk\/wp-content\/uploads\/2025\/04\/Ekzemplar-per-paraqitjen-e-dhurates-nga-person-i-zgjedhur-ose-i-emeruar.pdf\" class=\"wp-block-file__button wp-element-button\" download aria-describedby=\"wp-block-file--media-65092de6-9ad8-4eda-9d19-3d236ac6bac1\">Shkarko<\/a><\/div>\n\n\n\n<div class=\"wp-block-file\"><a id=\"wp-block-file--media-d46f514a-a4e1-462b-8a36-6ef6c5e52a08\" href=\"https:\/\/kicevo.gov.mk\/wp-content\/uploads\/2025\/04\/Ekzemplar-per-paraqitjen-e-dhurates-nga-i-punesuar-ne-Komunen-e-Kercoves.pdf\" target=\"_blank\" rel=\"noreferrer noopener\">Ekzemplar p\u00ebr paraqitjen e dhurat\u00ebs nga i pun\u00ebsuar n\u00eb Komun\u00ebn e K\u00ebr\u00e7ov\u00ebs<\/a><a href=\"https:\/\/kicevo.gov.mk\/wp-content\/uploads\/2025\/04\/Ekzemplar-per-paraqitjen-e-dhurates-nga-i-punesuar-ne-Komunen-e-Kercoves.pdf\" class=\"wp-block-file__button wp-element-button\" download aria-describedby=\"wp-block-file--media-d46f514a-a4e1-462b-8a36-6ef6c5e52a08\">Shkarko<\/a><\/div>\n\n\n\n<div class=\"wp-block-file\"><a id=\"wp-block-file--media-557bb681-56e7-4b53-977a-385e16f869ca\" href=\"https:\/\/kicevo.gov.mk\/wp-content\/uploads\/2025\/04\/Deklarat\u0430-konfidencialiteti.pdf\" target=\"_blank\" rel=\"noreferrer noopener\">Deklarat\u0430 p\u00ebr konfidencialiteti<\/a><a href=\"https:\/\/kicevo.gov.mk\/wp-content\/uploads\/2025\/04\/Deklarat\u0430-konfidencialiteti.pdf\" class=\"wp-block-file__button wp-element-button\" download aria-describedby=\"wp-block-file--media-557bb681-56e7-4b53-977a-385e16f869ca\">Shkarko<\/a><\/div>\n\n\n\n<div class=\"wp-block-file\"><a id=\"wp-block-file--media-164b1974-7b7c-4f39-a8ad-5bc270684ac1\" href=\"https:\/\/kicevo.gov.mk\/wp-content\/uploads\/2025\/04\/DEKLARATA-E-PRANIMIT-TE-DEKLARATES-SE-MISIONIT-TE-PERBASHKET.pdf\" target=\"_blank\" rel=\"noreferrer noopener\">Deklarat\u00eb p\u00ebr pranimin e deklarimit p\u00ebr mision t\u00eb p\u00ebrbashk\u00ebt t\u00eb t\u00eb pun\u00ebsuarve n\u00eb sektorin publik<\/a><a href=\"https:\/\/kicevo.gov.mk\/wp-content\/uploads\/2025\/04\/DEKLARATA-E-PRANIMIT-TE-DEKLARATES-SE-MISIONIT-TE-PERBASHKET.pdf\" class=\"wp-block-file__button wp-element-button\" download aria-describedby=\"wp-block-file--media-164b1974-7b7c-4f39-a8ad-5bc270684ac1\">Shkarko<\/a><\/div>\n\n\n\n<p><\/p>\n\n\n\n<div class=\"wp-block-pb-accordion-item c-accordion__item js-accordion-item no-js\" data-initially-open=\"false\" data-click-to-close=\"true\" data-auto-close=\"true\" data-scroll=\"false\" data-scroll-offset=\"0\"><h4 id=\"at-102530\" class=\"c-accordion__title js-accordion-controller\" role=\"button\">Persona zyrtar\u00eb<\/h4><div id=\"ac-102530\" class=\"c-accordion__content\">\n<p><a href=\"https:\/\/kicevo.gov.mk\/sq\/%d0%b7%d0%b0%d1%88%d1%82%d0%b8%d1%82%d0%b5%d0%bd%d0%be-%d0%b2%d0%bd%d0%b0%d1%82%d1%80%d0%b5%d1%88%d0%bd%d0%be-%d0%bf%d1%80%d0%b8%d1%98%d0%b0%d0%b2%d1%83%d0%b2%d0%b0%d1%9a%d0%b5\/\" target=\"_blank\" rel=\"noreferrer noopener\"><\/a><a href=\"https:\/\/kicevo.gov.mk\/sq\/zashtiteno-vnatreshno-prijavuvanje\/\" target=\"_blank\" rel=\"noreferrer noopener\">Person i autorizuar p\u00ebr paraqitje t\u00eb brendshme t\u00eb mbrojtur<\/a><\/p>\n\n\n\n<p><a href=\"https:\/\/kicevo.gov.mk\/sq\/zashtita-na-lichni-podatoci\/\" target=\"_blank\" rel=\"noreferrer noopener\">Person zyrtar p\u00ebr mbrojtje t\u00eb t\u00eb dh\u00ebnave personale<\/a><\/p>\n\n\n\n<p><a href=\"https:\/\/kicevo.gov.mk\/sq\/poddrshka-na-lica-so-poprechenost\/\" target=\"_blank\" rel=\"noreferrer noopener\">Person zyrtar p\u00ebr p\u00ebrkrahje t\u00eb personave me pengesa<\/a><\/p>\n\n\n\n<p><a href=\"https:\/\/kicevo.gov.mk\/sq\/kontakt-so-mladi\/\" target=\"_blank\" rel=\"noreferrer noopener\">Person zyrtar p\u00ebr t\u00eb rinjt\u00eb<\/a><\/p>\n\n\n\n<p><a href=\"https:\/\/kicevo.gov.mk\/sq\/odnosi-so-javnost-2\/\" target=\"_blank\" rel=\"noreferrer noopener\">Person zyrtar p\u00ebr marr\u00ebdh\u00ebnie me publikun<\/a><\/p>\n<\/div><\/div>\n\n\n\n<p><a href=\"https:\/\/dksk.mk\/sq\/\" target=\"_blank\" rel=\"noreferrer noopener\">Komisioni shtet\u00ebror p\u00ebr parandalimin e korrupsionit<\/a><\/p>\n","protected":false},"excerpt":{"rendered":"<p>Person zyrtar p\u00ebr integritet Hasan Ballazhi h.ballazhi15@eust.edu.mk 078\/249-729 Komuna e K\u00ebr\u00e7ov\u00ebs Boris Kidri\u00e7 nr.2 6250 K\u00ebr\u00e7ov\u00eb, Maqedoni\u0430 \u0435 Veriut Integritet Person i autorizuar p\u00ebr paraqitje t\u00eb brendshme t\u00eb mbrojtur Komisioni shtet\u00ebror p\u00ebr parandalimin e korrupsionit<\/p>\n","protected":false},"author":3,"featured_media":0,"parent":0,"menu_order":0,"comment_status":"closed","ping_status":"closed","template":"page-templates\/sidebar-right.php","meta":{"_uag_custom_page_level_css":"","_vp_format_video_url":"","_vp_image_focal_point":[],"footnotes":""},"class_list":["post-10253","page","type-page","status-publish","hentry"],"translation":{"provider":"WPGlobus","version":"3.0.2","language":"sq","enabled_languages":["mk","sq"],"languages":{"mk":{"title":true,"content":true,"excerpt":false},"sq":{"title":true,"content":true,"excerpt":false}}},"yoast_head":"<!-- This site is optimized with the Yoast SEO plugin v27.4 - https:\/\/yoast.com\/product\/yoast-seo-wordpress\/ -->\n<title>Integritet dhe antikorrupsion | Komuna e K\u00ebr\u00e7ov\u00ebs<\/title>\n<meta name=\"robots\" content=\"index, follow, max-snippet:-1, max-image-preview:large, max-video-preview:-1\" \/>\n<link rel=\"canonical\" href=\"https:\/\/kicevo.gov.mk\/integritet-3\/\" \/>\n<meta property=\"og:locale\" content=\"sq_AL\" \/>\n<meta property=\"og:type\" content=\"article\" \/>\n<meta property=\"og:title\" content=\"Integritet dhe antikorrupsion | Komuna e K\u00ebr\u00e7ov\u00ebs\" \/>\n<meta property=\"og:url\" content=\"https:\/\/kicevo.gov.mk\/integritet-3\/\" \/>\n<meta property=\"og:site_name\" content=\"Komuna e K\u00ebr\u00e7ov\u00ebs\" \/>\n<meta property=\"article:modified_time\" content=\"2025-12-02T13:07:31+00:00\" \/>\n<meta name=\"twitter:card\" content=\"summary_large_image\" \/>\n<meta name=\"twitter:label1\" content=\"Est. reading time\" \/>\n\t<meta name=\"twitter:data1\" content=\"2 minuta\" \/>\n<script type=\"application\/ld+json\" class=\"yoast-schema-graph\">{\"@context\":\"https:\\\/\\\/schema.org\",\"@graph\":[{\"@type\":\"WebPage\",\"@id\":\"https:\\\/\\\/kicevo.gov.mk\\\/integritet-3\\\/\",\"url\":\"https:\\\/\\\/kicevo.gov.mk\\\/integritet-3\\\/\",\"name\":\"Integritet dhe antikorrupsion | Komuna e K\u00ebr\u00e7ov\u00ebs\",\"isPartOf\":{\"@id\":\"https:\\\/\\\/kicevo.gov.mk\\\/#website\"},\"datePublished\":\"2024-03-12T09:04:37+00:00\",\"dateModified\":\"2025-12-02T13:07:31+00:00\",\"breadcrumb\":{\"@id\":\"https:\\\/\\\/kicevo.gov.mk\\\/integritet-3\\\/#breadcrumb\"},\"inLanguage\":\"sq\",\"potentialAction\":[{\"@type\":\"ReadAction\",\"target\":[\"https:\\\/\\\/kicevo.gov.mk\\\/integritet-3\\\/\"]}]},{\"@type\":\"BreadcrumbList\",\"@id\":\"https:\\\/\\\/kicevo.gov.mk\\\/integritet-3\\\/#breadcrumb\",\"itemListElement\":[{\"@type\":\"ListItem\",\"position\":1,\"name\":\"\u041f\u043e\u0447\u0435\u0442\u043d\u0430\",\"item\":\"https:\\\/\\\/kicevo.gov.mk\\\/\"},{\"@type\":\"ListItem\",\"position\":2,\"name\":\"\u0418\u043d\u0442\u0435\u0433\u0440\u0438\u0442\u0435\u0442 \u0438 \u0430\u043d\u0442\u0438\u043a\u043e\u0440\u0443\u043f\u0446\u0438\u0458\u0430\"}]},{\"@type\":\"WebSite\",\"@id\":\"https:\\\/\\\/kicevo.gov.mk\\\/#website\",\"url\":\"https:\\\/\\\/kicevo.gov.mk\\\/\",\"name\":\"\u041e\u043f\u0448\u0442\u0438\u043d\u0430 \u041a\u0438\u0447\u0435\u0432\u043e\",\"description\":\"Mir\u00eb se erdh\u00ebt n\u00eb ueb faqen zyrtare t\u00eb Komun\u00ebs s\u00eb K\u00ebr\u00e7ov\u00ebs\",\"publisher\":{\"@id\":\"https:\\\/\\\/kicevo.gov.mk\\\/#organization\"},\"potentialAction\":[{\"@type\":\"SearchAction\",\"target\":{\"@type\":\"EntryPoint\",\"urlTemplate\":\"https:\\\/\\\/kicevo.gov.mk\\\/?s={search_term_string}\"},\"query-input\":{\"@type\":\"PropertyValueSpecification\",\"valueRequired\":true,\"valueName\":\"search_term_string\"}}],\"inLanguage\":\"sq\"},{\"@type\":\"Organization\",\"@id\":\"https:\\\/\\\/kicevo.gov.mk\\\/#organization\",\"name\":\"Opstina Kicevo\",\"url\":\"https:\\\/\\\/kicevo.gov.mk\\\/\",\"logo\":{\"@type\":\"ImageObject\",\"inLanguage\":\"sq\",\"@id\":\"https:\\\/\\\/kicevo.gov.mk\\\/#\\\/schema\\\/logo\\\/image\\\/\",\"url\":\"https:\\\/\\\/kicevo.gov.mk\\\/wp-content\\\/uploads\\\/2025\\\/11\\\/logo-alb.png\",\"contentUrl\":\"https:\\\/\\\/kicevo.gov.mk\\\/wp-content\\\/uploads\\\/2025\\\/11\\\/logo-alb.png\",\"width\":1200,\"height\":1592,\"caption\":\"Opstina Kicevo\"},\"image\":{\"@id\":\"https:\\\/\\\/kicevo.gov.mk\\\/#\\\/schema\\\/logo\\\/image\\\/\"}}]}<\/script>\n<!-- \/ Yoast SEO plugin. -->","yoast_head_json":{"title":"Integritet dhe antikorrupsion | Komuna e K\u00ebr\u00e7ov\u00ebs","robots":{"index":"index","follow":"follow","max-snippet":"max-snippet:-1","max-image-preview":"max-image-preview:large","max-video-preview":"max-video-preview:-1"},"canonical":"https:\/\/kicevo.gov.mk\/integritet-3\/","og_locale":"sq_AL","og_type":"article","og_title":"Integritet dhe antikorrupsion | Komuna e K\u00ebr\u00e7ov\u00ebs","og_url":"https:\/\/kicevo.gov.mk\/integritet-3\/","og_site_name":"Komuna e K\u00ebr\u00e7ov\u00ebs","article_modified_time":"2025-12-02T13:07:31+00:00","twitter_card":"summary_large_image","twitter_misc":{"Est. reading time":"2 minuta"},"schema":{"@context":"https:\/\/schema.org","@graph":[{"@type":"WebPage","@id":"https:\/\/kicevo.gov.mk\/integritet-3\/","url":"https:\/\/kicevo.gov.mk\/integritet-3\/","name":"Integritet dhe antikorrupsion | Komuna e K\u00ebr\u00e7ov\u00ebs","isPartOf":{"@id":"https:\/\/kicevo.gov.mk\/#website"},"datePublished":"2024-03-12T09:04:37+00:00","dateModified":"2025-12-02T13:07:31+00:00","breadcrumb":{"@id":"https:\/\/kicevo.gov.mk\/integritet-3\/#breadcrumb"},"inLanguage":"sq","potentialAction":[{"@type":"ReadAction","target":["https:\/\/kicevo.gov.mk\/integritet-3\/"]}]},{"@type":"BreadcrumbList","@id":"https:\/\/kicevo.gov.mk\/integritet-3\/#breadcrumb","itemListElement":[{"@type":"ListItem","position":1,"name":"\u041f\u043e\u0447\u0435\u0442\u043d\u0430","item":"https:\/\/kicevo.gov.mk\/"},{"@type":"ListItem","position":2,"name":"\u0418\u043d\u0442\u0435\u0433\u0440\u0438\u0442\u0435\u0442 \u0438 \u0430\u043d\u0442\u0438\u043a\u043e\u0440\u0443\u043f\u0446\u0438\u0458\u0430"}]},{"@type":"WebSite","@id":"https:\/\/kicevo.gov.mk\/#website","url":"https:\/\/kicevo.gov.mk\/","name":"\u041e\u043f\u0448\u0442\u0438\u043d\u0430 \u041a\u0438\u0447\u0435\u0432\u043e","description":"Mir\u00eb se erdh\u00ebt n\u00eb ueb faqen zyrtare t\u00eb Komun\u00ebs s\u00eb K\u00ebr\u00e7ov\u00ebs","publisher":{"@id":"https:\/\/kicevo.gov.mk\/#organization"},"potentialAction":[{"@type":"SearchAction","target":{"@type":"EntryPoint","urlTemplate":"https:\/\/kicevo.gov.mk\/?s={search_term_string}"},"query-input":{"@type":"PropertyValueSpecification","valueRequired":true,"valueName":"search_term_string"}}],"inLanguage":"sq"},{"@type":"Organization","@id":"https:\/\/kicevo.gov.mk\/#organization","name":"Opstina Kicevo","url":"https:\/\/kicevo.gov.mk\/","logo":{"@type":"ImageObject","inLanguage":"sq","@id":"https:\/\/kicevo.gov.mk\/#\/schema\/logo\/image\/","url":"https:\/\/kicevo.gov.mk\/wp-content\/uploads\/2025\/11\/logo-alb.png","contentUrl":"https:\/\/kicevo.gov.mk\/wp-content\/uploads\/2025\/11\/logo-alb.png","width":1200,"height":1592,"caption":"Opstina Kicevo"},"image":{"@id":"https:\/\/kicevo.gov.mk\/#\/schema\/logo\/image\/"}}]}},"uagb_featured_image_src":{"full":false,"thumbnail":false,"medium":false,"medium_large":false,"large":false,"1536x1536":false,"2048x2048":false,"vp_sm":false,"vp_md":false,"vp_lg":false,"vp_xl":false,"vp_sm_popup":false,"vp_md_popup":false,"vp_xl_popup":false},"uagb_author_info":{"display_name":"Marina","author_link":"https:\/\/kicevo.gov.mk\/sq\/author\/adminmsb\/"},"uagb_comment_info":0,"uagb_excerpt":"Person zyrtar p\u00ebr integritet Hasan Ballazhi h.ballazhi15@eust.edu.mk 078\/249-729 Komuna e K\u00ebr\u00e7ov\u00ebs Boris Kidri\u00e7 nr.2 6250 K\u00ebr\u00e7ov\u00eb, Maqedoni\u0430 \u0435 Veriut Integritet Person i autorizuar p\u00ebr paraqitje t\u00eb brendshme t\u00eb mbrojtur Komisioni shtet\u00ebror p\u00ebr parandalimin e korrupsionit","_links":{"self":[{"href":"https:\/\/kicevo.gov.mk\/sq\/wp-json\/wp\/v2\/pages\/10253","targetHints":{"allow":["GET"]}}],"collection":[{"href":"https:\/\/kicevo.gov.mk\/sq\/wp-json\/wp\/v2\/pages"}],"about":[{"href":"https:\/\/kicevo.gov.mk\/sq\/wp-json\/wp\/v2\/types\/page"}],"author":[{"embeddable":true,"href":"https:\/\/kicevo.gov.mk\/sq\/wp-json\/wp\/v2\/users\/3"}],"replies":[{"embeddable":true,"href":"https:\/\/kicevo.gov.mk\/sq\/wp-json\/wp\/v2\/comments?post=10253"}],"version-history":[{"count":5,"href":"https:\/\/kicevo.gov.mk\/sq\/wp-json\/wp\/v2\/pages\/10253\/revisions"}],"predecessor-version":[{"id":17305,"href":"https:\/\/kicevo.gov.mk\/sq\/wp-json\/wp\/v2\/pages\/10253\/revisions\/17305"}],"wp:attachment":[{"href":"https:\/\/kicevo.gov.mk\/sq\/wp-json\/wp\/v2\/media?parent=10253"}],"curies":[{"name":"wp","href":"https:\/\/api.w.org\/{rel}","templated":true}]}} 