{"id":10234,"date":"2024-03-11T13:52:30","date_gmt":"2024-03-11T13:52:30","guid":{"rendered":"https:\/\/kicevo.gov.mk\/?page_id=10234"},"modified":"2025-12-02T11:41:46","modified_gmt":"2025-12-02T11:41:46","slug":"kontakt-so-mladi","status":"publish","type":"page","link":"https:\/\/kicevo.gov.mk\/sq\/kontakt-so-mladi\/","title":{"rendered":"Kontakt me t\u00eb rinjt\u00eb"},"content":{"rendered":"\n<p>Person zyrtar p\u00ebr t\u00eb rinjt\u00eb<\/p>\n\n\n\n<p>\n<span><b>Arg\u00ebtim Emini<\/b><\/span><br>\n    <i class=\"fa fa-envelope fa-objects-align-center-vertical\"><\/i>\n    <span>\n      <span><a href=\"mailto:argetim0911@gmail.com\">argetim0911@gmail.com<\/a><\/span> <br>\n       <i class=\"fa fa-phone\" aria-hidden=\"true\"><\/i>\n       <span>071\/443-007<\/span>\n    <\/span>\n  <\/p>\n\n\n\n<p>\r\n<span><b>Komuna e K\u00ebr\u00e7ov\u00ebs<\/b><\/span><br><span>  \r\n       <i class=\"fa fa-location-dot\" aria-hidden=\"true\"><\/i>\r\n       <span>Boris Kidri\u00e7 nr.2<br>\r\n             6250 K\u00ebr\u00e7ov\u00eb, Maqedoni\u0430 \u0435 Veriut<\/span>\r\n    <\/span>\r\n  <\/p>\n","protected":false},"excerpt":{"rendered":"<p>Person zyrtar p\u00ebr t\u00eb rinjt\u00eb Arg\u00ebtim Emini argetim0911@gmail.com 071\/443-007 Komuna e K\u00ebr\u00e7ov\u00ebs Boris Kidri\u00e7 nr.2 6250 K\u00ebr\u00e7ov\u00eb, Maqedoni\u0430 \u0435 Veriut<\/p>\n","protected":false},"author":3,"featured_media":0,"parent":0,"menu_order":0,"comment_status":"closed","ping_status":"closed","template":"page-templates\/sidebar-right.php","meta":{"_uag_custom_page_level_css":"","_vp_format_video_url":"","_vp_image_focal_point":[],"footnotes":""},"class_list":["post-10234","page","type-page","status-publish","hentry"],"translation":{"provider":"WPGlobus","version":"3.0.2","language":"sq","enabled_languages":["mk","sq"],"languages":{"mk":{"title":true,"content":true,"excerpt":false},"sq":{"title":true,"content":true,"excerpt":false}}},"yoast_head":"<!-- This site is optimized with the Yoast SEO plugin v27.4 - https:\/\/yoast.com\/product\/yoast-seo-wordpress\/ -->\n<title>Kontakt me t\u00eb rinjt\u00eb | Komuna e K\u00ebr\u00e7ov\u00ebs<\/title>\n<meta name=\"robots\" content=\"index, follow, max-snippet:-1, max-image-preview:large, max-video-preview:-1\" \/>\n<link rel=\"canonical\" href=\"https:\/\/kicevo.gov.mk\/kontakt-so-mladi\/\" \/>\n<meta property=\"og:locale\" content=\"sq_AL\" \/>\n<meta property=\"og:type\" content=\"article\" \/>\n<meta property=\"og:title\" content=\"Kontakt me t\u00eb rinjt\u00eb | Komuna e K\u00ebr\u00e7ov\u00ebs\" \/>\n<meta property=\"og:url\" content=\"https:\/\/kicevo.gov.mk\/kontakt-so-mladi\/\" \/>\n<meta property=\"og:site_name\" content=\"Komuna e K\u00ebr\u00e7ov\u00ebs\" \/>\n<meta property=\"article:modified_time\" content=\"2025-12-02T11:41:46+00:00\" \/>\n<meta name=\"twitter:card\" content=\"summary_large_image\" \/>\n<script type=\"application\/ld+json\" class=\"yoast-schema-graph\">{\"@context\":\"https:\\\/\\\/schema.org\",\"@graph\":[{\"@type\":\"WebPage\",\"@id\":\"https:\\\/\\\/kicevo.gov.mk\\\/kontakt-so-mladi\\\/\",\"url\":\"https:\\\/\\\/kicevo.gov.mk\\\/kontakt-so-mladi\\\/\",\"name\":\"Kontakt me t\u00eb rinjt\u00eb | Komuna e K\u00ebr\u00e7ov\u00ebs\",\"isPartOf\":{\"@id\":\"https:\\\/\\\/kicevo.gov.mk\\\/sq\\\/#website\"},\"datePublished\":\"2024-03-11T13:52:30+00:00\",\"dateModified\":\"2025-12-02T11:41:46+00:00\",\"breadcrumb\":{\"@id\":\"https:\\\/\\\/kicevo.gov.mk\\\/kontakt-so-mladi\\\/#breadcrumb\"},\"inLanguage\":\"sq\",\"potentialAction\":[{\"@type\":\"ReadAction\",\"target\":[\"https:\\\/\\\/kicevo.gov.mk\\\/kontakt-so-mladi\\\/\"]}]},{\"@type\":\"BreadcrumbList\",\"@id\":\"https:\\\/\\\/kicevo.gov.mk\\\/kontakt-so-mladi\\\/#breadcrumb\",\"itemListElement\":[{\"@type\":\"ListItem\",\"position\":1,\"name\":\"\u041f\u043e\u0447\u0435\u0442\u043d\u0430\",\"item\":\"https:\\\/\\\/kicevo.gov.mk\\\/sq\\\/\"},{\"@type\":\"ListItem\",\"position\":2,\"name\":\"\u041a\u043e\u043d\u0442\u0430\u043a\u0442 \u0441\u043e \u043c\u043b\u0430\u0434\u0438\"}]},{\"@type\":\"WebSite\",\"@id\":\"https:\\\/\\\/kicevo.gov.mk\\\/sq\\\/#website\",\"url\":\"https:\\\/\\\/kicevo.gov.mk\\\/sq\\\/\",\"name\":\"\u041e\u043f\u0448\u0442\u0438\u043d\u0430 \u041a\u0438\u0447\u0435\u0432\u043e\",\"description\":\"Mir\u00eb se erdh\u00ebt n\u00eb ueb faqen zyrtare t\u00eb Komun\u00ebs s\u00eb K\u00ebr\u00e7ov\u00ebs\",\"publisher\":{\"@id\":\"https:\\\/\\\/kicevo.gov.mk\\\/sq\\\/#organization\"},\"potentialAction\":[{\"@type\":\"SearchAction\",\"target\":{\"@type\":\"EntryPoint\",\"urlTemplate\":\"https:\\\/\\\/kicevo.gov.mk\\\/sq\\\/?s={search_term_string}\"},\"query-input\":{\"@type\":\"PropertyValueSpecification\",\"valueRequired\":true,\"valueName\":\"search_term_string\"}}],\"inLanguage\":\"sq\"},{\"@type\":\"Organization\",\"@id\":\"https:\\\/\\\/kicevo.gov.mk\\\/sq\\\/#organization\",\"name\":\"Opstina Kicevo\",\"url\":\"https:\\\/\\\/kicevo.gov.mk\\\/sq\\\/\",\"logo\":{\"@type\":\"ImageObject\",\"inLanguage\":\"sq\",\"@id\":\"https:\\\/\\\/kicevo.gov.mk\\\/sq\\\/#\\\/schema\\\/logo\\\/image\\\/\",\"url\":\"https:\\\/\\\/kicevo.gov.mk\\\/wp-content\\\/uploads\\\/2025\\\/11\\\/logo-alb.png\",\"contentUrl\":\"https:\\\/\\\/kicevo.gov.mk\\\/wp-content\\\/uploads\\\/2025\\\/11\\\/logo-alb.png\",\"width\":1200,\"height\":1592,\"caption\":\"Opstina Kicevo\"},\"image\":{\"@id\":\"https:\\\/\\\/kicevo.gov.mk\\\/sq\\\/#\\\/schema\\\/logo\\\/image\\\/\"}}]}<\/script>\n<!-- \/ Yoast SEO plugin. -->","yoast_head_json":{"title":"Kontakt me t\u00eb rinjt\u00eb | Komuna e K\u00ebr\u00e7ov\u00ebs","robots":{"index":"index","follow":"follow","max-snippet":"max-snippet:-1","max-image-preview":"max-image-preview:large","max-video-preview":"max-video-preview:-1"},"canonical":"https:\/\/kicevo.gov.mk\/kontakt-so-mladi\/","og_locale":"sq_AL","og_type":"article","og_title":"Kontakt me t\u00eb rinjt\u00eb | Komuna e K\u00ebr\u00e7ov\u00ebs","og_url":"https:\/\/kicevo.gov.mk\/kontakt-so-mladi\/","og_site_name":"Komuna e K\u00ebr\u00e7ov\u00ebs","article_modified_time":"2025-12-02T11:41:46+00:00","twitter_card":"summary_large_image","schema":{"@context":"https:\/\/schema.org","@graph":[{"@type":"WebPage","@id":"https:\/\/kicevo.gov.mk\/kontakt-so-mladi\/","url":"https:\/\/kicevo.gov.mk\/kontakt-so-mladi\/","name":"Kontakt me t\u00eb rinjt\u00eb | Komuna e K\u00ebr\u00e7ov\u00ebs","isPartOf":{"@id":"https:\/\/kicevo.gov.mk\/sq\/#website"},"datePublished":"2024-03-11T13:52:30+00:00","dateModified":"2025-12-02T11:41:46+00:00","breadcrumb":{"@id":"https:\/\/kicevo.gov.mk\/kontakt-so-mladi\/#breadcrumb"},"inLanguage":"sq","potentialAction":[{"@type":"ReadAction","target":["https:\/\/kicevo.gov.mk\/kontakt-so-mladi\/"]}]},{"@type":"BreadcrumbList","@id":"https:\/\/kicevo.gov.mk\/kontakt-so-mladi\/#breadcrumb","itemListElement":[{"@type":"ListItem","position":1,"name":"\u041f\u043e\u0447\u0435\u0442\u043d\u0430","item":"https:\/\/kicevo.gov.mk\/sq\/"},{"@type":"ListItem","position":2,"name":"\u041a\u043e\u043d\u0442\u0430\u043a\u0442 \u0441\u043e \u043c\u043b\u0430\u0434\u0438"}]},{"@type":"WebSite","@id":"https:\/\/kicevo.gov.mk\/sq\/#website","url":"https:\/\/kicevo.gov.mk\/sq\/","name":"\u041e\u043f\u0448\u0442\u0438\u043d\u0430 \u041a\u0438\u0447\u0435\u0432\u043e","description":"Mir\u00eb se erdh\u00ebt n\u00eb ueb faqen zyrtare t\u00eb Komun\u00ebs s\u00eb K\u00ebr\u00e7ov\u00ebs","publisher":{"@id":"https:\/\/kicevo.gov.mk\/sq\/#organization"},"potentialAction":[{"@type":"SearchAction","target":{"@type":"EntryPoint","urlTemplate":"https:\/\/kicevo.gov.mk\/sq\/?s={search_term_string}"},"query-input":{"@type":"PropertyValueSpecification","valueRequired":true,"valueName":"search_term_string"}}],"inLanguage":"sq"},{"@type":"Organization","@id":"https:\/\/kicevo.gov.mk\/sq\/#organization","name":"Opstina Kicevo","url":"https:\/\/kicevo.gov.mk\/sq\/","logo":{"@type":"ImageObject","inLanguage":"sq","@id":"https:\/\/kicevo.gov.mk\/sq\/#\/schema\/logo\/image\/","url":"https:\/\/kicevo.gov.mk\/wp-content\/uploads\/2025\/11\/logo-alb.png","contentUrl":"https:\/\/kicevo.gov.mk\/wp-content\/uploads\/2025\/11\/logo-alb.png","width":1200,"height":1592,"caption":"Opstina Kicevo"},"image":{"@id":"https:\/\/kicevo.gov.mk\/sq\/#\/schema\/logo\/image\/"}}]}},"uagb_featured_image_src":{"full":false,"thumbnail":false,"medium":false,"medium_large":false,"large":false,"1536x1536":false,"2048x2048":false,"vp_sm":false,"vp_md":false,"vp_lg":false,"vp_xl":false,"vp_sm_popup":false,"vp_md_popup":false,"vp_xl_popup":false},"uagb_author_info":{"display_name":"Marina","author_link":"https:\/\/kicevo.gov.mk\/sq\/author\/adminmsb\/"},"uagb_comment_info":0,"uagb_excerpt":"Person zyrtar p\u00ebr t\u00eb rinjt\u00eb Arg\u00ebtim Emini argetim0911@gmail.com 071\/443-007 Komuna e K\u00ebr\u00e7ov\u00ebs Boris Kidri\u00e7 nr.2 6250 K\u00ebr\u00e7ov\u00eb, Maqedoni\u0430 \u0435 Veriut","_links":{"self":[{"href":"https:\/\/kicevo.gov.mk\/sq\/wp-json\/wp\/v2\/pages\/10234","targetHints":{"allow":["GET"]}}],"collection":[{"href":"https:\/\/kicevo.gov.mk\/sq\/wp-json\/wp\/v2\/pages"}],"about":[{"href":"https:\/\/kicevo.gov.mk\/sq\/wp-json\/wp\/v2\/types\/page"}],"author":[{"embeddable":true,"href":"https:\/\/kicevo.gov.mk\/sq\/wp-json\/wp\/v2\/users\/3"}],"replies":[{"embeddable":true,"href":"https:\/\/kicevo.gov.mk\/sq\/wp-json\/wp\/v2\/comments?post=10234"}],"version-history":[{"count":5,"href":"https:\/\/kicevo.gov.mk\/sq\/wp-json\/wp\/v2\/pages\/10234\/revisions"}],"predecessor-version":[{"id":15233,"href":"https:\/\/kicevo.gov.mk\/sq\/wp-json\/wp\/v2\/pages\/10234\/revisions\/15233"}],"wp:attachment":[{"href":"https:\/\/kicevo.gov.mk\/sq\/wp-json\/wp\/v2\/media?parent=10234"}],"curies":[{"name":"wp","href":"https:\/\/api.w.org\/{rel}","templated":true}]}} 