{"id":10165,"date":"2024-03-11T08:46:17","date_gmt":"2024-03-11T08:46:17","guid":{"rendered":"https:\/\/kicevo.gov.mk\/?page_id=10165"},"modified":"2025-11-18T12:41:30","modified_gmt":"2025-11-18T12:41:30","slug":"grb-i-zname","status":"publish","type":"page","link":"https:\/\/kicevo.gov.mk\/sq\/grb-i-zname\/","title":{"rendered":"Stema dhe flamuri"},"content":{"rendered":"\n<div class=\"wp-block-uagb-container uagb-block-d33e939b alignfull uagb-is-root-container\"><div class=\"uagb-container-inner-blocks-wrap\">\n<div class=\"wp-block-uagb-container bg-shadow uagb-block-1b0d435b\">\n<h4 class=\"wp-block-heading has-text-align-center\">Stema e Komun\u00ebs s\u00eb K\u00ebr\u00e7ov\u00ebs<\/h4>\n\n\n<div class=\"wp-block-image\">\n<figure class=\"aligncenter size-large is-resized\"><img loading=\"lazy\" decoding=\"async\" width=\"772\" height=\"1024\" src=\"https:\/\/kicevo.gov.mk\/wp-content\/uploads\/2024\/03\/800px-Coat_of_arms_of_Kicevo_Municipality.svg_-772x1024.png\" alt=\"\" class=\"wp-image-10167\" style=\"width:auto;height:400px\" srcset=\"https:\/\/kicevo.gov.mk\/wp-content\/uploads\/2024\/03\/800px-Coat_of_arms_of_Kicevo_Municipality.svg_-772x1024.png 772w, https:\/\/kicevo.gov.mk\/wp-content\/uploads\/2024\/03\/800px-Coat_of_arms_of_Kicevo_Municipality.svg_-226x300.png 226w, https:\/\/kicevo.gov.mk\/wp-content\/uploads\/2024\/03\/800px-Coat_of_arms_of_Kicevo_Municipality.svg_-768x1019.png 768w, https:\/\/kicevo.gov.mk\/wp-content\/uploads\/2024\/03\/800px-Coat_of_arms_of_Kicevo_Municipality.svg_-500x663.png 500w, https:\/\/kicevo.gov.mk\/wp-content\/uploads\/2024\/03\/800px-Coat_of_arms_of_Kicevo_Municipality.svg_.png 800w\" sizes=\"auto, (max-width: 772px) 100vw, 772px\" \/><\/figure>\n<\/div><\/div>\n\n\n\n<div class=\"wp-block-uagb-container bg-shadow uagb-block-eeb51270\">\n<h4 class=\"wp-block-heading has-text-align-center\">Flamuri i Komun\u00ebs s\u00eb K\u00ebr\u00e7ov\u00ebs<\/h4>\n\n\n<div class=\"wp-block-image\">\n<figure class=\"aligncenter size-large is-resized\"><img loading=\"lazy\" decoding=\"async\" width=\"724\" height=\"1024\" src=\"https:\/\/kicevo.gov.mk\/wp-content\/uploads\/2024\/03\/800px-Flag_of_Kicevo_Municipality.svg_-724x1024.png\" alt=\"\" class=\"wp-image-10166\" style=\"width:auto;height:400px\" srcset=\"https:\/\/kicevo.gov.mk\/wp-content\/uploads\/2024\/03\/800px-Flag_of_Kicevo_Municipality.svg_-724x1024.png 724w, https:\/\/kicevo.gov.mk\/wp-content\/uploads\/2024\/03\/800px-Flag_of_Kicevo_Municipality.svg_-212x300.png 212w, https:\/\/kicevo.gov.mk\/wp-content\/uploads\/2024\/03\/800px-Flag_of_Kicevo_Municipality.svg_-768x1087.png 768w, https:\/\/kicevo.gov.mk\/wp-content\/uploads\/2024\/03\/800px-Flag_of_Kicevo_Municipality.svg_-500x708.png 500w, https:\/\/kicevo.gov.mk\/wp-content\/uploads\/2024\/03\/800px-Flag_of_Kicevo_Municipality.svg_.png 800w\" sizes=\"auto, (max-width: 724px) 100vw, 724px\" \/><\/figure>\n<\/div><\/div>\n<\/div><\/div>\n","protected":false},"excerpt":{"rendered":"<p>Stema e Komun\u00ebs s\u00eb K\u00ebr\u00e7ov\u00ebs Flamuri i Komun\u00ebs s\u00eb K\u00ebr\u00e7ov\u00ebs<\/p>\n","protected":false},"author":3,"featured_media":0,"parent":0,"menu_order":0,"comment_status":"closed","ping_status":"closed","template":"page-templates\/sidebar-right.php","meta":{"_uag_custom_page_level_css":"","_vp_format_video_url":"","_vp_image_focal_point":[],"footnotes":""},"class_list":["post-10165","page","type-page","status-publish","hentry"],"translation":{"provider":"WPGlobus","version":"3.0.2","language":"sq","enabled_languages":["mk","sq"],"languages":{"mk":{"title":true,"content":true,"excerpt":false},"sq":{"title":true,"content":true,"excerpt":false}}},"yoast_head":"<!-- This site is optimized with the Yoast SEO plugin v27.3 - https:\/\/yoast.com\/product\/yoast-seo-wordpress\/ -->\n<title>Stema dhe flamuri | Komuna e K\u00ebr\u00e7ov\u00ebs<\/title>\n<meta name=\"robots\" content=\"index, follow, max-snippet:-1, max-image-preview:large, max-video-preview:-1\" \/>\n<link rel=\"canonical\" href=\"https:\/\/kicevo.gov.mk\/grb-i-zname\/\" \/>\n<meta property=\"og:locale\" content=\"sq_AL\" \/>\n<meta property=\"og:type\" content=\"article\" \/>\n<meta property=\"og:title\" content=\"Stema dhe flamuri | Komuna e K\u00ebr\u00e7ov\u00ebs\" \/>\n<meta property=\"og:url\" content=\"https:\/\/kicevo.gov.mk\/grb-i-zname\/\" \/>\n<meta property=\"og:site_name\" content=\"Komuna e K\u00ebr\u00e7ov\u00ebs\" \/>\n<meta property=\"article:modified_time\" content=\"2025-11-18T12:41:30+00:00\" \/>\n<meta property=\"og:image\" content=\"https:\/\/kicevo.gov.mk\/wp-content\/uploads\/2025\/11\/logo-mk-772x1024.png\" \/>\n<meta name=\"twitter:card\" content=\"summary_large_image\" \/>\n<script type=\"application\/ld+json\" class=\"yoast-schema-graph\">{\"@context\":\"https:\\\/\\\/schema.org\",\"@graph\":[{\"@type\":\"WebPage\",\"@id\":\"https:\\\/\\\/kicevo.gov.mk\\\/grb-i-zname\\\/\",\"url\":\"https:\\\/\\\/kicevo.gov.mk\\\/grb-i-zname\\\/\",\"name\":\"Stema dhe flamuri | Komuna e K\u00ebr\u00e7ov\u00ebs\",\"isPartOf\":{\"@id\":\"https:\\\/\\\/kicevo.gov.mk\\\/#website\"},\"primaryImageOfPage\":{\"@id\":\"https:\\\/\\\/kicevo.gov.mk\\\/grb-i-zname\\\/#primaryimage\"},\"image\":{\"@id\":\"https:\\\/\\\/kicevo.gov.mk\\\/grb-i-zname\\\/#primaryimage\"},\"thumbnailUrl\":\"https:\\\/\\\/kicevo.gov.mk\\\/wp-content\\\/uploads\\\/2025\\\/11\\\/logo-mk-772x1024.png\",\"datePublished\":\"2024-03-11T08:46:17+00:00\",\"dateModified\":\"2025-11-18T12:41:30+00:00\",\"breadcrumb\":{\"@id\":\"https:\\\/\\\/kicevo.gov.mk\\\/grb-i-zname\\\/#breadcrumb\"},\"inLanguage\":\"sq\",\"potentialAction\":[{\"@type\":\"ReadAction\",\"target\":[\"https:\\\/\\\/kicevo.gov.mk\\\/grb-i-zname\\\/\"]}]},{\"@type\":\"ImageObject\",\"inLanguage\":\"sq\",\"@id\":\"https:\\\/\\\/kicevo.gov.mk\\\/grb-i-zname\\\/#primaryimage\",\"url\":\"https:\\\/\\\/kicevo.gov.mk\\\/wp-content\\\/uploads\\\/2025\\\/11\\\/logo-mk-772x1024.png\",\"contentUrl\":\"https:\\\/\\\/kicevo.gov.mk\\\/wp-content\\\/uploads\\\/2025\\\/11\\\/logo-mk-772x1024.png\"},{\"@type\":\"BreadcrumbList\",\"@id\":\"https:\\\/\\\/kicevo.gov.mk\\\/grb-i-zname\\\/#breadcrumb\",\"itemListElement\":[{\"@type\":\"ListItem\",\"position\":1,\"name\":\"\u041f\u043e\u0447\u0435\u0442\u043d\u0430\",\"item\":\"https:\\\/\\\/kicevo.gov.mk\\\/\"},{\"@type\":\"ListItem\",\"position\":2,\"name\":\"\u0413\u0440\u0431 \u0438 \u0437\u043d\u0430\u043c\u0435\"}]},{\"@type\":\"WebSite\",\"@id\":\"https:\\\/\\\/kicevo.gov.mk\\\/#website\",\"url\":\"https:\\\/\\\/kicevo.gov.mk\\\/\",\"name\":\"\u041e\u043f\u0448\u0442\u0438\u043d\u0430 \u041a\u0438\u0447\u0435\u0432\u043e\",\"description\":\"Mir\u00eb se erdh\u00ebt n\u00eb ueb faqen zyrtare t\u00eb Komun\u00ebs s\u00eb K\u00ebr\u00e7ov\u00ebs\",\"publisher\":{\"@id\":\"https:\\\/\\\/kicevo.gov.mk\\\/#organization\"},\"potentialAction\":[{\"@type\":\"SearchAction\",\"target\":{\"@type\":\"EntryPoint\",\"urlTemplate\":\"https:\\\/\\\/kicevo.gov.mk\\\/?s={search_term_string}\"},\"query-input\":{\"@type\":\"PropertyValueSpecification\",\"valueRequired\":true,\"valueName\":\"search_term_string\"}}],\"inLanguage\":\"sq\"},{\"@type\":\"Organization\",\"@id\":\"https:\\\/\\\/kicevo.gov.mk\\\/#organization\",\"name\":\"Opstina Kicevo\",\"url\":\"https:\\\/\\\/kicevo.gov.mk\\\/\",\"logo\":{\"@type\":\"ImageObject\",\"inLanguage\":\"sq\",\"@id\":\"https:\\\/\\\/kicevo.gov.mk\\\/#\\\/schema\\\/logo\\\/image\\\/\",\"url\":\"https:\\\/\\\/kicevo.gov.mk\\\/wp-content\\\/uploads\\\/2025\\\/11\\\/logo-alb.png\",\"contentUrl\":\"https:\\\/\\\/kicevo.gov.mk\\\/wp-content\\\/uploads\\\/2025\\\/11\\\/logo-alb.png\",\"width\":1200,\"height\":1592,\"caption\":\"Opstina Kicevo\"},\"image\":{\"@id\":\"https:\\\/\\\/kicevo.gov.mk\\\/#\\\/schema\\\/logo\\\/image\\\/\"}}]}<\/script>\n<!-- \/ Yoast SEO plugin. -->","yoast_head_json":{"title":"Stema dhe flamuri | Komuna e K\u00ebr\u00e7ov\u00ebs","robots":{"index":"index","follow":"follow","max-snippet":"max-snippet:-1","max-image-preview":"max-image-preview:large","max-video-preview":"max-video-preview:-1"},"canonical":"https:\/\/kicevo.gov.mk\/grb-i-zname\/","og_locale":"sq_AL","og_type":"article","og_title":"Stema dhe flamuri | Komuna e K\u00ebr\u00e7ov\u00ebs","og_url":"https:\/\/kicevo.gov.mk\/grb-i-zname\/","og_site_name":"Komuna e K\u00ebr\u00e7ov\u00ebs","article_modified_time":"2025-11-18T12:41:30+00:00","og_image":[{"url":"https:\/\/kicevo.gov.mk\/wp-content\/uploads\/2025\/11\/logo-mk-772x1024.png","type":"","width":"","height":""}],"twitter_card":"summary_large_image","schema":{"@context":"https:\/\/schema.org","@graph":[{"@type":"WebPage","@id":"https:\/\/kicevo.gov.mk\/grb-i-zname\/","url":"https:\/\/kicevo.gov.mk\/grb-i-zname\/","name":"Stema dhe flamuri | Komuna e K\u00ebr\u00e7ov\u00ebs","isPartOf":{"@id":"https:\/\/kicevo.gov.mk\/#website"},"primaryImageOfPage":{"@id":"https:\/\/kicevo.gov.mk\/grb-i-zname\/#primaryimage"},"image":{"@id":"https:\/\/kicevo.gov.mk\/grb-i-zname\/#primaryimage"},"thumbnailUrl":"https:\/\/kicevo.gov.mk\/wp-content\/uploads\/2025\/11\/logo-mk-772x1024.png","datePublished":"2024-03-11T08:46:17+00:00","dateModified":"2025-11-18T12:41:30+00:00","breadcrumb":{"@id":"https:\/\/kicevo.gov.mk\/grb-i-zname\/#breadcrumb"},"inLanguage":"sq","potentialAction":[{"@type":"ReadAction","target":["https:\/\/kicevo.gov.mk\/grb-i-zname\/"]}]},{"@type":"ImageObject","inLanguage":"sq","@id":"https:\/\/kicevo.gov.mk\/grb-i-zname\/#primaryimage","url":"https:\/\/kicevo.gov.mk\/wp-content\/uploads\/2025\/11\/logo-mk-772x1024.png","contentUrl":"https:\/\/kicevo.gov.mk\/wp-content\/uploads\/2025\/11\/logo-mk-772x1024.png"},{"@type":"BreadcrumbList","@id":"https:\/\/kicevo.gov.mk\/grb-i-zname\/#breadcrumb","itemListElement":[{"@type":"ListItem","position":1,"name":"\u041f\u043e\u0447\u0435\u0442\u043d\u0430","item":"https:\/\/kicevo.gov.mk\/"},{"@type":"ListItem","position":2,"name":"\u0413\u0440\u0431 \u0438 \u0437\u043d\u0430\u043c\u0435"}]},{"@type":"WebSite","@id":"https:\/\/kicevo.gov.mk\/#website","url":"https:\/\/kicevo.gov.mk\/","name":"\u041e\u043f\u0448\u0442\u0438\u043d\u0430 \u041a\u0438\u0447\u0435\u0432\u043e","description":"Mir\u00eb se erdh\u00ebt n\u00eb ueb faqen zyrtare t\u00eb Komun\u00ebs s\u00eb K\u00ebr\u00e7ov\u00ebs","publisher":{"@id":"https:\/\/kicevo.gov.mk\/#organization"},"potentialAction":[{"@type":"SearchAction","target":{"@type":"EntryPoint","urlTemplate":"https:\/\/kicevo.gov.mk\/?s={search_term_string}"},"query-input":{"@type":"PropertyValueSpecification","valueRequired":true,"valueName":"search_term_string"}}],"inLanguage":"sq"},{"@type":"Organization","@id":"https:\/\/kicevo.gov.mk\/#organization","name":"Opstina Kicevo","url":"https:\/\/kicevo.gov.mk\/","logo":{"@type":"ImageObject","inLanguage":"sq","@id":"https:\/\/kicevo.gov.mk\/#\/schema\/logo\/image\/","url":"https:\/\/kicevo.gov.mk\/wp-content\/uploads\/2025\/11\/logo-alb.png","contentUrl":"https:\/\/kicevo.gov.mk\/wp-content\/uploads\/2025\/11\/logo-alb.png","width":1200,"height":1592,"caption":"Opstina Kicevo"},"image":{"@id":"https:\/\/kicevo.gov.mk\/#\/schema\/logo\/image\/"}}]}},"uagb_featured_image_src":{"full":false,"thumbnail":false,"medium":false,"medium_large":false,"large":false,"1536x1536":false,"2048x2048":false,"vp_sm":false,"vp_md":false,"vp_lg":false,"vp_xl":false,"vp_sm_popup":false,"vp_md_popup":false,"vp_xl_popup":false},"uagb_author_info":{"display_name":"Marina","author_link":"https:\/\/kicevo.gov.mk\/sq\/author\/adminmsb\/"},"uagb_comment_info":0,"uagb_excerpt":"Stema e Komun\u00ebs s\u00eb K\u00ebr\u00e7ov\u00ebs Flamuri i Komun\u00ebs s\u00eb K\u00ebr\u00e7ov\u00ebs","_links":{"self":[{"href":"https:\/\/kicevo.gov.mk\/sq\/wp-json\/wp\/v2\/pages\/10165","targetHints":{"allow":["GET"]}}],"collection":[{"href":"https:\/\/kicevo.gov.mk\/sq\/wp-json\/wp\/v2\/pages"}],"about":[{"href":"https:\/\/kicevo.gov.mk\/sq\/wp-json\/wp\/v2\/types\/page"}],"author":[{"embeddable":true,"href":"https:\/\/kicevo.gov.mk\/sq\/wp-json\/wp\/v2\/users\/3"}],"replies":[{"embeddable":true,"href":"https:\/\/kicevo.gov.mk\/sq\/wp-json\/wp\/v2\/comments?post=10165"}],"version-history":[{"count":5,"href":"https:\/\/kicevo.gov.mk\/sq\/wp-json\/wp\/v2\/pages\/10165\/revisions"}],"predecessor-version":[{"id":16811,"href":"https:\/\/kicevo.gov.mk\/sq\/wp-json\/wp\/v2\/pages\/10165\/revisions\/16811"}],"wp:attachment":[{"href":"https:\/\/kicevo.gov.mk\/sq\/wp-json\/wp\/v2\/media?parent=10165"}],"curies":[{"name":"wp","href":"https:\/\/api.w.org\/{rel}","templated":true}]}}